{"id":104,"date":"2021-09-13T08:43:32","date_gmt":"2021-09-13T06:43:32","guid":{"rendered":"https:\/\/bautenschutz-keul.de\/angebote\/aussenabdichtung-harburg\/"},"modified":"2021-09-13T08:43:32","modified_gmt":"2021-09-13T06:43:32","slug":"aussenabdichtung-harburg","status":"publish","type":"page","link":"https:\/\/bautenschutz-keul.de\/angebote\/aussenabdichtung-harburg\/","title":{"rendered":"Au\u00dfenabdichtung &#8211; Harburg"},"content":{"rendered":"<h3>Au\u00dfenabdichtung \u2013 wir \u00fcbernehmen das!<\/h3>\n<p>Ein nasser Keller kann die bauliche Substanz eines Bauwerkes folgenschwer beeintr\u00e4chtigen.<br \/>\nInsbesondere von au\u00dfen eindringende N\u00e4sse ist eine Problematik, dessen sich<br \/>\nHauseigent\u00fcmer dringend annehmen sollten. In einer Vielzahl von F\u00e4llen ist die Au\u00dfenabdichtung eine geeignete Methode. Sollte die Abdichtung von au\u00dfen aus baulichen Gr\u00fcnden nicht m\u00f6glich sein, kann eine Innenabdichtung zum gew\u00fcnschten Ergebnis f\u00fchren. Die Abdichtung verfolgt den Zweck, die Mauern von auf Dauer wasserdicht zu machen. Mit der Au\u00dfenabdichtung schaffen Sie die Grundlage, Ihr Haus vor substanzgef\u00e4hrdenden Feuchtigkeitssch\u00e4den zu sch\u00fctzen. Eine Vielzahl von qualitativen Baustoffen steht daf\u00fcr zur Verf\u00fcgung. Je nach Anwendungsfall lassen sich f\u00fcr die Au\u00dfenabdichtung Bitumenbeschichtungen oder auch Putze und Dichtungsschl\u00e4mme verarbeiten. Auch bahnenf\u00f6rmige Abdichtungsprodukte zeitigen ausgezeichnete Ergebnisse. Bitumen wird aus Erd\u00f6l gewonnen. Die au\u00dfergew\u00f6hnlich haltbare Masse wird in unterschiedlichen Auspr\u00e4gungen angeboten und an die Au\u00dfenw\u00e4nde aufgetragen.<\/p>\n<h3>Au\u00dfenabdichtung: Unser Unternehmen k\u00fcmmert sich darum!<\/h3>\n<p>Um den Sanierungsaufwand zu festzustellen sowie die geeigneten Methoden und Baustoffe auszuw\u00e4hlen, ist eine Analyse direkt am betroffenen Bauk\u00f6rper unbedingt von N\u00f6ten. Erst wenn man die Ursachen und den Umfang der Feuchtigkeitssch\u00e4den wei\u00df, kann man die notwendigen Mittel f\u00fcr eine Au\u00dfenabdichtung ermitteln.<\/p>\n","protected":false},"excerpt":{"rendered":"<p>Au\u00dfenabdichtung \u2013 wir \u00fcbernehmen das! Ein nasser Keller kann die bauliche Substanz eines Bauwerkes folgenschwer beeintr\u00e4chtigen. Insbesondere von au\u00dfen eindringende N\u00e4sse ist eine Problematik, dessen sich Hauseigent\u00fcmer dringend annehmen sollten. In einer Vielzahl von F\u00e4llen ist die Au\u00dfenabdichtung eine geeignete Methode. Sollte die Abdichtung von au\u00dfen aus baulichen Gr\u00fcnden nicht m\u00f6glich sein, kann eine Innenabdichtung [&hellip;]<\/p>\n","protected":false},"author":1,"featured_media":0,"parent":0,"menu_order":0,"comment_status":"closed","ping_status":"closed","template":"","meta":{"footnotes":""},"class_list":["post-104","page","type-page","status-publish","hentry"],"meta_box":{"popseo_subtitel":"Wir sind Ihr Partner f\u00fcr eine Au\u00dfenabdichtung im Raum Harburg","popseo_subtitel2":"Au\u00dfenabdichtung - setzen Sie auf unsere Erfahrung","popseo_lasttitel":"Au\u00dfenabdichtung: Wir beantworten Ihre Fragen!","popseo_region":"Harburg","popseo_sachwort":"Au\u00dfenabdichtung","popseo_noupdate":"","popseo_einleitungstext":"<p>Sie haben sich mit dem Thema Bauwerksabdichtung auseinandergesetzt, da Ihre Immobilie feuchte Geb\u00e4udebereiche aufweist und Sie nach Methoden einer wirkungsvollen und professionellen Sanierung Ausschau halten. Gut, dass Sie zu uns gefunden haben. Nachfolgend m\u00f6chten wir Ihnen einige Informationen zu unserem Leistungsspektrum geben. Sie lernen auf dieser Internetseite unsere Firma n\u00e4her kennen. <\/p>\n<p>Die Firma TK-Geb\u00e4udetechnik Thorsten Keul ist ein versierter und erfahrener Fachbetrieb mit Gesch\u00e4ftsssitz in Brietlingen bei L\u00fcneburg. Bereits seit vielen Jahren sind wir Ihr Fachpartner f\u00fcr alle auftretenden Fragen rund um die Bauwerksabdichtung. Wir setzen ausschlie\u00dflich effektive und praxisbew\u00e4hrte Sanierungssysteme und -methoden ein. Als Sanierungsfachbetrieb schauen wir auf eine lange und intensive Berufserfahrung zur\u00fcck. Unsere gut geschulten Fachleute informieren Sie gerne im Detail.<\/p>","popseo_schlusstext":"<p>Sehr gerne informieren wir Sie n\u00e4her \u00fcber unser Aufgabenfeld. Wir nennen Ihnen mit Vergn\u00fcgen auch einige Projekte, die Ihnen einen Einblick in unsere Arbeit geben.<br \/>\nSetzen Sie auf die Expertise eines erfahrenen Fachbetriebes. Rufen Sie uns doch einfach einmal an oder senden Sie uns eine schnelle E-Mail. Wir freuen uns auf Ihre Kontaktaufnahme.<\/p>","popseo_stadttext":"<h3>Zufriedene Kunden haben wir auch in Harburg<\/h2>\n<p>Durch unsere Gesch\u00e4ftst\u00e4tigkeit haben wir uns einen sehr guten \u00dcberblick \u00fcber die Stadtarchitektur der Gemeinden und St\u00e4dte unseres Einzugsbereiches erarbeiten k\u00f6nnen. Selbstverst\u00e4ndlich z\u00e4hlt auch Harburg zu unserem unmittelbaren Gesch\u00e4ftsgebiet. Wir freuen uns darauf, mit Ihnen ins Gespr\u00e4ch zu treten. <\/p>\n<h3>Interessante Fakten zu Harburg<\/h3>\n<p>Harburg ist ein Stadtteil der Hansestadt Hamburg. Harburg war einstmals eigenst\u00e4ndig. Im Jahre 1927 erfolgte zun\u00e4chst die Vereinigung mit Wilhelmsburg zur seinerzeit 110.000 Anwohner z\u00e4hlenden Gro\u00dfstadt Harburg-Wilhelmsburg. Zehn Jahre sp\u00e4ter ordnete die Stadtverwaltung schlie\u00dflich dieses neu entstandene Gro\u00dfstadtkonstrukt dem dem Land Hamburg zu. Harburg verlor damit seine Eigenst\u00e4ndigkeit. Anno 1951 entstand auch der Verwaltungsbezirk Harburg. Harburg ist an der S\u00fcderelbe gelegen. Der Stadtteil grenzt an HH-Wilhelmsburg und Hamburg-Neuland sowie an die nieders\u00e4chsischen Kreise Harburg und Stade.  <\/p>\n<h3>Reizvolles Harburg!<\/h3>\n<p>Insbesondere der Ausbau des Binnenhafens Mitte des 19. Jahrhunderts war f\u00fcr das Wachstum von Harburg entscheidend. Die kautschuk- und \u00f6lverarbeitende Schwerindustrie sorgte in Harburg f\u00fcr best\u00e4ndiges Wachstum. Ab den 1960er Jahren zog sich die Hafenindustrie zu \u00fcberwiegenden Teilen aus Harburg zur\u00fcck. Best\u00e4ndig mehr Geb\u00e4ude und Industriegebiete lagen brach. Der Strukturwandel wirkte sich massiv auf das Leben im Stadtteil Harburg aus. <\/p>\n<p>In den vergangenen Dekaden hat sich Harburg auff\u00e4llig entwickelt und sich vorrangig als Wohnquartier einen Namen gemacht. Die Infrastruktur von Harburg ist hervorragend: Das Zentrum hat sich zu einem Shoppingeldorado entwickelt. Allein drei gro\u00dfe Einkaufszentren sind in Harburg vor Ort. Der Stadtteil verf\u00fcgt au\u00dferdem \u00fcber viele ruhige und h\u00fcbsch gelegene Wohngebiete. Ein zus\u00e4tzlicher Pluspunkt: Mit der S-Bahn f\u00e4hrt man nur rund 15 Minuten bis zum Hamburger Hauptbahnhof. In den zur\u00fcckligenden Jahren wurden etliche Neubauprojekte in Harburg gestartet. Insbesondere der hafennahe Bereich um die Schlossinsel Harburg und das Gebiet um den Veritaskai wurden stadtarchitektonisch erneuert. Harburg ist f\u00fcr sein Bildungsangebot bekannt. Die Technische Universit\u00e4t Hamburg-Harburg, die K\u00fchne School of Logistics und das Northern Institut of Technology haben einen ausgezeichneten Ruf. <\/p>\n<h4>Unsere Leistung f\u00fcr qualit\u00e4tsbewusste Kunden aus Harburg<\/h4>\n<p>Sie interessieren sich f\u00fcr unser Angebot und sind hier im World Wide Web auf unsere Homepage gesto\u00dfen? Dar\u00fcber freuen wir uns sehr. Sehr gerne pr\u00e4sentieren wir Ihnen unser gesamtes Leistungsspektrum und beantworten Ihre Fragen. Auf Ihre Anfragen freuen wir uns.<\/p>","popseo_zusatztext":"<h3>Hohe Kosten bei der Bauwerksabdichtung m\u00fcssen nicht sein<\/h3>\n<p>Sie sind interessiert an Trocknungs- oder Sanierungsarbeiten und w\u00fcnschen sich ein entsprechendes Angebot, das eine qualitativ gute Arbeit garantiert, gleichzeitig aber keine hohen Kosten verursacht. Super, dann sind Sie bei uns genau richtig. Als Fachbetrieb f\u00fcr Bauwerksabdichtung, Schimmelbeseitigung und Kellersanierung verwenden wir ausschlie\u00dflich hochwertige Materialien. Trotzdem schauen wir nat\u00fcrlich auf die Kosten, die selbstverst\u00e4ndlich \u00fcberschaubar bleiben sollen. Wir m\u00f6chten Ihnen Qualit\u00e4t anbieten, die trotzdem auch die Kosten im Blick hat. Bei uns stimmen Kosten und Qualit\u00e4t: Schon seit etlichen Jahren sind wir Ihr erfahrener Partner f\u00fcr Trocknungs- und Sanierungsarbeiten in Norddeutschland. Unser Gesch\u00e4ftssitz liegt verkehrsg\u00fcnstig in Brietlingen bei L\u00fcndeburg. Die Kosten stets vor Augen: Wir sorgen f\u00fcr eine professionell durchgef\u00fchrte Sanierungsarbeit nach dem stets aktuellsten Stand der Technik.<\/p>\n<h3>Die Kosten stets vor Augen<\/h3>\n<p>D\u00fcrfen wir Sie informieren, wie Sie die Kosten f\u00fcr eine Sanierung reduzieren? Super, dann warten Sie bitte nicht und nehmen am besten gleich heute Kontakt mit uns auf. Ein kurzer Anruf oder auch eine schnelle E-Mail gen\u00fcgen. Die gute Beratung ist ebenso wichtig wie die perfekte Ausf\u00fchrung der entprechenden Arbeiten. Unsere Beratung ist nat\u00fcrlich absolut unverbindlich. Qualit\u00e4tsbewusst bei moderaten Kosten: Wir empfehlen uns als spezialisiertes Fachunternehmen im Norden. Unsere jahrelange Erfahrung spricht f\u00fcr uns.<br \/>\nSenken Sie die Kosten f\u00fcr Ihr Sanierungsprojekt: Setzen Sie auf die Profis der Fachfirma Keul.<\/p>","popseo_links":"<a href=\"https:\/\/bautenschutz-keul.de\/angebote\/mauertrockenlegung-brietlingen\/\">Mauertrockenlegung Brietlingen<\/a>, <a href=\"https:\/\/bautenschutz-keul.de\/angebote\/kellerabdichtung-salzhausen\/\">Kellerabdichtung Salzhausen<\/a>, <a href=\"https:\/\/bautenschutz-keul.de\/angebote\/schimmelbeseitigung-uelzen\/\">Schimmelbeseitigung Uelzen<\/a>, <a href=\"https:\/\/bautenschutz-keul.de\/angebote\/feuchtigkeitsschaden-boizenburg\/\">Feuchtigkeitsschaden Boizenburg<\/a>, <a href=\"https:\/\/bautenschutz-keul.de\/angebote\/aufsteigende-feuchtigkeit-harburg\/\">aufsteigende Feuchtigkeit Harburg<\/a>, <a href=\"https:\/\/bautenschutz-keul.de\/angebote\/schimmel-reinbek-aumuehle\/\">Schimmel Reinbek Aum\u00fchle<\/a>, <a href=\"https:\/\/bautenschutz-keul.de\/angebote\/kellerabdichtung-brietlingen\/\">Kellerabdichtung Brietlingen<\/a>, <a href=\"https:\/\/bautenschutz-keul.de\/angebote\/feuchtigkeit-stelle\/\">Feuchtigkeit Stelle<\/a>, <a href=\"https:\/\/bautenschutz-keul.de\/angebote\/kellerabdichtung-glinde-sachsenwald\/\">Kellerabdichtung Glinde Sachsenwald<\/a>, <a href=\"https:\/\/bautenschutz-keul.de\/angebote\/feuchtigkeit-uelzen\/\">Feuchtigkeit Uelzen<\/a>, <a href=\"https:\/\/bautenschutz-keul.de\/angebote\/kellerabdichtung-seevetal-rosengarten\/\">Kellerabdichtung Seevetal Rosengarten<\/a>, <a href=\"https:\/\/bautenschutz-keul.de\/angebote\/feuchtigkeitsschaden-buchholz-in-der-nordheide\/\">Feuchtigkeitsschaden Buchholz in der Nordheide<\/a>, <a href=\"https:\/\/bautenschutz-keul.de\/angebote\/rissverpressung-amelinghausen\/\">Rissverpressung Amelinghausen<\/a>, <a href=\"https:\/\/bautenschutz-keul.de\/angebote\/feuchter-keller-adendorf\/\">Feuchter Keller Adendorf<\/a>, <a href=\"https:\/\/bautenschutz-keul.de\/angebote\/feuchte-mauer-ebstorf\/\">Feuchte Mauer Ebstorf<\/a>, <a href=\"https:\/\/bautenschutz-keul.de\/angebote\/horizontalsperre-ebstorf\/\">Horizontalsperre Ebstorf<\/a>, <a href=\"https:\/\/bautenschutz-keul.de\/angebote\/rissverpressung-buechen\/\">Rissverpressung B\u00fcchen<\/a>, <a href=\"https:\/\/bautenschutz-keul.de\/angebote\/zerstoerter-putz-bergedorf-wentorf\/\">zerst\u00f6rter Putz Bergedorf Wentorf<\/a>, <a href=\"https:\/\/bautenschutz-keul.de\/angebote\/feuchtigkeitsschaden-buechen\/\">Feuchtigkeitsschaden B\u00fcchen<\/a>, <a href=\"https:\/\/bautenschutz-keul.de\/angebote\/feuchte-mauer-adendorf\/\">Feuchte Mauer Adendorf<\/a>, <a href=\"https:\/\/bautenschutz-keul.de\/angebote\/schimmelsanierung-glinde-sachsenwald\/\">Schimmelsanierung Glinde Sachsenwald<\/a>, <a href=\"https:\/\/bautenschutz-keul.de\/angebote\/innenabdichtung-amelinghausen\/\">Innenabdichtung Amelinghausen<\/a>, <a href=\"https:\/\/bautenschutz-keul.de\/angebote\/kellerabdichtung-maschen\/\">Kellerabdichtung Maschen<\/a>, <a href=\"https:\/\/bautenschutz-keul.de\/angebote\/rissverpressung-bispingen\/\">Rissverpressung Bispingen<\/a>, <a href=\"https:\/\/bautenschutz-keul.de\/angebote\/bauwerksabdichtung-salzhausen\/\">Bauwerksabdichtung Salzhausen<\/a>, <a href=\"https:\/\/bautenschutz-keul.de\/angebote\/feuchte-wand-bienenbuettel\/\">Feuchte Wand Bienenb\u00fcttel<\/a>, <a href=\"https:\/\/bautenschutz-keul.de\/angebote\/aufsteigende-feuchtigkeit-tostedt-sittensen\/\">aufsteigende Feuchtigkeit Tostedt Sittensen<\/a>, <a href=\"https:\/\/bautenschutz-keul.de\/angebote\/kellertrockenlegung-amelinghausen\/\">Kellertrockenlegung Amelinghausen<\/a>"},"_links":{"self":[{"href":"https:\/\/bautenschutz-keul.de\/angebote\/wp-json\/wp\/v2\/pages\/104","targetHints":{"allow":["GET"]}}],"collection":[{"href":"https:\/\/bautenschutz-keul.de\/angebote\/wp-json\/wp\/v2\/pages"}],"about":[{"href":"https:\/\/bautenschutz-keul.de\/angebote\/wp-json\/wp\/v2\/types\/page"}],"author":[{"embeddable":true,"href":"https:\/\/bautenschutz-keul.de\/angebote\/wp-json\/wp\/v2\/users\/1"}],"replies":[{"embeddable":true,"href":"https:\/\/bautenschutz-keul.de\/angebote\/wp-json\/wp\/v2\/comments?post=104"}],"version-history":[{"count":0,"href":"https:\/\/bautenschutz-keul.de\/angebote\/wp-json\/wp\/v2\/pages\/104\/revisions"}],"wp:attachment":[{"href":"https:\/\/bautenschutz-keul.de\/angebote\/wp-json\/wp\/v2\/media?parent=104"}],"curies":[{"name":"wp","href":"https:\/\/api.w.org\/{rel}","templated":true}]}}