{"id":105,"date":"2021-09-13T08:43:32","date_gmt":"2021-09-13T06:43:32","guid":{"rendered":"https:\/\/bautenschutz-keul.de\/angebote\/aussenabdichtung-herzogtum-lauenburg\/"},"modified":"2021-09-13T08:43:32","modified_gmt":"2021-09-13T06:43:32","slug":"aussenabdichtung-herzogtum-lauenburg","status":"publish","type":"page","link":"https:\/\/bautenschutz-keul.de\/angebote\/aussenabdichtung-herzogtum-lauenburg\/","title":{"rendered":"Au\u00dfenabdichtung &#8211; Herzogtum Lauenburg"},"content":{"rendered":"<h3>Au\u00dfenabdichtung: Unsere Mitarbeiter stehen f\u00fcr Sie bereit!<\/h3>\n<p>Ein feuchter Keller kann die bauliche Substanz eines Bauwerkes ernstlich beeintr\u00e4chtigen.<br \/>\nInsbesondere von au\u00dfen eindringende Feuchtigkeit ist ein Thema, welchem sich<br \/>\nHauseigent\u00fcmer dringend annehmen sollten. In einer Vielzahl von F\u00e4llen ist die Au\u00dfenabdichtung eine geeignete Methode. Sollte die Abdichtung von au\u00dfen einmal nicht m\u00f6glich sein, kann eine Innenabdichtung vorgenommen werden. Die Abdichtung hat den Zweck, die Mauern von auf Dauer wasserdicht zu machen. Mit der Au\u00dfenabdichtung schaffen Sie die Basis, Ihr Geb\u00e4ude vor substanzbedrohenden N\u00e4ssesch\u00e4den zu sch\u00fctzen. Eine gro\u00dfe Anzahl von hochwertigen Baustoffen steht daf\u00fcr zur Verf\u00fcgung. Je nach Anwendungsfall lassen sich f\u00fcr die Au\u00dfenabdichtung Bitumenbeschichtungen oder auch Dichtungsschl\u00e4mme und Putze verarbeiten. Auch bahnenf\u00f6rmige Abdichtungsprodukte zeitigen gute Ergebnisse. Bitumen wird aus Erd\u00f6l gewonnen. Die extrem widerstandsf\u00e4hige Substanz wird in unterschiedlichen Auspr\u00e4gungen angeboten und an die Au\u00dfenw\u00e4nde aufgetragen.<\/p>\n<h3>Au\u00dfenabdichtung: Wir sanieren kompetent und schnell!<\/h3>\n<p>Um den Sanierungsaufwand zu abzuw\u00e4gen sowie die geeigneten Baustoffe und Methoden auszuw\u00e4hlen, ist eine Sichtung unmittelbar am betroffenen Bauk\u00f6rper unbedingt notwendig. Erst wenn man die Ursachen und den Umfang der Duchn\u00e4ssungen wei\u00df, kann man die geeigneten Mittel f\u00fcr eine Au\u00dfenabdichtung ermitteln.<\/p>\n","protected":false},"excerpt":{"rendered":"<p>Au\u00dfenabdichtung: Unsere Mitarbeiter stehen f\u00fcr Sie bereit! Ein feuchter Keller kann die bauliche Substanz eines Bauwerkes ernstlich beeintr\u00e4chtigen. Insbesondere von au\u00dfen eindringende Feuchtigkeit ist ein Thema, welchem sich Hauseigent\u00fcmer dringend annehmen sollten. In einer Vielzahl von F\u00e4llen ist die Au\u00dfenabdichtung eine geeignete Methode. Sollte die Abdichtung von au\u00dfen einmal nicht m\u00f6glich sein, kann eine Innenabdichtung [&hellip;]<\/p>\n","protected":false},"author":1,"featured_media":0,"parent":0,"menu_order":0,"comment_status":"closed","ping_status":"closed","template":"","meta":{"footnotes":""},"class_list":["post-105","page","type-page","status-publish","hentry"],"meta_box":{"popseo_subtitel":"Wir sind Ihr Experte f\u00fcr eine Au\u00dfenabdichtung im Raum Herzogtum Lauenburg","popseo_subtitel2":"Au\u00dfenabdichtung - wir helfen Ihnen gerne!","popseo_lasttitel":"Au\u00dfenabdichtung: Sie haben Fragen? Dann melden Sie sich bei uns","popseo_region":"Herzogtum Lauenburg","popseo_sachwort":"Au\u00dfenabdichtung","popseo_noupdate":"","popseo_einleitungstext":"<p>Sie haben sich mit dem Thema Bauwerksabdichtung besch\u00e4ftigt, weil Ihr Haus feuchte Geb\u00e4udeteile aufweist und Sie nach M\u00f6glichkeiten einer professionellen und vor allem wirksamen Sanierung Ausschau halten. Prima, dass Sie unsere Website gefunden haben. Nachfolgend m\u00f6chten wir Ihnen einige Informationen zu unserem Leistungsangebot geben. Sie lernen auf dieser Internetseite unsere Firma n\u00e4her kennen. <\/p>\n<p>Unser Unternehmen ist ein qualifizierter und etablierter Fachbetrieb mit Sitz in Brietlingen bei L\u00fcneburg. Bereits seit vielen Jahren sind wir Ihre Experten f\u00fcr alle Fragen rund um die Bauwerksabdichtung. Wir setzen ausschlie\u00dflich effektive und praxisbew\u00e4hrte Sanierungssysteme und -methoden ein. Als Sanierungsfachbetrieb schauen wir auf eine lange Berufserfahrung zur\u00fcck. Unsere versierten Spezialisten informieren Sie sehr gerne im Detail.<\/p>","popseo_schlusstext":"<p>Gerne informieren wir Sie n\u00e4her \u00fcber unser Aufgabenfeld. Wir pr\u00e4sentieren Ihnen mit Vergn\u00fcgen auch einige Referenzprojekte, die Ihnen einen Einblick in unsere T\u00e4tigkeit geben.<br \/>\nVertrauen Sie auf das Urteil eines erfahrenen Sannierungsfachbetriebes. Rufen Sie uns doch einfach einmal an oder schicken Sie uns eine schnelle E-Mail. Wir freuen uns auf Sie.<\/p>","popseo_stadttext":"<h3>Der Kreis Herzogtum Lauenburg<\/h3>\n<p>Durch unsere Gesch\u00e4ftst\u00e4tigkeit haben wir uns einen guten \u00dcberblick \u00fcber die Stadtarchitektur der Gemeinden und St\u00e4dte unseres Einzugsbereiches erarbeiten k\u00f6nnen. Nat\u00fcrlich geh\u00f6rt auch der Kreis Herzogtum Lauenburg zu unserem unmittelbaren Wirkungskreis. Wir freuen uns darauf, mit Ihnen in Kontakt zu kommen. <\/p>\n<h3>Gute Gr\u00fcnde sprechen f\u00fcr den Kreis Herzogtum Lauenburg<\/h3>\n<p>Der Landkreis Herzogtum Lauenburg erstreckt sich \u00fcber circa 1200 Quadratkilometer und ist Heimat von circa 190.000 Einwohnern. Die gr\u00f6\u00dfen St\u00e4dte im Kreis Herzogtum Lauenburg sind neben der Kreisstadt Lauenburg die Orte Ratzeburg, M\u00f6lln sowie Geesthacht. <\/p>\n<p>Der Kreis Herzogtum Lauenburg geh\u00f6rt zum Einzugsbereich der Freien und Hansestadt Hamburg. Der Kreis Herzogtum Lauenburg ist verkehrstechnisch gut angebunden, was daran ersichtlich wird, dass das eher l\u00e4ndlich gepr\u00e4gte Gebiet dem HVV angeschlossen ist. Mit dem Auto f\u00e4hrt man \u00fcber die Autobahnen 1, 24 und 25 in den Landkreis Herzogtum Lauenburg. Die deutsche Bahn steuert das Kreisgebiet von Herzogtum Lauenburg u.a. \u00fcber die Linien nach Schwarzenbek, Ratzeburg als auch M\u00f6lln an.<\/p>\n<h3>Herzogtum Lauenburg: Perfekt f\u00fcr junge Familien<\/h3>\n<p>Der Kreis Herzogtum Lauenburg ist au\u00dferordentlich gesch\u00e4tzt bei Berufspendlern. Wer in Hansestadt Hamburg \u201cseine Br\u00f6tchen verdient\u201c, gelangt in seine Wohnstatt im Landkreis Herzogtum Lauenburg h\u00e4ufig in gut 45 min. Arbeiten in der Gro\u00dfstadt, leben in l\u00e4ndlicher Umgebung: Ein Weg, der vor allem f\u00fcr heutige Familien reizvoll ist. <\/p>\n<p>Der Landkreis Herzogtum Lauenburg besticht durch einen gro\u00dfen Wohn- und Freizeitwert und eine hohe Lebensqualit\u00e4t aus. Das Kreisgebiet verf\u00fcgt \u00fcber gro\u00dfe Naherholungsgebiete, die sich sehr gut auf Schusters Rappen oder bei einer Radtour erkunden lassen.<\/p>\n<h4>Privat- und Gesch\u00e4ftskunden aus dem Kreis Herzogtum Lauenburg sch\u00e4tzen unsere Leistungen!<\/h4>\n<p>Wir finden es super, dass Sie unsere Website entdeckt haben. Ob Geesthacht, Ratzeburg oder M\u00f6lln: Unsere Erfahrung und die Qualit\u00e4t von Material und Ausf\u00fchrung garantiert Ihnen ein sehr gutes Preis-Leistungsverh\u00e4ltnis. Sie m\u00f6chten mehr \u00fcber uns wissen? F\u00fcr R\u00fcckfragen stehen wir Ihnen jederzeit zur Verf\u00fcgung. Auf den Kontakt zu Ihnen freuen wir uns.<\/p>","popseo_zusatztext":"<h3>Hochwertige Sanierung, faire Kosten!<\/h3>\n<p>Sie haben Interesse an Trocknungs- oder Sanierungsarbeiten und w\u00fcnschen sich ein entsprechendes Angebot, das eine qualitativ gute Arbeit garantiert, gleichwohl keine hohen Kosten nach sich zieht. Klasse, dann sind Sie bei uns an der richtigen Adresse. Als Spezialist f\u00fcr Kellersanierung, Schimmelbeseitigung und Geb\u00e4udeabdichtung verwenden wir ausnahmslos hochwertige Materialien. Gleichwohl achten wir nat\u00fcrlich auf die Kosten, die selbstverst\u00e4ndlich \u00fcberschaubar bleiben sollen. Wir m\u00f6chten Ihnen beste Qualit\u00e4t anbieten, die trotzdem auch die Kosten im Blick beh\u00e4lt. Bei uns stimmen Kosten und Qualit\u00e4t: Bereits seit vielen Jahren sind wir Ihr erfahrener Partner f\u00fcr Trocknungs- und Sanierungsarbeiten in Norddeutschland. Unser Standort befindet sich verkehrsg\u00fcnstig in Brietlingen bei L\u00fcndeburg. Die Kosten stets im Blick: Wir versprechen Ihnen eine einwandfrei ausgef\u00fchrte Arbeit nach dem jeweils derzeitigen Stand der Technik.<\/p>\n<h3>Trocknung und Sanierung durch die Firma Wist: Beste Arbeit, geringe Kosten!<\/h3>\n<p>D\u00fcrfen wir Sie informieren, wie Sie die Kosten f\u00fcr eine Sanierung begrenzen k\u00f6nnen? Toll, dann z\u00f6gern Sie bitte nicht und nehmen am besten gleich heute Verbindung mit uns auf. Ein kurzer Anruf oder eine schnelle Email gen\u00fcgen. Die optimale Beratung ist genauso wichtig wie die perfekte Ausf\u00fchrung der entsprechenden T\u00e4tigkeiten. Unsere fachliche Beratung ist selbstverst\u00e4ndlich absolut unverbindlich. Hochwertige Arbeit bei niedrigen Kosten: Wir empfehlen uns als spezialisiertes Fachunternehmen im Norden. Unsere jahrelange Erfahrung zeichnet uns aus.<br \/>\nVerringern Sie die Kosten f\u00fcr Ihre Geb\u00e4udesanierung: Vertrauen Sie den Spezialisten der Firma Keul.<\/p>","popseo_links":"<a href=\"https:\/\/bautenschutz-keul.de\/angebote\/feuchtigkeit-bad-bevensen\/\">Feuchtigkeit Bad Bevensen<\/a>, <a href=\"https:\/\/bautenschutz-keul.de\/angebote\/schimmel-reinbek-aumuehle\/\">Schimmel Reinbek Aum\u00fchle<\/a>, <a href=\"https:\/\/bautenschutz-keul.de\/angebote\/zerstoerter-putz-amelinghausen\/\">zerst\u00f6rter Putz Amelinghausen<\/a>, <a href=\"https:\/\/bautenschutz-keul.de\/angebote\/rissverpressung-seevetal-rosengarten\/\">Rissverpressung Seevetal Rosengarten<\/a>, <a href=\"https:\/\/bautenschutz-keul.de\/angebote\/zerstoerter-putz-bienenbuettel\/\">zerst\u00f6rter Putz Bienenb\u00fcttel<\/a>, <a href=\"https:\/\/bautenschutz-keul.de\/angebote\/feuchte-mauer-winsen-luhe\/\">Feuchte Mauer Winsen Luhe<\/a>, <a href=\"https:\/\/bautenschutz-keul.de\/angebote\/feuchte-mauer-herzogtum-lauenburg\/\">Feuchte Mauer Herzogtum Lauenburg<\/a>, <a href=\"https:\/\/bautenschutz-keul.de\/angebote\/feuchter-keller-reppenstedt\/\">Feuchter Keller Reppenstedt<\/a>, <a href=\"https:\/\/bautenschutz-keul.de\/angebote\/schimmelsanierung-uelzen\/\">Schimmelsanierung Uelzen<\/a>, <a href=\"https:\/\/bautenschutz-keul.de\/angebote\/schimmel-maschen\/\">Schimmel Maschen<\/a>, <a href=\"https:\/\/bautenschutz-keul.de\/angebote\/feuchtigkeit-glinde-sachsenwald\/\">Feuchtigkeit Glinde Sachsenwald<\/a>, <a href=\"https:\/\/bautenschutz-keul.de\/angebote\/feuchte-mauer-geesthacht\/\">Feuchte Mauer Geesthacht<\/a>, <a href=\"https:\/\/bautenschutz-keul.de\/angebote\/kellerabdichtung-buechen\/\">Kellerabdichtung B\u00fcchen<\/a>, <a href=\"https:\/\/bautenschutz-keul.de\/angebote\/feuchte-mauer-buechen\/\">Feuchte Mauer B\u00fcchen<\/a>, <a href=\"https:\/\/bautenschutz-keul.de\/angebote\/feuchter-keller-herzogtum-lauenburg\/\">Feuchter Keller Herzogtum Lauenburg<\/a>, <a href=\"https:\/\/bautenschutz-keul.de\/angebote\/feuchtigkeit-buechen\/\">Feuchtigkeit B\u00fcchen<\/a>, <a href=\"https:\/\/bautenschutz-keul.de\/angebote\/feuchtigkeitsschaden-reinbek-aumuehle\/\">Feuchtigkeitsschaden Reinbek Aum\u00fchle<\/a>, <a href=\"https:\/\/bautenschutz-keul.de\/angebote\/horizontalsperre-salzhausen\/\">Horizontalsperre Salzhausen<\/a>, <a href=\"https:\/\/bautenschutz-keul.de\/angebote\/salpeter-im-keller-winsen-luhe\/\">Salpeter im Keller Winsen Luhe<\/a>, <a href=\"https:\/\/bautenschutz-keul.de\/angebote\/schimmelsanierung-reinbek-aumuehle\/\">Schimmelsanierung Reinbek Aum\u00fchle<\/a>, <a href=\"https:\/\/bautenschutz-keul.de\/angebote\/feuchte-mauer-harburg\/\">Feuchte Mauer Harburg<\/a>, <a href=\"https:\/\/bautenschutz-keul.de\/angebote\/schimmel-seevetal-rosengarten\/\">Schimmel Seevetal Rosengarten<\/a>, <a href=\"https:\/\/bautenschutz-keul.de\/angebote\/feuchte-wand-lueneburg\/\">Feuchte Wand L\u00fcneburg<\/a>, <a href=\"https:\/\/bautenschutz-keul.de\/angebote\/aufsteigende-feuchtigkeit-herzogtum-lauenburg\/\">aufsteigende Feuchtigkeit Herzogtum Lauenburg<\/a>, <a href=\"https:\/\/bautenschutz-keul.de\/angebote\/kellertrockenlegung-ebstorf\/\">Kellertrockenlegung Ebstorf<\/a>, <a href=\"https:\/\/bautenschutz-keul.de\/angebote\/kellersanierung-bispingen\/\">Kellersanierung Bispingen<\/a>, <a href=\"https:\/\/bautenschutz-keul.de\/angebote\/feuchter-keller-bad-bevensen\/\">Feuchter Keller Bad Bevensen<\/a>, <a href=\"https:\/\/bautenschutz-keul.de\/angebote\/horizontalsperre-bardowick\/\">Horizontalsperre Bardowick<\/a>"},"_links":{"self":[{"href":"https:\/\/bautenschutz-keul.de\/angebote\/wp-json\/wp\/v2\/pages\/105","targetHints":{"allow":["GET"]}}],"collection":[{"href":"https:\/\/bautenschutz-keul.de\/angebote\/wp-json\/wp\/v2\/pages"}],"about":[{"href":"https:\/\/bautenschutz-keul.de\/angebote\/wp-json\/wp\/v2\/types\/page"}],"author":[{"embeddable":true,"href":"https:\/\/bautenschutz-keul.de\/angebote\/wp-json\/wp\/v2\/users\/1"}],"replies":[{"embeddable":true,"href":"https:\/\/bautenschutz-keul.de\/angebote\/wp-json\/wp\/v2\/comments?post=105"}],"version-history":[{"count":0,"href":"https:\/\/bautenschutz-keul.de\/angebote\/wp-json\/wp\/v2\/pages\/105\/revisions"}],"wp:attachment":[{"href":"https:\/\/bautenschutz-keul.de\/angebote\/wp-json\/wp\/v2\/media?parent=105"}],"curies":[{"name":"wp","href":"https:\/\/api.w.org\/{rel}","templated":true}]}}