{"id":109,"date":"2021-09-13T08:43:32","date_gmt":"2021-09-13T06:43:32","guid":{"rendered":"https:\/\/bautenschutz-keul.de\/angebote\/aussenabdichtung-reinbek-aumuehle\/"},"modified":"2021-09-13T08:43:32","modified_gmt":"2021-09-13T06:43:32","slug":"aussenabdichtung-reinbek-aumuehle","status":"publish","type":"page","link":"https:\/\/bautenschutz-keul.de\/angebote\/aussenabdichtung-reinbek-aumuehle\/","title":{"rendered":"Au\u00dfenabdichtung &#8211; Reinbek Aum\u00fchle"},"content":{"rendered":"<h3>Au\u00dfenabdichtung \u2013 wir \u00fcbernehmen das!<\/h3>\n<p>Ein nasser Keller kann die bauliche Substanz eines Bauwerkes ernstlich sch\u00e4digen.<br \/>\nBesonders von au\u00dfen eindringende N\u00e4sse ist eine Problematik, welchem sich<br \/>\nImmobilienbesitzer auf jeden Fall annehmen sollten. Zumeist ist die Au\u00dfenabdichtung das Mittel der Wahl. Sollte die Abdichtung von au\u00dfen aus baulichen Gr\u00fcnden nicht m\u00f6glich sein, kann eine Innenabdichtung zum gew\u00fcnschten Ergebnis f\u00fchren. Die Abdichtung hat den Zweck, die Mauern von dauerhaft wasserundurchl\u00e4ssig zu machen. Mit der Au\u00dfenabdichtung schaffen Sie die Voraussetzung, Ihr Geb\u00e4ude vor substanzbedrohenden Feuchtigkeitssch\u00e4den zu sch\u00fctzen. Eine Vielzahl von qualitativen Baustoffen steht f\u00fcr diesen Zweck zur Verf\u00fcgung. Je nach Aufgabenstellung lassen sich f\u00fcr die Au\u00dfenabdichtung Bitumenbeschichtungen oder auch Putze und Dichtungsschl\u00e4mme verarbeiten. Auch bahnenf\u00f6rmige Abdichtungsprodukte zeitigen gute Ergebnisse. Bitumen wird aus Erd\u00f6l gewonnen. Die au\u00dfergew\u00f6hnlich widerstandsf\u00e4hige Masse wird in verschiedenen Auspr\u00e4gungen angeboten und an die Au\u00dfenw\u00e4nde aufgetragen.<\/p>\n<h3>Au\u00dfenabdichtung: Wir sanieren kompetent und schnell!<\/h3>\n<p>Um den Sanierungsaufwand zu festzustellen sowie die geeigneten Baustoffe und Methoden auszuw\u00e4hlen, ist eine Sichtung unmittelbar am entsprechenden Bauk\u00f6rper unbedingt notwendig. Nur wenn man die Gr\u00fcnde und den Umfang der N\u00e4ssesch\u00e4den wei\u00df, kann man die notwendigen Ma\u00dfnahmen f\u00fcr eine Au\u00dfenabdichtung festlegen.<\/p>\n","protected":false},"excerpt":{"rendered":"<p>Au\u00dfenabdichtung \u2013 wir \u00fcbernehmen das! Ein nasser Keller kann die bauliche Substanz eines Bauwerkes ernstlich sch\u00e4digen. Besonders von au\u00dfen eindringende N\u00e4sse ist eine Problematik, welchem sich Immobilienbesitzer auf jeden Fall annehmen sollten. Zumeist ist die Au\u00dfenabdichtung das Mittel der Wahl. Sollte die Abdichtung von au\u00dfen aus baulichen Gr\u00fcnden nicht m\u00f6glich sein, kann eine Innenabdichtung zum [&hellip;]<\/p>\n","protected":false},"author":1,"featured_media":0,"parent":0,"menu_order":0,"comment_status":"closed","ping_status":"closed","template":"","meta":{"footnotes":""},"class_list":["post-109","page","type-page","status-publish","hentry"],"meta_box":{"popseo_subtitel":"Wir sind Ihr Partner f\u00fcr eine Au\u00dfenabdichtung im Raum Reinbek Aum\u00fchle","popseo_subtitel2":"Au\u00dfenabdichtung - unsere Experten informieren Sie gerne \u00fcber Ihre M\u00f6glichkeiten","popseo_lasttitel":"Au\u00dfenabdichtung: Unsere Experten beantworten Ihre Fragen","popseo_region":"Reinbek Aum\u00fchle","popseo_sachwort":"Au\u00dfenabdichtung","popseo_noupdate":"","popseo_einleitungstext":"<p>Sie wollen Ihr Wohn- oder Gesch\u00e4ftshaus sanieren lassen und m\u00f6chten sich \u00fcber wirksame Sanierungsmethoden informieren? Klasse, dann sind Sie bei uns an der richtigen Adresse. Als auf die Geb\u00e4udesanierung spezialisiertes Handwerksunternehmen, \u00fcbernehmen wir vor allem Arbeiten im Bereich Abdichtung und Trockenlegung.  <\/p>\n<p>Erfahren sind wir bei der Bauwerksabdichtung und au\u00dferdem bei der Schimmelbek\u00e4mpfung, bei der Rissverpressung und bei der Kellersanierung. Wir kennen uns mit der zeitgem\u00e4\u00dfen Sanierung von Neubauten und Bestandsimmobilien bestens aus. Auf unserer Internetseite stellen wir Ihnen unsere Firma und das komplette Leistungsprogramm n\u00e4her vor. Ihr Interesse freut uns sehr.<\/p>","popseo_schlusstext":"<p>Wenn Sie mehr wissen m\u00f6chten, informieren wir Sie n\u00e4her \u00fcber unser Themengebiet. Wir pr\u00e4sentieren Ihnen mit Vergn\u00fcgen auch ein paar Referenzen, die Ihnen einen Einblick in unsere Firment\u00e4tigkeit geben.<br \/>\nVertrauen Sie den Spezialisten der Firma TK-Geb\u00e4udetechnik. Rufen Sie uns doch einfach einmal an oder schreiben Sie uns eine kurze E-Mail. Wir freuen uns auf Sie.<\/p>","popseo_stadttext":"<h3>Anfragen erhalten wir auch aus Aum\u00fchle und Reinbek<\/h3>\n<p>Sie leben in Aum\u00fchle oder Reinbek und sind hier im Internet auf unsere Website gesto\u00dfen? Das finden wir toll. Gerne pr\u00e4sentieren wir Ihnen unser gesamtes Leistungsspektrum und beantworten Ihre Fragen. Durch unsere Gesch\u00e4ftst\u00e4tigkeit haben wir uns einen guten \u00dcberblick \u00fcber die Stadtarchitektur der Gemeinden und St\u00e4dte unseres Einzugsbereiches erarbeiten k\u00f6nnen. Nat\u00fcrlich z\u00e4hlt auch die Region Reinbek \/ Aum\u00fchle zu unserem unmittelbaren Wirkungskreis. Wir freuen uns darauf, mit Ihnen ins Gespr\u00e4ch zu kommen. <\/p>\n<h3>Interessante Fakten zu Aum\u00fchle und Reinbek<\/h3>\n<p>Die kleine Schleswig-Holsteinische Stadt Reinbek geh\u00f6rt zum Landkreis Stormarn. Zum Kreis Herzogtum-Lauenburg z\u00e4hlt hingegen das nahe gelegene Aum\u00fchle. Aktuell z\u00e4hlt Reinbek gut 26.000 registrierte Einwohner. In Aum\u00fchle leben gut 3.000 Menschen. Die Gemeinde Reinbek erstreckt sich \u00fcber eine Fl\u00e4che von circa 31 qkm. Reinbek und Aum\u00fchle geh\u00f6ren zur Metropolregion Hamburg. Beide Gemeinden liegen circa 20 km \u00f6stlich der norddeutschen Gro\u00dfstadt Hamburg. <\/p>\n<p>Die Stadt Reinbek verf\u00fcgt mit der S21 \u00fcber einen HVV-Anschluss. Aum\u00fchle ist der Endbahnhof der S-Bahn. Die geringe Fahrzeit von gerade einmal 25 Minuten machen Reinbek und auch Aum\u00fchle vor allem reizvoll f\u00fcr Arbeitnehmer, die in die Hamburger Innenstadt pendeln m\u00fcssen. Wer also seinen Arbeitgeber in der Gro\u00dfstadt Hamburg hat, genie\u00dft in Reinbek oder Aum\u00fchle das Beste aus zwei Welten: Das Treiben der Gro\u00dfstadt findet in den ruhigen Wohnquartieren von Reinbek und Aum\u00fchle seinen Gegenpol.<\/p>\n<h4>Reinbek und Aum\u00fchle \u2013 zwei lebenswerte St\u00e4dtchen<\/h4>\n<p>Neben einer guten Anbindung \u00fcber den HVV, bieten Reinbek und Aum\u00fchle auch f\u00fcr den Autofahrer gute Bedingungen: Die Bundesautobahnen A1 und A24 sowie die Bundesstra\u00dfe B5 befinden sich in unmittelbarer N\u00e4he von Reinbek und Aum\u00fchle. Die Architektur von Reinbek und Aum\u00fchle besteht mehrheitlich aus vielen freistehenden Ein- und Mehrfamilienh\u00e4usern, welche ihren Besitzern einen hohen Wohnkomfort gew\u00e4hrleisten. Reinbek und Aum\u00fchle zeichnen sich neben der hohen Wohnqualit\u00e4t zus\u00e4tzlich durch eine hohe Wirtschaftskraft aus.<\/p>\n<h4>Privat- und Gesch\u00e4ftskunden aus Reinbek und Aum\u00fchle sch\u00e4tzen unsere Leistungen!<\/h4>\n<p>Sie wohnen in Reinbek oder Aum\u00fchle, interessieren sich f\u00fcr unser Angebot und haben deshalb unsere Website besucht? Dar\u00fcber freuen wir uns sehr. Unser freundliches Team nimmt gerne Ihren Anruf entgegen oder beantwortet Ihre E-Mail.<\/p>","popseo_zusatztext":"<h3>Wir haben die Kosten im Blick<\/h3>\n<p>Sie haben Interesse an Trocknungs- oder Sanierungsarbeiten und w\u00fcnschen sich ein passendes Angebot, das eine handwerklich gute Arbeit garantiert, gleichwohl keine hohen Kosten nach sich zieht. Toll, dann sind Sie bei uns an der richtigen Adresse. Als Fachbetrieb f\u00fcr Kellersanierung, Schimmelbeseitigung und Geb\u00e4udeabdichtung verarbeiten wir ausschlie\u00dflich ausgezeichnete Materialien. Trotzdem achten wir nat\u00fcrlich auf die Kosten, die nat\u00fcrlich nicht zu hoch sein sollen. Wir m\u00f6chten Ihnen beste Qualit\u00e4t anbieten, die gleichzeitig auch die Kosten im Blick beh\u00e4lt. Bei uns stimmen Kosten und Leistung: Schon seit etlichen Jahren sind wir Ihr qualifizierter Partner f\u00fcr Trocknungs- und Sanierungsarbeiten im norddeutschen Raum. Unser Standort liegt verkehrsg\u00fcnstig in Brietlingen bei L\u00fcndeburg. Die Kosten stets vor Augen: Wir bieten Ihnen eine fachkundig durchgef\u00fchrte Sanierungsarbeit nach dem stets aktuellsten Stand der Technik.<\/p>\n<h3>Hochwertige Arbeit, geringe Kosten!<\/h3>\n<p>D\u00fcrfen wir Sie beraten, wie Sie die Kosten f\u00fcr eine Sanierung begrenzen k\u00f6nnen? Prima, dann warten Sie bitte nicht und nehmen am besten gleich heute Kontakt mit uns auf. Ein kurzer Telefonanruf oder auch eine schnelle Mail gen\u00fcgen. Eine optimale Beratung ist ebenso wichtig wie die korrekte Ausf\u00fchrung der entprechenden Arbeiten. Unsere Beratung ist nat\u00fcrlich v\u00f6llig unverbindlich. Beste Qualit\u00e4t bei niedrigen Kosten: Wir empfehlen uns als spezialisiertes Unternehmen im Norden. Unsere jahrelange Erfahrung spricht f\u00fcr uns.<br \/>\nVerringern Sie die Kosten f\u00fcr Ihr Sanierungsprojekt: Setzen Sie auf die Profis der Fachfirma Keul.<\/p>","popseo_links":"<a href=\"https:\/\/bautenschutz-keul.de\/angebote\/aufsteigende-feuchtigkeit-seevetal-rosengarten\/\">aufsteigende Feuchtigkeit Seevetal Rosengarten<\/a>, <a href=\"https:\/\/bautenschutz-keul.de\/angebote\/horizontalsperre-bispingen\/\">Horizontalsperre Bispingen<\/a>, <a href=\"https:\/\/bautenschutz-keul.de\/angebote\/kellertrockenlegung-reinbek-aumuehle\/\">Kellertrockenlegung Reinbek Aum\u00fchle<\/a>, <a href=\"https:\/\/bautenschutz-keul.de\/angebote\/kellerabdichtung-brietlingen\/\">Kellerabdichtung Brietlingen<\/a>, <a href=\"https:\/\/bautenschutz-keul.de\/angebote\/horizontalsperre-tostedt-sittensen\/\">Horizontalsperre Tostedt Sittensen<\/a>, <a href=\"https:\/\/bautenschutz-keul.de\/angebote\/schimmel-brietlingen\/\">Schimmel Brietlingen<\/a>, <a href=\"https:\/\/bautenschutz-keul.de\/angebote\/aufsteigende-feuchtigkeit-bad-bevensen\/\">aufsteigende Feuchtigkeit Bad Bevensen<\/a>, <a href=\"https:\/\/bautenschutz-keul.de\/angebote\/feuchtigkeitsschaden-harburg\/\">Feuchtigkeitsschaden Harburg<\/a>, <a href=\"https:\/\/bautenschutz-keul.de\/angebote\/schimmelsanierung-reinbek-aumuehle\/\">Schimmelsanierung Reinbek Aum\u00fchle<\/a>, <a href=\"https:\/\/bautenschutz-keul.de\/angebote\/kellertrockenlegung-ebstorf\/\">Kellertrockenlegung Ebstorf<\/a>, <a href=\"https:\/\/bautenschutz-keul.de\/angebote\/salpeter-im-keller-buechen\/\">Salpeter im Keller B\u00fcchen<\/a>, <a href=\"https:\/\/bautenschutz-keul.de\/angebote\/aufsteigende-feuchtigkeit-brietlingen\/\">aufsteigende Feuchtigkeit Brietlingen<\/a>, <a href=\"https:\/\/bautenschutz-keul.de\/angebote\/kellersanierung-bardowick\/\">Kellersanierung Bardowick<\/a>, <a href=\"https:\/\/bautenschutz-keul.de\/angebote\/innenabdichtung-buechen\/\">Innenabdichtung B\u00fcchen<\/a>, <a href=\"https:\/\/bautenschutz-keul.de\/angebote\/innenabdichtung-herzogtum-lauenburg\/\">Innenabdichtung Herzogtum Lauenburg<\/a>, <a href=\"https:\/\/bautenschutz-keul.de\/angebote\/zerstoerter-putz-uelzen\/\">zerst\u00f6rter Putz Uelzen<\/a>, <a href=\"https:\/\/bautenschutz-keul.de\/angebote\/mauertrockenlegung-jesteburg\/\">Mauertrockenlegung Jesteburg<\/a>, <a href=\"https:\/\/bautenschutz-keul.de\/angebote\/kellertrockenlegung-bispingen\/\">Kellertrockenlegung Bispingen<\/a>, <a href=\"https:\/\/bautenschutz-keul.de\/angebote\/aufsteigende-feuchtigkeit-amt-neuhaus\/\">aufsteigende Feuchtigkeit Amt Neuhaus<\/a>, <a href=\"https:\/\/bautenschutz-keul.de\/angebote\/zerstoerter-putz-brietlingen\/\">zerst\u00f6rter Putz Brietlingen<\/a>, <a href=\"https:\/\/bautenschutz-keul.de\/angebote\/feuchte-wand-tostedt-sittensen\/\">Feuchte Wand Tostedt Sittensen<\/a>, <a href=\"https:\/\/bautenschutz-keul.de\/angebote\/kellersanierung-seevetal-rosengarten\/\">Kellersanierung Seevetal Rosengarten<\/a>, <a href=\"https:\/\/bautenschutz-keul.de\/angebote\/zerstoerter-putz-tostedt-sittensen\/\">zerst\u00f6rter Putz Tostedt Sittensen<\/a>, <a href=\"https:\/\/bautenschutz-keul.de\/angebote\/aufsteigende-feuchtigkeit-reinbek-aumuehle\/\">aufsteigende Feuchtigkeit Reinbek Aum\u00fchle<\/a>, <a href=\"https:\/\/bautenschutz-keul.de\/angebote\/mauertrockenlegung-herzogtum-lauenburg\/\">Mauertrockenlegung Herzogtum Lauenburg<\/a>, <a href=\"https:\/\/bautenschutz-keul.de\/angebote\/feuchtigkeitsschaden-reppenstedt\/\">Feuchtigkeitsschaden Reppenstedt<\/a>, <a href=\"https:\/\/bautenschutz-keul.de\/angebote\/zerstoerter-putz-bispingen\/\">zerst\u00f6rter Putz Bispingen<\/a>, <a href=\"https:\/\/bautenschutz-keul.de\/angebote\/feuchter-keller-ebstorf\/\">Feuchter Keller Ebstorf<\/a>"},"_links":{"self":[{"href":"https:\/\/bautenschutz-keul.de\/angebote\/wp-json\/wp\/v2\/pages\/109","targetHints":{"allow":["GET"]}}],"collection":[{"href":"https:\/\/bautenschutz-keul.de\/angebote\/wp-json\/wp\/v2\/pages"}],"about":[{"href":"https:\/\/bautenschutz-keul.de\/angebote\/wp-json\/wp\/v2\/types\/page"}],"author":[{"embeddable":true,"href":"https:\/\/bautenschutz-keul.de\/angebote\/wp-json\/wp\/v2\/users\/1"}],"replies":[{"embeddable":true,"href":"https:\/\/bautenschutz-keul.de\/angebote\/wp-json\/wp\/v2\/comments?post=109"}],"version-history":[{"count":0,"href":"https:\/\/bautenschutz-keul.de\/angebote\/wp-json\/wp\/v2\/pages\/109\/revisions"}],"wp:attachment":[{"href":"https:\/\/bautenschutz-keul.de\/angebote\/wp-json\/wp\/v2\/media?parent=109"}],"curies":[{"name":"wp","href":"https:\/\/api.w.org\/{rel}","templated":true}]}}