{"id":116,"date":"2021-09-13T08:43:32","date_gmt":"2021-09-13T06:43:32","guid":{"rendered":"https:\/\/bautenschutz-keul.de\/angebote\/aussenabdichtung-uelzen\/"},"modified":"2021-09-13T08:43:32","modified_gmt":"2021-09-13T06:43:32","slug":"aussenabdichtung-uelzen","status":"publish","type":"page","link":"https:\/\/bautenschutz-keul.de\/angebote\/aussenabdichtung-uelzen\/","title":{"rendered":"Au\u00dfenabdichtung &#8211; Uelzen"},"content":{"rendered":"<h3>Au\u00dfenabdichtung \u2013 wir \u00fcbernehmen das!<\/h3>\n<p>Ein feuchter Keller kann die Bausubstanz eines Hauses folgenschwer sch\u00e4digen.<br \/>\nBesonders von au\u00dfen einsickernde Feuchtigkeit ist ein Thema, dessen sich<br \/>\nHausbesitzer auf jeden Fall annehmen sollten. In der Regel ist die Au\u00dfenabdichtung eine geeignete Methode. Sollte die Abdichtung von au\u00dfen aus baulichen Gr\u00fcnden nicht m\u00f6glich sein, kann eine Innenabdichtung vorgenommen werden. Die Abdichtung verfolgt den Zweck, die Mauern von auf Dauer wasserdicht zu machen. Mit der Au\u00dfenabdichtung schaffen Sie die Grundlage, Ihr Haus vor substanzbedrohenden Feuchtigkeitssch\u00e4den zu bewahren. Eine gro\u00dfe Anzahl von guten Baustoffen steht f\u00fcr diesen Zweck zur Verf\u00fcgung. Je nach Anwendungsfall lassen sich f\u00fcr die Au\u00dfenabdichtung Beschichtungen aus Bitumen oder auch Dichtungsschl\u00e4mme und Putze verarbeiten. Auch bahnenf\u00f6rmige Abdichtungsprodukte zeitigen gute Ergebnisse. Bitumen ist eine Abdichtung auf Basis von Erd\u00f6l. Die au\u00dfergew\u00f6hnlich widerstandsf\u00e4hige Substanz wird in unterschiedlichen Auspr\u00e4gungen angeboten und an die Au\u00dfenw\u00e4nde aufgetragen.<\/p>\n<h3>Au\u00dfenabdichtung: Unser Unternehmen k\u00fcmmert sich darum!<\/h3>\n<p>Um den Sanierungsumfang zu festzustellen sowie die geeigneten Baustoffe und Methoden auszuw\u00e4hlen, ist eine Sichtung unmittelbar am entsprechenden Wohn- oder Gesch\u00e4ftsgeb\u00e4ude zwingend von N\u00f6ten. Erst wenn man die Gr\u00fcnde und den Umfang der Durchfeuchtungen kennt, kann man die entsprechenden Mittel f\u00fcr eine Au\u00dfenabdichtung festlegen.<\/p>\n","protected":false},"excerpt":{"rendered":"<p>Au\u00dfenabdichtung \u2013 wir \u00fcbernehmen das! Ein feuchter Keller kann die Bausubstanz eines Hauses folgenschwer sch\u00e4digen. Besonders von au\u00dfen einsickernde Feuchtigkeit ist ein Thema, dessen sich Hausbesitzer auf jeden Fall annehmen sollten. In der Regel ist die Au\u00dfenabdichtung eine geeignete Methode. Sollte die Abdichtung von au\u00dfen aus baulichen Gr\u00fcnden nicht m\u00f6glich sein, kann eine Innenabdichtung vorgenommen [&hellip;]<\/p>\n","protected":false},"author":1,"featured_media":0,"parent":0,"menu_order":0,"comment_status":"closed","ping_status":"closed","template":"","meta":{"footnotes":""},"class_list":["post-116","page","type-page","status-publish","hentry"],"meta_box":{"popseo_subtitel":"Wir sind Ihr Experte f\u00fcr eine Au\u00dfenabdichtung im Raum Uelzen","popseo_subtitel2":"Au\u00dfenabdichtung - unsere Fachleute beraten Sie gerne","popseo_lasttitel":"Au\u00dfenabdichtung: D\u00fcrfen wir Ihre Fragen beantworten?","popseo_region":"Uelzen","popseo_sachwort":"Au\u00dfenabdichtung","popseo_noupdate":"","popseo_einleitungstext":"<p>Sie haben sich mit der Bauwerksabdichtung auseinandergesetzt, da Ihr Haus feuchte Geb\u00e4udebereiche aufweist und Sie nach M\u00f6glichkeiten einer professionellen und vor allem wirksamen Sanierung Ausschau halten. Prima, dass Sie unsere Website gefunden haben. Auf den folgenden Seiten d\u00fcrfen wir Ihnen n\u00e4here Informationen zu unserem Leistungsangebot geben. Sie lernen auf dieser Website unsere Firma etwas n\u00e4her kennen. <\/p>\n<p>Unser Unternehmen ist ein qualifizierter und etablierter Handwerksbetrieb mit Sitz in Brietlingen bei L\u00fcneburg. Seit vielen Jahren schon sind wir Ihr Fachpartner f\u00fcr s\u00e4mtliche Fragen rund um Geb\u00e4udeabdichtung. Wir setzen ausschlie\u00dflich praxisbew\u00e4hrte und effektive Sanierungsmethoden und -systeme ein. Als Sanierungsfachbetrieb schauen wir auf eine lange Berufserfahrung zur\u00fcck. Unsere freundlichen Spezialisten informieren Sie mit Vergn\u00fcgen im Detail.<\/p>","popseo_schlusstext":"<p>Sie suchen einen Profi f\u00fcr die fachgerecht ausgef\u00fchrte Bauwerksabdichtung. Dann rufen Sie uns bitte rasch an. Wir freuen uns auf Ihren Anruf oder Ihre E-Mail. Wenn es um Sanierung geht, sind wir Ihr kompetenter Handwerkspartner. Wir stehen f\u00fcr eine fachkundig durchgef\u00fchrte Arbeit nach dem stets aktuellsten Stand der Technik.<\/p>","popseo_stadttext":"<h3>Unser Vertriebsgebiet umfasst auch Uelzen<\/h3>\n<p>Durch unsere Gesch\u00e4ftst\u00e4tigkeit haben wir uns einen sehr guten \u00dcberblick \u00fcber die Architektur der Gemeinden und St\u00e4dte unseres Einzugsbereiches machen k\u00f6nnen. Selbstverst\u00e4ndlich geh\u00f6rt auch Uelzen zu unserem unmittelbaren Wirkungskreis. Wir freuen uns darauf, mit Ihnen in Kontakt zu kommen. <\/p>\n<h3>Lebensmittelpunkt Uelzen<\/h3>\n<p>Uelzen ist die Kreisstadt des nieders\u00e4chsischen Kreises Uelzen. Addiert leben 33.000 B\u00fcrger in der zur Metropolregion Hamburg z\u00e4hlenden Stadt. Das Stadtgebiet umfasst ein Areal von gut 135 km\u00b2. St\u00e4dte in der n\u00e4heren Umgebung sind z.B. Ebstorf, Rosche und Bad Beversen. Geographisch liegt Uelzen am am s\u00fcdlichen Ende der L\u00fcneburger Heide. Die Stadt ist inmitten ausladenden Naturschutzgebieten wundersch\u00f6n gelegen. Neben der L\u00fcneburger Heide ist auch der Naturpark Elbufer-Drawehn sowie das Schutzgebiet Nieders\u00e4chsische Elbtalaue von Uelzen aus schnell zu erreichen. Uelzen selbst ist an der Ilmenau gelegen. Uelzen hat viele h\u00fcbsch gelegene Wohnquartiere. Die Stadt ist ein attraktiver Platz zum Wohnen und Arbeiten. Wer das eher ruhige Leben in einer kleineren Stadt bevorzugt, gleichzeitig jedoch nicht auf die Vorteile der Gro\u00dfstadt verzichten m\u00f6chte, trifft es in Uelzen exakt richtig. <\/p>\n<h3>Reizvolle Stadt Uelzen!<\/h3>\n<p>Die Stadt Uelzen gliedert sich in insgesamt 18 Gemeindeteile. Die Stadtarchitektur von Uelzen wird beherrscht von zahlreichen Fachwerkbauten, die der Stadt einen fraglos als m\u00e4rchenhaft zu bezeichnenden Charme verleihen. Auch historische Bauwerke im Stil der Backsteingotik pr\u00e4gen das Stadtbild von Uelzen. Das Erkennungszeichen der Stadt ist das sogenannte \"Goldene Schiff\". Die Plastik befindet sich an der St. Marien-Kirche zu Uelzen. Sch\u00e4tzungsweise stammt die Plastik aus der \u00c4ra der Hanse. F\u00fcr Kunstfreunde ist Uelzen eine Art Pilgerst\u00e4tte. Der Jahrhundertk\u00fcnstler Friedensreich Hundertwasser konzipierte unmittelbar vor seinem Tod im Jahre 2000 den st\u00e4dtischen Bahnhof. Das ausgefallene Geb\u00e4ude tr\u00e4gt den Namen Hundertwasserbahnhof Uelzen.<\/p>\n<p>Die Wirtschaft von Uelzen ist mittelstandsorientiert. Hauptbereiche sind der Lebensmittelsektor sowie Betriebe aus dem Dienstleistungsgewerbe. Die Wirtschaftsf\u00f6rderung der Stadt Uelzen muss als vorbildhaft benannt werden. Um den Zuzug zus\u00e4tzlicher Firmen werben sich die Verantwortlichen im Rathaus erkennbar. Die bedeutendsten Arbeitgeber in Uelzen sind die Nordzucker AG sowie die Uelzena AG. Der Konzern Nestl\u00e9 Schoeller betreibt in Uelzen ein Werk mit cirka 500 Arbeitnehmern. <\/p>\n<h4>Privat- und Gesch\u00e4ftskunden aus Uelzen sch\u00e4tzen unsere Leistungen!<\/h4>\n<p>Sie wohnen in Uelzen und interessieren sich f\u00fcr unser Leistungsangebot. Toll, dass Sie diese Seite gefunden haben. F\u00fcr R\u00fcckfragen sind wir jederzeit f\u00fcr Sie da. Unser engagiertes Team freut sich auf Sie.<\/p>","popseo_zusatztext":"<h3>Perfekte Sanierungsarbeiten zu geringen Kosten<\/h3>\n<p>Sie sind interessiert an Trocknungs- oder Sanierungsarbeiten und w\u00fcnschen sich ein entsprechendes Angebot, das eine qualitativ gute Arbeit garantiert, gleichzeitig aber keine hohen Kosten nach sich zieht. Klasse, in diesem Fall sind Sie bei uns an der richtigen Adresse. Als Spezialist f\u00fcr Bauwerksabdichtung, Kellersanierung und Schimmelbeseitigung verwenden wir ausnahmslos exzellente Materialien. Nichtsdestotrotz achten wir immer auf die Kosten, die selbstverst\u00e4ndlich \u00fcberschaubar bleiben sollen. Wir m\u00f6chten Ihnen Qualit\u00e4t anbieten, die gleichzeitig auch die Kosten im Blick hat. Bei uns stimmen Kosten und Qualit\u00e4t: Schon seit etlichen Jahren sind wir Ihr qualifizierter Partner f\u00fcr Sanierungs- und Trocknungsarbeiten in Norddeutschland. Unser Firmensitz befindet sich verkehrsg\u00fcnstig in Brietlingen bei L\u00fcndeburg. Die Kosten stets im Blick: Wir garantieren eine professionell durchgef\u00fchrte Sanierungsarbeit nach dem immer derzeitigen Stand der Technik.<\/p>\n<h3>Die Kosten stets vor Augen<\/h3>\n<p>D\u00fcrfen wir Sie informieren, wie Sie die Kosten f\u00fcr eine Sanierung senken k\u00f6nnen? Super, dann warten Sie bitte nicht und nehmen am besten noch heute Verbindung mit uns auf. Ein kurzer Anruf oder auch eine kurze Email gen\u00fcgen. Die fachlich versierte Beratung ist ebenso wichtig wie die sachgem\u00e4\u00dfe Umsetzung der eigentlichen Arbeiten. Unsere Beratung ist selbstverst\u00e4ndlich absolut unverbindlich. Qualit\u00e4tsbewusst bei moderaten Kosten: Wir empfehlen uns als spezialisiertes Unternehmen im Norden. Unsere langj\u00e4hrige Erfahrung zeichnet uns aus.<br \/>\nMinimieren Sie die Kosten f\u00fcr Ihr Sanierungsprojekt: Setzen Sie auf die Profis der Fachfirma Keul.<\/p>","popseo_links":"<a href=\"https:\/\/bautenschutz-keul.de\/angebote\/feuchte-mauer-geesthacht\/\">Feuchte Mauer Geesthacht<\/a>, <a href=\"https:\/\/bautenschutz-keul.de\/angebote\/mauertrockenlegung-schwarzenbek\/\">Mauertrockenlegung Schwarzenbek<\/a>, <a href=\"https:\/\/bautenschutz-keul.de\/angebote\/aufsteigende-feuchtigkeit-adendorf\/\">aufsteigende Feuchtigkeit Adendorf<\/a>, <a href=\"https:\/\/bautenschutz-keul.de\/angebote\/rissverpressung-geesthacht\/\">Rissverpressung Geesthacht<\/a>, <a href=\"https:\/\/bautenschutz-keul.de\/angebote\/horizontalsperre-hanstedt\/\">Horizontalsperre Hanstedt<\/a>, <a href=\"https:\/\/bautenschutz-keul.de\/angebote\/rissverpressung-herzogtum-lauenburg\/\">Rissverpressung Herzogtum Lauenburg<\/a>, <a href=\"https:\/\/bautenschutz-keul.de\/angebote\/salpeter-im-keller-glinde-sachsenwald\/\">Salpeter im Keller Glinde Sachsenwald<\/a>, <a href=\"https:\/\/bautenschutz-keul.de\/angebote\/rissverpressung-bispingen\/\">Rissverpressung Bispingen<\/a>, <a href=\"https:\/\/bautenschutz-keul.de\/angebote\/schimmelbeseitigung-bienenbuettel\/\">Schimmelbeseitigung Bienenb\u00fcttel<\/a>, <a href=\"https:\/\/bautenschutz-keul.de\/angebote\/innenabdichtung-salzhausen\/\">Innenabdichtung Salzhausen<\/a>, <a href=\"https:\/\/bautenschutz-keul.de\/angebote\/horizontalsperre-glinde-sachsenwald\/\">Horizontalsperre Glinde Sachsenwald<\/a>, <a href=\"https:\/\/bautenschutz-keul.de\/angebote\/feuchte-wand-maschen\/\">Feuchte Wand Maschen<\/a>, <a href=\"https:\/\/bautenschutz-keul.de\/angebote\/kellerabdichtung-bergedorf-wentorf\/\">Kellerabdichtung Bergedorf Wentorf<\/a>, <a href=\"https:\/\/bautenschutz-keul.de\/angebote\/schimmel-tostedt-sittensen\/\">Schimmel Tostedt Sittensen<\/a>, <a href=\"https:\/\/bautenschutz-keul.de\/angebote\/feuchter-keller-buchholz-in-der-nordheide\/\">Feuchter Keller Buchholz in der Nordheide<\/a>, <a href=\"https:\/\/bautenschutz-keul.de\/angebote\/feuchter-keller-brietlingen\/\">Feuchter Keller Brietlingen<\/a>, <a href=\"https:\/\/bautenschutz-keul.de\/angebote\/salpeter-im-keller-buchholz-in-der-nordheide\/\">Salpeter im Keller Buchholz in der Nordheide<\/a>, <a href=\"https:\/\/bautenschutz-keul.de\/angebote\/aufsteigende-feuchtigkeit-geesthacht\/\">aufsteigende Feuchtigkeit Geesthacht<\/a>, <a href=\"https:\/\/bautenschutz-keul.de\/angebote\/aufsteigende-feuchtigkeit-bad-bevensen\/\">aufsteigende Feuchtigkeit Bad Bevensen<\/a>, <a href=\"https:\/\/bautenschutz-keul.de\/angebote\/bauwerksabdichtung-reinbek-aumuehle\/\">Bauwerksabdichtung Reinbek Aum\u00fchle<\/a>, <a href=\"https:\/\/bautenschutz-keul.de\/angebote\/feuchte-wand-amelinghausen\/\">Feuchte Wand Amelinghausen<\/a>, <a href=\"https:\/\/bautenschutz-keul.de\/angebote\/schimmelbeseitigung-hanstedt\/\">Schimmelbeseitigung Hanstedt<\/a>, <a href=\"https:\/\/bautenschutz-keul.de\/angebote\/aufsteigende-feuchtigkeit-lueneburg\/\">aufsteigende Feuchtigkeit L\u00fcneburg<\/a>, <a href=\"https:\/\/bautenschutz-keul.de\/angebote\/innenabdichtung-uelzen\/\">Innenabdichtung Uelzen<\/a>, <a href=\"https:\/\/bautenschutz-keul.de\/angebote\/aufsteigende-feuchtigkeit-amelinghausen\/\">aufsteigende Feuchtigkeit Amelinghausen<\/a>, <a href=\"https:\/\/bautenschutz-keul.de\/angebote\/zerstoerter-putz-jesteburg\/\">zerst\u00f6rter Putz Jesteburg<\/a>, <a href=\"https:\/\/bautenschutz-keul.de\/angebote\/feuchte-wand-boizenburg\/\">Feuchte Wand Boizenburg<\/a>, <a href=\"https:\/\/bautenschutz-keul.de\/angebote\/kellersanierung-stelle\/\">Kellersanierung Stelle<\/a>"},"_links":{"self":[{"href":"https:\/\/bautenschutz-keul.de\/angebote\/wp-json\/wp\/v2\/pages\/116","targetHints":{"allow":["GET"]}}],"collection":[{"href":"https:\/\/bautenschutz-keul.de\/angebote\/wp-json\/wp\/v2\/pages"}],"about":[{"href":"https:\/\/bautenschutz-keul.de\/angebote\/wp-json\/wp\/v2\/types\/page"}],"author":[{"embeddable":true,"href":"https:\/\/bautenschutz-keul.de\/angebote\/wp-json\/wp\/v2\/users\/1"}],"replies":[{"embeddable":true,"href":"https:\/\/bautenschutz-keul.de\/angebote\/wp-json\/wp\/v2\/comments?post=116"}],"version-history":[{"count":0,"href":"https:\/\/bautenschutz-keul.de\/angebote\/wp-json\/wp\/v2\/pages\/116\/revisions"}],"wp:attachment":[{"href":"https:\/\/bautenschutz-keul.de\/angebote\/wp-json\/wp\/v2\/media?parent=116"}],"curies":[{"name":"wp","href":"https:\/\/api.w.org\/{rel}","templated":true}]}}