{"id":121,"date":"2021-09-13T08:43:32","date_gmt":"2021-09-13T06:43:32","guid":{"rendered":"https:\/\/bautenschutz-keul.de\/angebote\/bauwerksabdichtung-bad-bevensen\/"},"modified":"2021-09-13T08:43:32","modified_gmt":"2021-09-13T06:43:32","slug":"bauwerksabdichtung-bad-bevensen","status":"publish","type":"page","link":"https:\/\/bautenschutz-keul.de\/angebote\/bauwerksabdichtung-bad-bevensen\/","title":{"rendered":"Bauwerksabdichtung &#8211; Bad Bevensen"},"content":{"rendered":"<h3>Bauwerksabdichtung: Wir helfen schnell und kompetent!<\/h3>\n<p>Feuchtes Mauerwerk ist eine ernsthafte Gef\u00e4hrdung f\u00fcr das Mauerwerk eines Hauses. Vor allem ein hoher Grundwasserspiegel oder die leichte Hanglage eines Geb\u00e4udes k\u00f6nnen Feuchtigkeitssch\u00e4den beg\u00fcnstigen und sich auf l\u00e4ngere Zeit bestandsbedrohend auswirken. Hauseigent\u00fcmer, die mit diesem<br \/>\nProblem konfrontiert sind, sollten \u00fcber eine gr\u00f6\u00dfere Bauwerksabdichtung nachdenken. Eine fachm\u00e4nnisch ausgef\u00fchrte Bauwerksabdichtung l\u00f6st das Feuchtigkeitsproblem nachhaltig und sichert den Wert eines Hauses.  <\/p>\n<p>Die gekonnt erledigte Bauwerksabdichtung ist eine Ma\u00dfnahme, die sich lohnt. Um aktuelle M\u00e4ngel und etwaige Gefahrenherde zu lokalisieren, sollte das betreffende Bauwerk von einem Profi begutachtet werden.<br \/>\nNur der spezialisierte Anbieter kann zweifelsfrei bewerten, inwieweit und in welcher Art und Weise eine Bauwerksabdichtung zweckm\u00e4\u00dfig ist.<br \/>\nSetzen Sie also bitte absolut auf Expertenwissen und langj\u00e4hrige Routine, falls Sie ein umfassendes Sanierungsvorhaben starten m\u00f6chten. <\/p>\n<h3>Sie interessieren sich f\u00fcr eine Bauwerksabdichtung? Dann rufen Sie uns bitte an!<\/h3>\n<p>Die Bauwerksabdichtung verfolgt das Ziel, ein Geb\u00e4ude auf lange Zeit gegen das Eindringen von Feuchtigkeit zu sch\u00fctzen.<br \/>\nSpricht man von Bauwerksabdichtung, so f\u00e4llt des\u00f6fteren auch das Wort D\u00e4mmung.<br \/>\nAls Fachwort greift dieser Begriff aber eine Spur zu kurz. Besonders oft wird die Bauwerksabdichtung bei der Instandsetzung und Erneuerung von Kellern und Tiefgeschossen angewendet. Jedoch auch bei Flachdachh\u00e4usern und beim Terrassenbau sind Ma\u00dfnahmen der Bauwerksabdichtung oftmals von N\u00f6ten.<\/p>\n","protected":false},"excerpt":{"rendered":"<p>Bauwerksabdichtung: Wir helfen schnell und kompetent! Feuchtes Mauerwerk ist eine ernsthafte Gef\u00e4hrdung f\u00fcr das Mauerwerk eines Hauses. Vor allem ein hoher Grundwasserspiegel oder die leichte Hanglage eines Geb\u00e4udes k\u00f6nnen Feuchtigkeitssch\u00e4den beg\u00fcnstigen und sich auf l\u00e4ngere Zeit bestandsbedrohend auswirken. Hauseigent\u00fcmer, die mit diesem Problem konfrontiert sind, sollten \u00fcber eine gr\u00f6\u00dfere Bauwerksabdichtung nachdenken. Eine fachm\u00e4nnisch ausgef\u00fchrte Bauwerksabdichtung [&hellip;]<\/p>\n","protected":false},"author":1,"featured_media":0,"parent":0,"menu_order":0,"comment_status":"closed","ping_status":"closed","template":"","meta":{"footnotes":""},"class_list":["post-121","page","type-page","status-publish","hentry"],"meta_box":{"popseo_subtitel":"Die Firma TK-Geb\u00e4udetechnik Thorsten Keul ist Ihr Experte in Sachen Bauwerksabdichtung im Raum Bad Bevensen","popseo_subtitel2":"Bauwerksabdichtung durch die Spezialisten unserer Firma","popseo_lasttitel":"Bauwerksabdichtung: Unsere Mitarbeiter beantworten gerne Ihre Fragen","popseo_region":"Bad Bevensen","popseo_sachwort":"Bauwerksabdichtung","popseo_noupdate":"","popseo_einleitungstext":"<p>Kellerr\u00e4ume, Mauern oder W\u00e4nde Ihres Wohn- oder Gesch\u00e4ftshauses weisen einen Feuchtigkeitsschaden und damit einen echten Sanierungbedarf auf. Dann ist die Zeit gekommen, sich \u00fcber eine qualifiziert ausgef\u00fchrte Trocknung Gedanken zu machen. Unser Handwerksbetrieb ist auf die Bauwerksabdichtung spezialisiert. Zu den haupts\u00e4chlichen T\u00e4tigkeiten unseres Unternehmens geh\u00f6ren zum Beispiel die Bereiche Schimmelbeseitigung, Kellerabdichtung und Mauertrockenlegung. Der nachhaltigen Sanierung haben wir uns verschrieben. Wir beraten fachsicher, wie Sie Ihr Geb\u00e4ude preisg\u00fcnstig und umweltgerecht sanieren k\u00f6nnen. Ein paar erste Informationen dazu lesen Sie nachfolgend.<\/p>","popseo_schlusstext":"<p>H\u00f6chste Anspr\u00fcche an unsere eigenen Leistungen sind f\u00fcr uns selbstverst\u00e4ndlich. Know-how, Fachkompetenz und Zuverl\u00e4ssigkeit garantieren erfolgreich realisierte Trockenlegungs- und Sanierungsprojekte zum Vorteil unserer Auftraggeber. Unsere Experten freuen sich \u00fcber Ihre Anfrage, ganz egal ob durch Griff zum Telefonh\u00f6rer oder Mail.<\/p>","popseo_stadttext":"<h3>Die Stadt Bad Bevensen<\/h3>\n<p>Durch unsere Gesch\u00e4ftst\u00e4tigkeit haben wir uns einen guten \u00dcberblick \u00fcber die Architektur der Gemeinden und St\u00e4dte unseres Einzugsbereiches erarbeiten k\u00f6nnen. Nat\u00fcrlich geh\u00f6rt auch Bad Bevensen zu unserem unmittelbaren Wirkungskreis. Sie kommen aus der Region und sind hier im World Wide Web auf unsere Website gesto\u00dfen? Das finden wir toll. Sehr gerne pr\u00e4sentieren wir Ihnen unser komplettes Leistungsspektrum und beantworten Ihre Fragen. Wir freuen uns darauf, mit Ihnen in Kontakt zu treten. <\/p>\n<h3>Einige Details zu Bad Bevensen<\/h3>\n<p>Bad Bevensen hat etwa 9.000 Einwohner und streckt sich \u00fcber eine Fl\u00e4che von etwa 48 km\u00b2. Hinsichtlich der Verkehrssituation ist die Kleinstadt gut erreichbar: In unmittelbarer N\u00e4he des Gemeindegebietes befindet sich eine Zufahrt zur Autobahn B4. Des Weiteren erreicht man Bad Bevensen \u00fcber die L252 und mit der Bahn auf der Streckenverbindung Hamburg-Hannover. Bad Bevensee befindet sich in der L\u00fcneburger Heide und geh\u00f6rt verwaltungstechnisch zum Kreis Uelzen. Die Gemeinde ist Amtssitz der Samtgemeinde Bevensen-Ebstorf, einer Vereinigung von 13 kleineren Orten. Die Samtgemeinde z\u00e4hlt insgesamt knapp 26.000 Einwohner und erstreckt sich \u00fcber ein Areal von zirka 479 km\u00b2. Bad Bevensen ist ganz sicher ein sch\u00f6ner Platz zum Leben. Die charmante Kleinstadt verf\u00fcgt \u00fcber eine hervorragende Infrastruktur und attraktiv ausgebaute Wohnviertel.    <\/p>\n<h4>Privat- und Gesch\u00e4ftskunden aus Bad Bevensen sch\u00e4tzen unsere Leistungen!<\/h4>\n<p>Sie leben in Bad Bevensen oder einem anderen Ort der Samtgemeinde und interessieren sich f\u00fcr unser Angebot. Prima, das Sie unsere Internetseite entdeckt haben. F\u00fcr R\u00fcckfragen sind wir jederzeit f\u00fcr Sie da. Auf Ihre Anfragen freuen wir uns.<\/p>","popseo_zusatztext":"<h3>Wir haben die Kosten im Blick<\/h3>\n<p>Sie sind interessiert an Trocknungs- oder Sanierungsarbeiten und m\u00f6chten gerne ein individuelles Angebot, das eine qualitativ gute Arbeit garantiert, gleichzeitig aber die Kosten im Blick hat. Super, in diesem Fall sind Sie bei uns genau richtig. Als Spezialist f\u00fcr Bauwerksabdichtung, Kellersanierung und Schimmelbeseitigung verwenden wir nur ausgezeichnete Materialien. Nichtsdestotrotz schauen wir nat\u00fcrlich auf die Kosten, die selbstverst\u00e4ndlich \u00fcberschaubar bleiben sollen. Wir m\u00f6chten Ihnen Qualit\u00e4t anbieten, die zugleich auch die Kosten im Blick hat. Bei uns stimmen Kosten und Leistung: Schon seit etlichen Jahren sind wir Ihr qualifizierter Fachbetrieb f\u00fcr Sanierungs- und Trocknungsarbeiten in Norddeutschland. Unser Firmensitz liegt verkehrsg\u00fcnstig in Brietlingen bei L\u00fcndeburg. Die Kosten stets im Blick: Wir garantieren eine fachm\u00e4nnisch ausgef\u00fchrte Sanierungsarbeit nach dem jeweils aktuellsten Stand der Technik.<\/p>\n<h3>Hochwertige Arbeit, geringe Kosten!<\/h3>\n<p>D\u00fcrfen wir Sie beraten, wie Sie die Kosten f\u00fcr eine Sanierung senken k\u00f6nnen? Toll, dann warten Sie bitte nicht und nehmen am besten noch heute Verbindung mit uns auf. Ein kurzer Telefonanruf oder eine schnelle eMail gen\u00fcgen. Eine fachlich versierte Beratung ist gleicherma\u00dfen wichtig wie die sachgem\u00e4\u00dfe Umsetzung der eigentlichen Arbeiten. Unsere fachliche Beratung ist selbstverst\u00e4ndlich v\u00f6llig unverbindlich. Hochwertige Arbeit bei \u00fcberschaubaren Kosten: Wir empfehlen uns als spezialisiertes Unternehmen in Norddeutschland. Unsere jahrelange Erfahrung spricht f\u00fcr uns.<br \/>\nMinimieren Sie die Kosten f\u00fcr Ihr Sanierungsprojekt: Vertrauen Sie den Spezialisten der Firma Keul.<\/p>","popseo_links":"<a href=\"https:\/\/bautenschutz-keul.de\/angebote\/kellerabdichtung-bergedorf-wentorf\/\">Kellerabdichtung Bergedorf Wentorf<\/a>, <a href=\"https:\/\/bautenschutz-keul.de\/angebote\/schimmel-winsen-luhe\/\">Schimmel Winsen Luhe<\/a>, <a href=\"https:\/\/bautenschutz-keul.de\/angebote\/kellersanierung-reinbek-aumuehle\/\">Kellersanierung Reinbek Aum\u00fchle<\/a>, <a href=\"https:\/\/bautenschutz-keul.de\/angebote\/feuchtigkeitsschaden-amelinghausen\/\">Feuchtigkeitsschaden Amelinghausen<\/a>, <a href=\"https:\/\/bautenschutz-keul.de\/angebote\/mauertrockenlegung-lueneburg\/\">Mauertrockenlegung L\u00fcneburg<\/a>, <a href=\"https:\/\/bautenschutz-keul.de\/angebote\/kellersanierung-buchholz-in-der-nordheide\/\">Kellersanierung Buchholz in der Nordheide<\/a>, <a href=\"https:\/\/bautenschutz-keul.de\/angebote\/zerstoerter-putz-herzogtum-lauenburg\/\">zerst\u00f6rter Putz Herzogtum Lauenburg<\/a>, <a href=\"https:\/\/bautenschutz-keul.de\/angebote\/schimmelsanierung-hanstedt\/\">Schimmelsanierung Hanstedt<\/a>, <a href=\"https:\/\/bautenschutz-keul.de\/angebote\/aufsteigende-feuchtigkeit-brietlingen\/\">aufsteigende Feuchtigkeit Brietlingen<\/a>, <a href=\"https:\/\/bautenschutz-keul.de\/angebote\/kellerabdichtung-reinbek-aumuehle\/\">Kellerabdichtung Reinbek Aum\u00fchle<\/a>, <a href=\"https:\/\/bautenschutz-keul.de\/angebote\/innenabdichtung-buchholz-in-der-nordheide\/\">Innenabdichtung Buchholz in der Nordheide<\/a>, <a href=\"https:\/\/bautenschutz-keul.de\/angebote\/kellertrockenlegung-harburg\/\">Kellertrockenlegung Harburg<\/a>, <a href=\"https:\/\/bautenschutz-keul.de\/angebote\/feuchtigkeitsschaden-bad-bevensen\/\">Feuchtigkeitsschaden Bad Bevensen<\/a>, <a href=\"https:\/\/bautenschutz-keul.de\/angebote\/rissverpressung-reinbek-aumuehle\/\">Rissverpressung Reinbek Aum\u00fchle<\/a>, <a href=\"https:\/\/bautenschutz-keul.de\/angebote\/kellersanierung-seevetal-rosengarten\/\">Kellersanierung Seevetal Rosengarten<\/a>, <a href=\"https:\/\/bautenschutz-keul.de\/angebote\/mauertrockenlegung-reppenstedt\/\">Mauertrockenlegung Reppenstedt<\/a>, <a href=\"https:\/\/bautenschutz-keul.de\/angebote\/kellersanierung-geesthacht\/\">Kellersanierung Geesthacht<\/a>, <a href=\"https:\/\/bautenschutz-keul.de\/angebote\/zerstoerter-putz-glinde-sachsenwald\/\">zerst\u00f6rter Putz Glinde Sachsenwald<\/a>, <a href=\"https:\/\/bautenschutz-keul.de\/angebote\/mauertrockenlegung-tostedt-sittensen\/\">Mauertrockenlegung Tostedt Sittensen<\/a>, <a href=\"https:\/\/bautenschutz-keul.de\/angebote\/aussenabdichtung-glinde-sachsenwald\/\">Au\u00dfenabdichtung Glinde Sachsenwald<\/a>, <a href=\"https:\/\/bautenschutz-keul.de\/angebote\/aussenabdichtung-bardowick\/\">Au\u00dfenabdichtung Bardowick<\/a>, <a href=\"https:\/\/bautenschutz-keul.de\/angebote\/kellerabdichtung-tostedt-sittensen\/\">Kellerabdichtung Tostedt Sittensen<\/a>, <a href=\"https:\/\/bautenschutz-keul.de\/angebote\/kellertrockenlegung-tostedt-sittensen\/\">Kellertrockenlegung Tostedt Sittensen<\/a>, <a href=\"https:\/\/bautenschutz-keul.de\/angebote\/kellertrockenlegung-ebstorf\/\">Kellertrockenlegung Ebstorf<\/a>, <a href=\"https:\/\/bautenschutz-keul.de\/angebote\/kellerabdichtung-amt-neuhaus\/\">Kellerabdichtung Amt Neuhaus<\/a>, <a href=\"https:\/\/bautenschutz-keul.de\/angebote\/aufsteigende-feuchtigkeit-herzogtum-lauenburg\/\">aufsteigende Feuchtigkeit Herzogtum Lauenburg<\/a>, <a href=\"https:\/\/bautenschutz-keul.de\/angebote\/rissverpressung-hanstedt\/\">Rissverpressung Hanstedt<\/a>, <a href=\"https:\/\/bautenschutz-keul.de\/angebote\/salpeter-im-keller-reinbek-aumuehle\/\">Salpeter im Keller Reinbek Aum\u00fchle<\/a>"},"_links":{"self":[{"href":"https:\/\/bautenschutz-keul.de\/angebote\/wp-json\/wp\/v2\/pages\/121","targetHints":{"allow":["GET"]}}],"collection":[{"href":"https:\/\/bautenschutz-keul.de\/angebote\/wp-json\/wp\/v2\/pages"}],"about":[{"href":"https:\/\/bautenschutz-keul.de\/angebote\/wp-json\/wp\/v2\/types\/page"}],"author":[{"embeddable":true,"href":"https:\/\/bautenschutz-keul.de\/angebote\/wp-json\/wp\/v2\/users\/1"}],"replies":[{"embeddable":true,"href":"https:\/\/bautenschutz-keul.de\/angebote\/wp-json\/wp\/v2\/comments?post=121"}],"version-history":[{"count":0,"href":"https:\/\/bautenschutz-keul.de\/angebote\/wp-json\/wp\/v2\/pages\/121\/revisions"}],"wp:attachment":[{"href":"https:\/\/bautenschutz-keul.de\/angebote\/wp-json\/wp\/v2\/media?parent=121"}],"curies":[{"name":"wp","href":"https:\/\/api.w.org\/{rel}","templated":true}]}}