{"id":123,"date":"2021-09-13T08:43:32","date_gmt":"2021-09-13T06:43:32","guid":{"rendered":"https:\/\/bautenschutz-keul.de\/angebote\/bauwerksabdichtung-bergedorf-wentorf\/"},"modified":"2021-09-13T08:43:32","modified_gmt":"2021-09-13T06:43:32","slug":"bauwerksabdichtung-bergedorf-wentorf","status":"publish","type":"page","link":"https:\/\/bautenschutz-keul.de\/angebote\/bauwerksabdichtung-bergedorf-wentorf\/","title":{"rendered":"Bauwerksabdichtung &#8211; Bergedorf Wentorf"},"content":{"rendered":"<h3>Bauwerksabdichtung: Wir helfen schnell und kompetent!<\/h3>\n<p>Feuchtes Mauerwerk ist eine ernstzunehmende Gef\u00e4hrdung f\u00fcr die Substanz eines Hauses. Insbesondere ein erh\u00f6hter Grundwasserspiegel oder auch die leichte Hanglage eines Geb\u00e4udes k\u00f6nnen Feuchtigkeitssch\u00e4den f\u00f6rdern und sich auf lange Dauer bestandsgef\u00e4hrdend auswirken. Hauseigent\u00fcmer, die mit diesem<br \/>\nThema konfrontiert sind, sollten \u00fcber eine gr\u00f6\u00dfere Bauwerksabdichtung nachdenken. Eine fachm\u00e4nnisch ausgef\u00fchrte Bauwerksabdichtung erledigt das Feuchtigkeitsproblem nachhaltig und sichert den Wert eines Bauwerkes.  <\/p>\n<p>Die professionell ausgef\u00fchrte Bauwerksabdichtung ist eine Investition, die sich rentiert. Um akute M\u00e4ngel und vermutete Gefahrenherde zu erkennen, sollte das jeweilige Geb\u00e4ude von einem Fachmann eingesch\u00e4tzt werden.<br \/>\nNur der Experte kann zweifelsfrei diagnostizieren, inwieweit und in welcher Form eine Bauwerksabdichtung sinnvoll ist.<br \/>\nVertrauen Sie also bitte unbedingt auf Expertenwissen und jahrelange Praxis, wenn Sie ein umfangreiches Vorhaben anfangen m\u00f6chten. <\/p>\n<h3>Sie interessieren sich f\u00fcr eine Bauwerksabdichtung? Dann rufen Sie uns bitte an!<\/h3>\n<p>Die Bauwerksabdichtung verfolgt den Zweck, ein Haus langfristig gegen das Eindringen von N\u00e4sse zu sch\u00fctzen.<br \/>\nSpricht man von Bauwerksabdichtung, so f\u00e4llt immer wieder auch das Wort D\u00e4mmung.<br \/>\nAls Fachbegriff greift dieser Begriff freilich doch zu kurz. Sehr h\u00e4ufig wird die Bauwerksabdichtung bei der Renovierung und Erneuerung von Kellern und Tiefgeschossen durchgef\u00fchrt. Jedoch auch bei Flachdachbauten und beim Terrassenbau sind Ma\u00dfnahmen der Bauwerksabdichtung oftmals angebracht.<\/p>\n","protected":false},"excerpt":{"rendered":"<p>Bauwerksabdichtung: Wir helfen schnell und kompetent! Feuchtes Mauerwerk ist eine ernstzunehmende Gef\u00e4hrdung f\u00fcr die Substanz eines Hauses. Insbesondere ein erh\u00f6hter Grundwasserspiegel oder auch die leichte Hanglage eines Geb\u00e4udes k\u00f6nnen Feuchtigkeitssch\u00e4den f\u00f6rdern und sich auf lange Dauer bestandsgef\u00e4hrdend auswirken. Hauseigent\u00fcmer, die mit diesem Thema konfrontiert sind, sollten \u00fcber eine gr\u00f6\u00dfere Bauwerksabdichtung nachdenken. Eine fachm\u00e4nnisch ausgef\u00fchrte Bauwerksabdichtung [&hellip;]<\/p>\n","protected":false},"author":1,"featured_media":0,"parent":0,"menu_order":0,"comment_status":"closed","ping_status":"closed","template":"","meta":{"footnotes":""},"class_list":["post-123","page","type-page","status-publish","hentry"],"meta_box":{"popseo_subtitel":"Die Firma TK-Geb\u00e4udetechnik Thorsten Keul ist Ihr Spezialist in Sachen Bauwerksabdichtung im Raum Bergedorf Wentorf","popseo_subtitel2":"Bauwerksabdichtung durch die Experten unserer Firma","popseo_lasttitel":"Bauwerksabdichtung: Sie haben Fragen? Dann melden Sie sich bei uns","popseo_region":"Bergedorf Wentorf","popseo_sachwort":"Bauwerksabdichtung","popseo_noupdate":"","popseo_einleitungstext":"<p>Kellerr\u00e4ume, Mauern oder W\u00e4nde Ihrer Wohn- oder Gesch\u00e4ftsimmobilie weisen einen Feuchtigkeitsschaden und damit einen echten Sanierungbedarf auf. Dann ist es an der Zeit, sich \u00fcber eine sachgerechte Trocknung Gedanken zu machen. Unser Fachbetrieb ist auf die Bauwerksabdichtung spezialisiert. Zu den Hauptaufgaben unseres Betriebes z\u00e4hlen zum Beispiel die Bereiche Mauertrockenlegung, Kellerabdichtung und Schimmelbeseitigung. Der nachhaltigen Sanierung gilt unsere Aufmersamkeit. Wir beraten qualifiziert, wie Sie Ihr Geb\u00e4ude preisg\u00fcnstig und umweltgerecht sanieren k\u00f6nnen. Ein paar erste Informationen hierzu lesen Sie nachfolgend.<\/p>","popseo_schlusstext":"<p>Auf Wunsch informieren wir Sie n\u00e4her \u00fcber unser Aufgabenfeld. Wir zeigen Ihnen mit Vergn\u00fcgen auch einige Referenzprojekte, die Ihnen einen Einblick in unsere Firment\u00e4tigkeit geben.<br \/>\nDie Fachleute der Firma Thorsten Keul sind gerne f\u00fcr Sie im Einsatz. Rufen Sie uns doch einfach einmal an oder schicken Sie uns eine schnelle E-Mail. Wir freuen uns auf den Kontakt zu Ihnen.<\/p>","popseo_stadttext":"<h3>Wir sind Ihr Partner auch in Bergedorf und Wentorf<\/h3>\n<p>Durch unsere Gesch\u00e4ftst\u00e4tigkeit haben wir uns einen guten \u00dcberblick \u00fcber die Stadtarchitektur der Gemeinden und St\u00e4dte unseres Einzugsbereiches machen k\u00f6nnen. Selbstverst\u00e4ndlich z\u00e4hlen auch Bergedorf und Wentorf zu unserem unmittelbaren Vertriebsgebiet. Wir freuen uns darauf, mit Ihnen in Kontakt zu kommen. <\/p>\n<h3>Einige Informationen \u00fcber Bergedorf und Wentorf:<h3>\n<p>Ehemals eigenst\u00e4ndig geh\u00f6rt Bergedorf jetzt zur Freien und Hansestadt Hamburg. Der Stadtteil liegt am s\u00fcd\u00f6stlichen Stadtrand und grenzt an die schleswig-holsteinischen Orte Wentorf und Reinbek. In Bergedorf leben etwa 42.000 Menschen auf einer Gesamtfl\u00e4che von 11 qkm. Auch wenn Bergedorf bereits seit dem 01. Januar 1938 keine Selbst\u00e4ndigkeit mehr besitzt, hat sich der Stadtteil nichtsdestotrotz eine gewisse Eigenst\u00e4ndigkeit bewahrt. Beinahe k\u00f6nnte man sagen, Bergedorf w\u00e4re eine Art Stadt in der Stadt. Zum Bezirk Bergedorf z\u00e4hlen zusammen 14 Stadtteile. Die gr\u00f6\u00dften Ortsteile sind: Allerm\u00f6he, Moorfleet, Lohbr\u00fcgge, Billwerder, Altengamme, Curslack, Neuallerm\u00f6he, Neuengamme, Kirchwerder und Ochsenwerder. Nichtselten hinzu gerechnet wird auch Wentorf. Dies ist jedoch nicht v\u00f6llig richtig, da Wentorf zum schleswig-holsteinischen Kreis Herzogtum Lauenburg z\u00e4hlt.  <\/p>\n<p>In Bergedorf zu wohnen bedeutet, die Annehmlichkeiten der Gro\u00dfstadt zu genie\u00dfen ohne gleichzeitig auf kleinst\u00e4dtischen Charme zu verzichten. Die Wohngebiete von Bergedorf sind gekennzeichnet von Einzel- oder Mehrfamilienhausbebauung. Gr\u00f6\u00dfere Wohnblocks findet man in Bergedorf vor allem in der N\u00e4he des Zentrums. Die Infrastruktur ist gut: Im Zentrum von Bergedorf finden sich sehr gute Shoppingm\u00f6glichkeiten. <\/p>\n<h3>Wir kennen uns aus in Bergedorf und Wentorf<\/h3>\n<p>Ob in den Einkaufspassagen oder in der Fu\u00dfg\u00e4ngerzone: In Bergedorf l\u00e4sst es sich tats\u00e4chlich herrlich bummeln. Und wer danach Lust und Laune auf etwas Entspannung hat, macht Pause in einem der zahllosen behaglichen Caf\u00e9s und Restaurants. Bergedorf ist an den HVV angebunden. Mit der S-Bahnlinie S2 erreicht man den Hauptbahnhof in circa 25 Minuten. Auch mit dem Wagen kommt man gut nach Bergedorf: \u00dcber die B 207 und 5 kommt man auf direktem Wege in den Stadtteil. Die Menschen aus Bergedorf liebt besonders den bunten Mix ihres Stadtteils. Eine kraftvolle Wirtschaft, die nahegelegenen Naturgebiete sowie die gro\u00dfz\u00fcgigen Kultur- und Freizeitangebote machen Bergedorf zu einem Wohnort mit besonders hoher Lebensqualit\u00e4t.<\/p>\n<p>Auch Wentorf grenzt direkt an Bergedorf, die \u00dcberg\u00e4nge sind fast flie\u00dfend. Als sch\u00f6nes Wohnquartier ist Wentorf insbesondere bei Berufspendlern beliebt. Eine hervorragende Infrastruktur, die N\u00e4he zur Stadt und eine gute Anbindung zeichnen Wentorf aus. <\/p>\n<h4>Privat- und Gesch\u00e4ftskunden aus Bergedorf und Wentorf sch\u00e4tzen unsere Leistungen!<\/h4>\n<p>Wir finden es super, dass Sie unsere Internetseite gefunden haben. Ob Bergedorf oder Wentorf: Privat- und Gesch\u00e4ftskunden profitieren von einem sehr guten Preis-Leistungs-Verh\u00e4ltnis. Sie m\u00f6chten mehr \u00fcber uns wissen? F\u00fcr R\u00fcckfragen stehen wir Ihnen jederzeit zur Verf\u00fcgung. Auf den Kontakt zu Ihnen freuen wir uns.<\/p>","popseo_zusatztext":"<h3>Wir haben die Kosten im Blick<\/h3>\n<p>Sie interessieren sich f\u00fcr eine Kellertrockenlegung oder eine Sanierungsarbeit an Mauern bzw. W\u00e4nden und m\u00f6chten gerne ein passendes Angebot, das eine qualitativ gute Arbeit garantiert, gleichwohl keine hohen Kosten nach sich zieht. Klasse, dann sind Sie bei uns an der richtigen Adresse. Als Spezialist f\u00fcr Bauwerksabdichtung, Schimmelbeseitigung und Kellersanierung verwenden wir ausschlie\u00dflich exzellente Materialien. Nichtsdestotrotz schauen wir immer auf die Kosten, die selbstverst\u00e4ndlich \u00fcberschaubar bleiben sollen. Wir m\u00f6chten Ihnen Qualit\u00e4t bieten, die gleichzeitig auch die Kosten im Blick beh\u00e4lt. Bei uns stimmen Kosten und Leistung: Bereits seit vielen Jahren sind wir Ihr erfahrener Fachbetrieb f\u00fcr Trocknungs- und Sanierungsarbeiten in Norddeutschland. Unser Gesch\u00e4ftssitz liegt verkehrsg\u00fcnstig in Brietlingen bei L\u00fcndeburg. Die Kosten stets vor Augen: Wir garantieren eine fachm\u00e4nnisch ausgef\u00fchrte Arbeit nach dem jeweils derzeitigen Stand der Technik.<\/p>\n<h3>Trocknung und Sanierung durch die Firma Wist: Beste Arbeit, geringe Kosten!<\/h3>\n<p>D\u00fcrfen wir Sie beraten, wie Sie die Kosten f\u00fcr eine Sanierung senken k\u00f6nnen? Super, dann warten Sie bitte nicht und nehmen am besten gleich heute Kontakt mit uns auf. Ein kurzer Anruf oder auch eine kurze eMail gen\u00fcgen. Die gute Beratung ist gleicherma\u00dfen wichtig wie die sachgem\u00e4\u00dfe Ausf\u00fchrung der entsprechenden T\u00e4tigkeiten. Unsere fachliche Beratung ist selbstverst\u00e4ndlich v\u00f6llig unverbindlich. Beste Qualit\u00e4t bei \u00fcberschaubaren Kosten: Wir empfehlen uns als spezialisiertes Unternehmen im Norden. Unsere langj\u00e4hrige Erfahrung zeichnet uns aus.<br \/>\nSenken Sie die Kosten f\u00fcr Ihr Sanierungsprojekt: Vertrauen Sie den Spezialisten der Firma Keul.<\/p>","popseo_links":"<a href=\"https:\/\/bautenschutz-keul.de\/angebote\/zerstoerter-putz-harburg\/\">zerst\u00f6rter Putz Harburg<\/a>, <a href=\"https:\/\/bautenschutz-keul.de\/angebote\/kellertrockenlegung-geesthacht\/\">Kellertrockenlegung Geesthacht<\/a>, <a href=\"https:\/\/bautenschutz-keul.de\/angebote\/aussenabdichtung-schwarzenbek\/\">Au\u00dfenabdichtung Schwarzenbek<\/a>, <a href=\"https:\/\/bautenschutz-keul.de\/angebote\/kellersanierung-glinde-sachsenwald\/\">Kellersanierung Glinde Sachsenwald<\/a>, <a href=\"https:\/\/bautenschutz-keul.de\/angebote\/feuchtigkeit-ebstorf\/\">Feuchtigkeit Ebstorf<\/a>, <a href=\"https:\/\/bautenschutz-keul.de\/angebote\/feuchtigkeit-lueneburg\/\">Feuchtigkeit L\u00fcneburg<\/a>, <a href=\"https:\/\/bautenschutz-keul.de\/angebote\/salpeter-im-keller-maschen\/\">Salpeter im Keller Maschen<\/a>, <a href=\"https:\/\/bautenschutz-keul.de\/angebote\/feuchte-mauer-reinbek-aumuehle\/\">Feuchte Mauer Reinbek Aum\u00fchle<\/a>, <a href=\"https:\/\/bautenschutz-keul.de\/angebote\/kellertrockenlegung-buchholz-in-der-nordheide\/\">Kellertrockenlegung Buchholz in der Nordheide<\/a>, <a href=\"https:\/\/bautenschutz-keul.de\/angebote\/kellertrockenlegung-glinde-sachsenwald\/\">Kellertrockenlegung Glinde Sachsenwald<\/a>, <a href=\"https:\/\/bautenschutz-keul.de\/angebote\/kellersanierung-lueneburg\/\">Kellersanierung L\u00fcneburg<\/a>, <a href=\"https:\/\/bautenschutz-keul.de\/angebote\/kellersanierung-buchholz-in-der-nordheide\/\">Kellersanierung Buchholz in der Nordheide<\/a>, <a href=\"https:\/\/bautenschutz-keul.de\/angebote\/zerstoerter-putz-reinbek-aumuehle\/\">zerst\u00f6rter Putz Reinbek Aum\u00fchle<\/a>, <a href=\"https:\/\/bautenschutz-keul.de\/angebote\/feuchter-keller-uelzen\/\">Feuchter Keller Uelzen<\/a>, <a href=\"https:\/\/bautenschutz-keul.de\/angebote\/feuchte-mauer-seevetal-rosengarten\/\">Feuchte Mauer Seevetal Rosengarten<\/a>, <a href=\"https:\/\/bautenschutz-keul.de\/angebote\/horizontalsperre-salzhausen\/\">Horizontalsperre Salzhausen<\/a>, <a href=\"https:\/\/bautenschutz-keul.de\/angebote\/schimmel-adendorf\/\">Schimmel Adendorf<\/a>, <a href=\"https:\/\/bautenschutz-keul.de\/angebote\/aufsteigende-feuchtigkeit-seevetal-rosengarten\/\">aufsteigende Feuchtigkeit Seevetal Rosengarten<\/a>, <a href=\"https:\/\/bautenschutz-keul.de\/angebote\/salpeter-im-keller-buechen\/\">Salpeter im Keller B\u00fcchen<\/a>, <a href=\"https:\/\/bautenschutz-keul.de\/angebote\/feuchtigkeit-buchholz-in-der-nordheide\/\">Feuchtigkeit Buchholz in der Nordheide<\/a>, <a href=\"https:\/\/bautenschutz-keul.de\/angebote\/aussenabdichtung-bergedorf-wentorf\/\">Au\u00dfenabdichtung Bergedorf Wentorf<\/a>, <a href=\"https:\/\/bautenschutz-keul.de\/angebote\/feuchtigkeitsschaden-buchholz-in-der-nordheide\/\">Feuchtigkeitsschaden Buchholz in der Nordheide<\/a>, <a href=\"https:\/\/bautenschutz-keul.de\/angebote\/innenabdichtung-bispingen\/\">Innenabdichtung Bispingen<\/a>, <a href=\"https:\/\/bautenschutz-keul.de\/angebote\/aufsteigende-feuchtigkeit-bienenbuettel\/\">aufsteigende Feuchtigkeit Bienenb\u00fcttel<\/a>, <a href=\"https:\/\/bautenschutz-keul.de\/angebote\/kellerabdichtung-amt-neuhaus\/\">Kellerabdichtung Amt Neuhaus<\/a>, <a href=\"https:\/\/bautenschutz-keul.de\/angebote\/salpeter-im-keller-reppenstedt\/\">Salpeter im Keller Reppenstedt<\/a>, <a href=\"https:\/\/bautenschutz-keul.de\/angebote\/feuchtigkeit-bergedorf-wentorf\/\">Feuchtigkeit Bergedorf Wentorf<\/a>, <a href=\"https:\/\/bautenschutz-keul.de\/angebote\/kellerabdichtung-uelzen\/\">Kellerabdichtung Uelzen<\/a>"},"_links":{"self":[{"href":"https:\/\/bautenschutz-keul.de\/angebote\/wp-json\/wp\/v2\/pages\/123","targetHints":{"allow":["GET"]}}],"collection":[{"href":"https:\/\/bautenschutz-keul.de\/angebote\/wp-json\/wp\/v2\/pages"}],"about":[{"href":"https:\/\/bautenschutz-keul.de\/angebote\/wp-json\/wp\/v2\/types\/page"}],"author":[{"embeddable":true,"href":"https:\/\/bautenschutz-keul.de\/angebote\/wp-json\/wp\/v2\/users\/1"}],"replies":[{"embeddable":true,"href":"https:\/\/bautenschutz-keul.de\/angebote\/wp-json\/wp\/v2\/comments?post=123"}],"version-history":[{"count":0,"href":"https:\/\/bautenschutz-keul.de\/angebote\/wp-json\/wp\/v2\/pages\/123\/revisions"}],"wp:attachment":[{"href":"https:\/\/bautenschutz-keul.de\/angebote\/wp-json\/wp\/v2\/media?parent=123"}],"curies":[{"name":"wp","href":"https:\/\/api.w.org\/{rel}","templated":true}]}}