{"id":132,"date":"2021-09-13T08:43:32","date_gmt":"2021-09-13T06:43:32","guid":{"rendered":"https:\/\/bautenschutz-keul.de\/angebote\/bauwerksabdichtung-glinde-sachsenwald\/"},"modified":"2021-09-13T08:43:32","modified_gmt":"2021-09-13T06:43:32","slug":"bauwerksabdichtung-glinde-sachsenwald","status":"publish","type":"page","link":"https:\/\/bautenschutz-keul.de\/angebote\/bauwerksabdichtung-glinde-sachsenwald\/","title":{"rendered":"Bauwerksabdichtung &#8211; Glinde Sachsenwald"},"content":{"rendered":"<h3>Bauwerksabdichtung: Unsere Mitarbeiter stehen f\u00fcr Sie bereit!<\/h3>\n<p>Nasses Mauerwerk ist eine akute Bedrohung f\u00fcr die Substanz eines Geb\u00e4udes. Vor allem ein gestiegener Grundwasserspiegel und die unvorteilhafte Hanglage eines Hauses k\u00f6nnen Feuchtigkeitssch\u00e4den beg\u00fcnstigen und sich auf l\u00e4ngere Zeit bestandsgef\u00e4hrdend auswirken. Hausbesitzer, die mit diesem<br \/>\nThema konfrontiert sind, sollten \u00fcber eine gr\u00f6\u00dfere Bauwerksabdichtung nachdenken. Eine fachgerecht ausgef\u00fchrte Bauwerksabdichtung l\u00f6st das Feuchtigkeitsproblem dauerhaft und sichert den Wert eines Geb\u00e4udes.  <\/p>\n<p>Die fachm\u00e4nnisch ausgef\u00fchrte Bauwerksabdichtung ist eine Ma\u00dfnahme, die sich lohnt. Um bedrohliche Sch\u00e4den und m\u00f6gliche Gefahrenherde zu identizifizieren, sollte das jeweilige Bauwerk von einem Fachmann begutachtet werden.<br \/>\nNur der spezialisierte Anbieter kann zweifelsfrei beurteilen, inwieweit und in welcher Weise eine Bauwerksabdichtung sinnvoll ist.<br \/>\nSetzen Sie also bitte ausschlie\u00dflich auf Spezialkenntnisse und mehrj\u00e4hrige Routine, wenn Sie ein umfangreiches Vorhaben in Angriff nehmen m\u00f6chten. <\/p>\n<h3>Bauwerksabdichtung: Fragen Sie den Fachbetrieb!<\/h3>\n<p>Die Bauwerksabdichtung verfolgt den Anspruch, ein Haus nachhaltig gegen das Eindringen von Feuchtigkeit zu bewahren.<br \/>\nSpricht man von Bauwerksabdichtung, so f\u00e4llt h\u00e4ufig auch der Ausdruck D\u00e4mmung.<br \/>\nAls Fachwort greift dieser Ausdruck freilich doch zu kurz. Sehr regelm\u00e4\u00dfig wird die Bauwerksabdichtung bei der Sanierung oder Erneuerung von Kellern und Untergeschossen angewendet. Allerdings auch bei Flachdachh\u00e4usern und beim Terrassenbau sind Vorkehrungen der Bauwerksabdichtung immer wieder angebracht.<\/p>\n","protected":false},"excerpt":{"rendered":"<p>Bauwerksabdichtung: Unsere Mitarbeiter stehen f\u00fcr Sie bereit! Nasses Mauerwerk ist eine akute Bedrohung f\u00fcr die Substanz eines Geb\u00e4udes. Vor allem ein gestiegener Grundwasserspiegel und die unvorteilhafte Hanglage eines Hauses k\u00f6nnen Feuchtigkeitssch\u00e4den beg\u00fcnstigen und sich auf l\u00e4ngere Zeit bestandsgef\u00e4hrdend auswirken. Hausbesitzer, die mit diesem Thema konfrontiert sind, sollten \u00fcber eine gr\u00f6\u00dfere Bauwerksabdichtung nachdenken. Eine fachgerecht ausgef\u00fchrte [&hellip;]<\/p>\n","protected":false},"author":1,"featured_media":0,"parent":0,"menu_order":0,"comment_status":"closed","ping_status":"closed","template":"","meta":{"footnotes":""},"class_list":["post-132","page","type-page","status-publish","hentry"],"meta_box":{"popseo_subtitel":"Wir sind Ihr Partner in Sachen Bauwerksabdichtung in Glinde Sachsenwald","popseo_subtitel2":"Bauwerksabdichtung - unsere Experten informieren Sie gerne \u00fcber Ihre M\u00f6glichkeiten","popseo_lasttitel":"Bauwerksabdichtung: F\u00fcr weitere Informationen sprechen Sie uns bitte an","popseo_region":"Glinde Sachsenwald","popseo_sachwort":"Bauwerksabdichtung","popseo_noupdate":"","popseo_einleitungstext":"<p>Kellerr\u00e4ume, Mauern oder W\u00e4nde Ihrer Immobilie weisen Durchfeuchtungen und damit einen echten Sanierungbedarf auf. Dann ist es an der Zeit, sich \u00fcber eine fachm\u00e4nnisch ausgef\u00fchrte Trocknung Gedanken zu machen. Unser Fachbetrieb ist auf die Bauwerksabdichtung spezialisiert. Zu den Hauptaufgaben unseres Unternehmens z\u00e4hlen zum Beispiel die Bereiche Kellerabdichtung, Mauertrockenlegung und Schimmelbeseitigung. Der nachhaltigen Sanierung gilt unsere Aufmersamkeit. Wir beraten fachsicher, wie Sie Ihr Geb\u00e4ude preisg\u00fcnstig und umweltgerecht sanieren k\u00f6nnen. Ein paar erste Informationen hierzu lesen Sie nachfolgend auf diesen Seiten.<\/p>","popseo_schlusstext":"<p>Sie suchen einen Fachpartner f\u00fcr die sachgerechte Umsetzung der Innen- und Au\u00dfenabdichtung. Dann rufen Sie uns bitte rasch an. Wir freuen uns auf das Gespr\u00e4ch mit Ihnen. Wenn es um Sanierung geht, sind wir Ihr erfahrener Handwerkspartner. Wir versprechen Ihnen eine fachgerecht ausgef\u00fchrte Arbeit nach dem jeweils neuesten Stand der Technik.<\/p>","popseo_stadttext":"<h3>Unser Einzugsbereich umfasst auch die Region Glinde \/ Sachsenwald<\/h3>\n<p>Sie leben in  in der N\u00e4he vom Sachsenwald oder in Glinde und sind hier im World Wide Web auf unsere Website gesto\u00dfen? Das finden wir toll. Sehr gerne pr\u00e4sentieren wir Ihnen unser komplettes Leistungsspektrum und beantworten Ihre Fragen. Durch unsere Gesch\u00e4ftst\u00e4tigkeit haben wir uns einen sehr guten \u00dcberblick \u00fcber die Architektur der St\u00e4dte und Gemeinden unseres Einzugsbereiches erarbeiten k\u00f6nnen. Nat\u00fcrlich geh\u00f6rt auch die Region Glinde \/ Sachsenwald zu unserem unmittelbaren Gesch\u00e4ftsgebiet. Wir freuen uns darauf, mit Ihnen in Kontakt zu kommen. <\/p>\n<h3>Ein paar Hintergrundinformationen zur Region Glinde \/ Sachsenwald<\/h3>\n<p>Die Stormarner Gemeinde Glinde geh\u00f6rt zur der Metropolregion Hamburg und knapp 20 Kilometer in s\u00fcd\u00f6stlicher Randlage zur Hansestadt gelegen. Durch die Anbindung an das Verkehrsnetz des HVV sowie an die Verkehrsbetriebe Hamburg- Holstein sind Ausflugsziele in der n\u00e4heren Umgebung oder nat\u00fcrlich auch die Hamburger City von Glinde aus schnell erreichbar.<br \/>\nInsgesamt acht Busstrecken bilden \u00f6ffentlichen Personennahverkehr von Glinde nach Hamburg bzw. in die angrenzenden Gemeinden. Ferner besteht eine direkte Verbindung mit der Bahn nach Hamburg. \u00dcber den Hamburger Hauptbahnbahnhof erh\u00e4lt man Anschluss an das gesamte Verkehrsnetz. Zus\u00e4tzlich besteht noch die M\u00f6glichkeit, den Metronombus zu nutzen, mit dem man von Glinde nach Hamburg knapp eine Dreiviertelstunde ben\u00f6tigt. Auch f\u00fcr den PKW stehen viele \u00fcberregionale Verkehrsanbindungen zur Verf\u00fcgung. Gleich zwei Autobahnanschl\u00fcsse liegen in direkter Nachbarschaft. \u00dcber die Schnellstra\u00dfe A24 (AS Reinbek\/Glinde) bzw. die Schnellstra\u00dfe A1 erreicht man schnell sein Ziel.<br \/>\nWegen seiner ausgezeichneten Infrastruktur hat sich Glinde zu einem beliebten Wohnquartier gemausert.  Mehr als die H\u00e4lfte des Stadtgebietes von Glinde wird landwirtschaftlich genutzt oder besteht aus Park- oder Wasserfl\u00e4chen. <\/p>\n<h3>Ein Idyll vor der Haust\u00fcr: Der Sachsenwald<\/h3>\n<p>Nicht weit von Glinde entfernt, findet sich der Sachsenwald. Mit seiner Gesamtfl\u00e4che von cirka 70 km\u00b2 gilt der Sachsenwald als ausgedehntestes Waldgebiet von Schleswig-Holstein. Der Sachsenwald ist ein gemeindefreies Territorium. Es grenzt an die Kreise Stormarn sowie Herzogtum Lauenburg. Naturfreunde haben im Sachsenwald ein absolutes Paradies. Ein erquickender Spaziergang durch das wunderbare Waldgebiet bietet Mu\u00dfe und Erholung. Viele Tiere und Pflanzen haben im Sachsenwald ihren Raum gefunden. Die heimische Tierwelt hat im Sachsenwald einen in weiten Bereichen intakten Lebensraum. Der Sachsenwald teilt sich in die Bereiche Aum\u00fchle, Wohltorf und Friedrichsruh\/Stangenteich auf. Die dazugeh\u00f6rigen Ortschaften erfreuen sich als exklusive Wohnquartiere besonderer Popularit\u00e4t.<\/p>\n<h4>Privat- und Gesch\u00e4ftskunden aus Glinde und den Gemeinden am Sachsenwald sch\u00e4tzen unsere Leistungen!<\/h4>\n<p>Sie wohnen in Glinde oder einer der romantischen Orte am Sachsenwald, interessieren sich f\u00fcr unser Angebot und haben deshalb unsere Website besucht? Das freut uns sehr. Unser engagiertes Team nimmt gerne Ihren Anruf entgegen oder beantwortet Ihre E-Mail.<\/p>","popseo_zusatztext":"<h3>Wir haben die Kosten im Blick<\/h3>\n<p>Sie haben Interesse an Trocknungs- oder Sanierungsarbeiten und m\u00f6chten gerne ein individuelles Angebot, das eine qualitativ gute Arbeit garantiert, gleichzeitig aber keine hohen Kosten nach sich zieht. Toll, in diesem Fall sind Sie bei uns genau richtig. Als Spezialist f\u00fcr Bauwerksabdichtung, Kellersanierung und Schimmelbeseitigung verarbeiten wir ausnahmslos hochwertige Materialien. Nichtsdestotrotz achten wir immer auf die Kosten, die nat\u00fcrlich nicht zu hoch sein sollen. Wir m\u00f6chten Ihnen Qualit\u00e4t bieten, die zugleich auch die Kosten im Blick beh\u00e4lt. Bei uns stimmen Kosten und Leistung: Schon seit etlichen Jahren sind wir Ihr erfahrener Fachbetrieb f\u00fcr Trocknungs- und Sanierungsarbeiten im norddeutschen Raum. Unser Firmensitz liegt verkehrsg\u00fcnstig in Brietlingen bei L\u00fcndeburg. Die Kosten stets im Blick: Wir garantieren eine einwandfrei durchgef\u00fchrte Sanierungsarbeit nach dem stets neuesten Stand der Technik.<\/p>\n<h3>Kosten vs. Leistung: Eine Sanierung rechnet sich!<\/h3>\n<p>D\u00fcrfen wir Sie informieren, wie Sie die Kosten f\u00fcr eine Sanierung begrenzen k\u00f6nnen? Super, dann z\u00f6gern Sie bitte nicht und nehmen am besten noch heute Kontakt mit uns auf. Ein kurzer Telefonanruf oder auch eine kurze eMail gen\u00fcgen. Die gute und umfangreiche Beratung ist genauso wichtig wie die fachgerechte Ausf\u00fchrung der entprechenden Arbeiten. Unsere fachliche Beratung ist selbstverst\u00e4ndlich absolut unverbindlich. Qualit\u00e4tsbewusst bei niedrigen Kosten: Wir empfehlen uns als spezialisiertes Unternehmen im Norden. Unsere langj\u00e4hrige Erfahrung spricht f\u00fcr uns.<br \/>\nSenken Sie die Kosten f\u00fcr Ihre Geb\u00e4udesanierung: Vertrauen Sie den Spezialisten der Firma Keul.<\/p>","popseo_links":"<a href=\"https:\/\/bautenschutz-keul.de\/angebote\/kellertrockenlegung-stelle\/\">Kellertrockenlegung Stelle<\/a>, <a href=\"https:\/\/bautenschutz-keul.de\/angebote\/rissverpressung-bad-bevensen\/\">Rissverpressung Bad Bevensen<\/a>, <a href=\"https:\/\/bautenschutz-keul.de\/angebote\/zerstoerter-putz-bienenbuettel\/\">zerst\u00f6rter Putz Bienenb\u00fcttel<\/a>, <a href=\"https:\/\/bautenschutz-keul.de\/angebote\/schimmelsanierung-bergedorf-wentorf\/\">Schimmelsanierung Bergedorf Wentorf<\/a>, <a href=\"https:\/\/bautenschutz-keul.de\/angebote\/aufsteigende-feuchtigkeit-hanstedt\/\">aufsteigende Feuchtigkeit Hanstedt<\/a>, <a href=\"https:\/\/bautenschutz-keul.de\/angebote\/feuchte-mauer-seevetal-rosengarten\/\">Feuchte Mauer Seevetal Rosengarten<\/a>, <a href=\"https:\/\/bautenschutz-keul.de\/angebote\/schimmel-harburg\/\">Schimmel Harburg<\/a>, <a href=\"https:\/\/bautenschutz-keul.de\/angebote\/schimmelsanierung-geesthacht\/\">Schimmelsanierung Geesthacht<\/a>, <a href=\"https:\/\/bautenschutz-keul.de\/angebote\/rissverpressung-seevetal-rosengarten\/\">Rissverpressung Seevetal Rosengarten<\/a>, <a href=\"https:\/\/bautenschutz-keul.de\/angebote\/feuchte-wand-bienenbuettel\/\">Feuchte Wand Bienenb\u00fcttel<\/a>, <a href=\"https:\/\/bautenschutz-keul.de\/angebote\/feuchter-keller-reppenstedt\/\">Feuchter Keller Reppenstedt<\/a>, <a href=\"https:\/\/bautenschutz-keul.de\/angebote\/zerstoerter-putz-brietlingen\/\">zerst\u00f6rter Putz Brietlingen<\/a>, <a href=\"https:\/\/bautenschutz-keul.de\/angebote\/feuchtigkeitsschaden-bardowick\/\">Feuchtigkeitsschaden Bardowick<\/a>, <a href=\"https:\/\/bautenschutz-keul.de\/angebote\/rissverpressung-schwarzenbek\/\">Rissverpressung Schwarzenbek<\/a>, <a href=\"https:\/\/bautenschutz-keul.de\/angebote\/schimmelbeseitigung-seevetal-rosengarten\/\">Schimmelbeseitigung Seevetal Rosengarten<\/a>, <a href=\"https:\/\/bautenschutz-keul.de\/angebote\/schimmel-hanstedt\/\">Schimmel Hanstedt<\/a>, <a href=\"https:\/\/bautenschutz-keul.de\/angebote\/zerstoerter-putz-tostedt-sittensen\/\">zerst\u00f6rter Putz Tostedt Sittensen<\/a>, <a href=\"https:\/\/bautenschutz-keul.de\/angebote\/innenabdichtung-lueneburg\/\">Innenabdichtung L\u00fcneburg<\/a>, <a href=\"https:\/\/bautenschutz-keul.de\/angebote\/mauertrockenlegung-ebstorf\/\">Mauertrockenlegung Ebstorf<\/a>, <a href=\"https:\/\/bautenschutz-keul.de\/angebote\/feuchte-mauer-brietlingen\/\">Feuchte Mauer Brietlingen<\/a>, <a href=\"https:\/\/bautenschutz-keul.de\/angebote\/feuchtigkeit-brietlingen\/\">Feuchtigkeit Brietlingen<\/a>, <a href=\"https:\/\/bautenschutz-keul.de\/angebote\/schimmel-brietlingen\/\">Schimmel Brietlingen<\/a>, <a href=\"https:\/\/bautenschutz-keul.de\/angebote\/salpeter-im-keller-amt-neuhaus\/\">Salpeter im Keller Amt Neuhaus<\/a>, <a href=\"https:\/\/bautenschutz-keul.de\/angebote\/kellersanierung-hanstedt\/\">Kellersanierung Hanstedt<\/a>, <a href=\"https:\/\/bautenschutz-keul.de\/angebote\/feuchter-keller-boizenburg\/\">Feuchter Keller Boizenburg<\/a>, <a href=\"https:\/\/bautenschutz-keul.de\/angebote\/kellersanierung-boizenburg\/\">Kellersanierung Boizenburg<\/a>, <a href=\"https:\/\/bautenschutz-keul.de\/angebote\/schimmelbeseitigung-adendorf\/\">Schimmelbeseitigung Adendorf<\/a>, <a href=\"https:\/\/bautenschutz-keul.de\/angebote\/mauertrockenlegung-bergedorf-wentorf\/\">Mauertrockenlegung Bergedorf Wentorf<\/a>"},"_links":{"self":[{"href":"https:\/\/bautenschutz-keul.de\/angebote\/wp-json\/wp\/v2\/pages\/132","targetHints":{"allow":["GET"]}}],"collection":[{"href":"https:\/\/bautenschutz-keul.de\/angebote\/wp-json\/wp\/v2\/pages"}],"about":[{"href":"https:\/\/bautenschutz-keul.de\/angebote\/wp-json\/wp\/v2\/types\/page"}],"author":[{"embeddable":true,"href":"https:\/\/bautenschutz-keul.de\/angebote\/wp-json\/wp\/v2\/users\/1"}],"replies":[{"embeddable":true,"href":"https:\/\/bautenschutz-keul.de\/angebote\/wp-json\/wp\/v2\/comments?post=132"}],"version-history":[{"count":0,"href":"https:\/\/bautenschutz-keul.de\/angebote\/wp-json\/wp\/v2\/pages\/132\/revisions"}],"wp:attachment":[{"href":"https:\/\/bautenschutz-keul.de\/angebote\/wp-json\/wp\/v2\/media?parent=132"}],"curies":[{"name":"wp","href":"https:\/\/api.w.org\/{rel}","templated":true}]}}