{"id":135,"date":"2021-09-13T08:43:32","date_gmt":"2021-09-13T06:43:32","guid":{"rendered":"https:\/\/bautenschutz-keul.de\/angebote\/bauwerksabdichtung-herzogtum-lauenburg\/"},"modified":"2021-09-13T08:43:32","modified_gmt":"2021-09-13T06:43:32","slug":"bauwerksabdichtung-herzogtum-lauenburg","status":"publish","type":"page","link":"https:\/\/bautenschutz-keul.de\/angebote\/bauwerksabdichtung-herzogtum-lauenburg\/","title":{"rendered":"Bauwerksabdichtung &#8211; Herzogtum Lauenburg"},"content":{"rendered":"<h3>Bauwerksabdichtung: Wir helfen schnell und kompetent!<\/h3>\n<p>Nasses Mauerwerk ist eine ernstzunehmende Gef\u00e4hrdung f\u00fcr die Substanz eines Bauwerkes. Insbesondere ein erh\u00f6hter Grundwasserspiegel oder die unvorteilhafte Hanglage eines Hauses k\u00f6nnen Durchfeuchtungen beg\u00fcnstigen und sich auf lange Dauer bestandsgef\u00e4hrdend auswirken. Hausbesitzer, die mit diesem<br \/>\nProblem konfrontiert sind, sollten \u00fcber eine ausgedehnte Bauwerksabdichtung nachdenken. Eine fachgerecht ausgef\u00fchrte Bauwerksabdichtung regelt das Feuchtigkeitsproblem anhaltend und sichert den Wert eines Hauses.  <\/p>\n<p>Die gekonnt erledigte Bauwerksabdichtung ist eine Ma\u00dfnahme, die sich rechnet. Um aktuelle Sch\u00e4den und vermutete Gefahrenherde zu erkennen, sollte das jeweilige Bauwerk von einem Spezialisten in Augenschein genommen werden.<br \/>\nNur der Experte kann zweifelsfrei beurteilen, inwiefern und in welcher Weise eine Bauwerksabdichtung sinnvoll sein kann.<br \/>\nVertrauen Sie also bitte nur auf Profiwissen und langj\u00e4hrige Praxis, falls Sie ein umfassendes Projekt starten wollen. <\/p>\n<h3>Sie interessieren sich f\u00fcr eine Bauwerksabdichtung? Dann rufen Sie uns bitte an!<\/h3>\n<p>Die Bauwerksabdichtung verfolgt den Zweck, ein Geb\u00e4ude dauerhaft gegen das Einsickern von Feuchtigkeit zu bewahren.<br \/>\nSpricht man von Bauwerksabdichtung, so f\u00e4llt oft auch der Ausdruck Isolierung.<br \/>\nAls Fachterminus greift dieser Begriff aber ein bisschen zu kurz. Sehr oft wird die Bauwerksabdichtung bei der Sanierung oder Erneuerung von Kellern und Tiefgeschossen durchgef\u00fchrt. Jedoch auch bei Flachdachh\u00e4usern und beim Verandabau sind Vorkehrungen der Bauwerksabdichtung oft von N\u00f6ten.<\/p>\n","protected":false},"excerpt":{"rendered":"<p>Bauwerksabdichtung: Wir helfen schnell und kompetent! Nasses Mauerwerk ist eine ernstzunehmende Gef\u00e4hrdung f\u00fcr die Substanz eines Bauwerkes. Insbesondere ein erh\u00f6hter Grundwasserspiegel oder die unvorteilhafte Hanglage eines Hauses k\u00f6nnen Durchfeuchtungen beg\u00fcnstigen und sich auf lange Dauer bestandsgef\u00e4hrdend auswirken. Hausbesitzer, die mit diesem Problem konfrontiert sind, sollten \u00fcber eine ausgedehnte Bauwerksabdichtung nachdenken. Eine fachgerecht ausgef\u00fchrte Bauwerksabdichtung regelt [&hellip;]<\/p>\n","protected":false},"author":1,"featured_media":0,"parent":0,"menu_order":0,"comment_status":"closed","ping_status":"closed","template":"","meta":{"footnotes":""},"class_list":["post-135","page","type-page","status-publish","hentry"],"meta_box":{"popseo_subtitel":"Wir sind Ihr Fachanbieter in Sachen Bauwerksabdichtung in Herzogtum Lauenburg","popseo_subtitel2":"Bauwerksabdichtung - unsere Fachleute beraten Sie gerne","popseo_lasttitel":"Bauwerksabdichtung: F\u00fcr weitere Informationen sprechen Sie uns bitte an","popseo_region":"Herzogtum Lauenburg","popseo_sachwort":"Bauwerksabdichtung","popseo_noupdate":"","popseo_einleitungstext":"<p>Die Firma TK-Geb\u00e4udetechnik Thorsten Keul ist Ihr erfahrener und qualifizierter Fachbetrieb f\u00fcr Kellertrockenlegung, Bauwerksabdichtung und Schimmelbeseitigung. Mit unserem Unternehmenssitz in Brietlingen bei L\u00fcneburg decken wir ein fl\u00e4chenm\u00e4\u00dfig gro\u00dfes Gebiet ab. Zu unseren T\u00e4tigkeitsschwerpunkten geh\u00f6ren u.a. Methoden gegen aufsteigende Feuchtigkeit, die Kellerabdichtung, das Setzen von Horizontalsperren und ganz allgemein Arbeiten rund um die Themen Sanierung und Abdichtung. Fachgerecht und kompetent f\u00fchren wir f\u00fcr Sie alle anfallenden Arbeiten aus - so wie Sie es von einem kompetenten Fachbetrieb erwarten k\u00f6nnen. Auf den n\u00e4chsten Seiten d\u00fcrfen wir Ihnen unser Aufgabenfeld etwas n\u00e4her vorstellen.<\/p>","popseo_schlusstext":"<p>Sie ben\u00f6tigen einen Fachpartner f\u00fcr die fachgerecht ausgef\u00fchrte Bauwerksabdichtung. Dann melden Sie sich am besten noch heute bei uns. Wir freuen uns auf das Gespr\u00e4ch mit Ihnen. Wenn es um Sanierung geht, sind wir Ihr erfahrener Handwerkspartner. Wir stehen f\u00fcr eine einwandfrei ausgef\u00fchrte Arbeit nach dem stets neuesten Stand der Technik.<\/p>","popseo_stadttext":"<h3>Anfragen erhalten wir auch aus dem Kreis Herzogtum Lauenburg<\/h3>\n<p>Durch unsere Vertriebst\u00e4tigkeit haben wir uns einen ausgezeichneten \u00dcberblick \u00fcber die Stadtarchitektur der St\u00e4dte und Gemeinden unseres Einzugsbereiches erarbeiten k\u00f6nnen. Selbstverst\u00e4ndlich z\u00e4hlt auch der Landkreis Herzogtum Lauenburg zu unserem unmittelbaren Vertriebsgebiet. Wir freuen uns darauf, mit Ihnen ins Gespr\u00e4ch zu treten. <\/p>\n<h3>Wissenswertes \u00fcber den Kreis Herzogtum Lauenburg<\/h3>\n<p>Der Landkreis Herzogtum Lauenburg zieht sich \u00fcber in etwa 1200 Quadratkilometer und ist Heimat von ungef\u00e4hr 190.000 B\u00fcrgern. Die gr\u00f6\u00dfen St\u00e4dte im Landkreis Herzogtum Lauenburg sind neben der Kreisstadt Lauenburg die Orte Geesthacht, Ratzeburg und M\u00f6lln. <\/p>\n<p>Der Kreis Herzogtum Lauenburg geh\u00f6rt zum Gro\u00dfraum Hamburg. Der Kreis Herzogtum Lauenburg liegt sehr verkehrsg\u00fcnstig im S\u00fcdosten von Hamburg, was daran ersichtlich wird, dass die eher l\u00e4ndliche Region dem HVV angeh\u00f6rt. Mit dem Automobil kommt man \u00fcber die Autobahnen 1, 24 und 25 in den Kreis Herzogtum Lauenburg. Z\u00fcge der Deuschen Bahn f\u00e4hrt den Landkreis Herzogtum Lauenburg u.a. \u00fcber die Linien nach Ratzeburg, M\u00f6lln sowie Schwarzenbek an.<\/p>\n<h3>Herzogtum Lauenburg: Perfekt f\u00fcr junge Familien<\/h3>\n<p>Der Landkreis Herzogtum Lauenburg ist ausgesprochen gesch\u00e4tzt bei Pendlern. Wer in der Gro\u00dfstadt seinen Arbeitgeber hat, erreicht seine Heimstatt im Kreis Herzogtum Lauenburg in der Regel in circa 45 min. Arbeiten in der Metropole, wohnen in l\u00e4ndlicher Umgebung: Ein Weg, der besonders f\u00fcr junge Familien erstrebenswert ist. <\/p>\n<p>Der Landkreis Herzogtum Lauenburg zeichnet sich durch einen hohen Wohn- und Freizeitwert und eine gute Lebensqualit\u00e4t aus. Das Kreisgebiet verf\u00fcgt \u00fcber viele Naturgebiete, die sich sehr gut auf zwei Sohlen oder mit dem Mountainbike entdecken lassen.<\/p>\n<h4>Privat- und Gesch\u00e4ftskunden aus dem Kreis Herzogtum Lauenburg sch\u00e4tzen unsere Leistungen!<\/h4>\n<p>Wir finden es prima, dass Sie unsere Website entdeckt haben. Ob M\u00f6lln, Geesthacht oder Ratzeburg: Unser Fachunternehmen steht f\u00fcr ein sehr gutes Preis-Leistungs-Verh\u00e4ltnis. Sie m\u00f6chten mehr \u00fcber uns wissen? F\u00fcr R\u00fcckfragen stehen wir Ihnen jederzeit zur Verf\u00fcgung. Auf Ihre Anfragen freuen wir uns.<\/p>","popseo_zusatztext":"<h3>Hohe Kosten? Nicht bei uns!<\/h3>\n<p>Sie haben Interesse an Trocknungs- oder Sanierungsarbeiten und w\u00fcnschen sich ein entsprechendes Angebot, das eine handwerklich gute Arbeit garantiert, gleichzeitig aber keine hohen Kosten verursacht. Toll, in diesem Fall sind Sie bei uns an der richtigen Adresse. Als Fachbetrieb f\u00fcr Schimmelbeseitigung, Geb\u00e4udeabdichtung und Kellersanierung verarbeiten wir ausnahmslos hochwertige Materialien. Nichtsdestotrotz schauen wir immer auf die Kosten, die selbstverst\u00e4ndlich \u00fcberschaubar bleiben sollen. Wir m\u00f6chten Ihnen beste Qualit\u00e4t anbieten, die trotzdem auch die Kosten im Blick hat. Bei uns stimmen Kosten und Leistung: Schon seit etlichen Jahren sind wir Ihr qualifizierter Partner f\u00fcr Trocknungs- und Sanierungsarbeiten im norddeutschen Raum. Unser Firmensitz liegt verkehrsg\u00fcnstig in Brietlingen bei L\u00fcndeburg. Die Kosten stets vor Augen: Wir versprechen Ihnen eine sachkundig ausgef\u00fchrte Arbeit nach dem immer derzeitigen Stand der Technik.<\/p>\n<h3>Trocknung und Sanierung durch die Firma Wist: Beste Arbeit, geringe Kosten!<\/h3>\n<p>D\u00fcrfen wir Sie informieren, wie Sie die Kosten f\u00fcr eine Sanierung reduzieren? Klasse, dann warten Sie bitte nicht und nehmen am besten noch heute Kontakt mit uns auf. Ein kurzer Telefonanruf oder auch eine schnelle Email gen\u00fcgen. Eine fachm\u00e4nnische Beratung ist genauso wichtig wie die korrekte Ausf\u00fchrung der entprechenden Arbeiten. Unsere fachliche Beratung ist selbstverst\u00e4ndlich absolut unverbindlich. Beste Qualit\u00e4t bei \u00fcberschaubaren Kosten: Wir empfehlen uns als spezialisiertes Fachunternehmen in Norddeutschland. Unsere jahrelange Erfahrung spricht f\u00fcr uns.<br \/>\nMinimieren Sie die Kosten f\u00fcr Ihr Sanierungsprojekt: Setzen Sie auf die Profis der Fachfirma Keul.<\/p>","popseo_links":"<a href=\"https:\/\/bautenschutz-keul.de\/angebote\/kellertrockenlegung-ebstorf\/\">Kellertrockenlegung Ebstorf<\/a>, <a href=\"https:\/\/bautenschutz-keul.de\/angebote\/schimmel-winsen-luhe\/\">Schimmel Winsen Luhe<\/a>, <a href=\"https:\/\/bautenschutz-keul.de\/angebote\/kellertrockenlegung-bispingen\/\">Kellertrockenlegung Bispingen<\/a>, <a href=\"https:\/\/bautenschutz-keul.de\/angebote\/zerstoerter-putz-boizenburg\/\">zerst\u00f6rter Putz Boizenburg<\/a>, <a href=\"https:\/\/bautenschutz-keul.de\/angebote\/horizontalsperre-brietlingen\/\">Horizontalsperre Brietlingen<\/a>, <a href=\"https:\/\/bautenschutz-keul.de\/angebote\/feuchtigkeitsschaden-maschen\/\">Feuchtigkeitsschaden Maschen<\/a>, <a href=\"https:\/\/bautenschutz-keul.de\/angebote\/feuchtigkeitsschaden-tostedt-sittensen\/\">Feuchtigkeitsschaden Tostedt Sittensen<\/a>, <a href=\"https:\/\/bautenschutz-keul.de\/angebote\/schimmelsanierung-herzogtum-lauenburg\/\">Schimmelsanierung Herzogtum Lauenburg<\/a>, <a href=\"https:\/\/bautenschutz-keul.de\/angebote\/kellerabdichtung-jesteburg\/\">Kellerabdichtung Jesteburg<\/a>, <a href=\"https:\/\/bautenschutz-keul.de\/angebote\/aufsteigende-feuchtigkeit-adendorf\/\">aufsteigende Feuchtigkeit Adendorf<\/a>, <a href=\"https:\/\/bautenschutz-keul.de\/angebote\/schimmel-buechen\/\">Schimmel B\u00fcchen<\/a>, <a href=\"https:\/\/bautenschutz-keul.de\/angebote\/mauertrockenlegung-lueneburg\/\">Mauertrockenlegung L\u00fcneburg<\/a>, <a href=\"https:\/\/bautenschutz-keul.de\/angebote\/feuchte-mauer-bergedorf-wentorf\/\">Feuchte Mauer Bergedorf Wentorf<\/a>, <a href=\"https:\/\/bautenschutz-keul.de\/angebote\/kellerabdichtung-stelle\/\">Kellerabdichtung Stelle<\/a>, <a href=\"https:\/\/bautenschutz-keul.de\/angebote\/aufsteigende-feuchtigkeit-buechen\/\">aufsteigende Feuchtigkeit B\u00fcchen<\/a>, <a href=\"https:\/\/bautenschutz-keul.de\/angebote\/aussenabdichtung-schwarzenbek\/\">Au\u00dfenabdichtung Schwarzenbek<\/a>, <a href=\"https:\/\/bautenschutz-keul.de\/angebote\/feuchte-wand-harburg\/\">Feuchte Wand Harburg<\/a>, <a href=\"https:\/\/bautenschutz-keul.de\/angebote\/schimmelbeseitigung-amelinghausen\/\">Schimmelbeseitigung Amelinghausen<\/a>, <a href=\"https:\/\/bautenschutz-keul.de\/angebote\/aufsteigende-feuchtigkeit-bergedorf-wentorf\/\">aufsteigende Feuchtigkeit Bergedorf Wentorf<\/a>, <a href=\"https:\/\/bautenschutz-keul.de\/angebote\/kellerabdichtung-amt-neuhaus\/\">Kellerabdichtung Amt Neuhaus<\/a>, <a href=\"https:\/\/bautenschutz-keul.de\/angebote\/salpeter-im-keller-glinde-sachsenwald\/\">Salpeter im Keller Glinde Sachsenwald<\/a>, <a href=\"https:\/\/bautenschutz-keul.de\/angebote\/feuchtigkeit-winsen-luhe\/\">Feuchtigkeit Winsen Luhe<\/a>, <a href=\"https:\/\/bautenschutz-keul.de\/angebote\/schimmelbeseitigung-bergedorf-wentorf\/\">Schimmelbeseitigung Bergedorf Wentorf<\/a>, <a href=\"https:\/\/bautenschutz-keul.de\/angebote\/rissverpressung-glinde-sachsenwald\/\">Rissverpressung Glinde Sachsenwald<\/a>, <a href=\"https:\/\/bautenschutz-keul.de\/angebote\/salpeter-im-keller-buechen\/\">Salpeter im Keller B\u00fcchen<\/a>, <a href=\"https:\/\/bautenschutz-keul.de\/angebote\/kellertrockenlegung-maschen\/\">Kellertrockenlegung Maschen<\/a>, <a href=\"https:\/\/bautenschutz-keul.de\/angebote\/feuchter-keller-hanstedt\/\">Feuchter Keller Hanstedt<\/a>, <a href=\"https:\/\/bautenschutz-keul.de\/angebote\/kellertrockenlegung-buchholz-in-der-nordheide\/\">Kellertrockenlegung Buchholz in der Nordheide<\/a>"},"_links":{"self":[{"href":"https:\/\/bautenschutz-keul.de\/angebote\/wp-json\/wp\/v2\/pages\/135","targetHints":{"allow":["GET"]}}],"collection":[{"href":"https:\/\/bautenschutz-keul.de\/angebote\/wp-json\/wp\/v2\/pages"}],"about":[{"href":"https:\/\/bautenschutz-keul.de\/angebote\/wp-json\/wp\/v2\/types\/page"}],"author":[{"embeddable":true,"href":"https:\/\/bautenschutz-keul.de\/angebote\/wp-json\/wp\/v2\/users\/1"}],"replies":[{"embeddable":true,"href":"https:\/\/bautenschutz-keul.de\/angebote\/wp-json\/wp\/v2\/comments?post=135"}],"version-history":[{"count":0,"href":"https:\/\/bautenschutz-keul.de\/angebote\/wp-json\/wp\/v2\/pages\/135\/revisions"}],"wp:attachment":[{"href":"https:\/\/bautenschutz-keul.de\/angebote\/wp-json\/wp\/v2\/media?parent=135"}],"curies":[{"name":"wp","href":"https:\/\/api.w.org\/{rel}","templated":true}]}}