{"id":138,"date":"2021-09-13T08:43:32","date_gmt":"2021-09-13T06:43:32","guid":{"rendered":"https:\/\/bautenschutz-keul.de\/angebote\/bauwerksabdichtung-maschen\/"},"modified":"2021-09-13T08:43:32","modified_gmt":"2021-09-13T06:43:32","slug":"bauwerksabdichtung-maschen","status":"publish","type":"page","link":"https:\/\/bautenschutz-keul.de\/angebote\/bauwerksabdichtung-maschen\/","title":{"rendered":"Bauwerksabdichtung &#8211; Maschen"},"content":{"rendered":"<h3>Bauwerksabdichtung: Wir helfen schnell und kompetent!<\/h3>\n<p>Feuchtes Mauerwerk ist eine ernsthafte Gef\u00e4hrdung f\u00fcr die Bausubstanz eines Bauwerkes. Besonders ein hoher Grundwasserspiegel oder auch die leichte Hanglage einer Immobilie k\u00f6nnen Durchfeuchtungen erleichtern und sich langfristig bestandsgef\u00e4hrdend auswirken. Hausbesitzer, die mit diesem<br \/>\nProblem konfrontiert sind, sollten \u00fcber eine umfassende Bauwerksabdichtung nachdenken. Eine fachgerecht ausgef\u00fchrte Bauwerksabdichtung erledigt das Feuchtigkeitsproblem nachhaltig und sichert den Wert eines Geb\u00e4udes.  <\/p>\n<p>Die gekonnt umgesetzte Bauwerksabdichtung ist eine Ma\u00dfnahme, die sich rentiert. Um bedrohliche Defekte oder vermutete Gefahrenherde zu identizifizieren, sollte das betroffene Haus von einem spezialisierten Anbieter in Augenschein genommen werden.<br \/>\nNur der Experte kann mit Sicherheit beurteilen, inwiefern und in welcher Art eine Bauwerksabdichtung ratsam ist.<br \/>\nVertrauen Sie also bitte ausschlie\u00dflich auf Spezialkenntnisse und langj\u00e4hrige Erfahrung, wenn Sie ein umfassendes Vorhaben beginnen m\u00f6chten. <\/p>\n<h3>Bauwerksabdichtung: Unser Unternehmen k\u00fcmmert sich darum!<\/h3>\n<p>Die Bauwerksabdichtung verfolgt die Absicht, ein Geb\u00e4ude auf lange Zeit gegen das Eindringen von Feuchtigkeit zu sch\u00fctzen.<br \/>\nSpricht man von Bauwerksabdichtung, so f\u00e4llt oft auch der Begriff Isolierung.<br \/>\nAls Fachterminus greift dieser Ausdruck allerdings eine Nuance zu kurz. Recht h\u00e4ufig wird die Bauwerksabdichtung bei der Sanierung und Erneuerung von Kellern und Tiefgeschossen genutzt. Aber auch bei Flachdachbauten und beim Terrassenbau sind Ma\u00dfnahmen der Bauwerksabdichtung oft unumg\u00e4nglich.<\/p>\n","protected":false},"excerpt":{"rendered":"<p>Bauwerksabdichtung: Wir helfen schnell und kompetent! Feuchtes Mauerwerk ist eine ernsthafte Gef\u00e4hrdung f\u00fcr die Bausubstanz eines Bauwerkes. Besonders ein hoher Grundwasserspiegel oder auch die leichte Hanglage einer Immobilie k\u00f6nnen Durchfeuchtungen erleichtern und sich langfristig bestandsgef\u00e4hrdend auswirken. Hausbesitzer, die mit diesem Problem konfrontiert sind, sollten \u00fcber eine umfassende Bauwerksabdichtung nachdenken. Eine fachgerecht ausgef\u00fchrte Bauwerksabdichtung erledigt das [&hellip;]<\/p>\n","protected":false},"author":1,"featured_media":0,"parent":0,"menu_order":0,"comment_status":"closed","ping_status":"closed","template":"","meta":{"footnotes":""},"class_list":["post-138","page","type-page","status-publish","hentry"],"meta_box":{"popseo_subtitel":"Wir sind Ihr Partner in Sachen Bauwerksabdichtung im Raum Maschen","popseo_subtitel2":"Bauwerksabdichtung - unsere Spezialisten kennen sich aus!","popseo_lasttitel":"Bauwerksabdichtung: Gerne beantworten wir Ihre Fragen!","popseo_region":"Maschen","popseo_sachwort":"Bauwerksabdichtung","popseo_noupdate":"","popseo_einleitungstext":"<p>Sie haben sich mit dem Thema Bauwerksabdichtung auseinandergesetzt, weil Ihr Wohn- oder Gesch\u00e4ftshaus feuchte Geb\u00e4udeteile aufweist und Sie nach M\u00f6glichkeiten einer wirkungsvollen und professionellen Sanierung Ausschau halten. Toll, dass Sie unsere Website entdeckt haben. Nachfolgend d\u00fcrfen wir Ihnen einige Informationen zu unserem Leistungsspektrum geben. Sie lernen auf dieser Website unsere Firma n\u00e4her kennen. <\/p>\n<p>Die Firma TK-Geb\u00e4udetechnik Thorsten Keul ist ein versierter und erfahrener Handwerksbetrieb mit Firmensitz in Brietlingen bei L\u00fcneburg. Bereits seit vielen Jahren sind wir Ihr Spezialist f\u00fcr s\u00e4mtliche Fragen rund um Geb\u00e4udeabdichtung. Wir setzen ausschlie\u00dflich effektive und praxisbew\u00e4hrte Sanierungsmethoden und -systeme ein. Als Sanierungsfachbetrieb blicken wir auf eine lange und intensive Berufserfahrung zur\u00fcck. Unsere versierten Mitarbeiter informieren Sie gerne im Detail.<\/p>","popseo_schlusstext":"<p>Sie suchen einen Profi f\u00fcr die fachgerecht ausgef\u00fchrte Bauwerksabdichtung. Dann melden Sie sich am besten noch heute bei uns. Wir freuen uns auf das Gespr\u00e4ch mit Ihnen. Wenn es um Sanierung geht, sind wir Ihr erfahrener Handwerkspartner. Wir bieten Ihnen eine fachkundig ausgef\u00fchrte Arbeit nach dem immer derzeitigen Stand der Technik.<\/p>","popseo_stadttext":"<h3>Unsere Dienstleistungen auch f\u00fcr Kunden aus  Maschen<\/h2>\n<p>Unser Einzugsbereich umfasst auch Maschen. Durch unsere Gesch\u00e4ftst\u00e4tigkeit haben wir uns einen sehr guten \u00dcberblick \u00fcber die Stadtarchitektur der Gemeinden und St\u00e4dte unseres Vertriebsgebietes machen k\u00f6nnen. Wir f\u00fchlen uns der Region verpflichtet und freuen uns dar\u00fcber, auch einen Teil zur guten Infrastruktur der Gemeinde beizusteuern zu d\u00fcrfen.  <\/p>\n<h3>Einige interessante Informationen \u00fcber Maschen<\/h3>\n<p>In der zum Landkreis Harburg geh\u00f6renden Gemeinde Maschen wohnen insgesamt etwa 9.000 B\u00fcrger. Unmittelbar an Hamburg angrenzend, z\u00e4hlt Maschen zum sog. \u201eSpeckg\u00fcrtel\u201c der Freien und Hansestadt. Die Bev\u00f6lkerungszahl ist nicht sonderlich hoch, was die Stadt zu einer bevorzugten Wohngegend macht. Maschen ist f\u00fcr Pendler sehr gut geeignet. Wer seinen Arbeitsplatz in der nahen Metropole hat, genie\u00dft das durchaus entspannte Leben in der Peripherie. Maschen verf\u00fcgt \u00fcber zahlreiche beruhigte Wohngebiete, die von einer typischen Einzelhausbebauung bestimmt sind. Etliche sch\u00f6ne Siedlungen machen Maschen f\u00fcr viele Menschen besonders anziehend. Leben im Gr\u00fcnen, dabei die Metropole unmittelbar vor der T\u00fcr \u2013 ein Lebensentwurf, der f\u00fcr sehr viele Menschen von Interesse ist. Zahlreiche Wiesen und W\u00e4lder verleihen dem Ort einen bisweilen nahezu bukolischen Charakter. <\/p>\n<h4>Wir f\u00fcr Sie in Maschen!<\/h4>\n<p>Sehr gerne \u00fcbernehmen wir auch Arbeiten in Maschen und Umgebung. D\u00fcrfen wir Sie detailliert beraten? Kontaktieren sie uns per Telefon oder schicken Sie uns eine eMail. Wir freuen uns auf das Gespr\u00e4ch mit Ihnen! Das Team unseres Fachbetriebes ist eingespielt und arbeitet perfekt \u201eHand in Hand\u201c.<\/p>","popseo_zusatztext":"<h3>Hohe Kosten bei der Bauwerksabdichtung m\u00fcssen nicht sein<\/h3>\n<p>Sie interessieren sich f\u00fcr eine Kellertrockenlegung oder eine Sanierungsarbeit an Mauern bzw. W\u00e4nden und w\u00fcnschen sich ein individuelles Angebot, das eine handwerklich gute Arbeit garantiert, gleichzeitig aber die Kosten im Blick hat. Toll, dann sind Sie bei uns an der richtigen Adresse. Als Handwerksbetrieb f\u00fcr Schimmelbeseitigung, Geb\u00e4udeabdichtung und Kellersanierung verwenden wir ausnahmslos exzellente Materialien. Nichtsdestotrotz schauen wir stets auf die Kosten, die selbstverst\u00e4ndlich \u00fcberschaubar bleiben sollen. Wir m\u00f6chten Ihnen beste Qualit\u00e4t anbieten, die zugleich auch die Kosten im Blick beh\u00e4lt. Bei uns stimmen Kosten und Qualit\u00e4t: Schon seit etlichen Jahren sind wir Ihr qualifizierter Fachbetrieb f\u00fcr Sanierungs- und Trocknungsarbeiten in Norddeutschland. Unser Firmensitz befindet sich verkehrsg\u00fcnstig in Brietlingen bei L\u00fcndeburg. Die Kosten stets vor Augen: Wir stehen f\u00fcr eine einwandfrei durchgef\u00fchrte Arbeit nach dem jeweils aktuellsten Stand der Technik.<\/p>\n<h3>Die Kosten stets vor Augen<\/h3>\n<p>D\u00fcrfen wir Sie informieren, wie Sie die Kosten f\u00fcr eine Sanierung reduzieren? Super, dann z\u00f6gern Sie bitte nicht und nehmen am besten noch heute Verbindung mit uns auf. Ein kurzer Anruf oder auch eine kurze Email gen\u00fcgen. Die fachlich versierte Beratung ist genauso wichtig wie die sachgem\u00e4\u00dfe Umsetzung der eigentlichen Arbeiten. Unsere fachliche Beratung ist selbstverst\u00e4ndlich absolut unverbindlich. Qualit\u00e4tsbewusst bei \u00fcberschaubaren Kosten: Wir empfehlen uns als spezialisiertes Fachunternehmen im Norden. Unsere jahrelange Erfahrung spricht f\u00fcr uns.<br \/>\nSenken Sie die Kosten f\u00fcr Ihr Sanierungsprojekt: Vertrauen Sie den Spezialisten der Firma Keul.<\/p>","popseo_links":"<a href=\"https:\/\/bautenschutz-keul.de\/angebote\/kellertrockenlegung-amelinghausen\/\">Kellertrockenlegung Amelinghausen<\/a>, <a href=\"https:\/\/bautenschutz-keul.de\/angebote\/horizontalsperre-maschen\/\">Horizontalsperre Maschen<\/a>, <a href=\"https:\/\/bautenschutz-keul.de\/angebote\/feuchter-keller-salzhausen\/\">Feuchter Keller Salzhausen<\/a>, <a href=\"https:\/\/bautenschutz-keul.de\/angebote\/mauertrockenlegung-amelinghausen\/\">Mauertrockenlegung Amelinghausen<\/a>, <a href=\"https:\/\/bautenschutz-keul.de\/angebote\/zerstoerter-putz-boizenburg\/\">zerst\u00f6rter Putz Boizenburg<\/a>, <a href=\"https:\/\/bautenschutz-keul.de\/angebote\/kellerabdichtung-herzogtum-lauenburg\/\">Kellerabdichtung Herzogtum Lauenburg<\/a>, <a href=\"https:\/\/bautenschutz-keul.de\/angebote\/salpeter-im-keller-seevetal-rosengarten\/\">Salpeter im Keller Seevetal Rosengarten<\/a>, <a href=\"https:\/\/bautenschutz-keul.de\/angebote\/feuchtigkeit-tostedt-sittensen\/\">Feuchtigkeit Tostedt Sittensen<\/a>, <a href=\"https:\/\/bautenschutz-keul.de\/angebote\/aufsteigende-feuchtigkeit-ebstorf\/\">aufsteigende Feuchtigkeit Ebstorf<\/a>, <a href=\"https:\/\/bautenschutz-keul.de\/angebote\/feuchtigkeitsschaden-reppenstedt\/\">Feuchtigkeitsschaden Reppenstedt<\/a>, <a href=\"https:\/\/bautenschutz-keul.de\/angebote\/kellersanierung-bispingen\/\">Kellersanierung Bispingen<\/a>, <a href=\"https:\/\/bautenschutz-keul.de\/angebote\/aussenabdichtung-salzhausen\/\">Au\u00dfenabdichtung Salzhausen<\/a>, <a href=\"https:\/\/bautenschutz-keul.de\/angebote\/kellersanierung-bad-bevensen\/\">Kellersanierung Bad Bevensen<\/a>, <a href=\"https:\/\/bautenschutz-keul.de\/angebote\/schimmelsanierung-hanstedt\/\">Schimmelsanierung Hanstedt<\/a>, <a href=\"https:\/\/bautenschutz-keul.de\/angebote\/aussenabdichtung-bardowick\/\">Au\u00dfenabdichtung Bardowick<\/a>, <a href=\"https:\/\/bautenschutz-keul.de\/angebote\/mauertrockenlegung-reinbek-aumuehle\/\">Mauertrockenlegung Reinbek Aum\u00fchle<\/a>, <a href=\"https:\/\/bautenschutz-keul.de\/angebote\/schimmel-buchholz-in-der-nordheide\/\">Schimmel Buchholz in der Nordheide<\/a>, <a href=\"https:\/\/bautenschutz-keul.de\/angebote\/kellertrockenlegung-brietlingen\/\">Kellertrockenlegung Brietlingen<\/a>, <a href=\"https:\/\/bautenschutz-keul.de\/angebote\/feuchtigkeitsschaden-bad-bevensen\/\">Feuchtigkeitsschaden Bad Bevensen<\/a>, <a href=\"https:\/\/bautenschutz-keul.de\/angebote\/feuchtigkeitsschaden-maschen\/\">Feuchtigkeitsschaden Maschen<\/a>, <a href=\"https:\/\/bautenschutz-keul.de\/angebote\/schimmelbeseitigung-reinbek-aumuehle\/\">Schimmelbeseitigung Reinbek Aum\u00fchle<\/a>, <a href=\"https:\/\/bautenschutz-keul.de\/angebote\/schimmelbeseitigung-bienenbuettel\/\">Schimmelbeseitigung Bienenb\u00fcttel<\/a>, <a href=\"https:\/\/bautenschutz-keul.de\/angebote\/salpeter-im-keller-geesthacht\/\">Salpeter im Keller Geesthacht<\/a>, <a href=\"https:\/\/bautenschutz-keul.de\/angebote\/schimmelbeseitigung-salzhausen\/\">Schimmelbeseitigung Salzhausen<\/a>, <a href=\"https:\/\/bautenschutz-keul.de\/angebote\/kellersanierung-harburg\/\">Kellersanierung Harburg<\/a>, <a href=\"https:\/\/bautenschutz-keul.de\/angebote\/schimmel-salzhausen\/\">Schimmel Salzhausen<\/a>, <a href=\"https:\/\/bautenschutz-keul.de\/angebote\/feuchtigkeit-boizenburg\/\">Feuchtigkeit Boizenburg<\/a>, <a href=\"https:\/\/bautenschutz-keul.de\/angebote\/rissverpressung-seevetal-rosengarten\/\">Rissverpressung Seevetal Rosengarten<\/a>"},"_links":{"self":[{"href":"https:\/\/bautenschutz-keul.de\/angebote\/wp-json\/wp\/v2\/pages\/138","targetHints":{"allow":["GET"]}}],"collection":[{"href":"https:\/\/bautenschutz-keul.de\/angebote\/wp-json\/wp\/v2\/pages"}],"about":[{"href":"https:\/\/bautenschutz-keul.de\/angebote\/wp-json\/wp\/v2\/types\/page"}],"author":[{"embeddable":true,"href":"https:\/\/bautenschutz-keul.de\/angebote\/wp-json\/wp\/v2\/users\/1"}],"replies":[{"embeddable":true,"href":"https:\/\/bautenschutz-keul.de\/angebote\/wp-json\/wp\/v2\/comments?post=138"}],"version-history":[{"count":0,"href":"https:\/\/bautenschutz-keul.de\/angebote\/wp-json\/wp\/v2\/pages\/138\/revisions"}],"wp:attachment":[{"href":"https:\/\/bautenschutz-keul.de\/angebote\/wp-json\/wp\/v2\/media?parent=138"}],"curies":[{"name":"wp","href":"https:\/\/api.w.org\/{rel}","templated":true}]}}