{"id":143,"date":"2021-09-13T08:43:32","date_gmt":"2021-09-13T06:43:32","guid":{"rendered":"https:\/\/bautenschutz-keul.de\/angebote\/bauwerksabdichtung-seevetal-rosengarten\/"},"modified":"2021-09-13T08:43:32","modified_gmt":"2021-09-13T06:43:32","slug":"bauwerksabdichtung-seevetal-rosengarten","status":"publish","type":"page","link":"https:\/\/bautenschutz-keul.de\/angebote\/bauwerksabdichtung-seevetal-rosengarten\/","title":{"rendered":"Bauwerksabdichtung &#8211; Seevetal Rosengarten"},"content":{"rendered":"<h3>Bauwerksabdichtung \u2013 wir \u00fcbernehmen das!<\/h3>\n<p>Feuchtes Mauerwerk ist eine akute Bedrohung f\u00fcr das Mauerwerk eines Geb\u00e4udes. Insbesondere ein hoher Grundwasserspiegel oder die unvorteilhafte Hanglage eines Geb\u00e4udes k\u00f6nnen Feuchtigkeitssch\u00e4den f\u00f6rdern und sich auf lange Dauer bestandsgef\u00e4hrdend auswirken. Hausbesitzer, die mit diesem<br \/>\nProblem konfrontiert sind, sollten \u00fcber eine gro\u00dffl\u00e4chige Bauwerksabdichtung nachdenken. Eine fachm\u00e4nnisch ausgef\u00fchrte Bauwerksabdichtung regelt das Feuchtigkeitsproblem dauerhaft und sichert den Wert eines Bauwerkes.  <\/p>\n<p>Die professionell erledigte Bauwerksabdichtung ist eine Investition, die sich rentiert. Um ernste Defekte und etwaige Gefahrenherde aufzusp\u00fcren, sollte das betreffende Geb\u00e4ude von einem spezialisierten Anbieter kontrolliert werden.<br \/>\nNur der Spezialist kann sicher bewerten, inwieweit und in welcher Art und Weise eine Bauwerksabdichtung vorteileilhaft ist.<br \/>\nSetzen Sie also bitte ausschlie\u00dflich auf Fachkenntnisse und langj\u00e4hrige Praxis, wenn Sie ein gr\u00f6\u00dferes Projekt beginnen m\u00f6chten. <\/p>\n<h3>Sie interessieren sich f\u00fcr eine Bauwerksabdichtung? Dann rufen Sie uns bitte an!<\/h3>\n<p>Die Bauwerksabdichtung verfolgt den Anspruch, ein Geb\u00e4ude langfristig gegen das Eindringen von Wasser zu bewahren.<br \/>\nSpricht man von Bauwerksabdichtung, so f\u00e4llt \u00f6fters auch der Begriff Isolierung.<br \/>\nAls Fachwort greift dieser Begriff allerdings doch zu kurz. Recht regelm\u00e4\u00dfig wird die Bauwerksabdichtung bei der Sanierung oder Neuerstellung von Kellern und Untergeschossen angewendet. Aber auch bei Flachdachh\u00e4usern und beim Terrassenbau sind Vorkehrungen der Bauwerksabdichtung des\u00f6fteren angebracht.<\/p>\n","protected":false},"excerpt":{"rendered":"<p>Bauwerksabdichtung \u2013 wir \u00fcbernehmen das! Feuchtes Mauerwerk ist eine akute Bedrohung f\u00fcr das Mauerwerk eines Geb\u00e4udes. Insbesondere ein hoher Grundwasserspiegel oder die unvorteilhafte Hanglage eines Geb\u00e4udes k\u00f6nnen Feuchtigkeitssch\u00e4den f\u00f6rdern und sich auf lange Dauer bestandsgef\u00e4hrdend auswirken. Hausbesitzer, die mit diesem Problem konfrontiert sind, sollten \u00fcber eine gro\u00dffl\u00e4chige Bauwerksabdichtung nachdenken. Eine fachm\u00e4nnisch ausgef\u00fchrte Bauwerksabdichtung regelt das [&hellip;]<\/p>\n","protected":false},"author":1,"featured_media":0,"parent":0,"menu_order":0,"comment_status":"closed","ping_status":"closed","template":"","meta":{"footnotes":""},"class_list":["post-143","page","type-page","status-publish","hentry"],"meta_box":{"popseo_subtitel":"Wir sind Ihr Fachunternehmen in Sachen Bauwerksabdichtung in Seevetal Rosengarten","popseo_subtitel2":"Bauwerksabdichtung - unsere Spezialisten kennen sich aus!","popseo_lasttitel":"Bauwerksabdichtung: Wir beantworten Ihre Fragen!","popseo_region":"Seevetal Rosengarten","popseo_sachwort":"Bauwerksabdichtung","popseo_noupdate":"","popseo_einleitungstext":"<p>Sie haben sich mit der Bauwerksabdichtung auseinandergesetzt, da Ihr Haus feuchte Geb\u00e4udebereiche aufweist und Sie nach M\u00f6glichkeiten einer professionellen und vor allem wirksamen Sanierung Ausschau halten. Prima, dass Sie unsere Website gefunden haben. Nachfolgend d\u00fcrfen wir Ihnen n\u00e4here Informationen zu unserem Leistungsangebot geben. Sie lernen auf dieser Internetseite unsere Firma etwas n\u00e4her kennen. <\/p>\n<p>Unser Unternehmen ist ein spezialisierter und etablierter Handwerksbetrieb mit Gesch\u00e4ftsssitz in Brietlingen bei L\u00fcneburg. Bereits seit vielen Jahren sind wir Ihr Fachpartner f\u00fcr s\u00e4mtliche Fragen rund um Geb\u00e4udeabdichtung. Wir setzen ausschlie\u00dflich effektive und praxisbew\u00e4hrte Sanierungssysteme und -methoden ein. Als Fachbetrieb f\u00fcr Abdichtung und Sanierung blicken wir auf eine lange und intensive Berufserfahrung zur\u00fcck. Unsere gut geschulten Fachleute informieren Sie mit Vergn\u00fcgen im Detail.<\/p>","popseo_schlusstext":"<p>Wenn Sie mehr wissen m\u00f6chten, informieren wir Sie n\u00e4her \u00fcber unser Aufgabenfeld. Wir nennen Ihnen mit Vergn\u00fcgen auch ein paar Referenzen, die Ihnen einen Einblick in unsere Firment\u00e4tigkeit geben.<br \/>\nSchenken Sie uns Ihr Vertrauen. Rufen Sie uns doch einfach einmal an oder schicken Sie uns eine schnelle E-Mail. Wir freuen uns auf den Kontakt zu Ihnen.<\/p>","popseo_stadttext":"<h3>Leben und Wohnen in Seevetal und Rosengarten<\/h2>\n<p>Unser Einzugsbereich umfasst auch Seevetal und Rosengarten. Durch unsere T\u00e4tigkeit haben wir uns einen sehr guten \u00dcberblick \u00fcber die Stadtarchitektur der St\u00e4dte und Gemeinden unseres Vertriebsgebietes machen k\u00f6nnen. Wir f\u00fchlen uns der Region verpflichtet und sind stolz darauf, unseren Anteil zur guten Infrastruktur der Gemeinden beizusteuern zu d\u00fcrfen.  <\/p>\n<h3>Wissenswertes \u00fcber Seevetal und Rosengarten<\/h3>\n<p>Die Gemeinde Seevetal liegt s\u00fcdlich von Hamburg im nieders\u00e4chsischen Kreis Harburg. Im Jahre 1972 schlossen sich in Summe 19 zuvor eigenst\u00e4ndige Gemeinden zur Gesamtgemeinde Seevetal zusammen. Durch den Zusammenschluss gilt Seevetal mit mehr als 42.000 Anwohnern als die gr\u00f6\u00dfte Gemeinde der Bundesrepublik Deutschland. Trotz der noch jungen Geschichte, sehen einige der einstmals selbstst\u00e4ndigen Gemeindeteile auf eine \u00e4u\u00dferst lange Tradition zur\u00fcck. Die Stadtchronik von Seevetal erz\u00e4hlt davon, dass der Gemeindeteil Ramelsloh schon im Jahre 845 zum ersten Mal urkundlich erw\u00e4hnt wurde. Die gute Bev\u00f6lkerungsentwicklung des Ortes Seevetal erkl\u00e4rt sich auch durch die verkehrstechnisch g\u00fcnstige Lage. Die N\u00e4he zur Metropole Hamburg macht Seevetal f\u00fcr Pendler attraktiv. Das Arbeiten in der Metropole und das Leben im eher l\u00e4ndlichen Bereich, gehen in Seevetal eine positive Verbindung ein. <\/p>\n<h4>Seevetal und Rosengarten \u2013 attraktive Wohnorte am Rande der Metropole<\/h4>\n<p>Der Wirtschaftsstandort Seevetal ist f\u00fcr viele Firmen von massiver Anziehungskraft. Seevetal liegt zwischen f\u00fcnf Schnellstra\u00dfen. Die verkehrstechnisch exellente Lage garantiert sowohl eine gro\u00dfartige Erreichbarkeit als auch einen schnellen Warenumschlag. Wirtschaftsf\u00f6rderung wird in Seevetal gro\u00df geschrieben. Die Gemeinde f\u00f6rdert aktiv und unb\u00fcrokratisch die Gewerbeansiedlung. Seevetal ist Mitglied im Hamburger Verkehrsverbund (HVV). Auf der Schiene erreicht man den Ortsteil Hittfeld mit dem Metronom \u00fcber die Bahnverbindung HH-Harburg-Buchholz-Tostedt. Die zu Seevetal geh\u00f6renden Ortsteile Meckelfeld und Maschen sind an das Streckennetz HH-Harburg-Winsen-L\u00fcneburg angebunden.  <\/p>\n<p>Die Region Seevetal zeichnet sich durch eine hohe Lebensqualit\u00e4t aus. Eine hervorragende Infrastruktur macht das Wohnen in Seevetal speziell f\u00fcr junge Familien reizvoll. Durch die starke und best\u00e4ndig wachsende Wirtschaft in Seevetal wird von den Gemeindeverantwortlichen des Weiteren ein besonderes Augenmerk auf die Attraktivit\u00e4t des Wohnortes Seevetal gelegt. In den 19 Einzelgemeinden von Seevetal findet sich gen\u00fcgend Baugrund f\u00fcr private Bauherren.<\/p>\n<p>\u00c4hnlich attraktiv zeigt sich Rosengarten. Die Gemeinde liegt etwa rund 15 Kilometer von Seevetal entfernt. \u00dcber 13.000 Einwohner z\u00e4hlt man in dem idyllischen Ort, der sich \u00fcber ein Gebiet von ungef\u00e4hr 63 qkm erstreckt. Rosengarten grenzt an die Hamburger Stadtteile Heimfeld, Hausbruch und Marmstorf. Das in erster Linie ruhige Leben auf dem Lande verkn\u00fcpft sich in Rosengarten auf hervorragende Weise mit den Vorteilen der nahen Gro\u00dfstadt. Seevetal und Rosengarten verf\u00fcgen \u00fcber zahlreiche beruhigte Wohnviertel, die besonders von einer ansprechenden Einzelhausbebauung bestimmt sind. <\/p>\n<h4>Wir f\u00fcr Sie in Seevetal und Rosengarten!<\/h4>\n<p>Sie wohnen in Seevetal oder Rosengarten und interessieren sich f\u00fcr unser Angebot. Prima, dass Sie uns hier auf dieser Website entdeckt haben. F\u00fcr R\u00fcckfragen stehen wir Ihnen jederzeit zur Verf\u00fcgung. Auf Ihre Anfragen freuen wir uns.<\/p>","popseo_zusatztext":"<h3>Keine Angst vor hohen Kosten<\/h3>\n<p>Sie haben Interesse an Trocknungs- oder Sanierungsarbeiten und w\u00fcnschen sich ein passendes Angebot, das eine handwerklich gute Arbeit garantiert, gleichzeitig aber keine hohen Kosten nach sich zieht. Prima, dann sind Sie bei uns genau richtig. Als Handwerksbetrieb f\u00fcr Bauwerksabdichtung, Schimmelbeseitigung und Kellersanierung verwenden wir ausschlie\u00dflich exzellente Materialien. Trotzdem achten wir nat\u00fcrlich auf die Kosten, die selbstverst\u00e4ndlich \u00fcberschaubar bleiben sollen. Wir m\u00f6chten Ihnen Qualit\u00e4t anbieten, die zugleich auch die Kosten im Blick hat. Bei uns stimmen Kosten und Qualit\u00e4t: Seit vielen Jahren schon sind wir Ihr qualifizierter Fachbetrieb f\u00fcr Sanierungs- und Trocknungsarbeiten in Norddeutschland. Unser Gesch\u00e4ftssitz liegt verkehrsg\u00fcnstig in Brietlingen bei L\u00fcndeburg. Die Kosten stets im Blick: Wir stehen f\u00fcr eine professionell ausgef\u00fchrte Arbeit nach dem stets derzeitigen Stand der Technik.<\/p>\n<h3>Die Kosten stets vor Augen<\/h3>\n<p>D\u00fcrfen wir Sie beraten, wie Sie die Kosten f\u00fcr eine Sanierung reduzieren? Toll, dann z\u00f6gern Sie bitte nicht und nehmen am besten noch heute Verbindung mit uns auf. Ein kurzer Telefonanruf oder eine schnelle eMail gen\u00fcgen. Die gute Beratung ist genauso wichtig wie die fachgerechte Ausf\u00fchrung der entprechenden Arbeiten. Unsere fachliche Beratung ist nat\u00fcrlich v\u00f6llig unverbindlich. Qualit\u00e4tsbewusst bei niedrigen Kosten: Wir empfehlen uns als spezialisiertes Unternehmen im Norden. Unsere langj\u00e4hrige Erfahrung spricht f\u00fcr uns.<br \/>\nSenken Sie die Kosten f\u00fcr Ihre Geb\u00e4udesanierung: Setzen Sie auf die Profis der Fachfirma Keul.<\/p>","popseo_links":"<a href=\"https:\/\/bautenschutz-keul.de\/angebote\/feuchte-wand-geesthacht\/\">Feuchte Wand Geesthacht<\/a>, <a href=\"https:\/\/bautenschutz-keul.de\/angebote\/feuchte-wand-brietlingen\/\">Feuchte Wand Brietlingen<\/a>, <a href=\"https:\/\/bautenschutz-keul.de\/angebote\/innenabdichtung-boizenburg\/\">Innenabdichtung Boizenburg<\/a>, <a href=\"https:\/\/bautenschutz-keul.de\/angebote\/kellerabdichtung-bispingen\/\">Kellerabdichtung Bispingen<\/a>, <a href=\"https:\/\/bautenschutz-keul.de\/angebote\/schimmelbeseitigung-buchholz-in-der-nordheide\/\">Schimmelbeseitigung Buchholz in der Nordheide<\/a>, <a href=\"https:\/\/bautenschutz-keul.de\/angebote\/kellertrockenlegung-ebstorf\/\">Kellertrockenlegung Ebstorf<\/a>, <a href=\"https:\/\/bautenschutz-keul.de\/angebote\/rissverpressung-schwarzenbek\/\">Rissverpressung Schwarzenbek<\/a>, <a href=\"https:\/\/bautenschutz-keul.de\/angebote\/feuchtigkeit-glinde-sachsenwald\/\">Feuchtigkeit Glinde Sachsenwald<\/a>, <a href=\"https:\/\/bautenschutz-keul.de\/angebote\/aussenabdichtung-bispingen\/\">Au\u00dfenabdichtung Bispingen<\/a>, <a href=\"https:\/\/bautenschutz-keul.de\/angebote\/kellertrockenlegung-buchholz-in-der-nordheide\/\">Kellertrockenlegung Buchholz in der Nordheide<\/a>, <a href=\"https:\/\/bautenschutz-keul.de\/angebote\/kellertrockenlegung-brietlingen\/\">Kellertrockenlegung Brietlingen<\/a>, <a href=\"https:\/\/bautenschutz-keul.de\/angebote\/innenabdichtung-schwarzenbek\/\">Innenabdichtung Schwarzenbek<\/a>, <a href=\"https:\/\/bautenschutz-keul.de\/angebote\/schimmelsanierung-adendorf\/\">Schimmelsanierung Adendorf<\/a>, <a href=\"https:\/\/bautenschutz-keul.de\/angebote\/aufsteigende-feuchtigkeit-ebstorf\/\">aufsteigende Feuchtigkeit Ebstorf<\/a>, <a href=\"https:\/\/bautenschutz-keul.de\/angebote\/aufsteigende-feuchtigkeit-stelle\/\">aufsteigende Feuchtigkeit Stelle<\/a>, <a href=\"https:\/\/bautenschutz-keul.de\/angebote\/feuchtigkeit-herzogtum-lauenburg\/\">Feuchtigkeit Herzogtum Lauenburg<\/a>, <a href=\"https:\/\/bautenschutz-keul.de\/angebote\/kellersanierung-amelinghausen\/\">Kellersanierung Amelinghausen<\/a>, <a href=\"https:\/\/bautenschutz-keul.de\/angebote\/aussenabdichtung-stelle\/\">Au\u00dfenabdichtung Stelle<\/a>, <a href=\"https:\/\/bautenschutz-keul.de\/angebote\/salpeter-im-keller-schwarzenbek\/\">Salpeter im Keller Schwarzenbek<\/a>, <a href=\"https:\/\/bautenschutz-keul.de\/angebote\/schimmelsanierung-bergedorf-wentorf\/\">Schimmelsanierung Bergedorf Wentorf<\/a>, <a href=\"https:\/\/bautenschutz-keul.de\/angebote\/zerstoerter-putz-herzogtum-lauenburg\/\">zerst\u00f6rter Putz Herzogtum Lauenburg<\/a>, <a href=\"https:\/\/bautenschutz-keul.de\/angebote\/horizontalsperre-schwarzenbek\/\">Horizontalsperre Schwarzenbek<\/a>, <a href=\"https:\/\/bautenschutz-keul.de\/angebote\/mauertrockenlegung-brietlingen\/\">Mauertrockenlegung Brietlingen<\/a>, <a href=\"https:\/\/bautenschutz-keul.de\/angebote\/salpeter-im-keller-buechen\/\">Salpeter im Keller B\u00fcchen<\/a>, <a href=\"https:\/\/bautenschutz-keul.de\/angebote\/feuchtigkeitsschaden-lueneburg\/\">Feuchtigkeitsschaden L\u00fcneburg<\/a>, <a href=\"https:\/\/bautenschutz-keul.de\/angebote\/aufsteigende-feuchtigkeit-brietlingen\/\">aufsteigende Feuchtigkeit Brietlingen<\/a>, <a href=\"https:\/\/bautenschutz-keul.de\/angebote\/aussenabdichtung-bad-bevensen\/\">Au\u00dfenabdichtung Bad Bevensen<\/a>, <a href=\"https:\/\/bautenschutz-keul.de\/angebote\/kellerabdichtung-reinbek-aumuehle\/\">Kellerabdichtung Reinbek Aum\u00fchle<\/a>"},"_links":{"self":[{"href":"https:\/\/bautenschutz-keul.de\/angebote\/wp-json\/wp\/v2\/pages\/143","targetHints":{"allow":["GET"]}}],"collection":[{"href":"https:\/\/bautenschutz-keul.de\/angebote\/wp-json\/wp\/v2\/pages"}],"about":[{"href":"https:\/\/bautenschutz-keul.de\/angebote\/wp-json\/wp\/v2\/types\/page"}],"author":[{"embeddable":true,"href":"https:\/\/bautenschutz-keul.de\/angebote\/wp-json\/wp\/v2\/users\/1"}],"replies":[{"embeddable":true,"href":"https:\/\/bautenschutz-keul.de\/angebote\/wp-json\/wp\/v2\/comments?post=143"}],"version-history":[{"count":0,"href":"https:\/\/bautenschutz-keul.de\/angebote\/wp-json\/wp\/v2\/pages\/143\/revisions"}],"wp:attachment":[{"href":"https:\/\/bautenschutz-keul.de\/angebote\/wp-json\/wp\/v2\/media?parent=143"}],"curies":[{"name":"wp","href":"https:\/\/api.w.org\/{rel}","templated":true}]}}