{"id":144,"date":"2021-09-13T08:43:32","date_gmt":"2021-09-13T06:43:32","guid":{"rendered":"https:\/\/bautenschutz-keul.de\/angebote\/bauwerksabdichtung-stelle\/"},"modified":"2021-09-13T08:43:32","modified_gmt":"2021-09-13T06:43:32","slug":"bauwerksabdichtung-stelle","status":"publish","type":"page","link":"https:\/\/bautenschutz-keul.de\/angebote\/bauwerksabdichtung-stelle\/","title":{"rendered":"Bauwerksabdichtung &#8211; Stelle"},"content":{"rendered":"<h3>Kompetent und gr\u00fcndlich: Wir \u00fcbernehmen die Bauwerksabdichtung<\/h3>\n<p>Feuchtes Mauerwerk ist eine ernstzunehmende Gef\u00e4hrdung f\u00fcr das Mauerwerk eines Geb\u00e4udes. Besonders ein hoher Grundwasserspiegel oder auch die leichte Hanglage eines Hauses k\u00f6nnen Feuchtigkeitssch\u00e4den f\u00f6rdern und sich langfristig bestandsbedrohend auswirken. Hausbesitzer, die mit diesem<br \/>\nThema konfrontiert sind, sollten \u00fcber eine gro\u00dffl\u00e4chige Bauwerksabdichtung nachdenken. Eine qualifiziert ausgef\u00fchrte Bauwerksabdichtung erledigt das Feuchtigkeitsproblem auf Dauer und erh\u00e4lt den Wert eines Hauses.  <\/p>\n<p>Die fachgerecht erledigte Bauwerksabdichtung ist eine Ma\u00dfnahme, die sich bezahlt macht. Um bedrohliche Defekte oder vermutete Gefahrenherde zu lokalisieren, sollte das jeweilige Haus von einem Fachmann kontrolliert werden.<br \/>\nNur der Fachmann kann mit Sicherheit beurteilen, inwieweit und in welcher Art und Weise eine Bauwerksabdichtung zweckm\u00e4\u00dfig ist.<br \/>\nVertrauen Sie also bitte nur auf Fachkompetenz und mehrj\u00e4hrige Praxis, wenn Sie ein umfangreiches Projekt anfangen wollen. <\/p>\n<h3>Bauwerksabdichtung: Wir sanieren kompetent und schnell!<\/h3>\n<p>Die Bauwerksabdichtung verfolgt die Absicht, ein Bauwerk auf lange Zeit gegen das Einsickern von Fl\u00fcssigkeit zu bewahren.<br \/>\nSpricht man von Bauwerksabdichtung, so f\u00e4llt oft auch der Begriff Isolierung.<br \/>\nAls Fachausdruck greift dieser Ausdruck jedoch eine Nuance zu kurz. Besonders regelm\u00e4\u00dfig wird die Bauwerksabdichtung bei der Renovierung und Neuerstellung von Kellern und Untergeschossen durchgef\u00fchrt. Allerdings auch bei Flachdachh\u00e4usern und beim Verandabau sind Vorkehrungen der Bauwerksabdichtung immer wieder unumg\u00e4nglich.<\/p>\n","protected":false},"excerpt":{"rendered":"<p>Kompetent und gr\u00fcndlich: Wir \u00fcbernehmen die Bauwerksabdichtung Feuchtes Mauerwerk ist eine ernstzunehmende Gef\u00e4hrdung f\u00fcr das Mauerwerk eines Geb\u00e4udes. Besonders ein hoher Grundwasserspiegel oder auch die leichte Hanglage eines Hauses k\u00f6nnen Feuchtigkeitssch\u00e4den f\u00f6rdern und sich langfristig bestandsbedrohend auswirken. Hausbesitzer, die mit diesem Thema konfrontiert sind, sollten \u00fcber eine gro\u00dffl\u00e4chige Bauwerksabdichtung nachdenken. Eine qualifiziert ausgef\u00fchrte Bauwerksabdichtung erledigt [&hellip;]<\/p>\n","protected":false},"author":1,"featured_media":0,"parent":0,"menu_order":0,"comment_status":"closed","ping_status":"closed","template":"","meta":{"footnotes":""},"class_list":["post-144","page","type-page","status-publish","hentry"],"meta_box":{"popseo_subtitel":"Die Firma TK-Geb\u00e4udetechnik Thorsten Keul ist Ihr erfahrener Experte in Sachen Bauwerksabdichtung in Stelle","popseo_subtitel2":"Bauwerksabdichtung - wir helfen Ihnen gerne!","popseo_lasttitel":"Bauwerksabdichtung: Unsere Experten beantworten Ihre Fragen","popseo_region":"Stelle","popseo_sachwort":"Bauwerksabdichtung","popseo_noupdate":"","popseo_einleitungstext":"<p>Sie haben sich mit der Bauwerksabdichtung besch\u00e4ftigt, da Ihr Wohn- oder Gesch\u00e4ftshaus feuchte Geb\u00e4udebereiche aufweist und Sie nach M\u00f6glichkeiten einer wirkungsvollen und professionellen Sanierung Ausschau halten. Super, dass sie uns gefunden haben. Auf den folgenden Seiten d\u00fcrfen wir Ihnen n\u00e4here Informationen zu unserem Leistungsangebot geben. Sie lernen auf dieser Website unsere Firma etwas n\u00e4her kennen. <\/p>\n<p>Unser Unternehmen ist ein spezialisierter und erfahrener Fachbetrieb mit Sitz in Brietlingen bei L\u00fcneburg. Bereits seit vielen Jahren sind wir Ihr Fachpartner f\u00fcr s\u00e4mtliche Fragen rund um die Bauwerksabdichtung. Wir setzen ausschlie\u00dflich praxisbew\u00e4hrte und effektive Sanierungsmethoden und -systeme ein. Als Sanierungsfachbetrieb blicken wir auf eine lange Berufserfahrung zur\u00fcck. Unsere engagierten Fachkr\u00e4fte informieren Sie gerne im Detail.<\/p>","popseo_schlusstext":"<p>Sie suchen einen Profi f\u00fcr die fachgerecht ausgef\u00fchrte Bauwerksabdichtung. Dann kontaktieren Sie uns bitte schnell. Wir freuen uns auf das Gespr\u00e4ch mit Ihnen. Wenn es um Sanierung geht, sind wir Ihr verl\u00e4sslicher Handwerkspartner. Wir stehen f\u00fcr eine sachkundig durchgef\u00fchrte Arbeit nach dem stets neuesten Stand der Technik.<\/p>","popseo_stadttext":"<h3>Wir sind Ihr Partner auch in Stelle<\/h2>\n<p>Unser Gesch\u00e4ftsbereich umfasst auch Stelle. Durch unsere Gesch\u00e4ftst\u00e4tigkeit haben wir uns einen sehr guten \u00dcberblick \u00fcber die Stadtarchitektur der St\u00e4dte und Gemeinden unseres Vertriebsgebietes erarbeiten k\u00f6nnen. Wir f\u00fchlen uns der Region verpflichtet und sind stolz darauf, auch unseren Anteil zur ausgezeichneten Infrastruktur der Gemeinde beizusteuern zu d\u00fcrfen.  <\/p>\n<h3>Lebensmittelpunkt Stelle<\/h3>\n<p>In der zum Landkreis Harburg geh\u00f6renden Gemeinde Stelle leben in Summe gut 11.000 B\u00fcrger auf einer Gesamtfl\u00e4che von ca 38 Quadratkilometer. Unmittelbar an Hamburg angrenzend, z\u00e4hlt Stelle zum sogenannten \u201eSpeckg\u00fcrtel\u201c der Freien und Hansestadt. Die Bev\u00f6lkerungszahl mit 288 Einwohnern pro Quadratkilometer ist durchaus niedrig zu nennen, was die Stadt zu einer bevorzugten Wohngegend macht. Einige sch\u00f6ne Quartiere mit einer angenehmen Einzelhausbebauung machen Stelle insbesondere f\u00fcr Familien attraktiv. Leben in l\u00e4ndlicher Umgebung, dabei die Gro\u00dfstadt unmittelbar vor der Haust\u00fcr  \u2013 ein Wohnmodell, das f\u00fcr viele Menschen attraktiv ist. Eine ganze Reihe W\u00e4lder und Wiesen verleihen der Stadt einen zuweilen nahezu bukolischen Charakter. Die lokale Wirtschaft von Stelle ist durchzogen von kleinen und mittelst\u00e4ndigen Betrieben. <\/p>\n<p>Stelle ist f\u00fcr Pendler besonders geeignet. Wer seine Arbeitsstelle in der Hansestadt Hamburg hat, genie\u00dft das eher ruhige Leben in der Peripherie. Stelle verf\u00fcgt \u00fcber zahlreiche beruhigte Wohnquartiere, die von einer angenehmen Einzelhausbebauung bestimmt sind. <\/p>\n<h4>Hohe Qualit\u00e4t f\u00fcr Kunden aus Stelle<\/h4>\n<p>Sehr gerne \u00fcbernehmen wir auch Arbeiten in Stelle und Umgebung. D\u00fcrfen wir Sie detailliert beraten? Kontaktieren sie uns per Telefon oder schicken Sie uns eine Email. Wir freuen uns auf Sie! Hand in Hand arbeitet das perfekt eingespielte Team unseres Fachbetriebes \u2013 zielorientiert und immer fachlich versiert.<\/p>","popseo_zusatztext":"<h3>Keine Angst vor hohen Kosten<\/h3>\n<p>Sie sind interessiert an Trocknungs- oder Sanierungsarbeiten und w\u00fcnschen sich ein individuelles Angebot, das eine qualitativ gute Arbeit garantiert, gleichwohl keine hohen Kosten verursacht. Toll, dann sind Sie bei uns an der richtigen Adresse. Als Fachbetrieb f\u00fcr Bauwerksabdichtung, Schimmelbeseitigung und Kellersanierung verwenden wir ausschlie\u00dflich exzellente Materialien. Trotzdem achten wir stets auf die Kosten, die selbstverst\u00e4ndlich \u00fcberschaubar bleiben sollen. Wir m\u00f6chten Ihnen beste Qualit\u00e4t anbieten, die zugleich auch die Kosten im Blick beh\u00e4lt. Bei uns stimmen Kosten und Leistung: Seit vielen Jahren schon sind wir Ihr qualifizierter Fachbetrieb f\u00fcr Trocknungs- und Sanierungsarbeiten in Norddeutschland. Unser Standort liegt verkehrsg\u00fcnstig in Brietlingen bei L\u00fcndeburg. Die Kosten stets im Blick: Wir versprechen Ihnen eine sachkundig durchgef\u00fchrte Arbeit nach dem jeweils derzeitigen Stand der Technik.<\/p>\n<h3>Trocknung und Sanierung durch die Firma Wist: Beste Arbeit, geringe Kosten!<\/h3>\n<p>D\u00fcrfen wir Sie beraten, wie Sie die Kosten f\u00fcr eine Sanierung begrenzen k\u00f6nnen? Toll, dann warten Sie bitte nicht und nehmen am besten noch heute Verbindung mit uns auf. Ein kurzer Anruf oder auch eine kurze Mail gen\u00fcgen. Die fachlich versierte Beratung ist genauso wichtig wie die korrekte Ausf\u00fchrung der entsprechenden T\u00e4tigkeiten. Unsere fachliche Beratung ist nat\u00fcrlich v\u00f6llig unverbindlich. Beste Qualit\u00e4t bei moderaten Kosten: Wir empfehlen uns als spezialisiertes Unternehmen im Norden. Unsere gro\u00dfe Erfahrung zeichnet uns aus.<br \/>\nVerringern Sie die Kosten f\u00fcr Ihre Geb\u00e4udesanierung: Vertrauen Sie den Spezialisten der Firma Keul.<\/p>","popseo_links":"<a href=\"https:\/\/bautenschutz-keul.de\/angebote\/aussenabdichtung-reinbek-aumuehle\/\">Au\u00dfenabdichtung Reinbek Aum\u00fchle<\/a>, <a href=\"https:\/\/bautenschutz-keul.de\/angebote\/feuchtigkeit-tostedt-sittensen\/\">Feuchtigkeit Tostedt Sittensen<\/a>, <a href=\"https:\/\/bautenschutz-keul.de\/angebote\/kellertrockenlegung-reppenstedt\/\">Kellertrockenlegung Reppenstedt<\/a>, <a href=\"https:\/\/bautenschutz-keul.de\/angebote\/horizontalsperre-reinbek-aumuehle\/\">Horizontalsperre Reinbek Aum\u00fchle<\/a>, <a href=\"https:\/\/bautenschutz-keul.de\/angebote\/mauertrockenlegung-reinbek-aumuehle\/\">Mauertrockenlegung Reinbek Aum\u00fchle<\/a>, <a href=\"https:\/\/bautenschutz-keul.de\/angebote\/horizontalsperre-reppenstedt\/\">Horizontalsperre Reppenstedt<\/a>, <a href=\"https:\/\/bautenschutz-keul.de\/angebote\/feuchte-mauer-bad-bevensen\/\">Feuchte Mauer Bad Bevensen<\/a>, <a href=\"https:\/\/bautenschutz-keul.de\/angebote\/feuchte-mauer-schwarzenbek\/\">Feuchte Mauer Schwarzenbek<\/a>, <a href=\"https:\/\/bautenschutz-keul.de\/angebote\/feuchtigkeitsschaden-reinbek-aumuehle\/\">Feuchtigkeitsschaden Reinbek Aum\u00fchle<\/a>, <a href=\"https:\/\/bautenschutz-keul.de\/angebote\/kellersanierung-ebstorf\/\">Kellersanierung Ebstorf<\/a>, <a href=\"https:\/\/bautenschutz-keul.de\/angebote\/feuchte-wand-schwarzenbek\/\">Feuchte Wand Schwarzenbek<\/a>, <a href=\"https:\/\/bautenschutz-keul.de\/angebote\/rissverpressung-bad-bevensen\/\">Rissverpressung Bad Bevensen<\/a>, <a href=\"https:\/\/bautenschutz-keul.de\/angebote\/salpeter-im-keller-bergedorf-wentorf\/\">Salpeter im Keller Bergedorf Wentorf<\/a>, <a href=\"https:\/\/bautenschutz-keul.de\/angebote\/horizontalsperre-salzhausen\/\">Horizontalsperre Salzhausen<\/a>, <a href=\"https:\/\/bautenschutz-keul.de\/angebote\/aufsteigende-feuchtigkeit-herzogtum-lauenburg\/\">aufsteigende Feuchtigkeit Herzogtum Lauenburg<\/a>, <a href=\"https:\/\/bautenschutz-keul.de\/angebote\/schimmelbeseitigung-reinbek-aumuehle\/\">Schimmelbeseitigung Reinbek Aum\u00fchle<\/a>, <a href=\"https:\/\/bautenschutz-keul.de\/angebote\/kellerabdichtung-hanstedt\/\">Kellerabdichtung Hanstedt<\/a>, <a href=\"https:\/\/bautenschutz-keul.de\/angebote\/feuchter-keller-amt-neuhaus\/\">Feuchter Keller Amt Neuhaus<\/a>, <a href=\"https:\/\/bautenschutz-keul.de\/angebote\/zerstoerter-putz-winsen-luhe\/\">zerst\u00f6rter Putz Winsen Luhe<\/a>, <a href=\"https:\/\/bautenschutz-keul.de\/angebote\/innenabdichtung-reppenstedt\/\">Innenabdichtung Reppenstedt<\/a>, <a href=\"https:\/\/bautenschutz-keul.de\/angebote\/feuchtigkeitsschaden-buchholz-in-der-nordheide\/\">Feuchtigkeitsschaden Buchholz in der Nordheide<\/a>, <a href=\"https:\/\/bautenschutz-keul.de\/angebote\/innenabdichtung-seevetal-rosengarten\/\">Innenabdichtung Seevetal Rosengarten<\/a>, <a href=\"https:\/\/bautenschutz-keul.de\/angebote\/salpeter-im-keller-reppenstedt\/\">Salpeter im Keller Reppenstedt<\/a>, <a href=\"https:\/\/bautenschutz-keul.de\/angebote\/aussenabdichtung-winsen-luhe\/\">Au\u00dfenabdichtung Winsen Luhe<\/a>, <a href=\"https:\/\/bautenschutz-keul.de\/angebote\/aufsteigende-feuchtigkeit-amelinghausen\/\">aufsteigende Feuchtigkeit Amelinghausen<\/a>, <a href=\"https:\/\/bautenschutz-keul.de\/angebote\/feuchter-keller-jesteburg\/\">Feuchter Keller Jesteburg<\/a>, <a href=\"https:\/\/bautenschutz-keul.de\/angebote\/feuchtigkeit-salzhausen\/\">Feuchtigkeit Salzhausen<\/a>, <a href=\"https:\/\/bautenschutz-keul.de\/angebote\/schimmelsanierung-geesthacht\/\">Schimmelsanierung Geesthacht<\/a>"},"_links":{"self":[{"href":"https:\/\/bautenschutz-keul.de\/angebote\/wp-json\/wp\/v2\/pages\/144","targetHints":{"allow":["GET"]}}],"collection":[{"href":"https:\/\/bautenschutz-keul.de\/angebote\/wp-json\/wp\/v2\/pages"}],"about":[{"href":"https:\/\/bautenschutz-keul.de\/angebote\/wp-json\/wp\/v2\/types\/page"}],"author":[{"embeddable":true,"href":"https:\/\/bautenschutz-keul.de\/angebote\/wp-json\/wp\/v2\/users\/1"}],"replies":[{"embeddable":true,"href":"https:\/\/bautenschutz-keul.de\/angebote\/wp-json\/wp\/v2\/comments?post=144"}],"version-history":[{"count":0,"href":"https:\/\/bautenschutz-keul.de\/angebote\/wp-json\/wp\/v2\/pages\/144\/revisions"}],"wp:attachment":[{"href":"https:\/\/bautenschutz-keul.de\/angebote\/wp-json\/wp\/v2\/media?parent=144"}],"curies":[{"name":"wp","href":"https:\/\/api.w.org\/{rel}","templated":true}]}}