{"id":146,"date":"2021-09-13T08:43:32","date_gmt":"2021-09-13T06:43:32","guid":{"rendered":"https:\/\/bautenschutz-keul.de\/angebote\/bauwerksabdichtung-uelzen\/"},"modified":"2021-09-13T08:43:32","modified_gmt":"2021-09-13T06:43:32","slug":"bauwerksabdichtung-uelzen","status":"publish","type":"page","link":"https:\/\/bautenschutz-keul.de\/angebote\/bauwerksabdichtung-uelzen\/","title":{"rendered":"Bauwerksabdichtung &#8211; Uelzen"},"content":{"rendered":"<h3>Bauwerksabdichtung \u2013 wir \u00fcbernehmen das!<\/h3>\n<p>Nasses Mauerwerk ist eine massive Gef\u00e4hrdung f\u00fcr die Substanz eines Geb\u00e4udes. Besonders ein gestiegener Grundwasserspiegel oder auch die leichte Hanglage eines Geb\u00e4udes k\u00f6nnen Feuchtigkeitssch\u00e4den beg\u00fcnstigen und sich l\u00e4ngerfristig bestandsgef\u00e4hrdend auswirken. Hauseigent\u00fcmer, die mit diesem<br \/>\nProblem konfrontiert sind, sollten \u00fcber eine gr\u00f6\u00dfere Bauwerksabdichtung nachdenken. Eine professionell ausgef\u00fchrte Bauwerksabdichtung regelt das Feuchtigkeitsproblem f\u00fcr lange Zeit und sichert den Wert eines Hauses.  <\/p>\n<p>Die gekonnt durchgef\u00fchrte Bauwerksabdichtung ist eine Investition, die sich rentiert. Um bedrohliche Besch\u00e4digungen und m\u00f6gliche Gefahrenherde zu erkennen, sollte das betreffende Geb\u00e4ude von einem Spezialisten eingesch\u00e4tzt werden.<br \/>\nNur der Profi kann zweifelsfrei diagnostizieren, inwiefern und in welcher Weise eine Bauwerksabdichtung vorteileilhaft sein kann.<br \/>\nVertrauen Sie also bitte ausschlie\u00dflich auf Spezialwissen und langj\u00e4hrige Routine, wenn Sie ein umfangreiches Projekt anfangen m\u00f6chten. <\/p>\n<h3>Sie interessieren sich f\u00fcr eine Bauwerksabdichtung? Dann rufen Sie uns bitte an!<\/h3>\n<p>Die Bauwerksabdichtung verfolgt das Anliegen, ein Bauwerk langfristig gegen das Einsickern von Wasser zu sch\u00fctzen.<br \/>\nSpricht man von Bauwerksabdichtung, so f\u00e4llt \u00f6fters auch der Begriff Isolierung.<br \/>\nAls Fachbegriff greift dieser Ausdruck gleichwohl ein wenig zu kurz. Recht h\u00e4ufig wird die Bauwerksabdichtung bei der Renovierung oder Neuerstellung von Kellern und Tiefgeschossen genutzt. Jedoch auch bei Flachdachbauten und beim Verandabau sind Vorkehrungen der Bauwerksabdichtung h\u00e4ufig unumg\u00e4nglich.<\/p>\n","protected":false},"excerpt":{"rendered":"<p>Bauwerksabdichtung \u2013 wir \u00fcbernehmen das! Nasses Mauerwerk ist eine massive Gef\u00e4hrdung f\u00fcr die Substanz eines Geb\u00e4udes. Besonders ein gestiegener Grundwasserspiegel oder auch die leichte Hanglage eines Geb\u00e4udes k\u00f6nnen Feuchtigkeitssch\u00e4den beg\u00fcnstigen und sich l\u00e4ngerfristig bestandsgef\u00e4hrdend auswirken. Hauseigent\u00fcmer, die mit diesem Problem konfrontiert sind, sollten \u00fcber eine gr\u00f6\u00dfere Bauwerksabdichtung nachdenken. Eine professionell ausgef\u00fchrte Bauwerksabdichtung regelt das Feuchtigkeitsproblem [&hellip;]<\/p>\n","protected":false},"author":1,"featured_media":0,"parent":0,"menu_order":0,"comment_status":"closed","ping_status":"closed","template":"","meta":{"footnotes":""},"class_list":["post-146","page","type-page","status-publish","hentry"],"meta_box":{"popseo_subtitel":"Die Firma TK-Geb\u00e4udetechnik Thorsten Keul ist Ihr Partner in Sachen Bauwerksabdichtung im Raum Uelzen","popseo_subtitel2":"Bauwerksabdichtung - wir haben die richtige L\u00f6sung f\u00fcr Sie!","popseo_lasttitel":"Bauwerksabdichtung: Sie haben Fragen? Dann melden Sie sich bei uns","popseo_region":"Uelzen","popseo_sachwort":"Bauwerksabdichtung","popseo_noupdate":"","popseo_einleitungstext":"<p>Sie haben sich mit der Bauwerksabdichtung auseinandergesetzt, weil Ihr Haus feuchte Geb\u00e4udeteile aufweist und Sie nach M\u00f6glichkeiten einer professionellen und vor allem wirksamen Sanierung Ausschau halten. Gut, dass Sie zu uns gefunden haben. Nachfolgend d\u00fcrfen wir Ihnen n\u00e4here Informationen zu unserem Leistungsspektrum geben. Sie lernen auf dieser Internetseite unsere Firma n\u00e4her kennen. <\/p>\n<p>Unser Unternehmen ist ein qualifizierter und etablierter Fachbetrieb mit Sitz in Brietlingen bei L\u00fcneburg. Seit vielen Jahren schon sind wir Ihre Experten f\u00fcr s\u00e4mtliche Fragen rund um die Bauwerksabdichtung. Wir setzen ausschlie\u00dflich praxisbew\u00e4hrte und effektive Sanierungssysteme und -methoden ein. Als Sanierungsfachbetrieb schauen wir auf eine lange Berufserfahrung zur\u00fcck. Unsere versierten Fachkr\u00e4fte informieren Sie gerne im Detail.<\/p>","popseo_schlusstext":"<p>Sie ben\u00f6tigen einen Fachpartner f\u00fcr die sachgerechte Umsetzung der Innen- und Au\u00dfenabdichtung. Dann kontaktieren Sie uns bitte schnell. Wir freuen uns auf Ihren Anruf oder Ihre E-Mail. Wenn es um Sanierung geht, sind wir Ihr kompetenter Handwerkspartner. Wir garantieren eine einwandfrei durchgef\u00fchrte Arbeit nach dem immer derzeitigen Stand der Technik.<\/p>","popseo_stadttext":"<h3>Unser Leistungsprogramm f\u00fcr Kunden aus Uelzen<\/h3>\n<p>Durch unsere Gesch\u00e4ftst\u00e4tigkeit haben wir uns einen ausgezeichneten \u00dcberblick \u00fcber die Architektur der Gemeinden und St\u00e4dte unseres Einzugsbereiches machen k\u00f6nnen. Selbstverst\u00e4ndlich z\u00e4hlt auch die Stadt Uelzen zu unserem unmittelbaren Gesch\u00e4ftsgebiet. Wir freuen uns darauf, mit Ihnen ins Gespr\u00e4ch zu kommen. <\/p>\n<h3>Ein paar Hintergrundinformationen zu Uelzen<\/h3>\n<p>Uelzen ist die Kreisstadt des nieders\u00e4chsischen Kreises Uelzen. Addiert leben 33.000 B\u00fcrger in der zur Metropolregion Hamburg geh\u00f6renden Stadt. Das Stadtgebiet umfasst eine Gesamtfl\u00e4che von gut 135 qkm. St\u00e4dte in der n\u00e4heren Umgebung sind u.a. Rosche, Ebstorf und Bad Beversen. Geographisch liegt Uelzen am am s\u00fcdlichen Ende der L\u00fcneburger Heide. Die Stadt ist inmitten ausladenden Naturschutzgebieten herrlich gelegen. Neben der L\u00fcneburger Heide ist auch der Naturpark Elbufer-Drawehn und das Naturschutzgebiet Nieders\u00e4chsische Elbtalaue von Uelzen aus rasch zu erreichen. Uelzen selbst ist an der Ilmenau gelegen. Uelzen hat viele h\u00fcbsch gelegene Wohnquartier. Die Stadt ist ein sch\u00f6ner Platz zum Wohnen und Arbeiten. Wer das eher \u00fcbersichtliche Leben in einer kleineren Stadt bevorzugt, gleichzeitig aber nicht auf die Annehmlichkeiten der Gro\u00dfstadt verzichten will, ist in Uelzen exakt richtig. <\/p>\n<h3>Reizvolle Stadt Uelzen!<\/h3>\n<p>Die Stadt Uelzen teilt sich auf in insgesamt 18 Ortsteile. Die st\u00e4dtische Architektur von Uelzen wird gepr\u00e4gt von zahllosen Fachwerkbauten, die der Stadt einen durchaus als m\u00e4rchenhaft zu bezeichnenden Charme verleihen. Auch historische Bauwerke im Stil der Backsteingotik pr\u00e4gen das Stadtbild von Uelzen. Das Wahrzeichen der Stadt ist das sogenannte \"Goldene Schiff\". Die Skulptur befindet sich an der St. Marien-Kirche zu Uelzen. Sch\u00e4tzungsweise stammt die Skulptur aus der Hansezeit. F\u00fcr Kunstfreunde ist Uelzen eine Art Pilgerst\u00e4tte. Der Ausnahmek\u00fcnstler Friedensreich Hundertwasser gestaltete unmittelbar vor seinem Tod im Jahre 2000 den st\u00e4dtischen Bahnhof. Das aufsehenerregende Bauwerk tr\u00e4gt die Bezeichnung Hundertwasserbahnhof Uelzen.<\/p>\n<p>Die \u00d6konomie von Uelzen ist mittelst\u00e4ndisch orientiert. Hauptfelder sind der Lebensmittelsektor und Betriebe aus dem Dienstleistungsgewerbe. Die Wirtschaftsf\u00f6rderung der Stadt Uelzen muss als vorbildlich benannt werden. Um den Zuzug zus\u00e4tzlicher Firmen werben sich die Verantwortlichen im Rathaus erkennbar. Die gr\u00f6\u00dften Arbeitgeber in Uelzen sind die Nordzucker AG sowie die Uelzena AG. Der Konzern Nestl\u00e9 Schoeller f\u00fchrt in Uelzen ein Werk mit cirka 500 Mitarbeitern. <\/p>\n<h4>Privat- und Gesch\u00e4ftskunden aus Uelzen sch\u00e4tzen unsere Leistungen!<\/h4>\n<p>Sie leben in Uelzen und interessieren sich f\u00fcr unser Angebot. Prima, das Sie unsere Internetseite entdeckt haben. F\u00fcr R\u00fcckfragen sind wir jederzeit f\u00fcr Sie da. Unser engagiertes Team freut sich auf Sie.<\/p>","popseo_zusatztext":"<h3>Beste Leistung bei geringen Kosten<\/h3>\n<p>Sie interessieren sich f\u00fcr eine Kellertrockenlegung oder eine Sanierungsarbeit an Mauern bzw. W\u00e4nden und m\u00f6chten gerne ein individuelles Angebot, das eine qualitativ gute Arbeit garantiert, gleichwohl keine hohen Kosten verursacht. Prima, dann sind Sie bei uns genau richtig. Als Handwerksbetrieb f\u00fcr Kellersanierung, Schimmelbeseitigung und Geb\u00e4udeabdichtung verwenden wir ausnahmslos ausgezeichnete Materialien. Nichtsdestotrotz achten wir nat\u00fcrlich auf die Kosten, die selbstverst\u00e4ndlich \u00fcberschaubar bleiben sollen. Wir m\u00f6chten Ihnen beste Qualit\u00e4t bieten, die gleichzeitig auch die Kosten im Blick hat. Bei uns stimmen Kosten und Qualit\u00e4t: Seit vielen Jahren schon sind wir Ihr qualifizierter Partner f\u00fcr Sanierungs- und Trocknungsarbeiten im norddeutschen Raum. Unser Firmensitz befindet sich verkehrsg\u00fcnstig in Brietlingen bei L\u00fcndeburg. Die Kosten stets vor Augen: Wir stehen f\u00fcr eine sachkundig durchgef\u00fchrte Sanierungsarbeit nach dem immer aktuellsten Stand der Technik.<\/p>\n<h3>Hochwertige Arbeit, geringe Kosten!<\/h3>\n<p>D\u00fcrfen wir Sie informieren, wie Sie die Kosten f\u00fcr eine Sanierung begrenzen k\u00f6nnen? Super, dann z\u00f6gern Sie bitte nicht und nehmen am besten noch heute Kontakt mit uns auf. Ein kurzer Telefonanruf oder eine kurze E-Mail gen\u00fcgen. Die optimale Beratung ist ebenso wichtig wie die korrekte Ausf\u00fchrung der entprechenden Arbeiten. Unsere fachliche Beratung ist selbstverst\u00e4ndlich v\u00f6llig unverbindlich. Beste Qualit\u00e4t bei moderaten Kosten: Wir empfehlen uns als spezialisiertes Unternehmen im Norden. Unsere jahrelange Erfahrung zeichnet uns aus.<br \/>\nSenken Sie die Kosten f\u00fcr Ihre Geb\u00e4udesanierung: Vertrauen Sie den Spezialisten der Firma Keul.<\/p>","popseo_links":"<a href=\"https:\/\/bautenschutz-keul.de\/angebote\/feuchtigkeit-amt-neuhaus\/\">Feuchtigkeit Amt Neuhaus<\/a>, <a href=\"https:\/\/bautenschutz-keul.de\/angebote\/aufsteigende-feuchtigkeit-jesteburg\/\">aufsteigende Feuchtigkeit Jesteburg<\/a>, <a href=\"https:\/\/bautenschutz-keul.de\/angebote\/kellerabdichtung-jesteburg\/\">Kellerabdichtung Jesteburg<\/a>, <a href=\"https:\/\/bautenschutz-keul.de\/angebote\/zerstoerter-putz-glinde-sachsenwald\/\">zerst\u00f6rter Putz Glinde Sachsenwald<\/a>, <a href=\"https:\/\/bautenschutz-keul.de\/angebote\/aufsteigende-feuchtigkeit-bergedorf-wentorf\/\">aufsteigende Feuchtigkeit Bergedorf Wentorf<\/a>, <a href=\"https:\/\/bautenschutz-keul.de\/angebote\/horizontalsperre-maschen\/\">Horizontalsperre Maschen<\/a>, <a href=\"https:\/\/bautenschutz-keul.de\/angebote\/schimmelsanierung-adendorf\/\">Schimmelsanierung Adendorf<\/a>, <a href=\"https:\/\/bautenschutz-keul.de\/angebote\/feuchte-mauer-stelle\/\">Feuchte Mauer Stelle<\/a>, <a href=\"https:\/\/bautenschutz-keul.de\/angebote\/aufsteigende-feuchtigkeit-bardowick\/\">aufsteigende Feuchtigkeit Bardowick<\/a>, <a href=\"https:\/\/bautenschutz-keul.de\/angebote\/aussenabdichtung-adendorf\/\">Au\u00dfenabdichtung Adendorf<\/a>, <a href=\"https:\/\/bautenschutz-keul.de\/angebote\/feuchte-mauer-reppenstedt\/\">Feuchte Mauer Reppenstedt<\/a>, <a href=\"https:\/\/bautenschutz-keul.de\/angebote\/schimmel-bergedorf-wentorf\/\">Schimmel Bergedorf Wentorf<\/a>, <a href=\"https:\/\/bautenschutz-keul.de\/angebote\/zerstoerter-putz-hanstedt\/\">zerst\u00f6rter Putz Hanstedt<\/a>, <a href=\"https:\/\/bautenschutz-keul.de\/angebote\/rissverpressung-jesteburg\/\">Rissverpressung Jesteburg<\/a>, <a href=\"https:\/\/bautenschutz-keul.de\/angebote\/aussenabdichtung-herzogtum-lauenburg\/\">Au\u00dfenabdichtung Herzogtum Lauenburg<\/a>, <a href=\"https:\/\/bautenschutz-keul.de\/angebote\/kellerabdichtung-lueneburg\/\">Kellerabdichtung L\u00fcneburg<\/a>, <a href=\"https:\/\/bautenschutz-keul.de\/angebote\/feuchter-keller-tostedt-sittensen\/\">Feuchter Keller Tostedt Sittensen<\/a>, <a href=\"https:\/\/bautenschutz-keul.de\/angebote\/zerstoerter-putz-seevetal-rosengarten\/\">zerst\u00f6rter Putz Seevetal Rosengarten<\/a>, <a href=\"https:\/\/bautenschutz-keul.de\/angebote\/zerstoerter-putz-bardowick\/\">zerst\u00f6rter Putz Bardowick<\/a>, <a href=\"https:\/\/bautenschutz-keul.de\/angebote\/feuchte-mauer-schwarzenbek\/\">Feuchte Mauer Schwarzenbek<\/a>, <a href=\"https:\/\/bautenschutz-keul.de\/angebote\/aufsteigende-feuchtigkeit-stelle\/\">aufsteigende Feuchtigkeit Stelle<\/a>, <a href=\"https:\/\/bautenschutz-keul.de\/angebote\/feuchte-mauer-amelinghausen\/\">Feuchte Mauer Amelinghausen<\/a>, <a href=\"https:\/\/bautenschutz-keul.de\/angebote\/aufsteigende-feuchtigkeit-tostedt-sittensen\/\">aufsteigende Feuchtigkeit Tostedt Sittensen<\/a>, <a href=\"https:\/\/bautenschutz-keul.de\/angebote\/rissverpressung-hanstedt\/\">Rissverpressung Hanstedt<\/a>, <a href=\"https:\/\/bautenschutz-keul.de\/angebote\/kellertrockenlegung-jesteburg\/\">Kellertrockenlegung Jesteburg<\/a>, <a href=\"https:\/\/bautenschutz-keul.de\/angebote\/kellerabdichtung-seevetal-rosengarten\/\">Kellerabdichtung Seevetal Rosengarten<\/a>, <a href=\"https:\/\/bautenschutz-keul.de\/angebote\/kellertrockenlegung-bispingen\/\">Kellertrockenlegung Bispingen<\/a>, <a href=\"https:\/\/bautenschutz-keul.de\/angebote\/horizontalsperre-glinde-sachsenwald\/\">Horizontalsperre Glinde Sachsenwald<\/a>"},"_links":{"self":[{"href":"https:\/\/bautenschutz-keul.de\/angebote\/wp-json\/wp\/v2\/pages\/146","targetHints":{"allow":["GET"]}}],"collection":[{"href":"https:\/\/bautenschutz-keul.de\/angebote\/wp-json\/wp\/v2\/pages"}],"about":[{"href":"https:\/\/bautenschutz-keul.de\/angebote\/wp-json\/wp\/v2\/types\/page"}],"author":[{"embeddable":true,"href":"https:\/\/bautenschutz-keul.de\/angebote\/wp-json\/wp\/v2\/users\/1"}],"replies":[{"embeddable":true,"href":"https:\/\/bautenschutz-keul.de\/angebote\/wp-json\/wp\/v2\/comments?post=146"}],"version-history":[{"count":0,"href":"https:\/\/bautenschutz-keul.de\/angebote\/wp-json\/wp\/v2\/pages\/146\/revisions"}],"wp:attachment":[{"href":"https:\/\/bautenschutz-keul.de\/angebote\/wp-json\/wp\/v2\/media?parent=146"}],"curies":[{"name":"wp","href":"https:\/\/api.w.org\/{rel}","templated":true}]}}