{"id":149,"date":"2021-09-13T08:43:32","date_gmt":"2021-09-13T06:43:32","guid":{"rendered":"https:\/\/bautenschutz-keul.de\/angebote\/feuchte-mauer-amelinghausen\/"},"modified":"2021-09-13T08:43:32","modified_gmt":"2021-09-13T06:43:32","slug":"feuchte-mauer-amelinghausen","status":"publish","type":"page","link":"https:\/\/bautenschutz-keul.de\/angebote\/feuchte-mauer-amelinghausen\/","title":{"rendered":"Feuchte Mauer &#8211; Amelinghausen"},"content":{"rendered":"<h3>Sie interessieren sich f\u00fcr die Sanierung einer feuchten Mauer? Dann rufen Sie uns bitte an!<\/h3>\n<p>Eine feuchte Mauer kann zu einem ernsten Problem werden. Hauseigent\u00fcmer sind entsprechend sehr gut beraten, sich umfassend \u00fcber Instandsetzungsm\u00f6glichkeiten<br \/>\nkundig zu machen, falls sie feuchte Bereiche in ihren R\u00e4umlichkeiten entdeckt haben. Fr\u00fchzeitig gefunden, muss eine feuchte Mauer nicht immer erhebliche und andauernde Sanierungsarbeiten zur Folge haben. Eine feuchte Mauer kann jedoch nachteilige Einfl\u00fcsse auf Wohlsein und Gesundheit der Bewohner haben. Schimmelentstehung und Sporenablagerungen sind nicht selten die Ursache f\u00fcr gesundheitliche Probleme. Ein Grund mehr, der feuchten Mauer zu Leibe zu r\u00fccken. <\/p>\n<h3>Feuchte Mauer: Fragen Sie den Sanierungsprofi!<\/h3>\n<p>Ohne die genaue Bestandsaufnahme, l\u00e4sst sich eine feuchte Mauer nicht ernsthaft dauerhaft sanieren. Die Ursache gibt letztlich die Marschrichtung vor. M\u00f6gliche Gr\u00fcnde gibt es viele. Oftmals liegt die Ursache f\u00fcr eine feuchte Mauer in einer nur unzureichenden Hinterl\u00fcftung. Auch por\u00f6se Abflussrohre k\u00f6nnen urs\u00e4chlich daf\u00fcr sein, dass eine feuchte Mauer sich abzeichnet. Diese Gr\u00fcnde sind in der Regel fix repariert. Sehr viel komplizierter wird es, wenn diagnostiziert wird, dass die N\u00e4sse von au\u00dfen in den Keller dringt. Ein gestiegener Grundwasserspiegel f\u00fchrt z.B. dazu, dass N\u00e4sse in das Mauerwerk eindringt. Auch Geb\u00e4ude mit Hanglage sind in Gefahr f\u00fcr eindringende Feuchtigkeit. Hierbei kann es durchaus sein, dass h\u00e4rtere Gesch\u00fctze f\u00fcr eine erfolgreiche Sanierung aufgefahren werden m\u00fcssen. Aber selbst in dem Fall ist eine feuchte Mauer kein unabwendbares Schicksal.<\/p>\n","protected":false},"excerpt":{"rendered":"<p>Sie interessieren sich f\u00fcr die Sanierung einer feuchten Mauer? Dann rufen Sie uns bitte an! Eine feuchte Mauer kann zu einem ernsten Problem werden. Hauseigent\u00fcmer sind entsprechend sehr gut beraten, sich umfassend \u00fcber Instandsetzungsm\u00f6glichkeiten kundig zu machen, falls sie feuchte Bereiche in ihren R\u00e4umlichkeiten entdeckt haben. Fr\u00fchzeitig gefunden, muss eine feuchte Mauer nicht immer erhebliche [&hellip;]<\/p>\n","protected":false},"author":1,"featured_media":0,"parent":0,"menu_order":0,"comment_status":"closed","ping_status":"closed","template":"","meta":{"footnotes":""},"class_list":["post-149","page","type-page","status-publish","hentry"],"meta_box":{"popseo_subtitel":"Feuchte Mauer: Wir sind Ihr Partner in Amelinghausen","popseo_subtitel2":"Feuchte Mauer - wir beraten Sie gerne zur Sanierung!","popseo_lasttitel":"Feuchte Mauer: Gerne beantworten wir Ihre Fragen!","popseo_region":"Amelinghausen","popseo_sachwort":"Feuchte Mauer","popseo_noupdate":"","popseo_einleitungstext":"<p>Sie haben sich mit der Bauwerksabdichtung auseinandergesetzt, weil Ihr Haus feuchte Geb\u00e4udeteile aufweist und Sie nach M\u00f6glichkeiten einer wirkungsvollen und professionellen Sanierung Ausschau halten. Ausgezeichnet, dass Sie unsere Website entdeckt haben. Auf den folgenden Seiten d\u00fcrfen wir Ihnen einige Informationen zu unserem Leistungsangebot geben. Sie lernen auf dieser Website unsere Firma etwas n\u00e4her kennen. <\/p>\n<p>Die Firma TK-Geb\u00e4udetechnik Thorsten Keul ist ein spezialisierter und erfahrener Fachbetrieb mit Firmensitz in Brietlingen bei L\u00fcneburg. Bereits seit vielen Jahren sind wir Ihr Fachpartner f\u00fcr alle Fragen rund um Geb\u00e4udeabdichtung. Wir setzen ausschlie\u00dflich effektive und praxisbew\u00e4hrte Sanierungssysteme und -methoden ein. Als Sanierungsfachbetrieb blicken wir auf eine lange und intensive Berufserfahrung zur\u00fcck. Unsere gut geschulten Fachkr\u00e4fte informieren Sie sehr gerne im Detail.<\/p>","popseo_schlusstext":"<p>Sie ben\u00f6tigen einen Spezialisten f\u00fcr die Bauwerksabdichtung. Toll, dass unser Angebot Ihre Aufmerksamkeit gefunden hat. Worauf Sie neben unserer Fachkompetenz setzen d\u00fcrfen: Unser Expertenteam ist motiviert und immer mit der n\u00f6tigen Energie f\u00fcr Sie im Einsatz. Wir freuen uns sehr, wenn wir Sie in einem unverbindlichen Beratungsgespr\u00e4ch \u00fcber die zahllosen Optionen, die sich Ihnen bieten, informieren d\u00fcrfen. Nehmen Sie bitte Kontakt mit uns auf. Wir werden gerne f\u00fcr Sie aktiv!<\/p>","popseo_stadttext":"<h3>Unsere Leistung auch in  Amelinghausen<\/h3>\n<p>Durch unsere Gesch\u00e4ftst\u00e4tigkeit haben wir uns einen guten \u00dcberblick \u00fcber die Stadtarchitektur der St\u00e4dte und Gemeinden unseres Vertriebsgebietes machen k\u00f6nnen. Unser Einzugsbereich umfasst nat\u00fcrlich auch Amelinghausen. Wir f\u00fchlen uns der Region verpflichtet und sind stolz darauf auch einen Teil zur gesunden Infrastruktur der Gemeinde beizusteuern zu d\u00fcrfen.  <\/p>\n<p><h3>Gute Gr\u00fcnde sprechen f\u00fcr den Wohnort Amelinghausen<\/h3><br \/>\nAmelinghausen befindet sich in der L\u00fcneburger Heide. An die 4.000 Anwohner wohnen in Amelinghausen auf einer Fl\u00e4che von rund 16 km\u00b2. Erreichbar ist der Ort mit dem Auto \u00fcber die B209. Das Umland erm\u00f6glicht erlebnisreiche Ausfl\u00fcge. Die Baustruktur in der Region ist \u00fcberwiegend gepr\u00e4gt von einer ansprechenden Einzelhausbebauung. Besonders junge Familien sch\u00e4tzen das beschauliche Leben in Amelinghausen. Die N\u00e4he zur Stadt L\u00fcneburg mit hervorragenden Verkehrsanbindungen und Freizeitangeboten machen den Ort Amelinghausen so attraktiv.<br \/>\nDie Gemeinde ist Sitz der Samtgemeinde Amelinghausen, einem Zusammenschluss von f\u00fcnf kleineren Orten. Dies sind neben Amelinghausen selbst die Gemeinden Oldendorf (Luhe), Betzendorf, Soderstorf und Rehlingen. Die Samtgemeinde z\u00e4hlt insgesamt knapp 8.000 Einwohner und erstreckt sich \u00fcber ein Areal von zirka 194 km\u00b2.<\/p>\n<h4>Privat- und Gesch\u00e4ftskunden aus Amelinghausen sch\u00e4tzen unsere Leistungen!<\/h4>\n<p>Sie wohnen in Amelinghausen, Oldendorf (Luhe), Betzendorf, Rehlingen oder Soderstorf und interessieren sich f\u00fcr unser Angebot. Toll, dass Sie diese Website gefunden haben. F\u00fcr R\u00fcckfragen stehen wir Ihnen jederzeit zur Verf\u00fcgung. Auf den Kontakt zu Ihnen freuen wir uns.<\/p>","popseo_zusatztext":"<h3>Erstklassiges Abdichten ist uns wichtig<\/h3>\n<p>Sie haben einen N\u00e4sseschaden festgestellt und m\u00fcssen die entsprechenden Bereiche nun schnellstm\u00f6glich abdichten. Sehr gut, dass Sie uns entdeckt haben! Als routiniertes Unternehmen der Bauwirtschaft kennen wir uns sehr gut aus mit dem Abdichten von Kellern, W\u00e4nden oder Mauern.  <\/p>\n<p>Feuchtigkeitssch\u00e4den sind unsere Fachkompetenz: F\u00fcr unser Unternehmen geh\u00f6rt das Abdichten von Mauern, Kellern oder W\u00e4nden zur allt\u00e4glichen Arbeit. Wir gehen der Ursache f\u00fcr den Feuchtigkeitseintritt gr\u00fcndlich auf den Grund. Vor dem konkreten Abdichten muss erstmal die Ursachenforschung stehen. Erst wenn man den tats\u00e4chlichen Grund f\u00fcr eine Durchn\u00e4ssung ermittelt hat, kann man mit dem Abdichten starten. Die Bestandsaufnahme gibt die Richtung vor, den das Abdichten eines Bauk\u00f6rpers beinhalten muss.  <\/p>\n<h4>Abdichten: Schnelle Hilfe durch den Fachbetrieb!<\/h4>\n<p>Z\u00f6gern Sie bitte nicht und verabreden Sie noch heute einen Termin mit einem unserer kompetenten Fachkr\u00e4fte. Ein kurzer Telefonanruf oder eine schnelle e-Mail reichen v\u00f6llig aus! Bei einer Bestandsaufnahme direkt am betroffenen Objekt, nehmen wir den Schaden auf und entwerfen anschlie\u00dfend ein Konzept f\u00fcr das langfristige Abdichten der gesch\u00e4digten Stellen. Unsere Arbeit ist immer zweckbezogen: Nat\u00fcrlich flie\u00dfen auch \u00f6konomische Aspekte in unsere Entscheidungsfindung f\u00fcr das Abdichten Ihres Hauses mit ein. Alles aus einer Hand: Unsere engagierten Angestellten f\u00fchren alle notwendigen T\u00e4tigkeiten, die zum Abdichten erforderlich sind schnell und zuverl\u00e4ssig aus. Schon seit langer Zeit ist unser Haus f\u00fcr eine hohe Fachkompetenz bekannt. Eine unserer Kernkompetenzen liegt im Abdichten von Gesch\u00e4fts- und Wohngeb\u00e4uden. Vertrauen Sie auf Fachkompetenz und beauftragen Sie uns f\u00fcr das Abdichten von neuralgischen Stellen im Mauerwerk. Wir freuen uns darauf, auch Ihnen helfen zu d\u00fcrfen.<\/p>","popseo_links":"<a href=\"https:\/\/bautenschutz-keul.de\/angebote\/zerstoerter-putz-bad-bevensen\/\">zerst\u00f6rter Putz Bad Bevensen<\/a>, <a href=\"https:\/\/bautenschutz-keul.de\/angebote\/aussenabdichtung-herzogtum-lauenburg\/\">Au\u00dfenabdichtung Herzogtum Lauenburg<\/a>, <a href=\"https:\/\/bautenschutz-keul.de\/angebote\/innenabdichtung-adendorf\/\">Innenabdichtung Adendorf<\/a>, <a href=\"https:\/\/bautenschutz-keul.de\/angebote\/horizontalsperre-schwarzenbek\/\">Horizontalsperre Schwarzenbek<\/a>, <a href=\"https:\/\/bautenschutz-keul.de\/angebote\/schimmelsanierung-amt-neuhaus\/\">Schimmelsanierung Amt Neuhaus<\/a>, <a href=\"https:\/\/bautenschutz-keul.de\/angebote\/horizontalsperre-buchholz-in-der-nordheide\/\">Horizontalsperre Buchholz in der Nordheide<\/a>, <a href=\"https:\/\/bautenschutz-keul.de\/angebote\/feuchtigkeitsschaden-amt-neuhaus\/\">Feuchtigkeitsschaden Amt Neuhaus<\/a>, <a href=\"https:\/\/bautenschutz-keul.de\/angebote\/mauertrockenlegung-ebstorf\/\">Mauertrockenlegung Ebstorf<\/a>, <a href=\"https:\/\/bautenschutz-keul.de\/angebote\/feuchtigkeitsschaden-adendorf\/\">Feuchtigkeitsschaden Adendorf<\/a>, <a href=\"https:\/\/bautenschutz-keul.de\/angebote\/aussenabdichtung-winsen-luhe\/\">Au\u00dfenabdichtung Winsen Luhe<\/a>, <a href=\"https:\/\/bautenschutz-keul.de\/angebote\/kellerabdichtung-ebstorf\/\">Kellerabdichtung Ebstorf<\/a>, <a href=\"https:\/\/bautenschutz-keul.de\/angebote\/schimmelbeseitigung-salzhausen\/\">Schimmelbeseitigung Salzhausen<\/a>, <a href=\"https:\/\/bautenschutz-keul.de\/angebote\/feuchter-keller-maschen\/\">Feuchter Keller Maschen<\/a>, <a href=\"https:\/\/bautenschutz-keul.de\/angebote\/bauwerksabdichtung-tostedt-sittensen\/\">Bauwerksabdichtung Tostedt Sittensen<\/a>, <a href=\"https:\/\/bautenschutz-keul.de\/angebote\/feuchter-keller-geesthacht\/\">Feuchter Keller Geesthacht<\/a>, <a href=\"https:\/\/bautenschutz-keul.de\/angebote\/feuchte-mauer-salzhausen\/\">Feuchte Mauer Salzhausen<\/a>, <a href=\"https:\/\/bautenschutz-keul.de\/angebote\/feuchter-keller-bispingen\/\">Feuchter Keller Bispingen<\/a>, <a href=\"https:\/\/bautenschutz-keul.de\/angebote\/schimmelbeseitigung-winsen-luhe\/\">Schimmelbeseitigung Winsen Luhe<\/a>, <a href=\"https:\/\/bautenschutz-keul.de\/angebote\/schimmelbeseitigung-lueneburg\/\">Schimmelbeseitigung L\u00fcneburg<\/a>, <a href=\"https:\/\/bautenschutz-keul.de\/angebote\/feuchtigkeit-reppenstedt\/\">Feuchtigkeit Reppenstedt<\/a>, <a href=\"https:\/\/bautenschutz-keul.de\/angebote\/schimmel-reppenstedt\/\">Schimmel Reppenstedt<\/a>, <a href=\"https:\/\/bautenschutz-keul.de\/angebote\/aussenabdichtung-lueneburg\/\">Au\u00dfenabdichtung L\u00fcneburg<\/a>, <a href=\"https:\/\/bautenschutz-keul.de\/angebote\/salpeter-im-keller-reinbek-aumuehle\/\">Salpeter im Keller Reinbek Aum\u00fchle<\/a>, <a href=\"https:\/\/bautenschutz-keul.de\/angebote\/aufsteigende-feuchtigkeit-jesteburg\/\">aufsteigende Feuchtigkeit Jesteburg<\/a>, <a href=\"https:\/\/bautenschutz-keul.de\/angebote\/feuchter-keller-bergedorf-wentorf\/\">Feuchter Keller Bergedorf Wentorf<\/a>, <a href=\"https:\/\/bautenschutz-keul.de\/angebote\/feuchte-wand-schwarzenbek\/\">Feuchte Wand Schwarzenbek<\/a>, <a href=\"https:\/\/bautenschutz-keul.de\/angebote\/kellertrockenlegung-boizenburg\/\">Kellertrockenlegung Boizenburg<\/a>, <a href=\"https:\/\/bautenschutz-keul.de\/angebote\/kellersanierung-herzogtum-lauenburg\/\">Kellersanierung Herzogtum Lauenburg<\/a>, <a href=\"https:\/\/bautenschutz-keul.de\/angebote\/rissverpressung-buchholz-in-der-nordheide\/\">Rissverpressung Buchholz in der Nordheide<\/a>, <a href=\"https:\/\/bautenschutz-keul.de\/angebote\/feuchte-mauer-geesthacht\/\">Feuchte Mauer Geesthacht<\/a>"},"_links":{"self":[{"href":"https:\/\/bautenschutz-keul.de\/angebote\/wp-json\/wp\/v2\/pages\/149","targetHints":{"allow":["GET"]}}],"collection":[{"href":"https:\/\/bautenschutz-keul.de\/angebote\/wp-json\/wp\/v2\/pages"}],"about":[{"href":"https:\/\/bautenschutz-keul.de\/angebote\/wp-json\/wp\/v2\/types\/page"}],"author":[{"embeddable":true,"href":"https:\/\/bautenschutz-keul.de\/angebote\/wp-json\/wp\/v2\/users\/1"}],"replies":[{"embeddable":true,"href":"https:\/\/bautenschutz-keul.de\/angebote\/wp-json\/wp\/v2\/comments?post=149"}],"version-history":[{"count":0,"href":"https:\/\/bautenschutz-keul.de\/angebote\/wp-json\/wp\/v2\/pages\/149\/revisions"}],"wp:attachment":[{"href":"https:\/\/bautenschutz-keul.de\/angebote\/wp-json\/wp\/v2\/media?parent=149"}],"curies":[{"name":"wp","href":"https:\/\/api.w.org\/{rel}","templated":true}]}}