{"id":151,"date":"2021-09-13T08:43:32","date_gmt":"2021-09-13T06:43:32","guid":{"rendered":"https:\/\/bautenschutz-keul.de\/angebote\/feuchte-mauer-bad-bevensen\/"},"modified":"2021-09-13T08:43:32","modified_gmt":"2021-09-13T06:43:32","slug":"feuchte-mauer-bad-bevensen","status":"publish","type":"page","link":"https:\/\/bautenschutz-keul.de\/angebote\/feuchte-mauer-bad-bevensen\/","title":{"rendered":"Feuchte Mauer &#8211; Bad Bevensen"},"content":{"rendered":"<h3>Feuchte Mauer: Wir sanieren kompetent und schnell!<\/h3>\n<p>Eine feuchte Mauer k\u00f6nnte zu einem ernstzunehmenden Problem werden. Hausbewohner sind daher gut beraten, sich umf\u00e4nglich \u00fcber Instandsetzungsm\u00f6glichkeiten<br \/>\nschlau zu machen, wenn sie feuchte Bereiche in ihren R\u00e4umlichkeiten gefunden haben. Zeitig entdeckt, muss eine feuchte Mauer nicht immer schwerwiegende und zeitintensive Reparaturarbeiten nach sich ziehen. Eine feuchte Mauer kann durchaus negative Auswirkungen auf Wohlbefinden und Gesundheit der Bewohner haben. Schimmelbildung und Sporen sind oft der Grund f\u00fcr gesundheitliche Gefahren. Ein Grund mehr, der feuchten Mauer den Kampf anzusagen. <\/p>\n<h3>Wir helfen rasch bei einer feuchten Mauer!<\/h3>\n<p>Ohne die genaue Analyse, l\u00e4sst sich eine feuchte Mauer nicht wirklich anhaltend sanieren. Der Grund gibt letztlich die Richtung vor. M\u00f6gliche Ursachen gibt es reichlich. Oftmals liegt die Ursache f\u00fcr eine feuchte Mauer in einer nur mangelhaften Hinterl\u00fcftung. Auch defekte Abflussrohre k\u00f6nnen der Grund daf\u00fcr sein, dass eine feuchte Mauer sich abzeichnet. Derlei Ursachen sind in der Regel fix erledigt. Umso schwieriger wird es, wenn festgestellt wird, dass die Feuchtigkeit von au\u00dferhalb in den Keller dringt. Ein erh\u00f6hter Grundwasserspiegel f\u00fchrt beispielsweise dazu, dass Feuchtigkeit in das Mauerwerk zieht. Auch H\u00e4user mit Hanglage sind gef\u00e4hrdet f\u00fcr einsickernde N\u00e4sse. Hierbei mag es schon sein, dass h\u00e4rtere Gesch\u00fctze f\u00fcr eine erfolgreiche Renovierung ergriffen werden m\u00fcssen. Aber selbst dann ist eine feuchte Mauer kein unabwendbares Schicksal.<\/p>\n","protected":false},"excerpt":{"rendered":"<p>Feuchte Mauer: Wir sanieren kompetent und schnell! Eine feuchte Mauer k\u00f6nnte zu einem ernstzunehmenden Problem werden. Hausbewohner sind daher gut beraten, sich umf\u00e4nglich \u00fcber Instandsetzungsm\u00f6glichkeiten schlau zu machen, wenn sie feuchte Bereiche in ihren R\u00e4umlichkeiten gefunden haben. Zeitig entdeckt, muss eine feuchte Mauer nicht immer schwerwiegende und zeitintensive Reparaturarbeiten nach sich ziehen. Eine feuchte Mauer [&hellip;]<\/p>\n","protected":false},"author":1,"featured_media":0,"parent":0,"menu_order":0,"comment_status":"closed","ping_status":"closed","template":"","meta":{"footnotes":""},"class_list":["post-151","page","type-page","status-publish","hentry"],"meta_box":{"popseo_subtitel":"Feuchte Mauer: Wir sind Ihr Spezialist in Bad Bevensen","popseo_subtitel2":"Feuchte Mauer - Sanierung f\u00fcr Kunden aus Norddeutschland","popseo_lasttitel":"Feuchte Mauer: Treten Sie in Kontakt mit uns!","popseo_region":"Bad Bevensen","popseo_sachwort":"Feuchte Mauer","popseo_noupdate":"","popseo_einleitungstext":"<p>Sie haben sich mit der Bauwerksabdichtung auseinandergesetzt, weil Ihr Haus feuchte Geb\u00e4udeteile aufweist und Sie nach Methoden einer professionellen und vor allem wirksamen Sanierung Ausschau halten. Gut, dass Sie zu uns gefunden haben. Auf den folgenden Seiten d\u00fcrfen wir Ihnen einige Informationen zu unserem Leistungsangebot geben. Sie lernen auf dieser Website unsere Firma etwas n\u00e4her kennen. <\/p>\n<p>Unser Unternehmen ist ein qualifizierter und etablierter Handwerksbetrieb mit Firmensitz in Brietlingen bei L\u00fcneburg. Seit vielen Jahren schon sind wir Ihr Spezialist f\u00fcr s\u00e4mtliche Fragen rund um Geb\u00e4udeabdichtung. Wir setzen ausschlie\u00dflich praxisbew\u00e4hrte und effektive Sanierungssysteme und -methoden ein. Als Fachbetrieb f\u00fcr Abdichtung und Sanierung schauen wir auf eine lange und intensive Berufserfahrung zur\u00fcck. Unsere engagierten Mitarbeiter informieren Sie gerne im Detail.<\/p>","popseo_schlusstext":"<p>Sie ben\u00f6tigen einen Profi f\u00fcr die Bauwerksabdichtung. Toll, dass unser Angebot Ihre Aufmerksamkeit gefunden hat. Worauf Sie neben unserer Fachkompetenz setzen d\u00fcrfen: Unser Team ist immer mit Akribie und Motivation bei der Sache. Wir freuen uns sehr, wenn wir Sie in einem unverbindlichen Beratungsgespr\u00e4ch \u00fcber die zahllosen Optionen, die sich Ihnen bieten, informieren d\u00fcrfen. Schreiben Sie uns einfach eine Mail oder rufen Sie uns an. Wir freuen uns auf Sie!<\/p>","popseo_stadttext":"<h3>Unser Vertriebsgebiet umfasst auch Bad Bevensen<\/h3>\n<p>Durch unsere Gesch\u00e4ftst\u00e4tigkeit haben wir uns einen ausgezeichneten \u00dcberblick \u00fcber die Stadtarchitektur der Gemeinden und St\u00e4dte unseres Einzugsbereiches erarbeiten k\u00f6nnen. Nat\u00fcrlich geh\u00f6rt auch Bad Bevensen zu unserem unmittelbaren Vertriebsgebiet. Sie kommen aus der Region und sind hier im World Wide Web auf unsere Website gesto\u00dfen? Das finden wir klasse. Gerne pr\u00e4sentieren wir Ihnen unser gesamtes Leistungsspektrum und beantworten Ihre Fragen. Wir freuen uns darauf, mit Ihnen in Kontakt zu treten. <\/p>\n<h3>Leben und Arbeiten in Bad Bevensen<\/h3>\n<p>Bad Bevensen hat etwa 9.000 gemeldete B\u00fcrger und erstreckt sich \u00fcber ein Gesamtareal von zirka 48 km\u00b2. Verkehrstechnisch ist die Kleinstadt gut zu erreichen: In unmittelbarer N\u00e4he des Gemeindegebietes liegt eine Anschlussstelle zur Autobahn B4. Des Weiteren erreicht man Bad Bevensen \u00fcber die L252 und mit der Eisenbahn auf der Streckenverbindung Hamburg-Hannover. Bad Bevensee befindet sich in der L\u00fcneburger Heide und geh\u00f6rt formell zum Landkreis Uelzen. Die Gemeinde ist Amtssitz der Samtgemeinde Bevensen-Ebstorf, einer Vereinigung von 13 kleineren Orten. Die Samtgemeinde z\u00e4hlt insgesamt etwa 26.000 B\u00fcrger und erstreckt sich \u00fcber eine Fl\u00e4che von etwas mehr als 479 Quadratkilometern. Bad Bevensen ist ganz ohne Frage ein guter Platz zum Leben. Die charmante Kleinstadt verf\u00fcgt \u00fcber eine ausgezeichnete Infrastruktur und bestens ausgebaute Wohnviertel.    <\/p>\n<h4>Hohe Qualit\u00e4t f\u00fcr Kunden aus Bad Bevensen<\/h4>\n<p>Sie leben in Bad Bevensen oder einem anderen Ort der Samtgemeinde und interessieren sich f\u00fcr unser Angebot. Klasse, dass Sie uns hier auf dieser Website entdeckt haben. F\u00fcr R\u00fcckfragen stehen wir Ihnen jederzeit zur Verf\u00fcgung. Unser engagiertes Team freut sich auf Sie.<\/p>","popseo_zusatztext":"<h3>Sanieren: Wir bieten eine erstklassige Handwerksarbeit<\/h3>\n<p>Sie beabsichtigen eine Wand, einen Keller oder sogar ein komplettes Bauwerk zu sanieren? Klasse, denn dann sind Sie bei uns exakt an der korrekten Adresse. Wir sind Ihr routinierter Partner f\u00fcr alle Fragen rund um das Sanieren von Geb\u00e4uden.  Ob nasse Keller, feuchte W\u00e4nde oder die Sanierung ausgedehnter Feuchtigkeitssch\u00e4den: Als spezialisierter Fachbetrieb z\u00e4hlt das Sanieren zu unseren allt\u00e4glichen T\u00e4tigkeitsschwerpunkten. Wir gehen der Schadensursache ganz genau auf den Grund. Vor der konkreten Sanierung muss auf jeden Fall die Suche nach dem Grund stehen. Erst wenn man den wirklichen Grund f\u00fcr einen eingetretenen Schadensfall kennt, kann man sinnvollerweise mit dem Sanieren beginnen. Auch sieht man erst nach einer genauen Analyse das Ausma\u00df, den das Sanieren eines Hauses in Anspruch nehmen wird.<\/p>\n<p>Verabreden Sie doch einfach einmal einen unverbindlichen Termin mit einem unserer gut geschulten Fachleute. Telefonanruf oder e-Mail gen\u00fcgen! Bei einer Begehung direkt vor Ort nehmen wir die M\u00e4ngel auf und machen Ratschl\u00e4ge f\u00fcr das passende Sanieren. So viel wie notwendig, so wenig wie m\u00f6glich: Auch monet\u00e4re Aspekte flie\u00dfen in unsere Entscheidungsfindung f\u00fcr das Sanieren Ihres Hauses mit ein. <\/p>\n<h4>Sanieren: Schnelle Hilfe durch den Fachbetrieb!<\/h4>\n<p>Selbstverst\u00e4ndlich f\u00fchren unsere sachkundigen Mitarbeiter alle erforderlichen T\u00e4tigkeiten, die zum Sanieren geh\u00f6ren schnell und verl\u00e4\u00dflich aus. Unser Betrieb ist seit vielen Jahren f\u00fcr eine hohe Qualit\u00e4t beim Sanieren bekannt. Der Reparatur von Wohn- und Gesch\u00e4ftsh\u00e4usern haben wir uns verschrieben. Setzen Sie auf Routine und \u00fcberlassen Sie das Sanieren Ihres Geb\u00e4udes unserer Firma. Wir freuen uns darauf, auch Ihnen helfen zu k\u00f6nnen.<\/p>","popseo_links":"<a href=\"https:\/\/bautenschutz-keul.de\/angebote\/kellerabdichtung-amelinghausen\/\">Kellerabdichtung Amelinghausen<\/a>, <a href=\"https:\/\/bautenschutz-keul.de\/angebote\/rissverpressung-geesthacht\/\">Rissverpressung Geesthacht<\/a>, <a href=\"https:\/\/bautenschutz-keul.de\/angebote\/rissverpressung-jesteburg\/\">Rissverpressung Jesteburg<\/a>, <a href=\"https:\/\/bautenschutz-keul.de\/angebote\/feuchter-keller-winsen-luhe\/\">Feuchter Keller Winsen Luhe<\/a>, <a href=\"https:\/\/bautenschutz-keul.de\/angebote\/aussenabdichtung-buchholz-in-der-nordheide\/\">Au\u00dfenabdichtung Buchholz in der Nordheide<\/a>, <a href=\"https:\/\/bautenschutz-keul.de\/angebote\/feuchtigkeitsschaden-harburg\/\">Feuchtigkeitsschaden Harburg<\/a>, <a href=\"https:\/\/bautenschutz-keul.de\/angebote\/innenabdichtung-boizenburg\/\">Innenabdichtung Boizenburg<\/a>, <a href=\"https:\/\/bautenschutz-keul.de\/angebote\/salpeter-im-keller-geesthacht\/\">Salpeter im Keller Geesthacht<\/a>, <a href=\"https:\/\/bautenschutz-keul.de\/angebote\/kellerabdichtung-stelle\/\">Kellerabdichtung Stelle<\/a>, <a href=\"https:\/\/bautenschutz-keul.de\/angebote\/feuchter-keller-uelzen\/\">Feuchter Keller Uelzen<\/a>, <a href=\"https:\/\/bautenschutz-keul.de\/angebote\/feuchter-keller-buchholz-in-der-nordheide\/\">Feuchter Keller Buchholz in der Nordheide<\/a>, <a href=\"https:\/\/bautenschutz-keul.de\/angebote\/bauwerksabdichtung-bienenbuettel\/\">Bauwerksabdichtung Bienenb\u00fcttel<\/a>, <a href=\"https:\/\/bautenschutz-keul.de\/angebote\/feuchter-keller-adendorf\/\">Feuchter Keller Adendorf<\/a>, <a href=\"https:\/\/bautenschutz-keul.de\/angebote\/rissverpressung-bergedorf-wentorf\/\">Rissverpressung Bergedorf Wentorf<\/a>, <a href=\"https:\/\/bautenschutz-keul.de\/angebote\/innenabdichtung-harburg\/\">Innenabdichtung Harburg<\/a>, <a href=\"https:\/\/bautenschutz-keul.de\/angebote\/schimmelsanierung-herzogtum-lauenburg\/\">Schimmelsanierung Herzogtum Lauenburg<\/a>, <a href=\"https:\/\/bautenschutz-keul.de\/angebote\/mauertrockenlegung-salzhausen\/\">Mauertrockenlegung Salzhausen<\/a>, <a href=\"https:\/\/bautenschutz-keul.de\/angebote\/innenabdichtung-amelinghausen\/\">Innenabdichtung Amelinghausen<\/a>, <a href=\"https:\/\/bautenschutz-keul.de\/angebote\/salpeter-im-keller-bispingen\/\">Salpeter im Keller Bispingen<\/a>, <a href=\"https:\/\/bautenschutz-keul.de\/angebote\/mauertrockenlegung-amt-neuhaus\/\">Mauertrockenlegung Amt Neuhaus<\/a>, <a href=\"https:\/\/bautenschutz-keul.de\/angebote\/feuchtigkeit-bardowick\/\">Feuchtigkeit Bardowick<\/a>, <a href=\"https:\/\/bautenschutz-keul.de\/angebote\/schimmel-bad-bevensen\/\">Schimmel Bad Bevensen<\/a>, <a href=\"https:\/\/bautenschutz-keul.de\/angebote\/horizontalsperre-hanstedt\/\">Horizontalsperre Hanstedt<\/a>, <a href=\"https:\/\/bautenschutz-keul.de\/angebote\/mauertrockenlegung-tostedt-sittensen\/\">Mauertrockenlegung Tostedt Sittensen<\/a>, <a href=\"https:\/\/bautenschutz-keul.de\/angebote\/feuchte-wand-seevetal-rosengarten\/\">Feuchte Wand Seevetal Rosengarten<\/a>, <a href=\"https:\/\/bautenschutz-keul.de\/angebote\/feuchtigkeitsschaden-stelle\/\">Feuchtigkeitsschaden Stelle<\/a>, <a href=\"https:\/\/bautenschutz-keul.de\/angebote\/schimmelbeseitigung-reppenstedt\/\">Schimmelbeseitigung Reppenstedt<\/a>, <a href=\"https:\/\/bautenschutz-keul.de\/angebote\/schimmelsanierung-tostedt-sittensen\/\">Schimmelsanierung Tostedt Sittensen<\/a>, <a href=\"https:\/\/bautenschutz-keul.de\/angebote\/schimmelsanierung-stelle\/\">Schimmelsanierung Stelle<\/a>, <a href=\"https:\/\/bautenschutz-keul.de\/angebote\/schimmelsanierung-bispingen\/\">Schimmelsanierung Bispingen<\/a>"},"_links":{"self":[{"href":"https:\/\/bautenschutz-keul.de\/angebote\/wp-json\/wp\/v2\/pages\/151","targetHints":{"allow":["GET"]}}],"collection":[{"href":"https:\/\/bautenschutz-keul.de\/angebote\/wp-json\/wp\/v2\/pages"}],"about":[{"href":"https:\/\/bautenschutz-keul.de\/angebote\/wp-json\/wp\/v2\/types\/page"}],"author":[{"embeddable":true,"href":"https:\/\/bautenschutz-keul.de\/angebote\/wp-json\/wp\/v2\/users\/1"}],"replies":[{"embeddable":true,"href":"https:\/\/bautenschutz-keul.de\/angebote\/wp-json\/wp\/v2\/comments?post=151"}],"version-history":[{"count":0,"href":"https:\/\/bautenschutz-keul.de\/angebote\/wp-json\/wp\/v2\/pages\/151\/revisions"}],"wp:attachment":[{"href":"https:\/\/bautenschutz-keul.de\/angebote\/wp-json\/wp\/v2\/media?parent=151"}],"curies":[{"name":"wp","href":"https:\/\/api.w.org\/{rel}","templated":true}]}}