{"id":152,"date":"2021-09-13T08:43:32","date_gmt":"2021-09-13T06:43:32","guid":{"rendered":"https:\/\/bautenschutz-keul.de\/angebote\/feuchte-mauer-bardowick\/"},"modified":"2021-09-13T08:43:32","modified_gmt":"2021-09-13T06:43:32","slug":"feuchte-mauer-bardowick","status":"publish","type":"page","link":"https:\/\/bautenschutz-keul.de\/angebote\/feuchte-mauer-bardowick\/","title":{"rendered":"Feuchte Mauer &#8211; Bardowick"},"content":{"rendered":"<h3>Fragen Sie den Fachbetrieb zur Sanierung einer feuchten Mauer!<\/h3>\n<p>Eine feuchte Mauer kann zu einem bedrohlichen Thema werden. Hausbewohner sind entsprechend sehr gut beraten, sich umfassend \u00fcber Sanierungsma\u00dfnahmen<br \/>\nzu informieren, falls sie feuchte Stellen in ihren R\u00e4umen lokalisiert haben. Zeitig bemerkt, muss eine feuchte Mauer nicht unbedingt aufw\u00e4ndige und andauernde Sanierungsarbeiten nach sich ziehen. Eine feuchte Mauer kann allerdings unangenehme Einfl\u00fcsse auf Wohlsein und Gesundheit der Hausbewohner haben. Schimmelentstehung und Sporenablagerungen sind meist die Ursache f\u00fcr gesundheitliche Gefahren. Ein Grund mehr, der feuchten Mauer den Kampf anzusagen. <\/p>\n<h3>Sie ben\u00f6tigen Hilfe gegen eine feuchte Mauer? Dann rufen Sie uns bitte an!<\/h3>\n<p>Ohne die genaue Bestandsaufnahme, l\u00e4sst sich eine feuchte Mauer nicht ernsthaft nachhaltig instandsetzen. Die Ursache gibt letztendlich die Marschrichtung vor. M\u00f6gliche Gr\u00fcnde gibt es reichlich. H\u00e4ufig liegt der Grund f\u00fcr eine feuchte Mauer in einer nur mangelhaften Bel\u00fcftung. Auch defekte Abflussrohre k\u00f6nnen urs\u00e4chlich daf\u00fcr sein, dass eine feuchte Mauer sich abzeichnet. Solche Gr\u00fcnde sind normalerweise fix behoben. Umso aufw\u00e4ndiger wird es, wenn diagnostiziert wird, dass die Feuchtigkeit von au\u00dferhalb in den Keller sickert. Ein gestiegener Wasserspiegel f\u00fchrt beispielsweise dazu, dass N\u00e4sse in das Mauerwerk eindringt. Auch H\u00e4user mit Hanglage sind gef\u00e4hrdet f\u00fcr einsickernde N\u00e4sse. Hierbei mag es schon sein, dass h\u00e4rtere Gesch\u00fctze f\u00fcr eine anhaltende Sanierung ergriffen werden m\u00fcssen. Aber auch dann ist eine feuchte Mauer kein unweigerliches Schicksal.<\/p>\n","protected":false},"excerpt":{"rendered":"<p>Fragen Sie den Fachbetrieb zur Sanierung einer feuchten Mauer! Eine feuchte Mauer kann zu einem bedrohlichen Thema werden. Hausbewohner sind entsprechend sehr gut beraten, sich umfassend \u00fcber Sanierungsma\u00dfnahmen zu informieren, falls sie feuchte Stellen in ihren R\u00e4umen lokalisiert haben. Zeitig bemerkt, muss eine feuchte Mauer nicht unbedingt aufw\u00e4ndige und andauernde Sanierungsarbeiten nach sich ziehen. Eine [&hellip;]<\/p>\n","protected":false},"author":1,"featured_media":0,"parent":0,"menu_order":0,"comment_status":"closed","ping_status":"closed","template":"","meta":{"footnotes":""},"class_list":["post-152","page","type-page","status-publish","hentry"],"meta_box":{"popseo_subtitel":"Feuchte Mauer: Wir sind Ihr Fachbetrieb in Bardowick","popseo_subtitel2":"Feuchte Mauer - unsere Experten informieren Sie gerne \u00fcber Sanierungsm\u00f6glichkeiten","popseo_lasttitel":"Feuchte Mauer: Sie haben Fragen? Dann melden Sie sich bei uns","popseo_region":"Bardowick","popseo_sachwort":"Feuchte Mauer","popseo_noupdate":"","popseo_einleitungstext":"<p>Die Firma TK-Geb\u00e4udetechnik Thorsten Keul ist Ihr qualifizierter und erfahrener Fachbetrieb f\u00fcr Kellertrockenlegung, Schimmelbeseitigung und Bauwerksabdichtung. Mit unserem Firmenstandort in Brietlingen bei L\u00fcneburg decken wir ein geografisch gro\u00dfes Gebiet ab. Zu unseren T\u00e4tigkeitsschwerpunkten geh\u00f6ren unter anderem die Kellerabdichtung, das Setzen von Horizontalsperren, wirkungsvolle Methoden gegen aufsteigende Feuchtigkeit und ganz grunds\u00e4tzlich T\u00e4tigkeiten rund um die Themen Abdichtung und Sanierung. Kompetent und sachgerecht f\u00fchren wir f\u00fcr Sie s\u00e4mtliche Arbeiten aus - so wie Sie es von einem kompetenten Fachbetrieb erwarten k\u00f6nnen. Nachfolgend d\u00fcrfen wir Ihnen unser Aufgabenfeld im Einzelnen vorstellen.<\/p>","popseo_schlusstext":"<p>Sie suchen einen Experten f\u00fcr die fachgerecht ausgef\u00fchrte Bauwerksabdichtung. Dann kontaktieren Sie uns bitte schnell. Wir freuen uns auf Ihren Anruf oder Ihre E-Mail. Wenn es um Sanierung geht, sind wir Ihr kompetenter Handwerkspartner. Wir stehen f\u00fcr eine professionell ausgef\u00fchrte Arbeit nach dem jeweils aktuellsten Stand der Technik.<\/p>","popseo_stadttext":"<h3>Unser Wirkungskreis umfasst auch Bardowick<\/h3>\n<p>Bardowick ist ein Flecken in der unmittelbaren Nachbarschaft von Winsen (Luhe) und L\u00fcneburg. Verwaltungstechnisch geh\u00f6rt die Gemeinde zum Landkreis L\u00fcneburg. Bardowick hat etwas weniger als 7.000 registrierte Einwohner und erstreckt sich \u00fcber eine Fl\u00e4che von knapp 23 qkm. Die Gemeinde ist Verwaltungssitz der Samtgemeinde Bardowick, einem Zusammenschluss von sieben kleineren Orten \u2013 neben Bardowick selbst sind dies Barum, Handorf, Mechtersen, Radbruch, V\u00f6gelsen und Wittorf. Die Samtgemeinde z\u00e4hlt in Summe rund 18.000 Einwohner und erstreckt sich \u00fcber eine Fl\u00e4che von zirka 100 qkm.<\/p>\n<p>Durch unsere Gesch\u00e4ftst\u00e4tigkeit haben wir uns einen ausgezeichneten \u00dcberblick \u00fcber die Architektur der St\u00e4dte und Gemeinden unseres Einzugsbereiches erarbeiten k\u00f6nnen. Sie kommen aus der Samtgemeinde Bardowick und sind hier im Internet auf unsere Homepage gesto\u00dfen? Das finden wir klasse. Sehr gerne pr\u00e4sentieren wir Ihnen unser gesamtes Leistungsspektrum und beantworten Ihre Fragen. Wir freuen uns darauf, mit Ihnen in Kontakt zu kommen. <\/p>\n<h3>Einige Informationen zum Flecken Bardowick<\/h3>\n<p>Die \u00d6konomie von Bardowick wird beherrscht von kleinen Unternehmen.  Mittelpunkt ist die Landwirtschaft, hier insbesondere der Spargel- und M\u00f6hrenanbau. Allj\u00e4hrlich wird vor Ort aus diesem Grund auch die sogenannte Wurzelk\u00f6nigin gew\u00e4hlt \u2013 ein Titel, der wohl einmalig ist. Hinsichtlich der Verkehrssituation ist der Flecken Bardowick gut zu erreichen: In unmittelbarer Umgebung des Gemeindegebietes liegt eine Zufahrt zur BAB 39 in Richtung Hamburg. Au\u00dferdem erreicht man den Ort mit der Bahn auf der Strecke Hannover-Hamburg. Bardowick ist ein attraktiver Ort mit einem bukolischem Flair. Der charmante Flecken ist eine familiengerechte Ortschaft und bietet den B\u00fcrgern ein besonders attaktives Umfeld zum Arbeiten und Leben.       <\/p>\n<h4>Privat- und Gesch\u00e4ftskunden aus Bardowick sch\u00e4tzen unsere Leistungen!<\/h4>\n<p>Sie wohnen in Bardowick, Handorf, Barum, Radbruch, Mechtersen, V\u00f6gelsen oder Wittorf und interessieren sich f\u00fcr unser Angebot. Klasse, das Sie unsere Internetseite entdeckt haben. F\u00fcr R\u00fcckfragen stehen wir Ihnen jederzeit zur Verf\u00fcgung. Auf den Kontakt zu Ihnen freuen wir uns.<\/p>","popseo_zusatztext":"<h3>Erstklassiges Abdichten ist uns wichtig<\/h3>\n<p>Sie haben einen N\u00e4sseschaden festgestellt und m\u00fcssen die betroffenen Mauerstellen nun z\u00fcgig abdichten. Sehr gut, dass Sie uns entdeckt haben! Als routiniertes Fachunternehmen der Baubranche kennen wir uns sehr gut aus mit dem Abdichten von W\u00e4nden, Kellern oder Mauern.  <\/p>\n<p>Feuchtigkeitssch\u00e4den sind unser Metier: F\u00fcr unser Unternehmen geh\u00f6rt das Abdichten von Kellern, Mauern oder W\u00e4nden zur allt\u00e4glichen Arbeit. Wir gehen der Ursache f\u00fcr den Feuchtigkeitseintritt sorgf\u00e4ltig auf den Grund. Vor dem eigentlichen Abdichten muss allerdings die Ursachenfindung stehen. Erst wenn man den definitiven Grund f\u00fcr eine Durchn\u00e4ssung entdeckt hat, kann man mit dem Abdichten beginnen. Die Bestandsaufnahme gibt die Richtung vor, den das Abdichten eines Bauk\u00f6rpers umfassen muss.  <\/p>\n<h4>Abdichten: Schnelle Hilfe durch den Fachbetrieb!<\/h4>\n<p>Warten Sie bitte nicht und verabreden Sie gleich einen Termin mit einem unserer routinierten Mitarbeiter. Ein kurzer Anruf oder eine kurze e-Mail gen\u00fcgen! Bei einer Analyse direkt am entsprechenden Objekt, nehmen wir den Schaden auf und entwerfen danach ein Konzept f\u00fcr das nachhaltige Abdichten der betroffenen Stellen. Unsere Arbeit ist grunds\u00e4tzlich zweckorientiert: Nat\u00fcrlich flie\u00dfen auch wirtschaftliche \u00dcberlegungen in unsere Entscheidungsfindung f\u00fcr das Abdichten Ihres Geb\u00e4udes mit ein. Komplett aus einer Hand: Unsere dynamischen Mitarbeiter f\u00fchren alle erforderlichen Arbeiten, die zum Abdichten dazugeh\u00f6ren schnell und zuverl\u00e4ssig aus. Schon seit langer Zeit ist unser Haus f\u00fcr eine hohe Qualit\u00e4t bekannt. Eine unserer Schwerpunkte liegt im Abdichten von Wohn- und Gesch\u00e4ftsgeb\u00e4uden. Vertrauen Sie auf Kompetenz und beauftragen Sie unsere Firma f\u00fcr das Abdichten von neuralgischen Bereichen im Mauerwerk. Wir freuen uns darauf, auch Ihnen helfen zu d\u00fcrfen.<\/p>","popseo_links":"<a href=\"https:\/\/bautenschutz-keul.de\/angebote\/rissverpressung-buchholz-in-der-nordheide\/\">Rissverpressung Buchholz in der Nordheide<\/a>, <a href=\"https:\/\/bautenschutz-keul.de\/angebote\/schimmelsanierung-amt-neuhaus\/\">Schimmelsanierung Amt Neuhaus<\/a>, <a href=\"https:\/\/bautenschutz-keul.de\/angebote\/kellersanierung-buechen\/\">Kellersanierung B\u00fcchen<\/a>, <a href=\"https:\/\/bautenschutz-keul.de\/angebote\/mauertrockenlegung-seevetal-rosengarten\/\">Mauertrockenlegung Seevetal Rosengarten<\/a>, <a href=\"https:\/\/bautenschutz-keul.de\/angebote\/feuchte-wand-amt-neuhaus\/\">Feuchte Wand Amt Neuhaus<\/a>, <a href=\"https:\/\/bautenschutz-keul.de\/angebote\/salpeter-im-keller-bardowick\/\">Salpeter im Keller Bardowick<\/a>, <a href=\"https:\/\/bautenschutz-keul.de\/angebote\/zerstoerter-putz-seevetal-rosengarten\/\">zerst\u00f6rter Putz Seevetal Rosengarten<\/a>, <a href=\"https:\/\/bautenschutz-keul.de\/angebote\/salpeter-im-keller-amelinghausen\/\">Salpeter im Keller Amelinghausen<\/a>, <a href=\"https:\/\/bautenschutz-keul.de\/angebote\/horizontalsperre-reppenstedt\/\">Horizontalsperre Reppenstedt<\/a>, <a href=\"https:\/\/bautenschutz-keul.de\/angebote\/aussenabdichtung-bispingen\/\">Au\u00dfenabdichtung Bispingen<\/a>, <a href=\"https:\/\/bautenschutz-keul.de\/angebote\/aussenabdichtung-amelinghausen\/\">Au\u00dfenabdichtung Amelinghausen<\/a>, <a href=\"https:\/\/bautenschutz-keul.de\/angebote\/feuchtigkeit-amt-neuhaus\/\">Feuchtigkeit Amt Neuhaus<\/a>, <a href=\"https:\/\/bautenschutz-keul.de\/angebote\/schimmelsanierung-herzogtum-lauenburg\/\">Schimmelsanierung Herzogtum Lauenburg<\/a>, <a href=\"https:\/\/bautenschutz-keul.de\/angebote\/rissverpressung-amelinghausen\/\">Rissverpressung Amelinghausen<\/a>, <a href=\"https:\/\/bautenschutz-keul.de\/angebote\/schimmelbeseitigung-jesteburg\/\">Schimmelbeseitigung Jesteburg<\/a>, <a href=\"https:\/\/bautenschutz-keul.de\/angebote\/feuchtigkeit-tostedt-sittensen\/\">Feuchtigkeit Tostedt Sittensen<\/a>, <a href=\"https:\/\/bautenschutz-keul.de\/angebote\/kellersanierung-seevetal-rosengarten\/\">Kellersanierung Seevetal Rosengarten<\/a>, <a href=\"https:\/\/bautenschutz-keul.de\/angebote\/zerstoerter-putz-bad-bevensen\/\">zerst\u00f6rter Putz Bad Bevensen<\/a>, <a href=\"https:\/\/bautenschutz-keul.de\/angebote\/feuchte-wand-buchholz-in-der-nordheide\/\">Feuchte Wand Buchholz in der Nordheide<\/a>, <a href=\"https:\/\/bautenschutz-keul.de\/angebote\/schimmelbeseitigung-bienenbuettel\/\">Schimmelbeseitigung Bienenb\u00fcttel<\/a>, <a href=\"https:\/\/bautenschutz-keul.de\/angebote\/mauertrockenlegung-bergedorf-wentorf\/\">Mauertrockenlegung Bergedorf Wentorf<\/a>, <a href=\"https:\/\/bautenschutz-keul.de\/angebote\/rissverpressung-maschen\/\">Rissverpressung Maschen<\/a>, <a href=\"https:\/\/bautenschutz-keul.de\/angebote\/schimmel-salzhausen\/\">Schimmel Salzhausen<\/a>, <a href=\"https:\/\/bautenschutz-keul.de\/angebote\/feuchte-wand-boizenburg\/\">Feuchte Wand Boizenburg<\/a>, <a href=\"https:\/\/bautenschutz-keul.de\/angebote\/feuchtigkeit-seevetal-rosengarten\/\">Feuchtigkeit Seevetal Rosengarten<\/a>, <a href=\"https:\/\/bautenschutz-keul.de\/angebote\/kellersanierung-ebstorf\/\">Kellersanierung Ebstorf<\/a>, <a href=\"https:\/\/bautenschutz-keul.de\/angebote\/feuchte-wand-seevetal-rosengarten\/\">Feuchte Wand Seevetal Rosengarten<\/a>, <a href=\"https:\/\/bautenschutz-keul.de\/angebote\/kellersanierung-bergedorf-wentorf\/\">Kellersanierung Bergedorf Wentorf<\/a>, <a href=\"https:\/\/bautenschutz-keul.de\/angebote\/feuchte-mauer-adendorf\/\">Feuchte Mauer Adendorf<\/a>, <a href=\"https:\/\/bautenschutz-keul.de\/angebote\/feuchtigkeitsschaden-salzhausen\/\">Feuchtigkeitsschaden Salzhausen<\/a>"},"_links":{"self":[{"href":"https:\/\/bautenschutz-keul.de\/angebote\/wp-json\/wp\/v2\/pages\/152","targetHints":{"allow":["GET"]}}],"collection":[{"href":"https:\/\/bautenschutz-keul.de\/angebote\/wp-json\/wp\/v2\/pages"}],"about":[{"href":"https:\/\/bautenschutz-keul.de\/angebote\/wp-json\/wp\/v2\/types\/page"}],"author":[{"embeddable":true,"href":"https:\/\/bautenschutz-keul.de\/angebote\/wp-json\/wp\/v2\/users\/1"}],"replies":[{"embeddable":true,"href":"https:\/\/bautenschutz-keul.de\/angebote\/wp-json\/wp\/v2\/comments?post=152"}],"version-history":[{"count":0,"href":"https:\/\/bautenschutz-keul.de\/angebote\/wp-json\/wp\/v2\/pages\/152\/revisions"}],"wp:attachment":[{"href":"https:\/\/bautenschutz-keul.de\/angebote\/wp-json\/wp\/v2\/media?parent=152"}],"curies":[{"name":"wp","href":"https:\/\/api.w.org\/{rel}","templated":true}]}}