{"id":154,"date":"2021-09-13T08:43:32","date_gmt":"2021-09-13T06:43:32","guid":{"rendered":"https:\/\/bautenschutz-keul.de\/angebote\/feuchte-mauer-bienenbuettel\/"},"modified":"2021-09-13T08:43:32","modified_gmt":"2021-09-13T06:43:32","slug":"feuchte-mauer-bienenbuettel","status":"publish","type":"page","link":"https:\/\/bautenschutz-keul.de\/angebote\/feuchte-mauer-bienenbuettel\/","title":{"rendered":"Feuchte Mauer &#8211; Bienenb\u00fcttel"},"content":{"rendered":"<h3>Fragen Sie den Fachbetrieb zur Sanierung einer feuchten Mauer!<\/h3>\n<p>Eine feuchte Mauer kann zu einem bedrohlichen Thema werden. Hausbewohner sind daher gut beraten, sich umfangreich \u00fcber Sanierungsma\u00dfnahmen<br \/>\nkundig zu machen, falls sie durchfeuchtete Bereiche in ihren R\u00e4umen lokalisiert haben. Zeitig entdeckt, muss eine feuchte Mauer nicht immer erhebliche und andauernde Instandsetzungsarbeiten nach sich ziehen. Eine feuchte Mauer kann durchaus negative Auswirkungen auf Wohlbefinden und Gesundheit der Hausbewohner haben. Schimmelbildung und Sporenbildung sind nicht selten der Grund f\u00fcr gesundheitliche Gefahren. Ein mehr als trifftiger Grund, der feuchten Mauer den Kampf anzusagen. <\/p>\n<h3>Sie ben\u00f6tigen Hilfe gegen eine feuchte Mauer? Dann rufen Sie uns bitte an!<\/h3>\n<p>Ohne die genaue Bestandsaufnahme, l\u00e4sst sich eine feuchte Mauer nicht ernsthaft nachhaltig sanieren. Die Ursache gibt schlie\u00dflich die Richtung vor. M\u00f6gliche Ursachen gibt es reichlich. Oft liegt der Grund f\u00fcr eine feuchte Mauer in einer nur unzureichenden Hinterl\u00fcftung. Auch por\u00f6se Abflussleitungen k\u00f6nnen die Ursache daf\u00fcr sein, dass eine feuchte Mauer entsteht. Solche Gr\u00fcnde sind normalerweise rasch repariert. Deutlich komplizierter wird es, wenn festgestellt wird, dass die N\u00e4sse von au\u00dferhalb in den Keller sickert. Ein hoher Wasserspiegel f\u00fchrt beispielsweise dazu, dass Feuchtigkeit in das Mauerwerk eindringt. Auch H\u00e4user mit Hanglage sind gef\u00e4hrdet f\u00fcr eindringende Feuchtigkeit. Hierbei mag es schon sein, dass m\u00e4chtigere Gesch\u00fctze f\u00fcr eine erfolgreiche Renovierung ergriffen werden m\u00fcssen. Aber auch dann ist eine feuchte Mauer kein unweigerliches Schicksal.<\/p>\n","protected":false},"excerpt":{"rendered":"<p>Fragen Sie den Fachbetrieb zur Sanierung einer feuchten Mauer! Eine feuchte Mauer kann zu einem bedrohlichen Thema werden. Hausbewohner sind daher gut beraten, sich umfangreich \u00fcber Sanierungsma\u00dfnahmen kundig zu machen, falls sie durchfeuchtete Bereiche in ihren R\u00e4umen lokalisiert haben. Zeitig entdeckt, muss eine feuchte Mauer nicht immer erhebliche und andauernde Instandsetzungsarbeiten nach sich ziehen. Eine [&hellip;]<\/p>\n","protected":false},"author":1,"featured_media":0,"parent":0,"menu_order":0,"comment_status":"closed","ping_status":"closed","template":"","meta":{"footnotes":""},"class_list":["post-154","page","type-page","status-publish","hentry"],"meta_box":{"popseo_subtitel":"Feuchte Mauer: Wir sind Ihr Spezialist im Raum Bienenb\u00fcttel","popseo_subtitel2":"Feuchte Mauer - Sanierung durch die Experten unserer Firma","popseo_lasttitel":"Feuchte Mauer: Wir informieren Sie gerne auch pers\u00f6nlich!","popseo_region":"Bienenb\u00fcttel","popseo_sachwort":"Feuchte Mauer","popseo_noupdate":"","popseo_einleitungstext":"<p>Sie wollen Ihr Wohn- oder Gesch\u00e4ftshaus sanieren lassen interessieren sich f\u00fcr Sanierungsmethoden und Abdichtungssysteme? Prima, dann sind Sie bei uns genau richtig. Als auf die Geb\u00e4udesanierung spezialisiertes Unternehmen, \u00fcbernehmen wir sehr gerne Arbeiten im Bereich Abdichtung und Trockenlegung.  <\/p>\n<p>Erfahren sind wir bei der Bauwerksabdichtung und dar\u00fcber hinaus bei der Schimmelbek\u00e4mpfung, bei der Rissverpressung und bei der Kellersanierung. Wir kennen uns mit der zeitgem\u00e4\u00dfen Sanierung von Neubauten und Bestandsimmobilien bestens aus. Auf unserer Website stellen wir Ihnen unsere Firma und das gesamte Leistungsspektrum n\u00e4her vor. Ihr Interesse freut uns sehr.<\/p>","popseo_schlusstext":"<p>Wenn Sie mehr wissen m\u00f6chten, informieren wir Sie n\u00e4her \u00fcber unser Aufgabenfeld. Wir pr\u00e4sentieren Ihnen mit Vergn\u00fcgen auch einige Referenzen, die Ihnen einen Einblick in unsere T\u00e4tigkeit geben.<br \/>\nSchenken Sie uns Ihr Vertrauen. Rufen Sie uns doch rasch einmal an oder schicken Sie uns eine schnelle E-Mail. Wir freuen uns auf Ihre Kontaktaufnahme.<\/p>","popseo_stadttext":"<h3>Unser Einzugsbereich umfasst auch Bienenb\u00fcttel<\/h3>\n<p>Bienenb\u00fcttel ist eine Einheitsgemeinde in der \u00f6stlichen L\u00fcneburger Heide. Verwaltungstechnisch geh\u00f6rt die Gemeinde zum Landkreis Uelzen. Bienenb\u00fcttel hat rund 7.000 Einwohner und streckt sich \u00fcber eine Gesamtfl\u00e4che von zirka 99 Quadratkilometer. Man erreicht man den Ort mit der Bahn auf der Streckenverbindung Hamburg-Hannover und mit dem Auto \u00fcber die Bundesstra\u00dfe 4.<\/p>\n<p>Durch unsere Gesch\u00e4ftst\u00e4tigkeit haben wir uns einen sehr guten \u00dcberblick \u00fcber die Stadtarchitektur der St\u00e4dte und Gemeinden unseres Einzugsbereiches machen k\u00f6nnen. Sie kommen aus Bienenb\u00fcttel und sind hier im Internet auf unsere Website gesto\u00dfen? Das finden wir klasse. Gerne pr\u00e4sentieren wir Ihnen unser gesamtes Leistungsspektrum und beantworten Ihre Fragen. Wir freuen uns darauf, mit Ihnen in Kontakt zu treten. <\/p>\n<h3>Leben und Arbeiten in Bienenb\u00fcttel<\/h3>\n<p>Bienenb\u00fcttel kann auch als Pendlergemeinde bezeichnet werden. Sehr viele Einwohner arbeiten in der Gro\u00dfstadt Hamburg, in Uelzen oder L\u00fcneburg, m\u00f6gen aber Bienenb\u00fcttel als Wohnstatt und Lebensmittelpunkt. Der h\u00fcbsche nieders\u00e4chsische Ort ist eine moderne und dynamische Gemeinde mit einer gef\u00e4lligen Baustruktur und attraktiven Wohnquartieren. Naturfreunde m\u00f6gen besonders die nahegelegenen Naherholungsgebiete der L\u00fcneburger Heide. Die zahlreichen Naturschutzgebiete laden zu ausgedehnten Spazierg\u00e4ngen ein.<\/p>\n<h4>Privat- und Gesch\u00e4ftskunden aus Bienenb\u00fcttel sch\u00e4tzen unsere Leistungen!<\/h4>\n<p>Sie wohnen in Bienenb\u00fcttel oder Umgebung und interessieren sich f\u00fcr unser Angebot. Prima, dass Sie diese Website gefunden haben. F\u00fcr R\u00fcckfragen stehen wir Ihnen jederzeit zur Verf\u00fcgung. Unser engagiertes Team freut sich auf Sie.<\/p>","popseo_zusatztext":"<h3>Sanieren: Auf die Wirksamkeit k\u00f6nnen Sie sich verlassen<\/h3>\n<p>Sie beabsichtigen eine Wand, einen Keller oder gar ein gesamtes Haus zu sanieren? Prima, denn da sind Sie bei uns exakt an der korrekten Stelle. Wir sind Ihr erfahrener Partner f\u00fcr s\u00e4mtliche Fragen rund um das Sanieren von Geb\u00e4uden.  Ob feuchte Keller, feuchte Mauern oder die Sanierung umfangreicher N\u00e4ssesch\u00e4den: Als spezialisiertes Fachunternehmen z\u00e4hlt das Sanieren zu unseren t\u00e4glichen T\u00e4tigkeiten. Wir gehen dem Schadensfall sorgf\u00e4ltig auf den Grund. Vor der konkreten Sanierung muss auf jeden Fall die Ursachenfindung stehen. Erst wenn man den tats\u00e4chlichen Grund f\u00fcr einen entstandenen Schaden kennt, kann man sinnvollerweise mit dem Sanieren anfangen. Auch sieht man erst nach einer detaillierten Analyse den Umfang, den das Sanieren eines Hauses in Anspruch nehmen wird.<\/p>\n<p>Verabreden Sie doch kurzerhand einmal einen unverbindlichen Termin mit einem unserer sehr gut ausgebildeten Mitarbeiter. Telefonanruf oder eMail gen\u00fcgen! Bei einer Begutachtung direkt am Objekt nehmen wir den Schaden auf und machen Ratschl\u00e4ge f\u00fcr das zweckm\u00e4\ufb02ige Sanieren. So viel wie erforderlich, so wenig wie m\u00f6glich: Auch monet\u00e4re Gesichtspunkte flie\u00dfen in unsere Entscheidungsfindung f\u00fcr das Sanieren Ihres Geb\u00e4udes mit ein. <\/p>\n<h4>Sanieren: Wir helfen verl\u00e4sslich und kompetent!<\/h4>\n<p>Nat\u00fcrlich f\u00fchren unsere sachkundigen Angestellten alle notwendigen Arbeiten, die zum Sanieren geh\u00f6ren in kurzer Zeit und verl\u00e4\u00dflich aus. Unsere Firma ist seit langer Zeit f\u00fcr eine hohe Qualit\u00e4t beim Sanieren bekannt. Der Sanierung von Wohn- und Gesch\u00e4ftsgeb\u00e4uden haben wir uns gewidmet. Setzen Sie auf Erfahrung und \u00fcberlassen Sie das Sanieren Ihrer Immobilie unserem Fachbetrieb. Wir freuen uns darauf, auch Ihnen helfen zu k\u00f6nnen.<\/p>","popseo_links":"<a href=\"https:\/\/bautenschutz-keul.de\/angebote\/schimmel-bispingen\/\">Schimmel Bispingen<\/a>, <a href=\"https:\/\/bautenschutz-keul.de\/angebote\/schimmelsanierung-winsen-luhe\/\">Schimmelsanierung Winsen Luhe<\/a>, <a href=\"https:\/\/bautenschutz-keul.de\/angebote\/feuchtigkeitsschaden-bad-bevensen\/\">Feuchtigkeitsschaden Bad Bevensen<\/a>, <a href=\"https:\/\/bautenschutz-keul.de\/angebote\/horizontalsperre-bergedorf-wentorf\/\">Horizontalsperre Bergedorf Wentorf<\/a>, <a href=\"https:\/\/bautenschutz-keul.de\/angebote\/feuchtigkeitsschaden-glinde-sachsenwald\/\">Feuchtigkeitsschaden Glinde Sachsenwald<\/a>, <a href=\"https:\/\/bautenschutz-keul.de\/angebote\/kellersanierung-tostedt-sittensen\/\">Kellersanierung Tostedt Sittensen<\/a>, <a href=\"https:\/\/bautenschutz-keul.de\/angebote\/horizontalsperre-glinde-sachsenwald\/\">Horizontalsperre Glinde Sachsenwald<\/a>, <a href=\"https:\/\/bautenschutz-keul.de\/angebote\/aussenabdichtung-geesthacht\/\">Au\u00dfenabdichtung Geesthacht<\/a>, <a href=\"https:\/\/bautenschutz-keul.de\/angebote\/kellersanierung-seevetal-rosengarten\/\">Kellersanierung Seevetal Rosengarten<\/a>, <a href=\"https:\/\/bautenschutz-keul.de\/angebote\/innenabdichtung-bienenbuettel\/\">Innenabdichtung Bienenb\u00fcttel<\/a>, <a href=\"https:\/\/bautenschutz-keul.de\/angebote\/kellertrockenlegung-bergedorf-wentorf\/\">Kellertrockenlegung Bergedorf Wentorf<\/a>, <a href=\"https:\/\/bautenschutz-keul.de\/angebote\/feuchter-keller-bardowick\/\">Feuchter Keller Bardowick<\/a>, <a href=\"https:\/\/bautenschutz-keul.de\/angebote\/schimmelsanierung-bardowick\/\">Schimmelsanierung Bardowick<\/a>, <a href=\"https:\/\/bautenschutz-keul.de\/angebote\/aufsteigende-feuchtigkeit-amt-neuhaus\/\">aufsteigende Feuchtigkeit Amt Neuhaus<\/a>, <a href=\"https:\/\/bautenschutz-keul.de\/angebote\/bauwerksabdichtung-amt-neuhaus\/\">Bauwerksabdichtung Amt Neuhaus<\/a>, <a href=\"https:\/\/bautenschutz-keul.de\/angebote\/salpeter-im-keller-bardowick\/\">Salpeter im Keller Bardowick<\/a>, <a href=\"https:\/\/bautenschutz-keul.de\/angebote\/feuchtigkeit-bispingen\/\">Feuchtigkeit Bispingen<\/a>, <a href=\"https:\/\/bautenschutz-keul.de\/angebote\/kellerabdichtung-schwarzenbek\/\">Kellerabdichtung Schwarzenbek<\/a>, <a href=\"https:\/\/bautenschutz-keul.de\/angebote\/mauertrockenlegung-bispingen\/\">Mauertrockenlegung Bispingen<\/a>, <a href=\"https:\/\/bautenschutz-keul.de\/angebote\/mauertrockenlegung-bardowick\/\">Mauertrockenlegung Bardowick<\/a>, <a href=\"https:\/\/bautenschutz-keul.de\/angebote\/kellertrockenlegung-hanstedt\/\">Kellertrockenlegung Hanstedt<\/a>, <a href=\"https:\/\/bautenschutz-keul.de\/angebote\/aufsteigende-feuchtigkeit-brietlingen\/\">aufsteigende Feuchtigkeit Brietlingen<\/a>, <a href=\"https:\/\/bautenschutz-keul.de\/angebote\/mauertrockenlegung-bienenbuettel\/\">Mauertrockenlegung Bienenb\u00fcttel<\/a>, <a href=\"https:\/\/bautenschutz-keul.de\/angebote\/schimmelsanierung-glinde-sachsenwald\/\">Schimmelsanierung Glinde Sachsenwald<\/a>, <a href=\"https:\/\/bautenschutz-keul.de\/angebote\/mauertrockenlegung-geesthacht\/\">Mauertrockenlegung Geesthacht<\/a>, <a href=\"https:\/\/bautenschutz-keul.de\/angebote\/schimmelsanierung-seevetal-rosengarten\/\">Schimmelsanierung Seevetal Rosengarten<\/a>, <a href=\"https:\/\/bautenschutz-keul.de\/angebote\/horizontalsperre-bardowick\/\">Horizontalsperre Bardowick<\/a>, <a href=\"https:\/\/bautenschutz-keul.de\/angebote\/salpeter-im-keller-geesthacht\/\">Salpeter im Keller Geesthacht<\/a>, <a href=\"https:\/\/bautenschutz-keul.de\/angebote\/schimmelsanierung-bienenbuettel\/\">Schimmelsanierung Bienenb\u00fcttel<\/a>, <a href=\"https:\/\/bautenschutz-keul.de\/angebote\/rissverpressung-bergedorf-wentorf\/\">Rissverpressung Bergedorf Wentorf<\/a>"},"_links":{"self":[{"href":"https:\/\/bautenschutz-keul.de\/angebote\/wp-json\/wp\/v2\/pages\/154","targetHints":{"allow":["GET"]}}],"collection":[{"href":"https:\/\/bautenschutz-keul.de\/angebote\/wp-json\/wp\/v2\/pages"}],"about":[{"href":"https:\/\/bautenschutz-keul.de\/angebote\/wp-json\/wp\/v2\/types\/page"}],"author":[{"embeddable":true,"href":"https:\/\/bautenschutz-keul.de\/angebote\/wp-json\/wp\/v2\/users\/1"}],"replies":[{"embeddable":true,"href":"https:\/\/bautenschutz-keul.de\/angebote\/wp-json\/wp\/v2\/comments?post=154"}],"version-history":[{"count":0,"href":"https:\/\/bautenschutz-keul.de\/angebote\/wp-json\/wp\/v2\/pages\/154\/revisions"}],"wp:attachment":[{"href":"https:\/\/bautenschutz-keul.de\/angebote\/wp-json\/wp\/v2\/media?parent=154"}],"curies":[{"name":"wp","href":"https:\/\/api.w.org\/{rel}","templated":true}]}}