{"id":155,"date":"2021-09-13T08:43:32","date_gmt":"2021-09-13T06:43:32","guid":{"rendered":"https:\/\/bautenschutz-keul.de\/angebote\/feuchte-mauer-bispingen\/"},"modified":"2021-09-13T08:43:32","modified_gmt":"2021-09-13T06:43:32","slug":"feuchte-mauer-bispingen","status":"publish","type":"page","link":"https:\/\/bautenschutz-keul.de\/angebote\/feuchte-mauer-bispingen\/","title":{"rendered":"Feuchte Mauer &#8211; Bispingen"},"content":{"rendered":"<h3>Sie interessieren sich f\u00fcr die Sanierung einer feuchten Mauer? Dann rufen Sie uns bitte an!<\/h3>\n<p>Eine feuchte Mauer k\u00f6nnte zu einem ernsthaften Problem werden. Hausbesitzer sind diesbez\u00fcglich gut beraten, sich umfassend \u00fcber Sanierungsm\u00f6glichkeiten<br \/>\nkundig zu machen, falls sie feuchte Bereiche in ihren R\u00e4umlichkeiten lokalisiert haben. Rechtzeitig bemerkt, muss eine feuchte Mauer nicht zwangsl\u00e4ufig erhebliche und andauernde Sanierungsarbeiten nach sich ziehen. Eine feuchte Mauer kann jedoch unangenehme Wirkungen auf Wohlbefinden und Gesundheit der Bewohner haben. Schimmelbildung und Sporenablagerungen sind meist die Ursache f\u00fcr gesundheitliche Gefahren. Ein mehr als trifftiger Grund, der feuchten Mauer zu Leibe zu r\u00fccken. <\/p>\n<h3>Wir helfen rasch bei einer feuchten Mauer!<\/h3>\n<p>Ohne die genaue Analyse, l\u00e4sst sich eine feuchte Mauer nicht wirklich anhaltend sanieren. Der Grund gibt schlie\u00dflich die Richtung vor. M\u00f6gliche Ursachen gibt es reichlich. Nicht selten liegt der Grund f\u00fcr eine feuchte Mauer in einer nur unzureichenden Hinterl\u00fcftung. Auch kaputte Rohre k\u00f6nnen urs\u00e4chlich daf\u00fcr sein, dass eine feuchte Mauer entsteht. Solche Ursachen sind in der Regel schnell behoben. Umso komplizierter wird es, wenn entdeckt wird, dass die Feuchtigkeit von au\u00dfen in den Keller sickert. Ein erh\u00f6hter Grundwasserspiegel f\u00fchrt beispielsweise dazu, dass N\u00e4sse in das Mauerwerk zieht. Auch H\u00e4user mit Hanglage sind bedroht f\u00fcr eindringende Feuchtigkeit. In solchen F\u00e4llen kann es schon sein, dass h\u00e4rtere Gesch\u00fctze f\u00fcr eine erfolgreiche Instandsetzung aufgefahren werden m\u00fcssen. Aber selbst in dem Fall ist eine feuchte Mauer kein unabwendbares Schicksal.<\/p>\n","protected":false},"excerpt":{"rendered":"<p>Sie interessieren sich f\u00fcr die Sanierung einer feuchten Mauer? Dann rufen Sie uns bitte an! Eine feuchte Mauer k\u00f6nnte zu einem ernsthaften Problem werden. Hausbesitzer sind diesbez\u00fcglich gut beraten, sich umfassend \u00fcber Sanierungsm\u00f6glichkeiten kundig zu machen, falls sie feuchte Bereiche in ihren R\u00e4umlichkeiten lokalisiert haben. Rechtzeitig bemerkt, muss eine feuchte Mauer nicht zwangsl\u00e4ufig erhebliche und [&hellip;]<\/p>\n","protected":false},"author":1,"featured_media":0,"parent":0,"menu_order":0,"comment_status":"closed","ping_status":"closed","template":"","meta":{"footnotes":""},"class_list":["post-155","page","type-page","status-publish","hentry"],"meta_box":{"popseo_subtitel":"Feuchte Mauer: Wir sind Ihr Experte im Raum Bispingen","popseo_subtitel2":"Feuchte Mauer - wir beraten Sie gerne zur Sanierung!","popseo_lasttitel":"Feuchte Mauer: Treten Sie in Kontakt mit uns!","popseo_region":"Bispingen","popseo_sachwort":"Feuchte Mauer","popseo_noupdate":"","popseo_einleitungstext":"<p>W\u00e4nde, Kellerr\u00e4ume oder Mauern Ihrer Wohn- oder Gesch\u00e4ftsimmobilie weisen einen Feuchtigkeitsschaden und damit einen echten Sanierungbedarf auf. Dann ist die Zeit gekommen, sich \u00fcber eine sachgerechte Trocknung Gedanken zu machen. Unser Handwerksbetrieb ist auf die Bauwerksabdichtung spezialisiert. Zu den Schwerpunkten unseres Unternehmens z\u00e4hlen zum Beispiel die Bereiche Schimmelbeseitigung, Mauertrockenlegung und Kellerabdichtung. Der nachhaltigen Sanierung gilt unsere Aufmersamkeit. Wir beraten qualifiziert, wie Sie Ihre Immobilie preisg\u00fcnstig und umweltgerecht sanieren k\u00f6nnen. Ein paar erste Informationen hierzu lesen Sie nachfolgend.<\/p>","popseo_schlusstext":"<p>Sie haben Fragen zu unserem Leistungskatalog? Auf Wunsch informieren wir Sie n\u00e4her \u00fcber unser gesamtes T\u00e4tigkeitsspektrum. Mit Vergn\u00fcgen zeigen wir Ihnen einige Referenzen, die Ihnen einen Einblick in unsere Arbeit geben. Rufen Sie uns doch einfach einmal an oder schicken Sie uns eine E-Mail. Unser freundliches Team arbeitet fachkundig und immer kundenorientiert. F\u00fcr eine schnelle Information rufen Sie uns bitte an: <\/p>\n<p>04133 \u2013 22 37 940<\/p>","popseo_stadttext":"<h3>Zu Ihren Diensten in Bispingen<\/h3>\n<p>Bispingen ist eine Einheitsgemeinde im Zentrum der L\u00fcneburger Heide. Verwaltungstechnisch geh\u00f6rt die Gemeinde zum Kreis Heidekreis. Bispingen hat etwa 6.000 Einwohner und streckt sich \u00fcber eine Fl\u00e4che von zirka 128 Quadratkilometer. Man erreicht man den Ort mit dem PKW \u00fcber die Bundesautobahn BAB 7. Unmittelbar an der Ausfahrt 43 sieht man bereits von Weitem dem Snow Dome Bispingen, eine Skihalle, die sich seit 2006 gr\u00f6\u00dfter Beliebtheit erfreut<\/p>\n<p>Durch unsere Gesch\u00e4ftst\u00e4tigkeit haben wir uns einen sehr guten \u00dcberblick \u00fcber die Architektur der Gemeinden und St\u00e4dte unseres Einzugsbereiches machen k\u00f6nnen. Sie kommen aus Bispingen und sind hier im World Wide Web auf unsere Homepage gesto\u00dfen? Das finden wir toll. Sehr gerne pr\u00e4sentieren wir Ihnen unser gesamtes Leistungsspektrum und beantworten Ihre Fragen. Wir freuen uns darauf, mit Ihnen in Kontakt zu treten. <\/p>\n<h3>Gute Gr\u00fcnde sprechen f\u00fcr den Wohnort Bispingen<\/h3>\n<p>Durch die die Gemeinde umgebende Heideregion und den Snowdome ist die attraktive Einheitsgemeinde touristisch von hohem Interesse. Neben einem gesunden Mix von unterschiedlichen Einzelhandelsgesch\u00e4ften, finden sich fernerhin zahllose Pensionen, Hotels und Gastronomiebetriebe im Gemeindezentrum.  Bispingen ist ansonsten ein sehr familiengerechter Ort und bietet den B\u00fcrgern ein absolut interessantes Umfeld zum Leben und Arbeiten. Die Gemeinde Bispingen hat eine ausgezeichnete Infrastruktur und sehr gut ausgebaute Wohnquartiere. Die Einzelhausbebauung \u00fcberwiegt. Gr\u00f6\u00dfere Hochh\u00e4user gibt es in Bispingen nicht.<\/p>\n<h4>Wir f\u00fcr Sie in Bispingen!<\/h4>\n<p>Sie leben in Bispingen oder Umgebung und interessieren sich f\u00fcr unser Angebot. Toll, das Sie unsere Internetseite entdeckt haben. F\u00fcr R\u00fcckfragen stehen wir Ihnen jederzeit zur Verf\u00fcgung. Auf den Kontakt zu Ihnen freuen wir uns.<\/p>","popseo_zusatztext":"<h3>Erstklassiges Sanieren ist uns wichtig<\/h3>\n<p>Sie planen eine Wand, einen Keller oder gar ein komplettes Bauwerk zu sanieren? Klasse, denn da sind Sie bei uns exakt an der richtigen Adresse. Wir sind Ihr routinierter Partner f\u00fcr alle Fragen rund um das Sanieren von Geb\u00e4uden.  Ob durchn\u00e4sste Keller, nasse W\u00e4nde oder die Sanierung umfangreicher Feuchtesch\u00e4den: Als spezialisierter Fachbetrieb geh\u00f6rt das Sanieren zu den t\u00e4glichen T\u00e4tigkeiten. Wir gehen dem Schadensfall gewissenhaft auf den Grund. Vor der konkreten Sanierung muss auf jeden Fall die Ursachenfindung stehen. Nur wenn man den wirklichen Grund f\u00fcr einen entstandenen Schadensfall kennt, kann man selbstverst\u00e4ndlich erst mit dem Sanieren starten. Auch erkennt man erst nach einer detaillierten Begutachtung das Ausma\u00df, den das Sanieren eines Geb\u00e4udes in Anspruch nehmen wird.<\/p>\n<p>Verabreden Sie doch gleich einmal einen unverbindlichen Besprechungstermin mit einem unserer gut ausgebildeten Spezialisten. Telefonanruf oder e-Mail gen\u00fcgen! Im Rahmen einer Begehung direkt vor Ort nehmen wir den Schaden auf und unterbreiten Vorschl\u00e4ge f\u00fcr das passende Sanieren. So viel wie erforderlich, so wenig wie m\u00f6glich: Auch \u00f6konomische Betrachtungen flie\u00dfen in unsere Entscheidungsfindung f\u00fcr das Sanieren Ihres Bauwerkes mit ein. <\/p>\n<h4>Sanieren: Unsere Mitarbeiter stehen f\u00fcr Sie bereit!<\/h4>\n<p>Nat\u00fcrlich f\u00fchren unsere qualifizierten Fachkr\u00e4fte alle notwendigen Arbeiten, die zum Sanieren geh\u00f6ren in kurzer Zeit und verl\u00e4\u00dflich aus. Unser Betrieb ist seit langer Zeit f\u00fcr eine hohe Kompetenz beim Sanieren bekannt. Der Sanierung von Wohn- und Gesch\u00e4ftsh\u00e4usern haben wir uns verschrieben. Setzen Sie auf Erfahrung und \u00fcbertragen Sie das Sanieren Ihrer Immobilie unserem Unternehmen. Wir freuen uns darauf, auch Ihnen helfen zu k\u00f6nnen.<\/p>","popseo_links":"<a href=\"https:\/\/bautenschutz-keul.de\/angebote\/innenabdichtung-salzhausen\/\">Innenabdichtung Salzhausen<\/a>, <a href=\"https:\/\/bautenschutz-keul.de\/angebote\/aufsteigende-feuchtigkeit-bergedorf-wentorf\/\">aufsteigende Feuchtigkeit Bergedorf Wentorf<\/a>, <a href=\"https:\/\/bautenschutz-keul.de\/angebote\/rissverpressung-buchholz-in-der-nordheide\/\">Rissverpressung Buchholz in der Nordheide<\/a>, <a href=\"https:\/\/bautenschutz-keul.de\/angebote\/feuchtigkeit-lueneburg\/\">Feuchtigkeit L\u00fcneburg<\/a>, <a href=\"https:\/\/bautenschutz-keul.de\/angebote\/schimmelsanierung-winsen-luhe\/\">Schimmelsanierung Winsen Luhe<\/a>, <a href=\"https:\/\/bautenschutz-keul.de\/angebote\/mauertrockenlegung-bienenbuettel\/\">Mauertrockenlegung Bienenb\u00fcttel<\/a>, <a href=\"https:\/\/bautenschutz-keul.de\/angebote\/rissverpressung-amelinghausen\/\">Rissverpressung Amelinghausen<\/a>, <a href=\"https:\/\/bautenschutz-keul.de\/angebote\/schimmelbeseitigung-winsen-luhe\/\">Schimmelbeseitigung Winsen Luhe<\/a>, <a href=\"https:\/\/bautenschutz-keul.de\/angebote\/innenabdichtung-amt-neuhaus\/\">Innenabdichtung Amt Neuhaus<\/a>, <a href=\"https:\/\/bautenschutz-keul.de\/angebote\/schimmelsanierung-bienenbuettel\/\">Schimmelsanierung Bienenb\u00fcttel<\/a>, <a href=\"https:\/\/bautenschutz-keul.de\/angebote\/rissverpressung-reppenstedt\/\">Rissverpressung Reppenstedt<\/a>, <a href=\"https:\/\/bautenschutz-keul.de\/angebote\/schimmel-buechen\/\">Schimmel B\u00fcchen<\/a>, <a href=\"https:\/\/bautenschutz-keul.de\/angebote\/kellertrockenlegung-lueneburg\/\">Kellertrockenlegung L\u00fcneburg<\/a>, <a href=\"https:\/\/bautenschutz-keul.de\/angebote\/kellerabdichtung-buchholz-in-der-nordheide\/\">Kellerabdichtung Buchholz in der Nordheide<\/a>, <a href=\"https:\/\/bautenschutz-keul.de\/angebote\/zerstoerter-putz-geesthacht\/\">zerst\u00f6rter Putz Geesthacht<\/a>, <a href=\"https:\/\/bautenschutz-keul.de\/angebote\/aufsteigende-feuchtigkeit-herzogtum-lauenburg\/\">aufsteigende Feuchtigkeit Herzogtum Lauenburg<\/a>, <a href=\"https:\/\/bautenschutz-keul.de\/angebote\/feuchtigkeit-jesteburg\/\">Feuchtigkeit Jesteburg<\/a>, <a href=\"https:\/\/bautenschutz-keul.de\/angebote\/horizontalsperre-hanstedt\/\">Horizontalsperre Hanstedt<\/a>, <a href=\"https:\/\/bautenschutz-keul.de\/angebote\/salpeter-im-keller-buechen\/\">Salpeter im Keller B\u00fcchen<\/a>, <a href=\"https:\/\/bautenschutz-keul.de\/angebote\/rissverpressung-ebstorf\/\">Rissverpressung Ebstorf<\/a>, <a href=\"https:\/\/bautenschutz-keul.de\/angebote\/salpeter-im-keller-adendorf\/\">Salpeter im Keller Adendorf<\/a>, <a href=\"https:\/\/bautenschutz-keul.de\/angebote\/innenabdichtung-bienenbuettel\/\">Innenabdichtung Bienenb\u00fcttel<\/a>, <a href=\"https:\/\/bautenschutz-keul.de\/angebote\/feuchtigkeit-tostedt-sittensen\/\">Feuchtigkeit Tostedt Sittensen<\/a>, <a href=\"https:\/\/bautenschutz-keul.de\/angebote\/schimmel-ebstorf\/\">Schimmel Ebstorf<\/a>, <a href=\"https:\/\/bautenschutz-keul.de\/angebote\/schimmelsanierung-lueneburg\/\">Schimmelsanierung L\u00fcneburg<\/a>, <a href=\"https:\/\/bautenschutz-keul.de\/angebote\/mauertrockenlegung-tostedt-sittensen\/\">Mauertrockenlegung Tostedt Sittensen<\/a>, <a href=\"https:\/\/bautenschutz-keul.de\/angebote\/mauertrockenlegung-herzogtum-lauenburg\/\">Mauertrockenlegung Herzogtum Lauenburg<\/a>, <a href=\"https:\/\/bautenschutz-keul.de\/angebote\/kellerabdichtung-uelzen\/\">Kellerabdichtung Uelzen<\/a>, <a href=\"https:\/\/bautenschutz-keul.de\/angebote\/schimmel-boizenburg\/\">Schimmel Boizenburg<\/a>, <a href=\"https:\/\/bautenschutz-keul.de\/angebote\/feuchtigkeit-harburg\/\">Feuchtigkeit Harburg<\/a>"},"_links":{"self":[{"href":"https:\/\/bautenschutz-keul.de\/angebote\/wp-json\/wp\/v2\/pages\/155","targetHints":{"allow":["GET"]}}],"collection":[{"href":"https:\/\/bautenschutz-keul.de\/angebote\/wp-json\/wp\/v2\/pages"}],"about":[{"href":"https:\/\/bautenschutz-keul.de\/angebote\/wp-json\/wp\/v2\/types\/page"}],"author":[{"embeddable":true,"href":"https:\/\/bautenschutz-keul.de\/angebote\/wp-json\/wp\/v2\/users\/1"}],"replies":[{"embeddable":true,"href":"https:\/\/bautenschutz-keul.de\/angebote\/wp-json\/wp\/v2\/comments?post=155"}],"version-history":[{"count":0,"href":"https:\/\/bautenschutz-keul.de\/angebote\/wp-json\/wp\/v2\/pages\/155\/revisions"}],"wp:attachment":[{"href":"https:\/\/bautenschutz-keul.de\/angebote\/wp-json\/wp\/v2\/media?parent=155"}],"curies":[{"name":"wp","href":"https:\/\/api.w.org\/{rel}","templated":true}]}}