{"id":159,"date":"2021-09-13T08:43:32","date_gmt":"2021-09-13T06:43:32","guid":{"rendered":"https:\/\/bautenschutz-keul.de\/angebote\/feuchte-mauer-buechen\/"},"modified":"2021-09-13T08:43:32","modified_gmt":"2021-09-13T06:43:32","slug":"feuchte-mauer-buechen","status":"publish","type":"page","link":"https:\/\/bautenschutz-keul.de\/angebote\/feuchte-mauer-buechen\/","title":{"rendered":"Feuchte Mauer &#8211; B\u00fcchen"},"content":{"rendered":"<h3>Fragen Sie den Fachbetrieb zur Sanierung einer feuchten Mauer!<\/h3>\n<p>Eine feuchte Mauer k\u00f6nnte zu einem bedrohlichen Problem werden. Geb\u00e4udeeigent\u00fcmer sind diesbez\u00fcglich sehr gut beraten, sich umfangreich \u00fcber Sanierungsma\u00dfnahmen<br \/>\nzu informieren, falls sie durchfeuchtete Stellen in ihren R\u00e4umen gefunden haben. Rechtzeitig gefunden, muss eine feuchte Mauer nicht unbedingt schwerwiegende und zeitintensive Reparaturarbeiten zur Folge haben. Eine feuchte Mauer kann durchaus unangenehme Einfl\u00fcsse auf Wohlsein und Gesundheit der Bewohner haben. Schimmelbildung und Sporenablagerungen sind nicht selten die Ursache f\u00fcr gesundheitliche Beeintr\u00e4chtigungen. Ein Grund mehr, der feuchten Mauer den Kampf anzusagen. <\/p>\n<h3>Feuchte Mauer: Fragen Sie den Sanierungsprofi!<\/h3>\n<p>Ohne die genaue Bestandsaufnahme, l\u00e4sst sich eine feuchte Mauer nicht wirklich dauerhaft instandsetzen. Der Grund gibt letztlich die Richtung vor. M\u00f6gliche Ursachen gibt es viele. Nicht selten liegt der Grund f\u00fcr eine feuchte Mauer in einer nur unzureichenden Bel\u00fcftung. Auch por\u00f6se Abflussrohre k\u00f6nnen der Grund daf\u00fcr sein, dass eine feuchte Mauer sich abzeichnet. Derlei Ursachen sind \u00fcblicherweise schnell erledigt. Umso komplizierter wird es, wenn festgestellt wird, dass die Feuchtigkeit von drau\u00dfen in den Keller dringt. Ein erh\u00f6hter Grundwasserspiegel f\u00fchrt zum Beispiel dazu, dass Feuchtigkeit in das Mauerwerk zieht. Auch Geb\u00e4ude mit Hanglage sind in Gefahr f\u00fcr eindringende Feuchtigkeit. In solchen F\u00e4llen mag es schon sein, dass h\u00e4rtere Gesch\u00fctze f\u00fcr eine anhaltende Instandsetzung aufgefahren werden m\u00fcssen. Aber auch in dem Fall ist eine feuchte Mauer kein unvermeidliches Schicksal.<\/p>\n","protected":false},"excerpt":{"rendered":"<p>Fragen Sie den Fachbetrieb zur Sanierung einer feuchten Mauer! Eine feuchte Mauer k\u00f6nnte zu einem bedrohlichen Problem werden. Geb\u00e4udeeigent\u00fcmer sind diesbez\u00fcglich sehr gut beraten, sich umfangreich \u00fcber Sanierungsma\u00dfnahmen zu informieren, falls sie durchfeuchtete Stellen in ihren R\u00e4umen gefunden haben. Rechtzeitig gefunden, muss eine feuchte Mauer nicht unbedingt schwerwiegende und zeitintensive Reparaturarbeiten zur Folge haben. Eine [&hellip;]<\/p>\n","protected":false},"author":1,"featured_media":0,"parent":0,"menu_order":0,"comment_status":"closed","ping_status":"closed","template":"","meta":{"footnotes":""},"class_list":["post-159","page","type-page","status-publish","hentry"],"meta_box":{"popseo_subtitel":"Feuchte Mauer: Die Firma TK-Geb\u00e4udetechnik Thorsten Keul ist Ihr Experte in B\u00fcchen","popseo_subtitel2":"Feuchte Mauer - unsere Experten informieren Sie gerne \u00fcber Sanierungsm\u00f6glichkeiten","popseo_lasttitel":"Feuchte Mauer: Wir informieren Sie gerne auch pers\u00f6nlich!","popseo_region":"B\u00fcchen","popseo_sachwort":"Feuchte Mauer","popseo_noupdate":"","popseo_einleitungstext":"<p>Sie haben sich mit dem Thema Bauwerksabdichtung auseinandergesetzt, da Ihr Haus feuchte Geb\u00e4udeteile aufweist und Sie nach Methoden einer professionellen und vor allem wirksamen Sanierung Ausschau halten. Ausgezeichnet, dass Sie unsere Website entdeckt haben. Auf den folgenden Seiten m\u00f6chten wir Ihnen einige Informationen zu unserem Leistungsangebot geben. Sie lernen auf dieser Website unsere Firma etwas n\u00e4her kennen. <\/p>\n<p>Die Firma TK-Geb\u00e4udetechnik Thorsten Keul ist ein spezialisierter und etablierter Fachbetrieb mit Firmensitz in Brietlingen bei L\u00fcneburg. Seit vielen Jahren schon sind wir Ihr Fachpartner f\u00fcr alle Fragen rund um die Bauwerksabdichtung. Wir setzen ausschlie\u00dflich praxisbew\u00e4hrte und effektive Sanierungsmethoden und -systeme ein. Als Sanierungsfachbetrieb schauen wir auf eine lange und intensive Berufserfahrung zur\u00fcck. Unsere engagierten Fachleute informieren Sie sehr gerne im Detail.<\/p>","popseo_schlusstext":"<p>Auf Wunsch informieren wir Sie n\u00e4her \u00fcber unser Aufgabenfeld. Wir nennen Ihnen mit Vergn\u00fcgen auch einige Projekte, die Ihnen einen Einblick in unsere Firment\u00e4tigkeit geben.<br \/>\nWir sind f\u00fcr Sie da. Rufen Sie uns doch einfach einmal an oder schicken Sie uns eine schnelle E-Mail. Wir freuen uns auf Ihre Kontaktaufnahme.<\/p>","popseo_stadttext":"<h3>Unser Wirkungskreis umfasst auch B\u00fcchen<\/h3>\n<p>Durch unsere Gesch\u00e4ftst\u00e4tigkeit haben wir uns einen guten \u00dcberblick \u00fcber die Stadtarchitektur der St\u00e4dte und Gemeinden unseres Einzugsbereiches erarbeiten k\u00f6nnen. Selbstverst\u00e4ndlich z\u00e4hlt auch B\u00fcchen zu unserem unmittelbaren Vertriebsgebiet. Wir freuen uns darauf, mit Ihnen ins Gespr\u00e4ch zu treten. <\/p>\n<h3>Wissenswertes \u00fcber B\u00fcchen<\/h3>\n<p>B\u00fcchen liegt an der M\u00fcndung des Elbe-L\u00fcbeck-Kanals im Landkreis Herzogtum-Lauenburg im s\u00fcdlichen Schleswig-Holstein. In Summe 5.700 B\u00fcrger leben in B\u00fcchen auf einer Gesamtfl\u00e4che von 16 qkm. Die Entfernung zwischen B\u00fcchen und der Freien und Hansestadt Hamburg bel\u00e4uft sich auf knapp 40 Kilometer. Zahlreiche Pendler haben ihren Wohnsitz in der Gemeinde B\u00fcchen. Wer seinen Arbeitsplatz in Hamburg hat, das private Umfeld allerdings lieber ein weniger weniger hektisch hat, wei\u00df die Vorz\u00fcge der Gemeinde B\u00fcchen zu sch\u00e4tzen.<\/p>\n<p>B\u00fcchen ist ein Halt auf den Eisenbahnstrecken L\u00fcbeck-L\u00fcneburg und Hamburg-Berlin. Wer die Zeit der beiden deutschen Staaten miterlebt hat, erinnert sich wahrscheinlich noch an die verst\u00f6renden Passkontrollen im Bahnhof von B\u00fcchen. Bis 1990 lag B\u00fcchen im unmittelbaren Grenzgebiet zwischen der ehemaligen Bundesrepublik und der damaligen DDR. Wer mit dem Auto f\u00e4hrt, erreicht die Gemeinde B\u00fcchen idealerweise \u00fcber die Bundesautobahn A24. Die Abfahrt B\u00fcchen findet sich zirka acht Kilometer von der Ortsmitte entfernt.<\/p>\n<h3>B\u00fcchen hat Charme!<\/h3>\n<p>Die heutige Stadt B\u00fcchen ist eine Verbindung mehrerer kleinerer Ortschaften. Dem namensgebenden B\u00fcchen selbst gemeindete man in den 1930er Jahren die Ortschaften P\u00f6trau und N\u00fcssau ein. Das Amt B\u00fcchen z\u00e4hlt zusammen 15 Gemeinden. Durch die r\u00e4umliche N\u00e4he zur Gro\u00dfstadt Hamburg hat sich in B\u00fcchen ein durchaus bewegtes Wirtschaftsleben etabliert. Der Standort ist prima gelegen und bietet Gewerbetreibenden ausgezeichnete Bedingungen. <\/p>\n<p>Sehr gesch\u00e4tzt wird B\u00fcchen von Naturliebhabern wegen seines beachtlichen Naherholungswertes. In B\u00fcchen startet man gerne zu ausgedehnten Touren durch den Naturpark Lauenburgische Seen. Insbesondere f\u00fcr Familien ist B\u00fcchen ideal. Die beschauliche Lage und eine sehr gute Infrastruktur zeichnen die Gemeinde aus. Alle Schulformen sind vorhanden und auch das \u00f6rtliche Jugendzentrum genie\u00dft regen Zuspruch. <\/p>\n<h4>Unsere Leistung f\u00fcr qualit\u00e4tsbewusste Kunden aus B\u00fcchen<\/h4>\n<p>Wir finden es klasse, dass Sie unsere Internetseite gefunden haben. Unser Fachunternehmen steht f\u00fcr ein sehr gutes Preis-Leistungs-Verh\u00e4ltnis. Sie m\u00f6chten mehr \u00fcber uns erfahren? F\u00fcr R\u00fcckfragen stehen wir Ihnen jederzeit zur Verf\u00fcgung. Unser freundliches Team freut sich auf Sie.<\/p>","popseo_zusatztext":"<h3>Abdichten: Wir bieten eine erstklassige Sanierungsarbeit<\/h3>\n<p>Sie haben einen Feuchteschaden festgestellt und m\u00fcssen die entsprechenden Bereiche nun so schnell wie m\u00f6glich abdichten. Gut, dass Sie uns gefunden haben! Als erfahrenes Fachunternehmen der Baubranche kennen wir uns bestens aus mit dem Abdichten von W\u00e4nden, Mauern oder Kellern.  <\/p>\n<p>Feuchtigkeitssch\u00e4den sind unser Gesch\u00e4ft: F\u00fcr unseren Betrieb geh\u00f6rt das Abdichten von W\u00e4nden, Kellern oder Mauern zur t\u00e4glichen Arbeit. Wir gehen der Ursache f\u00fcr den Wassereintritt sorgf\u00e4ltig auf den Grund. Vor dem konkreten Abdichten muss erstmal die Ursachenfindung stehen. Erst wenn man den richtigen Grund f\u00fcr die Durchn\u00e4ssung gefunden hat, kann man mit dem Abdichten anfangen. Die Begutachtung gibt die Marschrichtung vor, den das Abdichten eines Bauk\u00f6rpers umfassen muss.  <\/p>\n<h4>Abdichten: Beste Arbeit durch den Fachbetrieb<\/h4>\n<p>Warten Sie bitte nicht und vereinbaren Sie gleich einen Termin mit einem unserer kompetenten Fachkr\u00e4fte. Ein kurzer Telefonanruf oder auch eine kurze Email gen\u00fcgen! Bei einer Bestandsaufnahme direkt am betroffenen Objekt, nehmen wir den Schaden auf und entwerfen daraufhin ein Konzept f\u00fcr das langfristige Abdichten der gesch\u00e4digten Stellen. Unsere Arbeit ist grunds\u00e4tzlich zweckbezogen: Selbstverst\u00e4ndlich flie\u00dfen auch \u00f6konomische \u00dcberlegungen in unsere Entscheidungsfindung f\u00fcr das Abdichten Ihres Hauses mit ein. Alles aus einer Hand: Unsere dynamischen Fachkr\u00e4fte f\u00fchren alle erforderlichen Arbeiten, die zum Abdichten erforderlich sind umgehend und verl\u00e4sslich aus. Schon seit Jahren ist unser Haus f\u00fcr eine hohe Qualit\u00e4t bekannt. Eine unserer Kernkompetenzen liegt im Abdichten von Wohn- und Gesch\u00e4ftsgeb\u00e4uden. Setzen Sie auf Fachkompetenz und beauftragen Sie unsere Firma f\u00fcr das Abdichten von neuralgischen Bereichen im Mauerwerk. Wir freuen uns darauf, auch Ihnen helfen zu k\u00f6nnen.<\/p>","popseo_links":"<a href=\"https:\/\/bautenschutz-keul.de\/angebote\/innenabdichtung-geesthacht\/\">Innenabdichtung Geesthacht<\/a>, <a href=\"https:\/\/bautenschutz-keul.de\/angebote\/feuchtigkeit-uelzen\/\">Feuchtigkeit Uelzen<\/a>, <a href=\"https:\/\/bautenschutz-keul.de\/angebote\/feuchtigkeit-reppenstedt\/\">Feuchtigkeit Reppenstedt<\/a>, <a href=\"https:\/\/bautenschutz-keul.de\/angebote\/zerstoerter-putz-bienenbuettel\/\">zerst\u00f6rter Putz Bienenb\u00fcttel<\/a>, <a href=\"https:\/\/bautenschutz-keul.de\/angebote\/aussenabdichtung-herzogtum-lauenburg\/\">Au\u00dfenabdichtung Herzogtum Lauenburg<\/a>, <a href=\"https:\/\/bautenschutz-keul.de\/angebote\/kellersanierung-adendorf\/\">Kellersanierung Adendorf<\/a>, <a href=\"https:\/\/bautenschutz-keul.de\/angebote\/aufsteigende-feuchtigkeit-ebstorf\/\">aufsteigende Feuchtigkeit Ebstorf<\/a>, <a href=\"https:\/\/bautenschutz-keul.de\/angebote\/schimmel-amelinghausen\/\">Schimmel Amelinghausen<\/a>, <a href=\"https:\/\/bautenschutz-keul.de\/angebote\/salpeter-im-keller-herzogtum-lauenburg\/\">Salpeter im Keller Herzogtum Lauenburg<\/a>, <a href=\"https:\/\/bautenschutz-keul.de\/angebote\/innenabdichtung-boizenburg\/\">Innenabdichtung Boizenburg<\/a>, <a href=\"https:\/\/bautenschutz-keul.de\/angebote\/kellerabdichtung-reppenstedt\/\">Kellerabdichtung Reppenstedt<\/a>, <a href=\"https:\/\/bautenschutz-keul.de\/angebote\/horizontalsperre-geesthacht\/\">Horizontalsperre Geesthacht<\/a>, <a href=\"https:\/\/bautenschutz-keul.de\/angebote\/aufsteigende-feuchtigkeit-stelle\/\">aufsteigende Feuchtigkeit Stelle<\/a>, <a href=\"https:\/\/bautenschutz-keul.de\/angebote\/aussenabdichtung-amt-neuhaus\/\">Au\u00dfenabdichtung Amt Neuhaus<\/a>, <a href=\"https:\/\/bautenschutz-keul.de\/angebote\/schimmelbeseitigung-boizenburg\/\">Schimmelbeseitigung Boizenburg<\/a>, <a href=\"https:\/\/bautenschutz-keul.de\/angebote\/kellersanierung-winsen-luhe\/\">Kellersanierung Winsen Luhe<\/a>, <a href=\"https:\/\/bautenschutz-keul.de\/angebote\/feuchte-mauer-salzhausen\/\">Feuchte Mauer Salzhausen<\/a>, <a href=\"https:\/\/bautenschutz-keul.de\/angebote\/kellerabdichtung-bienenbuettel\/\">Kellerabdichtung Bienenb\u00fcttel<\/a>, <a href=\"https:\/\/bautenschutz-keul.de\/angebote\/aufsteigende-feuchtigkeit-salzhausen\/\">aufsteigende Feuchtigkeit Salzhausen<\/a>, <a href=\"https:\/\/bautenschutz-keul.de\/angebote\/kellersanierung-buchholz-in-der-nordheide\/\">Kellersanierung Buchholz in der Nordheide<\/a>, <a href=\"https:\/\/bautenschutz-keul.de\/angebote\/salpeter-im-keller-seevetal-rosengarten\/\">Salpeter im Keller Seevetal Rosengarten<\/a>, <a href=\"https:\/\/bautenschutz-keul.de\/angebote\/kellertrockenlegung-herzogtum-lauenburg\/\">Kellertrockenlegung Herzogtum Lauenburg<\/a>, <a href=\"https:\/\/bautenschutz-keul.de\/angebote\/bauwerksabdichtung-winsen-luhe\/\">Bauwerksabdichtung Winsen Luhe<\/a>, <a href=\"https:\/\/bautenschutz-keul.de\/angebote\/kellertrockenlegung-boizenburg\/\">Kellertrockenlegung Boizenburg<\/a>, <a href=\"https:\/\/bautenschutz-keul.de\/angebote\/schimmelsanierung-buchholz-in-der-nordheide\/\">Schimmelsanierung Buchholz in der Nordheide<\/a>, <a href=\"https:\/\/bautenschutz-keul.de\/angebote\/schimmelsanierung-amt-neuhaus\/\">Schimmelsanierung Amt Neuhaus<\/a>, <a href=\"https:\/\/bautenschutz-keul.de\/angebote\/horizontalsperre-amelinghausen\/\">Horizontalsperre Amelinghausen<\/a>, <a href=\"https:\/\/bautenschutz-keul.de\/angebote\/feuchtigkeit-geesthacht\/\">Feuchtigkeit Geesthacht<\/a>, <a href=\"https:\/\/bautenschutz-keul.de\/angebote\/feuchtigkeit-seevetal-rosengarten\/\">Feuchtigkeit Seevetal Rosengarten<\/a>, <a href=\"https:\/\/bautenschutz-keul.de\/angebote\/horizontalsperre-adendorf\/\">Horizontalsperre Adendorf<\/a>"},"_links":{"self":[{"href":"https:\/\/bautenschutz-keul.de\/angebote\/wp-json\/wp\/v2\/pages\/159","targetHints":{"allow":["GET"]}}],"collection":[{"href":"https:\/\/bautenschutz-keul.de\/angebote\/wp-json\/wp\/v2\/pages"}],"about":[{"href":"https:\/\/bautenschutz-keul.de\/angebote\/wp-json\/wp\/v2\/types\/page"}],"author":[{"embeddable":true,"href":"https:\/\/bautenschutz-keul.de\/angebote\/wp-json\/wp\/v2\/users\/1"}],"replies":[{"embeddable":true,"href":"https:\/\/bautenschutz-keul.de\/angebote\/wp-json\/wp\/v2\/comments?post=159"}],"version-history":[{"count":0,"href":"https:\/\/bautenschutz-keul.de\/angebote\/wp-json\/wp\/v2\/pages\/159\/revisions"}],"wp:attachment":[{"href":"https:\/\/bautenschutz-keul.de\/angebote\/wp-json\/wp\/v2\/media?parent=159"}],"curies":[{"name":"wp","href":"https:\/\/api.w.org\/{rel}","templated":true}]}}