{"id":160,"date":"2021-09-13T08:43:32","date_gmt":"2021-09-13T06:43:32","guid":{"rendered":"https:\/\/bautenschutz-keul.de\/angebote\/feuchte-mauer-ebstorf\/"},"modified":"2021-09-13T08:43:32","modified_gmt":"2021-09-13T06:43:32","slug":"feuchte-mauer-ebstorf","status":"publish","type":"page","link":"https:\/\/bautenschutz-keul.de\/angebote\/feuchte-mauer-ebstorf\/","title":{"rendered":"Feuchte Mauer &#8211; Ebstorf"},"content":{"rendered":"<h3>Fragen Sie den Fachbetrieb zur Sanierung einer feuchten Mauer!<\/h3>\n<p>Eine feuchte Mauer k\u00f6nnte zu einem ernsthaften Problem werden. Geb\u00e4udeeigent\u00fcmer sind diesbez\u00fcglich sehr gut beraten, sich umf\u00e4nglich \u00fcber Sanierungsm\u00f6glichkeiten<br \/>\nschlau zu machen, falls sie durchn\u00e4sste Bereiche in ihren R\u00e4umlichkeiten gefunden haben. Rechtzeitig bemerkt, muss eine feuchte Mauer nicht zwangsl\u00e4ufig aufw\u00e4ndige und zeitintensive Sanierungsarbeiten zur Folge haben. Eine feuchte Mauer kann durchaus unangenehme Auswirkungen auf Wohlsein und Gesundheit der Hausbewohner haben. Schimmel und Sporen sind meistens die Ursache f\u00fcr gesundheitliche Gefahren. Ein Grund mehr, der feuchten Mauer den Kampf anzusagen. <\/p>\n<h3>Feuchte Mauer: Fragen Sie den Sanierungsprofi!<\/h3>\n<p>Ohne die genaue Analyse, l\u00e4sst sich eine feuchte Mauer nicht ernsthaft nachhaltig instandsetzen. Die Ursache gibt schlie\u00dflich die Marschrichtung vor. M\u00f6gliche Ursachen gibt es viele. Oftmals liegt die Ursache f\u00fcr eine feuchte Mauer in einer nur mangelhaften Hinterl\u00fcftung. Auch kaputte Abflussleitungen k\u00f6nnen der Grund daf\u00fcr sein, dass eine feuchte Mauer sich abzeichnet. Solche Gr\u00fcnde sind \u00fcblicherweise rasch erledigt. Umso schwieriger wird es, wenn festgestellt wird, dass die N\u00e4sse von au\u00dfen in den Keller dringt. Ein erh\u00f6hter Wasserspiegel f\u00fchrt beispielsweise dazu, dass Feuchtigkeit in das Mauerwerk zieht. Auch Bauwerke mit Hanglage sind gef\u00e4hrdet f\u00fcr einsickernde N\u00e4sse. Hierbei mag es durchaus sein, dass m\u00e4chtigere Gesch\u00fctze f\u00fcr eine nachhaltige Instandsetzung ergriffen werden m\u00fcssen. Aber auch dann ist eine feuchte Mauer kein unvermeidliches Schicksal.<\/p>\n","protected":false},"excerpt":{"rendered":"<p>Fragen Sie den Fachbetrieb zur Sanierung einer feuchten Mauer! Eine feuchte Mauer k\u00f6nnte zu einem ernsthaften Problem werden. Geb\u00e4udeeigent\u00fcmer sind diesbez\u00fcglich sehr gut beraten, sich umf\u00e4nglich \u00fcber Sanierungsm\u00f6glichkeiten schlau zu machen, falls sie durchn\u00e4sste Bereiche in ihren R\u00e4umlichkeiten gefunden haben. Rechtzeitig bemerkt, muss eine feuchte Mauer nicht zwangsl\u00e4ufig aufw\u00e4ndige und zeitintensive Sanierungsarbeiten zur Folge haben. [&hellip;]<\/p>\n","protected":false},"author":1,"featured_media":0,"parent":0,"menu_order":0,"comment_status":"closed","ping_status":"closed","template":"","meta":{"footnotes":""},"class_list":["post-160","page","type-page","status-publish","hentry"],"meta_box":{"popseo_subtitel":"Feuchte Mauer: Wir sind Ihr Experte in Ebstorf","popseo_subtitel2":"Feuchte Mauer - ein Problem, dem man sich stellen muss","popseo_lasttitel":"Feuchte Mauer: Unsere Experten beantworten Ihre Fragen","popseo_region":"Ebstorf","popseo_sachwort":"Feuchte Mauer","popseo_noupdate":"","popseo_einleitungstext":"<p>Sie haben sich mit dem Thema Bauwerksabdichtung auseinandergesetzt, da Ihr Haus feuchte Geb\u00e4udeteile aufweist und Sie nach Methoden einer wirkungsvollen und professionellen Sanierung Ausschau halten. Hervorragend, dass Sie unsere Homepage entdeckt haben. Auf den folgenden Seiten m\u00f6chten wir Ihnen n\u00e4here Informationen zu unserem Leistungsspektrum geben. Sie lernen auf dieser Internetseite unsere Firma n\u00e4her kennen. <\/p>\n<p>Unser Unternehmen ist ein versierter und etablierter Handwerksbetrieb mit Sitz in Brietlingen bei L\u00fcneburg. Bereits seit vielen Jahren sind wir Ihre Experten f\u00fcr s\u00e4mtliche Fragen rund um Geb\u00e4udeabdichtung. Wir setzen ausschlie\u00dflich praxisbew\u00e4hrte und effektive Sanierungsmethoden und -systeme ein. Als Fachbetrieb f\u00fcr Abdichtung und Sanierung schauen wir auf eine lange und intensive Berufserfahrung zur\u00fcck. Unsere gut geschulten Mitarbeiter informieren Sie gerne im Detail.<\/p>","popseo_schlusstext":"<p>H\u00f6chste Anspr\u00fcche an unsere eigenen Leistungen sind f\u00fcr uns selbstverst\u00e4ndlich. Know-how, Fachkompetenz und Zuverl\u00e4ssigkeit sorgen f\u00fcr erfolgreiche Trockenlegungs- und Sanierungsprojekte. Unsere Experten freuen sich \u00fcber Ihre Kontaktaufnahme, unabh\u00e4ngig davon ob durch Telefonanruf oder E-Mail.<\/p>","popseo_stadttext":"<h3>Vor Ort in Ebstorf<\/h3>\n<p>Ebstorf befindet sich mittig in der L\u00fcneburger Heide und geh\u00f6rt juristisch zum Landkreis Uelzen. Die Gemeinde hat etwa 5.000 registrierte Einwohner und streckt sich \u00fcber eine Gesamtfl\u00e4che von knapp 27 Quadratkilometer. Ebstorf ist Teil der Samtgemeinde Bevensen-Ebstorf, einer Vereinigung von 13 kleineren Orten. Die Samtgemeinde z\u00e4hlt in Summe rund 26.000 B\u00fcrger und streckt sich \u00fcber ein Areal von zirka 479 Quadratkilometern.<\/p>\n<p>Durch unsere Gesch\u00e4ftst\u00e4tigkeit haben wir uns einen sehr guten \u00dcberblick \u00fcber die Architektur der St\u00e4dte und Gemeinden unseres Einzugsbereiches machen k\u00f6nnen. Nat\u00fcrlich geh\u00f6rt auch Ebstorf unserem unmittelbaren Wirkungskreis. Sie kommen aus der Region und sind hier im Internet auf unsere Homepage gesto\u00dfen? Das finden wir klasse. Sehr gerne pr\u00e4sentieren wir Ihnen unser gesamtes Leistungsspektrum und beantworten Ihre Fragen. Wir freuen uns darauf, mit Ihnen ins Gespr\u00e4ch zu treten. <\/p>\n<h3>Ein paar Hintergrundinformationen zu Ebstorf<\/h3>\n<p>\u00dcber die Landesstra\u00dfen L233 und L 250 ist Ebstorf einfach und bequem mit dem Auto zu erreichen. Des Weiteren erreicht man die Gemeinde mit der Bahn auf der Strecke Langwedel-Uelzen. Ebstorf ist mit diesen Verkehrswegen sehr gut an die Mittelzentren L\u00fcneburg und Uelzen angebunden. Zahlreiche Einwohner arbeiten in den nahegelegenen St\u00e4dten, sch\u00e4tzen aber Ebstorf als Wohnstatt und Lebensmittelpunkt. Ebstorf ist also eine durchaus typische Pendlergemeinde. \u00dcberregional bekannt ist der Ort dar\u00fcber hinaus als Sitz eines Klosters. Das Kloster Ebstorf ist eines von insgesamt sechs Heidekl\u00f6stern in der Region L\u00fcneburg. Ebstorf ist ganz sicher ein guter Platz zum Leben. Die charmante Kleinstadt verf\u00fcgt \u00fcber eine hervorragende Infrastruktur und sehr gut ausgebaute Wohnviertel.    <\/p>\n<h4>Unsere Leistung f\u00fcr qualit\u00e4tsbewusste Kunden aus Ebstorf<\/h4>\n<p>Sie leben in Ebstorf und interessieren sich f\u00fcr unser Leistungsangebot. Toll, dass Sie diese Website gefunden haben. F\u00fcr R\u00fcckfragen stehen wir Ihnen jederzeit zur Verf\u00fcgung. Auf den Kontakt zu Ihnen freuen wir uns.<\/p>","popseo_zusatztext":"<h3>Beim Abdichten sind wir Profi<\/h3>\n<p>Sie haben einen N\u00e4sseschaden festgestellt und m\u00fcssen die entsprechenden Mauern nun z\u00fcgig abdichten. Sehr gut, dass Sie uns gefunden haben! Als erfahrenes Unternehmen der Bauwirtschaft kennen wir uns allerbestens aus mit dem Abdichten von Mauern, W\u00e4nden oder Kellern.  <\/p>\n<p>N\u00e4ssesch\u00e4den sind unser Gesch\u00e4ft: F\u00fcr unser Unternehmen geh\u00f6rt das Abdichten von Mauern, W\u00e4nden oder Kellern zur t\u00e4glichen Arbeit. Wir gehen der Ursache f\u00fcr den N\u00e4sseeintritt gewissenhaft auf den Grund. Vor dem eigentlichen Abdichten muss als Erstes die Ursachenforschung stehen. Erst wenn man den tats\u00e4chlichen Grund f\u00fcr die Durchfeuchtung gefunden hat, kann man mit dem Abdichten starten. Die Begutachtung gibt die Marschrichtung vor, den das Abdichten eines Bauk\u00f6rpers beinhalten muss.  <\/p>\n<h4>Abdichten: Unsere Mitarbeiter stehen f\u00fcr Sie bereit!<\/h4>\n<p>Z\u00f6gern Sie bitte nicht und verabreden Sie noch heute einen Termin mit einem unserer kompetenten Fachkr\u00e4fte. Ein kurzer Telefonanruf oder auch eine schnelle eMail gen\u00fcgen! Bei einer Begutachtung direkt am betroffenen Objekt, nehmen wir den Schaden auf und erstellen anschlie\u00dfend ein Konzept f\u00fcr das nachhaltige Abdichten der entsprechenden Stellen. Unsere Arbeit ist grunds\u00e4tzlich zweckorientiert: Selbstverst\u00e4ndlich flie\u00dfen auch monet\u00e4re \u00dcberlegungen in unsere Entscheidungsfindung f\u00fcr das Abdichten Ihres Geb\u00e4udes mit ein. Alles aus einer Hand: Unsere engagierten Mitarbeiter f\u00fchren alle notwendigen Arbeiten, die zum Abdichten geh\u00f6ren umgehend und zuverl\u00e4ssig aus. Schon seit langer Zeit ist unser Unternehmen f\u00fcr eine hohe Qualit\u00e4t bekannt. Eine unserer Kernkompetenzen liegt im Abdichten von Gesch\u00e4fts- und Wohngeb\u00e4uden. Vertrauen Sie auf Kompetenz und beauftragen Sie unser Unternehmen f\u00fcr das Abdichten von neuralgischen Bereichen im Mauerwerk. Wir freuen uns darauf, auch Ihnen helfen zu k\u00f6nnen.<\/p>","popseo_links":"<a href=\"https:\/\/bautenschutz-keul.de\/angebote\/kellertrockenlegung-bardowick\/\">Kellertrockenlegung Bardowick<\/a>, <a href=\"https:\/\/bautenschutz-keul.de\/angebote\/schimmelbeseitigung-schwarzenbek\/\">Schimmelbeseitigung Schwarzenbek<\/a>, <a href=\"https:\/\/bautenschutz-keul.de\/angebote\/kellertrockenlegung-hanstedt\/\">Kellertrockenlegung Hanstedt<\/a>, <a href=\"https:\/\/bautenschutz-keul.de\/angebote\/kellerabdichtung-boizenburg\/\">Kellerabdichtung Boizenburg<\/a>, <a href=\"https:\/\/bautenschutz-keul.de\/angebote\/horizontalsperre-geesthacht\/\">Horizontalsperre Geesthacht<\/a>, <a href=\"https:\/\/bautenschutz-keul.de\/angebote\/aussenabdichtung-tostedt-sittensen\/\">Au\u00dfenabdichtung Tostedt Sittensen<\/a>, <a href=\"https:\/\/bautenschutz-keul.de\/angebote\/kellertrockenlegung-seevetal-rosengarten\/\">Kellertrockenlegung Seevetal Rosengarten<\/a>, <a href=\"https:\/\/bautenschutz-keul.de\/angebote\/feuchtigkeit-herzogtum-lauenburg\/\">Feuchtigkeit Herzogtum Lauenburg<\/a>, <a href=\"https:\/\/bautenschutz-keul.de\/angebote\/kellerabdichtung-uelzen\/\">Kellerabdichtung Uelzen<\/a>, <a href=\"https:\/\/bautenschutz-keul.de\/angebote\/schimmelbeseitigung-maschen\/\">Schimmelbeseitigung Maschen<\/a>, <a href=\"https:\/\/bautenschutz-keul.de\/angebote\/salpeter-im-keller-geesthacht\/\">Salpeter im Keller Geesthacht<\/a>, <a href=\"https:\/\/bautenschutz-keul.de\/angebote\/schimmelsanierung-geesthacht\/\">Schimmelsanierung Geesthacht<\/a>, <a href=\"https:\/\/bautenschutz-keul.de\/angebote\/feuchte-mauer-uelzen\/\">Feuchte Mauer Uelzen<\/a>, <a href=\"https:\/\/bautenschutz-keul.de\/angebote\/rissverpressung-buchholz-in-der-nordheide\/\">Rissverpressung Buchholz in der Nordheide<\/a>, <a href=\"https:\/\/bautenschutz-keul.de\/angebote\/horizontalsperre-jesteburg\/\">Horizontalsperre Jesteburg<\/a>, <a href=\"https:\/\/bautenschutz-keul.de\/angebote\/kellertrockenlegung-reinbek-aumuehle\/\">Kellertrockenlegung Reinbek Aum\u00fchle<\/a>, <a href=\"https:\/\/bautenschutz-keul.de\/angebote\/feuchte-wand-ebstorf\/\">Feuchte Wand Ebstorf<\/a>, <a href=\"https:\/\/bautenschutz-keul.de\/angebote\/rissverpressung-winsen-luhe\/\">Rissverpressung Winsen Luhe<\/a>, <a href=\"https:\/\/bautenschutz-keul.de\/angebote\/feuchte-wand-bienenbuettel\/\">Feuchte Wand Bienenb\u00fcttel<\/a>, <a href=\"https:\/\/bautenschutz-keul.de\/angebote\/feuchte-mauer-hanstedt\/\">Feuchte Mauer Hanstedt<\/a>, <a href=\"https:\/\/bautenschutz-keul.de\/angebote\/feuchte-mauer-glinde-sachsenwald\/\">Feuchte Mauer Glinde Sachsenwald<\/a>, <a href=\"https:\/\/bautenschutz-keul.de\/angebote\/feuchter-keller-ebstorf\/\">Feuchter Keller Ebstorf<\/a>, <a href=\"https:\/\/bautenschutz-keul.de\/angebote\/schimmelsanierung-bispingen\/\">Schimmelsanierung Bispingen<\/a>, <a href=\"https:\/\/bautenschutz-keul.de\/angebote\/schimmel-glinde-sachsenwald\/\">Schimmel Glinde Sachsenwald<\/a>, <a href=\"https:\/\/bautenschutz-keul.de\/angebote\/horizontalsperre-tostedt-sittensen\/\">Horizontalsperre Tostedt Sittensen<\/a>, <a href=\"https:\/\/bautenschutz-keul.de\/angebote\/feuchtigkeitsschaden-geesthacht\/\">Feuchtigkeitsschaden Geesthacht<\/a>, <a href=\"https:\/\/bautenschutz-keul.de\/angebote\/mauertrockenlegung-brietlingen\/\">Mauertrockenlegung Brietlingen<\/a>, <a href=\"https:\/\/bautenschutz-keul.de\/angebote\/schimmelsanierung-hanstedt\/\">Schimmelsanierung Hanstedt<\/a>, <a href=\"https:\/\/bautenschutz-keul.de\/angebote\/horizontalsperre-lueneburg\/\">Horizontalsperre L\u00fcneburg<\/a>, <a href=\"https:\/\/bautenschutz-keul.de\/angebote\/feuchter-keller-buchholz-in-der-nordheide\/\">Feuchter Keller Buchholz in der Nordheide<\/a>"},"_links":{"self":[{"href":"https:\/\/bautenschutz-keul.de\/angebote\/wp-json\/wp\/v2\/pages\/160","targetHints":{"allow":["GET"]}}],"collection":[{"href":"https:\/\/bautenschutz-keul.de\/angebote\/wp-json\/wp\/v2\/pages"}],"about":[{"href":"https:\/\/bautenschutz-keul.de\/angebote\/wp-json\/wp\/v2\/types\/page"}],"author":[{"embeddable":true,"href":"https:\/\/bautenschutz-keul.de\/angebote\/wp-json\/wp\/v2\/users\/1"}],"replies":[{"embeddable":true,"href":"https:\/\/bautenschutz-keul.de\/angebote\/wp-json\/wp\/v2\/comments?post=160"}],"version-history":[{"count":0,"href":"https:\/\/bautenschutz-keul.de\/angebote\/wp-json\/wp\/v2\/pages\/160\/revisions"}],"wp:attachment":[{"href":"https:\/\/bautenschutz-keul.de\/angebote\/wp-json\/wp\/v2\/media?parent=160"}],"curies":[{"name":"wp","href":"https:\/\/api.w.org\/{rel}","templated":true}]}}