{"id":161,"date":"2021-09-13T08:43:32","date_gmt":"2021-09-13T06:43:32","guid":{"rendered":"https:\/\/bautenschutz-keul.de\/angebote\/feuchte-mauer-geesthacht\/"},"modified":"2021-09-13T08:43:32","modified_gmt":"2021-09-13T06:43:32","slug":"feuchte-mauer-geesthacht","status":"publish","type":"page","link":"https:\/\/bautenschutz-keul.de\/angebote\/feuchte-mauer-geesthacht\/","title":{"rendered":"Feuchte Mauer &#8211; Geesthacht"},"content":{"rendered":"<h3>Feuchte Mauer: Wir sanieren kompetent und schnell!<\/h3>\n<p>Eine feuchte Mauer kann zu einem bedrohlichen Thema werden. Geb\u00e4udeeigent\u00fcmer sind entsprechend gut beraten, sich umfangreich \u00fcber Sanierungsma\u00dfnahmen<br \/>\nkundig zu machen, falls sie feuchte Stellen in ihren R\u00e4umen entdeckt haben. Fr\u00fchzeitig bemerkt, muss eine feuchte Mauer nicht zwangsl\u00e4ufig aufw\u00e4ndige und langwierige Sanierungsarbeiten zur Folge haben. Eine feuchte Mauer kann allerdings negative Einfl\u00fcsse auf Wohlsein und Gesundheit der Bewohner haben. Schimmelbildung und Sporenbildung sind oft die Ursache f\u00fcr gesundheitliche Probleme. Ein Grund mehr, der feuchten Mauer den Kampf anzusagen. <\/p>\n<h3>Feuchte Mauer: Fragen Sie den Sanierungsprofi!<\/h3>\n<p>Ohne die genaue Bestandsaufnahme, l\u00e4sst sich eine feuchte Mauer nicht ernsthaft nachhaltig instandsetzen. Die Ursache gibt schlie\u00dflich die Richtung vor. M\u00f6gliche Gr\u00fcnde gibt es viele. Nicht selten liegt der Grund f\u00fcr eine feuchte Mauer in einer nur mangelhaften Bel\u00fcftung. Auch por\u00f6se Abflussrohre k\u00f6nnen der Grund daf\u00fcr sein, dass eine feuchte Mauer entsteht. Solche Ursachen sind \u00fcblicherweise rasch behoben. Deutlich komplizierter wird es, wenn festgestellt wird, dass die N\u00e4sse von au\u00dferhalb in den Keller eindringt. Ein hoher Grundwasserspiegel f\u00fchrt z.B. dazu, dass Feuchtigkeit in das Mauerwerk eindringt. Auch Immobilien mit Hanglage sind bedroht f\u00fcr eindringende Feuchtigkeit. Hierbei mag es schon sein, dass h\u00e4rtere Gesch\u00fctze f\u00fcr eine anhaltende Instandsetzung aufgefahren werden m\u00fcssen. Aber selbst in dem Fall ist eine feuchte Mauer kein unvermeidliches Schicksal.<\/p>\n","protected":false},"excerpt":{"rendered":"<p>Feuchte Mauer: Wir sanieren kompetent und schnell! Eine feuchte Mauer kann zu einem bedrohlichen Thema werden. Geb\u00e4udeeigent\u00fcmer sind entsprechend gut beraten, sich umfangreich \u00fcber Sanierungsma\u00dfnahmen kundig zu machen, falls sie feuchte Stellen in ihren R\u00e4umen entdeckt haben. Fr\u00fchzeitig bemerkt, muss eine feuchte Mauer nicht zwangsl\u00e4ufig aufw\u00e4ndige und langwierige Sanierungsarbeiten zur Folge haben. Eine feuchte Mauer [&hellip;]<\/p>\n","protected":false},"author":1,"featured_media":0,"parent":0,"menu_order":0,"comment_status":"closed","ping_status":"closed","template":"","meta":{"footnotes":""},"class_list":["post-161","page","type-page","status-publish","hentry"],"meta_box":{"popseo_subtitel":"Feuchte Mauer: Wir sind Ihr Experte in Geesthacht","popseo_subtitel2":"Feuchte Mauer - Sanierung f\u00fcr Immobilienbesitzer aus Norddeutschland","popseo_lasttitel":"Feuchte Mauer: Sie haben Fragen? Dann melden Sie sich bei uns","popseo_region":"Geesthacht","popseo_sachwort":"Feuchte Mauer","popseo_noupdate":"","popseo_einleitungstext":"<p>Sie haben sich mit dem Thema Bauwerksabdichtung besch\u00e4ftigt, weil Ihr Haus feuchte Geb\u00e4udeteile aufweist und Sie nach Methoden einer professionellen und vor allem wirksamen Sanierung Ausschau halten. Sch\u00f6n, dass Sie unsere Website besuchen. Auf den folgenden Seiten m\u00f6chten wir Ihnen n\u00e4here Informationen zu unserem Leistungsspektrum geben. Sie lernen auf dieser Internetseite unsere Firma n\u00e4her kennen. <\/p>\n<p>Die Firma TK-Geb\u00e4udetechnik Thorsten Keul ist ein qualifizierter und erfahrener Handwerksbetrieb mit Sitz in Brietlingen bei L\u00fcneburg. Seit vielen Jahren schon sind wir Ihr Spezialist f\u00fcr alle Fragen rund um Geb\u00e4udeabdichtung. Wir setzen ausschlie\u00dflich praxisbew\u00e4hrte und effektive Sanierungsmethoden und -systeme ein. Als Fachbetrieb f\u00fcr Abdichtung und Sanierung schauen wir auf eine lange Berufserfahrung zur\u00fcck. Unsere gut geschulten Mitarbeiter informieren Sie sehr gerne im Detail.<\/p>","popseo_schlusstext":"<p>Wir stellen uns h\u00f6chsten Anspr\u00fcchen und freuen uns \u00fcber die Zufriedenheit der Immobilienbesitzer. Know-how, Zuverl\u00e4ssigkeit und Fachkompetenz sorgen f\u00fcr erfolgreich realisierte Trockenlegungs- und Sanierungsprojekte zum Vorteil unserer Auftraggeber. Unsere Experten freuen sich \u00fcber Ihre Kontaktaufnahme, ganz egal ob per Anruf oder Mail.<\/p>","popseo_stadttext":"<h3>Unser Einzugsbereich umfasst auch Geesthacht<\/h3>\n<p>Wir arbeiten f\u00fcr Kunden aus Geesthacht. Durch unsere Gesch\u00e4ftst\u00e4tigkeit haben wir uns einen sehr guten \u00dcberblick \u00fcber die Stadtarchitektur der Gemeinden und St\u00e4dte unseres Einzugsbereiches erarbeiten k\u00f6nnen. Selbstverst\u00e4ndlich geh\u00f6rt auch Ihre Region zu unserem unmittelbaren Vertriebsgebiet. Wir freuen uns darauf, mit Ihnen in Kontakt zu kommen. <\/p>\n<h3>Ein paar Fakten \u00fcber Geesthacht<\/h3>\n<p>Im S\u00fcdosten von Hamburg, direkt am Ufer der Elbe befindet sich Geesthacht, die gr\u00f6\u00dfte Stadt des Landkreises Herzogtum Lauenburg in Schleswig-Holstein. Geesthacht befindet sich in der Metropolregion Hamburg. Zum Stadtzentrum von Hamburg sind es knapp 30 Kilometer, bis zum n\u00e4chstgelegenen Hamburger Stadtteil Bergedorf circa 12 km.<br \/>\nInnovationen und Fortschritt pr\u00e4gen die Stadt Geesthacht. Beispielhaft hierf\u00fcr sind das Kernkraftwerk Kr\u00fcmmel, das Pumpspeicherwerk und der Forschungsreaktor Geesthacht. Sie machen Geesthacht zu dem gr\u00f6\u00dften Nuklear- und Energiestandort in Norddeutschland. Kein Wunder, dass Geesthacht mit knapp 50 Mio EUR R\u00fccklagen den 1. Rang unter den verm\u00f6gendsten St\u00e4dten in Schleswig-Holstein belegt. Entscheidend hief\u00fcr sind jedoch die Zahlungen des AKW.<\/p>\n<p>Nach Geesthacht gelangt man mit dem Auto von S\u00fcden \u00fcber die Bundesstra\u00dfe 404. \u00dcber diese Bundesstra\u00dfe hat man auch Anbindung an die A25, mit der man auf direktem Wege nach Hamburg kommt. Parallel zur Bundesautobahn verl\u00e4uft die Bundesstra\u00dfe B5, die von Bergedorf \u00fcber die City von Geesthacht f\u00fchrt und in Lauenburg endet.<br \/>\nAuch mit Bussen und Bahn kann man, dank der Vernetzung mit dem HVV, Geesthacht problemlos erreichen. Aufgrund der geringen N\u00e4he zum Stadtgebiet von Hamburg bringt Sie der Metrobus des HVV bequem, innerhalb von 20 Minuten nach Hamburg.<\/p>\n<h4>Hohe Qualit\u00e4t f\u00fcr Kunden aus Geesthacht<\/h4>\n<p>Prima, das Sie unsere Internetseite entdeckt haben. Wenn Sie ein Fachunternehmen suchen, sind Sie bei uns richtig. Sie m\u00f6chten mehr \u00fcber uns erfahren? F\u00fcr R\u00fcckfragen stehen wir Ihnen jederzeit zur Verf\u00fcgung. Unser engagiertes Team freut sich auf Sie.<\/p>","popseo_zusatztext":"<h3>Beim Sanieren sind wir Profi<\/h3>\n<p>Sie planen eine Mauer, einen Keller oder sogar ein komplettes Bauwerk zu sanieren? Gut, denn dann sind Sie bei uns genau an der richtigen Stelle. Wir sind Ihr erfahrener Partner f\u00fcr alle Fragestellungen rund um das Sanieren von H\u00e4usern.  Ob durchn\u00e4sste Keller, nasse W\u00e4nde oder die Sanierung gr\u00f6\u00dferer Feuchtesch\u00e4den: Als spezialisierte Fachfirma z\u00e4hlt das Sanieren zu unseren t\u00e4glichen T\u00e4tigkeiten. Wir gehen dem Schadensfall ganz genau auf den Grund. Vor der konkreten Sanierung muss auf jeden Fall die Ursachenforschung stehen. Nur wenn man den richtigen Grund f\u00fcr einen aufgetretenen Schadensfall kennt, kann man nat\u00fcrlich erst mit dem Sanieren anfangen. Auch sieht man erst nach einer exakten Begutachtung den Umfang, den das Sanieren eines Hauses in Anspruch nehmen wird.<\/p>\n<p>Vereinbaren Sie doch gleich einmal einen unverbindlichen Termin mit einem unserer gut ausgebildeten Spezialisten. Telefonanruf oder Email reichen! Bei einer Begutachtung direkt am Objekt nehmen wir die Besch\u00e4digung auf und machen Ratschl\u00e4ge f\u00fcr das zweckm\u00e4\ufb02ige Sanieren. So viel wie notwendig, so wenig wie m\u00f6glich: Auch wirtschaftliche \u00dcberlegungen flie\u00dfen in unsere Entscheidungsfindung f\u00fcr das Sanieren Ihres Hauses mit ein. <\/p>\n<h4>Sanieren: Wir helfen verl\u00e4sslich und kompetent!<\/h4>\n<p>Nat\u00fcrlich f\u00fchren unsere qualifizierten Fachkr\u00e4fte alle erforderlichen Arbeiten, die zum Sanieren geh\u00f6ren schnell und zuverl\u00e4ssig aus. Unser Unternehmen ist seit mehreren Jahren f\u00fcr eine hohe Qualit\u00e4t beim Sanieren bekannt. Der Instandsetzung von Wohn- und Gesch\u00e4ftsh\u00e4usern haben wir uns verschrieben. Vertrauen Sie auf Erfahrung und \u00fcbertragen Sie das Sanieren Ihrer Immobilie unserer Fachfirma. Wir freuen uns darauf, auch Ihnen helfen zu k\u00f6nnen.<\/p>","popseo_links":"<a href=\"https:\/\/bautenschutz-keul.de\/angebote\/kellerabdichtung-lueneburg\/\">Kellerabdichtung L\u00fcneburg<\/a>, <a href=\"https:\/\/bautenschutz-keul.de\/angebote\/aufsteigende-feuchtigkeit-jesteburg\/\">aufsteigende Feuchtigkeit Jesteburg<\/a>, <a href=\"https:\/\/bautenschutz-keul.de\/angebote\/mauertrockenlegung-stelle\/\">Mauertrockenlegung Stelle<\/a>, <a href=\"https:\/\/bautenschutz-keul.de\/angebote\/rissverpressung-bispingen\/\">Rissverpressung Bispingen<\/a>, <a href=\"https:\/\/bautenschutz-keul.de\/angebote\/mauertrockenlegung-amelinghausen\/\">Mauertrockenlegung Amelinghausen<\/a>, <a href=\"https:\/\/bautenschutz-keul.de\/angebote\/feuchte-mauer-reppenstedt\/\">Feuchte Mauer Reppenstedt<\/a>, <a href=\"https:\/\/bautenschutz-keul.de\/angebote\/feuchtigkeit-herzogtum-lauenburg\/\">Feuchtigkeit Herzogtum Lauenburg<\/a>, <a href=\"https:\/\/bautenschutz-keul.de\/angebote\/schimmelsanierung-seevetal-rosengarten\/\">Schimmelsanierung Seevetal Rosengarten<\/a>, <a href=\"https:\/\/bautenschutz-keul.de\/angebote\/kellersanierung-lueneburg\/\">Kellersanierung L\u00fcneburg<\/a>, <a href=\"https:\/\/bautenschutz-keul.de\/angebote\/feuchte-wand-herzogtum-lauenburg\/\">Feuchte Wand Herzogtum Lauenburg<\/a>, <a href=\"https:\/\/bautenschutz-keul.de\/angebote\/schimmel-uelzen\/\">Schimmel Uelzen<\/a>, <a href=\"https:\/\/bautenschutz-keul.de\/angebote\/schimmelsanierung-bergedorf-wentorf\/\">Schimmelsanierung Bergedorf Wentorf<\/a>, <a href=\"https:\/\/bautenschutz-keul.de\/angebote\/schimmelbeseitigung-bergedorf-wentorf\/\">Schimmelbeseitigung Bergedorf Wentorf<\/a>, <a href=\"https:\/\/bautenschutz-keul.de\/angebote\/feuchtigkeitsschaden-bergedorf-wentorf\/\">Feuchtigkeitsschaden Bergedorf Wentorf<\/a>, <a href=\"https:\/\/bautenschutz-keul.de\/angebote\/feuchter-keller-reppenstedt\/\">Feuchter Keller Reppenstedt<\/a>, <a href=\"https:\/\/bautenschutz-keul.de\/angebote\/schimmelsanierung-harburg\/\">Schimmelsanierung Harburg<\/a>, <a href=\"https:\/\/bautenschutz-keul.de\/angebote\/feuchtigkeitsschaden-schwarzenbek\/\">Feuchtigkeitsschaden Schwarzenbek<\/a>, <a href=\"https:\/\/bautenschutz-keul.de\/angebote\/mauertrockenlegung-salzhausen\/\">Mauertrockenlegung Salzhausen<\/a>, <a href=\"https:\/\/bautenschutz-keul.de\/angebote\/salpeter-im-keller-boizenburg\/\">Salpeter im Keller Boizenburg<\/a>, <a href=\"https:\/\/bautenschutz-keul.de\/angebote\/schimmelbeseitigung-schwarzenbek\/\">Schimmelbeseitigung Schwarzenbek<\/a>, <a href=\"https:\/\/bautenschutz-keul.de\/angebote\/mauertrockenlegung-reinbek-aumuehle\/\">Mauertrockenlegung Reinbek Aum\u00fchle<\/a>, <a href=\"https:\/\/bautenschutz-keul.de\/angebote\/kellerabdichtung-maschen\/\">Kellerabdichtung Maschen<\/a>, <a href=\"https:\/\/bautenschutz-keul.de\/angebote\/feuchter-keller-seevetal-rosengarten\/\">Feuchter Keller Seevetal Rosengarten<\/a>, <a href=\"https:\/\/bautenschutz-keul.de\/angebote\/mauertrockenlegung-maschen\/\">Mauertrockenlegung Maschen<\/a>, <a href=\"https:\/\/bautenschutz-keul.de\/angebote\/mauertrockenlegung-brietlingen\/\">Mauertrockenlegung Brietlingen<\/a>, <a href=\"https:\/\/bautenschutz-keul.de\/angebote\/feuchtigkeit-harburg\/\">Feuchtigkeit Harburg<\/a>, <a href=\"https:\/\/bautenschutz-keul.de\/angebote\/schimmelbeseitigung-brietlingen\/\">Schimmelbeseitigung Brietlingen<\/a>, <a href=\"https:\/\/bautenschutz-keul.de\/angebote\/feuchtigkeit-hanstedt\/\">Feuchtigkeit Hanstedt<\/a>, <a href=\"https:\/\/bautenschutz-keul.de\/angebote\/kellerabdichtung-bardowick\/\">Kellerabdichtung Bardowick<\/a>, <a href=\"https:\/\/bautenschutz-keul.de\/angebote\/schimmel-jesteburg\/\">Schimmel Jesteburg<\/a>"},"_links":{"self":[{"href":"https:\/\/bautenschutz-keul.de\/angebote\/wp-json\/wp\/v2\/pages\/161","targetHints":{"allow":["GET"]}}],"collection":[{"href":"https:\/\/bautenschutz-keul.de\/angebote\/wp-json\/wp\/v2\/pages"}],"about":[{"href":"https:\/\/bautenschutz-keul.de\/angebote\/wp-json\/wp\/v2\/types\/page"}],"author":[{"embeddable":true,"href":"https:\/\/bautenschutz-keul.de\/angebote\/wp-json\/wp\/v2\/users\/1"}],"replies":[{"embeddable":true,"href":"https:\/\/bautenschutz-keul.de\/angebote\/wp-json\/wp\/v2\/comments?post=161"}],"version-history":[{"count":0,"href":"https:\/\/bautenschutz-keul.de\/angebote\/wp-json\/wp\/v2\/pages\/161\/revisions"}],"wp:attachment":[{"href":"https:\/\/bautenschutz-keul.de\/angebote\/wp-json\/wp\/v2\/media?parent=161"}],"curies":[{"name":"wp","href":"https:\/\/api.w.org\/{rel}","templated":true}]}}