{"id":164,"date":"2021-09-13T08:43:32","date_gmt":"2021-09-13T06:43:32","guid":{"rendered":"https:\/\/bautenschutz-keul.de\/angebote\/feuchte-mauer-harburg\/"},"modified":"2021-09-13T08:43:32","modified_gmt":"2021-09-13T06:43:32","slug":"feuchte-mauer-harburg","status":"publish","type":"page","link":"https:\/\/bautenschutz-keul.de\/angebote\/feuchte-mauer-harburg\/","title":{"rendered":"Feuchte Mauer &#8211; Harburg"},"content":{"rendered":"<h3>Fragen Sie den Fachbetrieb zur Sanierung einer feuchten Mauer!<\/h3>\n<p>Eine feuchte Mauer k\u00f6nnte zu einem bedrohlichen Thema werden. Hausbesitzer sind diesbez\u00fcglich gut beraten, sich umf\u00e4nglich \u00fcber Sanierungsm\u00f6glichkeiten<br \/>\nschlau zu machen, f\u00fcr den Fall das sie durchn\u00e4sste Stellen in ihren eigenen vier W\u00e4nden entdeckt haben. Rechtzeitig gefunden, muss eine feuchte Mauer nicht unbedingt schwerwiegende und andauernde Sanierungsarbeiten zur Folge haben. Eine feuchte Mauer kann jedoch nachteilige Einfl\u00fcsse auf Wohlbefinden und Gesundheit der Bewohner haben. Schimmel und Sporenbildung sind nicht selten der Grund f\u00fcr gesundheitliche Probleme. Ein Grund mehr, der feuchten Mauer zu Leibe zu r\u00fccken. <\/p>\n<h3>Feuchte Mauer: Unsere Fachhandwerker beheben den Schaden!<\/h3>\n<p>Ohne die genaue Analyse, l\u00e4sst sich eine feuchte Mauer nicht ernsthaft nachhaltig instandsetzen. Der Grund gibt letztendlich die Richtung vor. M\u00f6gliche Gr\u00fcnde gibt es reichlich. Oft liegt die Ursache f\u00fcr eine feuchte Mauer in einer nur mangelhaften Hinterl\u00fcftung. Auch por\u00f6se Abflussrohre k\u00f6nnen die Ursache daf\u00fcr sein, dass eine feuchte Mauer entsteht. Derlei Gr\u00fcnde sind \u00fcblicherweise schnell behoben. Umso aufw\u00e4ndiger wird es, wenn entdeckt wird, dass die Feuchtigkeit von au\u00dferhalb in den Keller sickert. Ein hoher Grundwasserspiegel f\u00fchrt beispielsweise dazu, dass N\u00e4sse in das Mauerwerk eindringt. Auch Geb\u00e4ude mit Hanglage sind gef\u00e4hrdet f\u00fcr einsickernde N\u00e4sse. Hierbei mag es schon sein, dass gr\u00f6\u00dfere Gesch\u00fctze f\u00fcr eine erfolgreiche Renovierung aufgefahren werden m\u00fcssen. Aber selbst dann ist eine feuchte Mauer kein unvermeidliches Schicksal.<\/p>\n","protected":false},"excerpt":{"rendered":"<p>Fragen Sie den Fachbetrieb zur Sanierung einer feuchten Mauer! Eine feuchte Mauer k\u00f6nnte zu einem bedrohlichen Thema werden. Hausbesitzer sind diesbez\u00fcglich gut beraten, sich umf\u00e4nglich \u00fcber Sanierungsm\u00f6glichkeiten schlau zu machen, f\u00fcr den Fall das sie durchn\u00e4sste Stellen in ihren eigenen vier W\u00e4nden entdeckt haben. Rechtzeitig gefunden, muss eine feuchte Mauer nicht unbedingt schwerwiegende und andauernde [&hellip;]<\/p>\n","protected":false},"author":1,"featured_media":0,"parent":0,"menu_order":0,"comment_status":"closed","ping_status":"closed","template":"","meta":{"footnotes":""},"class_list":["post-164","page","type-page","status-publish","hentry"],"meta_box":{"popseo_subtitel":"Feuchte Mauer: Wir sind Ihr Fachbetrieb in Harburg","popseo_subtitel2":"Feuchte Mauer - setzen Sie in Sachen Sanierung auf unsere Erfahrung","popseo_lasttitel":"Feuchte Mauer: D\u00fcrfen wir Ihre Fragen beantworten?","popseo_region":"Harburg","popseo_sachwort":"Feuchte Mauer","popseo_noupdate":"","popseo_einleitungstext":"<p>Sie haben sich mit dem Thema Bauwerksabdichtung auseinandergesetzt, da Ihr Haus feuchte Geb\u00e4udeteile aufweist und Sie nach Methoden einer wirkungsvollen und professionellen Sanierung Ausschau halten. Hervorragend, dass Sie unsere Homepage entdeckt haben. Nachfolgend d\u00fcrfen wir Ihnen n\u00e4here Informationen zu unserem Leistungsangebot geben. Sie lernen auf dieser Website unsere Firma n\u00e4her kennen. <\/p>\n<p>Die Firma TK-Geb\u00e4udetechnik Thorsten Keul ist ein versierter und erfahrener Handwerksbetrieb mit Sitz in Brietlingen bei L\u00fcneburg. Seit vielen Jahren schon sind wir Ihr Spezialist f\u00fcr s\u00e4mtliche Fragen rund um die Bauwerksabdichtung. Wir setzen ausschlie\u00dflich effektive und praxisbew\u00e4hrte Sanierungssysteme und -methoden ein. Als Fachbetrieb f\u00fcr Abdichtung und Sanierung schauen wir auf eine lange und intensive Berufserfahrung zur\u00fcck. Unsere engagierten Fachkr\u00e4fte informieren Sie gerne im Detail.<\/p>","popseo_schlusstext":"<p>Wenn Sie ein erfahrenes Unternehmen f\u00fcr zeitgem\u00e4\u00dfe Innen- und Au\u00dfenabdichtung ben\u00f6tigen, sind Sie bei uns genau richtig. Sie m\u00f6chten mehr \u00fcber uns wissen? Als auf Sanierung spezialisierte Fachfirma sind wir f\u00fcr Ihr Vorhaben der perfekte Partner und freuen uns \u00fcber Ihre Anfrage, ganz gleich ob per Griff zum Telefonh\u00f6rer oder Nachricht per E-Mail. Worauf Sie neben unserem fachlichen Know-how setzen d\u00fcrfen: Unser Expertenteam ist immer mit Elan und viel Motivation bei der Sache. Wir freuen uns auf das Gespr\u00e4ch mit Ihnen!<\/p>","popseo_stadttext":"<h3>Zu Ihren Diensten in Harburg<\/h2>\n<p>Durch unsere Gesch\u00e4ftst\u00e4tigkeit haben wir uns einen ausgezeichneten \u00dcberblick \u00fcber die Stadtarchitektur der St\u00e4dte und Gemeinden unseres Einzugsbereiches erarbeiten k\u00f6nnen. Selbstverst\u00e4ndlich geh\u00f6rt auch Harburg zu unserem unmittelbaren Vertriebsgebiet. Wir freuen uns darauf, mit Ihnen in Kontakt zu kommen. <\/p>\n<h3>Einige Informationen zum Stadtteil Harburg<\/h3>\n<p>Harburg ist ein Stadtteil der Hansestadt Hamburg. Harburg war einstmals selbst\u00e4ndig. 1927 erfolgte zun\u00e4chst der Zusammenschluss mit Wilhelmsburg zur fr\u00fcher 110.000 B\u00fcrger z\u00e4hlenden Stadt Harburg-Wilhelmsburg. Zehn Jahre sp\u00e4ter gliederte die verantwortliche Beh\u00f6rde final dieses neu gebildete Stadtkonstrukt dem Hamburger Staat zu. Harburg verlor damit seine Eigenst\u00e4ndigkeit. Anno 1951 entstand ferner der Verwaltungsbezirk Harburg. Harburg ist an der S\u00fcderelbe gelegen. Der Stadtteil grenzt an HH-Wilhelmsburg und Hamburg-Neuland und an die nieders\u00e4chsischen Landkreise Harburg und Stade.  <\/p>\n<h3>Wir arbeiten gerne in Harburg<\/h3>\n<p>Insbesondere die Vergr\u00f6\u00dferung des Binnenhafens Mitte des 19. Jahrhunderts war f\u00fcr die Weiterentwicklung von Harburg wichtig. Die kautschuk- und \u00f6lverarbeitende Schwerindustrie sorgte in Harburg f\u00fcr einen anhaltenden Aufschwung. Ab den 1960er Jahren zog sich die Hafenindustrie weitgehend aus Harburg zur\u00fcck. Mehr und Mehr Geb\u00e4ude und Industriegebiete lagen brach. Der Strukturwandel wirkte sich in starkem Ma\u00dfe auf das Leben im Stadtteil Harburg aus. <\/p>\n<p>In den zur\u00fcckliegenden Jahrzehnten hat sich Harburg sichtlich entwickelt und sich vorrangig als Wohnquartier einen Namen gemacht. Die Infrastruktur von Harburg ist sehr gut: Die City hat sich zu einem Shoppingeldorado entwickelt. Allein drei gro\u00dfe Einkaufszentren sind in Harburg vor Ort. Der Stadtteil verf\u00fcgt ferner \u00fcber viele ruhige und ansprechend gelegene Wohngebiete. Ein weiterer Pluspunkt: Mit der S-Bahn braucht man nur gut 15 Minuten bis zum Hamburger Hauptbahnhof. In den vergangenen Jahren wurden zahlreiche Neubauprojekte in Harburg gestartet. Speziell das hafennahe Areal um die Schlossinsel Harburg sowie das Gebiet um den Veritaskai wurden st\u00e4dtebaulich modernisiert. Harburg ist f\u00fcr sein Bildungsangebot bekannt. Die Technische Universit\u00e4t Hamburg-Harburg, die K\u00fchne School of Logistics sowie das Northern Institut of Technology haben einen ausgezeichneten Ruf. <\/p>\n<h4>Hohe Qualit\u00e4t f\u00fcr Kunden aus Harburg<\/h4>\n<p>Sie interessieren sich f\u00fcr unser Leistungsangebot und sind hier im Internet auf unsere Homepage gesto\u00dfen? Das freut uns sehr. Sehr gerne pr\u00e4sentieren wir Ihnen unser gesamtes Leistungsspektrum und beantworten Ihre Fragen. Auf Ihre Anfragen freuen wir uns.<\/p>","popseo_zusatztext":"<h3>Abdichten: Auf die Wirksamkeit k\u00f6nnen Sie sich verlassen<\/h3>\n<p>Sie haben einen N\u00e4sseschaden festgestellt und m\u00fcssen die betroffenen Mauerstellen nun schnellstm\u00f6glich abdichten. Sehr gut, dass Sie uns gefunden haben! Als erfahrenes Unternehmen der Bauwirtschaft kennen wir uns allerbestens aus mit dem Abdichten von W\u00e4nden, Kellern oder Mauern.  <\/p>\n<p>N\u00e4ssesch\u00e4den sind unser Metier: F\u00fcr unseren Betrieb geh\u00f6rt das Abdichten von Mauern, Kellern oder W\u00e4nden zur allt\u00e4glichen Arbeit. Wir gehen der Ursache f\u00fcr den N\u00e4sseeintritt gewissenhaft auf den Grund. Vor dem konkreten Abdichten muss zun\u00e4chst einmal die Ursachenfindung stehen. Erst wenn man den konkreten Grund f\u00fcr die Durchfeuchtung gefunden hat, kann man mit dem Abdichten anfangen. Die Begutachtung gibt die Marschrichtung vor, den das Abdichten eines Bauk\u00f6rpers umfassen muss.  <\/p>\n<h4>Abdichten: Wir helfen verl\u00e4sslich und kompetent!<\/h4>\n<p>Z\u00f6gern Sie bitte nicht und verabreden Sie gleich jetzt einen Termin mit einem unserer kompetenten Mitarbeiter. Ein kurzer Anruf beziehungsweise eine kurze E-Mail gen\u00fcgen! Bei einer Begutachtung direkt am betroffenen Objekt, nehmen wir den Schaden auf und erstellen danach ein Konzept f\u00fcr das dauerhafte Abdichten der gesch\u00e4digten Stellen. Unsere Arbeit ist immer zweckorientiert: Nat\u00fcrlich flie\u00dfen auch wirtschaftliche Betrachtungen in unsere Entscheidungsfindung f\u00fcr das Abdichten Ihres Geb\u00e4udes mit ein. Komplett aus einer Hand: Unsere engagierten Angestellten f\u00fchren s\u00e4mtliche erforderlichen T\u00e4tigkeiten, die zum Abdichten erforderlich sind umgehend und zuverl\u00e4ssig aus. Schon seit langer Zeit ist unser Unternehmen f\u00fcr eine hohe Qualit\u00e4t bekannt. Eine unserer Schwerpunkte liegt im Abdichten von Wohn- und Gesch\u00e4ftsgeb\u00e4uden. Setzen Sie auf Kompetenz und beauftragen Sie uns f\u00fcr das Abdichten von neuralgischen Bereichen im Mauerwerk. Wir freuen uns darauf, auch Ihnen helfen zu k\u00f6nnen.<\/p>","popseo_links":"<a href=\"https:\/\/bautenschutz-keul.de\/angebote\/bauwerksabdichtung-amt-neuhaus\/\">Bauwerksabdichtung Amt Neuhaus<\/a>, <a href=\"https:\/\/bautenschutz-keul.de\/angebote\/schimmel-bad-bevensen\/\">Schimmel Bad Bevensen<\/a>, <a href=\"https:\/\/bautenschutz-keul.de\/angebote\/aussenabdichtung-reppenstedt\/\">Au\u00dfenabdichtung Reppenstedt<\/a>, <a href=\"https:\/\/bautenschutz-keul.de\/angebote\/feuchte-mauer-hanstedt\/\">Feuchte Mauer Hanstedt<\/a>, <a href=\"https:\/\/bautenschutz-keul.de\/angebote\/aufsteigende-feuchtigkeit-bergedorf-wentorf\/\">aufsteigende Feuchtigkeit Bergedorf Wentorf<\/a>, <a href=\"https:\/\/bautenschutz-keul.de\/angebote\/feuchtigkeitsschaden-reppenstedt\/\">Feuchtigkeitsschaden Reppenstedt<\/a>, <a href=\"https:\/\/bautenschutz-keul.de\/angebote\/kellerabdichtung-geesthacht\/\">Kellerabdichtung Geesthacht<\/a>, <a href=\"https:\/\/bautenschutz-keul.de\/angebote\/feuchte-mauer-bispingen\/\">Feuchte Mauer Bispingen<\/a>, <a href=\"https:\/\/bautenschutz-keul.de\/angebote\/rissverpressung-herzogtum-lauenburg\/\">Rissverpressung Herzogtum Lauenburg<\/a>, <a href=\"https:\/\/bautenschutz-keul.de\/angebote\/feuchte-mauer-stelle\/\">Feuchte Mauer Stelle<\/a>, <a href=\"https:\/\/bautenschutz-keul.de\/angebote\/aussenabdichtung-bispingen\/\">Au\u00dfenabdichtung Bispingen<\/a>, <a href=\"https:\/\/bautenschutz-keul.de\/angebote\/innenabdichtung-reppenstedt\/\">Innenabdichtung Reppenstedt<\/a>, <a href=\"https:\/\/bautenschutz-keul.de\/angebote\/schimmel-boizenburg\/\">Schimmel Boizenburg<\/a>, <a href=\"https:\/\/bautenschutz-keul.de\/angebote\/schimmelsanierung-bispingen\/\">Schimmelsanierung Bispingen<\/a>, <a href=\"https:\/\/bautenschutz-keul.de\/angebote\/feuchtigkeitsschaden-brietlingen\/\">Feuchtigkeitsschaden Brietlingen<\/a>, <a href=\"https:\/\/bautenschutz-keul.de\/angebote\/zerstoerter-putz-stelle\/\">zerst\u00f6rter Putz Stelle<\/a>, <a href=\"https:\/\/bautenschutz-keul.de\/angebote\/feuchtigkeit-reppenstedt\/\">Feuchtigkeit Reppenstedt<\/a>, <a href=\"https:\/\/bautenschutz-keul.de\/angebote\/horizontalsperre-reppenstedt\/\">Horizontalsperre Reppenstedt<\/a>, <a href=\"https:\/\/bautenschutz-keul.de\/angebote\/feuchtigkeit-boizenburg\/\">Feuchtigkeit Boizenburg<\/a>, <a href=\"https:\/\/bautenschutz-keul.de\/angebote\/feuchte-wand-reppenstedt\/\">Feuchte Wand Reppenstedt<\/a>, <a href=\"https:\/\/bautenschutz-keul.de\/angebote\/kellertrockenlegung-boizenburg\/\">Kellertrockenlegung Boizenburg<\/a>, <a href=\"https:\/\/bautenschutz-keul.de\/angebote\/feuchtigkeit-harburg\/\">Feuchtigkeit Harburg<\/a>, <a href=\"https:\/\/bautenschutz-keul.de\/angebote\/zerstoerter-putz-reppenstedt\/\">zerst\u00f6rter Putz Reppenstedt<\/a>, <a href=\"https:\/\/bautenschutz-keul.de\/angebote\/innenabdichtung-bispingen\/\">Innenabdichtung Bispingen<\/a>, <a href=\"https:\/\/bautenschutz-keul.de\/angebote\/kellersanierung-bergedorf-wentorf\/\">Kellersanierung Bergedorf Wentorf<\/a>, <a href=\"https:\/\/bautenschutz-keul.de\/angebote\/bauwerksabdichtung-stelle\/\">Bauwerksabdichtung Stelle<\/a>, <a href=\"https:\/\/bautenschutz-keul.de\/angebote\/schimmelbeseitigung-bergedorf-wentorf\/\">Schimmelbeseitigung Bergedorf Wentorf<\/a>, <a href=\"https:\/\/bautenschutz-keul.de\/angebote\/schimmel-buechen\/\">Schimmel B\u00fcchen<\/a>, <a href=\"https:\/\/bautenschutz-keul.de\/angebote\/feuchte-wand-buchholz-in-der-nordheide\/\">Feuchte Wand Buchholz in der Nordheide<\/a>, <a href=\"https:\/\/bautenschutz-keul.de\/angebote\/feuchter-keller-harburg\/\">Feuchter Keller Harburg<\/a>"},"_links":{"self":[{"href":"https:\/\/bautenschutz-keul.de\/angebote\/wp-json\/wp\/v2\/pages\/164","targetHints":{"allow":["GET"]}}],"collection":[{"href":"https:\/\/bautenschutz-keul.de\/angebote\/wp-json\/wp\/v2\/pages"}],"about":[{"href":"https:\/\/bautenschutz-keul.de\/angebote\/wp-json\/wp\/v2\/types\/page"}],"author":[{"embeddable":true,"href":"https:\/\/bautenschutz-keul.de\/angebote\/wp-json\/wp\/v2\/users\/1"}],"replies":[{"embeddable":true,"href":"https:\/\/bautenschutz-keul.de\/angebote\/wp-json\/wp\/v2\/comments?post=164"}],"version-history":[{"count":0,"href":"https:\/\/bautenschutz-keul.de\/angebote\/wp-json\/wp\/v2\/pages\/164\/revisions"}],"wp:attachment":[{"href":"https:\/\/bautenschutz-keul.de\/angebote\/wp-json\/wp\/v2\/media?parent=164"}],"curies":[{"name":"wp","href":"https:\/\/api.w.org\/{rel}","templated":true}]}}