{"id":165,"date":"2021-09-13T08:43:32","date_gmt":"2021-09-13T06:43:32","guid":{"rendered":"https:\/\/bautenschutz-keul.de\/angebote\/feuchte-mauer-herzogtum-lauenburg\/"},"modified":"2021-09-13T08:43:32","modified_gmt":"2021-09-13T06:43:32","slug":"feuchte-mauer-herzogtum-lauenburg","status":"publish","type":"page","link":"https:\/\/bautenschutz-keul.de\/angebote\/feuchte-mauer-herzogtum-lauenburg\/","title":{"rendered":"Feuchte Mauer &#8211; Herzogtum Lauenburg"},"content":{"rendered":"<h3>Feuchte Mauer: Unser Unternehmen k\u00fcmmert sich darum!<\/h3>\n<p>Eine feuchte Mauer k\u00f6nnte zu einem bedrohlichen Thema werden. Hausbesitzer sind daher gut beraten, sich umf\u00e4nglich \u00fcber Sanierungsm\u00f6glichkeiten<br \/>\nzu informieren, wenn sie feuchte Stellen in ihren eigenen vier W\u00e4nden entdeckt haben. Zeitig bemerkt, muss eine feuchte Mauer nicht immer erhebliche und zeitintensive Reparaturarbeiten nach sich ziehen. Eine feuchte Mauer kann durchaus negative Einfl\u00fcsse auf Wohlbefinden und Gesundheit der Bewohner haben. Schimmelentstehung und Sporenbildung sind oft die Ursache f\u00fcr gesundheitliche Beeintr\u00e4chtigungen. Ein Grund mehr, der feuchten Mauer den Kampf anzusagen. <\/p>\n<h3>Sie ben\u00f6tigen Hilfe gegen eine feuchte Mauer? Dann rufen Sie uns bitte an!<\/h3>\n<p>Ohne die genaue Bestandsaufnahme, l\u00e4sst sich eine feuchte Mauer nicht ernsthaft anhaltend instandsetzen. Die Ursache gibt letztendlich die Richtung vor. M\u00f6gliche Ursachen gibt es viele. Oftmals liegt die Ursache f\u00fcr eine feuchte Mauer in einer nur mangelhaften Hinterl\u00fcftung. Auch defekte Rohre k\u00f6nnen die Ursache daf\u00fcr sein, dass eine feuchte Mauer sich abzeichnet. Solche Ursachen sind \u00fcblicherweise rasch erledigt. Deutlich schwieriger wird es, wenn diagnostiziert wird, dass die Feuchtigkeit von au\u00dfen in den Keller sickert. Ein gestiegener Wasserspiegel f\u00fchrt zum Beispiel dazu, dass N\u00e4sse in das Mauerwerk eindringt. Auch Bauwerke mit Hanglage sind gef\u00e4hrdet f\u00fcr eindringende Feuchtigkeit. In solchen F\u00e4llen kann es schon sein, dass h\u00e4rtere Gesch\u00fctze f\u00fcr eine erfolgreiche Instandsetzung aufgefahren werden m\u00fcssen. Aber auch dann ist eine feuchte Mauer kein unvermeidliches Schicksal.<\/p>\n","protected":false},"excerpt":{"rendered":"<p>Feuchte Mauer: Unser Unternehmen k\u00fcmmert sich darum! Eine feuchte Mauer k\u00f6nnte zu einem bedrohlichen Thema werden. Hausbesitzer sind daher gut beraten, sich umf\u00e4nglich \u00fcber Sanierungsm\u00f6glichkeiten zu informieren, wenn sie feuchte Stellen in ihren eigenen vier W\u00e4nden entdeckt haben. Zeitig bemerkt, muss eine feuchte Mauer nicht immer erhebliche und zeitintensive Reparaturarbeiten nach sich ziehen. Eine feuchte [&hellip;]<\/p>\n","protected":false},"author":1,"featured_media":0,"parent":0,"menu_order":0,"comment_status":"closed","ping_status":"closed","template":"","meta":{"footnotes":""},"class_list":["post-165","page","type-page","status-publish","hentry"],"meta_box":{"popseo_subtitel":"Feuchte Mauer: Wir sind Ihr Fachanbieter im Raum Herzogtum Lauenburg","popseo_subtitel2":"Feuchte Mauer - Sanierung f\u00fcr Immobilienbesitzer aus Norddeutschland","popseo_lasttitel":"Feuchte Mauer: Treten Sie in Kontakt mit uns!","popseo_region":"Herzogtum Lauenburg","popseo_sachwort":"Feuchte Mauer","popseo_noupdate":"","popseo_einleitungstext":"<p>Mauern, W\u00e4nde oder Kellerr\u00e4ume Ihres Wohn- oder Gesch\u00e4ftsgeb\u00e4udes weisen einen Feuchtigkeitsschaden und damit einen echten Sanierungbedarf auf. Dann ist es h\u00f6chste Eisenbahn, sich \u00fcber eine sachgerechte Trocknung Gedanken zu machen. Unser Handwerksbetrieb ist auf die Bauwerksabdichtung spezialisiert. Zu den Schwerpunkten unserer Firma geh\u00f6ren zum Beispiel die Bereiche Schimmelbeseitigung, Mauertrockenlegung und Kellerabdichtung. Der nachhaltigen Sanierung haben wir uns verschrieben. Wir beraten qualifiziert, wie Sie Ihr Geb\u00e4ude preisg\u00fcnstig und umweltgerecht sanieren k\u00f6nnen. Ein paar erste Informationen hierzu lesen Sie nachfolgend auf diesen Seiten.<\/p>","popseo_schlusstext":"<p>Sie ben\u00f6tigen einen Experten f\u00fcr die sachgerechte Umsetzung der Innen- und Au\u00dfenabdichtung. Dann melden Sie sich am besten noch heute bei uns. Wir freuen uns auf das Gespr\u00e4ch mit Ihnen. Wenn es um Sanierung geht, sind wir Ihr verl\u00e4sslicher Handwerkspartner. Wir sorgen f\u00fcr eine einwandfrei ausgef\u00fchrte Arbeit nach dem immer derzeitigen Stand der Technik.<\/p>","popseo_stadttext":"<h3>Der Kreis Herzogtum Lauenburg<\/h3>\n<p>Durch unsere Vertriebst\u00e4tigkeit haben wir uns einen ausgezeichneten \u00dcberblick \u00fcber die Architektur der St\u00e4dte und Gemeinden unseres Einzugsbereiches erarbeiten k\u00f6nnen. Nat\u00fcrlich geh\u00f6rt auch der Landkreis Herzogtum Lauenburg zu unserem unmittelbaren Vertriebsgebiet. Wir freuen uns darauf, mit Ihnen ins Gespr\u00e4ch zu kommen. <\/p>\n<h3>Interessante Fakten zum Kreis Herzogtum Lauenburg<\/h3>\n<p>Der Landkreis Herzogtum Lauenburg zieht sich \u00fcber circa 1200 qkm und ist Heimat von circa 190.000 B\u00fcrgern. Die gr\u00f6\u00dfen St\u00e4dte im Landkreis Herzogtum Lauenburg sind neben der Kreisstadt Lauenburg die Orte Ratzeburg, M\u00f6lln sowie Geesthacht. <\/p>\n<p>Das Kreisgebiet von Herzogtum Lauenburg geh\u00f6rt zum Gro\u00dfraum Hamburg. Der schleswig-holsteinische Landkreis ist verkehrstechnisch gut angebunden, was sich auch daran zeigt, dass die eher l\u00e4ndliche Region dem Hamburger Verkehrsverbund (HVV) angeschlossen ist. Mit dem Kfz kommt man \u00fcber die Bundesautobahnen A1, A24 sowie A25 in den Landkreis Herzogtum Lauenburg. Die deutsche Bahn f\u00e4hrt den Landkreis Herzogtum Lauenburg zum Beispiel \u00fcber die Strecken von und nach Schwarzenbek, Ratzeburg als auch M\u00f6lln an.<\/p>\n<h3>Herzogtum Lauenburg: Attraktiver Lebensmittelpunktr!<\/h3>\n<p>Der Landkreis Herzogtum Lauenburg ist au\u00dferordentlich beliebt bei Berufspendlern. Wer in der Metropole Hamburg seinen Arbeitgeber hat, gelangt in seine Wohnst\u00e4tte im Kreis Herzogtum Lauenburg meistens in weniger als 45 min. Arbeiten in der Metropole, wohnen auf dem Lande: Ein Weg, der speziell f\u00fcr heutige Familien optimal ist. <\/p>\n<p>Der Landkreis Herzogtum Lauenburg zeichnet sich durch einen hohen Wohnwert und eine besondere Lebensqualit\u00e4t aus. Das Kreisgebiet verf\u00fcgt \u00fcber wunderbare Naturgebiete, die sich ideal zu Fu\u00df oder bei einer Radtour erobern lassen.<\/p>\n<h4>Privat- und Gesch\u00e4ftskunden aus dem Kreis Herzogtum Lauenburg sch\u00e4tzen unsere Leistungen!<\/h4>\n<p>Wir finden es klasse, dass Sie unsere Internetseite entdeckt haben. Ob Geesthacht, M\u00f6lln oder Ratzeburg: Unsere Erfahrung und die Qualit\u00e4t von Material und Ausf\u00fchrung garantiert Ihnen ein sehr gutes Preis-Leistungsverh\u00e4ltnis. Sie m\u00f6chten mehr \u00fcber uns erfahren? F\u00fcr R\u00fcckfragen stehen wir Ihnen jederzeit zur Verf\u00fcgung. Auf den Kontakt zu Ihnen freuen wir uns.<\/p>","popseo_zusatztext":"<h3>Erstklassiges Abdichten ist uns wichtig<\/h3>\n<p>Sie haben einen Feuchteschaden entdeckt und m\u00fcssen die entsprechenden Mauerbereiche nun schnellstm\u00f6glich abdichten. Gut, dass Sie uns entdeckt haben! Als erfahrenes Fachunternehmen der Bauwirtschaft kennen wir uns sehr gut aus mit dem Abdichten von W\u00e4nden, Kellern oder Mauern.  <\/p>\n<p>Feuchtigkeitssch\u00e4den sind unser Gesch\u00e4ft: F\u00fcr unsere Firma geh\u00f6rt das Abdichten von Kellern, Mauern oder W\u00e4nden zur allt\u00e4glichen Arbeit. Wir gehen der Ursache f\u00fcr den Feuchtigkeitseintritt gr\u00fcndlich auf den Grund. Vor dem eigentlichen Abdichten muss als Erstes die Ursachenfindung stehen. Erst wenn man den richtigen Grund f\u00fcr eine Durchfeuchtung gefunden hat, kann man mit dem Abdichten anfangen. Die Bestandsaufnahme gibt die Marschrichtung vor, den das Abdichten eines Bauk\u00f6rpers beinhalten muss.  <\/p>\n<h4>Abdichten: Schnelle Hilfe durch den Fachbetrieb!<\/h4>\n<p>Warten Sie bitte nicht und verabreden Sie gleich jetzt einen Vor-Ort-Termin mit einem unserer routinierten Fachkr\u00e4fte. Ein kurzer Telefonanruf oder eine kurze eMail reichen! Bei einer Begutachtung direkt am betroffenen Objekt, nehmen wir den Schaden auf und erstellen anschlie\u00dfend ein Konzept f\u00fcr das nachhaltige Abdichten der betroffenen Stellen. Unsere Arbeit ist stets zweckbezogen: Selbstverst\u00e4ndlich flie\u00dfen auch wirtschaftliche Aspekte in unsere Entscheidungsfindung f\u00fcr das Abdichten Ihres Geb\u00e4udes mit ein. Komplett aus einer Hand: Unsere engagierten Fachkr\u00e4fte f\u00fchren s\u00e4mtliche notwendigen Arbeiten, die zum Abdichten dazugeh\u00f6ren zeitnah und verl\u00e4sslich aus. Schon seit langer Zeit ist unser Haus f\u00fcr eine hohe Fachkompetenz bekannt. Eine unserer Schwerpunkte liegt im Abdichten von Gesch\u00e4fts- und Wohngeb\u00e4uden. Setzen Sie auf Kompetenz und beauftragen Sie uns f\u00fcr das Abdichten von neuralgischen Stellen im Mauerwerk. Wir freuen uns darauf, auch Ihnen helfen zu k\u00f6nnen.<\/p>","popseo_links":"<a href=\"https:\/\/bautenschutz-keul.de\/angebote\/innenabdichtung-bienenbuettel\/\">Innenabdichtung Bienenb\u00fcttel<\/a>, <a href=\"https:\/\/bautenschutz-keul.de\/angebote\/kellersanierung-bergedorf-wentorf\/\">Kellersanierung Bergedorf Wentorf<\/a>, <a href=\"https:\/\/bautenschutz-keul.de\/angebote\/kellersanierung-hanstedt\/\">Kellersanierung Hanstedt<\/a>, <a href=\"https:\/\/bautenschutz-keul.de\/angebote\/horizontalsperre-amelinghausen\/\">Horizontalsperre Amelinghausen<\/a>, <a href=\"https:\/\/bautenschutz-keul.de\/angebote\/schimmelsanierung-hanstedt\/\">Schimmelsanierung Hanstedt<\/a>, <a href=\"https:\/\/bautenschutz-keul.de\/angebote\/bauwerksabdichtung-bienenbuettel\/\">Bauwerksabdichtung Bienenb\u00fcttel<\/a>, <a href=\"https:\/\/bautenschutz-keul.de\/angebote\/salpeter-im-keller-geesthacht\/\">Salpeter im Keller Geesthacht<\/a>, <a href=\"https:\/\/bautenschutz-keul.de\/angebote\/feuchte-mauer-bispingen\/\">Feuchte Mauer Bispingen<\/a>, <a href=\"https:\/\/bautenschutz-keul.de\/angebote\/aufsteigende-feuchtigkeit-amelinghausen\/\">aufsteigende Feuchtigkeit Amelinghausen<\/a>, <a href=\"https:\/\/bautenschutz-keul.de\/angebote\/feuchter-keller-boizenburg\/\">Feuchter Keller Boizenburg<\/a>, <a href=\"https:\/\/bautenschutz-keul.de\/angebote\/feuchter-keller-brietlingen\/\">Feuchter Keller Brietlingen<\/a>, <a href=\"https:\/\/bautenschutz-keul.de\/angebote\/feuchtigkeitsschaden-reinbek-aumuehle\/\">Feuchtigkeitsschaden Reinbek Aum\u00fchle<\/a>, <a href=\"https:\/\/bautenschutz-keul.de\/angebote\/feuchter-keller-uelzen\/\">Feuchter Keller Uelzen<\/a>, <a href=\"https:\/\/bautenschutz-keul.de\/angebote\/aussenabdichtung-stelle\/\">Au\u00dfenabdichtung Stelle<\/a>, <a href=\"https:\/\/bautenschutz-keul.de\/angebote\/feuchtigkeit-brietlingen\/\">Feuchtigkeit Brietlingen<\/a>, <a href=\"https:\/\/bautenschutz-keul.de\/angebote\/schimmelbeseitigung-uelzen\/\">Schimmelbeseitigung Uelzen<\/a>, <a href=\"https:\/\/bautenschutz-keul.de\/angebote\/kellersanierung-bienenbuettel\/\">Kellersanierung Bienenb\u00fcttel<\/a>, <a href=\"https:\/\/bautenschutz-keul.de\/angebote\/schimmelbeseitigung-maschen\/\">Schimmelbeseitigung Maschen<\/a>, <a href=\"https:\/\/bautenschutz-keul.de\/angebote\/feuchte-mauer-harburg\/\">Feuchte Mauer Harburg<\/a>, <a href=\"https:\/\/bautenschutz-keul.de\/angebote\/schimmelsanierung-glinde-sachsenwald\/\">Schimmelsanierung Glinde Sachsenwald<\/a>, <a href=\"https:\/\/bautenschutz-keul.de\/angebote\/bauwerksabdichtung-brietlingen\/\">Bauwerksabdichtung Brietlingen<\/a>, <a href=\"https:\/\/bautenschutz-keul.de\/angebote\/feuchtigkeit-tostedt-sittensen\/\">Feuchtigkeit Tostedt Sittensen<\/a>, <a href=\"https:\/\/bautenschutz-keul.de\/angebote\/rissverpressung-bardowick\/\">Rissverpressung Bardowick<\/a>, <a href=\"https:\/\/bautenschutz-keul.de\/angebote\/feuchte-mauer-reppenstedt\/\">Feuchte Mauer Reppenstedt<\/a>, <a href=\"https:\/\/bautenschutz-keul.de\/angebote\/feuchte-wand-lueneburg\/\">Feuchte Wand L\u00fcneburg<\/a>, <a href=\"https:\/\/bautenschutz-keul.de\/angebote\/bauwerksabdichtung-tostedt-sittensen\/\">Bauwerksabdichtung Tostedt Sittensen<\/a>, <a href=\"https:\/\/bautenschutz-keul.de\/angebote\/schimmelsanierung-brietlingen\/\">Schimmelsanierung Brietlingen<\/a>, <a href=\"https:\/\/bautenschutz-keul.de\/angebote\/schimmel-maschen\/\">Schimmel Maschen<\/a>, <a href=\"https:\/\/bautenschutz-keul.de\/angebote\/schimmelsanierung-amt-neuhaus\/\">Schimmelsanierung Amt Neuhaus<\/a>, <a href=\"https:\/\/bautenschutz-keul.de\/angebote\/aufsteigende-feuchtigkeit-tostedt-sittensen\/\">aufsteigende Feuchtigkeit Tostedt Sittensen<\/a>"},"_links":{"self":[{"href":"https:\/\/bautenschutz-keul.de\/angebote\/wp-json\/wp\/v2\/pages\/165","targetHints":{"allow":["GET"]}}],"collection":[{"href":"https:\/\/bautenschutz-keul.de\/angebote\/wp-json\/wp\/v2\/pages"}],"about":[{"href":"https:\/\/bautenschutz-keul.de\/angebote\/wp-json\/wp\/v2\/types\/page"}],"author":[{"embeddable":true,"href":"https:\/\/bautenschutz-keul.de\/angebote\/wp-json\/wp\/v2\/users\/1"}],"replies":[{"embeddable":true,"href":"https:\/\/bautenschutz-keul.de\/angebote\/wp-json\/wp\/v2\/comments?post=165"}],"version-history":[{"count":0,"href":"https:\/\/bautenschutz-keul.de\/angebote\/wp-json\/wp\/v2\/pages\/165\/revisions"}],"wp:attachment":[{"href":"https:\/\/bautenschutz-keul.de\/angebote\/wp-json\/wp\/v2\/media?parent=165"}],"curies":[{"name":"wp","href":"https:\/\/api.w.org\/{rel}","templated":true}]}}