{"id":166,"date":"2021-09-13T08:43:32","date_gmt":"2021-09-13T06:43:32","guid":{"rendered":"https:\/\/bautenschutz-keul.de\/angebote\/feuchte-mauer-jesteburg\/"},"modified":"2021-09-13T08:43:32","modified_gmt":"2021-09-13T06:43:32","slug":"feuchte-mauer-jesteburg","status":"publish","type":"page","link":"https:\/\/bautenschutz-keul.de\/angebote\/feuchte-mauer-jesteburg\/","title":{"rendered":"Feuchte Mauer &#8211; Jesteburg"},"content":{"rendered":"<h3>Fragen Sie den Fachbetrieb zur Sanierung einer feuchten Mauer!<\/h3>\n<p>Eine feuchte Mauer kann zu einem ernsten Thema werden. Geb\u00e4udeeigent\u00fcmer sind entsprechend sehr gut beraten, sich umfassend \u00fcber Sanierungsm\u00f6glichkeiten<br \/>\nkundig zu machen, wenn sie durchfeuchtete Bereiche in ihren eigenen vier W\u00e4nden lokalisiert haben. Rechtzeitig gefunden, muss eine feuchte Mauer nicht zwangsl\u00e4ufig aufw\u00e4ndige und zeitintensive Instandsetzungsarbeiten nach sich ziehen. Eine feuchte Mauer kann durchaus negative Auswirkungen auf Wohlsein und Gesundheit der Hausbesitzer haben. Schimmelbildung und Sporenablagerungen sind meistens der Grund f\u00fcr gesundheitliche Beeintr\u00e4chtigungen. Ein Grund mehr, der feuchten Mauer den Kampf anzusagen. <\/p>\n<h3>Feuchte Mauer: Fragen Sie den Sanierungsprofi!<\/h3>\n<p>Ohne die genaue Analyse, l\u00e4sst sich eine feuchte Mauer nicht ernsthaft nachhaltig instandsetzen. Der Grund gibt letztlich die Marschrichtung vor. M\u00f6gliche Gr\u00fcnde gibt es viele. Oftmals liegt der Grund f\u00fcr eine feuchte Mauer in einer nur unzureichenden Frischluftzufuhr. Auch kaputte Abflussleitungen k\u00f6nnen die Ursache daf\u00fcr sein, dass eine feuchte Mauer sich abzeichnet. Derlei Ursachen sind normalerweise rasch behoben. Deutlich aufw\u00e4ndiger wird es, wenn festgestellt wird, dass die Feuchtigkeit von drau\u00dfen in den Keller dringt. Ein hoher Wasserspiegel f\u00fchrt z.B. dazu, dass N\u00e4sse in das Mauerwerk eindringt. Auch H\u00e4user mit Hanglage sind in Gefahr f\u00fcr einsickernde N\u00e4sse. In solchen F\u00e4llen kann es schon sein, dass gr\u00f6\u00dfere Gesch\u00fctze f\u00fcr eine nachhaltige Instandsetzung ergriffen werden m\u00fcssen. Aber auch in dem Fall ist eine feuchte Mauer kein unvermeidliches Schicksal.<\/p>\n","protected":false},"excerpt":{"rendered":"<p>Fragen Sie den Fachbetrieb zur Sanierung einer feuchten Mauer! Eine feuchte Mauer kann zu einem ernsten Thema werden. Geb\u00e4udeeigent\u00fcmer sind entsprechend sehr gut beraten, sich umfassend \u00fcber Sanierungsm\u00f6glichkeiten kundig zu machen, wenn sie durchfeuchtete Bereiche in ihren eigenen vier W\u00e4nden lokalisiert haben. Rechtzeitig gefunden, muss eine feuchte Mauer nicht zwangsl\u00e4ufig aufw\u00e4ndige und zeitintensive Instandsetzungsarbeiten nach [&hellip;]<\/p>\n","protected":false},"author":1,"featured_media":0,"parent":0,"menu_order":0,"comment_status":"closed","ping_status":"closed","template":"","meta":{"footnotes":""},"class_list":["post-166","page","type-page","status-publish","hentry"],"meta_box":{"popseo_subtitel":"Feuchte Mauer: Wir sind Ihr Fachanbieter in Jesteburg","popseo_subtitel2":"Feuchte Mauer - Sanierung durch die Experten unserer Firma","popseo_lasttitel":"Feuchte Mauer: F\u00fcr weitere Informationen sprechen Sie uns bitte an","popseo_region":"Jesteburg","popseo_sachwort":"Feuchte Mauer","popseo_noupdate":"","popseo_einleitungstext":"<p>Sie haben sich mit der Bauwerksabdichtung besch\u00e4ftigt, weil Ihr Wohn- oder Gesch\u00e4ftshaus feuchte Geb\u00e4udeteile aufweist und Sie nach M\u00f6glichkeiten einer professionellen und vor allem wirksamen Sanierung Ausschau halten. Sch\u00f6n, dass Sie unsere Website besuchen. Nachfolgend d\u00fcrfen wir Ihnen n\u00e4here Informationen zu unserem Leistungsspektrum geben. Sie lernen auf dieser Website unsere Firma etwas n\u00e4her kennen. <\/p>\n<p>Unser Unternehmen ist ein versierter und erfahrener Fachbetrieb mit Sitz in Brietlingen bei L\u00fcneburg. Bereits seit vielen Jahren sind wir Ihr Spezialist f\u00fcr alle Fragen rund um Geb\u00e4udeabdichtung. Wir setzen ausschlie\u00dflich effektive und praxisbew\u00e4hrte Sanierungssysteme und -methoden ein. Als Fachbetrieb f\u00fcr Abdichtung und Sanierung schauen wir auf eine lange Berufserfahrung zur\u00fcck. Unsere freundlichen Fachleute informieren Sie mit Vergn\u00fcgen im Detail.<\/p>","popseo_schlusstext":"<p>Sie suchen einen Fachpartner f\u00fcr die Bauwerksabdichtung. Super, dass unser Angebot Ihre Aufmerksamkeit gefunden hat. Worauf Sie neben unserem fachlichen Know-how setzen d\u00fcrfen: Unsere Handwerksexperten sind mit Elan und dem notwendigen Schwung f\u00fcr Ihren Erfolg t\u00e4tig. Wir freuen uns sehr, wenn wir Sie in einem unverbindlichen Beratungsgespr\u00e4ch \u00fcber die vielen M\u00f6glichkeiten, die sich Ihnen bieten, informieren d\u00fcrfen. Rufen Sie uns gerne einmal an oder schreiben Sie uns eine schnelle E-Mail. Wir freuen uns auf Sie!<\/p>","popseo_stadttext":"<h3>F\u00fcr Sie da in Jesteburg<\/h3>\n<p>Durch unsere Gesch\u00e4ftst\u00e4tigkeit haben wir uns einen ausgezeichneten \u00dcberblick \u00fcber die Architektur der Gemeinden und St\u00e4dte unseres Einzugsbereiches erarbeiten k\u00f6nnen. Selbstverst\u00e4ndlich z\u00e4hlt auch Jesteburg zu unserem unmittelbaren Gesch\u00e4ftsgebiet. Wir freuen uns darauf, mit Ihnen in Kontakt zu kommen. <\/p>\n<h3>Interessante Fakten zu Jesteburg<\/h3>\n<p>Jesteburg liegt im Norden von Niedersachsen und ist zirka 30 Kilometer von von der Metropole Hamburg entfernt. Auf einer Gesamtfl\u00e4che von ca. 28 qkm leben etwa 8.000 Einwohner. Formell z\u00e4hlt Jesteburg zum Landkreis Harburg. Gerade einmal 10 Kilometer von Jesteburg entfernt beginnt die L\u00fcneburger Heide, ein nach wie vor wunderbarer Naturpark. Jesteburg hat zusammen vier Gemeindeteile: Itzenb\u00fcttel, Reindorfer Osterberg, L\u00fcllau und Wiedenhof. Pendler bewerten an Jesteburg ganz besonders die hervorragende Lage positiv. Wer seinen Arbeitsplatz z.B. in der Freien und Hansestadt Hamburg hat, genie\u00dft sowohl die N\u00e4he zur Metropole als auch das \u00fcberschaubare Leben im \"Speckg\u00fcrtel\". Jesteburg ist ohne Wenn und Aber ein wunderbarer Ort zum Leben. \u00dcber die Stadtmauern hinaus bekannt ist Jesteburg durch die alle 12 Monate stattfindende Kunstwoche Jesteburg. An die 60 K\u00fcnstler stellen auf dem renommierten Kunstevent ihre Werke aus. In der Kunstst\u00e4tte Bossard werden des Weiteren Kunstwerke aus den Genres Bildhauerei, Architektur und Malerei pr\u00e4sentiert. <\/p>\n<h4>Unsere Leistung f\u00fcr qualit\u00e4tsbewusste Kunden aus Jesteburg<\/h4>\n<p>Sie interessieren sich f\u00fcr unser Leistungsangebot und sind hier im Internet auf unsere Homepage gesto\u00dfen? Das freut uns sehr. Gerne pr\u00e4sentieren wir Ihnen unser gesamtes Leistungsspektrum und beantworten Ihre Fragen. Auf den Kontakt zu Ihnen freuen wir uns.<\/p>","popseo_zusatztext":"<h3>Abdichten: Auf die Wirksamkeit k\u00f6nnen Sie sich verlassen<\/h3>\n<p>Sie haben einen Feuchteschaden entdeckt und m\u00fcssen die entsprechenden W\u00e4nde nun schnellstens abdichten. Gut, dass Sie uns entdeckt haben! Als erfahrenes Fachunternehmen der Bauwirtschaft kennen wir uns bestens aus mit dem Abdichten von Mauern, W\u00e4nden oder Kellern.  <\/p>\n<p>N\u00e4ssesch\u00e4den sind unser Metier: F\u00fcr unsere Firma geh\u00f6rt das Abdichten von Mauern, Kellern oder W\u00e4nden zur allt\u00e4glichen Arbeit. Wir gehen der Ursache f\u00fcr den Feuchtigkeitseintritt sorgf\u00e4ltig auf den Grund. Vor dem eigentlichen Abdichten muss allerdings die Ursachenfindung stehen. Erst wenn man den konkreten Grund f\u00fcr die Durchfeuchtung ermittelt hat, kann man mit dem Abdichten starten. Die Begutachtung gibt die Marschrichtung vor, den das Abdichten eines Bauk\u00f6rpers beinhalten muss.  <\/p>\n<h4>Abdichten: Unsere Mitarbeiter stehen f\u00fcr Sie bereit!<\/h4>\n<p>Z\u00f6gern Sie bitte nicht und vereinbaren Sie gleich einen Vor-Ort-Termin mit einem unserer routinierten Angestellten. Ein kurzer Telefonanruf oder auch eine kurze E-Mail reichen! Bei einer Begutachtung direkt am gesch\u00e4digten Objekt, nehmen wir den Schaden auf und erarbeiten anschlie\u00dfend ein Konzept f\u00fcr das nachhaltige Abdichten der entsprechenden Stellen. Unsere Arbeit ist immer zweckorientiert: Nat\u00fcrlich flie\u00dfen auch wirtschaftliche Aspekte in unsere Entscheidungsfindung f\u00fcr das Abdichten Ihres Hauses mit ein. Komplett aus einer Hand: Unsere dynamischen Mitarbeiter f\u00fchren alle erforderlichen T\u00e4tigkeiten, die zum Abdichten erforderlich sind umgehend und verl\u00e4sslich aus. Bereits seit langer Zeit ist unser Unternehmen f\u00fcr eine hohe Fachkompetenz bekannt. Eine unserer Kernkompetenzen liegt im Abdichten von Gesch\u00e4fts- und Wohngeb\u00e4uden. Setzen Sie auf Fachkompetenz und beauftragen Sie unsere Firma f\u00fcr das Abdichten von neuralgischen Bereichen im Mauerwerk. Wir freuen uns darauf, auch Ihnen helfen zu d\u00fcrfen.<\/p>","popseo_links":"<a href=\"https:\/\/bautenschutz-keul.de\/angebote\/mauertrockenlegung-stelle\/\">Mauertrockenlegung Stelle<\/a>, <a href=\"https:\/\/bautenschutz-keul.de\/angebote\/kellertrockenlegung-reinbek-aumuehle\/\">Kellertrockenlegung Reinbek Aum\u00fchle<\/a>, <a href=\"https:\/\/bautenschutz-keul.de\/angebote\/kellersanierung-seevetal-rosengarten\/\">Kellersanierung Seevetal Rosengarten<\/a>, <a href=\"https:\/\/bautenschutz-keul.de\/angebote\/schimmel-bad-bevensen\/\">Schimmel Bad Bevensen<\/a>, <a href=\"https:\/\/bautenschutz-keul.de\/angebote\/bauwerksabdichtung-schwarzenbek\/\">Bauwerksabdichtung Schwarzenbek<\/a>, <a href=\"https:\/\/bautenschutz-keul.de\/angebote\/zerstoerter-putz-uelzen\/\">zerst\u00f6rter Putz Uelzen<\/a>, <a href=\"https:\/\/bautenschutz-keul.de\/angebote\/schimmelsanierung-harburg\/\">Schimmelsanierung Harburg<\/a>, <a href=\"https:\/\/bautenschutz-keul.de\/angebote\/feuchtigkeit-adendorf\/\">Feuchtigkeit Adendorf<\/a>, <a href=\"https:\/\/bautenschutz-keul.de\/angebote\/mauertrockenlegung-geesthacht\/\">Mauertrockenlegung Geesthacht<\/a>, <a href=\"https:\/\/bautenschutz-keul.de\/angebote\/kellertrockenlegung-bergedorf-wentorf\/\">Kellertrockenlegung Bergedorf Wentorf<\/a>, <a href=\"https:\/\/bautenschutz-keul.de\/angebote\/aussenabdichtung-amt-neuhaus\/\">Au\u00dfenabdichtung Amt Neuhaus<\/a>, <a href=\"https:\/\/bautenschutz-keul.de\/angebote\/mauertrockenlegung-buechen\/\">Mauertrockenlegung B\u00fcchen<\/a>, <a href=\"https:\/\/bautenschutz-keul.de\/angebote\/kellertrockenlegung-salzhausen\/\">Kellertrockenlegung Salzhausen<\/a>, <a href=\"https:\/\/bautenschutz-keul.de\/angebote\/schimmelbeseitigung-bardowick\/\">Schimmelbeseitigung Bardowick<\/a>, <a href=\"https:\/\/bautenschutz-keul.de\/angebote\/innenabdichtung-amelinghausen\/\">Innenabdichtung Amelinghausen<\/a>, <a href=\"https:\/\/bautenschutz-keul.de\/angebote\/zerstoerter-putz-ebstorf\/\">zerst\u00f6rter Putz Ebstorf<\/a>, <a href=\"https:\/\/bautenschutz-keul.de\/angebote\/bauwerksabdichtung-hanstedt\/\">Bauwerksabdichtung Hanstedt<\/a>, <a href=\"https:\/\/bautenschutz-keul.de\/angebote\/schimmel-tostedt-sittensen\/\">Schimmel Tostedt Sittensen<\/a>, <a href=\"https:\/\/bautenschutz-keul.de\/angebote\/aufsteigende-feuchtigkeit-bergedorf-wentorf\/\">aufsteigende Feuchtigkeit Bergedorf Wentorf<\/a>, <a href=\"https:\/\/bautenschutz-keul.de\/angebote\/feuchter-keller-reinbek-aumuehle\/\">Feuchter Keller Reinbek Aum\u00fchle<\/a>, <a href=\"https:\/\/bautenschutz-keul.de\/angebote\/aufsteigende-feuchtigkeit-adendorf\/\">aufsteigende Feuchtigkeit Adendorf<\/a>, <a href=\"https:\/\/bautenschutz-keul.de\/angebote\/zerstoerter-putz-tostedt-sittensen\/\">zerst\u00f6rter Putz Tostedt Sittensen<\/a>, <a href=\"https:\/\/bautenschutz-keul.de\/angebote\/feuchtigkeitsschaden-herzogtum-lauenburg\/\">Feuchtigkeitsschaden Herzogtum Lauenburg<\/a>, <a href=\"https:\/\/bautenschutz-keul.de\/angebote\/feuchtigkeitsschaden-amt-neuhaus\/\">Feuchtigkeitsschaden Amt Neuhaus<\/a>, <a href=\"https:\/\/bautenschutz-keul.de\/angebote\/rissverpressung-uelzen\/\">Rissverpressung Uelzen<\/a>, <a href=\"https:\/\/bautenschutz-keul.de\/angebote\/feuchter-keller-harburg\/\">Feuchter Keller Harburg<\/a>, <a href=\"https:\/\/bautenschutz-keul.de\/angebote\/kellerabdichtung-adendorf\/\">Kellerabdichtung Adendorf<\/a>, <a href=\"https:\/\/bautenschutz-keul.de\/angebote\/schimmelsanierung-seevetal-rosengarten\/\">Schimmelsanierung Seevetal Rosengarten<\/a>, <a href=\"https:\/\/bautenschutz-keul.de\/angebote\/schimmelsanierung-schwarzenbek\/\">Schimmelsanierung Schwarzenbek<\/a>, <a href=\"https:\/\/bautenschutz-keul.de\/angebote\/schimmelsanierung-reinbek-aumuehle\/\">Schimmelsanierung Reinbek Aum\u00fchle<\/a>"},"_links":{"self":[{"href":"https:\/\/bautenschutz-keul.de\/angebote\/wp-json\/wp\/v2\/pages\/166","targetHints":{"allow":["GET"]}}],"collection":[{"href":"https:\/\/bautenschutz-keul.de\/angebote\/wp-json\/wp\/v2\/pages"}],"about":[{"href":"https:\/\/bautenschutz-keul.de\/angebote\/wp-json\/wp\/v2\/types\/page"}],"author":[{"embeddable":true,"href":"https:\/\/bautenschutz-keul.de\/angebote\/wp-json\/wp\/v2\/users\/1"}],"replies":[{"embeddable":true,"href":"https:\/\/bautenschutz-keul.de\/angebote\/wp-json\/wp\/v2\/comments?post=166"}],"version-history":[{"count":0,"href":"https:\/\/bautenschutz-keul.de\/angebote\/wp-json\/wp\/v2\/pages\/166\/revisions"}],"wp:attachment":[{"href":"https:\/\/bautenschutz-keul.de\/angebote\/wp-json\/wp\/v2\/media?parent=166"}],"curies":[{"name":"wp","href":"https:\/\/api.w.org\/{rel}","templated":true}]}}