{"id":167,"date":"2021-09-13T08:43:32","date_gmt":"2021-09-13T06:43:32","guid":{"rendered":"https:\/\/bautenschutz-keul.de\/angebote\/feuchte-mauer-lueneburg\/"},"modified":"2021-09-13T08:43:32","modified_gmt":"2021-09-13T06:43:32","slug":"feuchte-mauer-lueneburg","status":"publish","type":"page","link":"https:\/\/bautenschutz-keul.de\/angebote\/feuchte-mauer-lueneburg\/","title":{"rendered":"Feuchte Mauer &#8211; L\u00fcneburg"},"content":{"rendered":"<h3>Feuchte Mauer: Wir sanieren kompetent und schnell!<\/h3>\n<p>Eine feuchte Mauer k\u00f6nnte zu einem ernsthaften Problem werden. Hausbesitzer sind diesbez\u00fcglich sehr gut beraten, sich umfangreich \u00fcber Sanierungsma\u00dfnahmen<br \/>\nschlau zu machen, falls sie durchn\u00e4sste Bereiche in ihren R\u00e4umlichkeiten gefunden haben. Rechtzeitig gefunden, muss eine feuchte Mauer nicht zwangsl\u00e4ufig schwerwiegende und zeitintensive Instandsetzungsarbeiten zur Folge haben. Eine feuchte Mauer kann jedoch nachteilige Wirkungen auf Wohlbefinden und Gesundheit der Hausbewohner haben. Schimmelentstehung und Sporenablagerungen sind meistens der Grund f\u00fcr gesundheitliche Gefahren. Ein Grund mehr, der feuchten Mauer den Kampf anzusagen. <\/p>\n<h3>Wir helfen rasch bei einer feuchten Mauer!<\/h3>\n<p>Ohne die genaue Analyse, l\u00e4sst sich eine feuchte Mauer nicht ernsthaft anhaltend instandsetzen. Der Grund gibt schlie\u00dflich die Richtung vor. M\u00f6gliche Ursachen gibt es viele. Oftmals liegt die Ursache f\u00fcr eine feuchte Mauer in einer nur unzureichenden Frischluftzufuhr. Auch kaputte Rohre k\u00f6nnen der Grund daf\u00fcr sein, dass eine feuchte Mauer entsteht. Solche Gr\u00fcnde sind in der Regel schnell erledigt. Deutlich aufw\u00e4ndiger wird es, wenn festgestellt wird, dass die N\u00e4sse von au\u00dfen in den Keller eindringt. Ein erh\u00f6hter Grundwasserspiegel f\u00fchrt z.B. dazu, dass Feuchtigkeit in das Mauerwerk eindringt. Auch H\u00e4user mit Hanglage sind gef\u00e4hrdet f\u00fcr einsickernde Feuchtigkeit. Hierbei kann es durchaus sein, dass gr\u00f6\u00dfere Gesch\u00fctze f\u00fcr eine anhaltende Sanierung aufgefahren werden m\u00fcssen. Aber selbst in dem Fall ist eine feuchte Mauer kein unabwendbares Schicksal.<\/p>\n","protected":false},"excerpt":{"rendered":"<p>Feuchte Mauer: Wir sanieren kompetent und schnell! Eine feuchte Mauer k\u00f6nnte zu einem ernsthaften Problem werden. Hausbesitzer sind diesbez\u00fcglich sehr gut beraten, sich umfangreich \u00fcber Sanierungsma\u00dfnahmen schlau zu machen, falls sie durchn\u00e4sste Bereiche in ihren R\u00e4umlichkeiten gefunden haben. Rechtzeitig gefunden, muss eine feuchte Mauer nicht zwangsl\u00e4ufig schwerwiegende und zeitintensive Instandsetzungsarbeiten zur Folge haben. Eine feuchte [&hellip;]<\/p>\n","protected":false},"author":1,"featured_media":0,"parent":0,"menu_order":0,"comment_status":"closed","ping_status":"closed","template":"","meta":{"footnotes":""},"class_list":["post-167","page","type-page","status-publish","hentry"],"meta_box":{"popseo_subtitel":"Feuchte Mauer: Wir sind Ihr Partner im Raum L\u00fcneburg","popseo_subtitel2":"Feuchte Mauer - Sanierung f\u00fcr Immobilienbesitzer aus Norddeutschland","popseo_lasttitel":"Feuchte Mauer: D\u00fcrfen wir Ihre Fragen beantworten?","popseo_region":"L\u00fcneburg","popseo_sachwort":"Feuchte Mauer","popseo_noupdate":"","popseo_einleitungstext":"<p>Sie wollen Ihre Immobilie sanieren lassen interessieren sich f\u00fcr Sanierungsmethoden und Abdichtungssysteme? Prima, dann sind Sie bei uns genau richtig. Als auf die Objektsanierung spezialisiertes Handwerksunternehmen, \u00fcbernehmen wir gerne Arbeiten im Bereich Trockenlegung und Abdichtung.  <\/p>\n<p>Erfahren sind wir bei der Bauwerksabdichtung und au\u00dferdem bei der Schimmelbek\u00e4mpfung, der Kellersanierung und bei der Rissverpressung. Wir kennen uns mit der zeitgem\u00e4\u00dfen Sanierung von Neubauten und Bestandsimmobilien bestens aus. Auf unserer Website stellen wir Ihnen unsere Firma und das komplette Leistungsspektrum n\u00e4her vor. Ihr Interesse freut uns sehr.<\/p>","popseo_schlusstext":"<p>Sie suchen einen Partner f\u00fcr die fachgerechte Abdichtung und Sanierung Ihrer Immobilie. Prima, dass Sie auf uns aufmerksam geworden sind. Worauf Sie neben unserer fachlichen Expertise setzen d\u00fcrfen: Unser Expertenteam ist motiviert und immer mit der n\u00f6tigen Energie f\u00fcr Sie im Einsatz. Wir freuen uns sehr, wenn wir Sie in einem unverbindlichen Beratungsgespr\u00e4ch \u00fcber die vielen M\u00f6glichkeiten, die sich Ihnen bieten, informieren d\u00fcrfen. Kontakten sie uns bitte per E-Mail oder Telefon. Wir werden gerne f\u00fcr Sie aktiv!<\/p>","popseo_stadttext":"<h3>Wir sind Ihr Partner auch in L\u00fcneburg und Bleckede<\/h3>\n<p>Wir arbeiten f\u00fcr Kunden aus L\u00fcneburg und Bleckede. Durch unsere Vertriebst\u00e4tigkeit haben wir uns einen ausgezeichneten \u00dcberblick \u00fcber die Stadtarchitektur der St\u00e4dte und Gemeinden unseres Einzugsbereiches erarbeiten k\u00f6nnen. Nat\u00fcrlich geh\u00f6rt auch Ihre Region zu unserem unmittelbaren Vertriebsgebiet. Wir freuen uns darauf, mit Ihnen ins Gespr\u00e4ch zu kommen. <\/p>\n<h3>Lebensmittelpunkt L\u00fcneburg und Bleckede<\/h3>\n<p>In der ca. 40 km s\u00fcdlich von Freien und Hansestadt Hamburg gelegenen Stadt L\u00fcneburg wohnen etwa 70.000 Einwohner. Das Stadtgebiet verl\u00e4uft \u00fcber eine Fl\u00e4che von 70 Quadratkilometer. L\u00fcneburg ist Kreisstadt des Kreises L\u00fcneburg und geh\u00f6rt zur Metropolregion Hamburg. Was viele nicht wissen: L\u00fcneburg ist eine alte Hansestadt. Idyllisch an der Ilmenau gelegen, erfreut sich L\u00fcneburg massiver Popularit\u00e4t bei Tagesbesuchern und Touristen. Die \u00fcber 300.000 \u00dcbernachtungen, welche das nieders\u00e4chsische Landesamt f\u00fcr Statistik gez\u00e4hlt hat, sprechen eine ganz klare Sprache. Insbesondere sehenswert ist die Innenstadt von L\u00fcneburg. Ungez\u00e4hlte geschichtstr\u00e4chtige Bauwerke verleihen der Stadt einen absolut au\u00dfergew\u00f6hnlichen Charme. Bei einem Gang durch das historische Zentrum von L\u00fcneburg sollte man auf jeden Fall die Kirche St. Nicolai im Wasserviertel, das Stadtschloss am Markt sowie den Stintmarkt am L\u00fcneburger Hafen besuchen. Wer ein wenig Zeit \u00fcbrig hat, macht Station in einem der vielen ge\u00fcml\u00fctlichen Caf\u00e9s am Marktplatz und l\u00e4sst einfach die herrliche Atmosp\u00e4hre von L\u00fcneburg auf sich wirken. Die vielen Fachwerkh\u00e4user verleihen dem st\u00e4dtischen Ensemble eine v\u00f6llig unverwechselbare Aura. Die beschauliche Universit\u00e4tsstadt ist ber\u00fchmt f\u00fcr die Salzproduktion. In L\u00fcneburg liegt ein ein alter Salzstock. Dort wurde \u00fcber viel Jahrhunderte in gro\u00dfem Stile Salz gewonnen. Das Deutsche Salzmuseum L\u00fcneburg erinnert heute an diesen historischen Teil der Stadtchronik. Dar\u00fcber hinaus ist der Stint eine beliebte kulinarische K\u00f6stlichkeit. Dem kleinen Fisch begegnet man in L\u00fcneburg fast an jeder Ecke. Bei einem Besuch der nieders\u00e4chsischen Stadt sollte man ein Stint-Essen auf keinen Fall auslassen.      <\/p>\n<p>L\u00fcneburg befindet sich an der Schnellstra\u00dfe A39. Auch \u00fcber die Bundesstra\u00dfen B4, B209 und B216 gelangt man rasch und bequem in die nieders\u00e4chsische Mittelstadt. Auch das Umland \u2013 unter anderem Bienenb\u00fcttel, Scharnebeck, Amelinghausen, Egestorf, Hanstedt, Fleestedt und Salzhausen - ist gut angebunden. Wer mit der Eisenbahn nach L\u00fcneburg reisen m\u00f6chte, kann dies \u00fcber die Bahnstrecke Hamburg-Hannover tun. Au\u00dferdem gibt es eine Regionalverbindung durch den Verkehrsbetrieb Metronom. Die Reisezeit zwischen Hamburg und L\u00fcneburg betr\u00e4gt nur zirka 30 Minuten. <\/p>\n<h3>L\u00fcneburg und Bleckede: Hohe Wohnqualit\u00e4t, beste Infrastruktur!<\/h3>\n<p>Die Ortschaft Bleckede liegt im nieders\u00e4chsischen Kreis L\u00fcneburg. Bleckede z\u00e4hlt etwa 10.000 Einwohner. Das st\u00e4dtische Areal erstreckt sich \u00fcber eine Fl\u00e4che von etwa 139 Quadratkilometer. In unmittelbarer N\u00e4he finden sich die Ortschaften Thomasburg, Vastorf, Amt Neuhaus und Dahlenburg. Zu Bleckede z\u00e4hlen alles in allem 15 Gemeindeteile. Die herrliche Lage unmittelbar an der Elbe macht Bleckede interessant f\u00fcr Tagesbesucher und Touristen. Speziell auf zwei R\u00e4dern lohnt sich ein Trip in Richtung Bleckede. Der Elbradweg sowie der Mecklenburgische Seen-Radweg laden zum entspannten Radfahren ein. Bezeichnend f\u00fcr Bleckede sind die vielen Fachwerkh\u00e4user. Per pedes l\u00e4sst sich die bestaunenswerte Architektur besonders gut bewundern. Entsprechend stolz sind die Stadtvertreter von Bleckede darauf, dass der Ort Teil der Deutschen Fachwerkstra\u00dfe ist. Pittoresk ist der Hafen von Bleckede. Bis zum heutigen Tage machen viele Frachter hier Station. Besucher sch\u00e4tzen auch den Fahrgastverkehr auf der Elbe. Ein touristischer Clou: Der alte Raddampfer Kaiser-Wilhelm legt turnusm\u00e4\u00dfig in Bleckede an. Prima ist der Hafen auch f\u00fcr die Sportschifffahrt. Die vielen Sportbootliegepl\u00e4tze dokumentieren die Anziehungskraft des Hafen besonders gut. Bleckede ist bekannt f\u00fcr seine attraktive Umgebung. Neben der bereits beschriebenen Deutschen Fachwerkstra\u00dfe f\u00fchrt ebenso die Deutsche Storchenstra\u00dfe durch Bleckede. Das innerst\u00e4dtisch zu entdeckende Storchennest ist eine ganz besondere Sehensw\u00fcrdigkeit. Aus Richtung L\u00fcneburg kommend, kann man auch auch mit einer historischen Eisenbahn nach Bleckede fahren. Die Fahrt mit dem sogenannten Heide-Elbe-Express ist ein Ausflugstipp f\u00fcr Besucher der Region.<\/p>\n<h4>Wir f\u00fcr Sie in L\u00fcneburg und Bleckede!<\/h4>\n<p>Prima, dass Sie diese Website gefunden haben. Wenn Sie ein Fachunternehmen suchen, sind Sie bei uns genau richtig. Sie m\u00f6chten mehr \u00fcber uns wissen? F\u00fcr R\u00fcckfragen stehen wir Ihnen jederzeit zur Verf\u00fcgung. Auf Ihre Anfragen freuen wir uns.<\/p>","popseo_zusatztext":"<h3>Erstklassiges Abdichten ist uns wichtig<\/h3>\n<p>Sie haben einen Feuchteschaden entdeckt und m\u00fcssen die entsprechenden Bereiche nun so schnell wie m\u00f6glich abdichten. Sch\u00f6n, dass Sie uns gefunden haben! Als routiniertes Unternehmen der Bauwirtschaft kennen wir uns bestens aus mit dem Abdichten von Mauern, Kellern oder W\u00e4nden.  <\/p>\n<p>N\u00e4ssesch\u00e4den sind unsere Fachkompetenz: F\u00fcr unseren Betrieb geh\u00f6rt das Abdichten von Kellern, W\u00e4nden oder Mauern zur allt\u00e4glichen Arbeit. Wir gehen der Ursache f\u00fcr den N\u00e4sseeintritt sorgf\u00e4ltig auf den Grund. Vor dem eigentlichen Abdichten muss erstmal die Ursachenfindung stehen. Erst wenn man den richtigen Grund f\u00fcr die Durchfeuchtung entdeckt hat, kann man mit dem Abdichten starten. Die Analyse gibt die Marschrichtung vor, den das Abdichten eines Bauk\u00f6rpers beinhalten muss.  <\/p>\n<h4>Abdichten: Unsere Mitarbeiter stehen f\u00fcr Sie bereit!<\/h4>\n<p>Warten Sie bitte nicht und vereinbaren Sie noch heute einen Termin mit einem unserer routinierten Angestellten. Ein kurzer Anruf beziehungsweise eine schnelle e-Mail reichen! Bei einer Analyse direkt am gesch\u00e4digten Objekt, nehmen wir den Schaden auf und erstellen danach ein Konzept f\u00fcr das nachhaltige Abdichten der entsprechenden Bereiche. Unsere Arbeit ist stets zweckbezogen: Nat\u00fcrlich flie\u00dfen auch monet\u00e4re Gesichtspunkte in unsere Entscheidungsfindung f\u00fcr das Abdichten Ihres Geb\u00e4udes mit ein. Alles komplett aus einer Hand: Unsere motivierten Mitarbeiter f\u00fchren s\u00e4mtliche notwendigen Arbeiten, die zum Abdichten geh\u00f6ren zeitnah und verl\u00e4sslich aus. Schon seit Jahren ist unsere Firma f\u00fcr eine hohe Fachkompetenz bekannt. Eine unserer Schwerpunkte liegt im Abdichten von Wohn- und Gesch\u00e4ftsgeb\u00e4uden. Setzen Sie auf Fachkompetenz und beauftragen Sie uns f\u00fcr das Abdichten von neuralgischen Stellen im Mauerwerk. Wir freuen uns darauf, auch Ihnen helfen zu k\u00f6nnen.<\/p>","popseo_links":"<a href=\"https:\/\/bautenschutz-keul.de\/angebote\/bauwerksabdichtung-ebstorf\/\">Bauwerksabdichtung Ebstorf<\/a>, <a href=\"https:\/\/bautenschutz-keul.de\/angebote\/schimmel-seevetal-rosengarten\/\">Schimmel Seevetal Rosengarten<\/a>, <a href=\"https:\/\/bautenschutz-keul.de\/angebote\/rissverpressung-bergedorf-wentorf\/\">Rissverpressung Bergedorf Wentorf<\/a>, <a href=\"https:\/\/bautenschutz-keul.de\/angebote\/schimmel-lueneburg\/\">Schimmel L\u00fcneburg<\/a>, <a href=\"https:\/\/bautenschutz-keul.de\/angebote\/kellertrockenlegung-bispingen\/\">Kellertrockenlegung Bispingen<\/a>, <a href=\"https:\/\/bautenschutz-keul.de\/angebote\/mauertrockenlegung-lueneburg\/\">Mauertrockenlegung L\u00fcneburg<\/a>, <a href=\"https:\/\/bautenschutz-keul.de\/angebote\/schimmelsanierung-boizenburg\/\">Schimmelsanierung Boizenburg<\/a>, <a href=\"https:\/\/bautenschutz-keul.de\/angebote\/schimmelbeseitigung-jesteburg\/\">Schimmelbeseitigung Jesteburg<\/a>, <a href=\"https:\/\/bautenschutz-keul.de\/angebote\/kellertrockenlegung-stelle\/\">Kellertrockenlegung Stelle<\/a>, <a href=\"https:\/\/bautenschutz-keul.de\/angebote\/kellersanierung-winsen-luhe\/\">Kellersanierung Winsen Luhe<\/a>, <a href=\"https:\/\/bautenschutz-keul.de\/angebote\/innenabdichtung-ebstorf\/\">Innenabdichtung Ebstorf<\/a>, <a href=\"https:\/\/bautenschutz-keul.de\/angebote\/feuchtigkeitsschaden-bergedorf-wentorf\/\">Feuchtigkeitsschaden Bergedorf Wentorf<\/a>, <a href=\"https:\/\/bautenschutz-keul.de\/angebote\/feuchte-wand-reppenstedt\/\">Feuchte Wand Reppenstedt<\/a>, <a href=\"https:\/\/bautenschutz-keul.de\/angebote\/feuchtigkeit-bispingen\/\">Feuchtigkeit Bispingen<\/a>, <a href=\"https:\/\/bautenschutz-keul.de\/angebote\/kellerabdichtung-bergedorf-wentorf\/\">Kellerabdichtung Bergedorf Wentorf<\/a>, <a href=\"https:\/\/bautenschutz-keul.de\/angebote\/feuchte-wand-ebstorf\/\">Feuchte Wand Ebstorf<\/a>, <a href=\"https:\/\/bautenschutz-keul.de\/angebote\/aussenabdichtung-reinbek-aumuehle\/\">Au\u00dfenabdichtung Reinbek Aum\u00fchle<\/a>, <a href=\"https:\/\/bautenschutz-keul.de\/angebote\/feuchter-keller-stelle\/\">Feuchter Keller Stelle<\/a>, <a href=\"https:\/\/bautenschutz-keul.de\/angebote\/innenabdichtung-salzhausen\/\">Innenabdichtung Salzhausen<\/a>, <a href=\"https:\/\/bautenschutz-keul.de\/angebote\/rissverpressung-bardowick\/\">Rissverpressung Bardowick<\/a>, <a href=\"https:\/\/bautenschutz-keul.de\/angebote\/feuchtigkeit-bienenbuettel\/\">Feuchtigkeit Bienenb\u00fcttel<\/a>, <a href=\"https:\/\/bautenschutz-keul.de\/angebote\/horizontalsperre-boizenburg\/\">Horizontalsperre Boizenburg<\/a>, <a href=\"https:\/\/bautenschutz-keul.de\/angebote\/aussenabdichtung-seevetal-rosengarten\/\">Au\u00dfenabdichtung Seevetal Rosengarten<\/a>, <a href=\"https:\/\/bautenschutz-keul.de\/angebote\/kellertrockenlegung-brietlingen\/\">Kellertrockenlegung Brietlingen<\/a>, <a href=\"https:\/\/bautenschutz-keul.de\/angebote\/schimmel-reppenstedt\/\">Schimmel Reppenstedt<\/a>, <a href=\"https:\/\/bautenschutz-keul.de\/angebote\/kellersanierung-glinde-sachsenwald\/\">Kellersanierung Glinde Sachsenwald<\/a>, <a href=\"https:\/\/bautenschutz-keul.de\/angebote\/schimmelsanierung-bad-bevensen\/\">Schimmelsanierung Bad Bevensen<\/a>, <a href=\"https:\/\/bautenschutz-keul.de\/angebote\/schimmelbeseitigung-stelle\/\">Schimmelbeseitigung Stelle<\/a>, <a href=\"https:\/\/bautenschutz-keul.de\/angebote\/schimmelbeseitigung-reppenstedt\/\">Schimmelbeseitigung Reppenstedt<\/a>, <a href=\"https:\/\/bautenschutz-keul.de\/angebote\/aussenabdichtung-reppenstedt\/\">Au\u00dfenabdichtung Reppenstedt<\/a>"},"_links":{"self":[{"href":"https:\/\/bautenschutz-keul.de\/angebote\/wp-json\/wp\/v2\/pages\/167","targetHints":{"allow":["GET"]}}],"collection":[{"href":"https:\/\/bautenschutz-keul.de\/angebote\/wp-json\/wp\/v2\/pages"}],"about":[{"href":"https:\/\/bautenschutz-keul.de\/angebote\/wp-json\/wp\/v2\/types\/page"}],"author":[{"embeddable":true,"href":"https:\/\/bautenschutz-keul.de\/angebote\/wp-json\/wp\/v2\/users\/1"}],"replies":[{"embeddable":true,"href":"https:\/\/bautenschutz-keul.de\/angebote\/wp-json\/wp\/v2\/comments?post=167"}],"version-history":[{"count":0,"href":"https:\/\/bautenschutz-keul.de\/angebote\/wp-json\/wp\/v2\/pages\/167\/revisions"}],"wp:attachment":[{"href":"https:\/\/bautenschutz-keul.de\/angebote\/wp-json\/wp\/v2\/media?parent=167"}],"curies":[{"name":"wp","href":"https:\/\/api.w.org\/{rel}","templated":true}]}}