{"id":172,"date":"2021-09-13T08:43:32","date_gmt":"2021-09-13T06:43:32","guid":{"rendered":"https:\/\/bautenschutz-keul.de\/angebote\/feuchte-mauer-schwarzenbek\/"},"modified":"2021-09-13T08:43:32","modified_gmt":"2021-09-13T06:43:32","slug":"feuchte-mauer-schwarzenbek","status":"publish","type":"page","link":"https:\/\/bautenschutz-keul.de\/angebote\/feuchte-mauer-schwarzenbek\/","title":{"rendered":"Feuchte Mauer &#8211; Schwarzenbek"},"content":{"rendered":"<h3>Sie interessieren sich f\u00fcr die Sanierung einer feuchten Mauer? Dann rufen Sie uns bitte an!<\/h3>\n<p>Eine feuchte Mauer k\u00f6nnte zu einem ernstzunehmenden Problem werden. Hausbewohner sind entsprechend sehr gut beraten, sich umf\u00e4nglich \u00fcber Sanierungsma\u00dfnahmen<br \/>\nzu informieren, wenn sie durchn\u00e4sste Stellen in ihren eigenen vier W\u00e4nden gefunden haben. Rechtzeitig entdeckt, muss eine feuchte Mauer nicht immer erhebliche und langwierige Reparaturarbeiten zur Folge haben. Eine feuchte Mauer kann durchaus nachteilige Auswirkungen auf Wohlbefinden und Gesundheit der Bewohner haben. Schimmelbildung und Sporenablagerungen sind meistens der Grund f\u00fcr gesundheitliche Gefahren. Ein mehr als trifftiger Grund, der feuchten Mauer zu Leibe zu r\u00fccken. <\/p>\n<h3>Wir helfen rasch bei einer feuchten Mauer!<\/h3>\n<p>Ohne die genaue Bestandsaufnahme, l\u00e4sst sich eine feuchte Mauer nicht wirklich dauerhaft instandsetzen. Die Ursache gibt letztlich die Richtung vor. M\u00f6gliche Ursachen gibt es reichlich. H\u00e4ufig liegt der Grund f\u00fcr eine feuchte Mauer in einer nur mangelhaften Frischluftzufuhr. Auch kaputte Abflussrohre k\u00f6nnen der Grund daf\u00fcr sein, dass eine feuchte Mauer entsteht. Solche Gr\u00fcnde sind normalerweise fix erledigt. Deutlich schwieriger wird es, wenn festgestellt wird, dass die Feuchtigkeit von au\u00dferhalb in den Keller sickert. Ein erh\u00f6hter Wasserspiegel f\u00fchrt beispielsweise dazu, dass N\u00e4sse in das Mauerwerk eindringt. Auch Immobilien mit Hanglage sind in Gefahr f\u00fcr eindringende Feuchtigkeit. Dabei kann es schon sein, dass h\u00e4rtere Gesch\u00fctze f\u00fcr eine anhaltende Sanierung ergriffen werden m\u00fcssen. Aber selbst dann ist eine feuchte Mauer kein unweigerliches Schicksal.<\/p>\n","protected":false},"excerpt":{"rendered":"<p>Sie interessieren sich f\u00fcr die Sanierung einer feuchten Mauer? Dann rufen Sie uns bitte an! Eine feuchte Mauer k\u00f6nnte zu einem ernstzunehmenden Problem werden. Hausbewohner sind entsprechend sehr gut beraten, sich umf\u00e4nglich \u00fcber Sanierungsma\u00dfnahmen zu informieren, wenn sie durchn\u00e4sste Stellen in ihren eigenen vier W\u00e4nden gefunden haben. Rechtzeitig entdeckt, muss eine feuchte Mauer nicht immer [&hellip;]<\/p>\n","protected":false},"author":1,"featured_media":0,"parent":0,"menu_order":0,"comment_status":"closed","ping_status":"closed","template":"","meta":{"footnotes":""},"class_list":["post-172","page","type-page","status-publish","hentry"],"meta_box":{"popseo_subtitel":"Feuchte Mauer: Wir sind Ihr Fachunternehmen in Schwarzenbek","popseo_subtitel2":"Feuchte Mauer - wir beraten Sie gerne zur Sanierung!","popseo_lasttitel":"Feuchte Mauer: Gerne beantworten wir Ihre Fragen!","popseo_region":"Schwarzenbek","popseo_sachwort":"Feuchte Mauer","popseo_noupdate":"","popseo_einleitungstext":"<p>Sie haben sich mit der Bauwerksabdichtung auseinandergesetzt, weil Ihr Haus feuchte Geb\u00e4udeteile aufweist und Sie nach M\u00f6glichkeiten einer wirkungsvollen und professionellen Sanierung Ausschau halten. Toll, dass Sie unsere Website entdeckt haben. Nachfolgend d\u00fcrfen wir Ihnen n\u00e4here Informationen zu unserem Leistungsspektrum geben. Sie lernen auf dieser Internetseite unsere Firma n\u00e4her kennen. <\/p>\n<p>Die Firma TK-Geb\u00e4udetechnik Thorsten Keul ist ein versierter und erfahrener Fachbetrieb mit Gesch\u00e4ftsssitz in Brietlingen bei L\u00fcneburg. Bereits seit vielen Jahren sind wir Ihre Experten f\u00fcr alle Fragen rund um Geb\u00e4udeabdichtung. Wir setzen ausschlie\u00dflich praxisbew\u00e4hrte und effektive Sanierungssysteme und -methoden ein. Als Sanierungsfachbetrieb schauen wir auf eine lange Berufserfahrung zur\u00fcck. Unsere freundlichen Spezialisten informieren Sie gerne im Detail.<\/p>","popseo_schlusstext":"<p>Sie suchen einen Experten f\u00fcr die sachgerechte Umsetzung der Innen- und Au\u00dfenabdichtung. Dann kontaktieren Sie uns bitte schnell. Wir freuen uns auf Ihren Anruf oder Ihre E-Mail. Wenn es um Sanierung geht, sind wir Ihr qualifizierter Handwerkspartner. Wir garantieren eine professionell durchgef\u00fchrte Arbeit nach dem stets aktuellsten Stand der Technik.<\/p>","popseo_stadttext":"<h3>Wir freuen uns \u00fcber zufriedene Kunden aus Schwarzenbek<\/h3>\n<p>Unser Gesch\u00e4ftsbereich umfasst auch Schwarzenbek. Durch unsere T\u00e4tigkeit haben wir uns einen ausgezeichneten \u00dcberblick \u00fcber die Stadtarchitektur der St\u00e4dte und Gemeinden unseres Vertriebsgebietes erarbeiten k\u00f6nnen. Wir f\u00fchlen uns der Region verpflichtet und sind stolz darauf, auch einen Anteil zur guten Infrastruktur der Stadt Schwarzenbek beizusteuern zu k\u00f6nnen.  <\/p>\n<h3>Leben und Arbeiten in Schwarzenbek<\/h3>\n<p>Die Kleinstadt Schwarzenbek geh\u00f6rt verwaltungstechnisch zum schleswig-holsteinischen Kreis Herzogtum Lauenburg. In Schwarzenbek wohnen gut 15.000 B\u00fcrger auf einer Gesamtfl\u00e4che von gut 11 Quadratkilometern. Schwarzenbek fungiert als Verwaltungssitz des Amtes Schwarzenbek-Land. Schwarzenbek begeistert insbesondere durch seine sch\u00f6nen Wohnquartiere. Die Einzelhausbebauung \u00fcberwiegt in der lauenburgischen Gemeinde ganz eindeutig. Mehrgeschossige Geb\u00e4ude sind in Schwarzenbek deutlich in der Minderheit.<\/p>\n<p>Die r\u00e4umliche N\u00e4he zur Metropole Hamburg ist ein wichtiger Standortfaktor der Gemeinde. Lediglich ungef\u00e4hr 35 km ist die gr\u00f6\u00dfte Stadt Norddeutschlands von Schwarzenbek entfernt. Viele Pendler genie\u00dfen die Vorteile von Schwarzenbek: Wer seinen Arbeitgeber in Hamburg hat, f\u00e4hrt nicht sehr lange bis zu seinem Wohnort Schwarzenbek. Das zumeist ruhige Leben auf dem Lande kombiniert sich auf exzellente Weise mit den vielf\u00e4ltigen Angeboten der Gro\u00dfstadt.<br \/>\nEine exquisite Infrastruktur macht das Wohnen in Schwarzenbek speziell f\u00fcr junge Familien attraktiv. Die Stadt ist Mitglied im Hamburger Verkehrsverbund (HVV). Mit der Eisenbahn erreicht man Schwarzenbek \u00fcber die Verbindung Hamburg-Berlin. Zum Hauptbahnhof Hamburg ben\u00f6tigt man rund 20 Minuten. <\/p>\n<h3>Schwarzenbek \u2013 ein attraktiver Wohnort<\/h3>\n<p>Die Stadt Schwarzenbek wurde vor einigen Jahren mit dem sogenannten Europapreis ausgezeichnet. Die Auszeichnung wird St\u00e4dten und Gemeinden verliehen, die sich sich in besonderem Ma\u00dfe f\u00fcr die Verbreitung des europ\u00e4ischen Gedankens verdient gemacht haben. Schwarzenbek tr\u00e4gt die Auszeichnung \u201eEuropastadt\u201c mit Stolz.<br \/>\nWegen der besonderen Lage im Kreisgebiet Lauenburgs wird Schwarzenbek bisweilen auch \u201eStadt der Mitte\u201c genannt. Schwarzenbek war nebenbei eine der ersten Gemeinden in Norddeutschland, die auf der Stadtbeschilderung den Stadtnamen auch auf Plattdeutsch geschrieben haben. Eine sch\u00f6ne Idee, die zwischenzeitlich viele Nachahmer gefunden hat. <\/p>\n<h4>Unsere Leistung f\u00fcr qualit\u00e4tsbewusste Kunden aus Schwarzenbek<\/h4>\n<p>Sehr gerne \u00fcbernehmen wir auch Arbeiten in Schwarzenbek und Umgebung. D\u00fcrfen wir Sie n\u00e4her informieren? Rufen Sie uns an oder schicken Sie uns eine E-Mail. Wir freuen uns, wenn wir ihnen helfen k\u00f6nnen! Hand in Hand arbeitet das perfekt eingespielte Team unseres Fachbetriebes \u2013 zielorientiert und immer fachlich versiert.<\/p>","popseo_zusatztext":"<h3>Abdichten: Wir bieten eine erstklassige Sanierungsarbeit<\/h3>\n<p>Sie haben einen Feuchteschaden festgestellt und m\u00fcssen die entsprechenden Mauerstellen nun so schnell wie m\u00f6glich abdichten. Sch\u00f6n, dass Sie uns entdeckt haben! Als routiniertes Unternehmen der Bauwirtschaft kennen wir uns allerbestens aus mit dem Abdichten von W\u00e4nden, Kellern oder Mauern.  <\/p>\n<p>N\u00e4ssesch\u00e4den sind unser Metier: F\u00fcr unsere Firma geh\u00f6rt das Abdichten von Kellern, Mauern oder W\u00e4nden zur t\u00e4glichen Arbeit. Wir gehen der Ursache f\u00fcr den Wassereintritt gr\u00fcndlich auf den Grund. Vor dem konkreten Abdichten muss zun\u00e4chst einmal die Ursachenfindung stehen. Erst wenn man den richtigen Grund f\u00fcr eine Durchn\u00e4ssung entdeckt hat, kann man mit dem Abdichten anfangen. Die Bestandsaufnahme gibt die Richtung vor, den das Abdichten eines Bauk\u00f6rpers umfassen muss.  <\/p>\n<h4>Abdichten: Unsere Mitarbeiter stehen f\u00fcr Sie bereit!<\/h4>\n<p>Warten Sie bitte nicht und vereinbaren Sie noch heute einen Termin mit einem unserer qualifizierten Spezialisten. Ein kurzer Anruf oder eine kurze Email gen\u00fcgen! Bei einer Bestandsaufnahme direkt am gesch\u00e4digten Objekt, nehmen wir den Schaden auf und entwerfen danach ein Konzept f\u00fcr das langfristige Abdichten der betroffenen Bereiche. Unsere Arbeit ist immer zweckorientiert: Nat\u00fcrlich flie\u00dfen auch wirtschaftliche Aspekte in unsere Entscheidungsfindung f\u00fcr das Abdichten Ihres Hauses mit ein. Alles komplett aus einer Hand: Unsere dynamischen Angestellten f\u00fchren alle notwendigen T\u00e4tigkeiten, die zum Abdichten erforderlich sind schnell und zuverl\u00e4ssig aus. Bereits seit Jahren ist unser Unternehmen f\u00fcr eine hohe Qualit\u00e4t bekannt. Eine unserer Kernkompetenzen liegt im Abdichten von Wohn- und Gesch\u00e4ftsgeb\u00e4uden. Setzen Sie auf Fachkompetenz und beauftragen Sie unser Unternehmen f\u00fcr das Abdichten von neuralgischen Stellen im Mauerwerk. Wir freuen uns darauf, auch Ihnen helfen zu k\u00f6nnen.<\/p>","popseo_links":"<a href=\"https:\/\/bautenschutz-keul.de\/angebote\/kellertrockenlegung-amelinghausen\/\">Kellertrockenlegung Amelinghausen<\/a>, <a href=\"https:\/\/bautenschutz-keul.de\/angebote\/aufsteigende-feuchtigkeit-brietlingen\/\">aufsteigende Feuchtigkeit Brietlingen<\/a>, <a href=\"https:\/\/bautenschutz-keul.de\/angebote\/bauwerksabdichtung-uelzen\/\">Bauwerksabdichtung Uelzen<\/a>, <a href=\"https:\/\/bautenschutz-keul.de\/angebote\/horizontalsperre-amt-neuhaus\/\">Horizontalsperre Amt Neuhaus<\/a>, <a href=\"https:\/\/bautenschutz-keul.de\/angebote\/schimmelsanierung-hanstedt\/\">Schimmelsanierung Hanstedt<\/a>, <a href=\"https:\/\/bautenschutz-keul.de\/angebote\/bauwerksabdichtung-brietlingen\/\">Bauwerksabdichtung Brietlingen<\/a>, <a href=\"https:\/\/bautenschutz-keul.de\/angebote\/innenabdichtung-bispingen\/\">Innenabdichtung Bispingen<\/a>, <a href=\"https:\/\/bautenschutz-keul.de\/angebote\/feuchtigkeitsschaden-schwarzenbek\/\">Feuchtigkeitsschaden Schwarzenbek<\/a>, <a href=\"https:\/\/bautenschutz-keul.de\/angebote\/salpeter-im-keller-brietlingen\/\">Salpeter im Keller Brietlingen<\/a>, <a href=\"https:\/\/bautenschutz-keul.de\/angebote\/innenabdichtung-hanstedt\/\">Innenabdichtung Hanstedt<\/a>, <a href=\"https:\/\/bautenschutz-keul.de\/angebote\/kellertrockenlegung-reinbek-aumuehle\/\">Kellertrockenlegung Reinbek Aum\u00fchle<\/a>, <a href=\"https:\/\/bautenschutz-keul.de\/angebote\/mauertrockenlegung-ebstorf\/\">Mauertrockenlegung Ebstorf<\/a>, <a href=\"https:\/\/bautenschutz-keul.de\/angebote\/salpeter-im-keller-herzogtum-lauenburg\/\">Salpeter im Keller Herzogtum Lauenburg<\/a>, <a href=\"https:\/\/bautenschutz-keul.de\/angebote\/feuchte-mauer-amt-neuhaus\/\">Feuchte Mauer Amt Neuhaus<\/a>, <a href=\"https:\/\/bautenschutz-keul.de\/angebote\/rissverpressung-herzogtum-lauenburg\/\">Rissverpressung Herzogtum Lauenburg<\/a>, <a href=\"https:\/\/bautenschutz-keul.de\/angebote\/aussenabdichtung-bienenbuettel\/\">Au\u00dfenabdichtung Bienenb\u00fcttel<\/a>, <a href=\"https:\/\/bautenschutz-keul.de\/angebote\/feuchtigkeit-bardowick\/\">Feuchtigkeit Bardowick<\/a>, <a href=\"https:\/\/bautenschutz-keul.de\/angebote\/schimmel-seevetal-rosengarten\/\">Schimmel Seevetal Rosengarten<\/a>, <a href=\"https:\/\/bautenschutz-keul.de\/angebote\/innenabdichtung-jesteburg\/\">Innenabdichtung Jesteburg<\/a>, <a href=\"https:\/\/bautenschutz-keul.de\/angebote\/kellertrockenlegung-uelzen\/\">Kellertrockenlegung Uelzen<\/a>, <a href=\"https:\/\/bautenschutz-keul.de\/angebote\/salpeter-im-keller-hanstedt\/\">Salpeter im Keller Hanstedt<\/a>, <a href=\"https:\/\/bautenschutz-keul.de\/angebote\/zerstoerter-putz-tostedt-sittensen\/\">zerst\u00f6rter Putz Tostedt Sittensen<\/a>, <a href=\"https:\/\/bautenschutz-keul.de\/angebote\/aussenabdichtung-bispingen\/\">Au\u00dfenabdichtung Bispingen<\/a>, <a href=\"https:\/\/bautenschutz-keul.de\/angebote\/zerstoerter-putz-boizenburg\/\">zerst\u00f6rter Putz Boizenburg<\/a>, <a href=\"https:\/\/bautenschutz-keul.de\/angebote\/feuchtigkeitsschaden-reinbek-aumuehle\/\">Feuchtigkeitsschaden Reinbek Aum\u00fchle<\/a>, <a href=\"https:\/\/bautenschutz-keul.de\/angebote\/aussenabdichtung-herzogtum-lauenburg\/\">Au\u00dfenabdichtung Herzogtum Lauenburg<\/a>, <a href=\"https:\/\/bautenschutz-keul.de\/angebote\/kellertrockenlegung-amt-neuhaus\/\">Kellertrockenlegung Amt Neuhaus<\/a>, <a href=\"https:\/\/bautenschutz-keul.de\/angebote\/innenabdichtung-reppenstedt\/\">Innenabdichtung Reppenstedt<\/a>, <a href=\"https:\/\/bautenschutz-keul.de\/angebote\/bauwerksabdichtung-herzogtum-lauenburg\/\">Bauwerksabdichtung Herzogtum Lauenburg<\/a>, <a href=\"https:\/\/bautenschutz-keul.de\/angebote\/feuchte-wand-glinde-sachsenwald\/\">Feuchte Wand Glinde Sachsenwald<\/a>"},"_links":{"self":[{"href":"https:\/\/bautenschutz-keul.de\/angebote\/wp-json\/wp\/v2\/pages\/172","targetHints":{"allow":["GET"]}}],"collection":[{"href":"https:\/\/bautenschutz-keul.de\/angebote\/wp-json\/wp\/v2\/pages"}],"about":[{"href":"https:\/\/bautenschutz-keul.de\/angebote\/wp-json\/wp\/v2\/types\/page"}],"author":[{"embeddable":true,"href":"https:\/\/bautenschutz-keul.de\/angebote\/wp-json\/wp\/v2\/users\/1"}],"replies":[{"embeddable":true,"href":"https:\/\/bautenschutz-keul.de\/angebote\/wp-json\/wp\/v2\/comments?post=172"}],"version-history":[{"count":0,"href":"https:\/\/bautenschutz-keul.de\/angebote\/wp-json\/wp\/v2\/pages\/172\/revisions"}],"wp:attachment":[{"href":"https:\/\/bautenschutz-keul.de\/angebote\/wp-json\/wp\/v2\/media?parent=172"}],"curies":[{"name":"wp","href":"https:\/\/api.w.org\/{rel}","templated":true}]}}