{"id":175,"date":"2021-09-13T08:43:32","date_gmt":"2021-09-13T06:43:32","guid":{"rendered":"https:\/\/bautenschutz-keul.de\/angebote\/feuchte-mauer-tostedt-sittensen\/"},"modified":"2021-09-13T08:43:32","modified_gmt":"2021-09-13T06:43:32","slug":"feuchte-mauer-tostedt-sittensen","status":"publish","type":"page","link":"https:\/\/bautenschutz-keul.de\/angebote\/feuchte-mauer-tostedt-sittensen\/","title":{"rendered":"Feuchte Mauer &#8211; Tostedt Sittensen"},"content":{"rendered":"<h3>Sie interessieren sich f\u00fcr die Sanierung einer feuchten Mauer? Dann rufen Sie uns bitte an!<\/h3>\n<p>Eine feuchte Mauer k\u00f6nnte zu einem bedrohlichen Thema werden. Hausbewohner sind diesbez\u00fcglich sehr gut beraten, sich umf\u00e4nglich \u00fcber Sanierungsma\u00dfnahmen<br \/>\nkundig zu machen, falls sie durchfeuchtete Bereiche in ihren R\u00e4umen entdeckt haben. Fr\u00fchzeitig gefunden, muss eine feuchte Mauer nicht immer erhebliche und andauernde Instandsetzungsarbeiten nach sich ziehen. Eine feuchte Mauer kann durchaus unangenehme Einfl\u00fcsse auf Wohlsein und Gesundheit der Hausbesitzer haben. Schimmel und Sporenbildung sind meist die Ursache f\u00fcr gesundheitliche Probleme. Ein Grund mehr, der feuchten Mauer zu Leibe zu r\u00fccken. <\/p>\n<h3>Feuchte Mauer: Unsere Fachhandwerker beheben den Schaden!<\/h3>\n<p>Ohne die genaue Bestandsaufnahme, l\u00e4sst sich eine feuchte Mauer nicht ernsthaft dauerhaft instandsetzen. Der Grund gibt letztlich die Marschrichtung vor. M\u00f6gliche Gr\u00fcnde gibt es viele. H\u00e4ufig liegt der Grund f\u00fcr eine feuchte Mauer in einer nur mangelhaften Frischluftzufuhr. Auch por\u00f6se Abflussrohre k\u00f6nnen urs\u00e4chlich daf\u00fcr sein, dass eine feuchte Mauer sich abzeichnet. Derlei Gr\u00fcnde sind \u00fcblicherweise rasch erledigt. Umso aufw\u00e4ndiger wird es, wenn diagnostiziert wird, dass die Feuchtigkeit von drau\u00dfen in den Keller dringt. Ein gestiegener Wasserspiegel f\u00fchrt z.B. dazu, dass N\u00e4sse in das Mauerwerk eindringt. Auch H\u00e4user mit Hanglage sind bedroht f\u00fcr eindringende Feuchtigkeit. Dabei kann es durchaus sein, dass h\u00e4rtere Gesch\u00fctze f\u00fcr eine anhaltende Instandsetzung ergriffen werden m\u00fcssen. Aber selbst dann ist eine feuchte Mauer kein unweigerliches Schicksal.<\/p>\n","protected":false},"excerpt":{"rendered":"<p>Sie interessieren sich f\u00fcr die Sanierung einer feuchten Mauer? Dann rufen Sie uns bitte an! Eine feuchte Mauer k\u00f6nnte zu einem bedrohlichen Thema werden. Hausbewohner sind diesbez\u00fcglich sehr gut beraten, sich umf\u00e4nglich \u00fcber Sanierungsma\u00dfnahmen kundig zu machen, falls sie durchfeuchtete Bereiche in ihren R\u00e4umen entdeckt haben. Fr\u00fchzeitig gefunden, muss eine feuchte Mauer nicht immer erhebliche [&hellip;]<\/p>\n","protected":false},"author":1,"featured_media":0,"parent":0,"menu_order":0,"comment_status":"closed","ping_status":"closed","template":"","meta":{"footnotes":""},"class_list":["post-175","page","type-page","status-publish","hentry"],"meta_box":{"popseo_subtitel":"Feuchte Mauer: Wir sind Ihr erfahrener Experte in Tostedt Sittensen","popseo_subtitel2":"Feuchte Mauer - setzen Sie in Sachen Sanierung auf unsere Erfahrung","popseo_lasttitel":"Feuchte Mauer: Unsere Mitarbeiter beantworten gerne Ihre Fragen","popseo_region":"Tostedt Sittensen","popseo_sachwort":"Feuchte Mauer","popseo_noupdate":"","popseo_einleitungstext":"<p>Sie haben sich mit der Bauwerksabdichtung besch\u00e4ftigt, da Ihr Wohn- oder Gesch\u00e4ftshaus feuchte Geb\u00e4udeteile aufweist und Sie nach M\u00f6glichkeiten einer wirkungsvollen und professionellen Sanierung Ausschau halten. Gut, dass Sie unseren Internetauftritt entdeckt haben. Auf den folgenden Seiten d\u00fcrfen wir Ihnen einige Informationen zu unserem Leistungsspektrum geben. Sie lernen auf dieser Internetseite unsere Firma n\u00e4her kennen. <\/p>\n<p>Unser Unternehmen ist ein spezialisierter und etablierter Fachbetrieb mit Sitz in Brietlingen bei L\u00fcneburg. Bereits seit vielen Jahren sind wir Ihr Spezialist f\u00fcr s\u00e4mtliche Fragen rund um die Bauwerksabdichtung. Wir setzen ausschlie\u00dflich praxisbew\u00e4hrte und effektive Sanierungssysteme und -methoden ein. Als Fachbetrieb f\u00fcr Abdichtung und Sanierung blicken wir auf eine lange und intensive Berufserfahrung zur\u00fcck. Unsere freundlichen Fachleute informieren Sie gerne im Detail.<\/p>","popseo_schlusstext":"<p>Gerne informieren wir Sie n\u00e4her \u00fcber unser Themengebiet. Wir nennen Ihnen mit Vergn\u00fcgen auch einige Referenzen, die Ihnen einen Einblick in unsere Firment\u00e4tigkeit geben.<br \/>\nSetzen Sie auf die Expertise eines erfahrenen Fachbetriebes. Rufen Sie uns doch einfach einmal an oder senden Sie uns eine schnelle E-Mail. Wir freuen uns auf Sie.<\/p>","popseo_stadttext":"<h3>F\u00fcr Sie da in Tostedt und Sittensen<\/h3>\n<p>Durch unsere Vertriebst\u00e4tigkeit haben wir uns einen guten \u00dcberblick \u00fcber die Architektur der Gemeinden und St\u00e4dte unseres Einzugsbereiches machen k\u00f6nnen. Selbstverst\u00e4ndlich geh\u00f6ren auch Tostedt und Sittensen zu unserem unmittelbaren Gesch\u00e4ftsgebiet. Wir freuen uns darauf, mit Ihnen ins Gespr\u00e4ch zu treten. <\/p>\n<h3>Ein paar Fakten \u00fcber Tostedt und Sittensen<\/h3>\n<p>Wer in Tostedt lebt, wohnt in einem eher l\u00e4ndlichen Umfeld, ohne auf die Angebote und Abwechslungen der nahen Metropole Hamburg verzichten zu m\u00fcssen. Die Hansestadt ist nur ein paar Kilometer entfernt. Als Wohnort bietet Tostedt gute Gr\u00fcnde f\u00fcr die rund 13.000 B\u00fcrger. Tostedt begeistert durch seine attraktiven Wohnquartiere. Wer das Leben in der Peripherie mag, gleichwohl urbanes Leben sch\u00e4tzt, ist in Tostedt genau richtig. Eine gut entwickelte Infrastruktur mit umfangreichen Einkaufsm\u00f6glichkeiten sowie  vielen Freizeit- und Sportm\u00f6glichkeiten, verleihen Tostedt eine sehr gute Wohn- und Lebensqualit\u00e4t. <\/p>\n<h3>Tostedt und Sittensen \u2013 hier l\u00e4sst es sich leben!<\/h3>\n<p>Gerade einmal 20 Kilometer von Tostedt entfernt liegt die Gemeinde Sittensen. Das St\u00e4dtchen geh\u00f6rt formell zum nieders\u00e4chsischen Kreis Harburg. In Sittensen leben momentan etwa 5.600 Einwohner auf einem Areal von nicht ganz 18 qkm. Auch Sittensen \u00fcberzeugt durch eine attraktive Lage: Geografisch liegt Sittensen in der Zevener Geest, einem Landstrich am Elbe-Weser-Dreieck zwischen Hamburg. <\/p>\n<p>Die attraktive Gemeinde ist Verwaltungssitz der Samtgemeinde Sittensen, einer Vereinigung von neun kleineren Orten, n\u00e4mlich Hamersen, Gro\u00df und Klein Melckelsen, Kalbe, Lengenbostel, Tiste, Sittensen, Vierden und Wohnste. Die Samtgemeinde z\u00e4hlt in Summe rund 11.000 B\u00fcrger und erstreckt sich \u00fcber eine Fl\u00e4che von zirka 138 km\u00b2. Als Lebensmittelpunkt verbindet Sittensen st\u00e4dtisches Leben mit dem Wohnen in der Peripherie auf perfekte Weise. Die beiden norddeutschen Gro\u00dfst\u00e4dte Hamburg und Bremen sind von Sittensen aus in knapp 45 Minuten zu erreichen. <\/p>\n<h4>Unsere Leistung f\u00fcr qualit\u00e4tsbewusste Kunden aus Sittensen und Tostedt<\/h4>\n<p>Sie interessieren sich f\u00fcr unser Leistungsprogramm und sind hier im World Wide Web auf unsere Homepage gesto\u00dfen? Dar\u00fcber freuen wir uns sehr. Sehr gerne pr\u00e4sentieren wir Ihnen unser gesamtes Leistungsspektrum und beantworten Ihre Fragen. Unser egagiertes Team freut sich auf Sie.<\/p>","popseo_zusatztext":"<h3>Erstklassiges Abdichten ist uns wichtig<\/h3>\n<p>Sie haben einen N\u00e4sseschaden festgestellt und m\u00fcssen die entsprechenden Bereiche nun z\u00fcgig abdichten. Sch\u00f6n, dass Sie uns gefunden haben! Als erfahrenes Fachunternehmen der Bauwirtschaft kennen wir uns sehr gut aus mit dem Abdichten von Kellern, W\u00e4nden oder Mauern.  <\/p>\n<p>N\u00e4ssesch\u00e4den sind unser Metier: F\u00fcr unseren Betrieb geh\u00f6rt das Abdichten von Mauern, Kellern oder W\u00e4nden zur t\u00e4glichen Arbeit. Wir gehen der Ursache f\u00fcr den Wassereintritt gewissenhaft auf den Grund. Vor dem eigentlichen Abdichten muss als Erstes die Ursachenfindung stehen. Erst wenn man den richtigen Grund f\u00fcr eine Durchfeuchtung entdeckt hat, kann man mit dem Abdichten anfangen. Die Bestandsaufnahme gibt die Richtung vor, den das Abdichten eines Bauk\u00f6rpers umfassen muss.  <\/p>\n<h4>Abdichten: Wir helfen verl\u00e4sslich und kompetent!<\/h4>\n<p>Z\u00f6gern Sie bitte nicht und vereinbaren Sie noch heute einen Termin mit einem unserer kompetenten Spezialisten. Ein kurzer Telefonanruf oder auch eine schnelle e-Mail gen\u00fcgen! Bei einer Analyse direkt am entsprechenden Objekt, nehmen wir den Schaden auf und erstellen daraufhin ein Konzept f\u00fcr das nachhaltige Abdichten der betroffenen Stellen. Unsere Arbeit ist grunds\u00e4tzlich zweckbezogen: Nat\u00fcrlich flie\u00dfen auch wirtschaftliche Betrachtungen in unsere Entscheidungsfindung f\u00fcr das Abdichten Ihres Geb\u00e4udes mit ein. Alles komplett aus einer Hand: Unsere motivierten Fachkr\u00e4fte f\u00fchren s\u00e4mtliche notwendigen T\u00e4tigkeiten, die zum Abdichten erforderlich sind schnell und verl\u00e4sslich aus. Schon seit Jahren ist unser Unternehmen f\u00fcr eine hohe Qualit\u00e4t bekannt. Eine unserer Schwerpunkte liegt im Abdichten von Wohn- und Gesch\u00e4ftsgeb\u00e4uden. Vertrauen Sie auf Kompetenz und beauftragen Sie unsere Firma f\u00fcr das Abdichten von neuralgischen Bereichen im Mauerwerk. Wir freuen uns darauf, auch Ihnen helfen zu k\u00f6nnen.<\/p>","popseo_links":"<a href=\"https:\/\/bautenschutz-keul.de\/angebote\/feuchter-keller-reppenstedt\/\">Feuchter Keller Reppenstedt<\/a>, <a href=\"https:\/\/bautenschutz-keul.de\/angebote\/innenabdichtung-winsen-luhe\/\">Innenabdichtung Winsen Luhe<\/a>, <a href=\"https:\/\/bautenschutz-keul.de\/angebote\/aussenabdichtung-harburg\/\">Au\u00dfenabdichtung Harburg<\/a>, <a href=\"https:\/\/bautenschutz-keul.de\/angebote\/schimmelsanierung-maschen\/\">Schimmelsanierung Maschen<\/a>, <a href=\"https:\/\/bautenschutz-keul.de\/angebote\/feuchtigkeitsschaden-buechen\/\">Feuchtigkeitsschaden B\u00fcchen<\/a>, <a href=\"https:\/\/bautenschutz-keul.de\/angebote\/schimmelsanierung-uelzen\/\">Schimmelsanierung Uelzen<\/a>, <a href=\"https:\/\/bautenschutz-keul.de\/angebote\/schimmelsanierung-reinbek-aumuehle\/\">Schimmelsanierung Reinbek Aum\u00fchle<\/a>, <a href=\"https:\/\/bautenschutz-keul.de\/angebote\/mauertrockenlegung-bienenbuettel\/\">Mauertrockenlegung Bienenb\u00fcttel<\/a>, <a href=\"https:\/\/bautenschutz-keul.de\/angebote\/feuchte-wand-lueneburg\/\">Feuchte Wand L\u00fcneburg<\/a>, <a href=\"https:\/\/bautenschutz-keul.de\/angebote\/feuchte-mauer-maschen\/\">Feuchte Mauer Maschen<\/a>, <a href=\"https:\/\/bautenschutz-keul.de\/angebote\/rissverpressung-schwarzenbek\/\">Rissverpressung Schwarzenbek<\/a>, <a href=\"https:\/\/bautenschutz-keul.de\/angebote\/feuchter-keller-uelzen\/\">Feuchter Keller Uelzen<\/a>, <a href=\"https:\/\/bautenschutz-keul.de\/angebote\/horizontalsperre-schwarzenbek\/\">Horizontalsperre Schwarzenbek<\/a>, <a href=\"https:\/\/bautenschutz-keul.de\/angebote\/mauertrockenlegung-uelzen\/\">Mauertrockenlegung Uelzen<\/a>, <a href=\"https:\/\/bautenschutz-keul.de\/angebote\/innenabdichtung-boizenburg\/\">Innenabdichtung Boizenburg<\/a>, <a href=\"https:\/\/bautenschutz-keul.de\/angebote\/zerstoerter-putz-adendorf\/\">zerst\u00f6rter Putz Adendorf<\/a>, <a href=\"https:\/\/bautenschutz-keul.de\/angebote\/kellertrockenlegung-buechen\/\">Kellertrockenlegung B\u00fcchen<\/a>, <a href=\"https:\/\/bautenschutz-keul.de\/angebote\/rissverpressung-uelzen\/\">Rissverpressung Uelzen<\/a>, <a href=\"https:\/\/bautenschutz-keul.de\/angebote\/aussenabdichtung-geesthacht\/\">Au\u00dfenabdichtung Geesthacht<\/a>, <a href=\"https:\/\/bautenschutz-keul.de\/angebote\/kellersanierung-stelle\/\">Kellersanierung Stelle<\/a>, <a href=\"https:\/\/bautenschutz-keul.de\/angebote\/kellersanierung-boizenburg\/\">Kellersanierung Boizenburg<\/a>, <a href=\"https:\/\/bautenschutz-keul.de\/angebote\/feuchtigkeitsschaden-bergedorf-wentorf\/\">Feuchtigkeitsschaden Bergedorf Wentorf<\/a>, <a href=\"https:\/\/bautenschutz-keul.de\/angebote\/salpeter-im-keller-maschen\/\">Salpeter im Keller Maschen<\/a>, <a href=\"https:\/\/bautenschutz-keul.de\/angebote\/aussenabdichtung-ebstorf\/\">Au\u00dfenabdichtung Ebstorf<\/a>, <a href=\"https:\/\/bautenschutz-keul.de\/angebote\/horizontalsperre-buechen\/\">Horizontalsperre B\u00fcchen<\/a>, <a href=\"https:\/\/bautenschutz-keul.de\/angebote\/feuchtigkeitsschaden-lueneburg\/\">Feuchtigkeitsschaden L\u00fcneburg<\/a>, <a href=\"https:\/\/bautenschutz-keul.de\/angebote\/aufsteigende-feuchtigkeit-geesthacht\/\">aufsteigende Feuchtigkeit Geesthacht<\/a>, <a href=\"https:\/\/bautenschutz-keul.de\/angebote\/innenabdichtung-hanstedt\/\">Innenabdichtung Hanstedt<\/a>, <a href=\"https:\/\/bautenschutz-keul.de\/angebote\/aussenabdichtung-seevetal-rosengarten\/\">Au\u00dfenabdichtung Seevetal Rosengarten<\/a>, <a href=\"https:\/\/bautenschutz-keul.de\/angebote\/feuchtigkeit-winsen-luhe\/\">Feuchtigkeit Winsen Luhe<\/a>"},"_links":{"self":[{"href":"https:\/\/bautenschutz-keul.de\/angebote\/wp-json\/wp\/v2\/pages\/175","targetHints":{"allow":["GET"]}}],"collection":[{"href":"https:\/\/bautenschutz-keul.de\/angebote\/wp-json\/wp\/v2\/pages"}],"about":[{"href":"https:\/\/bautenschutz-keul.de\/angebote\/wp-json\/wp\/v2\/types\/page"}],"author":[{"embeddable":true,"href":"https:\/\/bautenschutz-keul.de\/angebote\/wp-json\/wp\/v2\/users\/1"}],"replies":[{"embeddable":true,"href":"https:\/\/bautenschutz-keul.de\/angebote\/wp-json\/wp\/v2\/comments?post=175"}],"version-history":[{"count":0,"href":"https:\/\/bautenschutz-keul.de\/angebote\/wp-json\/wp\/v2\/pages\/175\/revisions"}],"wp:attachment":[{"href":"https:\/\/bautenschutz-keul.de\/angebote\/wp-json\/wp\/v2\/media?parent=175"}],"curies":[{"name":"wp","href":"https:\/\/api.w.org\/{rel}","templated":true}]}}