{"id":178,"date":"2021-09-13T08:43:32","date_gmt":"2021-09-13T06:43:32","guid":{"rendered":"https:\/\/bautenschutz-keul.de\/angebote\/feuchte-wand-adendorf\/"},"modified":"2021-09-13T08:43:32","modified_gmt":"2021-09-13T06:43:32","slug":"feuchte-wand-adendorf","status":"publish","type":"page","link":"https:\/\/bautenschutz-keul.de\/angebote\/feuchte-wand-adendorf\/","title":{"rendered":"Feuchte Wand &#8211; Adendorf"},"content":{"rendered":"<h3>Wir helfen rasch bei feuchten W\u00e4nden!<\/h3>\n<p>Eine feuchte Wand kann zu einem schwerwiegenden Problem werden.<br \/>\nHausbesitzer sind immer wieder bestens beraten, sich gr\u00fcndlich \u00fcber M\u00f6glichkeiten der Trocknung und Sanierung zu informieren, wenn sie durchfeuchtete Stellen in ihren Kellerr\u00e4umen aufgesp\u00fcrt haben. Rechtzeitig gefunden, braucht eine feuchte Wand nicht unbedingt umfangreiche und andauernde Instandsetzungsarbeiten bewirken. <\/p>\n<p>Eine feuchte Wand kann allemal gef\u00e4hrdende Folgen auf Befinden und gesundheitliche Verfassung der Geb\u00e4udebewohner haben.  Schimmelentstehung und Sporenablagerungen sind h\u00e4ufig die Erkl\u00e4rung f\u00fcr gesundheitliche Probleme. Ein Grund zus\u00e4tzlich, der feuchten Wand zu Leibe zu gehen. Eine feuchte Wand ist eine Angelegenheit f\u00fcr den Spezialisten. Nur ein sehr gut ausgebildeter Spezialist beherrscht die zweckm\u00e4\u00dfigen Anwendungen, wie eine feuchte Wand schnell und effektiv saniert werden kann.<\/p>\n<h3>Feuchte Wand: Unsere Mitarbeiter stehen f\u00fcr Sie bereit!<\/h3>\n<p>Bevor die Arbeiten losgehen, sollte sich der Fachmann eine Meinung von dem Ausl\u00f6ser f\u00fcr den Schaden machen. Ohne die detaillierte Pr\u00fcfung, l\u00e4sst sich eine feuchte Wand nicht ernsthaft nachhaltig instandsetzen. Die Ursache gibt letzendlich das Verfahren vor. Wahrscheinliche Ausl\u00f6ser gibt es zahlreiche. H\u00e4ufig liegt die Ursache f\u00fcr eine feuchte Wand in einer nur mangelhaften Luftzufuhr. Auch por\u00f6se Abflussleitungen m\u00f6gen der Grund f\u00fcr eine feuchte Wand sein. Derlei Gr\u00fcnde sind in der Regel zeitnah erledigt. Sehr viel schwieriger wird es, falls diagnostiziert wird, dass die Feuchtigkeit von au\u00dferhalb in den Keller eindringt.  Ein hoher Grundwasserspiegel f\u00fchrt z.B dazu, dass Feuchtigkeit in die Mauer zieht. Sogar Bauwerke mit Hanglage sind bedroht f\u00fcr durchdringende Feuchtigkeit. In solchen F\u00e4llen kann es schon mal sein, dass gr\u00f6\u00dfere Gesch\u00fctze f\u00fcr eine effektive Renovierung aufgefahren werden m\u00fcssen. Doch auch in diesem Fall ist eine feuchte Wand kein unausweichliches Schicksal.<\/p>\n","protected":false},"excerpt":{"rendered":"<p>Wir helfen rasch bei feuchten W\u00e4nden! Eine feuchte Wand kann zu einem schwerwiegenden Problem werden. Hausbesitzer sind immer wieder bestens beraten, sich gr\u00fcndlich \u00fcber M\u00f6glichkeiten der Trocknung und Sanierung zu informieren, wenn sie durchfeuchtete Stellen in ihren Kellerr\u00e4umen aufgesp\u00fcrt haben. Rechtzeitig gefunden, braucht eine feuchte Wand nicht unbedingt umfangreiche und andauernde Instandsetzungsarbeiten bewirken. Eine feuchte [&hellip;]<\/p>\n","protected":false},"author":1,"featured_media":0,"parent":0,"menu_order":0,"comment_status":"closed","ping_status":"closed","template":"","meta":{"footnotes":""},"class_list":["post-178","page","type-page","status-publish","hentry"],"meta_box":{"popseo_subtitel":"Feuchte Wand: Die Firma TK-Geb\u00e4udetechnik Thorsten Keul ist Ihr Fachbetrieb in Adendorf","popseo_subtitel2":"Feuchte Wand - ein Problem, dem man sich stellen muss","popseo_lasttitel":"Feuchte Wand: D\u00fcrfen wir Ihre Fragen beantworten?","popseo_region":"Adendorf","popseo_sachwort":"Feuchte Wand","popseo_noupdate":"","popseo_einleitungstext":"<p>Sie haben sich mit der Bauwerksabdichtung auseinandergesetzt, weil Ihr Haus feuchte Geb\u00e4udeteile aufweist und Sie nach M\u00f6glichkeiten einer wirkungsvollen und professionellen Sanierung Ausschau halten. Prima, dass Sie unsere Website gefunden haben. Nachfolgend m\u00f6chten wir Ihnen n\u00e4here Informationen zu unserem Leistungsspektrum geben. Sie lernen auf dieser Website unsere Firma etwas n\u00e4her kennen. <\/p>\n<p>Unser Unternehmen ist ein spezialisierter und etablierter Fachbetrieb mit Gesch\u00e4ftsssitz in Brietlingen bei L\u00fcneburg. Bereits seit vielen Jahren sind wir Ihr Fachpartner f\u00fcr s\u00e4mtliche Fragen rund um Geb\u00e4udeabdichtung. Wir setzen ausschlie\u00dflich effektive und praxisbew\u00e4hrte Sanierungssysteme und -methoden ein. Als Fachbetrieb f\u00fcr Abdichtung und Sanierung blicken wir auf eine lange Berufserfahrung zur\u00fcck. Unsere freundlichen Mitarbeiter informieren Sie mit Vergn\u00fcgen im Detail.<\/p>","popseo_schlusstext":"<p>Auf Wunsch informieren wir Sie n\u00e4her \u00fcber unser Aufgabenfeld. Wir pr\u00e4sentieren Ihnen mit Vergn\u00fcgen auch ein paar Projekte, die Ihnen einen Einblick in unsere Unternehmenst\u00e4tigkeit geben.<br \/>\nWir sind f\u00fcr Sie da. Rufen Sie uns doch rasch einmal an oder schreiben Sie uns eine schnelle E-Mail. Wir freuen uns auf Sie.<\/p>","popseo_stadttext":"<h3>Unser Leistungskatalog f\u00fcr Kunden aus  Adendorf<\/h3>\n<p>Unser Gesch\u00e4ftsbereich umfasst auch Adendorf. Durch unsere Gesch\u00e4ftst\u00e4tigkeit haben wir uns einen sehr guten \u00dcberblick \u00fcber die Architektur der Gemeinden und St\u00e4dte unseres Vertriebsgebietes machen k\u00f6nnen. Wir f\u00fchlen uns der Region verpflichtet und sind stolz darauf, auch unseren Teil zur guten Infrastruktur der Gemeinde beizusteuern zu k\u00f6nnen.  <\/p>\n<h3>Ein paar Fakten \u00fcber Adendorf<\/h3><br \/>\nAdendorf liegt knapp vier Kilometer von L\u00fcneburg entfernt zwischen dem Elbe-Seitenkanal und der Illmenau. Nicht ganz 11.000 B\u00fcrger leben in Aldendorf auf einem Areal von zirka 16 qkm. Die \u00d6konomie der Gemeinde wird dominiert von kleinen und mittelst\u00e4ndischen Firmen aus den Gesch\u00e4ftsfeldern Dienstleistung und Handwerk. Erreichbar ist der Ort mit dem Auto \u00fcber die B209. Aldendorf verf\u00fcgt des Weiteren \u00fcber eine Zufahrt an die BAB 39. Der \u00d6PN wird \u00fcber verschiedene Busverbindungen sichergestellt. Das Umfeld l\u00e4dt zu Ausfahrten am Wochenende ein. Die Bebauungsstruktur in der Region ist \u00fcberwiegend gekennzeichnet von einer angenehmen Einzelhausbebauung. In erster Line junge Familien genie\u00dfen das Leben in Adendorf.<br \/>\n<h4>Unsere Leistung f\u00fcr qualit\u00e4tsbewusste Kunden aus Adendorf<\/h4>\n<p>Sie wohnen in Adendorf und interessieren sich f\u00fcr unser Leistungsangebot. Prima, dass Sie diese Seite gefunden haben. F\u00fcr R\u00fcckfragen stehen wir Ihnen jederzeit zur Verf\u00fcgung. Auf den Kontakt zu Ihnen freuen wir uns.<\/p>","popseo_zusatztext":"<h3>Sanieren: Wir versprechen Ihnen eine erstklassige Arbeit!<\/h3>\n<p>Sie planen eine Wand, einen Keller oder sogar ein komplettes Bauwerk zu sanieren? Prima, denn da sind Sie bei uns genau an der korrekten Adresse. Wir sind Ihr kompetenter Partner f\u00fcr alle Fragen rund um das Sanieren von H\u00e4usern.  Ob durchn\u00e4sste Keller, feuchte Mauern oder die Sanierung ausgedehnter Feuchtesch\u00e4den: Als spezialisiertes Fachunternehmen geh\u00f6rt das Sanieren zu unseren allt\u00e4glichen T\u00e4tigkeitsschwerpunkten. Wir gehen der Schadensursache ganz genau auf den Grund. Vor der konkreten Sanierung muss selbstverst\u00e4ndlich die Ursachenforschung stehen. Erst wenn man den richtigen Grund f\u00fcr einen entstandenen Schaden kennt, kann man sinnvollerweise mit dem Sanieren anfangen. Auch sieht man erst nach einer exakten Analyse das Ausma\u00df, den das Sanieren eines Bauk\u00f6rpers beanspruchen wird.<\/p>\n<p>Verabreden Sie doch gleich einmal einen unverbindlichen Termin mit einem unserer sehr gut geschulten Spezialisten. Telefon oder auch eMail gen\u00fcgen! Bei einer Begutachtung direkt vor Ort nehmen wir die Besch\u00e4digung auf und machen Vorschl\u00e4ge f\u00fcr das passende Sanieren. So viel wie erforderlich, so wenig wie m\u00f6glich: Auch wirtschaftliche Betrachtungen flie\u00dfen in unsere Entscheidungsfindung f\u00fcr das Sanieren Ihres Bauwerkes mit ein. <\/p>\n<h4>Sanieren: Wir helfen verl\u00e4sslich und kompetent!<\/h4>\n<p>Selbstverst\u00e4ndlich f\u00fchren unsere sachkundigen Mitarbeiter alle erforderlichen T\u00e4tigkeiten, die zum Sanieren geh\u00f6ren in kurzer Zeit und zuverl\u00e4ssig aus. Unser Unternehmen ist seit mehreren Jahren f\u00fcr eine hohe Fachkompetenz beim Sanieren bekannt. Der Sanierung von Wohn- und Gesch\u00e4ftsh\u00e4usern haben wir uns gewidmet. Vertrauen Sie auf Routine und \u00fcbertragen Sie das Sanieren Ihres Hauses unserer Fachfirma. Wir freuen uns darauf, auch Ihnen helfen zu d\u00fcrfen.<\/p>","popseo_links":"<a href=\"https:\/\/bautenschutz-keul.de\/angebote\/kellersanierung-stelle\/\">Kellersanierung Stelle<\/a>, <a href=\"https:\/\/bautenschutz-keul.de\/angebote\/feuchtigkeit-ebstorf\/\">Feuchtigkeit Ebstorf<\/a>, <a href=\"https:\/\/bautenschutz-keul.de\/angebote\/horizontalsperre-winsen-luhe\/\">Horizontalsperre Winsen Luhe<\/a>, <a href=\"https:\/\/bautenschutz-keul.de\/angebote\/rissverpressung-glinde-sachsenwald\/\">Rissverpressung Glinde Sachsenwald<\/a>, <a href=\"https:\/\/bautenschutz-keul.de\/angebote\/zerstoerter-putz-maschen\/\">zerst\u00f6rter Putz Maschen<\/a>, <a href=\"https:\/\/bautenschutz-keul.de\/angebote\/kellerabdichtung-reinbek-aumuehle\/\">Kellerabdichtung Reinbek Aum\u00fchle<\/a>, <a href=\"https:\/\/bautenschutz-keul.de\/angebote\/salpeter-im-keller-buechen\/\">Salpeter im Keller B\u00fcchen<\/a>, <a href=\"https:\/\/bautenschutz-keul.de\/angebote\/schimmelsanierung-winsen-luhe\/\">Schimmelsanierung Winsen Luhe<\/a>, <a href=\"https:\/\/bautenschutz-keul.de\/angebote\/horizontalsperre-schwarzenbek\/\">Horizontalsperre Schwarzenbek<\/a>, <a href=\"https:\/\/bautenschutz-keul.de\/angebote\/aufsteigende-feuchtigkeit-adendorf\/\">aufsteigende Feuchtigkeit Adendorf<\/a>, <a href=\"https:\/\/bautenschutz-keul.de\/angebote\/kellerabdichtung-maschen\/\">Kellerabdichtung Maschen<\/a>, <a href=\"https:\/\/bautenschutz-keul.de\/angebote\/salpeter-im-keller-bergedorf-wentorf\/\">Salpeter im Keller Bergedorf Wentorf<\/a>, <a href=\"https:\/\/bautenschutz-keul.de\/angebote\/feuchte-wand-bergedorf-wentorf\/\">Feuchte Wand Bergedorf Wentorf<\/a>, <a href=\"https:\/\/bautenschutz-keul.de\/angebote\/kellerabdichtung-boizenburg\/\">Kellerabdichtung Boizenburg<\/a>, <a href=\"https:\/\/bautenschutz-keul.de\/angebote\/feuchte-mauer-boizenburg\/\">Feuchte Mauer Boizenburg<\/a>, <a href=\"https:\/\/bautenschutz-keul.de\/angebote\/rissverpressung-brietlingen\/\">Rissverpressung Brietlingen<\/a>, <a href=\"https:\/\/bautenschutz-keul.de\/angebote\/horizontalsperre-glinde-sachsenwald\/\">Horizontalsperre Glinde Sachsenwald<\/a>, <a href=\"https:\/\/bautenschutz-keul.de\/angebote\/schimmel-glinde-sachsenwald\/\">Schimmel Glinde Sachsenwald<\/a>, <a href=\"https:\/\/bautenschutz-keul.de\/angebote\/aussenabdichtung-adendorf\/\">Au\u00dfenabdichtung Adendorf<\/a>, <a href=\"https:\/\/bautenschutz-keul.de\/angebote\/feuchte-wand-bad-bevensen\/\">Feuchte Wand Bad Bevensen<\/a>, <a href=\"https:\/\/bautenschutz-keul.de\/angebote\/innenabdichtung-reppenstedt\/\">Innenabdichtung Reppenstedt<\/a>, <a href=\"https:\/\/bautenschutz-keul.de\/angebote\/schimmel-bad-bevensen\/\">Schimmel Bad Bevensen<\/a>, <a href=\"https:\/\/bautenschutz-keul.de\/angebote\/horizontalsperre-stelle\/\">Horizontalsperre Stelle<\/a>, <a href=\"https:\/\/bautenschutz-keul.de\/angebote\/rissverpressung-adendorf\/\">Rissverpressung Adendorf<\/a>, <a href=\"https:\/\/bautenschutz-keul.de\/angebote\/kellertrockenlegung-brietlingen\/\">Kellertrockenlegung Brietlingen<\/a>, <a href=\"https:\/\/bautenschutz-keul.de\/angebote\/feuchtigkeitsschaden-reppenstedt\/\">Feuchtigkeitsschaden Reppenstedt<\/a>, <a href=\"https:\/\/bautenschutz-keul.de\/angebote\/mauertrockenlegung-bad-bevensen\/\">Mauertrockenlegung Bad Bevensen<\/a>, <a href=\"https:\/\/bautenschutz-keul.de\/angebote\/feuchtigkeit-bad-bevensen\/\">Feuchtigkeit Bad Bevensen<\/a>, <a href=\"https:\/\/bautenschutz-keul.de\/angebote\/feuchte-wand-amelinghausen\/\">Feuchte Wand Amelinghausen<\/a>, <a href=\"https:\/\/bautenschutz-keul.de\/angebote\/schimmelsanierung-boizenburg\/\">Schimmelsanierung Boizenburg<\/a>"},"_links":{"self":[{"href":"https:\/\/bautenschutz-keul.de\/angebote\/wp-json\/wp\/v2\/pages\/178","targetHints":{"allow":["GET"]}}],"collection":[{"href":"https:\/\/bautenschutz-keul.de\/angebote\/wp-json\/wp\/v2\/pages"}],"about":[{"href":"https:\/\/bautenschutz-keul.de\/angebote\/wp-json\/wp\/v2\/types\/page"}],"author":[{"embeddable":true,"href":"https:\/\/bautenschutz-keul.de\/angebote\/wp-json\/wp\/v2\/users\/1"}],"replies":[{"embeddable":true,"href":"https:\/\/bautenschutz-keul.de\/angebote\/wp-json\/wp\/v2\/comments?post=178"}],"version-history":[{"count":0,"href":"https:\/\/bautenschutz-keul.de\/angebote\/wp-json\/wp\/v2\/pages\/178\/revisions"}],"wp:attachment":[{"href":"https:\/\/bautenschutz-keul.de\/angebote\/wp-json\/wp\/v2\/media?parent=178"}],"curies":[{"name":"wp","href":"https:\/\/api.w.org\/{rel}","templated":true}]}}