{"id":183,"date":"2021-09-13T08:43:32","date_gmt":"2021-09-13T06:43:32","guid":{"rendered":"https:\/\/bautenschutz-keul.de\/angebote\/feuchte-wand-bergedorf-wentorf\/"},"modified":"2021-09-13T08:43:32","modified_gmt":"2021-09-13T06:43:32","slug":"feuchte-wand-bergedorf-wentorf","status":"publish","type":"page","link":"https:\/\/bautenschutz-keul.de\/angebote\/feuchte-wand-bergedorf-wentorf\/","title":{"rendered":"Feuchte Wand &#8211; Bergedorf Wentorf"},"content":{"rendered":"<h3>Sie ben\u00f6tigen Hilfe gegen eine feuchte Wand? Dann rufen Sie uns bitte an!<\/h3>\n<p>Eine feuchte Wand k\u00f6nnte zu einem gravierenden Fall werden.<br \/>\nEigent\u00fcmer sind immer wieder gut beraten, sich eingehend \u00fcber Sanierungsm\u00f6glichkeiten zu erkundigen, falls sie durchn\u00e4sste Bereiche in ihren R\u00e4umen entdeckt haben. Fr\u00fchzeitig registriert, muss eine feuchte Wand nicht zwingend schwerwiegende und andauernde Sanierungsarbeiten bewirken. <\/p>\n<p>Eine feuchte Wand kann allemal gef\u00e4hrdende Folgen auf Wohlbefinden und gesundheitliche Verfassung der Hausbewohner haben.  Schimmelbildung und Sporenablagerungen sind nicht selten die Erkl\u00e4rung f\u00fcr gesundheitliche Probleme. Ein Anlass mehr, der feuchten Wand zu Leibe zu gehen. Eine feuchte Wand ist ein Thema f\u00fcr den Profi. Nur ein gut geschulter Fachmann kennt die geeigneten Verfahren, wie eine feuchte Wand unverz\u00fcglich und effektiv repariert werden kann.<\/p>\n<h3>Feuchte Wand: Schnelle Hilfe durch den Fachbetrieb!<\/h3>\n<p>Bevor die Ma\u00dfnahmen starten, sollte sich der Fachmann ein Bild von den Ursachen f\u00fcr den Schaden machen. Ohne die gr\u00fcndliche Analyse, l\u00e4sst sich eine feuchte Wand nicht wirklich effektiv sanieren. Der Grund gibt letzendlich die Richtung vor. Denkbare Ursachen gibt es sehr viele. Regelm\u00e4\u00dfig liegt der Grund f\u00fcr eine feuchte Wand in einer nicht ausreichenden L\u00fcftung. Auch tropfende Wasserrohre k\u00f6nnen die Ursache f\u00fcr eine feuchte Wand sein. Solche Ursachen sind erfahrungsgem\u00e4\u00df umgehend in Ordnung gebracht. Sehr viel komplizierter wird es, wenn diagnostiziert wird, dass die N\u00e4sse von au\u00dfen in den Keller dringt.  Ein gestiegener Grundwasserpegel f\u00fchrt zum Beispiel dazu, dass N\u00e4sse in die Mauer gelangt. Auch H\u00e4user mit Hanglage sind gef\u00e4hrdet f\u00fcr eindringende Feuchtigkeit. Dort kann es durchaus sein, dass h\u00e4rtere Gesch\u00fctze f\u00fcr eine tiefgreifende Sanierung erwogen werden m\u00fcssen. Aber auch in diesem Fall ist eine feuchte Wand kein unabwendbares \u00dcbel.<\/p>\n","protected":false},"excerpt":{"rendered":"<p>Sie ben\u00f6tigen Hilfe gegen eine feuchte Wand? Dann rufen Sie uns bitte an! Eine feuchte Wand k\u00f6nnte zu einem gravierenden Fall werden. Eigent\u00fcmer sind immer wieder gut beraten, sich eingehend \u00fcber Sanierungsm\u00f6glichkeiten zu erkundigen, falls sie durchn\u00e4sste Bereiche in ihren R\u00e4umen entdeckt haben. Fr\u00fchzeitig registriert, muss eine feuchte Wand nicht zwingend schwerwiegende und andauernde Sanierungsarbeiten [&hellip;]<\/p>\n","protected":false},"author":1,"featured_media":0,"parent":0,"menu_order":0,"comment_status":"closed","ping_status":"closed","template":"","meta":{"footnotes":""},"class_list":["post-183","page","type-page","status-publish","hentry"],"meta_box":{"popseo_subtitel":"Feuchte Wand: Die Firma TK-Geb\u00e4udetechnik Thorsten Keul ist Ihr erfahrener Fachbetrieb im Raum Bergedorf Wentorf","popseo_subtitel2":"Feuchte Wand - Sanierung durch die Spezialisten unserer Firma","popseo_lasttitel":"Feuchte Wand: Sie haben Fragen? Dann melden Sie sich bei uns","popseo_region":"Bergedorf Wentorf","popseo_sachwort":"Feuchte Wand","popseo_noupdate":"","popseo_einleitungstext":"<p>Sie haben sich mit dem Thema Bauwerksabdichtung besch\u00e4ftigt, weil Ihr Haus feuchte Geb\u00e4udeteile aufweist und Sie nach Methoden einer professionellen und vor allem wirksamen Sanierung Ausschau halten. Sch\u00f6n, dass Sie unsere Website besuchen. Auf den folgenden Seiten d\u00fcrfen wir Ihnen n\u00e4here Informationen zu unserem Leistungsangebot geben. Sie lernen auf dieser Website unsere Firma etwas n\u00e4her kennen. <\/p>\n<p>Die Firma TK-Geb\u00e4udetechnik Thorsten Keul ist ein qualifizierter und etablierter Fachbetrieb mit Gesch\u00e4ftsssitz in Brietlingen bei L\u00fcneburg. Seit vielen Jahren schon sind wir Ihr Spezialist f\u00fcr alle auftretenden Fragen rund um die Bauwerksabdichtung. Wir setzen ausschlie\u00dflich effektive und praxisbew\u00e4hrte Sanierungsmethoden und -systeme ein. Als Sanierungsfachbetrieb schauen wir auf eine lange und intensive Berufserfahrung zur\u00fcck. Unsere freundlichen Mitarbeiter informieren Sie sehr gerne im Detail.<\/p>","popseo_schlusstext":"<p>Wenn Sie mehr wissen m\u00f6chten, informieren wir Sie n\u00e4her \u00fcber unser Themengebiet. Wir nennen Ihnen mit Vergn\u00fcgen auch ein paar Referenzprojekte, die Ihnen einen Einblick in unsere T\u00e4tigkeit geben.<br \/>\nDie Fachleute der Firma Thorsten Keul sind gerne f\u00fcr Sie im Einsatz. Rufen Sie uns doch einfach einmal an oder senden Sie uns eine schnelle E-Mail. Wir freuen uns auf Sie.<\/p>","popseo_stadttext":"<h3>Zu Ihren Diensten in Bergedorf und Wentorf<\/h3>\n<p>Durch unsere Vertriebst\u00e4tigkeit haben wir uns einen sehr guten \u00dcberblick \u00fcber die Architektur der St\u00e4dte und Gemeinden unseres Einzugsbereiches erarbeiten k\u00f6nnen. Nat\u00fcrlich geh\u00f6ren auch Bergedorf und Wentorf zu unserem unmittelbaren Vertriebsgebiet. Wir freuen uns darauf, mit Ihnen ins Gespr\u00e4ch zu treten. <\/p>\n<h3>Einige Details \u00fcber Bergedorf und Wentorf:<h3>\n<p>Einstmals selbst\u00e4ndig z\u00e4hlt Bergedorf jetzt zur Freien und Hansestadt Hamburg. Der Stadtteil liegt im S\u00fcdosten der Hansestadt und grenzt an die schleswig-holsteinischen Orte Reinbek und Wentorf. In Bergedorf leben circa 42.000 B\u00fcrger auf einer Fl\u00e4che von 11 qkm. Auch wenn Bergedorf bereits seit dem 01. Januar 1938 keine Selbst\u00e4ndigkeit mehr besitzt, hat sich der Stadtteil nichtsdestotrotz eine gewisse Originalit\u00e4t bewahrt. Beinahe ist man geneigt zu sagen, Bergedorf w\u00e4re eine Art Stadt in der Stadt. Zum Bezirk Bergedorf z\u00e4hlen in Summe 14 Stadtteile. Die gr\u00f6\u00dften Ortsteile sind: Allerm\u00f6he, Moorfleet, Lohbr\u00fcgge, Billwerder, Curslack, Neuallerm\u00f6he, Altengamme, Ochsenwerder, Kirchwerder und Neuengamme. Mitunter hinzu gerechnet wird auch Wentorf. Das ist allerdings nicht v\u00f6llig korrekt, da Wentorf zum schleswig-holsteinischen Landkreis Herzogtum Lauenburg geh\u00f6rt.  <\/p>\n<p>In Bergedorf zu wohnen hei\u00dft, die Annehmlichkeiten der Gro\u00dfstadt zu genie\u00dfen ohne im selben Moment auf kleinst\u00e4dtischen Charme zu verzichten. Die Wohnquartiere von Bergedorf sind gepr\u00e4gt von Einzel- oder Mehrfamilienhausbebauung. Gr\u00f6\u00dfere Hochh\u00e4user findet man in Bergedorf vor allem in der N\u00e4he des Zentrums. Die Infrastruktur \u00fcberzeugt: Im Ortskern von Bergedorf finden sich hervorragende Einkaufsm\u00f6glichkeiten. <\/p>\n<h3>Bergedorf und Wentorf haben Charme!<\/h3>\n<p>Ob in den Passagen oder in der Fu\u00dfg\u00e4ngerzone: In Bergedorf l\u00e4sst es sich ohne Frage entspannt bummeln. Und wer danach Lust und Laune auf etwas Entspannung hat, macht Pause in einem der vielen urgem\u00fctlichen Caf\u00e9s und Restaurants. Bergedorf ist an den Hamburger Verkehrsverbund angebunden. Mit der S-Bahnlinie S2 erreicht man den Hauptbahnhof in circa 25 Minuten. Auch mit dem PKW kommt man rasch nach Bergedorf: \u00dcber die B 5 und 207 kommt man unmittelbar in den Stadtteil. Die Menschen aus Bergedorf liebt besonders den bunten Mix ihres Stadtteils. Eine gesunde Wirtschaft, die nahen Naturgebiete sowie die gro\u00dfz\u00fcgigen Kultur- und Freizeitangebote machen Bergedorf zu einem Wohnort mit extrem  hoher Lebensqualit\u00e4t.<\/p>\n<p>Auch Wentorf grenzt unmittelbar an Bergedorf, die \u00dcberg\u00e4nge sind nahezu flie\u00dfend. Als sch\u00f6nes Wohnquartier ist Wentorf speziell bei Berufspendlern beliebt. Eine ausgezeichnete Infrastruktur, die N\u00e4he zur Stadt und eine sehr gute Verkehrsanbindung zeichnen Wentorf aus. <\/p>\n<h4>Privat- und Gesch\u00e4ftskunden aus Bergedorf und Wentorf sch\u00e4tzen unsere Leistungen!<\/h4>\n<p>Wir finden es super, dass Sie unsere Internetseite gefunden haben. Ob Bergedorf oder Wentorf: Unsere Erfahrung und die Qualit\u00e4t von Material und Ausf\u00fchrung garantiert Ihnen ein sehr gutes Preis-Leistungsverh\u00e4ltnis. Sie m\u00f6chten mehr \u00fcber uns erfahren? F\u00fcr R\u00fcckfragen stehen wir Ihnen jederzeit zur Verf\u00fcgung. Unser engagiertes Team freut sich auf Sie.<\/p>","popseo_zusatztext":"<h3>Erstklassiges Sanieren ist uns wichtig<\/h3>\n<p>Sie planen eine Mauer, einen Keller oder gar ein gesamtes Geb\u00e4ude zu sanieren? Super, denn da sind Sie bei uns genau an der richtigen Adresse. Wir sind Ihr kompetenter Partner f\u00fcr s\u00e4mtliche Fragestellungen rund um das Sanieren von H\u00e4usern.  Ob feuchte Keller, nasse Mauern oder die Sanierung ausgedehnter Feuchtigkeitssch\u00e4den: Als spezialisiertes Fachunternehmen geh\u00f6rt das Sanieren zu unseren allt\u00e4glichen T\u00e4tigkeitsschwerpunkten. Wir gehen dem Schadensfall gewissenhaft auf den Grund. Vor der konkreten Sanierung muss auf jeden Fall die Ursachenfindung stehen. Nur wenn man den richtigen Grund f\u00fcr einen entstandenen Schaden kennt, kann man nat\u00fcrlich erst mit dem Sanieren anfangen. Auch sieht man erst nach einer exakten Analyse den Umfang, den das Sanieren eines Geb\u00e4udes beanspruchen wird.<\/p>\n<p>Verabreden Sie doch kurzerhand einmal einen unverbindlichen Termin mit einem unserer gut ausgebildeten Spezialisten. Anruf beziehungsweise e-Mail reichen! Im Rahmen einer Begehung direkt vor Ort nehmen wir die M\u00e4ngel auf und unterbreiten Vorschl\u00e4ge f\u00fcr das zweckgerichtete Sanieren. So viel wie n\u00f6tig, so wenig wie m\u00f6glich: Auch monet\u00e4re \u00dcberlegungen flie\u00dfen in unsere Entscheidungsfindung f\u00fcr das Sanieren Ihres Bauwerkes mit ein. <\/p>\n<h4>Sanieren: Unsere Mitarbeiter stehen f\u00fcr Sie bereit!<\/h4>\n<p>Selbstverst\u00e4ndlich f\u00fchren unsere sachkundigen Spezialisten alle erforderlichen T\u00e4tigkeiten, die zum Sanieren geh\u00f6ren schnell und verl\u00e4\u00dflich aus. Unsere Firma ist seit mehreren Jahren f\u00fcr eine hohe Kompetenz beim Sanieren bekannt. Der Reparatur von Wohn- und Gesch\u00e4ftsh\u00e4usern haben wir uns gewidmet. Setzen Sie auf Erfahrung und \u00fcbertragen Sie das Sanieren Ihres Geb\u00e4udes unserem Unternehmen. Wir freuen uns darauf, auch Ihnen helfen zu d\u00fcrfen.<\/p>","popseo_links":"<a href=\"https:\/\/bautenschutz-keul.de\/angebote\/feuchtigkeitsschaden-salzhausen\/\">Feuchtigkeitsschaden Salzhausen<\/a>, <a href=\"https:\/\/bautenschutz-keul.de\/angebote\/feuchtigkeitsschaden-boizenburg\/\">Feuchtigkeitsschaden Boizenburg<\/a>, <a href=\"https:\/\/bautenschutz-keul.de\/angebote\/mauertrockenlegung-lueneburg\/\">Mauertrockenlegung L\u00fcneburg<\/a>, <a href=\"https:\/\/bautenschutz-keul.de\/angebote\/feuchte-wand-amt-neuhaus\/\">Feuchte Wand Amt Neuhaus<\/a>, <a href=\"https:\/\/bautenschutz-keul.de\/angebote\/schimmel-salzhausen\/\">Schimmel Salzhausen<\/a>, <a href=\"https:\/\/bautenschutz-keul.de\/angebote\/schimmelbeseitigung-seevetal-rosengarten\/\">Schimmelbeseitigung Seevetal Rosengarten<\/a>, <a href=\"https:\/\/bautenschutz-keul.de\/angebote\/feuchte-wand-geesthacht\/\">Feuchte Wand Geesthacht<\/a>, <a href=\"https:\/\/bautenschutz-keul.de\/angebote\/kellerabdichtung-bienenbuettel\/\">Kellerabdichtung Bienenb\u00fcttel<\/a>, <a href=\"https:\/\/bautenschutz-keul.de\/angebote\/schimmelbeseitigung-reinbek-aumuehle\/\">Schimmelbeseitigung Reinbek Aum\u00fchle<\/a>, <a href=\"https:\/\/bautenschutz-keul.de\/angebote\/schimmelsanierung-bispingen\/\">Schimmelsanierung Bispingen<\/a>, <a href=\"https:\/\/bautenschutz-keul.de\/angebote\/horizontalsperre-reinbek-aumuehle\/\">Horizontalsperre Reinbek Aum\u00fchle<\/a>, <a href=\"https:\/\/bautenschutz-keul.de\/angebote\/rissverpressung-maschen\/\">Rissverpressung Maschen<\/a>, <a href=\"https:\/\/bautenschutz-keul.de\/angebote\/feuchtigkeitsschaden-winsen-luhe\/\">Feuchtigkeitsschaden Winsen Luhe<\/a>, <a href=\"https:\/\/bautenschutz-keul.de\/angebote\/horizontalsperre-lueneburg\/\">Horizontalsperre L\u00fcneburg<\/a>, <a href=\"https:\/\/bautenschutz-keul.de\/angebote\/schimmel-buchholz-in-der-nordheide\/\">Schimmel Buchholz in der Nordheide<\/a>, <a href=\"https:\/\/bautenschutz-keul.de\/angebote\/innenabdichtung-schwarzenbek\/\">Innenabdichtung Schwarzenbek<\/a>, <a href=\"https:\/\/bautenschutz-keul.de\/angebote\/rissverpressung-herzogtum-lauenburg\/\">Rissverpressung Herzogtum Lauenburg<\/a>, <a href=\"https:\/\/bautenschutz-keul.de\/angebote\/aufsteigende-feuchtigkeit-glinde-sachsenwald\/\">aufsteigende Feuchtigkeit Glinde Sachsenwald<\/a>, <a href=\"https:\/\/bautenschutz-keul.de\/angebote\/bauwerksabdichtung-bienenbuettel\/\">Bauwerksabdichtung Bienenb\u00fcttel<\/a>, <a href=\"https:\/\/bautenschutz-keul.de\/angebote\/schimmelbeseitigung-adendorf\/\">Schimmelbeseitigung Adendorf<\/a>, <a href=\"https:\/\/bautenschutz-keul.de\/angebote\/schimmelbeseitigung-bispingen\/\">Schimmelbeseitigung Bispingen<\/a>, <a href=\"https:\/\/bautenschutz-keul.de\/angebote\/kellertrockenlegung-buchholz-in-der-nordheide\/\">Kellertrockenlegung Buchholz in der Nordheide<\/a>, <a href=\"https:\/\/bautenschutz-keul.de\/angebote\/kellerabdichtung-reppenstedt\/\">Kellerabdichtung Reppenstedt<\/a>, <a href=\"https:\/\/bautenschutz-keul.de\/angebote\/bauwerksabdichtung-lueneburg\/\">Bauwerksabdichtung L\u00fcneburg<\/a>, <a href=\"https:\/\/bautenschutz-keul.de\/angebote\/feuchtigkeit-salzhausen\/\">Feuchtigkeit Salzhausen<\/a>, <a href=\"https:\/\/bautenschutz-keul.de\/angebote\/rissverpressung-ebstorf\/\">Rissverpressung Ebstorf<\/a>, <a href=\"https:\/\/bautenschutz-keul.de\/angebote\/bauwerksabdichtung-seevetal-rosengarten\/\">Bauwerksabdichtung Seevetal Rosengarten<\/a>, <a href=\"https:\/\/bautenschutz-keul.de\/angebote\/aussenabdichtung-schwarzenbek\/\">Au\u00dfenabdichtung Schwarzenbek<\/a>, <a href=\"https:\/\/bautenschutz-keul.de\/angebote\/feuchtigkeit-maschen\/\">Feuchtigkeit Maschen<\/a>, <a href=\"https:\/\/bautenschutz-keul.de\/angebote\/feuchtigkeitsschaden-herzogtum-lauenburg\/\">Feuchtigkeitsschaden Herzogtum Lauenburg<\/a>"},"_links":{"self":[{"href":"https:\/\/bautenschutz-keul.de\/angebote\/wp-json\/wp\/v2\/pages\/183","targetHints":{"allow":["GET"]}}],"collection":[{"href":"https:\/\/bautenschutz-keul.de\/angebote\/wp-json\/wp\/v2\/pages"}],"about":[{"href":"https:\/\/bautenschutz-keul.de\/angebote\/wp-json\/wp\/v2\/types\/page"}],"author":[{"embeddable":true,"href":"https:\/\/bautenschutz-keul.de\/angebote\/wp-json\/wp\/v2\/users\/1"}],"replies":[{"embeddable":true,"href":"https:\/\/bautenschutz-keul.de\/angebote\/wp-json\/wp\/v2\/comments?post=183"}],"version-history":[{"count":0,"href":"https:\/\/bautenschutz-keul.de\/angebote\/wp-json\/wp\/v2\/pages\/183\/revisions"}],"wp:attachment":[{"href":"https:\/\/bautenschutz-keul.de\/angebote\/wp-json\/wp\/v2\/media?parent=183"}],"curies":[{"name":"wp","href":"https:\/\/api.w.org\/{rel}","templated":true}]}}