{"id":184,"date":"2021-09-13T08:43:32","date_gmt":"2021-09-13T06:43:32","guid":{"rendered":"https:\/\/bautenschutz-keul.de\/angebote\/feuchte-wand-bienenbuettel\/"},"modified":"2021-09-13T08:43:32","modified_gmt":"2021-09-13T06:43:32","slug":"feuchte-wand-bienenbuettel","status":"publish","type":"page","link":"https:\/\/bautenschutz-keul.de\/angebote\/feuchte-wand-bienenbuettel\/","title":{"rendered":"Feuchte Wand &#8211; Bienenb\u00fcttel"},"content":{"rendered":"<h3>Feuchte Wand: Unsere Fachleute beheben den Schaden!<\/h3>\n<p>Eine feuchte Wand k\u00f6nnte zu einem gravierenden Fall werden.<br \/>\nHausbesitzer sind immer wieder sehr gut beraten, sich gr\u00fcndlich \u00fcber M\u00f6glichkeiten der Trocknung und Sanierung zu erkundigen, wenn sie durchfeuchtete Stellen in ihren R\u00e4umen entdeckt haben. Fr\u00fch bemerkt, muss eine feuchte Wand nicht grunds\u00e4tzlich schwerwiegende und andauernde Sanierungsarbeiten zur Folge haben. <\/p>\n<p>Eine feuchte Wand kann allemal schlechte Effekte auf Wohlbefinden und gesundheitliche Verfassung der Hausbewohner haben.  Schimmelbildung und Sporen sind zumeist der Grund f\u00fcr gesundheitliche Beeintr\u00e4chtigungen. Ein Anlass mehr, der feuchten Wand zu Leibe zu r\u00fccken. Eine feuchte Wand ist eine Aufgabe f\u00fcr den Fachbetrieb. Nur ein hervorragend ausgebildeter Experte beherrscht die zweckm\u00e4\u00dfigen Anwendungen, wie eine feuchte Wand unverz\u00fcglich und effektiv repariert werden kann.<\/p>\n<h3>Feuchte Wand: Wir helfen schnell und kompetent!<\/h3>\n<p>Bevor die Ma\u00dfnahmen losgehen, muss sich der Experte ein Bild von dem Ausl\u00f6ser f\u00fcr den N\u00e4sseschaden machen. Ohne die detaillierte Analyse, l\u00e4sst sich eine feuchte Wand nicht wirklich anhaltend instandsetzen. Die Ursache gibt letztlich das Ziel vor. Denkbare Gr\u00fcnde gibt es erstaunlich viele. Oft liegt der Grund f\u00fcr eine feuchte Wand in einer nicht ausreichenden Luftzufuhr. Auch por\u00f6se Abflussrohre k\u00f6nnen der Grund f\u00fcr eine feuchte Wand sein. Solcherlei Gr\u00fcnde sind normalerweise umgehend in Ordnung gebracht. Ungemein schwieriger wird es, wenn festgestellt wird, dass die N\u00e4sse von au\u00dfen in den Keller dringt.  Ein h\u00f6herer Wasserspiegel f\u00fchrt beispielsweise dazu, dass Wasser in das Mauerwerk eindringt. Sogar Geb\u00e4ude mit Hanglage sind bedroht f\u00fcr eindringende N\u00e4sse. Hier kann es durchaus sein, dass m\u00e4chtigere Gesch\u00fctze f\u00fcr eine tiefgreifende Renovierung aufgefahren werden m\u00fcssen. Aber auch dann ist eine feuchte Wand kein unausweichliches Schicksal.<\/p>\n","protected":false},"excerpt":{"rendered":"<p>Feuchte Wand: Unsere Fachleute beheben den Schaden! Eine feuchte Wand k\u00f6nnte zu einem gravierenden Fall werden. Hausbesitzer sind immer wieder sehr gut beraten, sich gr\u00fcndlich \u00fcber M\u00f6glichkeiten der Trocknung und Sanierung zu erkundigen, wenn sie durchfeuchtete Stellen in ihren R\u00e4umen entdeckt haben. Fr\u00fch bemerkt, muss eine feuchte Wand nicht grunds\u00e4tzlich schwerwiegende und andauernde Sanierungsarbeiten zur [&hellip;]<\/p>\n","protected":false},"author":1,"featured_media":0,"parent":0,"menu_order":0,"comment_status":"closed","ping_status":"closed","template":"","meta":{"footnotes":""},"class_list":["post-184","page","type-page","status-publish","hentry"],"meta_box":{"popseo_subtitel":"Feuchte Wand: Wir sind Ihr Partner in Bienenb\u00fcttel","popseo_subtitel2":"Feuchte Wand - wir helfen Ihnen gerne!","popseo_lasttitel":"Feuchte Wand: Gerne beantworten wir Ihre Fragen!","popseo_region":"Bienenb\u00fcttel","popseo_sachwort":"Feuchte Wand","popseo_noupdate":"","popseo_einleitungstext":"<p>Die Firma TK-Geb\u00e4udetechnik Thorsten Keul ist Ihr qualifizierter und erfahrener Fachbetrieb f\u00fcr Kellertrockenlegung, Bauwerksabdichtung und Schimmelbeseitigung. Mit unserem Firmensitz in Brietlingen bei L\u00fcneburg decken wir ein geografisch gro\u00dfes Gebiet ab. Zu unseren Schwerpunkten geh\u00f6ren unter anderem Methoden gegen aufsteigende Feuchtigkeit, das Setzen von Horizontalsperren, die Kellerabdichtung sowie ganz allgemein T\u00e4tigkeiten rund um die Themen Abdichtung und Sanierung. Fachgerecht und kompetent f\u00fchren wir f\u00fcr Sie s\u00e4mtliche Arbeiten aus - so wie Sie es von einem kompetenten Fachbetrieb erwarten k\u00f6nnen. Auf den n\u00e4chsten Seiten d\u00fcrfen wir Ihnen unser T\u00e4tigkeitsspektrum im Einzelnen vorstellen.<\/p>","popseo_schlusstext":"<p>Wenn Sie einen qualifizierten Fachbetrieb f\u00fcr die Bauwerksabdichtung suchen, sind Sie bei uns an der richtigen Adresse. Sie m\u00f6chten mehr \u00fcber uns erfahren? Als auf Sanierung spezialisierte Fachfirma sind wir f\u00fcr Ihr Vorhaben der richtige Dienstleister und freuen uns \u00fcber Ihre Kontaktaufnahme, unabh\u00e4ngig davon ob durch Anruf oder E-Mail. Worauf Sie neben Fachwissen setzen d\u00fcrfen: Unser Team arbeitet absolut zuverl\u00e4ssig und wird mit Elan und Schwung f\u00fcr Sie t\u00e4tig. Wir freuen uns auf das Gespr\u00e4ch mit Ihnen!<\/p>","popseo_stadttext":"<h3>Anfragen erhalten wir auch aus Bienenb\u00fcttel<\/h3>\n<p>Bienenb\u00fcttel ist eine Einheitsgemeinde in der \u00f6stlichen L\u00fcneburger Heide. Verwaltungstechnisch geh\u00f6rt die Gemeinde zum Landkreis Uelzen. Bienenb\u00fcttel hat etwa 7.000 registrierte Einwohner und streckt sich \u00fcber ein Gesamtareal von rund 99 Quadratkilometer. Man erreicht man den Ort mit der Bahn auf der Strecke Hamburg-Hannover und mit dem PKW \u00fcber die Bundesstra\u00dfe 4.<\/p>\n<p>Durch unsere Gesch\u00e4ftst\u00e4tigkeit haben wir uns einen ausgezeichneten \u00dcberblick \u00fcber die Stadtarchitektur der Gemeinden und St\u00e4dte unseres Einzugsbereiches erarbeiten k\u00f6nnen. Sie kommen aus Bienenb\u00fcttel und sind hier im World Wide Web auf unsere Homepage gesto\u00dfen? Das finden wir toll. Gerne pr\u00e4sentieren wir Ihnen unser gesamtes Leistungsspektrum und beantworten Ihre Fragen. Wir freuen uns darauf, mit Ihnen in Kontakt zu treten. <\/p>\n<h3>Interessante Fakten zu Bienenb\u00fcttel<\/h3>\n<p>Bienenb\u00fcttel ist eine Pendlergemeinde. Sehr viele Einwohner arbeiten in der Metropole Hamburg, in Uelzen oder L\u00fcneburg, sch\u00e4tzen allerdings Bienenb\u00fcttel als Wohnort und Lebensmittelpunkt. Der sympathische nieders\u00e4chsische Ort ist eine im Hier und Heute stehende und vitale Gemeinde mit einer ansprechenden Baustruktur und attraktiven Wohnquartieren. Naturfreunde m\u00f6gen besonders die nahegelegenen Naherholungsgebiete der L\u00fcneburger Heide. Die die weitl\u00e4ufigen Naturareale laden zu ausgedehnten Wandertouren ein.<\/p>\n<h4>Unsere Leistung f\u00fcr qualit\u00e4tsbewusste Kunden aus Bienenb\u00fcttel<\/h4>\n<p>Sie leben in Bienenb\u00fcttel oder Umgebung und interessieren sich f\u00fcr unser Angebot. Prima, dass Sie diese Website gefunden haben. F\u00fcr R\u00fcckfragen stehen wir Ihnen jederzeit zur Verf\u00fcgung. Unser engagiertes Team freut sich auf Sie.<\/p>","popseo_zusatztext":"<h3>Abdichten: Wir bieten eine erstklassige Sanierungsarbeit<\/h3>\n<p>Sie haben einen Feuchteschaden festgestellt und m\u00fcssen die entsprechenden Mauerstellen nun so schnell wie m\u00f6glich abdichten. Sch\u00f6n, dass Sie uns entdeckt haben! Als routiniertes Unternehmen der Bauwirtschaft kennen wir uns allerbestens aus mit dem Abdichten von W\u00e4nden, Kellern oder Mauern.  <\/p>\n<p>N\u00e4ssesch\u00e4den sind unser Metier: F\u00fcr unsere Firma geh\u00f6rt das Abdichten von Kellern, Mauern oder W\u00e4nden zur t\u00e4glichen Arbeit. Wir gehen der Ursache f\u00fcr den Wassereintritt gr\u00fcndlich auf den Grund. Vor dem konkreten Abdichten muss zun\u00e4chst einmal die Ursachenfindung stehen. Erst wenn man den richtigen Grund f\u00fcr eine Durchn\u00e4ssung entdeckt hat, kann man mit dem Abdichten anfangen. Die Bestandsaufnahme gibt die Richtung vor, den das Abdichten eines Bauk\u00f6rpers umfassen muss.  <\/p>\n<h4>Abdichten: Unsere Mitarbeiter stehen f\u00fcr Sie bereit!<\/h4>\n<p>Warten Sie bitte nicht und vereinbaren Sie noch heute einen Termin mit einem unserer qualifizierten Spezialisten. Ein kurzer Anruf oder eine kurze Email gen\u00fcgen! Bei einer Bestandsaufnahme direkt am gesch\u00e4digten Objekt, nehmen wir den Schaden auf und entwerfen danach ein Konzept f\u00fcr das langfristige Abdichten der betroffenen Bereiche. Unsere Arbeit ist immer zweckorientiert: Nat\u00fcrlich flie\u00dfen auch wirtschaftliche Aspekte in unsere Entscheidungsfindung f\u00fcr das Abdichten Ihres Hauses mit ein. Alles komplett aus einer Hand: Unsere dynamischen Angestellten f\u00fchren alle notwendigen T\u00e4tigkeiten, die zum Abdichten erforderlich sind schnell und zuverl\u00e4ssig aus. Bereits seit Jahren ist unser Unternehmen f\u00fcr eine hohe Qualit\u00e4t bekannt. Eine unserer Kernkompetenzen liegt im Abdichten von Wohn- und Gesch\u00e4ftsgeb\u00e4uden. Setzen Sie auf Fachkompetenz und beauftragen Sie unser Unternehmen f\u00fcr das Abdichten von neuralgischen Stellen im Mauerwerk. Wir freuen uns darauf, auch Ihnen helfen zu k\u00f6nnen.<\/p>","popseo_links":"<a href=\"https:\/\/bautenschutz-keul.de\/angebote\/feuchtigkeit-geesthacht\/\">Feuchtigkeit Geesthacht<\/a>, <a href=\"https:\/\/bautenschutz-keul.de\/angebote\/feuchte-wand-maschen\/\">Feuchte Wand Maschen<\/a>, <a href=\"https:\/\/bautenschutz-keul.de\/angebote\/kellersanierung-ebstorf\/\">Kellersanierung Ebstorf<\/a>, <a href=\"https:\/\/bautenschutz-keul.de\/angebote\/kellersanierung-bad-bevensen\/\">Kellersanierung Bad Bevensen<\/a>, <a href=\"https:\/\/bautenschutz-keul.de\/angebote\/feuchte-mauer-bergedorf-wentorf\/\">Feuchte Mauer Bergedorf Wentorf<\/a>, <a href=\"https:\/\/bautenschutz-keul.de\/angebote\/zerstoerter-putz-bardowick\/\">zerst\u00f6rter Putz Bardowick<\/a>, <a href=\"https:\/\/bautenschutz-keul.de\/angebote\/innenabdichtung-schwarzenbek\/\">Innenabdichtung Schwarzenbek<\/a>, <a href=\"https:\/\/bautenschutz-keul.de\/angebote\/schimmelbeseitigung-glinde-sachsenwald\/\">Schimmelbeseitigung Glinde Sachsenwald<\/a>, <a href=\"https:\/\/bautenschutz-keul.de\/angebote\/zerstoerter-putz-salzhausen\/\">zerst\u00f6rter Putz Salzhausen<\/a>, <a href=\"https:\/\/bautenschutz-keul.de\/angebote\/feuchte-wand-glinde-sachsenwald\/\">Feuchte Wand Glinde Sachsenwald<\/a>, <a href=\"https:\/\/bautenschutz-keul.de\/angebote\/bauwerksabdichtung-herzogtum-lauenburg\/\">Bauwerksabdichtung Herzogtum Lauenburg<\/a>, <a href=\"https:\/\/bautenschutz-keul.de\/angebote\/bauwerksabdichtung-bienenbuettel\/\">Bauwerksabdichtung Bienenb\u00fcttel<\/a>, <a href=\"https:\/\/bautenschutz-keul.de\/angebote\/rissverpressung-salzhausen\/\">Rissverpressung Salzhausen<\/a>, <a href=\"https:\/\/bautenschutz-keul.de\/angebote\/aufsteigende-feuchtigkeit-bispingen\/\">aufsteigende Feuchtigkeit Bispingen<\/a>, <a href=\"https:\/\/bautenschutz-keul.de\/angebote\/feuchter-keller-bad-bevensen\/\">Feuchter Keller Bad Bevensen<\/a>, <a href=\"https:\/\/bautenschutz-keul.de\/angebote\/kellertrockenlegung-salzhausen\/\">Kellertrockenlegung Salzhausen<\/a>, <a href=\"https:\/\/bautenschutz-keul.de\/angebote\/rissverpressung-schwarzenbek\/\">Rissverpressung Schwarzenbek<\/a>, <a href=\"https:\/\/bautenschutz-keul.de\/angebote\/feuchtigkeit-maschen\/\">Feuchtigkeit Maschen<\/a>, <a href=\"https:\/\/bautenschutz-keul.de\/angebote\/horizontalsperre-lueneburg\/\">Horizontalsperre L\u00fcneburg<\/a>, <a href=\"https:\/\/bautenschutz-keul.de\/angebote\/horizontalsperre-tostedt-sittensen\/\">Horizontalsperre Tostedt Sittensen<\/a>, <a href=\"https:\/\/bautenschutz-keul.de\/angebote\/kellerabdichtung-lueneburg\/\">Kellerabdichtung L\u00fcneburg<\/a>, <a href=\"https:\/\/bautenschutz-keul.de\/angebote\/feuchter-keller-buechen\/\">Feuchter Keller B\u00fcchen<\/a>, <a href=\"https:\/\/bautenschutz-keul.de\/angebote\/kellersanierung-amt-neuhaus\/\">Kellersanierung Amt Neuhaus<\/a>, <a href=\"https:\/\/bautenschutz-keul.de\/angebote\/horizontalsperre-bispingen\/\">Horizontalsperre Bispingen<\/a>, <a href=\"https:\/\/bautenschutz-keul.de\/angebote\/feuchte-mauer-buechen\/\">Feuchte Mauer B\u00fcchen<\/a>, <a href=\"https:\/\/bautenschutz-keul.de\/angebote\/feuchtigkeitsschaden-boizenburg\/\">Feuchtigkeitsschaden Boizenburg<\/a>, <a href=\"https:\/\/bautenschutz-keul.de\/angebote\/innenabdichtung-bad-bevensen\/\">Innenabdichtung Bad Bevensen<\/a>, <a href=\"https:\/\/bautenschutz-keul.de\/angebote\/feuchtigkeit-glinde-sachsenwald\/\">Feuchtigkeit Glinde Sachsenwald<\/a>, <a href=\"https:\/\/bautenschutz-keul.de\/angebote\/rissverpressung-buechen\/\">Rissverpressung B\u00fcchen<\/a>, <a href=\"https:\/\/bautenschutz-keul.de\/angebote\/bauwerksabdichtung-amt-neuhaus\/\">Bauwerksabdichtung Amt Neuhaus<\/a>"},"_links":{"self":[{"href":"https:\/\/bautenschutz-keul.de\/angebote\/wp-json\/wp\/v2\/pages\/184","targetHints":{"allow":["GET"]}}],"collection":[{"href":"https:\/\/bautenschutz-keul.de\/angebote\/wp-json\/wp\/v2\/pages"}],"about":[{"href":"https:\/\/bautenschutz-keul.de\/angebote\/wp-json\/wp\/v2\/types\/page"}],"author":[{"embeddable":true,"href":"https:\/\/bautenschutz-keul.de\/angebote\/wp-json\/wp\/v2\/users\/1"}],"replies":[{"embeddable":true,"href":"https:\/\/bautenschutz-keul.de\/angebote\/wp-json\/wp\/v2\/comments?post=184"}],"version-history":[{"count":0,"href":"https:\/\/bautenschutz-keul.de\/angebote\/wp-json\/wp\/v2\/pages\/184\/revisions"}],"wp:attachment":[{"href":"https:\/\/bautenschutz-keul.de\/angebote\/wp-json\/wp\/v2\/media?parent=184"}],"curies":[{"name":"wp","href":"https:\/\/api.w.org\/{rel}","templated":true}]}}