{"id":185,"date":"2021-09-13T08:43:32","date_gmt":"2021-09-13T06:43:32","guid":{"rendered":"https:\/\/bautenschutz-keul.de\/angebote\/feuchte-wand-bispingen\/"},"modified":"2021-09-13T08:43:32","modified_gmt":"2021-09-13T06:43:32","slug":"feuchte-wand-bispingen","status":"publish","type":"page","link":"https:\/\/bautenschutz-keul.de\/angebote\/feuchte-wand-bispingen\/","title":{"rendered":"Feuchte Wand &#8211; Bispingen"},"content":{"rendered":"<h3>Feuchte Wand: Unsere Fachleute beheben den Schaden!<\/h3>\n<p>Eine feuchte Wand kann zu einem brisanten Problem werden.<br \/>\nEigent\u00fcmer sind entsprechend gut beraten, sich umfassend \u00fcber Trocknungsm\u00f6glichkeiten zu informieren, falls sie durchn\u00e4sste Stellen in ihren R\u00e4umlichkeiten gefunden haben. Fr\u00fch entdeckt, muss eine feuchte Wand nicht unbedingt schwerwiegende und andauernde Sanierungsarbeiten hervorrufen. <\/p>\n<p>Eine feuchte Wand kann auf jeden Fall ung\u00fcnstige Einfl\u00fcsseKonsequenzen auf Wohlbefinden und gesundheitliche Verfassung der Hausbewohner haben.  Schimmelentstehung und Sporenablagerungen sind h\u00e4ufig die Ursache f\u00fcr gesundheitliche Beeintr\u00e4chtigungen. Ein Grund zus\u00e4tzlich, der feuchten Wand zu Leibe zu gehen. Eine feuchte Wand ist ein Thema f\u00fcr den Spezialisten. Nur ein perfekt ausgebildeter Fachmann beherrscht die passenden Anwendungen, wie eine feuchte Wand unverz\u00fcglich und effektiv saniert werden kann.<\/p>\n<h3>Feuchte Wand \u2013 wir helfen schnell und unkompliziert!<\/h3>\n<p>Bevor die Arbeiten losgehen, sollte sich der Spezialist eine Meinung von dem Grund f\u00fcr den Feuchtigkeitseinfall machen. Ohne die gezielte Untersuchung, l\u00e4sst sich eine feuchte Wand nicht wirklich wirksam instandsetzen. Die Ursache gibt quasi die Richtung vor. Wahrscheinliche Ausl\u00f6ser gibt es erstaunlich viele. Regelm\u00e4\u00dfig liegt der Grund f\u00fcr eine feuchte Wand in einer  nur ungen\u00fcgenden Bel\u00fcftung. Auch por\u00f6se Rohre m\u00f6gen die Ursache f\u00fcr eine feuchte Wand sein. Derartige Ursachen sind erfahrungsgem\u00e4\u00df ruck zuck in Ordnung gebracht. Deutlich aufw\u00e4ndiger wird es, sobald diagnostiziert wird, dass die Feuchtigkeit von au\u00dfen in den Keller gelangt.  Ein gestiegener Grundwasserpegel f\u00fchrt zum Beispiel dazu, dass Feuchtigkeit in das Mauerwerk zieht. Auch Immobilien mit Hanglage sind bedroht f\u00fcr eindringende N\u00e4sse. Dort kann es durchaus sein, dass m\u00e4chtigere Gesch\u00fctze f\u00fcr eine tiefgreifende Sanierung erwogen werden m\u00fcssen. Doch auch dann ist eine feuchte Wand kein unvermeidbares Schicksal.<\/p>\n","protected":false},"excerpt":{"rendered":"<p>Feuchte Wand: Unsere Fachleute beheben den Schaden! Eine feuchte Wand kann zu einem brisanten Problem werden. Eigent\u00fcmer sind entsprechend gut beraten, sich umfassend \u00fcber Trocknungsm\u00f6glichkeiten zu informieren, falls sie durchn\u00e4sste Stellen in ihren R\u00e4umlichkeiten gefunden haben. Fr\u00fch entdeckt, muss eine feuchte Wand nicht unbedingt schwerwiegende und andauernde Sanierungsarbeiten hervorrufen. Eine feuchte Wand kann auf jeden [&hellip;]<\/p>\n","protected":false},"author":1,"featured_media":0,"parent":0,"menu_order":0,"comment_status":"closed","ping_status":"closed","template":"","meta":{"footnotes":""},"class_list":["post-185","page","type-page","status-publish","hentry"],"meta_box":{"popseo_subtitel":"Feuchte Wand: Die Firma TK-Geb\u00e4udetechnik Thorsten Keul ist Ihr Fachanbieter im Raum Bispingen","popseo_subtitel2":"Feuchte Wand - unsere Spezialisten kennen sich aus in Sachen Sanierung!","popseo_lasttitel":"Feuchte Wand: Wir informieren Sie gerne auch pers\u00f6nlich!","popseo_region":"Bispingen","popseo_sachwort":"Feuchte Wand","popseo_noupdate":"","popseo_einleitungstext":"<p>Sie haben sich mit dem Thema Bauwerksabdichtung besch\u00e4ftigt, da Ihre Immobilie feuchte Geb\u00e4udeteile aufweist und Sie nach M\u00f6glichkeiten einer professionellen und vor allem wirksamen Sanierung Ausschau halten. Gut, dass Sie unseren Internetauftritt entdeckt haben. Auf den folgenden Seiten d\u00fcrfen wir Ihnen n\u00e4here Informationen zu unserem Leistungsspektrum geben. Sie lernen auf dieser Internetseite unsere Firma n\u00e4her kennen. <\/p>\n<p>Unser Unternehmen ist ein spezialisierter und erfahrener Fachbetrieb mit Gesch\u00e4ftsssitz in Brietlingen bei L\u00fcneburg. Seit vielen Jahren schon sind wir Ihr Fachpartner f\u00fcr alle Fragen rund um die Bauwerksabdichtung. Wir setzen ausschlie\u00dflich effektive und praxisbew\u00e4hrte Sanierungsmethoden und -systeme ein. Als Sanierungsfachbetrieb schauen wir auf eine lange Berufserfahrung zur\u00fcck. Unsere engagierten Spezialisten informieren Sie sehr gerne im Detail.<\/p>","popseo_schlusstext":"<p>Auf Wunsch informieren wir Sie n\u00e4her \u00fcber unser Aufgabenfeld. Wir zeigen Ihnen mit Vergn\u00fcgen auch einige Projekte, die Ihnen einen Einblick in unsere T\u00e4tigkeit geben.<br \/>\nSetzen Sie auf die Expertise eines erfahrenen Fachbetriebes. Rufen Sie uns doch einfach einmal an oder schreiben Sie uns eine kurze E-Mail. Wir freuen uns auf Ihre Kontaktaufnahme.<\/p>","popseo_stadttext":"<h3>Unsere Dienstleistungen auch f\u00fcr Kunden aus Bispingen<\/h3>\n<p>Bispingen ist eine Einheitsgemeinde im Zentrum der L\u00fcneburger Heide. Verwaltungstechnisch z\u00e4hlt die Gemeinde zum Kreis Heidekreis. Bispingen hat etwa 6.000 Einwohner und erstreckt sich \u00fcber eine Gesamtfl\u00e4che von etwa 128 qkm. Man erreicht man den Ort mit dem PKW \u00fcber die Bundesautobahn A7. Direkt an der Abfahrt 43 sieht man schon von Weitem dem Snow Dome Bispingen, eine Skihalle, die sich seit dem Jahr 2006 gr\u00f6\u00dfter Beliebtheit erfreut<\/p>\n<p>Durch unsere Vertriebst\u00e4tigkeit haben wir uns einen guten \u00dcberblick \u00fcber die Stadtarchitektur der Gemeinden und St\u00e4dte unseres Einzugsbereiches machen k\u00f6nnen. Sie kommen aus Bispingen und sind hier im Internet auf unsere Homepage gesto\u00dfen? Das finden wir klasse. Gerne pr\u00e4sentieren wir Ihnen unser gesamtes Leistungsspektrum und beantworten Ihre Fragen. Wir freuen uns darauf, mit Ihnen ins Gespr\u00e4ch zu kommen. <\/p>\n<h3>Ein paar Hintergrundinformationen zu Bispingen<\/h3>\n<p>Durch die Heideregion und den Snowdome ist die attraktive Gemeinde f\u00fcr Tagesbesucher und Touristen besonders interessant. Neben einem gesunden Mix von unterschiedlichen Einzelhandelsgesch\u00e4ften, finden sich dar\u00fcber hinaus zahlreiche Hotels, Pensionen und Lokale im Gemeindezentrum.  Bispingen ist ansonsten ein sehr familiengerechter Ort und bietet den Einwohnern ein besonders interessantes Umfeld zum Leben und Arbeiten. Die Gemeinde Bispingen hat eine gute Infrastruktur und attraktiv ausgebaute Wohnviertel. Die Einzelhausbebauung \u00fcberwiegt. Gr\u00f6\u00dfere Wohnanlagen gibt es in Bispingen nicht.<\/p>\n<h4>Privat- und Gesch\u00e4ftskunden aus Bispingenl sch\u00e4tzen unsere Leistungen!<\/h4>\n<p>Sie wohnen in Bispingen oder Umgebung und interessieren sich f\u00fcr unser Leistungsangebot. Klasse, dass Sie diese Website gefunden haben. F\u00fcr R\u00fcckfragen sind wir jederzeit f\u00fcr Sie da. Auf Ihre Anfragen freuen wir uns.<\/p>","popseo_zusatztext":"<h3>Sanieren: Auf die Wirksamkeit k\u00f6nnen Sie sich verlassen<\/h3>\n<p>Sie planen eine Mauer, einen Keller oder gar ein komplettes Geb\u00e4ude zu sanieren? Super, denn da sind Sie bei uns genau an der korrekten Adresse. Wir sind Ihr kompetenter Partner f\u00fcr alle Fragen rund um das Sanieren von H\u00e4usern.  Ob feuchte Keller, feuchte Mauern oder die Sanierung gr\u00f6\u00dferer Feuchtesch\u00e4den: Als spezialisierte Fachfirma z\u00e4hlt das Sanieren zu den t\u00e4glichen T\u00e4tigkeiten. Wir gehen der Schadensursache ganz genau auf den Grund. Vor der eigentlichen Sanierung muss selbstverst\u00e4ndlich die Ursachenforschung stehen. Erst wenn man den realen Grund f\u00fcr einen entstandenen Schaden kennt, kann man nat\u00fcrlich erst mit dem Sanieren starten. Auch sieht man erst nach einer genauen Begutachtung das Ausma\u00df, den das Sanieren eines Bauk\u00f6rpers in Anspruch nehmen wird.<\/p>\n<p>Verabreden Sie doch kurzerhand einmal einen unverbindlichen Gespr\u00e4chstermin mit einem unserer gut geschulten Fachleute. Telefon beziehungsweise eMail reichen! Bei einer Begutachtung direkt am Objekt nehmen wir die M\u00e4ngel auf und machen Ratschl\u00e4ge f\u00fcr das passende Sanieren. So viel wie n\u00f6tig, so wenig wie m\u00f6glich: Auch wirtschaftliche Gesichtspunkte flie\u00dfen in unsere Entscheidungsfindung f\u00fcr das Sanieren Ihres Bauwerkes mit ein. <\/p>\n<h4>Sanieren: Wir helfen verl\u00e4sslich und kompetent!<\/h4>\n<p>Nat\u00fcrlich f\u00fchren unsere geschulten Spezialisten alle notwendigen T\u00e4tigkeiten, die zum Sanieren geh\u00f6ren schnell und zuverl\u00e4ssig aus. Unser Betrieb ist seit mehreren Jahren f\u00fcr eine hohe Qualit\u00e4t beim Sanieren bekannt. Der Sanierung von Wohn- und Gesch\u00e4ftsgeb\u00e4uden haben wir uns verschrieben. Setzen Sie auf Routine und \u00fcberlassen Sie das Sanieren Ihres Hauses unserer Firma. Wir freuen uns darauf, auch Ihnen helfen zu d\u00fcrfen.<\/p>","popseo_links":"<a href=\"https:\/\/bautenschutz-keul.de\/angebote\/horizontalsperre-buechen\/\">Horizontalsperre B\u00fcchen<\/a>, <a href=\"https:\/\/bautenschutz-keul.de\/angebote\/schimmelsanierung-bispingen\/\">Schimmelsanierung Bispingen<\/a>, <a href=\"https:\/\/bautenschutz-keul.de\/angebote\/schimmel-geesthacht\/\">Schimmel Geesthacht<\/a>, <a href=\"https:\/\/bautenschutz-keul.de\/angebote\/feuchter-keller-herzogtum-lauenburg\/\">Feuchter Keller Herzogtum Lauenburg<\/a>, <a href=\"https:\/\/bautenschutz-keul.de\/angebote\/feuchter-keller-tostedt-sittensen\/\">Feuchter Keller Tostedt Sittensen<\/a>, <a href=\"https:\/\/bautenschutz-keul.de\/angebote\/feuchtigkeitsschaden-schwarzenbek\/\">Feuchtigkeitsschaden Schwarzenbek<\/a>, <a href=\"https:\/\/bautenschutz-keul.de\/angebote\/mauertrockenlegung-maschen\/\">Mauertrockenlegung Maschen<\/a>, <a href=\"https:\/\/bautenschutz-keul.de\/angebote\/innenabdichtung-jesteburg\/\">Innenabdichtung Jesteburg<\/a>, <a href=\"https:\/\/bautenschutz-keul.de\/angebote\/horizontalsperre-ebstorf\/\">Horizontalsperre Ebstorf<\/a>, <a href=\"https:\/\/bautenschutz-keul.de\/angebote\/kellersanierung-reinbek-aumuehle\/\">Kellersanierung Reinbek Aum\u00fchle<\/a>, <a href=\"https:\/\/bautenschutz-keul.de\/angebote\/horizontalsperre-salzhausen\/\">Horizontalsperre Salzhausen<\/a>, <a href=\"https:\/\/bautenschutz-keul.de\/angebote\/aufsteigende-feuchtigkeit-uelzen\/\">aufsteigende Feuchtigkeit Uelzen<\/a>, <a href=\"https:\/\/bautenschutz-keul.de\/angebote\/aussenabdichtung-hanstedt\/\">Au\u00dfenabdichtung Hanstedt<\/a>, <a href=\"https:\/\/bautenschutz-keul.de\/angebote\/feuchte-wand-bergedorf-wentorf\/\">Feuchte Wand Bergedorf Wentorf<\/a>, <a href=\"https:\/\/bautenschutz-keul.de\/angebote\/aussenabdichtung-herzogtum-lauenburg\/\">Au\u00dfenabdichtung Herzogtum Lauenburg<\/a>, <a href=\"https:\/\/bautenschutz-keul.de\/angebote\/mauertrockenlegung-lueneburg\/\">Mauertrockenlegung L\u00fcneburg<\/a>, <a href=\"https:\/\/bautenschutz-keul.de\/angebote\/rissverpressung-seevetal-rosengarten\/\">Rissverpressung Seevetal Rosengarten<\/a>, <a href=\"https:\/\/bautenschutz-keul.de\/angebote\/feuchtigkeitsschaden-jesteburg\/\">Feuchtigkeitsschaden Jesteburg<\/a>, <a href=\"https:\/\/bautenschutz-keul.de\/angebote\/feuchter-keller-amt-neuhaus\/\">Feuchter Keller Amt Neuhaus<\/a>, <a href=\"https:\/\/bautenschutz-keul.de\/angebote\/kellertrockenlegung-herzogtum-lauenburg\/\">Kellertrockenlegung Herzogtum Lauenburg<\/a>, <a href=\"https:\/\/bautenschutz-keul.de\/angebote\/feuchter-keller-glinde-sachsenwald\/\">Feuchter Keller Glinde Sachsenwald<\/a>, <a href=\"https:\/\/bautenschutz-keul.de\/angebote\/schimmel-jesteburg\/\">Schimmel Jesteburg<\/a>, <a href=\"https:\/\/bautenschutz-keul.de\/angebote\/kellersanierung-seevetal-rosengarten\/\">Kellersanierung Seevetal Rosengarten<\/a>, <a href=\"https:\/\/bautenschutz-keul.de\/angebote\/schimmelsanierung-bardowick\/\">Schimmelsanierung Bardowick<\/a>, <a href=\"https:\/\/bautenschutz-keul.de\/angebote\/feuchter-keller-schwarzenbek\/\">Feuchter Keller Schwarzenbek<\/a>, <a href=\"https:\/\/bautenschutz-keul.de\/angebote\/kellertrockenlegung-tostedt-sittensen\/\">Kellertrockenlegung Tostedt Sittensen<\/a>, <a href=\"https:\/\/bautenschutz-keul.de\/angebote\/salpeter-im-keller-adendorf\/\">Salpeter im Keller Adendorf<\/a>, <a href=\"https:\/\/bautenschutz-keul.de\/angebote\/kellerabdichtung-stelle\/\">Kellerabdichtung Stelle<\/a>, <a href=\"https:\/\/bautenschutz-keul.de\/angebote\/schimmel-amt-neuhaus\/\">Schimmel Amt Neuhaus<\/a>, <a href=\"https:\/\/bautenschutz-keul.de\/angebote\/mauertrockenlegung-amelinghausen\/\">Mauertrockenlegung Amelinghausen<\/a>"},"_links":{"self":[{"href":"https:\/\/bautenschutz-keul.de\/angebote\/wp-json\/wp\/v2\/pages\/185","targetHints":{"allow":["GET"]}}],"collection":[{"href":"https:\/\/bautenschutz-keul.de\/angebote\/wp-json\/wp\/v2\/pages"}],"about":[{"href":"https:\/\/bautenschutz-keul.de\/angebote\/wp-json\/wp\/v2\/types\/page"}],"author":[{"embeddable":true,"href":"https:\/\/bautenschutz-keul.de\/angebote\/wp-json\/wp\/v2\/users\/1"}],"replies":[{"embeddable":true,"href":"https:\/\/bautenschutz-keul.de\/angebote\/wp-json\/wp\/v2\/comments?post=185"}],"version-history":[{"count":0,"href":"https:\/\/bautenschutz-keul.de\/angebote\/wp-json\/wp\/v2\/pages\/185\/revisions"}],"wp:attachment":[{"href":"https:\/\/bautenschutz-keul.de\/angebote\/wp-json\/wp\/v2\/media?parent=185"}],"curies":[{"name":"wp","href":"https:\/\/api.w.org\/{rel}","templated":true}]}}