{"id":186,"date":"2021-09-13T08:43:32","date_gmt":"2021-09-13T06:43:32","guid":{"rendered":"https:\/\/bautenschutz-keul.de\/angebote\/feuchte-wand-boizenburg\/"},"modified":"2021-09-13T08:43:32","modified_gmt":"2021-09-13T06:43:32","slug":"feuchte-wand-boizenburg","status":"publish","type":"page","link":"https:\/\/bautenschutz-keul.de\/angebote\/feuchte-wand-boizenburg\/","title":{"rendered":"Feuchte Wand &#8211; Boizenburg"},"content":{"rendered":"<h3>Feuchte Wand: Fragen Sie den Sanierungsprofi!<\/h3>\n<p>Eine feuchte Wand k\u00f6nnte zu einem ernsthaften Problem werden.<br \/>\nHausbesitzer sind diesbez\u00fcglich gut beraten, sich ausf\u00fchrlich \u00fcber M\u00f6glichkeiten der Trocknung und Sanierung zu erkundigen, sofern sie feuchte Stellen in ihren R\u00e4umen entdeckt haben. Rechtzeitig gefunden, muss eine feuchte Wand nicht zwangsl\u00e4ufig umfangreiche und langwierige Instandsetzungsarbeiten bewirken. <\/p>\n<p>Eine feuchte Wand kann mithin negative Einfl\u00fcsseKonsequenzen auf Wohlbefinden und Gesundheit der Hausbewohner haben.  Schimmelentstehung und Sporen sind zumeist die Ursache f\u00fcr gesundheitliche Beeintr\u00e4chtigungen. Ein Grund zus\u00e4tzlich, der feuchten Wand zu Leibe zu r\u00fccken. Eine feuchte Wand ist ein Thema f\u00fcr den Fachmann. Nur ein hervorragend ausgebildeter Fachmann kennt die wirksamen Methoden, wie eine feuchte Wand schnell und erfolgreich saniert werden kann.<\/p>\n<h3>Feuchte Wand: Schnelle Hilfe durch den Fachbetrieb!<\/h3>\n<p>Bevor die Arbeiten anfangen, sollte sich der Spezialist ein Bild von den Ursachen f\u00fcr den Feuchtigkeitseinfall machen. Ohne die genaue Untersuchung, l\u00e4sst sich eine feuchte Wand nicht wirklich wirksam sanieren. Der Grund gibt letztlich die Richtung vor. Mutma\u00dfliche Ursachen gibt es viele. Oft liegt die Ursache f\u00fcr eine feuchte Wand in einer nur mangelhaften Bel\u00fcftung. Auch undichte Abflussrohre k\u00f6nnen der Grund f\u00fcr eine feuchte Wand sein. Derartige Ursachen sind normalerweise ruck zuck in Ordnung gebracht. Sehr viel komplizierter wird es, sobald diagnostiziert wird, dass die Feuchtigkeit von au\u00dfen in den Keller dringt.  Ein hoher Wasserpegel f\u00fchrt zum Beispiel dazu, dass Wasser in die Mauer zieht. Selbst Immobilien mit Hanglage sind bedroht f\u00fcr durchdringende N\u00e4sse. Hier kann es schon mal sein, dass m\u00e4chtigere Gesch\u00fctze f\u00fcr eine langanhaltende Renovierung ergriffen werden m\u00fcssen. Aber auch dann ist eine feuchte Wand kein unvermeidbares Schicksal.<\/p>\n","protected":false},"excerpt":{"rendered":"<p>Feuchte Wand: Fragen Sie den Sanierungsprofi! Eine feuchte Wand k\u00f6nnte zu einem ernsthaften Problem werden. Hausbesitzer sind diesbez\u00fcglich gut beraten, sich ausf\u00fchrlich \u00fcber M\u00f6glichkeiten der Trocknung und Sanierung zu erkundigen, sofern sie feuchte Stellen in ihren R\u00e4umen entdeckt haben. Rechtzeitig gefunden, muss eine feuchte Wand nicht zwangsl\u00e4ufig umfangreiche und langwierige Instandsetzungsarbeiten bewirken. Eine feuchte Wand [&hellip;]<\/p>\n","protected":false},"author":1,"featured_media":0,"parent":0,"menu_order":0,"comment_status":"closed","ping_status":"closed","template":"","meta":{"footnotes":""},"class_list":["post-186","page","type-page","status-publish","hentry"],"meta_box":{"popseo_subtitel":"Feuchte Wand: Wir sind Ihr Fachanbieter im Raum Boizenburg","popseo_subtitel2":"Feuchte Wand - setzen Sie in Sachen Sanierung auf unsere Erfahrung","popseo_lasttitel":"Feuchte Wand: Sie haben Fragen? Dann melden Sie sich bei uns","popseo_region":"Boizenburg","popseo_sachwort":"Feuchte Wand","popseo_noupdate":"","popseo_einleitungstext":"<p>Sie haben sich mit dem Thema Bauwerksabdichtung auseinandergesetzt, da Ihr Wohn- oder Gesch\u00e4ftshaus feuchte Geb\u00e4udeteile aufweist und Sie nach Methoden einer wirkungsvollen und professionellen Sanierung Ausschau halten. Toll, dass Sie unsere Website entdeckt haben. Auf den folgenden Seiten m\u00f6chten wir Ihnen n\u00e4here Informationen zu unserem Leistungsspektrum geben. Sie lernen auf dieser Internetseite unsere Firma etwas n\u00e4her kennen. <\/p>\n<p>Die Firma TK-Geb\u00e4udetechnik Thorsten Keul ist ein spezialisierter und etablierter Fachbetrieb mit Sitz in Brietlingen bei L\u00fcneburg. Seit vielen Jahren schon sind wir Ihre Experten f\u00fcr alle Fragen rund um die Bauwerksabdichtung. Wir setzen ausschlie\u00dflich effektive und praxisbew\u00e4hrte Sanierungsmethoden und -systeme ein. Als Fachbetrieb f\u00fcr Abdichtung und Sanierung schauen wir auf eine lange Berufserfahrung zur\u00fcck. Unsere freundlichen Fachkr\u00e4fte informieren Sie sehr gerne im Detail.<\/p>","popseo_schlusstext":"<p>Sie ben\u00f6tigen einen Spezialisten f\u00fcr die Bauwerksabdichtung. Super, dass Sie auf uns aufmerksam geworden sind. Worauf Sie neben unserer Fachkompetenz setzen d\u00fcrfen: Unsere erfahrenen Spezialisten arbeiten motiviert und gewissenhaft f\u00fcr Ihren Erfolg. Wir freuen uns sehr, wenn wir Sie in einem unverbindlichen Kundengespr\u00e4ch \u00fcber die vielen Alternativen, die sich Ihnen bieten, informieren d\u00fcrfen. Kontakten sie uns bitte per E-Mail oder Telefon. Wir freuen uns auf Sie!<\/p>","popseo_stadttext":"<h3>Anfragen erhalten wir auch aus Boizenburg<\/h3>\n<p>Unser Einzugsbereich umfasst auch Boizenburg. Durch unsere Gesch\u00e4ftst\u00e4tigkeit haben wir uns einen sehr guten \u00dcberblick \u00fcber die Stadtarchitektur der St\u00e4dte und Gemeinden unseres Vertriebsgebietes machen k\u00f6nnen. Wir f\u00fchlen uns der Region verpflichtet und freuen uns dar\u00fcber, auch unseren Anteil zur gesunden Infrastruktur der Stadt Boizenburg beisteuern zu k\u00f6nnen.  <\/p>\n<h3>Ein paar Hintergrundinformationen zu Boizenburg<\/h3>\n<p>Die Stadt Boizenburg befindet sich im Kreis Ludwigslust-Parchim in Mecklenburg-Vorpommern. In Boizenburg leben circa 10.000 Einwohner auf einer Gesamtfl\u00e4che von 47 qkm. Die Bezeichnung Boizenburg leitet sich ab vom Fluss Boitze. Dieser flie\u00dft direkt durch das Gemeindegebiet. Etwas bekannter d\u00fcrfte jedoch sein, dass Boizenburg an der Elbe liegt. Boizenburg unterteilt sich in insgesamt f\u00fcnf Ortsteile. Dies sind Bahlen, Gehrum, Bahlenburg, Gothmann und Heide. <\/p>\n<p>Boizenburg ist eine relativ alte Ortschaft. Zum ersten Mal erw\u00e4hnt wurde die Region schon anno 1171. W\u00e4hrend der der Zeit der deutschen Teilung war Boizenburg ziemlich abgeschieden. Die einstmalige Deutsch-Deutsche-Grenze verlief unmittelbar entlang des Stadtgebietes von Boizenburg. Zu dieser Zeit war Boizenburg Sperrzone. Einwohner und G\u00e4ste der Stadt brauchten f\u00fcher einen extra Passierschein. Eine Begrenzung der individuellen Freiheit, die in unserer Zeit gl\u00fccklicherweise kaum noch vorstellbar ist. <\/p>\n<h3>Boizenburg - Kleinstadt mit Herz<\/h3>\n<p>Nach der Vereinigung der beiden deutschen Staaten bl\u00fchte Boizenburg massiv auf. Der alte Stadtkern wurde saniert. Auch der kleine Elbhafen wurde umfangreich umgebaut. Aktuell ist Boizenburg eine reizvoll gelegene Kleinstadt, die ihren Einwohnern ein gutes Umfeld bietet. Der Stadtkern von Boizenburg wird von einer mittelalterlichen Wallanlage dominiert. Viele Fachwerkbauten runden das Stadtbild ab. Besonders un\u00fcbersehbar ist auch das Rathaus Boizenburg - das ansehliche Fachwerkhaus wurde im Jahre 1711 erbaut. Dar\u00fcber hinaus pr\u00e4gt speziell die St. Marien Kirche das Profil der mecklenburgischen Mittelstadt.<\/p>\n<p>Das Wirtschaftsleben von Boizenburg ist gepr\u00e4gt von mittelst\u00e4ndischen Unternehmen. Reichlich 50 Hektar Gewerbegrund steht in Boizenburg zur Verf\u00fcgung. Eine Erweiterung ist geplant. F\u00fcr junge Familien ist Boizenburg als Wohnort von Interesse. Das Kultur- und Sportangebot wirbt durch seine Vielf\u00e4ltigkeit. Schulische Einrichtungen jeder Art sowie Kinderhorts sind in befriedigender Zahl vorhanden.  <\/p>\n<h4>Wir f\u00fcr Sie in Boizenburg!<\/h4>\n<p>Prima, dass Sie unsere Internetseite entdeckt haben. Wenn Sie ein Fachunternehmen ben\u00f6tigen, sind Sie bei uns genau richtig. Sie m\u00f6chten mehr \u00fcber uns erfahren? F\u00fcr R\u00fcckfragen stehen wir Ihnen jederzeit zur Verf\u00fcgung. Unser freundliches Team freut sich auf Sie.<\/p>","popseo_zusatztext":"<h3>Beim Abdichten sind wir Profi<\/h3>\n<p>Sie haben einen Feuchtigkeitsschaden entdeckt und m\u00fcssen die entsprechenden Mauerbereiche nun so schnell wie m\u00f6glich abdichten. Sch\u00f6n, dass Sie uns gefunden haben! Als erfahrenes Fachunternehmen der Bauwirtschaft kennen wir uns sehr gut aus mit dem Abdichten von Kellern, Mauern oder W\u00e4nden.  <\/p>\n<p>Feuchtigkeitssch\u00e4den sind unsere Fachkompetenz: F\u00fcr unsere Firma geh\u00f6rt das Abdichten von W\u00e4nden, Mauern oder Kellern zur allt\u00e4glichen Arbeit. Wir gehen der Ursache f\u00fcr den Wassereintritt gr\u00fcndlich auf den Grund. Vor dem eigentlichen Abdichten muss allerdings die Ursachenforschung stehen. Erst wenn man den konkreten Grund f\u00fcr eine Durchn\u00e4ssung entdeckt hat, kann man mit dem Abdichten anfangen. Die Analyse gibt die Marschrichtung vor, den das Abdichten eines Bauk\u00f6rpers beinhalten muss.  <\/p>\n<h4>Abdichten: Beste Arbeit durch den Fachbetrieb<\/h4>\n<p>Z\u00f6gern Sie bitte nicht und verabreden Sie zeitnah einen Termin mit einem unserer qualifizierten Mitarbeiter. Ein kurzer Telefonanruf beziehungsweise eine kurze e-Mail gen\u00fcgen! Bei einer Analyse direkt am entsprechenden Objekt, nehmen wir den Schaden auf und entwerfen daraufhin ein Konzept f\u00fcr das langfristige Abdichten der betroffenen Bereiche. Unsere Arbeit ist stets zweckorientiert: Selbstverst\u00e4ndlich flie\u00dfen auch \u00f6konomische Betrachtungen in unsere Entscheidungsfindung f\u00fcr das Abdichten Ihres Hauses mit ein. Alles komplett aus einer Hand: Unsere dynamischen Angestellten f\u00fchren alle notwendigen T\u00e4tigkeiten, die zum Abdichten geh\u00f6ren zeitnah und verl\u00e4sslich aus. Bereits seit Jahren ist unser Haus f\u00fcr eine hohe Fachkompetenz bekannt. Eine unserer Kernkompetenzen liegt im Abdichten von Wohn- und Gesch\u00e4ftsgeb\u00e4uden. Setzen Sie auf Kompetenz und beauftragen Sie unser Unternehmen f\u00fcr das Abdichten von neuralgischen Stellen im Mauerwerk. Wir freuen uns darauf, auch Ihnen helfen zu k\u00f6nnen.<\/p>","popseo_links":"<a href=\"https:\/\/bautenschutz-keul.de\/angebote\/kellertrockenlegung-amelinghausen\/\">Kellertrockenlegung Amelinghausen<\/a>, <a href=\"https:\/\/bautenschutz-keul.de\/angebote\/aussenabdichtung-tostedt-sittensen\/\">Au\u00dfenabdichtung Tostedt Sittensen<\/a>, <a href=\"https:\/\/bautenschutz-keul.de\/angebote\/feuchtigkeit-bispingen\/\">Feuchtigkeit Bispingen<\/a>, <a href=\"https:\/\/bautenschutz-keul.de\/angebote\/schimmelsanierung-uelzen\/\">Schimmelsanierung Uelzen<\/a>, <a href=\"https:\/\/bautenschutz-keul.de\/angebote\/schimmelbeseitigung-stelle\/\">Schimmelbeseitigung Stelle<\/a>, <a href=\"https:\/\/bautenschutz-keul.de\/angebote\/innenabdichtung-tostedt-sittensen\/\">Innenabdichtung Tostedt Sittensen<\/a>, <a href=\"https:\/\/bautenschutz-keul.de\/angebote\/rissverpressung-salzhausen\/\">Rissverpressung Salzhausen<\/a>, <a href=\"https:\/\/bautenschutz-keul.de\/angebote\/feuchtigkeitsschaden-bienenbuettel\/\">Feuchtigkeitsschaden Bienenb\u00fcttel<\/a>, <a href=\"https:\/\/bautenschutz-keul.de\/angebote\/feuchte-mauer-tostedt-sittensen\/\">Feuchte Mauer Tostedt Sittensen<\/a>, <a href=\"https:\/\/bautenschutz-keul.de\/angebote\/schimmelsanierung-bad-bevensen\/\">Schimmelsanierung Bad Bevensen<\/a>, <a href=\"https:\/\/bautenschutz-keul.de\/angebote\/schimmel-boizenburg\/\">Schimmel Boizenburg<\/a>, <a href=\"https:\/\/bautenschutz-keul.de\/angebote\/feuchte-wand-ebstorf\/\">Feuchte Wand Ebstorf<\/a>, <a href=\"https:\/\/bautenschutz-keul.de\/angebote\/aufsteigende-feuchtigkeit-glinde-sachsenwald\/\">aufsteigende Feuchtigkeit Glinde Sachsenwald<\/a>, <a href=\"https:\/\/bautenschutz-keul.de\/angebote\/schimmelsanierung-bispingen\/\">Schimmelsanierung Bispingen<\/a>, <a href=\"https:\/\/bautenschutz-keul.de\/angebote\/feuchter-keller-adendorf\/\">Feuchter Keller Adendorf<\/a>, <a href=\"https:\/\/bautenschutz-keul.de\/angebote\/schimmelbeseitigung-bad-bevensen\/\">Schimmelbeseitigung Bad Bevensen<\/a>, <a href=\"https:\/\/bautenschutz-keul.de\/angebote\/feuchte-wand-adendorf\/\">Feuchte Wand Adendorf<\/a>, <a href=\"https:\/\/bautenschutz-keul.de\/angebote\/kellersanierung-salzhausen\/\">Kellersanierung Salzhausen<\/a>, <a href=\"https:\/\/bautenschutz-keul.de\/angebote\/aufsteigende-feuchtigkeit-reinbek-aumuehle\/\">aufsteigende Feuchtigkeit Reinbek Aum\u00fchle<\/a>, <a href=\"https:\/\/bautenschutz-keul.de\/angebote\/innenabdichtung-bergedorf-wentorf\/\">Innenabdichtung Bergedorf Wentorf<\/a>, <a href=\"https:\/\/bautenschutz-keul.de\/angebote\/kellerabdichtung-schwarzenbek\/\">Kellerabdichtung Schwarzenbek<\/a>, <a href=\"https:\/\/bautenschutz-keul.de\/angebote\/kellertrockenlegung-maschen\/\">Kellertrockenlegung Maschen<\/a>, <a href=\"https:\/\/bautenschutz-keul.de\/angebote\/kellerabdichtung-reppenstedt\/\">Kellerabdichtung Reppenstedt<\/a>, <a href=\"https:\/\/bautenschutz-keul.de\/angebote\/horizontalsperre-buechen\/\">Horizontalsperre B\u00fcchen<\/a>, <a href=\"https:\/\/bautenschutz-keul.de\/angebote\/feuchtigkeit-herzogtum-lauenburg\/\">Feuchtigkeit Herzogtum Lauenburg<\/a>, <a href=\"https:\/\/bautenschutz-keul.de\/angebote\/feuchtigkeit-stelle\/\">Feuchtigkeit Stelle<\/a>, <a href=\"https:\/\/bautenschutz-keul.de\/angebote\/innenabdichtung-seevetal-rosengarten\/\">Innenabdichtung Seevetal Rosengarten<\/a>, <a href=\"https:\/\/bautenschutz-keul.de\/angebote\/kellertrockenlegung-schwarzenbek\/\">Kellertrockenlegung Schwarzenbek<\/a>, <a href=\"https:\/\/bautenschutz-keul.de\/angebote\/kellersanierung-uelzen\/\">Kellersanierung Uelzen<\/a>, <a href=\"https:\/\/bautenschutz-keul.de\/angebote\/zerstoerter-putz-schwarzenbek\/\">zerst\u00f6rter Putz Schwarzenbek<\/a>"},"_links":{"self":[{"href":"https:\/\/bautenschutz-keul.de\/angebote\/wp-json\/wp\/v2\/pages\/186","targetHints":{"allow":["GET"]}}],"collection":[{"href":"https:\/\/bautenschutz-keul.de\/angebote\/wp-json\/wp\/v2\/pages"}],"about":[{"href":"https:\/\/bautenschutz-keul.de\/angebote\/wp-json\/wp\/v2\/types\/page"}],"author":[{"embeddable":true,"href":"https:\/\/bautenschutz-keul.de\/angebote\/wp-json\/wp\/v2\/users\/1"}],"replies":[{"embeddable":true,"href":"https:\/\/bautenschutz-keul.de\/angebote\/wp-json\/wp\/v2\/comments?post=186"}],"version-history":[{"count":0,"href":"https:\/\/bautenschutz-keul.de\/angebote\/wp-json\/wp\/v2\/pages\/186\/revisions"}],"wp:attachment":[{"href":"https:\/\/bautenschutz-keul.de\/angebote\/wp-json\/wp\/v2\/media?parent=186"}],"curies":[{"name":"wp","href":"https:\/\/api.w.org\/{rel}","templated":true}]}}