{"id":187,"date":"2021-09-13T08:43:32","date_gmt":"2021-09-13T06:43:32","guid":{"rendered":"https:\/\/bautenschutz-keul.de\/angebote\/feuchte-wand-brietlingen\/"},"modified":"2021-09-13T08:43:32","modified_gmt":"2021-09-13T06:43:32","slug":"feuchte-wand-brietlingen","status":"publish","type":"page","link":"https:\/\/bautenschutz-keul.de\/angebote\/feuchte-wand-brietlingen\/","title":{"rendered":"Feuchte Wand &#8211; Brietlingen"},"content":{"rendered":"<h3>Feuchte Wand: Unsere Fachleute beheben den Schaden!<\/h3>\n<p>Eine feuchte Wand kann zu einem schwerwiegenden Problem werden.<br \/>\nHauseigent\u00fcmer sind meist sehr gut beraten, sich eingehend \u00fcber M\u00f6glichkeiten der Trocknung und Sanierung zu informieren, falls sie durchn\u00e4sste Bereiche in ihren R\u00e4umen lokalisiert haben. Rechtzeitig entdeckt, muss eine feuchte Wand nicht grunds\u00e4tzlich aufw\u00e4ndige und andauernde Instandsetzungsarbeiten ausl\u00f6sen. <\/p>\n<p>Eine feuchte Wand kann tats\u00e4chlich bedrohliche Effekte auf Wohlbefinden und Gesundheit der Geb\u00e4udebewohner haben.  Schimmel und Sporen sind zumeist die Erkl\u00e4rung f\u00fcr gesundheitliche St\u00f6rungen. Ein Grund zus\u00e4tzlich, der feuchten Wand zu Leibe zu gehen. Eine feuchte Wand ist eine Aufgabe f\u00fcr den Experten. Nur ein hervorragend geschulter Spezialist beherrscht die passenden Methoden, wie eine feuchte Wand schnell und erfolgreich saniert werden kann.<\/p>\n<h3>Feuchte Wand: Schnelle Hilfe durch den Fachbetrieb!<\/h3>\n<p>Bevor die Arbeiten starten, muss sich der Experte eine Meinung von den Ursachen f\u00fcr den N\u00e4sseschaden machen. Ohne die gezielte Analyse, l\u00e4sst sich eine feuchte Wand nicht ernsthaft wirksam sanieren. Die Ursache gibt quasi die Richtung vor. M\u00f6gliche Gr\u00fcnde gibt es sehr viele. Oftmals liegt die Ursache f\u00fcr eine feuchte Wand in einer nicht ausreichenden Luftzufuhr. Auch undichte Rohre m\u00f6gen der Grund f\u00fcr eine feuchte Wand sein. Solche Gr\u00fcnde sind erfahrungsgem\u00e4\u00df umgehend behoben. Sehr viel aufw\u00e4ndiger wird es, sobald diagnostiziert wird, dass die N\u00e4sse von au\u00dferhalb in den Keller eindringt.  Ein hoher Grundwasserspiegel f\u00fchrt z.B dazu, dass Feuchtigkeit in das Mauerwerk zieht. Sogar H\u00e4user mit Hanglage sind bedroht f\u00fcr durchdringende N\u00e4sse. Hier kann es schon mal sein, dass gr\u00f6\u00dfere Gesch\u00fctze f\u00fcr eine langanhaltende Renovierung gew\u00e4hlt werden m\u00fcssen. Aber auch dann ist eine feuchte Wand kein unweigerliches \u00dcbel.<\/p>\n","protected":false},"excerpt":{"rendered":"<p>Feuchte Wand: Unsere Fachleute beheben den Schaden! Eine feuchte Wand kann zu einem schwerwiegenden Problem werden. Hauseigent\u00fcmer sind meist sehr gut beraten, sich eingehend \u00fcber M\u00f6glichkeiten der Trocknung und Sanierung zu informieren, falls sie durchn\u00e4sste Bereiche in ihren R\u00e4umen lokalisiert haben. Rechtzeitig entdeckt, muss eine feuchte Wand nicht grunds\u00e4tzlich aufw\u00e4ndige und andauernde Instandsetzungsarbeiten ausl\u00f6sen. Eine [&hellip;]<\/p>\n","protected":false},"author":1,"featured_media":0,"parent":0,"menu_order":0,"comment_status":"closed","ping_status":"closed","template":"","meta":{"footnotes":""},"class_list":["post-187","page","type-page","status-publish","hentry"],"meta_box":{"popseo_subtitel":"Feuchte Wand: Die Firma TK-Geb\u00e4udetechnik Thorsten Keul ist Ihr Fachbetrieb im Raum Brietlingen","popseo_subtitel2":"Feuchte Wand - ein Problem, dem man sich stellen muss","popseo_lasttitel":"Feuchte Wand: F\u00fcr weitere Informationen sprechen Sie uns bitte an","popseo_region":"Brietlingen","popseo_sachwort":"Feuchte Wand","popseo_noupdate":"","popseo_einleitungstext":"<p>Sie haben sich mit dem Thema Bauwerksabdichtung auseinandergesetzt, weil Ihr Haus feuchte Geb\u00e4udeteile aufweist und Sie nach M\u00f6glichkeiten einer professionellen und vor allem wirksamen Sanierung Ausschau halten. Toll, dass Sie unsere Website entdeckt haben. Nachfolgend d\u00fcrfen wir Ihnen n\u00e4here Informationen zu unserem Leistungsspektrum geben. Sie lernen auf dieser Website unsere Firma n\u00e4her kennen. <\/p>\n<p>Unser Unternehmen ist ein qualifizierter und erfahrener Handwerksbetrieb mit Sitz in Brietlingen bei L\u00fcneburg. Bereits seit vielen Jahren sind wir Ihr Fachpartner f\u00fcr alle Fragen rund um Geb\u00e4udeabdichtung. Wir setzen ausschlie\u00dflich effektive und praxisbew\u00e4hrte Sanierungsmethoden und -systeme ein. Als Fachbetrieb f\u00fcr Abdichtung und Sanierung schauen wir auf eine lange Berufserfahrung zur\u00fcck. Unsere engagierten Mitarbeiter informieren Sie gerne im Detail.<\/p>","popseo_schlusstext":"<p>Sie ben\u00f6tigen einen Spezialisten f\u00fcr die fachgerecht ausgef\u00fchrte Bauwerksabdichtung. Dann melden Sie sich am besten noch heute bei uns. Wir freuen uns auf das Gespr\u00e4ch mit Ihnen. Wenn es um Sanierung geht, sind wir Ihr qualifizierter Handwerkspartner. Wir versprechen Ihnen eine sachkundig durchgef\u00fchrte Arbeit nach dem jeweils aktuellsten Stand der Technik.<\/p>","popseo_stadttext":"<h3>Leben und Wohnen in Brietlingen<\/h3>\n<p>Wir betreuen Kunden aus unser Heimatgemeinde Brietlingen und Umgebung. Durch unsere Vertriebst\u00e4tigkeit haben wir uns einen ausgezeichneten \u00dcberblick \u00fcber die Stadtarchitektur der St\u00e4dte und Gemeinden unseres Einzugsbereiches erarbeiten k\u00f6nnen. Selbstverst\u00e4ndlich geh\u00f6rt besonders auch unsere Heimatgemeinde zu unserem unmittelbaren Wirkungskreis. Wir freuen uns darauf, mit Ihnen in Kontakt zu treten. <\/p>\n<h3>Gute Gr\u00fcnde sprechen f\u00fcr den Wohnort Brietlingen<\/h3>\n<p>Brietlingen liegt im westlich vom Naturpark Elbufer-Drawelen und ist gut 10 Kilometer von von L\u00fcneburg entfernt. Auf einer Gesamtfl\u00e4che von cirka 19 km\u00b2 wohnen zirka 3.500 Einwohner. Formell z\u00e4hlt Brietlingen zum Landkreis L\u00fcneburg. Der attraktive Ort ist Teil der Samtgemeinde Scharnebeck, einer Vereinigung von acht kleineren Orten. Dies sind neben Brietlingen und Scharnebeck die Gemeinden Echem, Hittbergen, L\u00fcdersburg, Hohnstorf (Elbe), Artlenburg und Rullsdorf. Die Samtgemeinde z\u00e4hlt insgesamt etwa 15.000 Einwohner und erstreckt sich \u00fcber eine Fl\u00e4che von zirka 135 km\u00b2.<\/p>\n<p>Sehr gesch\u00e4tzt wird Brietlingen von Naturliebhabern wegen seines hohen Erholungswertes. In Brietlingen startet man sehr gerne zu langen Exkursionen durch den Naturpark Elbufer-Drawelen. Speziell f\u00fcr Familien ist Brietlingen attraktiv. Die angenehme Lage sowie eine ausgezeichnete Infrastruktur zeichnen die Gemeinde aus.<\/p>\n<h4>Privat- und Gesch\u00e4ftskunden aus Brietlingen sch\u00e4tzen unsere Leistungen!<\/h4>\n<p>Das Leben in Brietlingen ist ruhig. Die Gemeinde verf\u00fcgt \u00fcber zahlreiche idyllische Wohngebiete, die besonders von einer typischen Einzelhausbebauung gepr\u00e4gt sind. Sie interessieren sich f\u00fcr unser Leistungsangebot und haben deshalb unsere Website besucht? Das freut uns sehr. Unser engagiertes Team nimmt gerne Ihren Anruf entgegen oder beantwortet Ihre E-Mail.<\/p>","popseo_zusatztext":"<h3>Beim Abdichten sind wir Profi<\/h3>\n<p>Sie haben einen N\u00e4sseschaden festgestellt und m\u00fcssen die betroffenen Bereiche nun z\u00fcgig abdichten. Sch\u00f6n, dass Sie uns gefunden haben! Als routiniertes Fachunternehmen der Bauwirtschaft kennen wir uns sehr gut aus mit dem Abdichten von Mauern, W\u00e4nden oder Kellern.  <\/p>\n<p>Feuchtigkeitssch\u00e4den sind unsere Fachkompetenz: F\u00fcr unseren Betrieb geh\u00f6rt das Abdichten von Kellern, W\u00e4nden oder Mauern zur allt\u00e4glichen Arbeit. Wir gehen der Ursache f\u00fcr den N\u00e4sseeintritt sorgf\u00e4ltig auf den Grund. Vor dem konkreten Abdichten muss zun\u00e4chst einmal die Ursachenforschung stehen. Erst wenn man den definitiven Grund f\u00fcr die Durchfeuchtung entdeckt hat, kann man mit dem Abdichten anfangen. Die Bestandsaufnahme gibt die Richtung vor, den das Abdichten eines Bauk\u00f6rpers umfassen muss.  <\/p>\n<h4>Abdichten: Schnelle Hilfe durch den Fachbetrieb!<\/h4>\n<p>Z\u00f6gern Sie bitte nicht und verabreden Sie noch heute einen Termin mit einem unserer routinierten Spezialisten. Ein kurzer Telefonanruf oder auch eine kurze E-Mail gen\u00fcgen! Bei einer Analyse direkt am gesch\u00e4digten Objekt, nehmen wir den Schaden auf und entwerfen danach ein Konzept f\u00fcr das nachhaltige Abdichten der gesch\u00e4digten Bereiche. Unsere Arbeit ist grunds\u00e4tzlich zweckorientiert: Nat\u00fcrlich flie\u00dfen auch wirtschaftliche Aspekte in unsere Entscheidungsfindung f\u00fcr das Abdichten Ihres Geb\u00e4udes mit ein. Alles aus einer Hand: Unsere dynamischen Fachkr\u00e4fte f\u00fchren s\u00e4mtliche erforderlichen Arbeiten, die zum Abdichten dazugeh\u00f6ren zeitnah und zuverl\u00e4ssig aus. Bereits seit Jahren ist unsere Firma f\u00fcr eine hohe Qualit\u00e4t bekannt. Eine unserer Schwerpunkte liegt im Abdichten von Gesch\u00e4fts- und Wohngeb\u00e4uden. Setzen Sie auf Kompetenz und beauftragen Sie uns f\u00fcr das Abdichten von neuralgischen Stellen im Mauerwerk. Wir freuen uns darauf, auch Ihnen helfen zu k\u00f6nnen.<\/p>","popseo_links":"<a href=\"https:\/\/bautenschutz-keul.de\/angebote\/feuchte-wand-uelzen\/\">Feuchte Wand Uelzen<\/a>, <a href=\"https:\/\/bautenschutz-keul.de\/angebote\/salpeter-im-keller-amt-neuhaus\/\">Salpeter im Keller Amt Neuhaus<\/a>, <a href=\"https:\/\/bautenschutz-keul.de\/angebote\/feuchtigkeitsschaden-uelzen\/\">Feuchtigkeitsschaden Uelzen<\/a>, <a href=\"https:\/\/bautenschutz-keul.de\/angebote\/schimmelsanierung-maschen\/\">Schimmelsanierung Maschen<\/a>, <a href=\"https:\/\/bautenschutz-keul.de\/angebote\/bauwerksabdichtung-stelle\/\">Bauwerksabdichtung Stelle<\/a>, <a href=\"https:\/\/bautenschutz-keul.de\/angebote\/kellersanierung-brietlingen\/\">Kellersanierung Brietlingen<\/a>, <a href=\"https:\/\/bautenschutz-keul.de\/angebote\/salpeter-im-keller-schwarzenbek\/\">Salpeter im Keller Schwarzenbek<\/a>, <a href=\"https:\/\/bautenschutz-keul.de\/angebote\/feuchte-wand-tostedt-sittensen\/\">Feuchte Wand Tostedt Sittensen<\/a>, <a href=\"https:\/\/bautenschutz-keul.de\/angebote\/horizontalsperre-bergedorf-wentorf\/\">Horizontalsperre Bergedorf Wentorf<\/a>, <a href=\"https:\/\/bautenschutz-keul.de\/angebote\/bauwerksabdichtung-bad-bevensen\/\">Bauwerksabdichtung Bad Bevensen<\/a>, <a href=\"https:\/\/bautenschutz-keul.de\/angebote\/schimmelbeseitigung-hanstedt\/\">Schimmelbeseitigung Hanstedt<\/a>, <a href=\"https:\/\/bautenschutz-keul.de\/angebote\/kellerabdichtung-reppenstedt\/\">Kellerabdichtung Reppenstedt<\/a>, <a href=\"https:\/\/bautenschutz-keul.de\/angebote\/kellertrockenlegung-winsen-luhe\/\">Kellertrockenlegung Winsen Luhe<\/a>, <a href=\"https:\/\/bautenschutz-keul.de\/angebote\/mauertrockenlegung-uelzen\/\">Mauertrockenlegung Uelzen<\/a>, <a href=\"https:\/\/bautenschutz-keul.de\/angebote\/feuchtigkeit-brietlingen\/\">Feuchtigkeit Brietlingen<\/a>, <a href=\"https:\/\/bautenschutz-keul.de\/angebote\/innenabdichtung-glinde-sachsenwald\/\">Innenabdichtung Glinde Sachsenwald<\/a>, <a href=\"https:\/\/bautenschutz-keul.de\/angebote\/feuchte-mauer-seevetal-rosengarten\/\">Feuchte Mauer Seevetal Rosengarten<\/a>, <a href=\"https:\/\/bautenschutz-keul.de\/angebote\/feuchter-keller-amelinghausen\/\">Feuchter Keller Amelinghausen<\/a>, <a href=\"https:\/\/bautenschutz-keul.de\/angebote\/feuchte-mauer-glinde-sachsenwald\/\">Feuchte Mauer Glinde Sachsenwald<\/a>, <a href=\"https:\/\/bautenschutz-keul.de\/angebote\/schimmel-bad-bevensen\/\">Schimmel Bad Bevensen<\/a>, <a href=\"https:\/\/bautenschutz-keul.de\/angebote\/feuchtigkeit-hanstedt\/\">Feuchtigkeit Hanstedt<\/a>, <a href=\"https:\/\/bautenschutz-keul.de\/angebote\/kellertrockenlegung-harburg\/\">Kellertrockenlegung Harburg<\/a>, <a href=\"https:\/\/bautenschutz-keul.de\/angebote\/kellersanierung-reinbek-aumuehle\/\">Kellersanierung Reinbek Aum\u00fchle<\/a>, <a href=\"https:\/\/bautenschutz-keul.de\/angebote\/feuchtigkeitsschaden-seevetal-rosengarten\/\">Feuchtigkeitsschaden Seevetal Rosengarten<\/a>, <a href=\"https:\/\/bautenschutz-keul.de\/angebote\/bauwerksabdichtung-maschen\/\">Bauwerksabdichtung Maschen<\/a>, <a href=\"https:\/\/bautenschutz-keul.de\/angebote\/feuchtigkeitsschaden-adendorf\/\">Feuchtigkeitsschaden Adendorf<\/a>, <a href=\"https:\/\/bautenschutz-keul.de\/angebote\/schimmelbeseitigung-seevetal-rosengarten\/\">Schimmelbeseitigung Seevetal Rosengarten<\/a>, <a href=\"https:\/\/bautenschutz-keul.de\/angebote\/salpeter-im-keller-herzogtum-lauenburg\/\">Salpeter im Keller Herzogtum Lauenburg<\/a>, <a href=\"https:\/\/bautenschutz-keul.de\/angebote\/feuchte-wand-bergedorf-wentorf\/\">Feuchte Wand Bergedorf Wentorf<\/a>, <a href=\"https:\/\/bautenschutz-keul.de\/angebote\/feuchte-mauer-maschen\/\">Feuchte Mauer Maschen<\/a>"},"_links":{"self":[{"href":"https:\/\/bautenschutz-keul.de\/angebote\/wp-json\/wp\/v2\/pages\/187","targetHints":{"allow":["GET"]}}],"collection":[{"href":"https:\/\/bautenschutz-keul.de\/angebote\/wp-json\/wp\/v2\/pages"}],"about":[{"href":"https:\/\/bautenschutz-keul.de\/angebote\/wp-json\/wp\/v2\/types\/page"}],"author":[{"embeddable":true,"href":"https:\/\/bautenschutz-keul.de\/angebote\/wp-json\/wp\/v2\/users\/1"}],"replies":[{"embeddable":true,"href":"https:\/\/bautenschutz-keul.de\/angebote\/wp-json\/wp\/v2\/comments?post=187"}],"version-history":[{"count":0,"href":"https:\/\/bautenschutz-keul.de\/angebote\/wp-json\/wp\/v2\/pages\/187\/revisions"}],"wp:attachment":[{"href":"https:\/\/bautenschutz-keul.de\/angebote\/wp-json\/wp\/v2\/media?parent=187"}],"curies":[{"name":"wp","href":"https:\/\/api.w.org\/{rel}","templated":true}]}}