{"id":188,"date":"2021-09-13T08:43:43","date_gmt":"2021-09-13T06:43:43","guid":{"rendered":"https:\/\/bautenschutz-keul.de\/angebote\/feuchte-wand-buchholz-in-der-nordheide\/"},"modified":"2021-09-13T08:43:43","modified_gmt":"2021-09-13T06:43:43","slug":"feuchte-wand-buchholz-in-der-nordheide","status":"publish","type":"page","link":"https:\/\/bautenschutz-keul.de\/angebote\/feuchte-wand-buchholz-in-der-nordheide\/","title":{"rendered":"Feuchte Wand &#8211; Buchholz in der Nordheide"},"content":{"rendered":"<h3>Feuchte Wand: Unsere Fachleute beheben den Schaden!<\/h3>\n<p>Eine feuchte Wand k\u00f6nnte zu einem brisanten Fall werden.<br \/>\nGeb\u00e4udeeigent\u00fcmer sind entsprechend gut beraten, sich umfangreich \u00fcber Sanierungsm\u00f6glichkeiten zu erkundigen, sofern sie nasse Stellen in ihren R\u00e4umen lokalisiert haben. Rechtzeitig gefunden, braucht eine feuchte Wand nicht unbedingt schwerwiegende und langwierige Instandsetzungsarbeiten ausl\u00f6sen. <\/p>\n<p>Eine feuchte Wand kann mithin gef\u00e4hrdende Effekte auf Wohlbefinden und Gesundheit der Hausbewohner haben.  Schimmelentstehung und Sporenablagerungen sind h\u00e4ufig die Erkl\u00e4rung f\u00fcr gesundheitliche St\u00f6rungen. Ein Grund zus\u00e4tzlich, der feuchten Wand zu Leibe zu r\u00fccken. Eine feuchte Wand ist eine Angelegenheit f\u00fcr den Fachmann. Nur ein sehr gut ausgebildeter Fachmann kennt die wirksamen Anwendungen, wie eine feuchte Wand sofort und effektiv repariert werden kann.<\/p>\n<h3>Feuchte Wand \u2013 wir helfen schnell und unkompliziert!<\/h3>\n<p>Bevor die Arbeiten anfangen, muss sich der Fachmann ein Bild von den Ursachen f\u00fcr den N\u00e4sseschaden machen. Ohne die exakte Analyse, l\u00e4sst sich eine feuchte Wand nicht wirklich wirksam instandsetzen. Der Grund gibt quasi das Ziel vor. Wahrscheinliche Ursachen gibt es viele. H\u00e4ufig liegt die Ursache f\u00fcr eine feuchte Wand in einer nur mangelhaften L\u00fcftung. Auch tropfende Rohre m\u00f6gen der Grund f\u00fcr eine feuchte Wand sein. Derlei Ursachen sind in der Regel umgehend behoben. Hochgradig komplizierter wird es, wenn festgestellt wird, dass die Feuchtigkeit von au\u00dferhalb in den Keller eindringt.  Ein h\u00f6herer Grundwasserspiegel f\u00fchrt z.B dazu, dass N\u00e4sse in die Mauer eindringt. Auch Bauwerke mit Hanglage sind gef\u00e4hrdet f\u00fcr eindringende Feuchtigkeit. Hier kann es schon mal sein, dass st\u00e4rkere Gesch\u00fctze f\u00fcr eine tiefgreifende Renovierung gew\u00e4hlt werden m\u00fcssen. Jedoch auch dann ist eine feuchte Wand kein unabwendbares Schicksal.<\/p>\n","protected":false},"excerpt":{"rendered":"<p>Feuchte Wand: Unsere Fachleute beheben den Schaden! Eine feuchte Wand k\u00f6nnte zu einem brisanten Fall werden. Geb\u00e4udeeigent\u00fcmer sind entsprechend gut beraten, sich umfangreich \u00fcber Sanierungsm\u00f6glichkeiten zu erkundigen, sofern sie nasse Stellen in ihren R\u00e4umen lokalisiert haben. Rechtzeitig gefunden, braucht eine feuchte Wand nicht unbedingt schwerwiegende und langwierige Instandsetzungsarbeiten ausl\u00f6sen. Eine feuchte Wand kann mithin gef\u00e4hrdende [&hellip;]<\/p>\n","protected":false},"author":1,"featured_media":0,"parent":0,"menu_order":0,"comment_status":"closed","ping_status":"closed","template":"","meta":{"footnotes":""},"class_list":["post-188","page","type-page","status-publish","hentry"],"meta_box":{"popseo_subtitel":"Feuchte Wand: Wir sind Ihr Spezialist im Raum Buchholz in der Nordheide","popseo_subtitel2":"Feuchte Wand - wir beraten Sie gerne zur Sanierung!","popseo_lasttitel":"Feuchte Wand: Wir beantworten Ihre Fragen!","popseo_region":"Buchholz in der Nordheide","popseo_sachwort":"Feuchte Wand","popseo_noupdate":"","popseo_einleitungstext":"<p>W\u00e4nde, Kellerr\u00e4ume oder Mauern Ihrer Immobilie weisen einen Feuchtigkeitsschaden und damit einen nicht zu \u00fcbersehenden Sanierungsbedarf auf. Dann ist es an der Zeit, sich \u00fcber eine sachgerechte Trocknung Gedanken zu machen. Unser Handwerksbetrieb ist auf die Bauwerksabdichtung spezialisiert. Zu den Hauptaufgaben unseres Unternehmens z\u00e4hlen unter anderem die Bereiche Kellerabdichtung, Schimmelbeseitigung und Mauertrockenlegung. Der nachhaltigen Sanierung gilt unsere Aufmersamkeit. Wir beraten fachsicher, wie Sie Ihr Geb\u00e4ude preisg\u00fcnstig und umweltgerecht sanieren k\u00f6nnen. Ein paar erste Informationen dazu lesen Sie nachfolgend auf diesen Seiten.<\/p>","popseo_schlusstext":"<p>Auf Wunsch informieren wir Sie n\u00e4her \u00fcber unser Aufgabenfeld. Wir zeigen Ihnen mit Vergn\u00fcgen auch ein paar Projekte, die Ihnen einen Einblick in unsere Unternehmenst\u00e4tigkeit geben.<br \/>\nVertrauen Sie auf das Urteil eines erfahrenen Sannierungsfachbetriebes. Rufen Sie uns doch einfach einmal an oder senden Sie uns eine schnelle E-Mail. Wir freuen uns auf den Kontakt zu Ihnen.<\/p>","popseo_stadttext":"<h3>Die Stadt Buchholz i.d. Nordheide<\/h3>\n<p>Buchholz z\u00e4hlt zum nieders\u00e4chsischen Kreis Harburg und befindet sich in der Nordheide. Um Verwechslungen mit anderen Orten zu vermeiden, tr\u00e4gt die Stadt Buchholz von Amts wegen den Namenszusatz \"Buchholz in der Nordheide\". Durch unsere Vertriebst\u00e4tigkeit haben wir uns einen sehr guten \u00dcberblick \u00fcber die Architektur der Gemeinden und St\u00e4dte unseres Einzugsbereiches erarbeiten k\u00f6nnen. Nat\u00fcrlich geh\u00f6rt auch Buchholz i.d. Nordheide zu unserem unmittelbaren Vertriebsgebiet. Wir freuen uns darauf, mit Ihnen in Kontakt zu treten. <\/p>\n<h3>Ein paar Fakten \u00fcber Buchholz i.d. Nordheide<\/h3>\n<p>Buchholz ist eine gut gelegene Stadt. Bis in die Metropole Hamburg sind es knapp 20 km. Entsprechend viele Berufspendler leben in Buchholz. Wer seine Arbeitsst\u00e4tte in Hamburg hat, allerdings eine eher ruhige Wohnlage bevorzugt, hat es in Buchholz bestens getroffen. Der h\u00fcbsche und \u00fcberschaubare Ort bietet ein absolut attraktives Lebensumfeld. Insgesamt leben rund 37.000 B\u00fcrger in Buchholz. Stadt und Umkreis erstrecken sich \u00fcber eine Gesamtfl\u00e4che von gut 75 km\u00b2. Buchholz teilt sich auf in insgesamt sechs Ortsteile. Eine kleine Eigenheit von Buchholz: Jeder Stadtteil hat einen eigenen Ortsb\u00fcrgermeister.<\/p>\n<h3>Wir kennen uns aus in Buchholz<\/h3>\n<p>Trotz der r\u00e4umlichen N\u00e4he zur Freien und Hansestadt Hamburg, verf\u00fcgt Buchholz \u00fcber ein umtriebiges Wirtschaftsleben, das sich \u00fcber drei Gewerbegebiete erstreckt. Gro\u00dfe Einzelhandelsbetriebe wie zum Beispiel M\u00f6bel Kraft oder Media Markt f\u00fchren in Buchholz Filialen. Dominiert wird das Wirtschaftsleben von Buchholz sonst von mittelst\u00e4ndischen Betrieben aus den Gesch\u00e4ftsfeldern Gro\u00dfhandel und Dienstleistung. Auch finden sich in Buchholz etliche Autoh\u00e4user. \u00dcber die Zufahrt Dibbersen ist Buchholz an die Bundesautobahn A1 angeschlossen. Das Buchholzer Dreieck stellt dar\u00fcber hinaus eine Verbindung mit der A7 her. Des Weiteren erreicht man Buchholz mit dem Auto auch bequem \u00fcber die Bundesstra\u00dfe 75. Wer mit dem Zug nach Buchholz reist, nutzt die Strecke Bremen-Hamburg. Das Verkehrsunternehmen Metronom f\u00e4hrt Buchholz \u00fcber die Expresslinie Hamburg-Bremen und \u00fcber eine Nahverkehrsverbindung an.  <\/p>\n<h4>Privat- und Gesch\u00e4ftskunden aus Buchholz i.d. Nordheide sch\u00e4tzen unsere Leistungen!<\/h4>\n<p>Wir finden es toll, dass Sie unsere Website gefunden haben. Wir garantieren Ihnen ein sehr gutes Preis-Leistungsverh\u00e4ltnis. Sie m\u00f6chten mehr \u00fcber uns erfahren? F\u00fcr R\u00fcckfragen stehen wir Ihnen jederzeit zur Verf\u00fcgung. Unser engagiertes Team freut sich auf Sie.<\/p>","popseo_zusatztext":"<h3>Sanieren: Wir bieten eine erstklassige Handwerksarbeit<\/h3>\n<p>Sie planen eine Wand, einen Keller oder sogar ein komplettes Bauwerk zu sanieren? Prima, denn da sind Sie bei uns genau an der richtigen Stelle. Wir sind Ihr kompetenter Partner f\u00fcr alle Fragestellungen rund um das Sanieren von H\u00e4usern.  Ob feuchte Keller, feuchte W\u00e4nde oder die Sanierung gr\u00f6\u00dferer N\u00e4ssesch\u00e4den: Als spezialisiertes Fachunternehmen geh\u00f6rt das Sanieren zu unseren allt\u00e4glichen Aufgaben. Wir gehen der Schadensursache gewissenhaft auf den Grund. Vor der eigentlichen Sanierung muss selbstverst\u00e4ndlich die Ursachenforschung stehen. Nur wenn man den wirklichen Grund f\u00fcr einen entstandenen Schaden kennt, kann man nat\u00fcrlich erst mit dem Sanieren starten. Auch erkennt man erst nach einer detaillierten Analyse den Umfang, den das Sanieren eines Hauses in Anspruch nehmen wird.<\/p>\n<p>Vereinbaren Sie doch gleich einmal einen unverbindlichen Gespr\u00e4chstermin mit einem unserer sehr gut geschulten Spezialisten. Telefonanruf oder auch E-Mail reichen! Bei einer Begehung direkt vor Ort nehmen wir den Schaden auf und machen Ratschl\u00e4ge f\u00fcr das passende Sanieren. So viel wie n\u00f6tig, so wenig wie m\u00f6glich: Auch \u00f6konomische \u00dcberlegungen flie\u00dfen in unsere Entscheidungsfindung f\u00fcr das Sanieren Ihres Bauwerkes mit ein. <\/p>\n<h4>Sanieren: Wir helfen verl\u00e4sslich und kompetent!<\/h4>\n<p>Selbstverst\u00e4ndlich f\u00fchren unsere sachkundigen Spezialisten alle erforderlichen Arbeiten, die zum Sanieren geh\u00f6ren schnell und verl\u00e4\u00dflich aus. Unsere Firma ist seit vielen Jahren f\u00fcr eine hohe Fachkompetenz beim Sanieren bekannt. Der Sanierung von Wohn- und Gesch\u00e4ftsh\u00e4usern haben wir uns verschrieben. Vertrauen Sie auf Erfahrung und \u00fcbertragen Sie das Sanieren Ihres Hauses unserem Unternehmen. Wir freuen uns darauf, auch Ihnen helfen zu d\u00fcrfen.<\/p>","popseo_links":"<a href=\"https:\/\/bautenschutz-keul.de\/angebote\/salpeter-im-keller-bienenbuettel\/\">Salpeter im Keller Bienenb\u00fcttel<\/a>, <a href=\"https:\/\/bautenschutz-keul.de\/angebote\/schimmelbeseitigung-bardowick\/\">Schimmelbeseitigung Bardowick<\/a>, <a href=\"https:\/\/bautenschutz-keul.de\/angebote\/kellerabdichtung-bardowick\/\">Kellerabdichtung Bardowick<\/a>, <a href=\"https:\/\/bautenschutz-keul.de\/angebote\/schimmelsanierung-stelle\/\">Schimmelsanierung Stelle<\/a>, <a href=\"https:\/\/bautenschutz-keul.de\/angebote\/schimmel-lueneburg\/\">Schimmel L\u00fcneburg<\/a>, <a href=\"https:\/\/bautenschutz-keul.de\/angebote\/bauwerksabdichtung-bergedorf-wentorf\/\">Bauwerksabdichtung Bergedorf Wentorf<\/a>, <a href=\"https:\/\/bautenschutz-keul.de\/angebote\/feuchtigkeit-seevetal-rosengarten\/\">Feuchtigkeit Seevetal Rosengarten<\/a>, <a href=\"https:\/\/bautenschutz-keul.de\/angebote\/feuchter-keller-tostedt-sittensen\/\">Feuchter Keller Tostedt Sittensen<\/a>, <a href=\"https:\/\/bautenschutz-keul.de\/angebote\/bauwerksabdichtung-bardowick\/\">Bauwerksabdichtung Bardowick<\/a>, <a href=\"https:\/\/bautenschutz-keul.de\/angebote\/kellerabdichtung-glinde-sachsenwald\/\">Kellerabdichtung Glinde Sachsenwald<\/a>, <a href=\"https:\/\/bautenschutz-keul.de\/angebote\/aufsteigende-feuchtigkeit-schwarzenbek\/\">aufsteigende Feuchtigkeit Schwarzenbek<\/a>, <a href=\"https:\/\/bautenschutz-keul.de\/angebote\/innenabdichtung-bispingen\/\">Innenabdichtung Bispingen<\/a>, <a href=\"https:\/\/bautenschutz-keul.de\/angebote\/salpeter-im-keller-geesthacht\/\">Salpeter im Keller Geesthacht<\/a>, <a href=\"https:\/\/bautenschutz-keul.de\/angebote\/innenabdichtung-salzhausen\/\">Innenabdichtung Salzhausen<\/a>, <a href=\"https:\/\/bautenschutz-keul.de\/angebote\/feuchtigkeit-maschen\/\">Feuchtigkeit Maschen<\/a>, <a href=\"https:\/\/bautenschutz-keul.de\/angebote\/schimmelbeseitigung-amt-neuhaus\/\">Schimmelbeseitigung Amt Neuhaus<\/a>, <a href=\"https:\/\/bautenschutz-keul.de\/angebote\/zerstoerter-putz-lueneburg\/\">zerst\u00f6rter Putz L\u00fcneburg<\/a>, <a href=\"https:\/\/bautenschutz-keul.de\/angebote\/feuchter-keller-bardowick\/\">Feuchter Keller Bardowick<\/a>, <a href=\"https:\/\/bautenschutz-keul.de\/angebote\/innenabdichtung-ebstorf\/\">Innenabdichtung Ebstorf<\/a>, <a href=\"https:\/\/bautenschutz-keul.de\/angebote\/feuchter-keller-buchholz-in-der-nordheide\/\">Feuchter Keller Buchholz in der Nordheide<\/a>, <a href=\"https:\/\/bautenschutz-keul.de\/angebote\/schimmel-reinbek-aumuehle\/\">Schimmel Reinbek Aum\u00fchle<\/a>, <a href=\"https:\/\/bautenschutz-keul.de\/angebote\/kellerabdichtung-brietlingen\/\">Kellerabdichtung Brietlingen<\/a>, <a href=\"https:\/\/bautenschutz-keul.de\/angebote\/innenabdichtung-bad-bevensen\/\">Innenabdichtung Bad Bevensen<\/a>, <a href=\"https:\/\/bautenschutz-keul.de\/angebote\/feuchter-keller-reinbek-aumuehle\/\">Feuchter Keller Reinbek Aum\u00fchle<\/a>, <a href=\"https:\/\/bautenschutz-keul.de\/angebote\/schimmel-stelle\/\">Schimmel Stelle<\/a>, <a href=\"https:\/\/bautenschutz-keul.de\/angebote\/zerstoerter-putz-herzogtum-lauenburg\/\">zerst\u00f6rter Putz Herzogtum Lauenburg<\/a>, <a href=\"https:\/\/bautenschutz-keul.de\/angebote\/horizontalsperre-amelinghausen\/\">Horizontalsperre Amelinghausen<\/a>, <a href=\"https:\/\/bautenschutz-keul.de\/angebote\/mauertrockenlegung-bad-bevensen\/\">Mauertrockenlegung Bad Bevensen<\/a>, <a href=\"https:\/\/bautenschutz-keul.de\/angebote\/kellersanierung-uelzen\/\">Kellersanierung Uelzen<\/a>, <a href=\"https:\/\/bautenschutz-keul.de\/angebote\/feuchter-keller-bad-bevensen\/\">Feuchter Keller Bad Bevensen<\/a>"},"_links":{"self":[{"href":"https:\/\/bautenschutz-keul.de\/angebote\/wp-json\/wp\/v2\/pages\/188","targetHints":{"allow":["GET"]}}],"collection":[{"href":"https:\/\/bautenschutz-keul.de\/angebote\/wp-json\/wp\/v2\/pages"}],"about":[{"href":"https:\/\/bautenschutz-keul.de\/angebote\/wp-json\/wp\/v2\/types\/page"}],"author":[{"embeddable":true,"href":"https:\/\/bautenschutz-keul.de\/angebote\/wp-json\/wp\/v2\/users\/1"}],"replies":[{"embeddable":true,"href":"https:\/\/bautenschutz-keul.de\/angebote\/wp-json\/wp\/v2\/comments?post=188"}],"version-history":[{"count":0,"href":"https:\/\/bautenschutz-keul.de\/angebote\/wp-json\/wp\/v2\/pages\/188\/revisions"}],"wp:attachment":[{"href":"https:\/\/bautenschutz-keul.de\/angebote\/wp-json\/wp\/v2\/media?parent=188"}],"curies":[{"name":"wp","href":"https:\/\/api.w.org\/{rel}","templated":true}]}}