{"id":189,"date":"2021-09-13T08:43:43","date_gmt":"2021-09-13T06:43:43","guid":{"rendered":"https:\/\/bautenschutz-keul.de\/angebote\/feuchte-wand-buechen\/"},"modified":"2021-09-13T08:43:43","modified_gmt":"2021-09-13T06:43:43","slug":"feuchte-wand-buechen","status":"publish","type":"page","link":"https:\/\/bautenschutz-keul.de\/angebote\/feuchte-wand-buechen\/","title":{"rendered":"Feuchte Wand &#8211; B\u00fcchen"},"content":{"rendered":"<h3>Wir helfen rasch bei feuchten W\u00e4nden!<\/h3>\n<p>Eine feuchte Wand kann zu einem gravierenden Fall werden.<br \/>\nGeb\u00e4udebesitzer sind diesbez\u00fcglich gut beraten, sich ausf\u00fchrlich \u00fcber M\u00f6glichkeiten der Trocknung und Sanierung zu informieren, wenn sie nasse Stellen in ihren R\u00e4umlichkeiten entdeckt haben. Fr\u00fch gesehen, braucht eine feuchte Wand nicht zwingend umfangreiche und langwierige Instandsetzungsarbeiten zur Folge haben. <\/p>\n<p>Eine feuchte Wand kann durchaus ung\u00fcnstige Einfl\u00fcsseKonsequenzen auf Befinden und gesundheitliche Verfassung der Hausbewohner haben.  Schimmelbildung und Sporen sind zumeist die Erkl\u00e4rung f\u00fcr gesundheitliche Probleme. Ein Anlass mehr, der feuchten Wand zu Leibe zu r\u00fccken. Eine feuchte Wand ist ein Thema f\u00fcr den Fachbetrieb. Nur ein vorz\u00fcglich geschulter Fachmann beherrscht die zweckm\u00e4\u00dfigen Methoden, wie eine feuchte Wand sofort und effektiv saniert werden kann.<\/p>\n<h3>Feuchte Wand: Schnelle Hilfe durch den Fachbetrieb!<\/h3>\n<p>Bevor die Ma\u00dfnahmen beginnen, muss sich der Experte eine Meinung von dem Grund f\u00fcr den Schaden machen. Ohne die exakte Untersuchung, l\u00e4sst sich eine feuchte Wand nicht ernsthaft effektiv instandsetzen. Die Ursache gibt quasi das Ziel vor. Denkbare Ursachen gibt es viele. Vielfach liegt die Ursache f\u00fcr eine feuchte Wand in einer nicht ausreichenden L\u00fcftung. Auch tropfende Leitungen k\u00f6nnen die Ursache f\u00fcr eine feuchte Wand sein. Solcherlei Ursachen sind in der Regel schnell behoben. Erheblich komplizierter wird es, falls diagnostiziert wird, dass die Feuchtigkeit von au\u00dferhalb in den Keller eindringt.  Ein h\u00f6herer Wasserpegel f\u00fchrt zum Beispiel dazu, dass Feuchtigkeit in die Mauer eindringt. Sogar Immobilien mit Hanglage sind gef\u00e4hrdet f\u00fcr eindringende Feuchtigkeit. Hier kann es durchaus sein, dass st\u00e4rkere Gesch\u00fctze f\u00fcr eine nachhaltige Sanierung erwogen werden m\u00fcssen. Aber auch in diesem Fall ist eine feuchte Wand kein unweigerliches Schicksal.<\/p>\n","protected":false},"excerpt":{"rendered":"<p>Wir helfen rasch bei feuchten W\u00e4nden! Eine feuchte Wand kann zu einem gravierenden Fall werden. Geb\u00e4udebesitzer sind diesbez\u00fcglich gut beraten, sich ausf\u00fchrlich \u00fcber M\u00f6glichkeiten der Trocknung und Sanierung zu informieren, wenn sie nasse Stellen in ihren R\u00e4umlichkeiten entdeckt haben. Fr\u00fch gesehen, braucht eine feuchte Wand nicht zwingend umfangreiche und langwierige Instandsetzungsarbeiten zur Folge haben. Eine [&hellip;]<\/p>\n","protected":false},"author":1,"featured_media":0,"parent":0,"menu_order":0,"comment_status":"closed","ping_status":"closed","template":"","meta":{"footnotes":""},"class_list":["post-189","page","type-page","status-publish","hentry"],"meta_box":{"popseo_subtitel":"Feuchte Wand: Die Firma TK-Geb\u00e4udetechnik Thorsten Keul ist Ihr Experte in B\u00fcchen","popseo_subtitel2":"Feuchte Wand - Sanierung f\u00fcr Immobilienbesitzer aus Norddeutschland","popseo_lasttitel":"Feuchte Wand: F\u00fcr weitere Informationen sprechen Sie uns bitte an","popseo_region":"B\u00fcchen","popseo_sachwort":"Feuchte Wand","popseo_noupdate":"","popseo_einleitungstext":"<p>Mauern, Kellerr\u00e4ume oder W\u00e4nde Ihres Wohn- oder Gesch\u00e4ftsgeb\u00e4udes weisen Durchfeuchtungen und damit einen echten Sanierungbedarf auf. Dann ist es h\u00f6chste Eisenbahn, sich \u00fcber eine qualifiziert ausgef\u00fchrte Trocknung Gedanken zu machen. Unser Fachbetrieb ist auf die Bauwerksabdichtung spezialisiert. Zu den haupts\u00e4chlichen T\u00e4tigkeiten unserer Firma geh\u00f6ren unter anderem die Bereiche Kellerabdichtung, Mauertrockenlegung und Schimmelbeseitigung. Der nachhaltigen Sanierung gilt unsere Aufmersamkeit. Wir beraten fachsicher, wie Sie Ihr Geb\u00e4ude preisg\u00fcnstig und umweltgerecht sanieren k\u00f6nnen. Ein paar erste Informationen dazu lesen Sie nachfolgend auf diesen Seiten.<\/p>","popseo_schlusstext":"<p>Sie ben\u00f6tigen einen Profi f\u00fcr die fachgerecht ausgef\u00fchrte Bauwerksabdichtung. Dann kontaktieren Sie uns bitte schnell. Wir freuen uns auf das Gespr\u00e4ch mit Ihnen. Wenn es um Sanierung geht, sind wir Ihr kompetenter Handwerkspartner. Wir bieten Ihnen eine professionell ausgef\u00fchrte Arbeit nach dem jeweils neuesten Stand der Technik.<\/p>","popseo_stadttext":"<h3>Wir freuen uns \u00fcber Anfragen aus B\u00fcchen<\/h3>\n<p>Durch unsere Gesch\u00e4ftst\u00e4tigkeit haben wir uns einen guten \u00dcberblick \u00fcber die Architektur der St\u00e4dte und Gemeinden unseres Einzugsbereiches erarbeiten k\u00f6nnen. Nat\u00fcrlich z\u00e4hlt auch B\u00fcchen zu unserem unmittelbaren Vertriebsgebiet. Wir freuen uns darauf, mit Ihnen ins Gespr\u00e4ch zu kommen. <\/p>\n<h3>Wissenswertes \u00fcber B\u00fcchen<\/h3>\n<p>B\u00fcchen befindet sich im M\u00fcndungsbereich des Elbe-L\u00fcbeck-Kanals im Landkreis Herzogtum-Lauenburg im s\u00fcdlichen Schleswig-Holstein. In Summe 5.700 Einwohner leben in B\u00fcchen auf einer Gesamtfl\u00e4che von 16 Quadratkilometern. Die Entfernung zwischen B\u00fcchen und der Metropole Hamburg bel\u00e4uft sich auf ca. 40 Kilometer. Zahllose Pendler wohnen in der Gemeinde B\u00fcchen. Wer seinen Arbeitsplatz in Hamburg hat, das private Lebensumfeld jedoch lieber ein weniger ruhiger hat, wei\u00df die Vorz\u00fcge der Stadt B\u00fcchen zu sch\u00e4tzen.<\/p>\n<p>B\u00fcchen ist ein Bahnhof auf den Bahnstrecken L\u00fcneburg-L\u00fcbeck und Berlin-Hamburg. Wer die Zeit der DDR miterlebt hat, erinnert sich sicher noch an die umfangreichen Passkontrollen im Bahnhof von B\u00fcchen. Bis 1990 lag B\u00fcchen im direkten Grenzgebiet zwischen der ehemaligen Bundesrepublik und der fr\u00fcheren DDR. Wer mit dem Wagen reist, erreicht die Gemeinde B\u00fcchen idealerweise \u00fcber die Bundesautobahn A24. Die Anschlussstelle B\u00fcchen findet sich rund acht Kilometer von der Innenstadt entfernt.<\/p>\n<h3>B\u00fcchen - St\u00e4dtchen mit Herz<\/h3>\n<p>Die heutige Gemeinde B\u00fcchen ist ein Zusammenschluss verschiedener kleinerer Ortschaften. Dem namensgebenden B\u00fcchen selbst gemeindete man in den 1930ern die Orte N\u00fcssau und P\u00f6trau ein. Das Amt B\u00fcchen z\u00e4hlt in Summe 15 Gemeinden. Durch die Nachbarschaft zur Metropole Hamburg hat sich in B\u00fcchen ein durchaus ansehnliches Wirtschaftsleben entwickelt. Der Standort ist exzellent gelegen und bietet Firmen ausgezeichnete Konditionen. <\/p>\n<p>Sehr gesch\u00e4tzt wird B\u00fcchen von Naturfreunden wegen seines beachtlichen Erholungswertes. In B\u00fcchen startet man sehr gerne zu ausgedehnten Exkursionen durch den Naturpark Lauenburgische Seen. Speziell f\u00fcr Familien ist B\u00fcchen ideal. Die angenehme Lage sowie eine hervorragende Infrastruktur zeichnen die Stadt aus. Alle Schularten sind vorhanden und auch das \u00f6rtliche Jugendzentrum genie\u00dft regen Zuspruch. <\/p>\n<h4>Wir f\u00fcr Sie in B\u00fcchen!<\/h4>\n<p>Wir finden es klasse, dass Sie unsere Website gefunden haben. Unser Fachunternehmen steht f\u00fcr ein sehr gutes Preis-Leistungs-Verh\u00e4ltnis. Sie m\u00f6chten mehr \u00fcber uns erfahren? F\u00fcr R\u00fcckfragen stehen wir Ihnen jederzeit zur Verf\u00fcgung. Unser freundliches Team freut sich auf Sie.<\/p>","popseo_zusatztext":"<h3>Sanieren: Wir bieten eine erstklassige Handwerksarbeit<\/h3>\n<p>Sie planen eine Wand, einen Keller oder sogar ein komplettes Geb\u00e4ude zu sanieren? Super, denn dann sind Sie bei uns genau an der korrekten Adresse. Wir sind Ihr routinierter Partner f\u00fcr s\u00e4mtliche Fragestellungen rund um das Sanieren von Geb\u00e4uden.  Ob feuchte Keller, feuchte W\u00e4nde oder die Sanierung umfangreicher Feuchtesch\u00e4den: Als spezialisierte Fachfirma geh\u00f6rt das Sanieren zu den allt\u00e4glichen T\u00e4tigkeiten. Wir gehen dem Schadensfall ganz genau auf den Grund. Vor der konkreten Sanierung muss auf jeden Fall die Ursachenforschung stehen. Erst wenn man den realen Grund f\u00fcr einen eingetretenen Schaden kennt, kann man sinnvollerweise mit dem Sanieren starten. Auch erkennt man erst nach einer genauen Begutachtung das Ausma\u00df, den das Sanieren eines Bauk\u00f6rpers beanspruchen wird.<\/p>\n<p>Vereinbaren Sie doch einfach einmal einen unverbindlichen Besprechungstermin mit einem unserer sehr gut geschulten Fachleute. Telefonanruf oder eMail reichen aus! Bei einer Begehung direkt am Objekt nehmen wir die Besch\u00e4digung auf und machen Vorschl\u00e4ge f\u00fcr das zweckm\u00e4\ufb02ige Sanieren. So viel wie erforderlich, so wenig wie m\u00f6glich: Auch \u00f6konomische Gesichtspunkte flie\u00dfen in unsere Entscheidungsfindung f\u00fcr das Sanieren Ihres Bauwerkes mit ein. <\/p>\n<h4>Sanieren: Schnelle Hilfe durch den Fachbetrieb!<\/h4>\n<p>Nat\u00fcrlich f\u00fchren unsere geschulten Fachkr\u00e4fte alle erforderlichen Arbeiten, die zum Sanieren geh\u00f6ren in kurzer Zeit und verl\u00e4\u00dflich aus. Unser Betrieb ist seit vielen Jahren f\u00fcr eine hohe Qualit\u00e4t beim Sanieren bekannt. Der Reparatur von Wohn- und Gesch\u00e4ftsh\u00e4usern haben wir uns gewidmet. Vertrauen Sie auf Erfahrung und \u00fcberlassen Sie das Sanieren Ihrer Immobilie unserem Unternehmen. Wir freuen uns darauf, auch Ihnen helfen zu d\u00fcrfen.<\/p>","popseo_links":"<a href=\"https:\/\/bautenschutz-keul.de\/angebote\/schimmel-herzogtum-lauenburg\/\">Schimmel Herzogtum Lauenburg<\/a>, <a href=\"https:\/\/bautenschutz-keul.de\/angebote\/feuchte-wand-jesteburg\/\">Feuchte Wand Jesteburg<\/a>, <a href=\"https:\/\/bautenschutz-keul.de\/angebote\/kellerabdichtung-amt-neuhaus\/\">Kellerabdichtung Amt Neuhaus<\/a>, <a href=\"https:\/\/bautenschutz-keul.de\/angebote\/feuchte-mauer-stelle\/\">Feuchte Mauer Stelle<\/a>, <a href=\"https:\/\/bautenschutz-keul.de\/angebote\/aussenabdichtung-uelzen\/\">Au\u00dfenabdichtung Uelzen<\/a>, <a href=\"https:\/\/bautenschutz-keul.de\/angebote\/feuchter-keller-geesthacht\/\">Feuchter Keller Geesthacht<\/a>, <a href=\"https:\/\/bautenschutz-keul.de\/angebote\/rissverpressung-boizenburg\/\">Rissverpressung Boizenburg<\/a>, <a href=\"https:\/\/bautenschutz-keul.de\/angebote\/schimmel-harburg\/\">Schimmel Harburg<\/a>, <a href=\"https:\/\/bautenschutz-keul.de\/angebote\/bauwerksabdichtung-bergedorf-wentorf\/\">Bauwerksabdichtung Bergedorf Wentorf<\/a>, <a href=\"https:\/\/bautenschutz-keul.de\/angebote\/innenabdichtung-lueneburg\/\">Innenabdichtung L\u00fcneburg<\/a>, <a href=\"https:\/\/bautenschutz-keul.de\/angebote\/kellerabdichtung-brietlingen\/\">Kellerabdichtung Brietlingen<\/a>, <a href=\"https:\/\/bautenschutz-keul.de\/angebote\/bauwerksabdichtung-geesthacht\/\">Bauwerksabdichtung Geesthacht<\/a>, <a href=\"https:\/\/bautenschutz-keul.de\/angebote\/kellersanierung-brietlingen\/\">Kellersanierung Brietlingen<\/a>, <a href=\"https:\/\/bautenschutz-keul.de\/angebote\/rissverpressung-ebstorf\/\">Rissverpressung Ebstorf<\/a>, <a href=\"https:\/\/bautenschutz-keul.de\/angebote\/mauertrockenlegung-maschen\/\">Mauertrockenlegung Maschen<\/a>, <a href=\"https:\/\/bautenschutz-keul.de\/angebote\/schimmelsanierung-amt-neuhaus\/\">Schimmelsanierung Amt Neuhaus<\/a>, <a href=\"https:\/\/bautenschutz-keul.de\/angebote\/aufsteigende-feuchtigkeit-amt-neuhaus\/\">aufsteigende Feuchtigkeit Amt Neuhaus<\/a>, <a href=\"https:\/\/bautenschutz-keul.de\/angebote\/kellersanierung-amt-neuhaus\/\">Kellersanierung Amt Neuhaus<\/a>, <a href=\"https:\/\/bautenschutz-keul.de\/angebote\/feuchte-wand-adendorf\/\">Feuchte Wand Adendorf<\/a>, <a href=\"https:\/\/bautenschutz-keul.de\/angebote\/salpeter-im-keller-buechen\/\">Salpeter im Keller B\u00fcchen<\/a>, <a href=\"https:\/\/bautenschutz-keul.de\/angebote\/innenabdichtung-harburg\/\">Innenabdichtung Harburg<\/a>, <a href=\"https:\/\/bautenschutz-keul.de\/angebote\/feuchte-wand-brietlingen\/\">Feuchte Wand Brietlingen<\/a>, <a href=\"https:\/\/bautenschutz-keul.de\/angebote\/salpeter-im-keller-reinbek-aumuehle\/\">Salpeter im Keller Reinbek Aum\u00fchle<\/a>, <a href=\"https:\/\/bautenschutz-keul.de\/angebote\/kellersanierung-maschen\/\">Kellersanierung Maschen<\/a>, <a href=\"https:\/\/bautenschutz-keul.de\/angebote\/mauertrockenlegung-ebstorf\/\">Mauertrockenlegung Ebstorf<\/a>, <a href=\"https:\/\/bautenschutz-keul.de\/angebote\/feuchtigkeitsschaden-stelle\/\">Feuchtigkeitsschaden Stelle<\/a>, <a href=\"https:\/\/bautenschutz-keul.de\/angebote\/innenabdichtung-salzhausen\/\">Innenabdichtung Salzhausen<\/a>, <a href=\"https:\/\/bautenschutz-keul.de\/angebote\/kellertrockenlegung-glinde-sachsenwald\/\">Kellertrockenlegung Glinde Sachsenwald<\/a>, <a href=\"https:\/\/bautenschutz-keul.de\/angebote\/horizontalsperre-bardowick\/\">Horizontalsperre Bardowick<\/a>, <a href=\"https:\/\/bautenschutz-keul.de\/angebote\/salpeter-im-keller-salzhausen\/\">Salpeter im Keller Salzhausen<\/a>"},"_links":{"self":[{"href":"https:\/\/bautenschutz-keul.de\/angebote\/wp-json\/wp\/v2\/pages\/189","targetHints":{"allow":["GET"]}}],"collection":[{"href":"https:\/\/bautenschutz-keul.de\/angebote\/wp-json\/wp\/v2\/pages"}],"about":[{"href":"https:\/\/bautenschutz-keul.de\/angebote\/wp-json\/wp\/v2\/types\/page"}],"author":[{"embeddable":true,"href":"https:\/\/bautenschutz-keul.de\/angebote\/wp-json\/wp\/v2\/users\/1"}],"replies":[{"embeddable":true,"href":"https:\/\/bautenschutz-keul.de\/angebote\/wp-json\/wp\/v2\/comments?post=189"}],"version-history":[{"count":0,"href":"https:\/\/bautenschutz-keul.de\/angebote\/wp-json\/wp\/v2\/pages\/189\/revisions"}],"wp:attachment":[{"href":"https:\/\/bautenschutz-keul.de\/angebote\/wp-json\/wp\/v2\/media?parent=189"}],"curies":[{"name":"wp","href":"https:\/\/api.w.org\/{rel}","templated":true}]}}