{"id":191,"date":"2021-09-13T08:43:43","date_gmt":"2021-09-13T06:43:43","guid":{"rendered":"https:\/\/bautenschutz-keul.de\/angebote\/feuchte-wand-geesthacht\/"},"modified":"2021-09-13T08:43:43","modified_gmt":"2021-09-13T06:43:43","slug":"feuchte-wand-geesthacht","status":"publish","type":"page","link":"https:\/\/bautenschutz-keul.de\/angebote\/feuchte-wand-geesthacht\/","title":{"rendered":"Feuchte Wand &#8211; Geesthacht"},"content":{"rendered":"<h3>Wir helfen rasch bei feuchten W\u00e4nden!<\/h3>\n<p>Eine feuchte Wand k\u00f6nnte zu einem gravierenden Thema werden.<br \/>\nEigent\u00fcmer sind immer wieder gut beraten, sich umfangreich \u00fcber M\u00f6glichkeiten der Trocknung und Sanierung zu informieren, falls sie durchfeuchtete Stellen in ihren Kellerr\u00e4umen gefunden haben. Rechtzeitig entdeckt, braucht eine feuchte Wand nicht zwangsl\u00e4ufig umfangreiche und langfristige Sanierungen hervorrufen. <\/p>\n<p>Eine feuchte Wand kann auf jeden Fall negative Folgen auf Wohlbefinden und gesundheitliche Verfassung der Hausbewohner haben.  Schimmelbildung und Sporenablagerungen sind nicht selten der Grund f\u00fcr gesundheitliche St\u00f6rungen. Ein Grund zus\u00e4tzlich, der feuchten Wand zu Leibe zu r\u00fccken. Eine feuchte Wand ist eine Aufgabe f\u00fcr den Fachmann. Nur ein vorz\u00fcglich geschulter Fachmann beherrscht die geeigneten Methoden, wie eine feuchte Wand unverz\u00fcglich und effektiv repariert werden kann.<\/p>\n<h3>Feuchte Wand: Unsere Mitarbeiter stehen f\u00fcr Sie bereit!<\/h3>\n<p>Bevor die Ma\u00dfnahmen losgehen, muss sich der Fachmann ein Bild von den Ursachen f\u00fcr den Schaden machen. Ohne die gezielte Analyse, l\u00e4sst sich eine feuchte Wand nicht wirklich effektiv instandsetzen. Die Ursache gibt letztlich das Ziel vor. Wahrscheinliche Ursachen gibt es erstaunlich viele. Regelm\u00e4\u00dfig liegt die Ursache f\u00fcr eine feuchte Wand in einer  nur ungen\u00fcgenden Bel\u00fcftung. Auch undichte Abflussleitungen m\u00f6gen die Ursache f\u00fcr eine feuchte Wand sein. Diese Ursachen sind erfahrungsgem\u00e4\u00df schnell behoben. Ungemein komplizierter wird es, falls festgestellt wird, dass die N\u00e4sse von au\u00dfen in den Keller dringt.  Ein h\u00f6herer Grundwasserpegel f\u00fchrt beispielsweise dazu, dass Wasser in die Mauer eindringt. Sogar Immobilien mit Hanglage sind gef\u00e4hrdet f\u00fcr durchdringende N\u00e4sse. In solchen F\u00e4llen kann es durchaus sein, dass m\u00e4chtigere Gesch\u00fctze f\u00fcr eine tiefgreifende Renovierung erwogen werden m\u00fcssen. Doch auch in diesem Fall ist eine feuchte Wand kein unvermeidbares Schicksal.<\/p>\n","protected":false},"excerpt":{"rendered":"<p>Wir helfen rasch bei feuchten W\u00e4nden! Eine feuchte Wand k\u00f6nnte zu einem gravierenden Thema werden. Eigent\u00fcmer sind immer wieder gut beraten, sich umfangreich \u00fcber M\u00f6glichkeiten der Trocknung und Sanierung zu informieren, falls sie durchfeuchtete Stellen in ihren Kellerr\u00e4umen gefunden haben. Rechtzeitig entdeckt, braucht eine feuchte Wand nicht zwangsl\u00e4ufig umfangreiche und langfristige Sanierungen hervorrufen. Eine feuchte [&hellip;]<\/p>\n","protected":false},"author":1,"featured_media":0,"parent":0,"menu_order":0,"comment_status":"closed","ping_status":"closed","template":"","meta":{"footnotes":""},"class_list":["post-191","page","type-page","status-publish","hentry"],"meta_box":{"popseo_subtitel":"Feuchte Wand: Die Firma TK-Geb\u00e4udetechnik Thorsten Keul ist Ihr erfahrener Experte im Raum Geesthacht","popseo_subtitel2":"Feuchte Wand - ein Problem, dem man sich stellen muss","popseo_lasttitel":"Feuchte Wand: F\u00fcr weitere Informationen sprechen Sie uns bitte an","popseo_region":"Geesthacht","popseo_sachwort":"Feuchte Wand","popseo_noupdate":"","popseo_einleitungstext":"<p>Sie haben sich mit der Bauwerksabdichtung besch\u00e4ftigt, weil Ihre Immobilie feuchte Geb\u00e4udeteile aufweist und Sie nach Methoden einer wirkungsvollen und professionellen Sanierung Ausschau halten. Prima, dass Sie unsere Website gefunden haben. Auf den folgenden Seiten m\u00f6chten wir Ihnen einige Informationen zu unserem Leistungsangebot geben. Sie lernen auf dieser Internetseite unsere Firma n\u00e4her kennen. <\/p>\n<p>Unser Unternehmen ist ein spezialisierter und erfahrener Handwerksbetrieb mit Gesch\u00e4ftsssitz in Brietlingen bei L\u00fcneburg. Bereits seit vielen Jahren sind wir Ihre Experten f\u00fcr s\u00e4mtliche Fragen rund um die Bauwerksabdichtung. Wir setzen ausschlie\u00dflich praxisbew\u00e4hrte und effektive Sanierungssysteme und -methoden ein. Als Fachbetrieb f\u00fcr Abdichtung und Sanierung blicken wir auf eine lange Berufserfahrung zur\u00fcck. Unsere gut geschulten Mitarbeiter informieren Sie gerne im Detail.<\/p>","popseo_schlusstext":"<p>Wir stellen uns h\u00f6chsten Anspr\u00fcchen und freuen uns \u00fcber die Zufriedenheit der Immobilienbesitzer. Know-how, Zuverl\u00e4ssigkeit und Fachkompetenz sorgen f\u00fcr erfolgreiche Trockenlegungs- und Sanierungsprojekte. Unsere Experten freuen sich \u00fcber Ihre Kontaktaufnahme, ganz egal ob per Griff zum Telefonh\u00f6rer oder Email.<\/p>","popseo_stadttext":"<h3>Wir sind Ihr Partner auch in Geesthacht<\/h3>\n<p>Wir arbeiten f\u00fcr Kunden aus Geesthacht. Durch unsere Vertriebst\u00e4tigkeit haben wir uns einen guten \u00dcberblick \u00fcber die Architektur der St\u00e4dte und Gemeinden unseres Einzugsbereiches machen k\u00f6nnen. Selbstverst\u00e4ndlich geh\u00f6rt auch Ihre Region zu unserem unmittelbaren Wirkungskreis. Wir freuen uns darauf, mit Ihnen in Kontakt zu kommen. <\/p>\n<h3>Lebensmittelpunkt Geesthacht<\/h3>\n<p>S\u00fcd\u00f6stlich von Hamburg, direkt am Ufer der Elbe liegt Geesthacht, die gr\u00f6\u00dfte Stadt des Kreises Herzogtum Lauenburg in Schleswig-Holstein. Geesthacht liegt innerhalb der Metropolregion Hamburg. Zur Hamburger Innenstadt sind es circa 30 km, bis zum n\u00e4chstgelegenen Hamburger Stadtteil Bergedorf circa 12 km.<br \/>\nInnovationen und Fortschritt sind wichtig f\u00fcr die Stadt Geesthacht. Typisch hierf\u00fcr sind das Pumpspeicherwerk, der Forschungsreaktor Geesthacht und das Kernkraftwerk Kr\u00fcmmel. Sie machen Geesthacht zu dem gr\u00f6\u00dften Nuklear- und Energiestandort in Norddeutschland. Wen wundert es also, dass Geesthacht mit gut 50 Millionen Euro R\u00fccklagen den 1. Rang unter den reichsten St\u00e4dten in Schleswig-Holstein belegt. Entscheidend hief\u00fcr sind jedoch die Zahlungen des AKW.<\/p>\n<p>Erreichbar ist Geesthacht mit dem Auto von S\u00fcden \u00fcber die Bundesstra\u00dfe 404. \u00dcber sie hat man auch Anbindung an die A25, mit der man auf direktem Wege nach Hamburg kommt. Parallel zur Bundesautobahn verl\u00e4uft die Bundesstra\u00dfe B5, die von Bergedorf \u00fcber die City von Geesthacht f\u00fchrt und in Lauenburg endet.<br \/>\nAuch mit Bussen und Bahn kann man, dank der Vernetzung mit dem HVV, Geesthacht schnell erreichen. Aufgrund der geringen N\u00e4he zum Hamburger Stadtgebiet bringt Sie der Bus bequem, innerhalb von 20 Minuten nach Hamburg.<\/p>\n<h4>Wir f\u00fcr Sie in Geesthacht!<\/h4>\n<p>Klasse, dass Sie uns hier auf dieser Website entdeckt haben. Wenn Sie eine erfahrene Fachfirma suchen, sind Sie bei uns an der richtigen Adresse. Sie m\u00f6chten mehr \u00fcber uns erfahren? F\u00fcr R\u00fcckfragen stehen wir Ihnen jederzeit zur Verf\u00fcgung. Auf Ihre Anfragen freuen wir uns.<\/p>","popseo_zusatztext":"<h3>Abdichten: Wir versprechen Ihnen eine erstklassige Arbeit!<\/h3>\n<p>Sie haben einen Feuchtigkeitsschaden entdeckt und m\u00fcssen die entsprechenden Mauern nun schnellstm\u00f6glich abdichten. Gut, dass Sie uns gefunden haben! Als routiniertes Unternehmen der Bauwirtschaft kennen wir uns allerbestens aus mit dem Abdichten von W\u00e4nden, Mauern oder Kellern.  <\/p>\n<p>N\u00e4ssesch\u00e4den sind unser Metier: F\u00fcr unsere Firma geh\u00f6rt das Abdichten von W\u00e4nden, Mauern oder Kellern zur allt\u00e4glichen Arbeit. Wir gehen der Ursache f\u00fcr den N\u00e4sseeintritt gewissenhaft auf den Grund. Vor dem konkreten Abdichten muss allerdings die Ursachenforschung stehen. Erst wenn man den tats\u00e4chlichen Grund f\u00fcr eine Durchfeuchtung ermittelt hat, kann man mit dem Abdichten starten. Die Analyse gibt die Marschrichtung vor, den das Abdichten eines Bauk\u00f6rpers beinhalten muss.  <\/p>\n<h4>Abdichten: Beste Arbeit durch den Fachbetrieb<\/h4>\n<p>Z\u00f6gern Sie bitte nicht und vereinbaren Sie zeitnah ein Treffen mit einem unserer kompetenten Spezialisten. Ein kurzer Anruf oder eine schnelle E-Mail reichen! Bei einer Analyse direkt am gesch\u00e4digten Objekt, nehmen wir den Schaden auf und entwerfen danach ein Konzept f\u00fcr das dauerhafte Abdichten der betroffenen Bereiche. Unsere Arbeit ist stets zweckbezogen: Nat\u00fcrlich flie\u00dfen auch wirtschaftliche Gesichtspunkte in unsere Entscheidungsfindung f\u00fcr das Abdichten Ihres Hauses mit ein. Alles komplett aus einer Hand: Unsere dynamischen Angestellten f\u00fchren alle notwendigen Arbeiten, die zum Abdichten dazugeh\u00f6ren schnell und zuverl\u00e4ssig aus. Bereits seit Jahren ist unsere Firma f\u00fcr eine hohe Fachkompetenz bekannt. Eine unserer Schwerpunkte liegt im Abdichten von Wohn- und Gesch\u00e4ftsgeb\u00e4uden. Vertrauen Sie auf Kompetenz und beauftragen Sie unsere Firma f\u00fcr das Abdichten von neuralgischen Stellen im Mauerwerk. Wir freuen uns darauf, auch Ihnen helfen zu k\u00f6nnen.<\/p>","popseo_links":"<a href=\"https:\/\/bautenschutz-keul.de\/angebote\/feuchte-wand-boizenburg\/\">Feuchte Wand Boizenburg<\/a>, <a href=\"https:\/\/bautenschutz-keul.de\/angebote\/schimmelsanierung-ebstorf\/\">Schimmelsanierung Ebstorf<\/a>, <a href=\"https:\/\/bautenschutz-keul.de\/angebote\/aussenabdichtung-schwarzenbek\/\">Au\u00dfenabdichtung Schwarzenbek<\/a>, <a href=\"https:\/\/bautenschutz-keul.de\/angebote\/kellertrockenlegung-jesteburg\/\">Kellertrockenlegung Jesteburg<\/a>, <a href=\"https:\/\/bautenschutz-keul.de\/angebote\/feuchte-mauer-herzogtum-lauenburg\/\">Feuchte Mauer Herzogtum Lauenburg<\/a>, <a href=\"https:\/\/bautenschutz-keul.de\/angebote\/schimmel-jesteburg\/\">Schimmel Jesteburg<\/a>, <a href=\"https:\/\/bautenschutz-keul.de\/angebote\/rissverpressung-glinde-sachsenwald\/\">Rissverpressung Glinde Sachsenwald<\/a>, <a href=\"https:\/\/bautenschutz-keul.de\/angebote\/mauertrockenlegung-glinde-sachsenwald\/\">Mauertrockenlegung Glinde Sachsenwald<\/a>, <a href=\"https:\/\/bautenschutz-keul.de\/angebote\/feuchte-mauer-stelle\/\">Feuchte Mauer Stelle<\/a>, <a href=\"https:\/\/bautenschutz-keul.de\/angebote\/kellertrockenlegung-bispingen\/\">Kellertrockenlegung Bispingen<\/a>, <a href=\"https:\/\/bautenschutz-keul.de\/angebote\/feuchte-wand-uelzen\/\">Feuchte Wand Uelzen<\/a>, <a href=\"https:\/\/bautenschutz-keul.de\/angebote\/feuchtigkeit-amelinghausen\/\">Feuchtigkeit Amelinghausen<\/a>, <a href=\"https:\/\/bautenschutz-keul.de\/angebote\/kellertrockenlegung-bienenbuettel\/\">Kellertrockenlegung Bienenb\u00fcttel<\/a>, <a href=\"https:\/\/bautenschutz-keul.de\/angebote\/schimmel-geesthacht\/\">Schimmel Geesthacht<\/a>, <a href=\"https:\/\/bautenschutz-keul.de\/angebote\/feuchter-keller-salzhausen\/\">Feuchter Keller Salzhausen<\/a>, <a href=\"https:\/\/bautenschutz-keul.de\/angebote\/kellertrockenlegung-winsen-luhe\/\">Kellertrockenlegung Winsen Luhe<\/a>, <a href=\"https:\/\/bautenschutz-keul.de\/angebote\/mauertrockenlegung-bispingen\/\">Mauertrockenlegung Bispingen<\/a>, <a href=\"https:\/\/bautenschutz-keul.de\/angebote\/rissverpressung-harburg\/\">Rissverpressung Harburg<\/a>, <a href=\"https:\/\/bautenschutz-keul.de\/angebote\/bauwerksabdichtung-bardowick\/\">Bauwerksabdichtung Bardowick<\/a>, <a href=\"https:\/\/bautenschutz-keul.de\/angebote\/rissverpressung-adendorf\/\">Rissverpressung Adendorf<\/a>, <a href=\"https:\/\/bautenschutz-keul.de\/angebote\/bauwerksabdichtung-seevetal-rosengarten\/\">Bauwerksabdichtung Seevetal Rosengarten<\/a>, <a href=\"https:\/\/bautenschutz-keul.de\/angebote\/bauwerksabdichtung-buchholz-in-der-nordheide\/\">Bauwerksabdichtung Buchholz in der Nordheide<\/a>, <a href=\"https:\/\/bautenschutz-keul.de\/angebote\/innenabdichtung-tostedt-sittensen\/\">Innenabdichtung Tostedt Sittensen<\/a>, <a href=\"https:\/\/bautenschutz-keul.de\/angebote\/feuchte-mauer-amelinghausen\/\">Feuchte Mauer Amelinghausen<\/a>, <a href=\"https:\/\/bautenschutz-keul.de\/angebote\/aussenabdichtung-amelinghausen\/\">Au\u00dfenabdichtung Amelinghausen<\/a>, <a href=\"https:\/\/bautenschutz-keul.de\/angebote\/feuchtigkeit-bardowick\/\">Feuchtigkeit Bardowick<\/a>, <a href=\"https:\/\/bautenschutz-keul.de\/angebote\/horizontalsperre-uelzen\/\">Horizontalsperre Uelzen<\/a>, <a href=\"https:\/\/bautenschutz-keul.de\/angebote\/kellertrockenlegung-adendorf\/\">Kellertrockenlegung Adendorf<\/a>, <a href=\"https:\/\/bautenschutz-keul.de\/angebote\/schimmel-salzhausen\/\">Schimmel Salzhausen<\/a>, <a href=\"https:\/\/bautenschutz-keul.de\/angebote\/aufsteigende-feuchtigkeit-bienenbuettel\/\">aufsteigende Feuchtigkeit Bienenb\u00fcttel<\/a>"},"_links":{"self":[{"href":"https:\/\/bautenschutz-keul.de\/angebote\/wp-json\/wp\/v2\/pages\/191","targetHints":{"allow":["GET"]}}],"collection":[{"href":"https:\/\/bautenschutz-keul.de\/angebote\/wp-json\/wp\/v2\/pages"}],"about":[{"href":"https:\/\/bautenschutz-keul.de\/angebote\/wp-json\/wp\/v2\/types\/page"}],"author":[{"embeddable":true,"href":"https:\/\/bautenschutz-keul.de\/angebote\/wp-json\/wp\/v2\/users\/1"}],"replies":[{"embeddable":true,"href":"https:\/\/bautenschutz-keul.de\/angebote\/wp-json\/wp\/v2\/comments?post=191"}],"version-history":[{"count":0,"href":"https:\/\/bautenschutz-keul.de\/angebote\/wp-json\/wp\/v2\/pages\/191\/revisions"}],"wp:attachment":[{"href":"https:\/\/bautenschutz-keul.de\/angebote\/wp-json\/wp\/v2\/media?parent=191"}],"curies":[{"name":"wp","href":"https:\/\/api.w.org\/{rel}","templated":true}]}}