{"id":192,"date":"2021-09-13T08:43:43","date_gmt":"2021-09-13T06:43:43","guid":{"rendered":"https:\/\/bautenschutz-keul.de\/angebote\/feuchte-wand-glinde-sachsenwald\/"},"modified":"2021-09-13T08:43:43","modified_gmt":"2021-09-13T06:43:43","slug":"feuchte-wand-glinde-sachsenwald","status":"publish","type":"page","link":"https:\/\/bautenschutz-keul.de\/angebote\/feuchte-wand-glinde-sachsenwald\/","title":{"rendered":"Feuchte Wand &#8211; Glinde Sachsenwald"},"content":{"rendered":"<h3>Feuchte Wand: Unsere Fachleute beheben den Schaden!<\/h3>\n<p>Eine feuchte Wand kann zu einem brisanten Problem werden.<br \/>\nEigent\u00fcmer sind oft bestens beraten, sich intensiv \u00fcber M\u00f6glichkeiten der Trocknung und Sanierung zu informieren, sofern sie durchfeuchtete Bereiche in ihren Kellerr\u00e4umen entdeckt haben. Rechtzeitig entdeckt, braucht eine feuchte Wand nicht zwingend umfangreiche und andauernde Sanierungsarbeiten hervorrufen. <\/p>\n<p>Eine feuchte Wand kann tats\u00e4chlich negative Auswirkungen auf Wohlbefinden und Gesundheit der Geb\u00e4udebewohner haben.  Schimmel und Sporenablagerungen sind zumeist die Erkl\u00e4rung f\u00fcr gesundheitliche Beeintr\u00e4chtigungen. Ein Grund mehr, der feuchten Wand zu Leibe zu gehen. Eine feuchte Wand ist ein Fall f\u00fcr den Fachbetrieb. Nur ein gut ausgebildeter Spezialist kennt die entsprechenden Methoden, wie eine feuchte Wand schnell und erfolgreich saniert werden kann.<\/p>\n<h3>Feuchte Wand: Schnelle Hilfe durch den Fachbetrieb!<\/h3>\n<p>Bevor die Ma\u00dfnahmen beginnen, sollte sich der Profi ein Bild von dem Grund f\u00fcr den N\u00e4sseschaden machen. Ohne die exakte Analyse, l\u00e4sst sich eine feuchte Wand nicht wirklich nachhaltig instandsetzen. Der Grund gibt quasi die Richtung vor. Mutma\u00dfliche Ausl\u00f6ser gibt es einige. Nicht selten liegt die Ursache f\u00fcr eine feuchte Wand in einer nicht ausreichenden L\u00fcftung. Auch por\u00f6se Abflussleitungen k\u00f6nnen der Grund f\u00fcr eine feuchte Wand sein. Solche Gr\u00fcnde sind in der Regel zeitnah behoben. Hochgradig aufw\u00e4ndiger wird es, falls festgestellt wird, dass die N\u00e4sse von au\u00dferhalb in den Keller gelangt.  Ein gestiegener Grundwasserspiegel f\u00fchrt n\u00e4mlich dazu, dass Feuchtigkeit in die Mauer gelangt. Auch H\u00e4user mit Hanglage sind gef\u00e4hrdet f\u00fcr durchdringende Feuchtigkeit. In solchen F\u00e4llen kann es durchaus sein, dass gr\u00f6\u00dfere Gesch\u00fctze f\u00fcr eine dauerhafte Renovierung erwogen werden m\u00fcssen. Aber auch in diesem Fall ist eine feuchte Wand kein definitives \u00dcbel.<\/p>\n","protected":false},"excerpt":{"rendered":"<p>Feuchte Wand: Unsere Fachleute beheben den Schaden! Eine feuchte Wand kann zu einem brisanten Problem werden. Eigent\u00fcmer sind oft bestens beraten, sich intensiv \u00fcber M\u00f6glichkeiten der Trocknung und Sanierung zu informieren, sofern sie durchfeuchtete Bereiche in ihren Kellerr\u00e4umen entdeckt haben. Rechtzeitig entdeckt, braucht eine feuchte Wand nicht zwingend umfangreiche und andauernde Sanierungsarbeiten hervorrufen. Eine feuchte [&hellip;]<\/p>\n","protected":false},"author":1,"featured_media":0,"parent":0,"menu_order":0,"comment_status":"closed","ping_status":"closed","template":"","meta":{"footnotes":""},"class_list":["post-192","page","type-page","status-publish","hentry"],"meta_box":{"popseo_subtitel":"Feuchte Wand: Wir sind Ihr Partner im Raum Glinde Sachsenwald","popseo_subtitel2":"Feuchte Wand - wir beraten Sie gerne zur Sanierung!","popseo_lasttitel":"Feuchte Wand: F\u00fcr weitere Informationen sprechen Sie uns bitte an","popseo_region":"Glinde Sachsenwald","popseo_sachwort":"Feuchte Wand","popseo_noupdate":"","popseo_einleitungstext":"<p>Sie haben sich mit der Bauwerksabdichtung besch\u00e4ftigt, da Ihr Wohn- oder Gesch\u00e4ftshaus feuchte Geb\u00e4udebereiche aufweist und Sie nach Methoden einer wirkungsvollen und professionellen Sanierung Ausschau halten. Hervorragend, dass Sie unsere Homepage entdeckt haben. Nachfolgend d\u00fcrfen wir Ihnen n\u00e4here Informationen zu unserem Leistungsspektrum geben. Sie lernen auf dieser Internetseite unsere Firma n\u00e4her kennen. <\/p>\n<p>Die Firma TK-Geb\u00e4udetechnik Thorsten Keul ist ein spezialisierter und etablierter Handwerksbetrieb mit Firmensitz in Brietlingen bei L\u00fcneburg. Bereits seit vielen Jahren sind wir Ihr Fachpartner f\u00fcr alle Fragen rund um die Bauwerksabdichtung. Wir setzen ausschlie\u00dflich effektive und praxisbew\u00e4hrte Sanierungsmethoden und -systeme ein. Als Fachbetrieb f\u00fcr Abdichtung und Sanierung blicken wir auf eine lange Berufserfahrung zur\u00fcck. Unsere versierten Fachkr\u00e4fte informieren Sie mit Vergn\u00fcgen im Detail.<\/p>","popseo_schlusstext":"<p>Wenn Sie einen qualifizierten Fachbetrieb f\u00fcr die Bauwerksabdichtung ben\u00f6tigen, sind Sie bei uns an der richtigen Adresse. Sie m\u00f6chten mehr \u00fcber uns erfahren? Als auf Sanierung spezialisierte Handwerksfirma sind wir f\u00fcr die Realisierung Ihres Vorhabens der ideale Dienstleister und freuen uns \u00fcber Ihre Kontaktaufnahme, egal ob durch Telefonanruf oder Nachricht per E-Mail. Worauf Sie neben unserer fachlichen Expertise setzen d\u00fcrfen: Unser Team arbeitet absolut zuverl\u00e4ssig und wird mit Elan und Schwung f\u00fcr Sie t\u00e4tig. Wir freuen uns auf Sie!<\/p>","popseo_stadttext":"<h3>Anfragen erhalten wir auch aus der Region Glinde \/ Sachsenwald<\/h3>\n<p>Sie wohnen in  in der N\u00e4he vom Sachsenwald oder in Glinde und sind hier im World Wide Web auf unsere Website gesto\u00dfen? Das finden wir toll. Gerne pr\u00e4sentieren wir Ihnen unser gesamtes Leistungsspektrum und beantworten Ihre Fragen. Durch unsere Vertriebst\u00e4tigkeit haben wir uns einen guten \u00dcberblick \u00fcber die Architektur der Gemeinden und St\u00e4dte unseres Einzugsbereiches erarbeiten k\u00f6nnen. Selbstverst\u00e4ndlich geh\u00f6rt auch die Region Glinde \/ Sachsenwald zu unserem unmittelbaren Wirkungskreis. Wir freuen uns darauf, mit Ihnen in Kontakt zu treten. <\/p>\n<h3>Ein paar Fakten \u00fcber die Region Glinde \/ Sachsenwald<\/h3>\n<p>Die Stormarner Gemeinde Glinde ist Teil der Metropolregion Hamburg und gut 20 km in s\u00fcd\u00f6stlicher Randlage zur Hansestadt gelegen. Durch die Anbindung an das Verkehrsnetz des Hamburger Verkehrsverbunds (HVV) sowie an die Verkehrsbetriebe von Schleswig- Holstein sind Ziele in der n\u00e4heren Umgebung oder nat\u00fcrlich auch die Hansestadt Hamburg selbst von Glinde aus schnell zu erreichen.<br \/>\nInsgesamt acht Buslinien bilden \u00f6ffentlichen Personennahverkehr von Glinde nach Hamburg bzw. in die Nachbargemeinden. Ferner besteht eine direkte Anbindung mit der Eisenbahn nach Hamburg. \u00dcber den Hamburger Hauptbahnbahnhof erh\u00e4lt man Anschluss an das gesamte Verkehrsnetz. Dar\u00fcber hinaus gibt es noch die M\u00f6glichkeit, den Metronombus zu nutzen, mit dem man von Glinde nach Hamburg circa 40 Minuten ben\u00f6tigt. Auch f\u00fcr den PKW stehen g\u00fcnstige \u00fcberregionale Verkehrsanbindungen zur Verf\u00fcgung. Gleich zwei Autobahnanschl\u00fcsse befinden sich in der n\u00e4heren Umgebung. \u00dcber die Autobahn A24 (AS Reinbek\/Glinde) bzw. die Schnellstra\u00dfe A1 kommt man schnell an sein Ziel.<br \/>\nWegen seiner guten Infrastruktur hat sich Glinde zu einem beliebten Wohnquartier entwickelt.  \u00dcber die H\u00e4lfte des Stadtgebietes von Glinde wird landwirtschaftlich genutzt oder besteht aus Park- oder Wasserfl\u00e4chen. <\/p>\n<h3>Besuchen Sie den Sachsenwald!<\/h3>\n<p>Unweit von Glinde entfernt, findet sich der Sachsenwald. Mit Fl\u00e4che von zirka 70 Quadratkilometern z\u00e4hlt der Sachsenwald als gr\u00f6\u00dftes Waldgebiet des Landes Schleswig-Holstein. Der Sachsenwald ist ein gemeindefreies Areal. Es reicht an die Kreise Stormarn und Herzogtum Lauenburg. Naturverbundene Menschen haben im Sachsenwald ein wahres Paradies. Ein langer Spaziergang durch das herrliche Waldgebiet bietet Ruhe und Erholung. Viele Tiere und Pflanzen haben im Sachsenwald ihren Raum gefunden. Die heimische Tierwelt hat im Sachsenwald einen weitgehend unber\u00fchrten Lebensraum. Der Sachsenwald gliedert sich in die Bezirke Aum\u00fchle, Wohltorf und Friedrichsruh\/Stangenteich auf. Die dazu z\u00e4hlenden Gemeinden erfreuen sich als begehrte Wohnquartiere besonderer Popularit\u00e4t.<\/p>\n<h4>Unsere Leistung f\u00fcr qualit\u00e4tsbewusste Kunden aus Glinde und den Gemeinden am Sachsenwald<\/h4>\n<p>Sie leben in Glinde oder einer der romantischen Orte am Sachsenwald, interessieren sich f\u00fcr unser Angebot und haben deshalb unsere Website besucht? Das freut uns sehr. Unser freundliches Team nimmt gerne Ihren Anruf entgegen oder beantwortet Ihre E-Mail.<\/p>","popseo_zusatztext":"<h3>Abdichten: Wir bieten eine erstklassige Sanierungsarbeit<\/h3>\n<p>Sie haben einen Feuchtigkeitsschaden entdeckt und m\u00fcssen die betroffenen Mauern nun z\u00fcgig abdichten. Sch\u00f6n, dass Sie uns gefunden haben! Als routiniertes Fachunternehmen der Bauwirtschaft kennen wir uns allerbestens aus mit dem Abdichten von W\u00e4nden, Kellern oder Mauern.  <\/p>\n<p>Feuchtigkeitssch\u00e4den sind unser Gesch\u00e4ft: F\u00fcr unser Unternehmen geh\u00f6rt das Abdichten von W\u00e4nden, Kellern oder Mauern zur t\u00e4glichen Arbeit. Wir gehen der Ursache f\u00fcr den Wassereintritt gr\u00fcndlich auf den Grund. Vor dem konkreten Abdichten muss zun\u00e4chst einmal die Ursachenforschung stehen. Erst wenn man den definitiven Grund f\u00fcr die Durchn\u00e4ssung ermittelt hat, kann man mit dem Abdichten starten. Die Begutachtung gibt die Richtung vor, den das Abdichten eines Bauk\u00f6rpers umfassen muss.  <\/p>\n<h4>Abdichten \u2013 wir helfen schnell und unkompliziert!<\/h4>\n<p>Z\u00f6gern Sie bitte nicht und vereinbaren Sie gleich jetzt einen Vor-Ort-Termin mit einem unserer routinierten Angestellten. Ein kurzer Telefonanruf beziehungsweise eine kurze eMail reichen v\u00f6llig aus! Bei einer Analyse direkt am betroffenen Objekt, nehmen wir den Schaden auf und entwerfen anschlie\u00dfend ein Konzept f\u00fcr das langfristige Abdichten der gesch\u00e4digten Bereiche. Unsere Arbeit ist immer zweckorientiert: Selbstverst\u00e4ndlich flie\u00dfen auch wirtschaftliche \u00dcberlegungen in unsere Entscheidungsfindung f\u00fcr das Abdichten Ihres Hauses mit ein. Komplett aus einer Hand: Unsere motivierten Fachkr\u00e4fte f\u00fchren s\u00e4mtliche erforderlichen Arbeiten, die zum Abdichten dazugeh\u00f6ren schnell und verl\u00e4sslich aus. Bereits seit langer Zeit ist unser Haus f\u00fcr eine hohe Qualit\u00e4t bekannt. Eine unserer Schwerpunkte liegt im Abdichten von Wohn- und Gesch\u00e4ftsgeb\u00e4uden. Vertrauen Sie auf Fachkompetenz und beauftragen Sie unser Unternehmen f\u00fcr das Abdichten von neuralgischen Stellen im Mauerwerk. Wir freuen uns darauf, auch Ihnen helfen zu d\u00fcrfen.<\/p>","popseo_links":"<a href=\"https:\/\/bautenschutz-keul.de\/angebote\/feuchter-keller-reppenstedt\/\">Feuchter Keller Reppenstedt<\/a>, <a href=\"https:\/\/bautenschutz-keul.de\/angebote\/feuchter-keller-bispingen\/\">Feuchter Keller Bispingen<\/a>, <a href=\"https:\/\/bautenschutz-keul.de\/angebote\/horizontalsperre-harburg\/\">Horizontalsperre Harburg<\/a>, <a href=\"https:\/\/bautenschutz-keul.de\/angebote\/feuchter-keller-herzogtum-lauenburg\/\">Feuchter Keller Herzogtum Lauenburg<\/a>, <a href=\"https:\/\/bautenschutz-keul.de\/angebote\/mauertrockenlegung-amt-neuhaus\/\">Mauertrockenlegung Amt Neuhaus<\/a>, <a href=\"https:\/\/bautenschutz-keul.de\/angebote\/aufsteigende-feuchtigkeit-hanstedt\/\">aufsteigende Feuchtigkeit Hanstedt<\/a>, <a href=\"https:\/\/bautenschutz-keul.de\/angebote\/feuchter-keller-uelzen\/\">Feuchter Keller Uelzen<\/a>, <a href=\"https:\/\/bautenschutz-keul.de\/angebote\/aufsteigende-feuchtigkeit-stelle\/\">aufsteigende Feuchtigkeit Stelle<\/a>, <a href=\"https:\/\/bautenschutz-keul.de\/angebote\/zerstoerter-putz-salzhausen\/\">zerst\u00f6rter Putz Salzhausen<\/a>, <a href=\"https:\/\/bautenschutz-keul.de\/angebote\/feuchtigkeitsschaden-harburg\/\">Feuchtigkeitsschaden Harburg<\/a>, <a href=\"https:\/\/bautenschutz-keul.de\/angebote\/schimmel-hanstedt\/\">Schimmel Hanstedt<\/a>, <a href=\"https:\/\/bautenschutz-keul.de\/angebote\/aufsteigende-feuchtigkeit-bienenbuettel\/\">aufsteigende Feuchtigkeit Bienenb\u00fcttel<\/a>, <a href=\"https:\/\/bautenschutz-keul.de\/angebote\/horizontalsperre-brietlingen\/\">Horizontalsperre Brietlingen<\/a>, <a href=\"https:\/\/bautenschutz-keul.de\/angebote\/schimmelbeseitigung-maschen\/\">Schimmelbeseitigung Maschen<\/a>, <a href=\"https:\/\/bautenschutz-keul.de\/angebote\/horizontalsperre-seevetal-rosengarten\/\">Horizontalsperre Seevetal Rosengarten<\/a>, <a href=\"https:\/\/bautenschutz-keul.de\/angebote\/kellerabdichtung-stelle\/\">Kellerabdichtung Stelle<\/a>, <a href=\"https:\/\/bautenschutz-keul.de\/angebote\/horizontalsperre-stelle\/\">Horizontalsperre Stelle<\/a>, <a href=\"https:\/\/bautenschutz-keul.de\/angebote\/horizontalsperre-bienenbuettel\/\">Horizontalsperre Bienenb\u00fcttel<\/a>, <a href=\"https:\/\/bautenschutz-keul.de\/angebote\/feuchte-wand-brietlingen\/\">Feuchte Wand Brietlingen<\/a>, <a href=\"https:\/\/bautenschutz-keul.de\/angebote\/kellersanierung-hanstedt\/\">Kellersanierung Hanstedt<\/a>, <a href=\"https:\/\/bautenschutz-keul.de\/angebote\/feuchtigkeit-seevetal-rosengarten\/\">Feuchtigkeit Seevetal Rosengarten<\/a>, <a href=\"https:\/\/bautenschutz-keul.de\/angebote\/feuchtigkeit-geesthacht\/\">Feuchtigkeit Geesthacht<\/a>, <a href=\"https:\/\/bautenschutz-keul.de\/angebote\/zerstoerter-putz-boizenburg\/\">zerst\u00f6rter Putz Boizenburg<\/a>, <a href=\"https:\/\/bautenschutz-keul.de\/angebote\/feuchte-wand-stelle\/\">Feuchte Wand Stelle<\/a>, <a href=\"https:\/\/bautenschutz-keul.de\/angebote\/horizontalsperre-bispingen\/\">Horizontalsperre Bispingen<\/a>, <a href=\"https:\/\/bautenschutz-keul.de\/angebote\/horizontalsperre-jesteburg\/\">Horizontalsperre Jesteburg<\/a>, <a href=\"https:\/\/bautenschutz-keul.de\/angebote\/feuchte-mauer-stelle\/\">Feuchte Mauer Stelle<\/a>, <a href=\"https:\/\/bautenschutz-keul.de\/angebote\/kellerabdichtung-glinde-sachsenwald\/\">Kellerabdichtung Glinde Sachsenwald<\/a>, <a href=\"https:\/\/bautenschutz-keul.de\/angebote\/salpeter-im-keller-boizenburg\/\">Salpeter im Keller Boizenburg<\/a>, <a href=\"https:\/\/bautenschutz-keul.de\/angebote\/innenabdichtung-harburg\/\">Innenabdichtung Harburg<\/a>"},"_links":{"self":[{"href":"https:\/\/bautenschutz-keul.de\/angebote\/wp-json\/wp\/v2\/pages\/192","targetHints":{"allow":["GET"]}}],"collection":[{"href":"https:\/\/bautenschutz-keul.de\/angebote\/wp-json\/wp\/v2\/pages"}],"about":[{"href":"https:\/\/bautenschutz-keul.de\/angebote\/wp-json\/wp\/v2\/types\/page"}],"author":[{"embeddable":true,"href":"https:\/\/bautenschutz-keul.de\/angebote\/wp-json\/wp\/v2\/users\/1"}],"replies":[{"embeddable":true,"href":"https:\/\/bautenschutz-keul.de\/angebote\/wp-json\/wp\/v2\/comments?post=192"}],"version-history":[{"count":0,"href":"https:\/\/bautenschutz-keul.de\/angebote\/wp-json\/wp\/v2\/pages\/192\/revisions"}],"wp:attachment":[{"href":"https:\/\/bautenschutz-keul.de\/angebote\/wp-json\/wp\/v2\/media?parent=192"}],"curies":[{"name":"wp","href":"https:\/\/api.w.org\/{rel}","templated":true}]}}