{"id":193,"date":"2021-09-13T08:43:43","date_gmt":"2021-09-13T06:43:43","guid":{"rendered":"https:\/\/bautenschutz-keul.de\/angebote\/feuchte-wand-hanstedt\/"},"modified":"2021-09-13T08:43:43","modified_gmt":"2021-09-13T06:43:43","slug":"feuchte-wand-hanstedt","status":"publish","type":"page","link":"https:\/\/bautenschutz-keul.de\/angebote\/feuchte-wand-hanstedt\/","title":{"rendered":"Feuchte Wand &#8211; Hanstedt"},"content":{"rendered":"<h3>Sie ben\u00f6tigen Hilfe gegen eine feuchte Wand? Dann rufen Sie uns bitte an!<\/h3>\n<p>Eine feuchte Wand k\u00f6nnte zu einem ernsthaften Fall werden.<br \/>\nHauseigent\u00fcmer sind entsprechend gut beraten, sich umfassend \u00fcber Trocknungsm\u00f6glichkeiten zu erkundigen, f\u00fcr den Fall das sie durchn\u00e4sste Stellen in ihren R\u00e4umen entdeckt haben. Rechtzeitig gefunden, muss eine feuchte Wand nicht unbedingt umfangreiche und andauernde Sanierungen nach sich ziehen. <\/p>\n<p>Eine feuchte Wand kann mithin gef\u00e4hrdende Effekte auf Wohlbefinden und Gesundheit der Geb\u00e4udebewohner haben.  Schimmel und Sporenablagerungen sind oft die Ursache f\u00fcr gesundheitliche Probleme. Ein Anlass zus\u00e4tzlich, der feuchten Wand zu Leibe zu gehen. Eine feuchte Wand ist ein Fall f\u00fcr den Profi. Nur ein gut geschulter Spezialist kennt die zweckm\u00e4\u00dfigen Verfahren, wie eine feuchte Wand sofort und erfolgreich saniert werden kann.<\/p>\n<h3>Feuchte Wand \u2013 wir helfen schnell und unkompliziert!<\/h3>\n<p>Bevor die Arbeiten beginnen, muss sich der Fachmann eine Meinung von den Ursachen f\u00fcr den Schaden machen. Ohne die eindeutige Untersuchung, l\u00e4sst sich eine feuchte Wand nicht ernsthaft wirksam sanieren. Der Grund gibt letzendlich das Verfahren vor. Denkbare Ursachen gibt es sehr viele. Vielfach liegt die Ursache f\u00fcr eine feuchte Wand in einer  nur ungen\u00fcgenden Luftzufuhr. Auch por\u00f6se Wasserrohre k\u00f6nnen die Ursache f\u00fcr eine feuchte Wand sein. Solche Ursachen sind in der Regel schnell behoben. Sehr viel schwieriger wird es, wenn festgestellt wird, dass die Feuchtigkeit von au\u00dfen in den Keller dringt.  Ein h\u00f6herer Wasserspiegel f\u00fchrt zum Beispiel dazu, dass Feuchtigkeit in das Mauerwerk eindringt. Selbst Geb\u00e4ude mit Hanglage sind bedroht f\u00fcr eindringende N\u00e4sse. Hier kann es durchaus sein, dass gr\u00f6\u00dfere Gesch\u00fctze f\u00fcr eine tiefgreifende Sanierung erwogen werden m\u00fcssen. Doch auch dann ist eine feuchte Wand kein definitives Schicksal.<\/p>\n","protected":false},"excerpt":{"rendered":"<p>Sie ben\u00f6tigen Hilfe gegen eine feuchte Wand? Dann rufen Sie uns bitte an! Eine feuchte Wand k\u00f6nnte zu einem ernsthaften Fall werden. Hauseigent\u00fcmer sind entsprechend gut beraten, sich umfassend \u00fcber Trocknungsm\u00f6glichkeiten zu erkundigen, f\u00fcr den Fall das sie durchn\u00e4sste Stellen in ihren R\u00e4umen entdeckt haben. Rechtzeitig gefunden, muss eine feuchte Wand nicht unbedingt umfangreiche und [&hellip;]<\/p>\n","protected":false},"author":1,"featured_media":0,"parent":0,"menu_order":0,"comment_status":"closed","ping_status":"closed","template":"","meta":{"footnotes":""},"class_list":["post-193","page","type-page","status-publish","hentry"],"meta_box":{"popseo_subtitel":"Feuchte Wand: Wir sind Ihr Fachbetrieb in Hanstedt","popseo_subtitel2":"Feuchte Wand - setzen Sie in Sachen Sanierung auf unsere Erfahrung","popseo_lasttitel":"Feuchte Wand: Treten Sie in Kontakt mit uns!","popseo_region":"Hanstedt","popseo_sachwort":"Feuchte Wand","popseo_noupdate":"","popseo_einleitungstext":"<p>Sie haben sich mit dem Thema Bauwerksabdichtung besch\u00e4ftigt, weil Ihr Wohn- oder Gesch\u00e4ftshaus feuchte Geb\u00e4udebereiche aufweist und Sie nach Methoden einer professionellen und vor allem wirksamen Sanierung Ausschau halten. Sch\u00f6n, dass Sie unsere Website besuchen. Nachfolgend m\u00f6chten wir Ihnen einige Informationen zu unserem Leistungsangebot geben. Sie lernen auf dieser Website unsere Firma etwas n\u00e4her kennen. <\/p>\n<p>Unser Unternehmen ist ein qualifizierter und erfahrener Fachbetrieb mit Firmensitz in Brietlingen bei L\u00fcneburg. Seit vielen Jahren schon sind wir Ihr Spezialist f\u00fcr alle auftretenden Fragen rund um Geb\u00e4udeabdichtung. Wir setzen ausschlie\u00dflich effektive und praxisbew\u00e4hrte Sanierungsmethoden und -systeme ein. Als Fachbetrieb f\u00fcr Abdichtung und Sanierung schauen wir auf eine lange Berufserfahrung zur\u00fcck. Unsere versierten Fachleute informieren Sie gerne im Detail.<\/p>","popseo_schlusstext":"<p>Gerne informieren wir Sie n\u00e4her \u00fcber unser Aufgabenfeld. Wir zeigen Ihnen mit Vergn\u00fcgen auch einige Referenzprojekte, die Ihnen einen Einblick in unsere Arbeit geben.<br \/>\nSchenken Sie uns Ihr Vertrauen. Rufen Sie uns doch rasch einmal an oder schreiben Sie uns eine kurze E-Mail. Wir freuen uns auf Ihre Kontaktaufnahme.<\/p>","popseo_stadttext":"<h3>Wir sind Ihr Partner auch in Hanstedt (Harburg)<\/h3>\n<p>Sie kommen aus Hanstedt (Harburg) und sind hier im World Wide Web auf unsere Website gesto\u00dfen? Das finden wir toll. Sehr gerne pr\u00e4sentieren wir Ihnen unser komplettes Leistungsspektrum und beantworten Ihre Fragen. Durch unsere Gesch\u00e4ftst\u00e4tigkeit haben wir uns einen sehr guten \u00dcberblick \u00fcber die Stadtarchitektur der St\u00e4dte und Gemeinden unseres Einzugsbereiches erarbeiten k\u00f6nnen. Nat\u00fcrlich z\u00e4hlt auch Hanstedt (Harburg) unserem unmittelbaren Gesch\u00e4ftsgebiet. Wir freuen uns darauf, mit Ihnen in Kontakt zu treten. <\/p>\n<h3>Ein paar Fakten \u00fcber Hanstedt (Harburg)<\/h3>\n<p>Knapp 5.800 Anwohner z\u00e4hlt Hanstedt (Harburg). Das Gemeindegebiet umfasst ein Areal von etwas mehr als 59 km\u00b2. Die \u00d6konomie von Hanstedt nutznie\u00dft von der verkehrstechnisch exquisiten Lage in der L\u00fcneburger Heide. Speziell f\u00fcr die mittelst\u00e4ndischen Betriebe erweist sich die Zentralit\u00e4t des Ortes als Motor. Wirtschaftlich wird Hanstedt vor allem durch mittelst\u00e4ndische Betriebe aus den Bereichen Handwerk und Dienstleistung gepr\u00e4gt. Diese Branchen sind ausgesprochen prominent vertreten. Dar\u00fcber hinaus wurde der Fremdenverkehr zu einem wichtigen Element der \u00f6rtlichen Wirtschaft. Erholungssuchende finden in Hanstedt (Harburg) zahlreiche M\u00f6glichkeiten zum Wandern und f\u00fcr Fahrradtouren. Insbesondere die ausdehnten Heidefl\u00e4chen des Naturschutzgebietes L\u00fcneburger Heide sowie die Hanstedter Berge ziehen zahlreiche Touristen und Tagesbesucher in die Region. Hanstedt (Harburg) ist ein familiengerechter Ort. Die Gemeinde verf\u00fcgt \u00fcber eine sehr gute Infrastruktur. Organisatorisch geh\u00f6rt Hanstedt zum Landkreis Harburg.<\/p>\n<h4>Privat- und Gesch\u00e4ftskunden aus Hanstedt (Harburg) sch\u00e4tzen unsere Leistungen!<\/h4>\n<p>Das Leben in Hanstedt (Harburg) ist beschaulich. Die Gemeinde verf\u00fcgt \u00fcber zahlreiche idyllische Wohnquartiere, die besonders von einer angenehmen Einzelhausbebauung gepr\u00e4gt sind. Sie interessieren sich f\u00fcr unser Leistungsangebot und haben deshalb unsere Homepage besucht? Dar\u00fcber freuen wir uns sehr. Unser freundliches Spezialistenteam nimmt gerne Ihren Anruf entgegen oder beantwortet Ihre E-Mail.<\/p>","popseo_zusatztext":"<h3>Sanieren: Auf die Wirksamkeit k\u00f6nnen Sie sich verlassen<\/h3>\n<p>Sie planen eine Wand, einen Keller oder gar ein komplettes Haus zu sanieren? Klasse, denn da sind Sie bei uns exakt an der richtigen Adresse. Wir sind Ihr erfahrener Partner f\u00fcr alle Fragestellungen rund um das Sanieren von H\u00e4usern.  Ob durchn\u00e4sste Keller, feuchte Mauern oder die Sanierung umfangreicher Feuchtesch\u00e4den: Als spezialisiertes Fachunternehmen geh\u00f6rt das Sanieren zu unseren t\u00e4glichen T\u00e4tigkeiten. Wir gehen dem Schadensfall ganz genau auf den Grund. Vor der konkreten Sanierung muss nat\u00fcrlich die Ursachenforschung stehen. Erst wenn man den wirklichen Grund f\u00fcr einen aufgetretenen Schadensfall kennt, kann man sinnvollerweise mit dem Sanieren beginnen. Auch erkennt man erst nach einer exakten Begutachtung das Ausma\u00df, den das Sanieren eines Hauses in Anspruch nehmen wird.<\/p>\n<p>Vereinbaren Sie doch kurzerhand einmal einen unverbindlichen Besprechungstermin mit einem unserer gut geschulten Fachkr\u00e4fte. Telefon oder e-Mail reichen! Bei einer Begutachtung direkt vor Ort nehmen wir die Besch\u00e4digung auf und machen Vorschl\u00e4ge f\u00fcr das zweckm\u00e4\ufb02ige Sanieren. So viel wie erforderlich, so wenig wie m\u00f6glich: Auch monet\u00e4re Aspekte flie\u00dfen in unsere Entscheidungsfindung f\u00fcr das Sanieren Ihres Geb\u00e4udes mit ein. <\/p>\n<h4>Sanieren: Unsere Mitarbeiter stehen f\u00fcr Sie bereit!<\/h4>\n<p>Selbstverst\u00e4ndlich f\u00fchren unsere routinierten Spezialisten alle notwendigen T\u00e4tigkeiten, die zum Sanieren geh\u00f6ren in kurzer Zeit und verl\u00e4\u00dflich aus. Unser Betrieb ist seit vielen Jahren f\u00fcr eine hohe Fachkompetenz beim Sanieren bekannt. Der Instandsetzung von Wohn- und Gesch\u00e4ftsh\u00e4usern haben wir uns gewidmet. Setzen Sie auf Erfahrung und \u00fcberlassen Sie das Sanieren Ihres Geb\u00e4udes unserer Firma. Wir freuen uns darauf, auch Ihnen helfen zu d\u00fcrfen.<\/p>","popseo_links":"<a href=\"https:\/\/bautenschutz-keul.de\/angebote\/kellersanierung-amt-neuhaus\/\">Kellersanierung Amt Neuhaus<\/a>, <a href=\"https:\/\/bautenschutz-keul.de\/angebote\/zerstoerter-putz-bergedorf-wentorf\/\">zerst\u00f6rter Putz Bergedorf Wentorf<\/a>, <a href=\"https:\/\/bautenschutz-keul.de\/angebote\/kellertrockenlegung-jesteburg\/\">Kellertrockenlegung Jesteburg<\/a>, <a href=\"https:\/\/bautenschutz-keul.de\/angebote\/feuchte-mauer-amt-neuhaus\/\">Feuchte Mauer Amt Neuhaus<\/a>, <a href=\"https:\/\/bautenschutz-keul.de\/angebote\/schimmel-herzogtum-lauenburg\/\">Schimmel Herzogtum Lauenburg<\/a>, <a href=\"https:\/\/bautenschutz-keul.de\/angebote\/feuchtigkeit-bad-bevensen\/\">Feuchtigkeit Bad Bevensen<\/a>, <a href=\"https:\/\/bautenschutz-keul.de\/angebote\/feuchtigkeitsschaden-buechen\/\">Feuchtigkeitsschaden B\u00fcchen<\/a>, <a href=\"https:\/\/bautenschutz-keul.de\/angebote\/aufsteigende-feuchtigkeit-amt-neuhaus\/\">aufsteigende Feuchtigkeit Amt Neuhaus<\/a>, <a href=\"https:\/\/bautenschutz-keul.de\/angebote\/rissverpressung-lueneburg\/\">Rissverpressung L\u00fcneburg<\/a>, <a href=\"https:\/\/bautenschutz-keul.de\/angebote\/schimmelbeseitigung-bienenbuettel\/\">Schimmelbeseitigung Bienenb\u00fcttel<\/a>, <a href=\"https:\/\/bautenschutz-keul.de\/angebote\/schimmelbeseitigung-harburg\/\">Schimmelbeseitigung Harburg<\/a>, <a href=\"https:\/\/bautenschutz-keul.de\/angebote\/feuchtigkeit-buechen\/\">Feuchtigkeit B\u00fcchen<\/a>, <a href=\"https:\/\/bautenschutz-keul.de\/angebote\/kellertrockenlegung-boizenburg\/\">Kellertrockenlegung Boizenburg<\/a>, <a href=\"https:\/\/bautenschutz-keul.de\/angebote\/aufsteigende-feuchtigkeit-stelle\/\">aufsteigende Feuchtigkeit Stelle<\/a>, <a href=\"https:\/\/bautenschutz-keul.de\/angebote\/bauwerksabdichtung-ebstorf\/\">Bauwerksabdichtung Ebstorf<\/a>, <a href=\"https:\/\/bautenschutz-keul.de\/angebote\/kellertrockenlegung-buchholz-in-der-nordheide\/\">Kellertrockenlegung Buchholz in der Nordheide<\/a>, <a href=\"https:\/\/bautenschutz-keul.de\/angebote\/feuchte-wand-amt-neuhaus\/\">Feuchte Wand Amt Neuhaus<\/a>, <a href=\"https:\/\/bautenschutz-keul.de\/angebote\/feuchter-keller-uelzen\/\">Feuchter Keller Uelzen<\/a>, <a href=\"https:\/\/bautenschutz-keul.de\/angebote\/feuchtigkeitsschaden-buchholz-in-der-nordheide\/\">Feuchtigkeitsschaden Buchholz in der Nordheide<\/a>, <a href=\"https:\/\/bautenschutz-keul.de\/angebote\/schimmelbeseitigung-reinbek-aumuehle\/\">Schimmelbeseitigung Reinbek Aum\u00fchle<\/a>, <a href=\"https:\/\/bautenschutz-keul.de\/angebote\/kellersanierung-maschen\/\">Kellersanierung Maschen<\/a>, <a href=\"https:\/\/bautenschutz-keul.de\/angebote\/aufsteigende-feuchtigkeit-bardowick\/\">aufsteigende Feuchtigkeit Bardowick<\/a>, <a href=\"https:\/\/bautenschutz-keul.de\/angebote\/schimmelsanierung-maschen\/\">Schimmelsanierung Maschen<\/a>, <a href=\"https:\/\/bautenschutz-keul.de\/angebote\/feuchtigkeitsschaden-seevetal-rosengarten\/\">Feuchtigkeitsschaden Seevetal Rosengarten<\/a>, <a href=\"https:\/\/bautenschutz-keul.de\/angebote\/schimmel-bergedorf-wentorf\/\">Schimmel Bergedorf Wentorf<\/a>, <a href=\"https:\/\/bautenschutz-keul.de\/angebote\/aufsteigende-feuchtigkeit-buchholz-in-der-nordheide\/\">aufsteigende Feuchtigkeit Buchholz in der Nordheide<\/a>, <a href=\"https:\/\/bautenschutz-keul.de\/angebote\/aufsteigende-feuchtigkeit-herzogtum-lauenburg\/\">aufsteigende Feuchtigkeit Herzogtum Lauenburg<\/a>, <a href=\"https:\/\/bautenschutz-keul.de\/angebote\/rissverpressung-bienenbuettel\/\">Rissverpressung Bienenb\u00fcttel<\/a>, <a href=\"https:\/\/bautenschutz-keul.de\/angebote\/kellerabdichtung-seevetal-rosengarten\/\">Kellerabdichtung Seevetal Rosengarten<\/a>, <a href=\"https:\/\/bautenschutz-keul.de\/angebote\/feuchtigkeitsschaden-brietlingen\/\">Feuchtigkeitsschaden Brietlingen<\/a>"},"_links":{"self":[{"href":"https:\/\/bautenschutz-keul.de\/angebote\/wp-json\/wp\/v2\/pages\/193","targetHints":{"allow":["GET"]}}],"collection":[{"href":"https:\/\/bautenschutz-keul.de\/angebote\/wp-json\/wp\/v2\/pages"}],"about":[{"href":"https:\/\/bautenschutz-keul.de\/angebote\/wp-json\/wp\/v2\/types\/page"}],"author":[{"embeddable":true,"href":"https:\/\/bautenschutz-keul.de\/angebote\/wp-json\/wp\/v2\/users\/1"}],"replies":[{"embeddable":true,"href":"https:\/\/bautenschutz-keul.de\/angebote\/wp-json\/wp\/v2\/comments?post=193"}],"version-history":[{"count":0,"href":"https:\/\/bautenschutz-keul.de\/angebote\/wp-json\/wp\/v2\/pages\/193\/revisions"}],"wp:attachment":[{"href":"https:\/\/bautenschutz-keul.de\/angebote\/wp-json\/wp\/v2\/media?parent=193"}],"curies":[{"name":"wp","href":"https:\/\/api.w.org\/{rel}","templated":true}]}}