{"id":197,"date":"2021-09-13T08:43:43","date_gmt":"2021-09-13T06:43:43","guid":{"rendered":"https:\/\/bautenschutz-keul.de\/angebote\/feuchte-wand-lueneburg\/"},"modified":"2021-09-13T08:43:43","modified_gmt":"2021-09-13T06:43:43","slug":"feuchte-wand-lueneburg","status":"publish","type":"page","link":"https:\/\/bautenschutz-keul.de\/angebote\/feuchte-wand-lueneburg\/","title":{"rendered":"Feuchte Wand &#8211; L\u00fcneburg"},"content":{"rendered":"<h3>Feuchte Wand: Fragen Sie den Sanierungsprofi!<\/h3>\n<p>Eine feuchte Wand k\u00f6nnte zu einem brisanten Thema werden.<br \/>\nGeb\u00e4udebesitzer sind oft bestens beraten, sich umfassend \u00fcber Trocknungsm\u00f6glichkeiten zu erkundigen, wenn sie durchn\u00e4sste Bereiche in ihren R\u00e4umen lokalisiert haben. Fr\u00fchzeitig gefunden, muss eine feuchte Wand nicht unbedingt schwerwiegende und langfristige Sanierungen bewirken. <\/p>\n<p>Eine feuchte Wand kann allemal ungute Folgen auf Wohlbefinden und gesundheitliche Verfassung der Geb\u00e4udebewohner haben.  Schimmel und Sporenablagerungen sind zumeist die Ursache f\u00fcr gesundheitliche Probleme. Ein Grund mehr, der feuchten Wand zu Leibe zu r\u00fccken. Eine feuchte Wand ist eine Angelegenheit f\u00fcr den Profi. Nur ein hervorragend geschulter Spezialist beherrscht die entsprechenden Verfahren, wie eine feuchte Wand schnell und erfolgreich repariert werden kann.<\/p>\n<h3>Feuchte Wand: Wir helfen schnell und kompetent!<\/h3>\n<p>Bevor die Ma\u00dfnahmen anfangen, muss sich der Fachmann eine Meinung von dem Grund f\u00fcr den N\u00e4sseschaden machen. Ohne die genaue Untersuchung, l\u00e4sst sich eine feuchte Wand nicht wirklich wirksam sanieren. Der Grund gibt letzendlich das Verfahren vor. Mutma\u00dfliche Ursachen gibt es erstaunlich viele. Oftmals liegt die Ursache f\u00fcr eine feuchte Wand in einer nur mangelhaften Luftzufuhr. Auch defekte Abflussleitungen k\u00f6nnen der Grund f\u00fcr eine feuchte Wand sein. Solcherlei Ursachen sind in der Regel umgehend in Ordnung gebracht. Deutlich schwieriger wird es, wenn diagnostiziert wird, dass die N\u00e4sse von au\u00dferhalb in den Keller gelangt.  Ein h\u00f6herer Wasserpegel f\u00fchrt zum Beispiel dazu, dass N\u00e4sse in die Mauer gelangt. Selbst H\u00e4user mit Hanglage sind bedroht f\u00fcr durchdringende Feuchtigkeit. Dort kann es durchaus sein, dass h\u00e4rtere Gesch\u00fctze f\u00fcr eine effektive Renovierung erwogen werden m\u00fcssen. Jedoch auch in diesem Fall ist eine feuchte Wand kein unweigerliches \u00dcbel.<\/p>\n","protected":false},"excerpt":{"rendered":"<p>Feuchte Wand: Fragen Sie den Sanierungsprofi! Eine feuchte Wand k\u00f6nnte zu einem brisanten Thema werden. Geb\u00e4udebesitzer sind oft bestens beraten, sich umfassend \u00fcber Trocknungsm\u00f6glichkeiten zu erkundigen, wenn sie durchn\u00e4sste Bereiche in ihren R\u00e4umen lokalisiert haben. Fr\u00fchzeitig gefunden, muss eine feuchte Wand nicht unbedingt schwerwiegende und langfristige Sanierungen bewirken. Eine feuchte Wand kann allemal ungute Folgen [&hellip;]<\/p>\n","protected":false},"author":1,"featured_media":0,"parent":0,"menu_order":0,"comment_status":"closed","ping_status":"closed","template":"","meta":{"footnotes":""},"class_list":["post-197","page","type-page","status-publish","hentry"],"meta_box":{"popseo_subtitel":"Feuchte Wand: Wir sind Ihr Fachbetrieb in L\u00fcneburg","popseo_subtitel2":"Feuchte Wand - setzen Sie in Sachen Sanierung auf unsere Erfahrung","popseo_lasttitel":"Feuchte Wand: F\u00fcr weitere Informationen sprechen Sie uns bitte an","popseo_region":"L\u00fcneburg","popseo_sachwort":"Feuchte Wand","popseo_noupdate":"","popseo_einleitungstext":"<p>Mauern, Kellerr\u00e4ume oder W\u00e4nde Ihres Wohn- oder Gesch\u00e4ftshauses weisen einen Feuchtigkeitsschaden und damit einen echten Sanierungbedarf auf. Dann wird es Zeit, sich \u00fcber eine qualifiziert ausgef\u00fchrte Trocknung Gedanken zu machen. Das Team der Firma TK Geb\u00e4udetechnik ist auf die Bauwerksabdichtung spezialisiert. Zu den Hauptaufgaben unserer Firma geh\u00f6ren zum Beispiel die Bereiche Mauertrockenlegung, Kellerabdichtung und Schimmelbeseitigung. Der nachhaltigen Sanierung haben wir uns verschrieben. Wir beraten fachsicher, wie Sie Ihr Geb\u00e4ude preisg\u00fcnstig und umweltgerecht sanieren k\u00f6nnen. Ein paar erste Informationen hierzu lesen Sie nachfolgend auf diesen Seiten.<\/p>","popseo_schlusstext":"<p>Gerne informieren wir Sie n\u00e4her \u00fcber unser Themengebiet. Wir nennen Ihnen mit Vergn\u00fcgen auch einige Projekte, die Ihnen einen Einblick in unsere Firment\u00e4tigkeit geben.<br \/>\nVertrauen Sie auf das Urteil eines erfahrenen Sannierungsfachbetriebes. Rufen Sie uns doch einfach einmal an oder senden Sie uns eine schnelle E-Mail. Wir freuen uns auf den Kontakt zu Ihnen.<\/p>","popseo_stadttext":"<h3>Unsere Dienstleistungen auch f\u00fcr Kunden aus L\u00fcneburg und Bleckede<\/h3>\n<p>Wir betreuen Kunden aus L\u00fcneburg und Bleckede. Durch unsere Vertriebst\u00e4tigkeit haben wir uns einen ausgezeichneten \u00dcberblick \u00fcber die Stadtarchitektur der St\u00e4dte und Gemeinden unseres Einzugsbereiches erarbeiten k\u00f6nnen. Nat\u00fcrlich geh\u00f6rt auch Ihre Region zu unserem unmittelbaren Vertriebsgebiet. Wir freuen uns darauf, mit Ihnen ins Gespr\u00e4ch zu treten. <\/p>\n<h3>Ein paar Fakten \u00fcber L\u00fcneburg und Bleckede<\/h3>\n<p>In der lediglich 40 km s\u00fcdlich von der Metropole Hamburg gelegenen Stadt L\u00fcneburg leben etwa 70.000 Anwohner. Die Stadt erstreckt sich \u00fcber eine Fl\u00e4che von 70 Quadratkilometer. L\u00fcneburg ist Kreisstadt des Landkreises L\u00fcneburg und z\u00e4hlt zur Metropolregion Hamburg. Was viele nicht wissen: L\u00fcneburg ist eine historische Hansestadt. Wundersch\u00f6n an der Ilmenau gelegen, erfreut sich L\u00fcneburg gro\u00dfer Beliebtheit bei Tagesbesuchern und Touristen. Die etwa 300.000 \u00dcbernachtungen, welche das nieders\u00e4chsische Landesamt f\u00fcr Statistik festgestellt hat, sprechen eine sehr klare Sprache. Insbesondere besuchenswert ist der zentrumsnahe Bereich von L\u00fcneburg. Zahlreiche historische Gem\u00e4uer verleihen der Stadt einen absolut au\u00dfergew\u00f6hnlichen Charme. Bei einem Gang durch das historische Zentrum von L\u00fcneburg sollte man auf alle F\u00e4lle die Kirche St. Nicolai im Wasserviertel, das Stadtschloss am Markt sowie den Stintmarkt am L\u00fcneburger Hafen besuchen. Wer ein wenig Zeit mitbringt, macht Station in einem der zahllosen sch\u00f6nen Caf\u00e9s am Marktplatz und l\u00e4sst einfach die herrliche Atmosp\u00e4hre von L\u00fcneburg auf sich wirken. Die zahlreichen Fachwerkh\u00e4user geben dem st\u00e4dtischen Ensemble eine g\u00e4nzlich einmalige Aura. Die beschauliche Universit\u00e4tsstadt ist bekannt f\u00fcr die Salzproduktion. In L\u00fcneburg befindet sich ein ein alter Salzstock. Dort wurde \u00fcber Jahrhunderte in gro\u00dfem Stile Salz gef\u00f6rdert. Das Deutsche Salzmuseum L\u00fcneburg erz\u00e4hlt heute von diesem wichtigen Teil der Stadtchronik. Dar\u00fcber hinaus ist der Stint eine beliebte kulinarische Spezialit\u00e4t. Dem kleinen Fisch begegnet man in L\u00fcneburg fast an jeder Ecke. Bei einem Besuch der nieders\u00e4chsischen Mittelstadt sollte man ein Stint-Essen auf keinen Fall vers\u00e4umen.      <\/p>\n<p>L\u00fcneburg befindet sich an der Bundesautobahn A39. Auch \u00fcber die Bundesstra\u00dfen B4, B209 und B216 kommt man rasch und bequem in die nieders\u00e4chsische Mittelstadt. Auch das Umland \u2013 z.B. Salzhausen, Fleestedt, Hanstedt, Egestorf, Amelinghausen, Scharnebeck und Bienenb\u00fcttel - ist gut angebunden. Wer mit der Bahn nach L\u00fcneburg fahren m\u00f6chte, kann dies \u00fcber die Streckenverbindung Hamburg-Hannover tun. Au\u00dferdem besteht eine Regionalverbindung durch den Verkehrsbetrieb Metronom. Die Fahrzeit zwischen Hamburg und L\u00fcneburg betr\u00e4gt nur 30 Minuten. <\/p>\n<h3>L\u00fcneburg und Bleckede: Attraktive Lebensmittelpunkte!<\/h3>\n<p>Die Stadt Bleckede liegt im nieders\u00e4chsischen Landkreis L\u00fcneburg. Bleckede hat knapp unter 10.000 Einwohner. Das Stadtgebiet streckt sich \u00fcber eine Gesamtfl\u00e4che von circa 139 Quadratkilometer. In direkter N\u00e4he liegen die Ortschaften Amt Neuhaus, Dahlenburg, Vastorf und Thomasburg. Zu Bleckede geh\u00f6ren in Summe 15 Gemeindeteile. Die wunderbare Lage direkt an der Elbe macht Bleckede interessant f\u00fcr Tagesbesucher und Touristen. Besonders mit dem Fahrrad lohnt sich eine Exkursion in Richtung Bleckede. Der Elbradweg und der Mecklenburgische Seen-Radweg laden zum erholsamen Radfahren ein. Kennzeichnend f\u00fcr Bleckede sind die vielen Fachwerkh\u00e4user. Per pedes l\u00e4sst sich die wunderbare Architektur besonders gut bewundern. Entsprechend stolz sind die Stadtvertreter von Bleckede darauf, dass die Stadt Mitglied der Deutschen Fachwerkstra\u00dfe ist. Malerisch ist der Hafen von Bleckede. Bis heute machen viele Frachtschiffe hier Halt. Besucher sch\u00e4tzen au\u00dferdem den Fahrgastverkehr auf der Elbe. Ein touristischer Clou: Der alte Raddampfer Kaiser-Wilhelm legt in steter Folge in Bleckede an. Gut geignet ist der Hafen auch f\u00fcr die Sportschifffahrt. Die vielen Sportbootliegepl\u00e4tze zeigen die Anziehungskraft des Hafen \u00fcberzeugend. Bleckede ist bekannt f\u00fcr seine wunderbare Umgebung. Neben der bereits erw\u00e4hnten Deutschen Fachwerkstra\u00dfe f\u00fchrt auch die Deutsche Storchenstra\u00dfe durch Bleckede. Das innerst\u00e4dtisch zu entdeckende Storchennest ist eine ganz bedeutende Sehensw\u00fcrdigkeit. Aus Richtung L\u00fcneburg kommend, kann man auch auch mit einer historischen Eisenbahn nach Bleckede fahren. Die Fahrt mit dem sog. Heide-Elbe-Express ist ein Reisetipp f\u00fcr Ausfl\u00fcgler in der Region.<\/p>\n<h4>Wir f\u00fcr Sie in L\u00fcneburg und Bleckede!<\/h4>\n<p>Prima, dass Sie diese Website gefunden haben. Wenn Sie ein Fachunternehmen suchen, sind Sie bei uns richtig. Sie m\u00f6chten mehr \u00fcber uns erfahren? F\u00fcr R\u00fcckfragen stehen wir Ihnen jederzeit zur Verf\u00fcgung. Auf Ihre Anfragen freuen wir uns.<\/p>","popseo_zusatztext":"<h3>Beim Sanieren sind wir Profi<\/h3>\n<p>Sie planen eine Mauer, einen Keller oder sogar ein komplettes Geb\u00e4ude zu sanieren? Prima, denn dann sind Sie bei uns exakt an der korrekten Stelle. Wir sind Ihr routinierter Partner f\u00fcr alle Fragen rund um das Sanieren von H\u00e4usern.  Ob nasse Keller, feuchte W\u00e4nde oder die Sanierung umfangreicher N\u00e4ssesch\u00e4den: Als spezialisierte Fachfirma geh\u00f6rt das Sanieren zu den allt\u00e4glichen Aufgaben. Wir gehen dem Schadensfall sorgf\u00e4ltig auf den Grund. Vor der eigentlichen Sanierung muss auf jeden Fall die Ursachenforschung stehen. Erst wenn man den realen Grund f\u00fcr einen entstandenen Schadensfall kennt, kann man sinnvollerweise mit dem Sanieren anfangen. Auch sieht man erst nach einer exakten Begutachtung das Ausma\u00df, den das Sanieren eines Bauk\u00f6rpers in Anspruch nehmen wird.<\/p>\n<p>Verabreden Sie doch gleich einmal einen unverbindlichen Termin mit einem unserer sehr gut geschulten Spezialisten. Telefon oder eMail reichen aus! Bei einer Begutachtung direkt am Objekt nehmen wir die M\u00e4ngel auf und unterbreiten Ratschl\u00e4ge f\u00fcr das zweckgerichtete Sanieren. So viel wie notwendig, so wenig wie m\u00f6glich: Auch monet\u00e4re Aspekte flie\u00dfen in unsere Entscheidungsfindung f\u00fcr das Sanieren Ihres Hauses mit ein. <\/p>\n<h4>Sanieren: Beste Arbeit durch den Fachbetrieb<\/h4>\n<p>Selbstverst\u00e4ndlich f\u00fchren unsere sachkundigen Spezialisten alle erforderlichen Arbeiten, die zum Sanieren geh\u00f6ren in kurzer Zeit und verl\u00e4\u00dflich aus. Unser Unternehmen ist seit mehreren Jahren f\u00fcr eine hohe Fachkompetenz beim Sanieren bekannt. Der Instandsetzung von Wohn- und Gesch\u00e4ftsh\u00e4usern haben wir uns gewidmet. Setzen Sie auf Erfahrung und \u00fcberlassen Sie das Sanieren Ihres Geb\u00e4udes unserer Firma. Wir freuen uns darauf, auch Ihnen helfen zu k\u00f6nnen.<\/p>","popseo_links":"<a href=\"https:\/\/bautenschutz-keul.de\/angebote\/bauwerksabdichtung-uelzen\/\">Bauwerksabdichtung Uelzen<\/a>, <a href=\"https:\/\/bautenschutz-keul.de\/angebote\/bauwerksabdichtung-winsen-luhe\/\">Bauwerksabdichtung Winsen Luhe<\/a>, <a href=\"https:\/\/bautenschutz-keul.de\/angebote\/feuchte-mauer-adendorf\/\">Feuchte Mauer Adendorf<\/a>, <a href=\"https:\/\/bautenschutz-keul.de\/angebote\/schimmelbeseitigung-ebstorf\/\">Schimmelbeseitigung Ebstorf<\/a>, <a href=\"https:\/\/bautenschutz-keul.de\/angebote\/aufsteigende-feuchtigkeit-bispingen\/\">aufsteigende Feuchtigkeit Bispingen<\/a>, <a href=\"https:\/\/bautenschutz-keul.de\/angebote\/innenabdichtung-tostedt-sittensen\/\">Innenabdichtung Tostedt Sittensen<\/a>, <a href=\"https:\/\/bautenschutz-keul.de\/angebote\/aufsteigende-feuchtigkeit-lueneburg\/\">aufsteigende Feuchtigkeit L\u00fcneburg<\/a>, <a href=\"https:\/\/bautenschutz-keul.de\/angebote\/innenabdichtung-amelinghausen\/\">Innenabdichtung Amelinghausen<\/a>, <a href=\"https:\/\/bautenschutz-keul.de\/angebote\/schimmel-jesteburg\/\">Schimmel Jesteburg<\/a>, <a href=\"https:\/\/bautenschutz-keul.de\/angebote\/feuchte-wand-reppenstedt\/\">Feuchte Wand Reppenstedt<\/a>, <a href=\"https:\/\/bautenschutz-keul.de\/angebote\/feuchte-wand-ebstorf\/\">Feuchte Wand Ebstorf<\/a>, <a href=\"https:\/\/bautenschutz-keul.de\/angebote\/feuchtigkeit-bispingen\/\">Feuchtigkeit Bispingen<\/a>, <a href=\"https:\/\/bautenschutz-keul.de\/angebote\/horizontalsperre-reppenstedt\/\">Horizontalsperre Reppenstedt<\/a>, <a href=\"https:\/\/bautenschutz-keul.de\/angebote\/feuchtigkeitsschaden-herzogtum-lauenburg\/\">Feuchtigkeitsschaden Herzogtum Lauenburg<\/a>, <a href=\"https:\/\/bautenschutz-keul.de\/angebote\/bauwerksabdichtung-glinde-sachsenwald\/\">Bauwerksabdichtung Glinde Sachsenwald<\/a>, <a href=\"https:\/\/bautenschutz-keul.de\/angebote\/horizontalsperre-glinde-sachsenwald\/\">Horizontalsperre Glinde Sachsenwald<\/a>, <a href=\"https:\/\/bautenschutz-keul.de\/angebote\/feuchte-wand-buechen\/\">Feuchte Wand B\u00fcchen<\/a>, <a href=\"https:\/\/bautenschutz-keul.de\/angebote\/zerstoerter-putz-amelinghausen\/\">zerst\u00f6rter Putz Amelinghausen<\/a>, <a href=\"https:\/\/bautenschutz-keul.de\/angebote\/feuchte-wand-lueneburg\/\">Feuchte Wand L\u00fcneburg<\/a>, <a href=\"https:\/\/bautenschutz-keul.de\/angebote\/mauertrockenlegung-harburg\/\">Mauertrockenlegung Harburg<\/a>, <a href=\"https:\/\/bautenschutz-keul.de\/angebote\/kellersanierung-schwarzenbek\/\">Kellersanierung Schwarzenbek<\/a>, <a href=\"https:\/\/bautenschutz-keul.de\/angebote\/schimmelbeseitigung-hanstedt\/\">Schimmelbeseitigung Hanstedt<\/a>, <a href=\"https:\/\/bautenschutz-keul.de\/angebote\/feuchte-mauer-seevetal-rosengarten\/\">Feuchte Mauer Seevetal Rosengarten<\/a>, <a href=\"https:\/\/bautenschutz-keul.de\/angebote\/feuchte-mauer-ebstorf\/\">Feuchte Mauer Ebstorf<\/a>, <a href=\"https:\/\/bautenschutz-keul.de\/angebote\/kellertrockenlegung-harburg\/\">Kellertrockenlegung Harburg<\/a>, <a href=\"https:\/\/bautenschutz-keul.de\/angebote\/kellersanierung-reinbek-aumuehle\/\">Kellersanierung Reinbek Aum\u00fchle<\/a>, <a href=\"https:\/\/bautenschutz-keul.de\/angebote\/kellersanierung-glinde-sachsenwald\/\">Kellersanierung Glinde Sachsenwald<\/a>, <a href=\"https:\/\/bautenschutz-keul.de\/angebote\/aussenabdichtung-boizenburg\/\">Au\u00dfenabdichtung Boizenburg<\/a>, <a href=\"https:\/\/bautenschutz-keul.de\/angebote\/feuchtigkeitsschaden-bergedorf-wentorf\/\">Feuchtigkeitsschaden Bergedorf Wentorf<\/a>, <a href=\"https:\/\/bautenschutz-keul.de\/angebote\/schimmel-bergedorf-wentorf\/\">Schimmel Bergedorf Wentorf<\/a>"},"_links":{"self":[{"href":"https:\/\/bautenschutz-keul.de\/angebote\/wp-json\/wp\/v2\/pages\/197","targetHints":{"allow":["GET"]}}],"collection":[{"href":"https:\/\/bautenschutz-keul.de\/angebote\/wp-json\/wp\/v2\/pages"}],"about":[{"href":"https:\/\/bautenschutz-keul.de\/angebote\/wp-json\/wp\/v2\/types\/page"}],"author":[{"embeddable":true,"href":"https:\/\/bautenschutz-keul.de\/angebote\/wp-json\/wp\/v2\/users\/1"}],"replies":[{"embeddable":true,"href":"https:\/\/bautenschutz-keul.de\/angebote\/wp-json\/wp\/v2\/comments?post=197"}],"version-history":[{"count":0,"href":"https:\/\/bautenschutz-keul.de\/angebote\/wp-json\/wp\/v2\/pages\/197\/revisions"}],"wp:attachment":[{"href":"https:\/\/bautenschutz-keul.de\/angebote\/wp-json\/wp\/v2\/media?parent=197"}],"curies":[{"name":"wp","href":"https:\/\/api.w.org\/{rel}","templated":true}]}}