{"id":198,"date":"2021-09-13T08:43:43","date_gmt":"2021-09-13T06:43:43","guid":{"rendered":"https:\/\/bautenschutz-keul.de\/angebote\/feuchte-wand-maschen\/"},"modified":"2021-09-13T08:43:43","modified_gmt":"2021-09-13T06:43:43","slug":"feuchte-wand-maschen","status":"publish","type":"page","link":"https:\/\/bautenschutz-keul.de\/angebote\/feuchte-wand-maschen\/","title":{"rendered":"Feuchte Wand &#8211; Maschen"},"content":{"rendered":"<h3>Feuchte Wand: Unsere Fachleute beheben den Schaden!<\/h3>\n<p>Eine feuchte Wand kann zu einem ernsthaften Problem werden.<br \/>\nEigent\u00fcmer sind oft sehr gut beraten, sich n\u00e4her \u00fcber Sanierungsm\u00f6glichkeiten zu informieren, falls sie durchn\u00e4sste Bereiche in ihren R\u00e4umlichkeiten lokalisiert haben. Fr\u00fchzeitig registriert, braucht eine feuchte Wand nicht zwingend umfangreiche und andauernde Sanierungsarbeiten bewirken. <\/p>\n<p>Eine feuchte Wand kann durchaus ung\u00fcnstige Effekte auf Befinden und Gesundheit der Hausbewohner haben.  Schimmel und Sporen sind zumeist die Ursache f\u00fcr gesundheitliche Probleme. Ein Grund zus\u00e4tzlich, der feuchten Wand zu Leibe zu gehen. Eine feuchte Wand ist ein Fall f\u00fcr den Experten. Nur ein gut geschulter Fachmann beherrscht die passenden Methoden, wie eine feuchte Wand unverz\u00fcglich und effektiv saniert werden kann.<\/p>\n<h3>Schnell und gr\u00fcndlich: Wir helfen bei der Sanierung Ihrer feuchten Wand<\/h3>\n<p>Bevor die Ma\u00dfnahmen losgehen, muss sich der Spezialist ein Bild von dem Ausl\u00f6ser f\u00fcr den Feuchtigkeitseinfall machen. Ohne die genaue Pr\u00fcfung, l\u00e4sst sich eine feuchte Wand nicht wirklich wirksam instandsetzen. Die Ursache gibt letzendlich das Verfahren vor. Denkbare Gr\u00fcnde gibt es erstaunlich viele. Oftmals liegt der Grund f\u00fcr eine feuchte Wand in einer nicht ausreichenden L\u00fcftung. Auch undichte Wasserrohre m\u00f6gen die Ursache f\u00fcr eine feuchte Wand sein. Solche Ursachen sind in der Regel umgehend in Ordnung gebracht. Erheblich komplizierter wird es, falls diagnostiziert wird, dass die Feuchtigkeit von au\u00dferhalb in den Keller dringt.  Ein gestiegener Wasserpegel f\u00fchrt n\u00e4mlich dazu, dass N\u00e4sse in die Mauer zieht. Sogar Geb\u00e4ude mit Hanglage sind bedroht f\u00fcr eindringende N\u00e4sse. Hier kann es schon mal sein, dass h\u00e4rtere Gesch\u00fctze f\u00fcr eine wirksame Sanierung gew\u00e4hlt werden m\u00fcssen. Aber auch in diesem Fall ist eine feuchte Wand kein unabwendbares Schicksal.<\/p>\n","protected":false},"excerpt":{"rendered":"<p>Feuchte Wand: Unsere Fachleute beheben den Schaden! Eine feuchte Wand kann zu einem ernsthaften Problem werden. Eigent\u00fcmer sind oft sehr gut beraten, sich n\u00e4her \u00fcber Sanierungsm\u00f6glichkeiten zu informieren, falls sie durchn\u00e4sste Bereiche in ihren R\u00e4umlichkeiten lokalisiert haben. Fr\u00fchzeitig registriert, braucht eine feuchte Wand nicht zwingend umfangreiche und andauernde Sanierungsarbeiten bewirken. Eine feuchte Wand kann durchaus [&hellip;]<\/p>\n","protected":false},"author":1,"featured_media":0,"parent":0,"menu_order":0,"comment_status":"closed","ping_status":"closed","template":"","meta":{"footnotes":""},"class_list":["post-198","page","type-page","status-publish","hentry"],"meta_box":{"popseo_subtitel":"Feuchte Wand: Wir sind Ihr erfahrener Experte im Raum Maschen","popseo_subtitel2":"Feuchte Wand - wir beraten Sie gerne zur Sanierung!","popseo_lasttitel":"Feuchte Wand: F\u00fcr weitere Informationen sprechen Sie uns bitte an","popseo_region":"Maschen","popseo_sachwort":"Feuchte Wand","popseo_noupdate":"","popseo_einleitungstext":"<p>Wenn es um die Bauwerksabdichtung geht, sind Sie bei der Firma TK-Geb\u00e4udetechnik exakt an der richtigen Adresse. Seit Firmengr\u00fcndung sind wir Ihr lokaler Fachbetrieb f\u00fcr die Kellerabdichtung, das Setzen von Horizontalsperren und ganz allgemein f\u00fcr wirkungsvolle Methoden gegen aufsteigende Feuchtigkeit. Unsere Fachleute ermitteln die aktuelle Situation von Mauern und W\u00e4nden und zeigen Ihnen Wege auf, wie Sie die Bausubstanz Ihres Gesch\u00e4fts- oder Wohnhauses dauerhaft sch\u00fctzen k\u00f6nnen. Im Folgenden haben wir erste Informationen f\u00fcr Sie zusammengestellt.<\/p>","popseo_schlusstext":"<p>Wenn Sie einen qualifizierten Fachbetrieb f\u00fcr die Bauwerksabdichtung suchen, sind Sie bei uns genau richtig. Sie m\u00f6chten mehr \u00fcber uns wissen? Als auf Sanierung spezialisierte Fachfirma sind wir f\u00fcr Ihr Vorhaben der perfekte Partner und freuen uns \u00fcber Ihre Kontaktaufnahme, ganz egal ob per Griff zum Telefonh\u00f6rer oder Nachricht per E-Mail. Worauf Sie neben unserem fachlichen Know-how setzen d\u00fcrfen: Unser Team arbeitet absolut zuverl\u00e4ssig und wird mit Elan und Schwung f\u00fcr Sie t\u00e4tig. Wir freuen uns auf das Gespr\u00e4ch mit Ihnen!<\/p>","popseo_stadttext":"<h3>Wir sind Ihr Partner auch in  Maschen<\/h2>\n<p>Unser Einzugsbereich umfasst auch Maschen. Durch unsere Gesch\u00e4ftst\u00e4tigkeit haben wir uns einen guten \u00dcberblick \u00fcber die Architektur der St\u00e4dte und Gemeinden unseres Vertriebsgebietes erarbeiten k\u00f6nnen. Wir f\u00fchlen uns der Region verpflichtet und sind stolz darauf, auch unseren Teil zur gesunden Infrastruktur der Gemeinde beizusteuern zu d\u00fcrfen.  <\/p>\n<h3>Lebensmittelpunkt Maschen<\/h3>\n<p>In der zum Kreis Harburg z\u00e4hlenden Gemeinde Maschen wohnen in Summe rund 9.000 Anwohner. Direkt an Hamburg angrenzend, z\u00e4hlt Maschen zum sog. \u201eSpeckg\u00fcrtel\u201c der Freien und Hansestadt. Die Bev\u00f6lkerungszahl ist eher niedrig, was die Stadt zu einer beliebten Wohngegend macht. Maschen ist f\u00fcr Berufspendler sehr gut geeignet. Wer seinen Arbeitsplatz in der Hansestadt Hamburg hat, genie\u00dft das durchaus entspannte Leben in der Peripherie. Maschen verf\u00fcgt \u00fcber zahlreiche beruhigte Wohnviertel, die von einer ansprechenden Einzelhausbebauung bestimmt sind. Etliche sch\u00f6ne Siedlungen machen Maschen insbesondere f\u00fcr Familien attraktiv. Leben in l\u00e4ndlicher Umgebung, dabei die Metropole direkt vor der Haust\u00fcr \u2013 ein Wohnmodell, das f\u00fcr viele Menschen von Interesse ist. Ungez\u00e4hlte Wiesen und W\u00e4lder verleihen dem Ort einen streckenweise nahezu d\u00f6rflichen Charakter. <\/p>\n<h4>Privat- und Gesch\u00e4ftskunden aus Maschen sch\u00e4tzen unsere Leistungen!<\/h4>\n<p>Sehr gerne \u00fcbernehmen wir auch Arbeiten in Maschen und Umgebung. D\u00fcrfen wir Sie n\u00e4her beraten? Kontaktieren sie uns per Telefon oder schreiben Sie uns eine eMail. Wir freuen uns auf Sie! Das qualifizierte Team unseres Unternehmens arbeitet \u201eHand in Hand\u201c, dabei stets zielorientiert und sorgsam.<\/p>","popseo_zusatztext":"<h3>Erstklassiges Sanieren ist uns wichtig<\/h3>\n<p>Sie planen eine Wand, einen Keller oder gar ein gesamtes Geb\u00e4ude zu sanieren? Super, denn da sind Sie bei uns exakt an der passenden Stelle. Wir sind Ihr erfahrener Partner f\u00fcr alle Fragen rund um das Sanieren von H\u00e4usern.  Ob nasse Keller, nasse Mauern oder die Sanierung ausgedehnter N\u00e4ssesch\u00e4den: Als spezialisierte Fachfirma z\u00e4hlt das Sanieren zu unseren t\u00e4glichen Aufgaben. Wir gehen der Schadensursache sorgf\u00e4ltig auf den Grund. Vor der eigentlichen Sanierung muss auf jeden Fall die Ursachenfindung stehen. Nur wenn man den richtigen Grund f\u00fcr einen entstandenen Schadensfall kennt, kann man selbstverst\u00e4ndlich erst mit dem Sanieren starten. Auch erkennt man erst nach einer detaillierten Begutachtung das Ausma\u00df, den das Sanieren eines Geb\u00e4udes in Anspruch nehmen wird.<\/p>\n<p>Verabreden Sie doch kurzerhand einmal einen unverbindlichen Termin mit einem unserer gut ausgebildeten Fachleute. Anruf oder e-Mail reichen aus! Bei einer Begutachtung direkt vor Ort nehmen wir die M\u00e4ngel auf und unterbreiten Vorschl\u00e4ge f\u00fcr das passende Sanieren. So viel wie erforderlich, so wenig wie m\u00f6glich: Auch \u00f6konomische Betrachtungen flie\u00dfen in unsere Entscheidungsfindung f\u00fcr das Sanieren Ihres Geb\u00e4udes mit ein. <\/p>\n<h4>Sanieren: Beste Arbeit durch den Fachbetrieb<\/h4>\n<p>Nat\u00fcrlich f\u00fchren unsere routinierten Fachkr\u00e4fte alle notwendigen T\u00e4tigkeiten, die zum Sanieren geh\u00f6ren z\u00fcgig und zuverl\u00e4ssig aus. Unser Betrieb ist seit einigen Jahren f\u00fcr eine hohe Fachkompetenz beim Sanieren bekannt. Der Reparatur von Wohn- und Gesch\u00e4ftsh\u00e4usern haben wir uns gewidmet. Vertrauen Sie auf Erfahrung und \u00fcbertragen Sie das Sanieren Ihrer Immobilie unserem Fachbetrieb. Wir freuen uns darauf, auch Ihnen helfen zu d\u00fcrfen.<\/p>","popseo_links":"<a href=\"https:\/\/bautenschutz-keul.de\/angebote\/feuchte-wand-stelle\/\">Feuchte Wand Stelle<\/a>, <a href=\"https:\/\/bautenschutz-keul.de\/angebote\/zerstoerter-putz-lueneburg\/\">zerst\u00f6rter Putz L\u00fcneburg<\/a>, <a href=\"https:\/\/bautenschutz-keul.de\/angebote\/kellerabdichtung-buechen\/\">Kellerabdichtung B\u00fcchen<\/a>, <a href=\"https:\/\/bautenschutz-keul.de\/angebote\/kellersanierung-buechen\/\">Kellersanierung B\u00fcchen<\/a>, <a href=\"https:\/\/bautenschutz-keul.de\/angebote\/aufsteigende-feuchtigkeit-glinde-sachsenwald\/\">aufsteigende Feuchtigkeit Glinde Sachsenwald<\/a>, <a href=\"https:\/\/bautenschutz-keul.de\/angebote\/horizontalsperre-hanstedt\/\">Horizontalsperre Hanstedt<\/a>, <a href=\"https:\/\/bautenschutz-keul.de\/angebote\/kellersanierung-salzhausen\/\">Kellersanierung Salzhausen<\/a>, <a href=\"https:\/\/bautenschutz-keul.de\/angebote\/kellertrockenlegung-boizenburg\/\">Kellertrockenlegung Boizenburg<\/a>, <a href=\"https:\/\/bautenschutz-keul.de\/angebote\/aufsteigende-feuchtigkeit-harburg\/\">aufsteigende Feuchtigkeit Harburg<\/a>, <a href=\"https:\/\/bautenschutz-keul.de\/angebote\/aussenabdichtung-bad-bevensen\/\">Au\u00dfenabdichtung Bad Bevensen<\/a>, <a href=\"https:\/\/bautenschutz-keul.de\/angebote\/aussenabdichtung-bienenbuettel\/\">Au\u00dfenabdichtung Bienenb\u00fcttel<\/a>, <a href=\"https:\/\/bautenschutz-keul.de\/angebote\/salpeter-im-keller-amelinghausen\/\">Salpeter im Keller Amelinghausen<\/a>, <a href=\"https:\/\/bautenschutz-keul.de\/angebote\/salpeter-im-keller-bienenbuettel\/\">Salpeter im Keller Bienenb\u00fcttel<\/a>, <a href=\"https:\/\/bautenschutz-keul.de\/angebote\/bauwerksabdichtung-bardowick\/\">Bauwerksabdichtung Bardowick<\/a>, <a href=\"https:\/\/bautenschutz-keul.de\/angebote\/feuchte-wand-buchholz-in-der-nordheide\/\">Feuchte Wand Buchholz in der Nordheide<\/a>, <a href=\"https:\/\/bautenschutz-keul.de\/angebote\/innenabdichtung-winsen-luhe\/\">Innenabdichtung Winsen Luhe<\/a>, <a href=\"https:\/\/bautenschutz-keul.de\/angebote\/kellersanierung-boizenburg\/\">Kellersanierung Boizenburg<\/a>, <a href=\"https:\/\/bautenschutz-keul.de\/angebote\/feuchtigkeitsschaden-hanstedt\/\">Feuchtigkeitsschaden Hanstedt<\/a>, <a href=\"https:\/\/bautenschutz-keul.de\/angebote\/feuchtigkeitsschaden-bad-bevensen\/\">Feuchtigkeitsschaden Bad Bevensen<\/a>, <a href=\"https:\/\/bautenschutz-keul.de\/angebote\/bauwerksabdichtung-bienenbuettel\/\">Bauwerksabdichtung Bienenb\u00fcttel<\/a>, <a href=\"https:\/\/bautenschutz-keul.de\/angebote\/feuchter-keller-reinbek-aumuehle\/\">Feuchter Keller Reinbek Aum\u00fchle<\/a>, <a href=\"https:\/\/bautenschutz-keul.de\/angebote\/aufsteigende-feuchtigkeit-herzogtum-lauenburg\/\">aufsteigende Feuchtigkeit Herzogtum Lauenburg<\/a>, <a href=\"https:\/\/bautenschutz-keul.de\/angebote\/schimmel-lueneburg\/\">Schimmel L\u00fcneburg<\/a>, <a href=\"https:\/\/bautenschutz-keul.de\/angebote\/feuchtigkeitsschaden-winsen-luhe\/\">Feuchtigkeitsschaden Winsen Luhe<\/a>, <a href=\"https:\/\/bautenschutz-keul.de\/angebote\/zerstoerter-putz-ebstorf\/\">zerst\u00f6rter Putz Ebstorf<\/a>, <a href=\"https:\/\/bautenschutz-keul.de\/angebote\/aufsteigende-feuchtigkeit-maschen\/\">aufsteigende Feuchtigkeit Maschen<\/a>, <a href=\"https:\/\/bautenschutz-keul.de\/angebote\/innenabdichtung-herzogtum-lauenburg\/\">Innenabdichtung Herzogtum Lauenburg<\/a>, <a href=\"https:\/\/bautenschutz-keul.de\/angebote\/feuchter-keller-ebstorf\/\">Feuchter Keller Ebstorf<\/a>, <a href=\"https:\/\/bautenschutz-keul.de\/angebote\/kellerabdichtung-stelle\/\">Kellerabdichtung Stelle<\/a>, <a href=\"https:\/\/bautenschutz-keul.de\/angebote\/kellersanierung-bad-bevensen\/\">Kellersanierung Bad Bevensen<\/a>"},"_links":{"self":[{"href":"https:\/\/bautenschutz-keul.de\/angebote\/wp-json\/wp\/v2\/pages\/198","targetHints":{"allow":["GET"]}}],"collection":[{"href":"https:\/\/bautenschutz-keul.de\/angebote\/wp-json\/wp\/v2\/pages"}],"about":[{"href":"https:\/\/bautenschutz-keul.de\/angebote\/wp-json\/wp\/v2\/types\/page"}],"author":[{"embeddable":true,"href":"https:\/\/bautenschutz-keul.de\/angebote\/wp-json\/wp\/v2\/users\/1"}],"replies":[{"embeddable":true,"href":"https:\/\/bautenschutz-keul.de\/angebote\/wp-json\/wp\/v2\/comments?post=198"}],"version-history":[{"count":0,"href":"https:\/\/bautenschutz-keul.de\/angebote\/wp-json\/wp\/v2\/pages\/198\/revisions"}],"wp:attachment":[{"href":"https:\/\/bautenschutz-keul.de\/angebote\/wp-json\/wp\/v2\/media?parent=198"}],"curies":[{"name":"wp","href":"https:\/\/api.w.org\/{rel}","templated":true}]}}