{"id":199,"date":"2021-09-13T08:43:43","date_gmt":"2021-09-13T06:43:43","guid":{"rendered":"https:\/\/bautenschutz-keul.de\/angebote\/feuchte-wand-reinbek-aumuehle\/"},"modified":"2021-09-13T08:43:43","modified_gmt":"2021-09-13T06:43:43","slug":"feuchte-wand-reinbek-aumuehle","status":"publish","type":"page","link":"https:\/\/bautenschutz-keul.de\/angebote\/feuchte-wand-reinbek-aumuehle\/","title":{"rendered":"Feuchte Wand &#8211; Reinbek Aum\u00fchle"},"content":{"rendered":"<h3>Wir helfen rasch bei feuchten W\u00e4nden!<\/h3>\n<p>Eine feuchte Wand k\u00f6nnte zu einem brisanten Fall werden.<br \/>\nGeb\u00e4udebesitzer sind diesbez\u00fcglich gut beraten, sich umfassend \u00fcber Sanierungsm\u00f6glichkeiten zu erkundigen, wenn sie nasse Stellen in ihren Kellerr\u00e4umen gefunden haben. Fr\u00fchzeitig registriert, braucht eine feuchte Wand nicht zwangsl\u00e4ufig umfangreiche und langwierige Instandsetzungsarbeiten nach sich ziehen. <\/p>\n<p>Eine feuchte Wand kann allemal gef\u00e4hrdende Auswirkungen auf Befinden und gesundheitliche Verfassung der Geb\u00e4udebewohner haben.  Schimmelentstehung und Sporen sind oft die Ursache f\u00fcr gesundheitliche Sch\u00e4den. Ein Anlass zus\u00e4tzlich, der feuchten Wand zu Leibe zu r\u00fccken. Eine feuchte Wand ist ein Fall f\u00fcr den Profi. Nur ein hervorragend geschulter Fachmann kennt die passenden Methoden, wie eine feuchte Wand unverz\u00fcglich und effektiv repariert werden kann.<\/p>\n<h3>Schnell und gr\u00fcndlich: Wir helfen bei der Sanierung Ihrer feuchten Wand<\/h3>\n<p>Bevor die Arbeiten anfangen, muss sich der Experte eine Meinung von dem Grund f\u00fcr den Schaden machen. Ohne die gezielte Analyse, l\u00e4sst sich eine feuchte Wand nicht wirklich anhaltend sanieren. Der Grund gibt letzendlich das Ziel vor. Wahrscheinliche Ausl\u00f6ser gibt es viele. Oftmals liegt der Grund f\u00fcr eine feuchte Wand in einer  nur ungen\u00fcgenden Luftzufuhr. Auch por\u00f6se Wasserrohre k\u00f6nnen die Ursache f\u00fcr eine feuchte Wand sein. Solcherlei Ursachen sind normalerweise sofort in Ordnung gebracht. Ungleich aufw\u00e4ndiger wird es, falls festgestellt wird, dass die Feuchtigkeit von au\u00dferhalb in den Keller gelangt.  Ein hoher Grundwasserpegel f\u00fchrt n\u00e4mlich dazu, dass Wasser in das Mauerwerk eindringt. Sogar H\u00e4user mit Hanglage sind gef\u00e4hrdet f\u00fcr eindringende Feuchtigkeit. Dort kann es schon mal sein, dass gr\u00f6\u00dfere Gesch\u00fctze f\u00fcr eine dauerhafte Renovierung ergriffen werden m\u00fcssen. Aber auch in diesem Fall ist eine feuchte Wand kein unabwendbares \u00dcbel.<\/p>\n","protected":false},"excerpt":{"rendered":"<p>Wir helfen rasch bei feuchten W\u00e4nden! Eine feuchte Wand k\u00f6nnte zu einem brisanten Fall werden. Geb\u00e4udebesitzer sind diesbez\u00fcglich gut beraten, sich umfassend \u00fcber Sanierungsm\u00f6glichkeiten zu erkundigen, wenn sie nasse Stellen in ihren Kellerr\u00e4umen gefunden haben. Fr\u00fchzeitig registriert, braucht eine feuchte Wand nicht zwangsl\u00e4ufig umfangreiche und langwierige Instandsetzungsarbeiten nach sich ziehen. Eine feuchte Wand kann allemal [&hellip;]<\/p>\n","protected":false},"author":1,"featured_media":0,"parent":0,"menu_order":0,"comment_status":"closed","ping_status":"closed","template":"","meta":{"footnotes":""},"class_list":["post-199","page","type-page","status-publish","hentry"],"meta_box":{"popseo_subtitel":"Feuchte Wand: Wir sind Ihr Fachunternehmen im Raum Reinbek Aum\u00fchle","popseo_subtitel2":"Feuchte Wand - wir helfen Ihnen gerne!","popseo_lasttitel":"Feuchte Wand: Treten Sie in Kontakt mit uns!","popseo_region":"Reinbek Aum\u00fchle","popseo_sachwort":"Feuchte Wand","popseo_noupdate":"","popseo_einleitungstext":"<p>Sie haben sich mit der Bauwerksabdichtung auseinandergesetzt, da Ihr Wohn- oder Gesch\u00e4ftshaus feuchte Geb\u00e4udebereiche aufweist und Sie nach M\u00f6glichkeiten einer wirkungsvollen und professionellen Sanierung Ausschau halten. Gut, dass Sie zu uns gefunden haben. Auf den folgenden Seiten d\u00fcrfen wir Ihnen einige Informationen zu unserem Leistungsangebot geben. Sie lernen auf dieser Website unsere Firma etwas n\u00e4her kennen. <\/p>\n<p>Unser Unternehmen ist ein versierter und erfahrener Handwerksbetrieb mit Gesch\u00e4ftsssitz in Brietlingen bei L\u00fcneburg. Seit vielen Jahren schon sind wir Ihr Fachpartner f\u00fcr alle Fragen rund um Geb\u00e4udeabdichtung. Wir setzen ausschlie\u00dflich praxisbew\u00e4hrte und effektive Sanierungsmethoden und -systeme ein. Als Sanierungsfachbetrieb blicken wir auf eine lange und intensive Berufserfahrung zur\u00fcck. Unsere freundlichen Fachkr\u00e4fte informieren Sie gerne im Detail.<\/p>","popseo_schlusstext":"<p>Auf Wunsch informieren wir Sie n\u00e4her \u00fcber unser Aufgabengebiet. Wir nennen Ihnen mit Vergn\u00fcgen auch ein paar Referenzen, die Ihnen einen Einblick in unsere Firment\u00e4tigkeit geben.<br \/>\nDie Fachleute der Firma Thorsten Keul sind gerne f\u00fcr Sie im Einsatz. Rufen Sie uns doch rasch einmal an oder senden Sie uns eine kurze E-Mail. Wir freuen uns auf Sie.<\/p>","popseo_stadttext":"<h3>Unsere Dienstleistungen auch f\u00fcr Kunden aus Aum\u00fchle und Reinbek<\/h3>\n<p>Sie leben in Reinbek oder Aum\u00fchle und sind hier im Internet auf unsere Website gesto\u00dfen? Das finden wir klasse. Gerne pr\u00e4sentieren wir Ihnen unser komplettes Leistungsspektrum und beantworten Ihre Fragen. Durch unsere Vertriebst\u00e4tigkeit haben wir uns einen guten \u00dcberblick \u00fcber die Architektur der Gemeinden und St\u00e4dte unseres Einzugsbereiches erarbeiten k\u00f6nnen. Selbstverst\u00e4ndlich geh\u00f6rt auch die Region Reinbek \/ Aum\u00fchle zu unserem unmittelbaren Wirkungskreis. Wir freuen uns darauf, mit Ihnen ins Gespr\u00e4ch zu kommen. <\/p>\n<h3>Einige Details zu Reinbek und Aum\u00fchle<\/h3>\n<p>Die schleswig-holsteinische Stadt Reinbek liegt im Landkreis Stormarn. Zum Landkreis Herzogtum-Lauenburg z\u00e4hlt hingegen das nahe gelegene Aum\u00fchle. Heute z\u00e4hlt Reinbek in etwa 26.000 registrierte Einwohner. In Aum\u00fchle leben gut 3.000 Menschen. Das Stadtgebiet von Reinbek hat ein Ausdehnungsgebiet von \u00fcber 31 qkm. Reinbek und Aum\u00fchle sind Bestandteil der Metropolregion Hamburg. Beide Gemeinden liegen ungef\u00e4hr 20 Kilometer \u00f6stlich der norddeutschen Gro\u00dfstadt Hamburg. <\/p>\n<p>Die Stadt Reinbek geh\u00f6rt \u00fcber die S21 zum Hamburger Verkehrsverbund. Aum\u00fchle ist der Endbahnhof der S-Bahn. Der g\u00fcnstige Fahrweg von h\u00f6chstens 25 Minuten machen Reinbek und auch Aum\u00fchle ausdr\u00fccklich attraktiv f\u00fcr Arbeitnehmer, die in die Hamburger Innenstadt pendeln m\u00fcssen. Wer also seinen Arbeitgeber in Hamburg hat, genie\u00dft mit Reinbek oder Aum\u00fchle das Beste aus zwei Welten: Das Treiben der Hansestadt findet in den beschaulichen Wohnst\u00e4tten von Reinbek und Aum\u00fchle sein Gegenst\u00fcck.<\/p>\n<h4>Reinbek und Aum\u00fchle \u2013 zwei lebenswerte St\u00e4dtchen<\/h4>\n<p>Neben einer guten Anbindung \u00fcber den HVV, bieten Reinbek und Aum\u00fchle auch f\u00fcr den Autofahrer gute Bedingungen: Die Autobahnen A1 und A24 sowie die Bundesstra\u00dfe B5 befinden sich in der N\u00e4he von Reinbek und Aum\u00fchle. Die Immobilienstruktur von Reinbek und Aum\u00fchle besteht \u00fcberwiegend aus zahlreichen freistehenden Ein- und Mehrfamilienh\u00e4usern, die ihren Bewohnern einen besonderen Lebenskomfort garantieren. Reinbek und Aum\u00fchle zeichnen sich neben der guten Lebensqualit\u00e4t zus\u00e4tzlich durch eine hohe Wirtschaftskraft aus.<\/p>\n<h4>Hohe Qualit\u00e4t f\u00fcr Kunden aus Reinbek und Aum\u00fchle<\/h4>\n<p>Sie wohnen in Aum\u00fchle oder Reinbek, interessieren sich f\u00fcr unser Angebot und haben deshalb unsere Homepage besucht? Das freut uns sehr. Unser engagiertes Team nimmt gerne Ihren Anruf entgegen oder beantwortet Ihre E-Mail.<\/p>","popseo_zusatztext":"<h3>Beim Abdichten sind wir Profi<\/h3>\n<p>Sie haben einen N\u00e4sseschaden festgestellt und m\u00fcssen die entsprechenden Mauerstellen nun schnellstens abdichten. Sch\u00f6n, dass Sie uns gefunden haben! Als erfahrenes Unternehmen der Bauwirtschaft kennen wir uns sehr gut aus mit dem Abdichten von Kellern, W\u00e4nden oder Mauern.  <\/p>\n<p>N\u00e4ssesch\u00e4den sind unser Metier: F\u00fcr unser Unternehmen geh\u00f6rt das Abdichten von Mauern, Kellern oder W\u00e4nden zur t\u00e4glichen Arbeit. Wir gehen der Ursache f\u00fcr den Wassereintritt sorgf\u00e4ltig auf den Grund. Vor dem konkreten Abdichten muss als Erstes die Ursachenforschung stehen. Erst wenn man den konkreten Grund f\u00fcr eine Durchn\u00e4ssung gefunden hat, kann man mit dem Abdichten anfangen. Die Bestandsaufnahme gibt die Marschrichtung vor, den das Abdichten eines Bauk\u00f6rpers beinhalten muss.  <\/p>\n<h4>Abdichten: Beste Arbeit durch den Fachbetrieb<\/h4>\n<p>Z\u00f6gern Sie bitte nicht und verabreden Sie zeitnah einen Termin mit einem unserer qualifizierten Fachkr\u00e4fte. Ein kurzer Anruf beziehungsweise eine schnelle E-Mail reichen v\u00f6llig aus! Bei einer Begutachtung direkt am betroffenen Objekt, nehmen wir den Schaden auf und erstellen danach ein Konzept f\u00fcr das langfristige Abdichten der gesch\u00e4digten Bereiche. Unsere Arbeit ist immer zweckbezogen: Selbstverst\u00e4ndlich flie\u00dfen auch \u00f6konomische Aspekte in unsere Entscheidungsfindung f\u00fcr das Abdichten Ihres Geb\u00e4udes mit ein. Alles aus einer Hand: Unsere engagierten Mitarbeiter f\u00fchren alle notwendigen T\u00e4tigkeiten, die zum Abdichten erforderlich sind zeitnah und zuverl\u00e4ssig aus. Bereits seit Jahren ist unser Haus f\u00fcr eine hohe Fachkompetenz bekannt. Eine unserer Kernkompetenzen liegt im Abdichten von Gesch\u00e4fts- und Wohngeb\u00e4uden. Vertrauen Sie auf Fachkompetenz und beauftragen Sie unser Unternehmen f\u00fcr das Abdichten von neuralgischen Stellen im Mauerwerk. Wir freuen uns darauf, auch Ihnen helfen zu k\u00f6nnen.<\/p>","popseo_links":"<a href=\"https:\/\/bautenschutz-keul.de\/angebote\/feuchte-wand-bad-bevensen\/\">Feuchte Wand Bad Bevensen<\/a>, <a href=\"https:\/\/bautenschutz-keul.de\/angebote\/kellertrockenlegung-amt-neuhaus\/\">Kellertrockenlegung Amt Neuhaus<\/a>, <a href=\"https:\/\/bautenschutz-keul.de\/angebote\/feuchte-mauer-adendorf\/\">Feuchte Mauer Adendorf<\/a>, <a href=\"https:\/\/bautenschutz-keul.de\/angebote\/schimmelsanierung-bad-bevensen\/\">Schimmelsanierung Bad Bevensen<\/a>, <a href=\"https:\/\/bautenschutz-keul.de\/angebote\/innenabdichtung-amelinghausen\/\">Innenabdichtung Amelinghausen<\/a>, <a href=\"https:\/\/bautenschutz-keul.de\/angebote\/innenabdichtung-amt-neuhaus\/\">Innenabdichtung Amt Neuhaus<\/a>, <a href=\"https:\/\/bautenschutz-keul.de\/angebote\/aussenabdichtung-adendorf\/\">Au\u00dfenabdichtung Adendorf<\/a>, <a href=\"https:\/\/bautenschutz-keul.de\/angebote\/feuchter-keller-herzogtum-lauenburg\/\">Feuchter Keller Herzogtum Lauenburg<\/a>, <a href=\"https:\/\/bautenschutz-keul.de\/angebote\/salpeter-im-keller-ebstorf\/\">Salpeter im Keller Ebstorf<\/a>, <a href=\"https:\/\/bautenschutz-keul.de\/angebote\/feuchte-mauer-jesteburg\/\">Feuchte Mauer Jesteburg<\/a>, <a href=\"https:\/\/bautenschutz-keul.de\/angebote\/aussenabdichtung-buchholz-in-der-nordheide\/\">Au\u00dfenabdichtung Buchholz in der Nordheide<\/a>, <a href=\"https:\/\/bautenschutz-keul.de\/angebote\/salpeter-im-keller-reppenstedt\/\">Salpeter im Keller Reppenstedt<\/a>, <a href=\"https:\/\/bautenschutz-keul.de\/angebote\/kellerabdichtung-lueneburg\/\">Kellerabdichtung L\u00fcneburg<\/a>, <a href=\"https:\/\/bautenschutz-keul.de\/angebote\/innenabdichtung-tostedt-sittensen\/\">Innenabdichtung Tostedt Sittensen<\/a>, <a href=\"https:\/\/bautenschutz-keul.de\/angebote\/mauertrockenlegung-bergedorf-wentorf\/\">Mauertrockenlegung Bergedorf Wentorf<\/a>, <a href=\"https:\/\/bautenschutz-keul.de\/angebote\/salpeter-im-keller-tostedt-sittensen\/\">Salpeter im Keller Tostedt Sittensen<\/a>, <a href=\"https:\/\/bautenschutz-keul.de\/angebote\/feuchter-keller-brietlingen\/\">Feuchter Keller Brietlingen<\/a>, <a href=\"https:\/\/bautenschutz-keul.de\/angebote\/kellersanierung-buchholz-in-der-nordheide\/\">Kellersanierung Buchholz in der Nordheide<\/a>, <a href=\"https:\/\/bautenschutz-keul.de\/angebote\/schimmel-bispingen\/\">Schimmel Bispingen<\/a>, <a href=\"https:\/\/bautenschutz-keul.de\/angebote\/schimmelbeseitigung-geesthacht\/\">Schimmelbeseitigung Geesthacht<\/a>, <a href=\"https:\/\/bautenschutz-keul.de\/angebote\/rissverpressung-maschen\/\">Rissverpressung Maschen<\/a>, <a href=\"https:\/\/bautenschutz-keul.de\/angebote\/feuchtigkeitsschaden-amelinghausen\/\">Feuchtigkeitsschaden Amelinghausen<\/a>, <a href=\"https:\/\/bautenschutz-keul.de\/angebote\/salpeter-im-keller-buechen\/\">Salpeter im Keller B\u00fcchen<\/a>, <a href=\"https:\/\/bautenschutz-keul.de\/angebote\/kellertrockenlegung-seevetal-rosengarten\/\">Kellertrockenlegung Seevetal Rosengarten<\/a>, <a href=\"https:\/\/bautenschutz-keul.de\/angebote\/feuchte-wand-bienenbuettel\/\">Feuchte Wand Bienenb\u00fcttel<\/a>, <a href=\"https:\/\/bautenschutz-keul.de\/angebote\/feuchte-mauer-lueneburg\/\">Feuchte Mauer L\u00fcneburg<\/a>, <a href=\"https:\/\/bautenschutz-keul.de\/angebote\/innenabdichtung-buechen\/\">Innenabdichtung B\u00fcchen<\/a>, <a href=\"https:\/\/bautenschutz-keul.de\/angebote\/schimmel-bad-bevensen\/\">Schimmel Bad Bevensen<\/a>, <a href=\"https:\/\/bautenschutz-keul.de\/angebote\/kellerabdichtung-maschen\/\">Kellerabdichtung Maschen<\/a>, <a href=\"https:\/\/bautenschutz-keul.de\/angebote\/feuchter-keller-amelinghausen\/\">Feuchter Keller Amelinghausen<\/a>"},"_links":{"self":[{"href":"https:\/\/bautenschutz-keul.de\/angebote\/wp-json\/wp\/v2\/pages\/199","targetHints":{"allow":["GET"]}}],"collection":[{"href":"https:\/\/bautenschutz-keul.de\/angebote\/wp-json\/wp\/v2\/pages"}],"about":[{"href":"https:\/\/bautenschutz-keul.de\/angebote\/wp-json\/wp\/v2\/types\/page"}],"author":[{"embeddable":true,"href":"https:\/\/bautenschutz-keul.de\/angebote\/wp-json\/wp\/v2\/users\/1"}],"replies":[{"embeddable":true,"href":"https:\/\/bautenschutz-keul.de\/angebote\/wp-json\/wp\/v2\/comments?post=199"}],"version-history":[{"count":0,"href":"https:\/\/bautenschutz-keul.de\/angebote\/wp-json\/wp\/v2\/pages\/199\/revisions"}],"wp:attachment":[{"href":"https:\/\/bautenschutz-keul.de\/angebote\/wp-json\/wp\/v2\/media?parent=199"}],"curies":[{"name":"wp","href":"https:\/\/api.w.org\/{rel}","templated":true}]}}