{"id":200,"date":"2021-09-13T08:43:43","date_gmt":"2021-09-13T06:43:43","guid":{"rendered":"https:\/\/bautenschutz-keul.de\/angebote\/feuchte-wand-reppenstedt\/"},"modified":"2021-09-13T08:43:43","modified_gmt":"2021-09-13T06:43:43","slug":"feuchte-wand-reppenstedt","status":"publish","type":"page","link":"https:\/\/bautenschutz-keul.de\/angebote\/feuchte-wand-reppenstedt\/","title":{"rendered":"Feuchte Wand &#8211; Reppenstedt"},"content":{"rendered":"<h3>Wir helfen rasch bei feuchten W\u00e4nden!<\/h3>\n<p>Eine feuchte Wand k\u00f6nnte zu einem schwerwiegenden \u00c4rgernis werden.<br \/>\nEigent\u00fcmer sind entsprechend gut beraten, sich gr\u00fcndlich \u00fcber Trocknungsm\u00f6glichkeiten zu informieren, falls sie feuchte Bereiche in ihren Kellerr\u00e4umen entdeckt haben. Fr\u00fch gefunden, braucht eine feuchte Wand nicht unbedingt umfangreiche und andauernde Sanierungen hervorrufen. <\/p>\n<p>Eine feuchte Wand kann tats\u00e4chlich ungute Effekte auf Befinden und Gesundheit der Hausbewohner haben.  Schimmelentstehung und Sporenablagerungen sind nicht selten die Ursache f\u00fcr gesundheitliche Beeintr\u00e4chtigungen. Ein Anlass zus\u00e4tzlich, der feuchten Wand zu Leibe zu r\u00fccken. Eine feuchte Wand ist eine Aufgabe f\u00fcr den Fachbetrieb. Nur ein vorz\u00fcglich ausgebildeter Spezialist beherrscht die wirksamen Verfahren, wie eine feuchte Wand schnell und effektiv repariert werden kann.<\/p>\n<h3>Feuchte Wand: Schnelle Hilfe durch den Fachbetrieb!<\/h3>\n<p>Bevor die Arbeiten starten, sollte sich der Profi eine Meinung von den Ursachen f\u00fcr den Schaden machen. Ohne die gr\u00fcndliche Untersuchung, l\u00e4sst sich eine feuchte Wand nicht wirklich anhaltend sanieren. Der Grund gibt letztlich die Richtung vor. M\u00f6gliche Gr\u00fcnde gibt es einige. Vielfach liegt der Grund f\u00fcr eine feuchte Wand in einer nur mangelhaften Luftzufuhr. Auch undichte Rohre m\u00f6gen der Grund f\u00fcr eine feuchte Wand sein. Derlei Gr\u00fcnde sind normalerweise sofort in Ordnung gebracht. Ungemein komplizierter wird es, sobald festgestellt wird, dass die N\u00e4sse von au\u00dfen in den Keller dringt.  Ein h\u00f6herer Wasserpegel f\u00fchrt n\u00e4mlich dazu, dass Feuchtigkeit in das Mauerwerk zieht. Sogar Bauwerke mit Hanglage sind gef\u00e4hrdet f\u00fcr eindringende N\u00e4sse. In solchen F\u00e4llen kann es durchaus sein, dass m\u00e4chtigere Gesch\u00fctze f\u00fcr eine dauerhafte Renovierung ergriffen werden m\u00fcssen. Doch auch in diesem Fall ist eine feuchte Wand kein unvermeidbares Schicksal.<\/p>\n","protected":false},"excerpt":{"rendered":"<p>Wir helfen rasch bei feuchten W\u00e4nden! Eine feuchte Wand k\u00f6nnte zu einem schwerwiegenden \u00c4rgernis werden. Eigent\u00fcmer sind entsprechend gut beraten, sich gr\u00fcndlich \u00fcber Trocknungsm\u00f6glichkeiten zu informieren, falls sie feuchte Bereiche in ihren Kellerr\u00e4umen entdeckt haben. Fr\u00fch gefunden, braucht eine feuchte Wand nicht unbedingt umfangreiche und andauernde Sanierungen hervorrufen. Eine feuchte Wand kann tats\u00e4chlich ungute Effekte [&hellip;]<\/p>\n","protected":false},"author":1,"featured_media":0,"parent":0,"menu_order":0,"comment_status":"closed","ping_status":"closed","template":"","meta":{"footnotes":""},"class_list":["post-200","page","type-page","status-publish","hentry"],"meta_box":{"popseo_subtitel":"Feuchte Wand: Die Firma TK-Geb\u00e4udetechnik Thorsten Keul ist Ihr Experte in Reppenstedt","popseo_subtitel2":"Feuchte Wand - ein Problem, dem man sich stellen muss","popseo_lasttitel":"Feuchte Wand: Unsere Experten beantworten Ihre Fragen","popseo_region":"Reppenstedt","popseo_sachwort":"Feuchte Wand","popseo_noupdate":"","popseo_einleitungstext":"<p>Sie haben sich mit dem Thema Bauwerksabdichtung besch\u00e4ftigt, weil Ihre Immobilie feuchte Geb\u00e4udebereiche aufweist und Sie nach Methoden einer professionellen und vor allem wirksamen Sanierung Ausschau halten. Toll, dass Sie unsere Website entdeckt haben. Auf den folgenden Seiten m\u00f6chten wir Ihnen einige Informationen zu unserem Leistungsspektrum geben. Sie lernen auf dieser Internetseite unsere Firma etwas n\u00e4her kennen. <\/p>\n<p>Die Firma TK-Geb\u00e4udetechnik Thorsten Keul ist ein qualifizierter und etablierter Handwerksbetrieb mit Firmensitz in Brietlingen bei L\u00fcneburg. Bereits seit vielen Jahren sind wir Ihr Fachpartner f\u00fcr s\u00e4mtliche Fragen rund um Geb\u00e4udeabdichtung. Wir setzen ausschlie\u00dflich praxisbew\u00e4hrte und effektive Sanierungssysteme und -methoden ein. Als Fachbetrieb f\u00fcr Abdichtung und Sanierung schauen wir auf eine lange und intensive Berufserfahrung zur\u00fcck. Unsere freundlichen Mitarbeiter informieren Sie mit Vergn\u00fcgen im Detail.<\/p>","popseo_schlusstext":"<p>Sie ben\u00f6tigen einen Fachpartner f\u00fcr die fachgerecht ausgef\u00fchrte Bauwerksabdichtung. Dann kontaktieren Sie uns bitte schnell. Wir freuen uns auf das Gespr\u00e4ch mit Ihnen. Wenn es um Sanierung geht, sind wir Ihr erfahrener Handwerkspartner. Wir versprechen Ihnen eine fachgerecht durchgef\u00fchrte Arbeit nach dem jeweils neuesten Stand der Technik.<\/p>","popseo_stadttext":"<h3>Leben und Wohnen in Reppenstedt<\/h3>\n<p>Sie kommen aus Reppenstedt, S\u00fcdergellersen, Kirchgellersen oder Westergellersen und sind hier im Internet auf unsere Website gesto\u00dfen? Das finden wir klasse. Sehr gerne pr\u00e4sentieren wir Ihnen unser komplettes Leistungsspektrum und beantworten Ihre Fragen. Durch unsere Vertriebst\u00e4tigkeit haben wir uns einen sehr guten \u00dcberblick \u00fcber die Architektur der Gemeinden und St\u00e4dte unseres Einzugsbereiches machen k\u00f6nnen. Nat\u00fcrlich geh\u00f6ren auch Reppenstedt und die anderen Ortschaften der Samtgemeinde Gellersen zu unserem unmittelbaren Wirkungskreis. Wir freuen uns darauf, mit Ihnen ins Gespr\u00e4ch zu treten. <\/p>\n<h3>Gute Gr\u00fcnde sprechen f\u00fcr den Wohnort Reppenstedt<\/h3>\n<p>Etwa 7.600 Einwohner z\u00e4hlt Reppenstedt. Das Gemeindegebiet umfasst ein Gesamtareal von \u00fcber 14 km\u00b2. Reppenstedt ist Sitz der Samtgemeinde Gellersen, einem Zusammenschluss von kleineren Ortschaften, zu dem neben Reppenstedt selbst auch Kirchgellersen, Westergellersen und S\u00fcdergellersen geh\u00f6ren. Die Samtgemeinde z\u00e4hlt in Summe knapp 14.000 B\u00fcrger und erstreckt sich \u00fcber eine Fl\u00e4che von zirka 73 qkm. Reppenstedt schlie\u00dft unmittelbar westlich an L\u00fcneburg an. \u00dcber die Kreisstra\u00dfe 50 und die Landesstra\u00dfe 216 ist die Gemeinde einfach und bequem mit dem Wagen zu erreichen. Au\u00dferdem gibt es eine Busanbindung nach L\u00fcneburg. Reppenstedt ist ein familiengerechter Ort. Die Gemeinde besitzt eine ausgezeichnete Infrastruktur \u2013 nicht zuletzt durch die Anbindung an die Stadt L\u00fcneburg. Reppenstedt ist ein Ort mit einer attraktiven naturnahen Umgebung. <\/p>\n<h4>Hohe Qualit\u00e4t f\u00fcr Kunden aus Reppenstedt<\/h4>\n<p>Das Leben in Reppenstedt, Westergellersen, S\u00fcdergellersen und Kirchgellersen ist ruhig. Alle Orte der Samtgemeinde Gellersen verf\u00fcgen \u00fcber beruhigte Wohnquartiere, die besonders von einer angenehmen Einzelhausbebauung gepr\u00e4gt sind. Sie interessieren sich f\u00fcr unser Leistungsprogramm und haben deshalb unsere Homepage besucht? Das freut uns sehr. Unser freundliches Team nimmt gerne Ihren Anruf entgegen oder beantwortet Ihre E-Mail.<\/p>","popseo_zusatztext":"<h3>Abdichten: Wir versprechen Ihnen eine erstklassige Arbeit!<\/h3>\n<p>Sie haben einen Feuchtigkeitsschaden festgestellt und m\u00fcssen die betroffenen Mauerbereiche nun z\u00fcgig abdichten. Sehr gut, dass Sie uns entdeckt haben! Als routiniertes Unternehmen der Bauwirtschaft kennen wir uns bestens aus mit dem Abdichten von Kellern, Mauern oder W\u00e4nden.  <\/p>\n<p>N\u00e4ssesch\u00e4den sind unser Gesch\u00e4ft: F\u00fcr unser Unternehmen geh\u00f6rt das Abdichten von Mauern, Kellern oder W\u00e4nden zur allt\u00e4glichen Arbeit. Wir gehen der Ursache f\u00fcr den Feuchtigkeitseintritt sorgf\u00e4ltig auf den Grund. Vor dem eigentlichen Abdichten muss als Erstes die Ursachenforschung stehen. Erst wenn man den tats\u00e4chlichen Grund f\u00fcr eine Durchfeuchtung gefunden hat, kann man mit dem Abdichten beginnen. Die Bestandsaufnahme gibt die Marschrichtung vor, den das Abdichten eines Bauk\u00f6rpers umfassen muss.  <\/p>\n<h4>Abdichten: Schnelle Hilfe durch den Fachbetrieb!<\/h4>\n<p>Warten Sie bitte nicht und verabreden Sie gleich jetzt einen Termin mit einem unserer kompetenten Spezialisten. Ein kurzer Telefonanruf oder eine schnelle E-Mail gen\u00fcgen! Bei einer Begutachtung direkt am gesch\u00e4digten Objekt, nehmen wir den Schaden auf und erarbeiten danach ein Konzept f\u00fcr das dauerhafte Abdichten der betroffenen Stellen. Unsere Arbeit ist stets zweckorientiert: Nat\u00fcrlich flie\u00dfen auch \u00f6konomische Betrachtungen in unsere Entscheidungsfindung f\u00fcr das Abdichten Ihres Hauses mit ein. Alles komplett aus einer Hand: Unsere engagierten Fachkr\u00e4fte f\u00fchren s\u00e4mtliche notwendigen Arbeiten, die zum Abdichten geh\u00f6ren zeitnah und verl\u00e4sslich aus. Bereits seit langer Zeit ist unser Haus f\u00fcr eine hohe Fachkompetenz bekannt. Eine unserer Kernkompetenzen liegt im Abdichten von Gesch\u00e4fts- und Wohngeb\u00e4uden. Vertrauen Sie auf Fachkompetenz und beauftragen Sie unsere Firma f\u00fcr das Abdichten von neuralgischen Bereichen im Mauerwerk. Wir freuen uns darauf, auch Ihnen helfen zu d\u00fcrfen.<\/p>","popseo_links":"<a href=\"https:\/\/bautenschutz-keul.de\/angebote\/bauwerksabdichtung-harburg\/\">Bauwerksabdichtung Harburg<\/a>, <a href=\"https:\/\/bautenschutz-keul.de\/angebote\/feuchter-keller-bienenbuettel\/\">Feuchter Keller Bienenb\u00fcttel<\/a>, <a href=\"https:\/\/bautenschutz-keul.de\/angebote\/feuchter-keller-amelinghausen\/\">Feuchter Keller Amelinghausen<\/a>, <a href=\"https:\/\/bautenschutz-keul.de\/angebote\/kellerabdichtung-seevetal-rosengarten\/\">Kellerabdichtung Seevetal Rosengarten<\/a>, <a href=\"https:\/\/bautenschutz-keul.de\/angebote\/kellersanierung-reppenstedt\/\">Kellersanierung Reppenstedt<\/a>, <a href=\"https:\/\/bautenschutz-keul.de\/angebote\/innenabdichtung-maschen\/\">Innenabdichtung Maschen<\/a>, <a href=\"https:\/\/bautenschutz-keul.de\/angebote\/feuchte-wand-bergedorf-wentorf\/\">Feuchte Wand Bergedorf Wentorf<\/a>, <a href=\"https:\/\/bautenschutz-keul.de\/angebote\/schimmelsanierung-schwarzenbek\/\">Schimmelsanierung Schwarzenbek<\/a>, <a href=\"https:\/\/bautenschutz-keul.de\/angebote\/kellersanierung-buchholz-in-der-nordheide\/\">Kellersanierung Buchholz in der Nordheide<\/a>, <a href=\"https:\/\/bautenschutz-keul.de\/angebote\/schimmelbeseitigung-reppenstedt\/\">Schimmelbeseitigung Reppenstedt<\/a>, <a href=\"https:\/\/bautenschutz-keul.de\/angebote\/feuchter-keller-lueneburg\/\">Feuchter Keller L\u00fcneburg<\/a>, <a href=\"https:\/\/bautenschutz-keul.de\/angebote\/feuchte-wand-salzhausen\/\">Feuchte Wand Salzhausen<\/a>, <a href=\"https:\/\/bautenschutz-keul.de\/angebote\/mauertrockenlegung-boizenburg\/\">Mauertrockenlegung Boizenburg<\/a>, <a href=\"https:\/\/bautenschutz-keul.de\/angebote\/rissverpressung-lueneburg\/\">Rissverpressung L\u00fcneburg<\/a>, <a href=\"https:\/\/bautenschutz-keul.de\/angebote\/feuchte-mauer-schwarzenbek\/\">Feuchte Mauer Schwarzenbek<\/a>, <a href=\"https:\/\/bautenschutz-keul.de\/angebote\/feuchte-wand-buchholz-in-der-nordheide\/\">Feuchte Wand Buchholz in der Nordheide<\/a>, <a href=\"https:\/\/bautenschutz-keul.de\/angebote\/kellertrockenlegung-boizenburg\/\">Kellertrockenlegung Boizenburg<\/a>, <a href=\"https:\/\/bautenschutz-keul.de\/angebote\/feuchtigkeit-buchholz-in-der-nordheide\/\">Feuchtigkeit Buchholz in der Nordheide<\/a>, <a href=\"https:\/\/bautenschutz-keul.de\/angebote\/kellertrockenlegung-herzogtum-lauenburg\/\">Kellertrockenlegung Herzogtum Lauenburg<\/a>, <a href=\"https:\/\/bautenschutz-keul.de\/angebote\/bauwerksabdichtung-geesthacht\/\">Bauwerksabdichtung Geesthacht<\/a>, <a href=\"https:\/\/bautenschutz-keul.de\/angebote\/mauertrockenlegung-salzhausen\/\">Mauertrockenlegung Salzhausen<\/a>, <a href=\"https:\/\/bautenschutz-keul.de\/angebote\/feuchte-wand-reinbek-aumuehle\/\">Feuchte Wand Reinbek Aum\u00fchle<\/a>, <a href=\"https:\/\/bautenschutz-keul.de\/angebote\/bauwerksabdichtung-maschen\/\">Bauwerksabdichtung Maschen<\/a>, <a href=\"https:\/\/bautenschutz-keul.de\/angebote\/kellertrockenlegung-harburg\/\">Kellertrockenlegung Harburg<\/a>, <a href=\"https:\/\/bautenschutz-keul.de\/angebote\/bauwerksabdichtung-lueneburg\/\">Bauwerksabdichtung L\u00fcneburg<\/a>, <a href=\"https:\/\/bautenschutz-keul.de\/angebote\/feuchtigkeitsschaden-hanstedt\/\">Feuchtigkeitsschaden Hanstedt<\/a>, <a href=\"https:\/\/bautenschutz-keul.de\/angebote\/aussenabdichtung-reinbek-aumuehle\/\">Au\u00dfenabdichtung Reinbek Aum\u00fchle<\/a>, <a href=\"https:\/\/bautenschutz-keul.de\/angebote\/schimmelsanierung-brietlingen\/\">Schimmelsanierung Brietlingen<\/a>, <a href=\"https:\/\/bautenschutz-keul.de\/angebote\/kellersanierung-hanstedt\/\">Kellersanierung Hanstedt<\/a>, <a href=\"https:\/\/bautenschutz-keul.de\/angebote\/feuchtigkeit-stelle\/\">Feuchtigkeit Stelle<\/a>"},"_links":{"self":[{"href":"https:\/\/bautenschutz-keul.de\/angebote\/wp-json\/wp\/v2\/pages\/200","targetHints":{"allow":["GET"]}}],"collection":[{"href":"https:\/\/bautenschutz-keul.de\/angebote\/wp-json\/wp\/v2\/pages"}],"about":[{"href":"https:\/\/bautenschutz-keul.de\/angebote\/wp-json\/wp\/v2\/types\/page"}],"author":[{"embeddable":true,"href":"https:\/\/bautenschutz-keul.de\/angebote\/wp-json\/wp\/v2\/users\/1"}],"replies":[{"embeddable":true,"href":"https:\/\/bautenschutz-keul.de\/angebote\/wp-json\/wp\/v2\/comments?post=200"}],"version-history":[{"count":0,"href":"https:\/\/bautenschutz-keul.de\/angebote\/wp-json\/wp\/v2\/pages\/200\/revisions"}],"wp:attachment":[{"href":"https:\/\/bautenschutz-keul.de\/angebote\/wp-json\/wp\/v2\/media?parent=200"}],"curies":[{"name":"wp","href":"https:\/\/api.w.org\/{rel}","templated":true}]}}