{"id":202,"date":"2021-09-13T08:43:43","date_gmt":"2021-09-13T06:43:43","guid":{"rendered":"https:\/\/bautenschutz-keul.de\/angebote\/feuchte-wand-schwarzenbek\/"},"modified":"2021-09-13T08:43:43","modified_gmt":"2021-09-13T06:43:43","slug":"feuchte-wand-schwarzenbek","status":"publish","type":"page","link":"https:\/\/bautenschutz-keul.de\/angebote\/feuchte-wand-schwarzenbek\/","title":{"rendered":"Feuchte Wand &#8211; Schwarzenbek"},"content":{"rendered":"<h3>Feuchte Wand: Fragen Sie den Sanierungsprofi!<\/h3>\n<p>Eine feuchte Wand k\u00f6nnte zu einem schwerwiegenden Fall werden.<br \/>\nHauseigent\u00fcmer sind diesbez\u00fcglich bestens beraten, sich n\u00e4her \u00fcber Sanierungsm\u00f6glichkeiten zu informieren, wenn sie durchfeuchtete Bereiche in ihren R\u00e4umen entdeckt haben. Fr\u00fchzeitig gesehen, muss eine feuchte Wand nicht unbedingt schwerwiegende und langfristige Sanierungen zur Folge haben. <\/p>\n<p>Eine feuchte Wand kann durchaus negative Folgen auf Wohlbefinden und Gesundheit der Geb\u00e4udebewohner haben.  Schimmel und Sporenablagerungen sind zumeist die Erkl\u00e4rung f\u00fcr gesundheitliche Probleme. Ein Anlass zus\u00e4tzlich, der feuchten Wand zu Leibe zu gehen. Eine feuchte Wand ist ein Thema f\u00fcr den Experten. Nur ein hervorragend ausgebildeter Experte beherrscht die geeigneten Methoden, wie eine feuchte Wand unverz\u00fcglich und effektiv repariert werden kann.<\/p>\n<h3>Feuchte Wand \u2013 wir helfen schnell und unkompliziert!<\/h3>\n<p>Bevor die Arbeiten losgehen, sollte sich der Experte ein Bild von den Ursachen f\u00fcr den N\u00e4sseschaden machen. Ohne die gezielte Untersuchung, l\u00e4sst sich eine feuchte Wand nicht ernsthaft anhaltend sanieren. Der Grund gibt letzendlich das Verfahren vor. M\u00f6gliche Gr\u00fcnde gibt es einige. Oftmals liegt der Grund f\u00fcr eine feuchte Wand in einer  nur ungen\u00fcgenden L\u00fcftung. Auch tropfende Abflussleitungen k\u00f6nnen die Ursache f\u00fcr eine feuchte Wand sein. Derartige Ursachen sind in der Regel schnell behoben. Hochgradig komplizierter wird es, wenn festgestellt wird, dass die Feuchtigkeit von au\u00dferhalb in den Keller dringt.  Ein h\u00f6herer Wasserspiegel f\u00fchrt zum Beispiel dazu, dass Wasser in das Mauerwerk eindringt. Auch Immobilien mit Hanglage sind gef\u00e4hrdet f\u00fcr durchdringende Feuchtigkeit. Dort kann es schon mal sein, dass gr\u00f6\u00dfere Gesch\u00fctze f\u00fcr eine wirksame Sanierung erwogen werden m\u00fcssen. Jedoch auch dann ist eine feuchte Wand kein unausweichliches Schicksal.<\/p>\n","protected":false},"excerpt":{"rendered":"<p>Feuchte Wand: Fragen Sie den Sanierungsprofi! Eine feuchte Wand k\u00f6nnte zu einem schwerwiegenden Fall werden. Hauseigent\u00fcmer sind diesbez\u00fcglich bestens beraten, sich n\u00e4her \u00fcber Sanierungsm\u00f6glichkeiten zu informieren, wenn sie durchfeuchtete Bereiche in ihren R\u00e4umen entdeckt haben. Fr\u00fchzeitig gesehen, muss eine feuchte Wand nicht unbedingt schwerwiegende und langfristige Sanierungen zur Folge haben. Eine feuchte Wand kann durchaus [&hellip;]<\/p>\n","protected":false},"author":1,"featured_media":0,"parent":0,"menu_order":0,"comment_status":"closed","ping_status":"closed","template":"","meta":{"footnotes":""},"class_list":["post-202","page","type-page","status-publish","hentry"],"meta_box":{"popseo_subtitel":"Feuchte Wand: Wir sind Ihr erfahrener Fachbetrieb im Raum Schwarzenbek","popseo_subtitel2":"Feuchte Wand - ein Problem, dem man sich stellen muss","popseo_lasttitel":"Feuchte Wand: Unsere Mitarbeiter beantworten gerne Ihre Fragen","popseo_region":"Schwarzenbek","popseo_sachwort":"Feuchte Wand","popseo_noupdate":"","popseo_einleitungstext":"<p>Sie haben sich mit dem Thema Bauwerksabdichtung auseinandergesetzt, weil Ihr Haus feuchte Geb\u00e4udeteile aufweist und Sie nach Methoden einer professionellen und vor allem wirksamen Sanierung Ausschau halten. Sch\u00f6n, dass Sie unsere Website besuchen. Auf den folgenden Seiten d\u00fcrfen wir Ihnen n\u00e4here Informationen zu unserem Leistungsspektrum geben. Sie lernen auf dieser Website unsere Firma etwas n\u00e4her kennen. <\/p>\n<p>Unser Unternehmen ist ein versierter und etablierter Fachbetrieb mit Sitz in Brietlingen bei L\u00fcneburg. Bereits seit vielen Jahren sind wir Ihr Fachpartner f\u00fcr alle auftretenden Fragen rund um die Bauwerksabdichtung. Wir setzen ausschlie\u00dflich effektive und praxisbew\u00e4hrte Sanierungssysteme und -methoden ein. Als Fachbetrieb f\u00fcr Abdichtung und Sanierung blicken wir auf eine lange und intensive Berufserfahrung zur\u00fcck. Unsere gut geschulten Mitarbeiter informieren Sie gerne im Detail.<\/p>","popseo_schlusstext":"<p>Sie ben\u00f6tigen einen Fachpartner f\u00fcr die fachgerecht ausgef\u00fchrte Bauwerksabdichtung. Dann rufen Sie uns bitte rasch an. Wir freuen uns auf das Gespr\u00e4ch mit Ihnen. Wenn es um Sanierung geht, sind wir Ihr kompetenter Handwerkspartner. Wir versprechen Ihnen eine fachm\u00e4nnisch ausgef\u00fchrte Arbeit nach dem immer derzeitigen Stand der Technik.<\/p>","popseo_stadttext":"<h3>Zu Ihren Diensten in Schwarzenbek<\/h3>\n<p>Unser Gesch\u00e4ftsbereich umfasst auch Schwarzenbek. Durch unsere Gesch\u00e4ftst\u00e4tigkeit haben wir uns einen sehr guten \u00dcberblick \u00fcber die Architektur der St\u00e4dte und Gemeinden unseres Vertriebsgebietes machen k\u00f6nnen. Wir f\u00fchlen uns der Region verpflichtet und sind stolz darauf, auch unseren Teil zur guten Infrastruktur der Stadt Schwarzenbek beizusteuern zu d\u00fcrfen.  <\/p>\n<h3>Interessante Fakten zu Schwarzenbek<\/h3>\n<p>Die Kleinstadt Schwarzenbek z\u00e4hlt organisatorisch zum schleswig-holsteinischen Kreis Herzogtum Lauenburg. In Schwarzenbek leben \u00fcber 15.000 Menschen auf einer Fl\u00e4che von gut 11 qkm. Schwarzenbek ist Sitz des Amtes Schwarzenbek-Land. Schwarzenbek begeistert speziell durch seine attraktiven Wohngebiete. Die Einzelhausbebauung \u00fcberwiegt in der lauenburgischen Gemeinde ganz augenf\u00e4llig. Vielgeschossige Wohngeb\u00e4ude sind in Schwarzenbek erkennbar in der Minderheit.<\/p>\n<p>Die geringe Entfernung zur Metropole Hamburg ist ein entscheidender Standortfaktor der Gemeinde. Lediglich in etwa 35 km ist die norddeutsche Gro\u00dfstadt von Schwarzenbek entfernt. Eine ideale Situation f\u00fcr Pendler: Wer seinen Arbeitgeber in Hamburg hat, hat nur einen kurzen Weg bis zu seinem Wohnort Schwarzenbek. Das eher idyllische Leben auf dem Lande verkn\u00fcpft sich auf ideale Weise mit den vielf\u00e4ltigen Angeboten der Gro\u00dfstadt.<br \/>\nEine exquisite Infrastruktur macht das Wohnen in Schwarzenbek besonders f\u00fcr junge Familien attraktiv. Die Stadt ist Teil vom Hamburger Verkehrsverbund (HVV). Mit der Bahn erreicht man Schwarzenbek \u00fcber die Bahnverbindung Hamburg-Berlin. Zum Hamburger Hauptbahnhof ben\u00f6tigt man ca. 20 Minuten. <\/p>\n<h3>Schwarzenbek \u2013 beliebt bei jungen Familien<\/h3>\n<p>Die Stadt Schwarzenbek wurde vor einiger Zeit mit dem sog. Europapreis ausgezeichnet. Der Preis wird St\u00e4dten und Gemeinden verliehen, die sich sich in besonderem Ma\u00dfe f\u00fcr die Ausbreitung des europ\u00e4ischen Gedankens stark gemacht haben. Schwarzenbek tr\u00e4gt den Ehrentitel \u201eEuropastadt\u201c mit Stolz.<br \/>\nAufgrund der exponierten Lage im Kreis Herzogtum Lauenburg wird Schwarzenbek manchmal auch als \u201eStadt der Mitte\u201c bezeichnet. Schwarzenbek war nebenbei eine der ersten Gemeinden in Norddeutschland, die auf der Stadtbeschilderung den Namen auch auf Plattdeutsch geschrieben haben. Eine prima Idee, die mittlerweile viele Nachahmer gefunden hat. <\/p>\n<h4>Wir f\u00fcr Sie in Schwarzenbek!<\/h4>\n<p>Gerne werden wir auch f\u00fcr Sie im Raum Schwarzenbek t\u00e4tig. D\u00fcrfen wir Sie n\u00e4her beraten? Sie erreichen uns telefonisch oder senden Sie uns eine Mail. Wir freuen uns auf Sie! Das perfekt eingespielte Team unseres Unternehmens zeichnet sich durch eine zielgerichtete Arbeit aus.<\/p>","popseo_zusatztext":"<h3>Erstklassiges Sanieren ist uns wichtig<\/h3>\n<p>Sie planen eine Wand, einen Keller oder gar ein komplettes Geb\u00e4ude zu sanieren? Klasse, denn dann sind Sie bei uns exakt an der richtigen Adresse. Wir sind Ihr routinierter Partner f\u00fcr alle Fragestellungen rund um das Sanieren von Geb\u00e4uden.  Ob feuchte Keller, feuchte W\u00e4nde oder die Sanierung ausgedehnter Feuchtigkeitssch\u00e4den: Als spezialisierte Fachfirma geh\u00f6rt das Sanieren zu den t\u00e4glichen T\u00e4tigkeiten. Wir gehen der Schadensursache ganz genau auf den Grund. Vor der eigentlichen Sanierung muss auf jeden Fall die Ursachenforschung stehen. Erst wenn man den wirklichen Grund f\u00fcr einen eingetretenen Schaden kennt, kann man sinnvollerweise mit dem Sanieren starten. Auch erkennt man erst nach einer genauen Analyse das Ausma\u00df, den das Sanieren eines Geb\u00e4udes beanspruchen wird.<\/p>\n<p>Verabreden Sie doch kurzerhand einmal einen unverbindlichen Besprechungstermin mit einem unserer gut ausgebildeten Fachleute. Telefon oder E-Mail gen\u00fcgen! Bei einer Begehung direkt vor Ort nehmen wir die M\u00e4ngel auf und machen Vorschl\u00e4ge f\u00fcr das passende Sanieren. So viel wie erforderlich, so wenig wie m\u00f6glich: Auch wirtschaftliche Aspekte flie\u00dfen in unsere Entscheidungsfindung f\u00fcr das Sanieren Ihres Hauses mit ein. <\/p>\n<h4>Sanieren \u2013 wir helfen schnell und unkompliziert!<\/h4>\n<p>Selbstverst\u00e4ndlich f\u00fchren unsere routinierten Mitarbeiter alle erforderlichen T\u00e4tigkeiten, die zum Sanieren geh\u00f6ren schnell und verl\u00e4\u00dflich aus. Unser Betrieb ist seit einigen Jahren f\u00fcr eine hohe Qualit\u00e4t beim Sanieren bekannt. Der Instandsetzung von Wohn- und Gesch\u00e4ftsh\u00e4usern haben wir uns gewidmet. Vertrauen Sie auf Erfahrung und \u00fcbertragen Sie das Sanieren Ihres Geb\u00e4udes unserem Unternehmen. Wir freuen uns darauf, auch Ihnen helfen zu k\u00f6nnen.<\/p>","popseo_links":"<a href=\"https:\/\/bautenschutz-keul.de\/angebote\/innenabdichtung-buechen\/\">Innenabdichtung B\u00fcchen<\/a>, <a href=\"https:\/\/bautenschutz-keul.de\/angebote\/salpeter-im-keller-jesteburg\/\">Salpeter im Keller Jesteburg<\/a>, <a href=\"https:\/\/bautenschutz-keul.de\/angebote\/feuchtigkeitsschaden-glinde-sachsenwald\/\">Feuchtigkeitsschaden Glinde Sachsenwald<\/a>, <a href=\"https:\/\/bautenschutz-keul.de\/angebote\/feuchter-keller-bergedorf-wentorf\/\">Feuchter Keller Bergedorf Wentorf<\/a>, <a href=\"https:\/\/bautenschutz-keul.de\/angebote\/schimmelbeseitigung-harburg\/\">Schimmelbeseitigung Harburg<\/a>, <a href=\"https:\/\/bautenschutz-keul.de\/angebote\/feuchte-mauer-bispingen\/\">Feuchte Mauer Bispingen<\/a>, <a href=\"https:\/\/bautenschutz-keul.de\/angebote\/mauertrockenlegung-glinde-sachsenwald\/\">Mauertrockenlegung Glinde Sachsenwald<\/a>, <a href=\"https:\/\/bautenschutz-keul.de\/angebote\/schimmelbeseitigung-adendorf\/\">Schimmelbeseitigung Adendorf<\/a>, <a href=\"https:\/\/bautenschutz-keul.de\/angebote\/schimmel-adendorf\/\">Schimmel Adendorf<\/a>, <a href=\"https:\/\/bautenschutz-keul.de\/angebote\/kellersanierung-bergedorf-wentorf\/\">Kellersanierung Bergedorf Wentorf<\/a>, <a href=\"https:\/\/bautenschutz-keul.de\/angebote\/feuchte-mauer-bad-bevensen\/\">Feuchte Mauer Bad Bevensen<\/a>, <a href=\"https:\/\/bautenschutz-keul.de\/angebote\/feuchte-mauer-buechen\/\">Feuchte Mauer B\u00fcchen<\/a>, <a href=\"https:\/\/bautenschutz-keul.de\/angebote\/salpeter-im-keller-bienenbuettel\/\">Salpeter im Keller Bienenb\u00fcttel<\/a>, <a href=\"https:\/\/bautenschutz-keul.de\/angebote\/feuchter-keller-tostedt-sittensen\/\">Feuchter Keller Tostedt Sittensen<\/a>, <a href=\"https:\/\/bautenschutz-keul.de\/angebote\/schimmel-geesthacht\/\">Schimmel Geesthacht<\/a>, <a href=\"https:\/\/bautenschutz-keul.de\/angebote\/bauwerksabdichtung-reinbek-aumuehle\/\">Bauwerksabdichtung Reinbek Aum\u00fchle<\/a>, <a href=\"https:\/\/bautenschutz-keul.de\/angebote\/feuchtigkeitsschaden-harburg\/\">Feuchtigkeitsschaden Harburg<\/a>, <a href=\"https:\/\/bautenschutz-keul.de\/angebote\/aussenabdichtung-bispingen\/\">Au\u00dfenabdichtung Bispingen<\/a>, <a href=\"https:\/\/bautenschutz-keul.de\/angebote\/kellersanierung-glinde-sachsenwald\/\">Kellersanierung Glinde Sachsenwald<\/a>, <a href=\"https:\/\/bautenschutz-keul.de\/angebote\/zerstoerter-putz-uelzen\/\">zerst\u00f6rter Putz Uelzen<\/a>, <a href=\"https:\/\/bautenschutz-keul.de\/angebote\/kellerabdichtung-bad-bevensen\/\">Kellerabdichtung Bad Bevensen<\/a>, <a href=\"https:\/\/bautenschutz-keul.de\/angebote\/rissverpressung-brietlingen\/\">Rissverpressung Brietlingen<\/a>, <a href=\"https:\/\/bautenschutz-keul.de\/angebote\/schimmel-ebstorf\/\">Schimmel Ebstorf<\/a>, <a href=\"https:\/\/bautenschutz-keul.de\/angebote\/innenabdichtung-hanstedt\/\">Innenabdichtung Hanstedt<\/a>, <a href=\"https:\/\/bautenschutz-keul.de\/angebote\/salpeter-im-keller-harburg\/\">Salpeter im Keller Harburg<\/a>, <a href=\"https:\/\/bautenschutz-keul.de\/angebote\/aufsteigende-feuchtigkeit-schwarzenbek\/\">aufsteigende Feuchtigkeit Schwarzenbek<\/a>, <a href=\"https:\/\/bautenschutz-keul.de\/angebote\/schimmel-bergedorf-wentorf\/\">Schimmel Bergedorf Wentorf<\/a>, <a href=\"https:\/\/bautenschutz-keul.de\/angebote\/kellertrockenlegung-buchholz-in-der-nordheide\/\">Kellertrockenlegung Buchholz in der Nordheide<\/a>, <a href=\"https:\/\/bautenschutz-keul.de\/angebote\/kellerabdichtung-amt-neuhaus\/\">Kellerabdichtung Amt Neuhaus<\/a>, <a href=\"https:\/\/bautenschutz-keul.de\/angebote\/kellerabdichtung-buechen\/\">Kellerabdichtung B\u00fcchen<\/a>"},"_links":{"self":[{"href":"https:\/\/bautenschutz-keul.de\/angebote\/wp-json\/wp\/v2\/pages\/202","targetHints":{"allow":["GET"]}}],"collection":[{"href":"https:\/\/bautenschutz-keul.de\/angebote\/wp-json\/wp\/v2\/pages"}],"about":[{"href":"https:\/\/bautenschutz-keul.de\/angebote\/wp-json\/wp\/v2\/types\/page"}],"author":[{"embeddable":true,"href":"https:\/\/bautenschutz-keul.de\/angebote\/wp-json\/wp\/v2\/users\/1"}],"replies":[{"embeddable":true,"href":"https:\/\/bautenschutz-keul.de\/angebote\/wp-json\/wp\/v2\/comments?post=202"}],"version-history":[{"count":0,"href":"https:\/\/bautenschutz-keul.de\/angebote\/wp-json\/wp\/v2\/pages\/202\/revisions"}],"wp:attachment":[{"href":"https:\/\/bautenschutz-keul.de\/angebote\/wp-json\/wp\/v2\/media?parent=202"}],"curies":[{"name":"wp","href":"https:\/\/api.w.org\/{rel}","templated":true}]}}