{"id":203,"date":"2021-09-13T08:43:43","date_gmt":"2021-09-13T06:43:43","guid":{"rendered":"https:\/\/bautenschutz-keul.de\/angebote\/feuchte-wand-seevetal-rosengarten\/"},"modified":"2021-09-13T08:43:43","modified_gmt":"2021-09-13T06:43:43","slug":"feuchte-wand-seevetal-rosengarten","status":"publish","type":"page","link":"https:\/\/bautenschutz-keul.de\/angebote\/feuchte-wand-seevetal-rosengarten\/","title":{"rendered":"Feuchte Wand &#8211; Seevetal Rosengarten"},"content":{"rendered":"<h3>Feuchte Wand: Unsere Fachleute beheben den Schaden!<\/h3>\n<p>Eine feuchte Wand k\u00f6nnte zu einem ernsthaften Thema werden.<br \/>\nEigent\u00fcmer sind oft gut beraten, sich ausf\u00fchrlich \u00fcber M\u00f6glichkeiten der Trocknung und Sanierung zu informieren, wenn sie feuchte Stellen in ihren Kellerr\u00e4umen lokalisiert haben. Fr\u00fchzeitig gefunden, muss eine feuchte Wand nicht zwingend aufw\u00e4ndige und langwierige Instandsetzungsarbeiten nach sich ziehen. <\/p>\n<p>Eine feuchte Wand kann mithin ungute Auswirkungen auf Wohlbefinden und Gesundheit der Geb\u00e4udebewohner haben.  Schimmelbildung und Sporen sind nicht selten die Ursache f\u00fcr gesundheitliche Beeintr\u00e4chtigungen. Ein Anlass mehr, der feuchten Wand zu Leibe zu gehen. Eine feuchte Wand ist eine Aufgabe f\u00fcr den Experten. Nur ein perfekt geschulter Fachmann kennt die passenden Methoden, wie eine feuchte Wand schnell und effektiv repariert werden kann.<\/p>\n<h3>Feuchte Wand: Wir helfen schnell und kompetent!<\/h3>\n<p>Bevor die Ma\u00dfnahmen starten, sollte sich der Spezialist eine Meinung von den Ursachen f\u00fcr den Feuchtigkeitsschaden machen. Ohne die eindeutige Untersuchung, l\u00e4sst sich eine feuchte Wand nicht wirklich effektiv instandsetzen. Die Ursache gibt letzendlich das Verfahren vor. Denkbare Ursachen gibt es einige. Regelm\u00e4\u00dfig liegt der Grund f\u00fcr eine feuchte Wand in einer  nur ungen\u00fcgenden Bel\u00fcftung. Auch tropfende Rohre k\u00f6nnen die Ursache f\u00fcr eine feuchte Wand sein. Derartige Ursachen sind normalerweise ruck zuck in Ordnung gebracht. Sehr viel schwieriger wird es, falls diagnostiziert wird, dass die N\u00e4sse von au\u00dfen in den Keller eindringt.  Ein h\u00f6herer Wasserpegel f\u00fchrt beispielsweise dazu, dass N\u00e4sse in die Mauer eindringt. Selbst Geb\u00e4ude mit Hanglage sind bedroht f\u00fcr eindringende N\u00e4sse. In solchen F\u00e4llen kann es durchaus sein, dass m\u00e4chtigere Gesch\u00fctze f\u00fcr eine wirksame Renovierung ergriffen werden m\u00fcssen. Doch auch in diesem Fall ist eine feuchte Wand kein definitives \u00dcbel.<\/p>\n","protected":false},"excerpt":{"rendered":"<p>Feuchte Wand: Unsere Fachleute beheben den Schaden! Eine feuchte Wand k\u00f6nnte zu einem ernsthaften Thema werden. Eigent\u00fcmer sind oft gut beraten, sich ausf\u00fchrlich \u00fcber M\u00f6glichkeiten der Trocknung und Sanierung zu informieren, wenn sie feuchte Stellen in ihren Kellerr\u00e4umen lokalisiert haben. Fr\u00fchzeitig gefunden, muss eine feuchte Wand nicht zwingend aufw\u00e4ndige und langwierige Instandsetzungsarbeiten nach sich ziehen. [&hellip;]<\/p>\n","protected":false},"author":1,"featured_media":0,"parent":0,"menu_order":0,"comment_status":"closed","ping_status":"closed","template":"","meta":{"footnotes":""},"class_list":["post-203","page","type-page","status-publish","hentry"],"meta_box":{"popseo_subtitel":"Feuchte Wand: Wir sind Ihr erfahrener Experte in Seevetal Rosengarten","popseo_subtitel2":"Feuchte Wand - Sanierung durch den Fachbetrieb!","popseo_lasttitel":"Feuchte Wand: Gerne beantworten wir Ihre Fragen!","popseo_region":"Seevetal Rosengarten","popseo_sachwort":"Feuchte Wand","popseo_noupdate":"","popseo_einleitungstext":"<p>Wenn es um Geb\u00e4udeabdichtung geht, sind Sie bei der Firma TK-Geb\u00e4udetechnik exakt an der richtigen Adresse. Seit Unternehmensgr\u00fcndung sind wir Ihre lokalen Spezialisten f\u00fcr die Kellerabdichtung, das Setzen von Horizontalsperren und ganz allgemein f\u00fcr wirkungsvolle Methoden gegen aufsteigende Feuchtigkeit. Wir beurteilen den Ist-Zustand von Mauern und W\u00e4nden und zeigen Ihnen M\u00f6glichkeiten auf, wie Sie die Bausubstanz Ihres Wohn- oder Gesch\u00e4ftsgeb\u00e4udes dauerhaft sch\u00fctzen k\u00f6nnen. Nachfolgend haben wir einige erste Informationen f\u00fcr Sie notiert.<\/p>","popseo_schlusstext":"<p>Sehr gerne informieren wir Sie n\u00e4her \u00fcber unser T\u00e4tigkeitsspektrum. Wir zeigen Ihnen mit Vergn\u00fcgen auch einige Referenzprojekte, die Ihnen einen Einblick in unsere Arbeit geben.<br \/>\nVertrauen Sie auf das Urteil eines erfahrenen Sannierungsfachbetriebes. Rufen Sie uns doch rasch einmal an oder schreiben Sie uns eine kurze E-Mail. Wir freuen uns auf Sie.<\/p>","popseo_stadttext":"<h3>Wohn- und Gewerbestandorte Rosengarten und Seevetal<\/h2>\n<p>Unser Gesch\u00e4ftsbereich umfasst auch Seevetal und Rosengarten. Durch unsere Gesch\u00e4ftst\u00e4tigkeit haben wir uns einen guten \u00dcberblick \u00fcber die Architektur der St\u00e4dte und Gemeinden unseres Vertriebsgebietes machen k\u00f6nnen. Wir f\u00fchlen uns der Region verpflichtet und sind stolz darauf, einen Anteil zur gesunden Infrastruktur der Gemeinden beizusteuern zu k\u00f6nnen.  <\/p>\n<h3>Wissenswertes \u00fcber Seevetal und Rosengarten<\/h3>\n<p>Die Gemeinde Seevetal liegt im S\u00fcden von Hamburg im nieders\u00e4chsischen Kreis Harburg. 1972 schlossen sich in Summe 19 zuvor autonome Gemeinden zur Gesamtgemeinde Seevetal zusammen. Durch die Fusion gilt Seevetal mit \u00fcber 42.000 Einwohnern als die gr\u00f6\u00dfte Gemeinde der Bundesrepublik Deutschland. Trotz der noch kurzen Geschichte, blicken einige der ehedem selbstst\u00e4ndigen Gemeindeteile auf eine sehr lange Tradition zur\u00fcck. Die Ortschronik von Seevetal berichtet davon, dass der Gemeindeteil Ramelsloh bereits anno 845 zum ersten Mal urkundlich genannt wurde. Die positive Bev\u00f6lkerungsentwicklung der Gemeinde Seevetal erkl\u00e4rt sich nicht zuletzt durch die verkehrstechnisch gute Lage. Die N\u00e4he zur Metropole Hamburg macht Seevetal f\u00fcr Pendler attraktiv. Das Arbeiten in der Gro\u00dfstadt und das Leben im eher l\u00e4ndlich wirkenden Bereich, gehen in Seevetal eine gewinnbringende Verbindung ein. <\/p>\n<h4>Seevetal und Rosengarten \u2013 Lebensmittelpunkt f\u00fcr junge Familien<\/h4>\n<p>Der Gewerbestandort Seevetal ist f\u00fcr zahlreiche Betrieben von au\u00dferordentlicher Anziehungskraft. Seevetal liegt in der Mitte von f\u00fcnf Schnellstra\u00dfen. Die verkehrstechnisch gute Lage gew\u00e4hrleistet sowohl eine sehr gute Erreichbarkeit als auch einen schnellen G\u00fcterverkehr. Wirtschaftsf\u00f6rderung wird in Seevetal gro\u00df geschrieben. Die Gemeinde f\u00f6rdert proaktiv und unkompliziert die Gewerbeansiedlung. Seevetal ist Mitglied im Hamburger Verkehrsverbund (HVV). Mit der Eisenbahn erreicht man den Ortsteil Hittfeld mit dem Metronom \u00fcber die Bahnverbindung HH-Harburg-Buchholz-Tostedt. Die zu Seevetal z\u00e4hlenden Ortsteile Meckelfeld und Maschen sind an die Schienenverbindung HH-Harburg-Winsen-L\u00fcneburg angeschlossen.  <\/p>\n<p>Die Gemeinde Seevetal zeichnet sich durch einen hohen Wohnwert aus. Eine exellente Infrastruktur macht das Leben in Seevetal besonders f\u00fcr junge Familien attraktiv. Durch die gesunde und auf Wachstum ausgerichte Wirtschaft in Seevetal wird von den Gemeindeverantwortlichen auch ein besonderes Augenmerk auf die Attraktivit\u00e4t des Wohnortes Seevetal gelegt. In den 19 Einzelgemeinden von Seevetal findet man ausreichend Baugrund f\u00fcr private Bauherren.<\/p>\n<p>\u00c4hnlich anziehend zeigt sich Rosengarten. Die Gemeinde liegt etwa rund 15 Kilometer von Seevetal entfernt. Knapp 13.000 Menschen sind registriert in dem ruhigen Ort, der sich \u00fcber eine Fl\u00e4che von in etwa 63 qkm erstreckt. Rosengarten grenzt an die Hamburger Stadtteile Hausbruch, Heimfeld und Marmstorf. Das vorrangig ruhige Leben auf dem Lande verkn\u00fcpft sich in Rosengarten auf perfekte Weise mit den Vorteilen der nahen Gro\u00dfstadt. Rosengarten und Seevetal verf\u00fcgen \u00fcber zahlreiche idyllische Wohnquartiere, die vor allem von einer typischen Einzelhausbebauung bestimmt sind. <\/p>\n<h4>Unsere Leistung f\u00fcr qualit\u00e4tsbewusste Kunden aus Seevetal und Rosengarten<\/h4>\n<p>Sie leben in Seevetal oder Rosengarten und interessieren sich f\u00fcr unser Leistungsangebot. Prima, dass Sie diese Website gefunden haben. F\u00fcr R\u00fcckfragen sind wir jederzeit f\u00fcr Sie da. Auf Ihre Anfragen freuen wir uns.<\/p>","popseo_zusatztext":"<h3>Sanieren: Wir versprechen Ihnen eine erstklassige Arbeit!<\/h3>\n<p>Sie planen eine Wand, einen Keller oder sogar ein komplettes Geb\u00e4ude zu sanieren? Super, denn da sind Sie bei uns exakt an der korrekten Stelle. Wir sind Ihr erfahrener Partner f\u00fcr s\u00e4mtliche Fragen rund um das Sanieren von Geb\u00e4uden.  Ob durchn\u00e4sste Keller, nasse Mauern oder die Sanierung ausgedehnter Feuchtesch\u00e4den: Als spezialisierter Fachbetrieb z\u00e4hlt das Sanieren zu unseren allt\u00e4glichen T\u00e4tigkeitsschwerpunkten. Wir gehen dem Schadensfall gewissenhaft auf den Grund. Vor der konkreten Sanierung muss selbstverst\u00e4ndlich die Ursachenfindung stehen. Nur wenn man den wirklichen Grund f\u00fcr einen aufgetretenen Schadensfall kennt, kann man selbstverst\u00e4ndlich erst mit dem Sanieren beginnen. Auch erkennt man erst nach einer genauen Analyse den Umfang, den das Sanieren eines Hauses in Anspruch nehmen wird.<\/p>\n<p>Vereinbaren Sie doch gleich einmal einen unverbindlichen Gespr\u00e4chstermin mit einem unserer sehr gut ausgebildeten Mitarbeiter. Anruf oder e-Mail reichen! Im Rahmen einer Begutachtung direkt am Objekt nehmen wir die M\u00e4ngel auf und machen Vorschl\u00e4ge f\u00fcr das passende Sanieren. So viel wie erforderlich, so wenig wie m\u00f6glich: Auch wirtschaftliche Gesichtspunkte flie\u00dfen in unsere Entscheidungsfindung f\u00fcr das Sanieren Ihres Hauses mit ein. <\/p>\n<h4>Sanieren: Schnelle Hilfe durch den Fachbetrieb!<\/h4>\n<p>Selbstverst\u00e4ndlich f\u00fchren unsere geschulten Fachkr\u00e4fte alle notwendigen T\u00e4tigkeiten, die zum Sanieren geh\u00f6ren in kurzer Zeit und verl\u00e4\u00dflich aus. Unser Unternehmen ist seit mehreren Jahren f\u00fcr eine hohe Kompetenz beim Sanieren bekannt. Der Instandsetzung von Wohn- und Gesch\u00e4ftsgeb\u00e4uden haben wir uns verschrieben. Setzen Sie auf Erfahrung und \u00fcbertragen Sie das Sanieren Ihres Hauses unserem Unternehmen. Wir freuen uns darauf, auch Ihnen helfen zu k\u00f6nnen.<\/p>","popseo_links":"<a href=\"https:\/\/bautenschutz-keul.de\/angebote\/feuchtigkeit-reppenstedt\/\">Feuchtigkeit Reppenstedt<\/a>, <a href=\"https:\/\/bautenschutz-keul.de\/angebote\/feuchte-mauer-reppenstedt\/\">Feuchte Mauer Reppenstedt<\/a>, <a href=\"https:\/\/bautenschutz-keul.de\/angebote\/aufsteigende-feuchtigkeit-herzogtum-lauenburg\/\">aufsteigende Feuchtigkeit Herzogtum Lauenburg<\/a>, <a href=\"https:\/\/bautenschutz-keul.de\/angebote\/feuchtigkeit-herzogtum-lauenburg\/\">Feuchtigkeit Herzogtum Lauenburg<\/a>, <a href=\"https:\/\/bautenschutz-keul.de\/angebote\/feuchte-wand-jesteburg\/\">Feuchte Wand Jesteburg<\/a>, <a href=\"https:\/\/bautenschutz-keul.de\/angebote\/feuchte-mauer-glinde-sachsenwald\/\">Feuchte Mauer Glinde Sachsenwald<\/a>, <a href=\"https:\/\/bautenschutz-keul.de\/angebote\/feuchtigkeitsschaden-tostedt-sittensen\/\">Feuchtigkeitsschaden Tostedt Sittensen<\/a>, <a href=\"https:\/\/bautenschutz-keul.de\/angebote\/innenabdichtung-bispingen\/\">Innenabdichtung Bispingen<\/a>, <a href=\"https:\/\/bautenschutz-keul.de\/angebote\/bauwerksabdichtung-reinbek-aumuehle\/\">Bauwerksabdichtung Reinbek Aum\u00fchle<\/a>, <a href=\"https:\/\/bautenschutz-keul.de\/angebote\/horizontalsperre-schwarzenbek\/\">Horizontalsperre Schwarzenbek<\/a>, <a href=\"https:\/\/bautenschutz-keul.de\/angebote\/feuchtigkeit-ebstorf\/\">Feuchtigkeit Ebstorf<\/a>, <a href=\"https:\/\/bautenschutz-keul.de\/angebote\/mauertrockenlegung-hanstedt\/\">Mauertrockenlegung Hanstedt<\/a>, <a href=\"https:\/\/bautenschutz-keul.de\/angebote\/feuchtigkeitsschaden-schwarzenbek\/\">Feuchtigkeitsschaden Schwarzenbek<\/a>, <a href=\"https:\/\/bautenschutz-keul.de\/angebote\/rissverpressung-buechen\/\">Rissverpressung B\u00fcchen<\/a>, <a href=\"https:\/\/bautenschutz-keul.de\/angebote\/feuchter-keller-bergedorf-wentorf\/\">Feuchter Keller Bergedorf Wentorf<\/a>, <a href=\"https:\/\/bautenschutz-keul.de\/angebote\/feuchte-wand-bienenbuettel\/\">Feuchte Wand Bienenb\u00fcttel<\/a>, <a href=\"https:\/\/bautenschutz-keul.de\/angebote\/kellersanierung-bardowick\/\">Kellersanierung Bardowick<\/a>, <a href=\"https:\/\/bautenschutz-keul.de\/angebote\/feuchtigkeit-bardowick\/\">Feuchtigkeit Bardowick<\/a>, <a href=\"https:\/\/bautenschutz-keul.de\/angebote\/kellersanierung-bad-bevensen\/\">Kellersanierung Bad Bevensen<\/a>, <a href=\"https:\/\/bautenschutz-keul.de\/angebote\/horizontalsperre-uelzen\/\">Horizontalsperre Uelzen<\/a>, <a href=\"https:\/\/bautenschutz-keul.de\/angebote\/horizontalsperre-bergedorf-wentorf\/\">Horizontalsperre Bergedorf Wentorf<\/a>, <a href=\"https:\/\/bautenschutz-keul.de\/angebote\/mauertrockenlegung-reppenstedt\/\">Mauertrockenlegung Reppenstedt<\/a>, <a href=\"https:\/\/bautenschutz-keul.de\/angebote\/zerstoerter-putz-herzogtum-lauenburg\/\">zerst\u00f6rter Putz Herzogtum Lauenburg<\/a>, <a href=\"https:\/\/bautenschutz-keul.de\/angebote\/salpeter-im-keller-tostedt-sittensen\/\">Salpeter im Keller Tostedt Sittensen<\/a>, <a href=\"https:\/\/bautenschutz-keul.de\/angebote\/kellertrockenlegung-adendorf\/\">Kellertrockenlegung Adendorf<\/a>, <a href=\"https:\/\/bautenschutz-keul.de\/angebote\/schimmelsanierung-maschen\/\">Schimmelsanierung Maschen<\/a>, <a href=\"https:\/\/bautenschutz-keul.de\/angebote\/bauwerksabdichtung-stelle\/\">Bauwerksabdichtung Stelle<\/a>, <a href=\"https:\/\/bautenschutz-keul.de\/angebote\/kellerabdichtung-seevetal-rosengarten\/\">Kellerabdichtung Seevetal Rosengarten<\/a>, <a href=\"https:\/\/bautenschutz-keul.de\/angebote\/schimmel-schwarzenbek\/\">Schimmel Schwarzenbek<\/a>, <a href=\"https:\/\/bautenschutz-keul.de\/angebote\/bauwerksabdichtung-hanstedt\/\">Bauwerksabdichtung Hanstedt<\/a>"},"_links":{"self":[{"href":"https:\/\/bautenschutz-keul.de\/angebote\/wp-json\/wp\/v2\/pages\/203","targetHints":{"allow":["GET"]}}],"collection":[{"href":"https:\/\/bautenschutz-keul.de\/angebote\/wp-json\/wp\/v2\/pages"}],"about":[{"href":"https:\/\/bautenschutz-keul.de\/angebote\/wp-json\/wp\/v2\/types\/page"}],"author":[{"embeddable":true,"href":"https:\/\/bautenschutz-keul.de\/angebote\/wp-json\/wp\/v2\/users\/1"}],"replies":[{"embeddable":true,"href":"https:\/\/bautenschutz-keul.de\/angebote\/wp-json\/wp\/v2\/comments?post=203"}],"version-history":[{"count":0,"href":"https:\/\/bautenschutz-keul.de\/angebote\/wp-json\/wp\/v2\/pages\/203\/revisions"}],"wp:attachment":[{"href":"https:\/\/bautenschutz-keul.de\/angebote\/wp-json\/wp\/v2\/media?parent=203"}],"curies":[{"name":"wp","href":"https:\/\/api.w.org\/{rel}","templated":true}]}}