{"id":206,"date":"2021-09-13T08:43:43","date_gmt":"2021-09-13T06:43:43","guid":{"rendered":"https:\/\/bautenschutz-keul.de\/angebote\/feuchte-wand-uelzen\/"},"modified":"2021-09-13T08:43:43","modified_gmt":"2021-09-13T06:43:43","slug":"feuchte-wand-uelzen","status":"publish","type":"page","link":"https:\/\/bautenschutz-keul.de\/angebote\/feuchte-wand-uelzen\/","title":{"rendered":"Feuchte Wand &#8211; Uelzen"},"content":{"rendered":"<h3>Feuchte Wand: Fragen Sie den Sanierungsprofi!<\/h3>\n<p>Eine feuchte Wand k\u00f6nnte zu einem gravierenden Thema werden.<br \/>\nEigent\u00fcmer sind diesbez\u00fcglich gut beraten, sich n\u00e4her \u00fcber M\u00f6glichkeiten der Trocknung und Sanierung zu erkundigen, wenn sie durchn\u00e4sste Stellen in ihren R\u00e4umen aufgesp\u00fcrt haben. Rechtzeitig registriert, braucht eine feuchte Wand nicht unbedingt umfangreiche und langwierige Instandsetzungsarbeiten hervorrufen. <\/p>\n<p>Eine feuchte Wand kann auf jeden Fall negative Effekte auf Wohlbefinden und Gesundheit der Hausbewohner haben.  Schimmel und Sporenablagerungen sind h\u00e4ufig die Erkl\u00e4rung f\u00fcr gesundheitliche Beeintr\u00e4chtigungen. Ein Anlass zus\u00e4tzlich, der feuchten Wand zu Leibe zu r\u00fccken. Eine feuchte Wand ist eine Aufgabe f\u00fcr den Fachmann. Nur ein sehr gut geschulter Spezialist beherrscht die geeigneten Verfahren, wie eine feuchte Wand unverz\u00fcglich und effektiv repariert werden kann.<\/p>\n<h3>Feuchte Wand: Unsere Mitarbeiter stehen f\u00fcr Sie bereit!<\/h3>\n<p>Bevor die Ma\u00dfnahmen starten, sollte sich der Fachmann ein Bild von den Ursachen f\u00fcr den Schaden machen. Ohne die gezielte Untersuchung, l\u00e4sst sich eine feuchte Wand nicht wirklich anhaltend instandsetzen. Der Grund gibt quasi die Richtung vor. Mutma\u00dfliche Gr\u00fcnde gibt es zahlreiche. Oft liegt die Ursache f\u00fcr eine feuchte Wand in einer nur mangelhaften Bel\u00fcftung. Auch defekte Abflussleitungen m\u00f6gen die Ursache f\u00fcr eine feuchte Wand sein. Diese Gr\u00fcnde sind normalerweise umgehend behoben. Ungemein schwieriger wird es, sobald festgestellt wird, dass die Feuchtigkeit von au\u00dfen in den Keller eindringt.  Ein gestiegener Grundwasserspiegel f\u00fchrt n\u00e4mlich dazu, dass Feuchtigkeit in die Mauer eindringt. Selbst Bauwerke mit Hanglage sind bedroht f\u00fcr durchdringende N\u00e4sse. Hier kann es schon mal sein, dass st\u00e4rkere Gesch\u00fctze f\u00fcr eine nachhaltige Sanierung aufgefahren werden m\u00fcssen. Jedoch auch dann ist eine feuchte Wand kein definitives Schicksal.<\/p>\n","protected":false},"excerpt":{"rendered":"<p>Feuchte Wand: Fragen Sie den Sanierungsprofi! Eine feuchte Wand k\u00f6nnte zu einem gravierenden Thema werden. Eigent\u00fcmer sind diesbez\u00fcglich gut beraten, sich n\u00e4her \u00fcber M\u00f6glichkeiten der Trocknung und Sanierung zu erkundigen, wenn sie durchn\u00e4sste Stellen in ihren R\u00e4umen aufgesp\u00fcrt haben. Rechtzeitig registriert, braucht eine feuchte Wand nicht unbedingt umfangreiche und langwierige Instandsetzungsarbeiten hervorrufen. Eine feuchte Wand [&hellip;]<\/p>\n","protected":false},"author":1,"featured_media":0,"parent":0,"menu_order":0,"comment_status":"closed","ping_status":"closed","template":"","meta":{"footnotes":""},"class_list":["post-206","page","type-page","status-publish","hentry"],"meta_box":{"popseo_subtitel":"Feuchte Wand: Wir sind Ihr Fachbetrieb im Raum Uelzen","popseo_subtitel2":"Feuchte Wand - wir beraten Sie zum Thema Sanierung!","popseo_lasttitel":"Feuchte Wand: Gerne beantworten wir Ihre Fragen!","popseo_region":"Uelzen","popseo_sachwort":"Feuchte Wand","popseo_noupdate":"","popseo_einleitungstext":"<p>W\u00e4nde, Kellerr\u00e4ume oder Mauern Ihres Wohn- oder Gesch\u00e4ftsgeb\u00e4udes weisen Durchfeuchtungen und damit einen nicht zu \u00fcbersehenden Sanierungsbedarf auf. Dann ist die Zeit gekommen, sich \u00fcber eine qualifiziert ausgef\u00fchrte Trocknung Gedanken zu machen. Unser Fachbetrieb ist auf die Bauwerksabdichtung spezialisiert. Zu den Schwerpunkten unserer Firma geh\u00f6ren zum Beispiel die Bereiche Kellerabdichtung, Mauertrockenlegung und Schimmelbeseitigung. Der nachhaltigen Sanierung gilt unsere Aufmersamkeit. Wir beraten qualifiziert, wie Sie Ihr Geb\u00e4ude umweltgerecht und preisg\u00fcnstig sanieren k\u00f6nnen. Ein paar erste Informationen hierzu lesen Sie nachfolgend auf diesen Seiten.<\/p>","popseo_schlusstext":"<p>Gerne informieren wir Sie n\u00e4her \u00fcber unser Aufgabengebiet. Wir pr\u00e4sentieren Ihnen mit Vergn\u00fcgen auch einige Projekte, die Ihnen einen Einblick in unsere Arbeit geben.<br \/>\nSetzen Sie auf die Expertise eines erfahrenen Fachbetriebes. Rufen Sie uns doch einfach einmal an oder schreiben Sie uns eine kurze E-Mail. Wir freuen uns auf den Kontakt zu Ihnen.<\/p>","popseo_stadttext":"<h3>Unsere Leistung auch in Uelzen<\/h3>\n<p>Durch unsere Gesch\u00e4ftst\u00e4tigkeit haben wir uns einen ausgezeichneten \u00dcberblick \u00fcber die Stadtarchitektur der Gemeinden und St\u00e4dte unseres Einzugsbereiches machen k\u00f6nnen. Selbstverst\u00e4ndlich geh\u00f6rt auch Uelzen zu unserem unmittelbaren Wirkungskreis. Wir freuen uns darauf, mit Ihnen in Kontakt zu treten. <\/p>\n<h3>Einige Informationen zur Stadt Uelzen<\/h3>\n<p>Uelzen ist die Kreisstadt des nieders\u00e4chsischen Landkreises Uelzen. Addiert leben 33.000 B\u00fcrger in der zur Metropolregion Hamburg geh\u00f6renden Stadt. Das Stadtgebiet umfasst eine Gesamtfl\u00e4che von gut 135 km\u00b2. St\u00e4dte in der n\u00e4heren Umgebung sind unter anderem Bad Berversen, Rosche und Ebstorf. Geographisch befindet sich Uelzen am am s\u00fcdlichen Ende der L\u00fcneburger Heide. Die Stadt ist zwischen weitl\u00e4ufigen Naturparks wunderbar gelegen. Neben der L\u00fcneburger Heide ist auch der Naturpark Elbufer-Drawehn sowie der Naturpark Nieders\u00e4chsische Elbtalaue von Uelzen aus schnell zu erreichen. Uelzen selbst liegt an der Ilmenau. Uelzen besitzt zahlreiche nett gelegene Wohnquartiere. Die Stadt ist ein attraktiver Ort zum Leben und Arbeiten. Wer das eher entspannte Leben in einer kleineren Stadt bevorzugt, gleichzeitig aber nicht auf die Vorz\u00fcge der Gro\u00dfstadt verzichten will, ist in Uelzen exakt richtig. <\/p>\n<h3>Uelzen hat Charme!<\/h3>\n<p>Die Stadt Uelzen teilt sich auf in insgesamt 18 Gemeindeteile. Die Architektur von Uelzen wird dominiert von zahllosen Fachwerkbauten, die der Stadt einen durchaus als m\u00e4rchenhaft zu bezeichnenden Charme verleihen. Auch historische H\u00e4user im Baustil der Backsteingotik pr\u00e4gen das Stadtbild von Uelzen. Das Wahrzeichen der Stadt ist das sogenannte \"Goldene Schiff\". Die Plastik befindet sich an der St. Marien-Kirche zu Uelzen. Sch\u00e4tzungsweise stammt die Skulptur aus der Zeit der Hanse. F\u00fcr Kunstfreunde ist Uelzen so etwas \u00e4hnliches wie eine Pilgerst\u00e4tte. Der Jahrhundertk\u00fcnstler Friedensreich Hundertwasser kreierte unmittelbar vor seinem Tod im Jahre 2000 den st\u00e4dtischen Bahnhof. Das extravagante Bauwerk tr\u00e4gt den Namen Hundertwasserbahnhof Uelzen.<\/p>\n<p>Das Wirtschaftsleben von Uelzen ist mittelst\u00e4ndisch orientiert. Schwerpunkte sind der Lebensmittelsektor sowie Firmen aus dem Dienstleistungsgewerbe. Die Wirtschaftsf\u00f6rderung der Stadt Uelzen muss als vorbildhaft benannt werden. Um den Zuzug zus\u00e4tzlicher Betriebe bem\u00fchen sich sich die Verantwortlichen im Rathaus erkennbar. Die gr\u00f6\u00dften Arbeitgeber in Uelzen sind die Nordzucker AG und die Uelzena AG. Der Konzern Nestl\u00e9 Schoeller betreibt in Uelzen ein Werk mit cirka 500 Arbeitnehmern. <\/p>\n<h4>Hohe Qualit\u00e4t f\u00fcr Kunden aus Uelzen<\/h4>\n<p>Sie wohnen in Uelzen und interessieren sich f\u00fcr unser Angebot. Klasse, dass Sie uns hier auf dieser Website entdeckt haben. F\u00fcr R\u00fcckfragen stehen wir Ihnen jederzeit zur Verf\u00fcgung. Unser engagiertes Team freut sich auf Sie.<\/p>","popseo_zusatztext":"<h3>Sanieren: Auf die Wirksamkeit k\u00f6nnen Sie sich verlassen<\/h3>\n<p>Sie beabsichtigen eine Mauer, einen Keller oder sogar ein gesamtes Haus zu sanieren? Gut, denn da sind Sie bei uns genau an der passenden Adresse. Wir sind Ihr kompetenter Partner f\u00fcr alle Fragen rund um das Sanieren von H\u00e4usern.  Ob durchn\u00e4sste Keller, nasse Mauern oder die Sanierung ausgedehnter N\u00e4ssesch\u00e4den: Als spezialisierter Fachbetrieb z\u00e4hlt das Sanieren zu unseren allt\u00e4glichen T\u00e4tigkeiten. Wir gehen dem Schadensfall gewissenhaft auf den Grund. Vor der konkreten Sanierung muss nat\u00fcrlich die Ursachenforschung stehen. Erst wenn man den richtigen Grund f\u00fcr einen eingetretenen Schaden kennt, kann man sinnvollerweise mit dem Sanieren anfangen. Auch sieht man erst nach einer detaillierten Begutachtung das Ausma\u00df, den das Sanieren eines Hauses in Anspruch nehmen wird.<\/p>\n<p>Verabreden Sie doch gleich einmal einen unverbindlichen Gespr\u00e4chstermin mit einem unserer gut geschulten Fachkr\u00e4fte. Anruf oder Email reichen! Im Rahmen einer Begutachtung direkt am Objekt nehmen wir den Schaden auf und unterbreiten Vorschl\u00e4ge f\u00fcr das zweckm\u00e4\ufb02ige Sanieren. So viel wie erforderlich, so wenig wie m\u00f6glich: Auch wirtschaftliche \u00dcberlegungen flie\u00dfen in unsere Entscheidungsfindung f\u00fcr das Sanieren Ihres Geb\u00e4udes mit ein. <\/p>\n<h4>Sanieren \u2013 wir helfen schnell und unkompliziert!<\/h4>\n<p>Selbstverst\u00e4ndlich f\u00fchren unsere geschulten Fachkr\u00e4fte alle erforderlichen Arbeiten, die zum Sanieren geh\u00f6ren schnell und zuverl\u00e4ssig aus. Unser Betrieb ist seit vielen Jahren f\u00fcr eine hohe Fachkompetenz beim Sanieren bekannt. Der Instandsetzung von Wohn- und Gesch\u00e4ftsh\u00e4usern haben wir uns gewidmet. Vertrauen Sie auf Erfahrung und \u00fcbertragen Sie das Sanieren Ihres Geb\u00e4udes unserer Fachfirma. Wir freuen uns darauf, auch Ihnen helfen zu d\u00fcrfen.<\/p>","popseo_links":"<a href=\"https:\/\/bautenschutz-keul.de\/angebote\/feuchtigkeit-bienenbuettel\/\">Feuchtigkeit Bienenb\u00fcttel<\/a>, <a href=\"https:\/\/bautenschutz-keul.de\/angebote\/schimmelbeseitigung-boizenburg\/\">Schimmelbeseitigung Boizenburg<\/a>, <a href=\"https:\/\/bautenschutz-keul.de\/angebote\/schimmel-salzhausen\/\">Schimmel Salzhausen<\/a>, <a href=\"https:\/\/bautenschutz-keul.de\/angebote\/aussenabdichtung-buchholz-in-der-nordheide\/\">Au\u00dfenabdichtung Buchholz in der Nordheide<\/a>, <a href=\"https:\/\/bautenschutz-keul.de\/angebote\/feuchte-mauer-bad-bevensen\/\">Feuchte Mauer Bad Bevensen<\/a>, <a href=\"https:\/\/bautenschutz-keul.de\/angebote\/mauertrockenlegung-glinde-sachsenwald\/\">Mauertrockenlegung Glinde Sachsenwald<\/a>, <a href=\"https:\/\/bautenschutz-keul.de\/angebote\/kellertrockenlegung-boizenburg\/\">Kellertrockenlegung Boizenburg<\/a>, <a href=\"https:\/\/bautenschutz-keul.de\/angebote\/schimmelbeseitigung-ebstorf\/\">Schimmelbeseitigung Ebstorf<\/a>, <a href=\"https:\/\/bautenschutz-keul.de\/angebote\/feuchter-keller-bispingen\/\">Feuchter Keller Bispingen<\/a>, <a href=\"https:\/\/bautenschutz-keul.de\/angebote\/schimmelsanierung-bienenbuettel\/\">Schimmelsanierung Bienenb\u00fcttel<\/a>, <a href=\"https:\/\/bautenschutz-keul.de\/angebote\/innenabdichtung-bardowick\/\">Innenabdichtung Bardowick<\/a>, <a href=\"https:\/\/bautenschutz-keul.de\/angebote\/rissverpressung-uelzen\/\">Rissverpressung Uelzen<\/a>, <a href=\"https:\/\/bautenschutz-keul.de\/angebote\/schimmelsanierung-buechen\/\">Schimmelsanierung B\u00fcchen<\/a>, <a href=\"https:\/\/bautenschutz-keul.de\/angebote\/innenabdichtung-brietlingen\/\">Innenabdichtung Brietlingen<\/a>, <a href=\"https:\/\/bautenschutz-keul.de\/angebote\/feuchte-mauer-bispingen\/\">Feuchte Mauer Bispingen<\/a>, <a href=\"https:\/\/bautenschutz-keul.de\/angebote\/zerstoerter-putz-tostedt-sittensen\/\">zerst\u00f6rter Putz Tostedt Sittensen<\/a>, <a href=\"https:\/\/bautenschutz-keul.de\/angebote\/schimmel-reppenstedt\/\">Schimmel Reppenstedt<\/a>, <a href=\"https:\/\/bautenschutz-keul.de\/angebote\/feuchte-mauer-amt-neuhaus\/\">Feuchte Mauer Amt Neuhaus<\/a>, <a href=\"https:\/\/bautenschutz-keul.de\/angebote\/feuchtigkeit-lueneburg\/\">Feuchtigkeit L\u00fcneburg<\/a>, <a href=\"https:\/\/bautenschutz-keul.de\/angebote\/feuchte-wand-reppenstedt\/\">Feuchte Wand Reppenstedt<\/a>, <a href=\"https:\/\/bautenschutz-keul.de\/angebote\/feuchtigkeitsschaden-lueneburg\/\">Feuchtigkeitsschaden L\u00fcneburg<\/a>, <a href=\"https:\/\/bautenschutz-keul.de\/angebote\/schimmelsanierung-geesthacht\/\">Schimmelsanierung Geesthacht<\/a>, <a href=\"https:\/\/bautenschutz-keul.de\/angebote\/bauwerksabdichtung-buechen\/\">Bauwerksabdichtung B\u00fcchen<\/a>, <a href=\"https:\/\/bautenschutz-keul.de\/angebote\/schimmel-adendorf\/\">Schimmel Adendorf<\/a>, <a href=\"https:\/\/bautenschutz-keul.de\/angebote\/rissverpressung-stelle\/\">Rissverpressung Stelle<\/a>, <a href=\"https:\/\/bautenschutz-keul.de\/angebote\/innenabdichtung-glinde-sachsenwald\/\">Innenabdichtung Glinde Sachsenwald<\/a>, <a href=\"https:\/\/bautenschutz-keul.de\/angebote\/schimmelbeseitigung-stelle\/\">Schimmelbeseitigung Stelle<\/a>, <a href=\"https:\/\/bautenschutz-keul.de\/angebote\/feuchte-mauer-boizenburg\/\">Feuchte Mauer Boizenburg<\/a>, <a href=\"https:\/\/bautenschutz-keul.de\/angebote\/aufsteigende-feuchtigkeit-glinde-sachsenwald\/\">aufsteigende Feuchtigkeit Glinde Sachsenwald<\/a>, <a href=\"https:\/\/bautenschutz-keul.de\/angebote\/feuchtigkeit-adendorf\/\">Feuchtigkeit Adendorf<\/a>"},"_links":{"self":[{"href":"https:\/\/bautenschutz-keul.de\/angebote\/wp-json\/wp\/v2\/pages\/206","targetHints":{"allow":["GET"]}}],"collection":[{"href":"https:\/\/bautenschutz-keul.de\/angebote\/wp-json\/wp\/v2\/pages"}],"about":[{"href":"https:\/\/bautenschutz-keul.de\/angebote\/wp-json\/wp\/v2\/types\/page"}],"author":[{"embeddable":true,"href":"https:\/\/bautenschutz-keul.de\/angebote\/wp-json\/wp\/v2\/users\/1"}],"replies":[{"embeddable":true,"href":"https:\/\/bautenschutz-keul.de\/angebote\/wp-json\/wp\/v2\/comments?post=206"}],"version-history":[{"count":0,"href":"https:\/\/bautenschutz-keul.de\/angebote\/wp-json\/wp\/v2\/pages\/206\/revisions"}],"wp:attachment":[{"href":"https:\/\/bautenschutz-keul.de\/angebote\/wp-json\/wp\/v2\/media?parent=206"}],"curies":[{"name":"wp","href":"https:\/\/api.w.org\/{rel}","templated":true}]}}