{"id":207,"date":"2021-09-13T08:43:43","date_gmt":"2021-09-13T06:43:43","guid":{"rendered":"https:\/\/bautenschutz-keul.de\/angebote\/feuchte-wand-winsen-luhe\/"},"modified":"2021-09-13T08:43:43","modified_gmt":"2021-09-13T06:43:43","slug":"feuchte-wand-winsen-luhe","status":"publish","type":"page","link":"https:\/\/bautenschutz-keul.de\/angebote\/feuchte-wand-winsen-luhe\/","title":{"rendered":"Feuchte Wand &#8211; Winsen Luhe"},"content":{"rendered":"<h3>Feuchte Wand: Fragen Sie den Sanierungsprofi!<\/h3>\n<p>Eine feuchte Wand k\u00f6nnte zu einem ernsthaften \u00c4rgernis werden.<br \/>\nHauseigent\u00fcmer sind immer wieder sehr gut beraten, sich detailliert \u00fcber Sanierungsm\u00f6glichkeiten zu erkundigen, sofern sie durchfeuchtete Bereiche in ihren Kellerr\u00e4umen aufgesp\u00fcrt haben. Fr\u00fchzeitig entdeckt, braucht eine feuchte Wand nicht zwangsl\u00e4ufig aufw\u00e4ndige und andauernde Sanierungsarbeiten ausl\u00f6sen. <\/p>\n<p>Eine feuchte Wand kann mithin schlechte Effekte auf Wohlbefinden und gesundheitliche Verfassung der Geb\u00e4udebewohner haben.  Schimmel und Sporenablagerungen sind zumeist die Erkl\u00e4rung f\u00fcr gesundheitliche St\u00f6rungen. Ein Grund mehr, der feuchten Wand zu Leibe zu gehen. Eine feuchte Wand ist eine Aufgabe f\u00fcr den Experten. Nur ein hervorragend ausgebildeter Spezialist beherrscht die geeigneten Verfahren, wie eine feuchte Wand schnell und erfolgreich repariert werden kann.<\/p>\n<h3>Feuchte Wand: Unsere Mitarbeiter stehen f\u00fcr Sie bereit!<\/h3>\n<p>Bevor die Arbeiten starten, sollte sich der Spezialist ein Bild von dem Grund f\u00fcr den Schaden machen. Ohne die genaue Untersuchung, l\u00e4sst sich eine feuchte Wand nicht wirklich wirksam instandsetzen. Der Grund gibt quasi die Richtung vor. Denkbare Ursachen gibt es viele. Nicht selten liegt die Ursache f\u00fcr eine feuchte Wand in einer nicht ausreichenden L\u00fcftung. Auch undichte Rohre k\u00f6nnen die Ursache f\u00fcr eine feuchte Wand sein. Solche Gr\u00fcnde sind normalerweise schnell behoben. Sehr viel komplizierter wird es, falls festgestellt wird, dass die Feuchtigkeit von au\u00dferhalb in den Keller dringt.  Ein h\u00f6herer Grundwasserpegel f\u00fchrt z.B dazu, dass Wasser in das Mauerwerk gelangt. Sogar Bauwerke mit Hanglage sind bedroht f\u00fcr durchdringende Feuchtigkeit. Dort kann es durchaus sein, dass h\u00e4rtere Gesch\u00fctze f\u00fcr eine tiefgreifende Renovierung ergriffen werden m\u00fcssen. Jedoch auch in diesem Fall ist eine feuchte Wand kein unvermeidbares Schicksal.<\/p>\n","protected":false},"excerpt":{"rendered":"<p>Feuchte Wand: Fragen Sie den Sanierungsprofi! Eine feuchte Wand k\u00f6nnte zu einem ernsthaften \u00c4rgernis werden. Hauseigent\u00fcmer sind immer wieder sehr gut beraten, sich detailliert \u00fcber Sanierungsm\u00f6glichkeiten zu erkundigen, sofern sie durchfeuchtete Bereiche in ihren Kellerr\u00e4umen aufgesp\u00fcrt haben. Fr\u00fchzeitig entdeckt, braucht eine feuchte Wand nicht zwangsl\u00e4ufig aufw\u00e4ndige und andauernde Sanierungsarbeiten ausl\u00f6sen. Eine feuchte Wand kann mithin [&hellip;]<\/p>\n","protected":false},"author":1,"featured_media":0,"parent":0,"menu_order":0,"comment_status":"closed","ping_status":"closed","template":"","meta":{"footnotes":""},"class_list":["post-207","page","type-page","status-publish","hentry"],"meta_box":{"popseo_subtitel":"Feuchte Wand: Wir sind Ihr Experte in Winsen Luhe","popseo_subtitel2":"Feuchte Wand - Sanierung durch den Fachbetrieb!","popseo_lasttitel":"Feuchte Wand: Unsere Experten beantworten Ihre Fragen","popseo_region":"Winsen Luhe","popseo_sachwort":"Feuchte Wand","popseo_noupdate":"","popseo_einleitungstext":"<p>Sie haben sich mit der Bauwerksabdichtung besch\u00e4ftigt, weil Ihr Haus feuchte Geb\u00e4udebereiche aufweist und Sie nach Methoden einer wirkungsvollen und professionellen Sanierung Ausschau halten. Super, dass sie uns gefunden haben. Auf den folgenden Seiten d\u00fcrfen wir Ihnen einige Informationen zu unserem Leistungsangebot geben. Sie lernen auf dieser Internetseite unsere Firma n\u00e4her kennen. <\/p>\n<p>Die Firma TK-Geb\u00e4udetechnik Thorsten Keul ist ein qualifizierter und etablierter Fachbetrieb mit Sitz in Brietlingen bei L\u00fcneburg. Bereits seit vielen Jahren sind wir Ihr Spezialist f\u00fcr alle auftretenden Fragen rund um Geb\u00e4udeabdichtung. Wir setzen ausschlie\u00dflich effektive und praxisbew\u00e4hrte Sanierungssysteme und -methoden ein. Als Sanierungsfachbetrieb schauen wir auf eine lange und intensive Berufserfahrung zur\u00fcck. Unsere engagierten Spezialisten informieren Sie gerne im Detail.<\/p>","popseo_schlusstext":"<p>Wenn Sie einen qualifizierten Fachbetrieb f\u00fcr die Bauwerksabdichtung ben\u00f6tigen, sind Sie bei uns genau richtig. Sie m\u00f6chten mehr \u00fcber uns erfahren? Als auf Sanierung spezialisierte Handwerksfirma sind wir f\u00fcr Ihr Vorhaben der perfekte Dienstleister und freuen uns \u00fcber Ihre Anfrage, ganz gleich ob per Anruf oder E-Mail. Worauf Sie neben Fachwissen setzen d\u00fcrfen: Unser Team arbeitet absolut zuverl\u00e4ssig und wird mit Elan und Schwung f\u00fcr Sie t\u00e4tig. Wir freuen uns auf Sie!<\/p>","popseo_stadttext":"<h3>Zufriedene Kunden haben wir auch in Winsen (Luhe)<\/h3>\n<p>Winsen (Luhe) ist eine Mittelstadt aus der Metropolregion Hamburg. Die Kreisstadt des Kreises Harburg hat 32.000 Einwohner und streckt sich \u00fcber ein Gebiet von 109 Quadratkilometer. Winsen (Luhe) ist zentral gelegen. In die norddeutsche Metropole Hamburg sind es nur zirka 30 Kilometer, L\u00fcneburg erreicht man bereits nach gut 20 Kilometern. Winsen (Luhe) besteht in der jetzigen Form seit dem Jahre 1972. Seinerzeit wurden 13 eigenst\u00e4ndige Gemeinden zur Gesamtgemeinde Winsen (Luhe) zusammengefasst.  <\/p>\n<p>Durch unsere Gesch\u00e4ftst\u00e4tigkeit haben wir uns einen sehr guten \u00dcberblick \u00fcber die Stadtarchitektur der St\u00e4dte und Gemeinden unseres Einzugsbereiches erarbeiten k\u00f6nnen. Nat\u00fcrlich geh\u00f6rt auch Winsen (Luhe) zu unserem unmittelbaren Gesch\u00e4ftsgebiet. Wir freuen uns darauf, mit Ihnen ins Gespr\u00e4ch zu treten. <\/p>\n<h3>Interessante Fakten zu Winsen (Luhe)<\/h3>\n<p>Obwohl Winsen (Luhe) durchaus als eine Pendlerstadt gelten darf, ist das mittelst\u00e4ndisch orientierte Wirtschaftsleben beachtlich. Zahllose Firmen u.a. aus den Bereichen Maschinenbau, Pharma, Logistik und Bauwesen haben sich in Winsen (Luhe) angesiedelt. Wer von den Menschen aus Winsen (Luhe) nicht in einem Betrieb seines Heimatortes besch\u00e4ftigt ist, pendelt \u00fcberwiegend nach Hamburg. Mit dem Auto f\u00e4hrt man \u00fcber die Bundesautobahn A39 nach Winsen (Luhe). Die Schnellstra\u00dfe ist mit der A1 und der A7 verbunden. Wer die Deutsche Bahn vorzieht, erreicht Winsen (Luhe) \u00fcber die Streckenverbindung Hamburg-Hannover. Dar\u00fcber hinaus bietet der Metronom eine gerne genutzte Regionallinie an. <\/p>\n<h3>Winsen (Luhe) \u2013 Stadt mit Herz<\/h3>\n<p>Menschen, die das etwas ruhigere Leben in einer kleineren Gemeinde der Hektik einer Gro\u00dfstadt den Vorzug geben, finden in Winsen (Luhe) hervorragende Bedingungen vor. Die Infrastruktur in Winsen (Luhe) haut hin! Exquisite Shoppingm\u00f6glichkeiten, ein \u00fcberraschend breites Sport- und Freizeitangebot und eine bezaubernde Umgebung sind Punkte, die Winsen (Luhe) auf der Habenseite notieren kann. Auch Familien sch\u00e4tzen die Stadt: Alle Schularten und eine ausreichende Zahl an Kitas stehen in Winsen (Luhe) zur Verf\u00fcgung. <\/p>\n<h4>Unsere Leistung f\u00fcr qualit\u00e4tsbewusste Kunden aus Winsen (Luhe)<\/h4>\n<p>Klasse, dass Sie diese Seite gefunden haben. Wenn Sie ein Fachunternehmen suchen, sind Sie bei uns genau richtig. Sie m\u00f6chten mehr \u00fcber uns erfahren? F\u00fcr R\u00fcckfragen stehen wir Ihnen jederzeit zur Verf\u00fcgung. Auf den Kontakt zu Ihnen freuen wir uns.<\/p>","popseo_zusatztext":"<h3>Erstklassiges Abdichten ist uns wichtig<\/h3>\n<p>Sie haben einen N\u00e4sseschaden festgestellt und m\u00fcssen die entsprechenden Bereiche nun z\u00fcgig abdichten. Sch\u00f6n, dass Sie uns gefunden haben! Als erfahrenes Fachunternehmen der Bauwirtschaft kennen wir uns sehr gut aus mit dem Abdichten von Kellern, W\u00e4nden oder Mauern.  <\/p>\n<p>N\u00e4ssesch\u00e4den sind unser Metier: F\u00fcr unseren Betrieb geh\u00f6rt das Abdichten von Mauern, Kellern oder W\u00e4nden zur t\u00e4glichen Arbeit. Wir gehen der Ursache f\u00fcr den Wassereintritt gewissenhaft auf den Grund. Vor dem eigentlichen Abdichten muss als Erstes die Ursachenfindung stehen. Erst wenn man den richtigen Grund f\u00fcr eine Durchfeuchtung entdeckt hat, kann man mit dem Abdichten anfangen. Die Bestandsaufnahme gibt die Richtung vor, den das Abdichten eines Bauk\u00f6rpers umfassen muss.  <\/p>\n<h4>Abdichten: Wir helfen verl\u00e4sslich und kompetent!<\/h4>\n<p>Z\u00f6gern Sie bitte nicht und vereinbaren Sie noch heute einen Termin mit einem unserer kompetenten Spezialisten. Ein kurzer Telefonanruf oder auch eine schnelle e-Mail gen\u00fcgen! Bei einer Analyse direkt am entsprechenden Objekt, nehmen wir den Schaden auf und erstellen daraufhin ein Konzept f\u00fcr das nachhaltige Abdichten der betroffenen Stellen. Unsere Arbeit ist grunds\u00e4tzlich zweckbezogen: Nat\u00fcrlich flie\u00dfen auch wirtschaftliche Betrachtungen in unsere Entscheidungsfindung f\u00fcr das Abdichten Ihres Geb\u00e4udes mit ein. Alles komplett aus einer Hand: Unsere motivierten Fachkr\u00e4fte f\u00fchren s\u00e4mtliche notwendigen T\u00e4tigkeiten, die zum Abdichten erforderlich sind schnell und verl\u00e4sslich aus. Schon seit Jahren ist unser Unternehmen f\u00fcr eine hohe Qualit\u00e4t bekannt. Eine unserer Schwerpunkte liegt im Abdichten von Wohn- und Gesch\u00e4ftsgeb\u00e4uden. Vertrauen Sie auf Kompetenz und beauftragen Sie unsere Firma f\u00fcr das Abdichten von neuralgischen Bereichen im Mauerwerk. Wir freuen uns darauf, auch Ihnen helfen zu k\u00f6nnen.<\/p>","popseo_links":"<a href=\"https:\/\/bautenschutz-keul.de\/angebote\/kellerabdichtung-reinbek-aumuehle\/\">Kellerabdichtung Reinbek Aum\u00fchle<\/a>, <a href=\"https:\/\/bautenschutz-keul.de\/angebote\/feuchtigkeit-seevetal-rosengarten\/\">Feuchtigkeit Seevetal Rosengarten<\/a>, <a href=\"https:\/\/bautenschutz-keul.de\/angebote\/kellertrockenlegung-seevetal-rosengarten\/\">Kellertrockenlegung Seevetal Rosengarten<\/a>, <a href=\"https:\/\/bautenschutz-keul.de\/angebote\/innenabdichtung-hanstedt\/\">Innenabdichtung Hanstedt<\/a>, <a href=\"https:\/\/bautenschutz-keul.de\/angebote\/kellertrockenlegung-reinbek-aumuehle\/\">Kellertrockenlegung Reinbek Aum\u00fchle<\/a>, <a href=\"https:\/\/bautenschutz-keul.de\/angebote\/feuchtigkeit-salzhausen\/\">Feuchtigkeit Salzhausen<\/a>, <a href=\"https:\/\/bautenschutz-keul.de\/angebote\/innenabdichtung-bienenbuettel\/\">Innenabdichtung Bienenb\u00fcttel<\/a>, <a href=\"https:\/\/bautenschutz-keul.de\/angebote\/feuchte-wand-stelle\/\">Feuchte Wand Stelle<\/a>, <a href=\"https:\/\/bautenschutz-keul.de\/angebote\/schimmelbeseitigung-salzhausen\/\">Schimmelbeseitigung Salzhausen<\/a>, <a href=\"https:\/\/bautenschutz-keul.de\/angebote\/horizontalsperre-harburg\/\">Horizontalsperre Harburg<\/a>, <a href=\"https:\/\/bautenschutz-keul.de\/angebote\/rissverpressung-bergedorf-wentorf\/\">Rissverpressung Bergedorf Wentorf<\/a>, <a href=\"https:\/\/bautenschutz-keul.de\/angebote\/feuchte-wand-amelinghausen\/\">Feuchte Wand Amelinghausen<\/a>, <a href=\"https:\/\/bautenschutz-keul.de\/angebote\/schimmel-lueneburg\/\">Schimmel L\u00fcneburg<\/a>, <a href=\"https:\/\/bautenschutz-keul.de\/angebote\/kellersanierung-ebstorf\/\">Kellersanierung Ebstorf<\/a>, <a href=\"https:\/\/bautenschutz-keul.de\/angebote\/rissverpressung-bienenbuettel\/\">Rissverpressung Bienenb\u00fcttel<\/a>, <a href=\"https:\/\/bautenschutz-keul.de\/angebote\/feuchtigkeit-lueneburg\/\">Feuchtigkeit L\u00fcneburg<\/a>, <a href=\"https:\/\/bautenschutz-keul.de\/angebote\/feuchtigkeit-buechen\/\">Feuchtigkeit B\u00fcchen<\/a>, <a href=\"https:\/\/bautenschutz-keul.de\/angebote\/schimmel-bienenbuettel\/\">Schimmel Bienenb\u00fcttel<\/a>, <a href=\"https:\/\/bautenschutz-keul.de\/angebote\/bauwerksabdichtung-buchholz-in-der-nordheide\/\">Bauwerksabdichtung Buchholz in der Nordheide<\/a>, <a href=\"https:\/\/bautenschutz-keul.de\/angebote\/feuchte-wand-schwarzenbek\/\">Feuchte Wand Schwarzenbek<\/a>, <a href=\"https:\/\/bautenschutz-keul.de\/angebote\/schimmelsanierung-bienenbuettel\/\">Schimmelsanierung Bienenb\u00fcttel<\/a>, <a href=\"https:\/\/bautenschutz-keul.de\/angebote\/kellersanierung-bardowick\/\">Kellersanierung Bardowick<\/a>, <a href=\"https:\/\/bautenschutz-keul.de\/angebote\/mauertrockenlegung-boizenburg\/\">Mauertrockenlegung Boizenburg<\/a>, <a href=\"https:\/\/bautenschutz-keul.de\/angebote\/feuchte-wand-reinbek-aumuehle\/\">Feuchte Wand Reinbek Aum\u00fchle<\/a>, <a href=\"https:\/\/bautenschutz-keul.de\/angebote\/schimmel-seevetal-rosengarten\/\">Schimmel Seevetal Rosengarten<\/a>, <a href=\"https:\/\/bautenschutz-keul.de\/angebote\/mauertrockenlegung-uelzen\/\">Mauertrockenlegung Uelzen<\/a>, <a href=\"https:\/\/bautenschutz-keul.de\/angebote\/feuchtigkeitsschaden-jesteburg\/\">Feuchtigkeitsschaden Jesteburg<\/a>, <a href=\"https:\/\/bautenschutz-keul.de\/angebote\/kellertrockenlegung-salzhausen\/\">Kellertrockenlegung Salzhausen<\/a>, <a href=\"https:\/\/bautenschutz-keul.de\/angebote\/bauwerksabdichtung-schwarzenbek\/\">Bauwerksabdichtung Schwarzenbek<\/a>, <a href=\"https:\/\/bautenschutz-keul.de\/angebote\/aussenabdichtung-bad-bevensen\/\">Au\u00dfenabdichtung Bad Bevensen<\/a>"},"_links":{"self":[{"href":"https:\/\/bautenschutz-keul.de\/angebote\/wp-json\/wp\/v2\/pages\/207","targetHints":{"allow":["GET"]}}],"collection":[{"href":"https:\/\/bautenschutz-keul.de\/angebote\/wp-json\/wp\/v2\/pages"}],"about":[{"href":"https:\/\/bautenschutz-keul.de\/angebote\/wp-json\/wp\/v2\/types\/page"}],"author":[{"embeddable":true,"href":"https:\/\/bautenschutz-keul.de\/angebote\/wp-json\/wp\/v2\/users\/1"}],"replies":[{"embeddable":true,"href":"https:\/\/bautenschutz-keul.de\/angebote\/wp-json\/wp\/v2\/comments?post=207"}],"version-history":[{"count":0,"href":"https:\/\/bautenschutz-keul.de\/angebote\/wp-json\/wp\/v2\/pages\/207\/revisions"}],"wp:attachment":[{"href":"https:\/\/bautenschutz-keul.de\/angebote\/wp-json\/wp\/v2\/media?parent=207"}],"curies":[{"name":"wp","href":"https:\/\/api.w.org\/{rel}","templated":true}]}}