{"id":208,"date":"2021-09-13T08:43:43","date_gmt":"2021-09-13T06:43:43","guid":{"rendered":"https:\/\/bautenschutz-keul.de\/angebote\/feuchter-keller-adendorf\/"},"modified":"2021-09-13T08:43:43","modified_gmt":"2021-09-13T06:43:43","slug":"feuchter-keller-adendorf","status":"publish","type":"page","link":"https:\/\/bautenschutz-keul.de\/angebote\/feuchter-keller-adendorf\/","title":{"rendered":"Feuchter Keller &#8211; Adendorf"},"content":{"rendered":"<h3>Feuchter Keller: Wir helfen schnell und kompetent!<\/h3>\n<p>Ein feuchter Keller kann gegebenenfalls negative Effekte auf Befinden und Gesundheit der Geb\u00e4udebewohner haben. Schimmelentstehung und Sporenablagerungen sind nicht selten die Ursache f\u00fcr gesundheitliche Beeintr\u00e4chtigungen. Ein zus\u00e4tzlicher Anlass dem feuchten Keller zu Leibe zu r\u00fccken. Ein feuchter Keller ist ein Job f\u00fcr den Fachmann. Nur ein perfekt geschulter Spezialist beherrscht die passenden Anwendungen, wie ein feuchter Keller sofort und erfolgreich instandgesetzt werden kann. <\/p>\n<p>Ein feuchter Keller kann unbehandelt zu einem brisanten Problem werden. Hausbesitzer sind diesbez\u00fcglich bestens beraten, sich detailliert \u00fcber M\u00f6glichkeiten einer fachgerechten Sanierung zu erkundigen, falls sie nasse Stellen in Ihren Kellerr\u00e4umen lokalisiert haben.<br \/>\nFr\u00fchzeitig registriert, muss ein feuchter Keller nicht zwangsl\u00e4ufig aufw\u00e4ndige und andauernde Instandsetzungsarbeiten hervorrufen. Wahrscheinliche Ursachen gibt es viele.<\/p>\n<h3>Wir helfen rasch bei feuchten Kellern!<\/h3>\n<p>Regelm\u00e4\u00dfig liegt die Ursache f\u00fcr einen feuchten Keller in einer nicht ausreichenden Luftzufuhr. Auch defekte Rohre d\u00fcrften die Ursache f\u00fcr einen feuchten Keller sein. Derlei Gr\u00fcnde sind in der Regel schnell in Ordnung gebracht. Erkennbar komplizierter wird es, sobald festgestellt wird, dass die N\u00e4sse von au\u00dfen in den Keller gelangt. Ein h\u00f6herer Wasserpegel f\u00fchrt beispielsweise dazu, dass Wasser in die Mauer eindringt. Auch H\u00e4user mit Hanglage sind bedroht f\u00fcr eindringende Feuchtigkeit. In solchen F\u00e4llen kann es absolut sein, dass m\u00e4chtigere Gesch\u00fctze f\u00fcr eine dauerhafte Instandsetzung erwogen werden m\u00fcssen. Jedoch auch in dem Fall ist ein feuchter Keller kein unvermeidbares Schicksal. Fragen Sie folglich am besten erst die Fachleute unserer Firma, wenn Sie N\u00e4sse in Ihren R\u00e4umen entdeckt haben. Bei einer Begehung direkt bei Ihnen vor Ort nehmen wir den Schaden auf und machen Ratschl\u00e4ge f\u00fcr eine wirksame Sanierung.<\/p>\n","protected":false},"excerpt":{"rendered":"<p>Feuchter Keller: Wir helfen schnell und kompetent! Ein feuchter Keller kann gegebenenfalls negative Effekte auf Befinden und Gesundheit der Geb\u00e4udebewohner haben. Schimmelentstehung und Sporenablagerungen sind nicht selten die Ursache f\u00fcr gesundheitliche Beeintr\u00e4chtigungen. Ein zus\u00e4tzlicher Anlass dem feuchten Keller zu Leibe zu r\u00fccken. Ein feuchter Keller ist ein Job f\u00fcr den Fachmann. Nur ein perfekt geschulter [&hellip;]<\/p>\n","protected":false},"author":1,"featured_media":0,"parent":0,"menu_order":0,"comment_status":"closed","ping_status":"closed","template":"","meta":{"footnotes":""},"class_list":["post-208","page","type-page","status-publish","hentry"],"meta_box":{"popseo_subtitel":"Feuchter Keller: Wir sind Ihr Fachanbieter in Adendorf","popseo_subtitel2":"Feuchter Keller - setzen Sie in Sachen Sanierung auf unsere Erfahrung","popseo_lasttitel":"Feuchter Keller: Sie haben Fragen? Dann melden Sie sich bei uns","popseo_region":"Adendorf","popseo_sachwort":"Feuchter Keller","popseo_noupdate":"","popseo_einleitungstext":"<p>Sie haben sich mit der Bauwerksabdichtung besch\u00e4ftigt, weil Ihr Haus feuchte Geb\u00e4udeteile aufweist und Sie nach M\u00f6glichkeiten einer professionellen und vor allem wirksamen Sanierung Ausschau halten. Sch\u00f6n, dass Sie unsere Website besuchen. Nachfolgend d\u00fcrfen wir Ihnen n\u00e4here Informationen zu unserem Leistungsspektrum geben. Sie lernen auf dieser Internetseite unsere Firma n\u00e4her kennen. <\/p>\n<p>Unser Unternehmen ist ein spezialisierter und erfahrener Fachbetrieb mit Gesch\u00e4ftsssitz in Brietlingen bei L\u00fcneburg. Bereits seit vielen Jahren sind wir Ihr Fachpartner f\u00fcr s\u00e4mtliche Fragen rund um Geb\u00e4udeabdichtung. Wir setzen ausschlie\u00dflich praxisbew\u00e4hrte und effektive Sanierungsmethoden und -systeme ein. Als Fachbetrieb f\u00fcr Abdichtung und Sanierung blicken wir auf eine lange Berufserfahrung zur\u00fcck. Unsere freundlichen Mitarbeiter informieren Sie sehr gerne im Detail.<\/p>","popseo_schlusstext":"<p>Sie haben eine Frage zu unseren Leistungen? Auf Wunsch informieren wir Sie n\u00e4her \u00fcber unser gesamtes Themengebiet. Mit Vergn\u00fcgen nennen wir Ihnen ein paar Projekte, die Ihnen einen Einblick in unsere Unternehmenst\u00e4tigkeit geben. Rufen Sie uns doch einfach einmal an oder schicken Sie uns eine E-Mail. Unser freundliches Team arbeitet stets fachkundig und l\u00f6sungsorientiert. Wir freuen uns auf Ihren Anruf unter: <\/p>\n<p>04133 \u2013 22 37 940<\/p>","popseo_stadttext":"<h3>F\u00fcr Sie da in  Adendorf<\/h3>\n<p>Unser Gesch\u00e4ftsbereich umfasst auch Adendorf. Durch unsere Gesch\u00e4ftst\u00e4tigkeit haben wir uns einen guten \u00dcberblick \u00fcber die Stadtarchitektur der St\u00e4dte und Gemeinden unseres Vertriebsgebietes machen k\u00f6nnen. Wir f\u00fchlen uns der Region verpflichtet und freuen uns dar\u00fcber, auch einen Teil zur gesunden Infrastruktur der Gemeinde beizusteuern zu k\u00f6nnen.  <\/p>\n<h3>Ein paar Hintergrundinformationen zu Adendorf<\/h3><br \/>\nAdendorf befindet sich rund vier Kilometer von L\u00fcneburg entfernt zwischen Illmenau und dem Elbe-Seitenkanal. Ann\u00e4hernd 11.000 Anwohner leben in Aldendorf auf einer Gesamtfl\u00e4che von cirka 16 km\u00b2. Die \u00d6konomie der Gemeinde wird dominiert von kleinen und mittelst\u00e4ndischen Betrieben aus den Gesch\u00e4ftsbereichen Handwerk und Dienstleistung. Erreichbar ist der Ort mit dem Auto \u00fcber die Bundesstra\u00dfe 209. Aldendorf verf\u00fcgt dar\u00fcber hinaus \u00fcber eine Zufahrt an die Autobahn 39. Der \u00d6PN wird \u00fcber mehrere Buslinien sichergestellt. Das Umfeld erm\u00f6glicht erlebnisreiche Ausfl\u00fcge. Die Baustruktur in der Region ist \u00fcberwiegend dominiert von einer h\u00fcbschen Einzelhausbebauung. Gerade junge Familien genie\u00dfen das Leben in Adendorf.<br \/>\n<h4>Hohe Qualit\u00e4t f\u00fcr Kunden aus Adendorf<\/h4>\n<p>Sie leben in Adendorf und interessieren sich f\u00fcr unser Leistungsangebot. Klasse, dass Sie diese Website gefunden haben. F\u00fcr R\u00fcckfragen sind wir jederzeit f\u00fcr Sie da. Auf Ihre Anfragen freuen wir uns.<\/p>","popseo_zusatztext":"<h3>Beim Sanieren sind wir Profi<\/h3>\n<p>Sie beabsichtigen eine Mauer, einen Keller oder sogar ein gesamtes Geb\u00e4ude zu sanieren? Super, denn dann sind Sie bei uns exakt an der korrekten Stelle. Wir sind Ihr erfahrener Partner f\u00fcr s\u00e4mtliche Fragen rund um das Sanieren von Geb\u00e4uden.  Ob nasse Keller, feuchte Mauern oder die Sanierung ausgedehnter N\u00e4ssesch\u00e4den: Als spezialisierter Fachbetrieb geh\u00f6rt das Sanieren zu den t\u00e4glichen Aufgaben. Wir gehen der Schadensursache ganz genau auf den Grund. Vor der eigentlichen Sanierung muss nat\u00fcrlich die Ursachenforschung stehen. Nur wenn man den tats\u00e4chlichen Grund f\u00fcr einen eingetretenen Schadensfall kennt, kann man selbstverst\u00e4ndlich erst mit dem Sanieren beginnen. Auch erkennt man erst nach einer exakten Analyse den Umfang, den das Sanieren eines Bauk\u00f6rpers in Anspruch nehmen wird.<\/p>\n<p>Verabreden Sie doch kurzerhand einmal einen unverbindlichen Gespr\u00e4chstermin mit einem unserer gut geschulten Spezialisten. Telefon oder e-Mail reichen aus! Bei einer Begehung direkt vor Ort nehmen wir die Besch\u00e4digung auf und unterbreiten Vorschl\u00e4ge f\u00fcr das zweckm\u00e4\ufb02ige Sanieren. So viel wie n\u00f6tig, so wenig wie m\u00f6glich: Auch wirtschaftliche \u00dcberlegungen flie\u00dfen in unsere Entscheidungsfindung f\u00fcr das Sanieren Ihres Bauwerkes mit ein. <\/p>\n<h4>Sanieren: Unsere Mitarbeiter stehen f\u00fcr Sie bereit!<\/h4>\n<p>Selbstverst\u00e4ndlich f\u00fchren unsere geschulten Spezialisten alle erforderlichen Arbeiten, die zum Sanieren geh\u00f6ren schnell und zuverl\u00e4ssig aus. Unser Unternehmen ist seit einigen Jahren f\u00fcr eine hohe Qualit\u00e4t beim Sanieren bekannt. Der Instandsetzung von Wohn- und Gesch\u00e4ftsgeb\u00e4uden haben wir uns gewidmet. Setzen Sie auf Routine und \u00fcbertragen Sie das Sanieren Ihrer Immobilie unserem Fachbetrieb. Wir freuen uns darauf, auch Ihnen helfen zu k\u00f6nnen.<\/p>","popseo_links":"<a href=\"https:\/\/bautenschutz-keul.de\/angebote\/aussenabdichtung-bardowick\/\">Au\u00dfenabdichtung Bardowick<\/a>, <a href=\"https:\/\/bautenschutz-keul.de\/angebote\/feuchte-wand-bispingen\/\">Feuchte Wand Bispingen<\/a>, <a href=\"https:\/\/bautenschutz-keul.de\/angebote\/schimmel-reinbek-aumuehle\/\">Schimmel Reinbek Aum\u00fchle<\/a>, <a href=\"https:\/\/bautenschutz-keul.de\/angebote\/schimmelsanierung-brietlingen\/\">Schimmelsanierung Brietlingen<\/a>, <a href=\"https:\/\/bautenschutz-keul.de\/angebote\/feuchtigkeitsschaden-uelzen\/\">Feuchtigkeitsschaden Uelzen<\/a>, <a href=\"https:\/\/bautenschutz-keul.de\/angebote\/aussenabdichtung-harburg\/\">Au\u00dfenabdichtung Harburg<\/a>, <a href=\"https:\/\/bautenschutz-keul.de\/angebote\/schimmelbeseitigung-brietlingen\/\">Schimmelbeseitigung Brietlingen<\/a>, <a href=\"https:\/\/bautenschutz-keul.de\/angebote\/horizontalsperre-salzhausen\/\">Horizontalsperre Salzhausen<\/a>, <a href=\"https:\/\/bautenschutz-keul.de\/angebote\/schimmel-stelle\/\">Schimmel Stelle<\/a>, <a href=\"https:\/\/bautenschutz-keul.de\/angebote\/mauertrockenlegung-adendorf\/\">Mauertrockenlegung Adendorf<\/a>, <a href=\"https:\/\/bautenschutz-keul.de\/angebote\/schimmelbeseitigung-bad-bevensen\/\">Schimmelbeseitigung Bad Bevensen<\/a>, <a href=\"https:\/\/bautenschutz-keul.de\/angebote\/aussenabdichtung-adendorf\/\">Au\u00dfenabdichtung Adendorf<\/a>, <a href=\"https:\/\/bautenschutz-keul.de\/angebote\/feuchter-keller-uelzen\/\">Feuchter Keller Uelzen<\/a>, <a href=\"https:\/\/bautenschutz-keul.de\/angebote\/kellerabdichtung-buchholz-in-der-nordheide\/\">Kellerabdichtung Buchholz in der Nordheide<\/a>, <a href=\"https:\/\/bautenschutz-keul.de\/angebote\/zerstoerter-putz-lueneburg\/\">zerst\u00f6rter Putz L\u00fcneburg<\/a>, <a href=\"https:\/\/bautenschutz-keul.de\/angebote\/innenabdichtung-lueneburg\/\">Innenabdichtung L\u00fcneburg<\/a>, <a href=\"https:\/\/bautenschutz-keul.de\/angebote\/aufsteigende-feuchtigkeit-buchholz-in-der-nordheide\/\">aufsteigende Feuchtigkeit Buchholz in der Nordheide<\/a>, <a href=\"https:\/\/bautenschutz-keul.de\/angebote\/feuchte-mauer-schwarzenbek\/\">Feuchte Mauer Schwarzenbek<\/a>, <a href=\"https:\/\/bautenschutz-keul.de\/angebote\/innenabdichtung-adendorf\/\">Innenabdichtung Adendorf<\/a>, <a href=\"https:\/\/bautenschutz-keul.de\/angebote\/schimmel-tostedt-sittensen\/\">Schimmel Tostedt Sittensen<\/a>, <a href=\"https:\/\/bautenschutz-keul.de\/angebote\/feuchtigkeit-buechen\/\">Feuchtigkeit B\u00fcchen<\/a>, <a href=\"https:\/\/bautenschutz-keul.de\/angebote\/schimmelbeseitigung-buchholz-in-der-nordheide\/\">Schimmelbeseitigung Buchholz in der Nordheide<\/a>, <a href=\"https:\/\/bautenschutz-keul.de\/angebote\/kellersanierung-bardowick\/\">Kellersanierung Bardowick<\/a>, <a href=\"https:\/\/bautenschutz-keul.de\/angebote\/mauertrockenlegung-lueneburg\/\">Mauertrockenlegung L\u00fcneburg<\/a>, <a href=\"https:\/\/bautenschutz-keul.de\/angebote\/kellerabdichtung-adendorf\/\">Kellerabdichtung Adendorf<\/a>, <a href=\"https:\/\/bautenschutz-keul.de\/angebote\/kellerabdichtung-reppenstedt\/\">Kellerabdichtung Reppenstedt<\/a>, <a href=\"https:\/\/bautenschutz-keul.de\/angebote\/kellersanierung-maschen\/\">Kellersanierung Maschen<\/a>, <a href=\"https:\/\/bautenschutz-keul.de\/angebote\/feuchtigkeit-bispingen\/\">Feuchtigkeit Bispingen<\/a>, <a href=\"https:\/\/bautenschutz-keul.de\/angebote\/horizontalsperre-glinde-sachsenwald\/\">Horizontalsperre Glinde Sachsenwald<\/a>, <a href=\"https:\/\/bautenschutz-keul.de\/angebote\/aufsteigende-feuchtigkeit-ebstorf\/\">aufsteigende Feuchtigkeit Ebstorf<\/a>"},"_links":{"self":[{"href":"https:\/\/bautenschutz-keul.de\/angebote\/wp-json\/wp\/v2\/pages\/208","targetHints":{"allow":["GET"]}}],"collection":[{"href":"https:\/\/bautenschutz-keul.de\/angebote\/wp-json\/wp\/v2\/pages"}],"about":[{"href":"https:\/\/bautenschutz-keul.de\/angebote\/wp-json\/wp\/v2\/types\/page"}],"author":[{"embeddable":true,"href":"https:\/\/bautenschutz-keul.de\/angebote\/wp-json\/wp\/v2\/users\/1"}],"replies":[{"embeddable":true,"href":"https:\/\/bautenschutz-keul.de\/angebote\/wp-json\/wp\/v2\/comments?post=208"}],"version-history":[{"count":0,"href":"https:\/\/bautenschutz-keul.de\/angebote\/wp-json\/wp\/v2\/pages\/208\/revisions"}],"wp:attachment":[{"href":"https:\/\/bautenschutz-keul.de\/angebote\/wp-json\/wp\/v2\/media?parent=208"}],"curies":[{"name":"wp","href":"https:\/\/api.w.org\/{rel}","templated":true}]}}