{"id":210,"date":"2021-09-13T08:43:43","date_gmt":"2021-09-13T06:43:43","guid":{"rendered":"https:\/\/bautenschutz-keul.de\/angebote\/feuchter-keller-amt-neuhaus\/"},"modified":"2021-09-13T08:43:43","modified_gmt":"2021-09-13T06:43:43","slug":"feuchter-keller-amt-neuhaus","status":"publish","type":"page","link":"https:\/\/bautenschutz-keul.de\/angebote\/feuchter-keller-amt-neuhaus\/","title":{"rendered":"Feuchter Keller &#8211; Amt Neuhaus"},"content":{"rendered":"<h3>Feuchter Keller: Wir sind kompetent und erfahren bei der Sanierung<\/h3>\n<p>Ein feuchter Keller kann auf jeden Fall ung\u00fcnstige Effekte auf Wohlbefinden und Gesundheit der Hausbewohner haben. Schimmelentstehung und Sporen sind nicht selten der Grund f\u00fcr gesundheitliche Beeintr\u00e4chtigungen. Ein mehr als guter Grund dem feuchten Keller auf den Pelz zu f\u00fchlen. Ein feuchter Keller ist eine Angelegenheit f\u00fcr den Spezialisten. Nur ein gut geschulter Experte beherrscht die passenden Anwendungen, wie ein feuchter Keller sofort und erfolgreich instandgesetzt werden kann. <\/p>\n<p>Ein feuchter Keller k\u00f6nnte unbehandelt zum gravierenden \u00c4rgernis werden. Eigent\u00fcmer sind entsprechend sehr gut beraten, sich n\u00e4her \u00fcber Sanierungsm\u00f6glichkeiten zu informieren, sofern sie feuchte Stellen in Ihren Kellerr\u00e4umen lokalisiert haben.<br \/>\nRechtzeitig entdeckt, muss ein feuchter Keller nicht zwingend umfangreiche und andauernde Sanierungen zur Folge haben. M\u00f6gliche Ursachen gibt es eine Menge.<\/p>\n<h3>Feuchter Keller: Fragen Sie den Sanierungsprofi!<\/h3>\n<p>Oftmals liegt die Ursache f\u00fcr einen feuchten Keller in einer nur ungen\u00fcgenden L\u00fcftung. Auch por\u00f6se Abflussleitungen m\u00f6gen der Grund f\u00fcr einen feuchten Keller sein. Solcherlei Ursachen sind \u00fcblicherweise Ruck Zuck bereinigt. Erkennbar aufw\u00e4ndiger wird es, sobald festgestellt wird, dass die Feuchtigkeit von au\u00dfen in den Keller dringt. Ein gestiegener Wasserspiegel f\u00fchrt n\u00e4mlch dazu, dass Feuchtigkeit in das Mauerwerk gelangt. Sogar Bauwerke mit Hanglage sind gef\u00e4hrdet f\u00fcr eindringende N\u00e4sse. Hier kann es schon mal sein, dass st\u00e4rkere Gesch\u00fctze f\u00fcr eine effektive Sanierung erwogen werden m\u00fcssen. Jedoch auch in dem Fall ist ein feuchter Keller kein unausweichliches Schicksal. Fragen Sie folglich am besten erstmal die Profis unserer Firma, falls Sie N\u00e4sse in Ihren R\u00e4umlichkeiten festgestellt haben. Bei einer Inspektion direkt bei Ihnen vor Ort nehmen wir den Schaden auf und unterbreiten Vorschl\u00e4ge f\u00fcr eine nachhaltige Sanierung.<\/p>\n","protected":false},"excerpt":{"rendered":"<p>Feuchter Keller: Wir sind kompetent und erfahren bei der Sanierung Ein feuchter Keller kann auf jeden Fall ung\u00fcnstige Effekte auf Wohlbefinden und Gesundheit der Hausbewohner haben. Schimmelentstehung und Sporen sind nicht selten der Grund f\u00fcr gesundheitliche Beeintr\u00e4chtigungen. Ein mehr als guter Grund dem feuchten Keller auf den Pelz zu f\u00fchlen. Ein feuchter Keller ist eine [&hellip;]<\/p>\n","protected":false},"author":1,"featured_media":0,"parent":0,"menu_order":0,"comment_status":"closed","ping_status":"closed","template":"","meta":{"footnotes":""},"class_list":["post-210","page","type-page","status-publish","hentry"],"meta_box":{"popseo_subtitel":"Feuchter Keller: Wir sind Ihr Fachanbieter im Raum Amt Neuhaus","popseo_subtitel2":"Feuchter Keller - unsere Fachleute beraten Sie zur Sanierung","popseo_lasttitel":"Feuchter Keller: Unsere Mitarbeiter beantworten gerne Ihre Fragen","popseo_region":"Amt Neuhaus","popseo_sachwort":"Feuchter Keller","popseo_noupdate":"","popseo_einleitungstext":"<p>Sie haben sich mit dem Thema Bauwerksabdichtung besch\u00e4ftigt, weil Ihr Wohn- oder Gesch\u00e4ftshaus feuchte Geb\u00e4udebereiche aufweist und Sie nach Methoden einer professionellen und vor allem wirksamen Sanierung Ausschau halten. Gut, dass Sie unseren Internetauftritt entdeckt haben. Auf den folgenden Seiten d\u00fcrfen wir Ihnen einige Informationen zu unserem Leistungsspektrum geben. Sie lernen auf dieser Internetseite unsere Firma n\u00e4her kennen. <\/p>\n<p>Unser Unternehmen ist ein versierter und erfahrener Handwerksbetrieb mit Sitz in Brietlingen bei L\u00fcneburg. Seit vielen Jahren schon sind wir Ihre Experten f\u00fcr alle auftretenden Fragen rund um die Bauwerksabdichtung. Wir setzen ausschlie\u00dflich praxisbew\u00e4hrte und effektive Sanierungssysteme und -methoden ein. Als Fachbetrieb f\u00fcr Abdichtung und Sanierung schauen wir auf eine lange Berufserfahrung zur\u00fcck. Unsere gut geschulten Spezialisten informieren Sie mit Vergn\u00fcgen im Detail.<\/p>","popseo_schlusstext":"<p>Sie suchen einen Experten f\u00fcr die sachgerechte Umsetzung der Innen- und Au\u00dfenabdichtung. Dann melden Sie sich am besten noch heute bei uns. Wir freuen uns auf Ihren Anruf oder Ihre E-Mail. Wenn es um Sanierung geht, sind wir Ihr qualifizierter Handwerkspartner. Wir stehen f\u00fcr eine einwandfrei ausgef\u00fchrte Arbeit nach dem stets neuesten Stand der Technik.<\/p>","popseo_stadttext":"<h3>Unser Einzugsbereich umfasst auch das Amt Neuhaus<\/h3>\n<p>Durch unsere Gesch\u00e4ftst\u00e4tigkeit haben wir uns einen ausgezeichneten \u00dcberblick \u00fcber die Stadtarchitektur der Gemeinden und St\u00e4dte unseres Einzugsbereiches machen k\u00f6nnen. Selbstverst\u00e4ndlich geh\u00f6rt auch das Amt Neuhaus zu unserem unmittelbaren Gesch\u00e4ftsgebiet. Sie kommen aus Haar, Dellien, Kaar\u00dfen, Neuhaus, Sumte, Stapel oder Tripkau und sind hier im Internet auf unsere Homepage gesto\u00dfen? Das finden wir toll. Sehr gerne pr\u00e4sentieren wir Ihnen unser komplettes Leistungsspektrum und beantworten Ihre Fragen. Wir freuen uns darauf, mit Ihnen in Kontakt zu treten. <\/p>\n<h2>Einige interessante Informationen \u00fcber das Amt Neuhaus:<\/h2>\n<p>Das Amt Neuhaus geh\u00f6rt verwaltungstechnisch zum Landkreis L\u00fcneburg. In Summe leben knapp 5.000 Menschen in der Region. Rund 237 km\u00b2 umfasst das gesamte Gebiet. Das Amt Neuhaus \u00fcberzeugt durch eine gute Infrastruktur und ist verkehrstechnisch hervorragend angebunden. Wegen der bevorzugten Lage ist das Amt Neuhaus speziell bei Pendlern angesagt. Sowohl L\u00fcneburg, Hannover als auch Hamburg sind schnell erreicht. Das gesamte Areal des Amtes zeichnet sich durch eine wirklich gute Wohnqualit\u00e4t aus. Die insbesondere als Wohnstatt beliebte Ortschaften sind speziell auch f\u00fcr junge Familien mit Kindern eine gute Wahl. Das Amt Neuhaus verbindet durch seine Lage auf eine interessante Art und Weise urbanes Leben mit dem eher volkst\u00fcmlichen Flair eines Au\u00dfenbezirkes. F\u00fcr die Gr\u00f6\u00dfe des Amtes \u00fcberraschend viele Sport- und Freizeitm\u00f6glichkeiten und eine landschaftlich ansprechende Umgebung zeichnen die Region aus. Die Baustruktur im Amt Neuhaus wird dominiert von einer ansprechenden Einzelhausbebauung. <\/p>\n<h4>Privat- und Gesch\u00e4ftskunden aus dem Amt Neuhaus sch\u00e4tzen unsere Leistungen!<\/h4>\n<p>Sie kommen aus Dellien, Haar, Kaar\u00dfen, Neuhaus, Sumte, Stapel oder Tripkau, interessieren sich f\u00fcr unser Angebot und sind hier im World Wide Web auf unsere Homepage gesto\u00dfen? Dar\u00fcber freuen wir uns sehr. Sehr gerne pr\u00e4sentieren wir Ihnen unser gesamtes Angebotsspektrum und beantworten Ihre Fragen. Unser engagiertes Team freut sich auf Sie.<\/p>","popseo_zusatztext":"<h3>Abdichten: Wir bieten eine erstklassige Sanierungsarbeit<\/h3>\n<p>Sie haben einen N\u00e4sseschaden festgestellt und m\u00fcssen die betroffenen Bereiche nun z\u00fcgig abdichten. Sehr gut, dass Sie uns gefunden haben! Als routiniertes Fachunternehmen der Baubranche kennen wir uns bestens aus mit dem Abdichten von Mauern, W\u00e4nden oder Kellern.  <\/p>\n<p>Feuchtigkeitssch\u00e4den sind unser Metier: F\u00fcr unseren Betrieb geh\u00f6rt das Abdichten von W\u00e4nden, Mauern oder Kellern zur allt\u00e4glichen Arbeit. Wir gehen der Ursache f\u00fcr den Feuchtigkeitseintritt sorgf\u00e4ltig auf den Grund. Vor dem eigentlichen Abdichten muss erstmal die Ursachenforschung stehen. Erst wenn man den tats\u00e4chlichen Grund f\u00fcr die Durchfeuchtung ermittelt hat, kann man mit dem Abdichten anfangen. Die Begutachtung gibt die Richtung vor, den das Abdichten eines Bauk\u00f6rpers umfassen muss.  <\/p>\n<h4>Abdichten: Beste Arbeit durch den Fachbetrieb<\/h4>\n<p>Warten Sie bitte nicht und vereinbaren Sie zeitnah ein Treffen mit einem unserer routinierten Angestellten. Ein kurzer Anruf beziehungsweise eine kurze E-Mail reichen v\u00f6llig aus! Bei einer Analyse direkt am gesch\u00e4digten Objekt, nehmen wir den Schaden auf und erarbeiten daraufhin ein Konzept f\u00fcr das langfristige Abdichten der betroffenen Bereiche. Unsere Arbeit ist grunds\u00e4tzlich zweckbezogen: Nat\u00fcrlich flie\u00dfen auch monet\u00e4re Aspekte in unsere Entscheidungsfindung f\u00fcr das Abdichten Ihres Geb\u00e4udes mit ein. Alles aus einer Hand: Unsere motivierten Fachkr\u00e4fte f\u00fchren alle erforderlichen T\u00e4tigkeiten, die zum Abdichten geh\u00f6ren umgehend und zuverl\u00e4ssig aus. Schon seit langer Zeit ist unser Haus f\u00fcr eine hohe Qualit\u00e4t bekannt. Eine unserer Schwerpunkte liegt im Abdichten von Wohn- und Gesch\u00e4ftsgeb\u00e4uden. Setzen Sie auf Kompetenz und beauftragen Sie unser Unternehmen f\u00fcr das Abdichten von neuralgischen Bereichen im Mauerwerk. Wir freuen uns darauf, auch Ihnen helfen zu k\u00f6nnen.<\/p>","popseo_links":"<a href=\"https:\/\/bautenschutz-keul.de\/angebote\/kellertrockenlegung-glinde-sachsenwald\/\">Kellertrockenlegung Glinde Sachsenwald<\/a>, <a href=\"https:\/\/bautenschutz-keul.de\/angebote\/kellertrockenlegung-bad-bevensen\/\">Kellertrockenlegung Bad Bevensen<\/a>, <a href=\"https:\/\/bautenschutz-keul.de\/angebote\/innenabdichtung-herzogtum-lauenburg\/\">Innenabdichtung Herzogtum Lauenburg<\/a>, <a href=\"https:\/\/bautenschutz-keul.de\/angebote\/salpeter-im-keller-buechen\/\">Salpeter im Keller B\u00fcchen<\/a>, <a href=\"https:\/\/bautenschutz-keul.de\/angebote\/aufsteigende-feuchtigkeit-hanstedt\/\">aufsteigende Feuchtigkeit Hanstedt<\/a>, <a href=\"https:\/\/bautenschutz-keul.de\/angebote\/horizontalsperre-schwarzenbek\/\">Horizontalsperre Schwarzenbek<\/a>, <a href=\"https:\/\/bautenschutz-keul.de\/angebote\/innenabdichtung-geesthacht\/\">Innenabdichtung Geesthacht<\/a>, <a href=\"https:\/\/bautenschutz-keul.de\/angebote\/schimmel-reinbek-aumuehle\/\">Schimmel Reinbek Aum\u00fchle<\/a>, <a href=\"https:\/\/bautenschutz-keul.de\/angebote\/zerstoerter-putz-brietlingen\/\">zerst\u00f6rter Putz Brietlingen<\/a>, <a href=\"https:\/\/bautenschutz-keul.de\/angebote\/feuchte-wand-reinbek-aumuehle\/\">Feuchte Wand Reinbek Aum\u00fchle<\/a>, <a href=\"https:\/\/bautenschutz-keul.de\/angebote\/kellerabdichtung-hanstedt\/\">Kellerabdichtung Hanstedt<\/a>, <a href=\"https:\/\/bautenschutz-keul.de\/angebote\/feuchte-mauer-reppenstedt\/\">Feuchte Mauer Reppenstedt<\/a>, <a href=\"https:\/\/bautenschutz-keul.de\/angebote\/aussenabdichtung-bad-bevensen\/\">Au\u00dfenabdichtung Bad Bevensen<\/a>, <a href=\"https:\/\/bautenschutz-keul.de\/angebote\/bauwerksabdichtung-bienenbuettel\/\">Bauwerksabdichtung Bienenb\u00fcttel<\/a>, <a href=\"https:\/\/bautenschutz-keul.de\/angebote\/mauertrockenlegung-tostedt-sittensen\/\">Mauertrockenlegung Tostedt Sittensen<\/a>, <a href=\"https:\/\/bautenschutz-keul.de\/angebote\/schimmelsanierung-lueneburg\/\">Schimmelsanierung L\u00fcneburg<\/a>, <a href=\"https:\/\/bautenschutz-keul.de\/angebote\/kellerabdichtung-jesteburg\/\">Kellerabdichtung Jesteburg<\/a>, <a href=\"https:\/\/bautenschutz-keul.de\/angebote\/aussenabdichtung-hanstedt\/\">Au\u00dfenabdichtung Hanstedt<\/a>, <a href=\"https:\/\/bautenschutz-keul.de\/angebote\/schimmelbeseitigung-bispingen\/\">Schimmelbeseitigung Bispingen<\/a>, <a href=\"https:\/\/bautenschutz-keul.de\/angebote\/kellersanierung-glinde-sachsenwald\/\">Kellersanierung Glinde Sachsenwald<\/a>, <a href=\"https:\/\/bautenschutz-keul.de\/angebote\/innenabdichtung-harburg\/\">Innenabdichtung Harburg<\/a>, <a href=\"https:\/\/bautenschutz-keul.de\/angebote\/horizontalsperre-jesteburg\/\">Horizontalsperre Jesteburg<\/a>, <a href=\"https:\/\/bautenschutz-keul.de\/angebote\/rissverpressung-uelzen\/\">Rissverpressung Uelzen<\/a>, <a href=\"https:\/\/bautenschutz-keul.de\/angebote\/feuchter-keller-bergedorf-wentorf\/\">Feuchter Keller Bergedorf Wentorf<\/a>, <a href=\"https:\/\/bautenschutz-keul.de\/angebote\/salpeter-im-keller-ebstorf\/\">Salpeter im Keller Ebstorf<\/a>, <a href=\"https:\/\/bautenschutz-keul.de\/angebote\/schimmelsanierung-winsen-luhe\/\">Schimmelsanierung Winsen Luhe<\/a>, <a href=\"https:\/\/bautenschutz-keul.de\/angebote\/schimmelbeseitigung-salzhausen\/\">Schimmelbeseitigung Salzhausen<\/a>, <a href=\"https:\/\/bautenschutz-keul.de\/angebote\/schimmelsanierung-salzhausen\/\">Schimmelsanierung Salzhausen<\/a>, <a href=\"https:\/\/bautenschutz-keul.de\/angebote\/bauwerksabdichtung-buchholz-in-der-nordheide\/\">Bauwerksabdichtung Buchholz in der Nordheide<\/a>, <a href=\"https:\/\/bautenschutz-keul.de\/angebote\/feuchtigkeit-brietlingen\/\">Feuchtigkeit Brietlingen<\/a>"},"_links":{"self":[{"href":"https:\/\/bautenschutz-keul.de\/angebote\/wp-json\/wp\/v2\/pages\/210","targetHints":{"allow":["GET"]}}],"collection":[{"href":"https:\/\/bautenschutz-keul.de\/angebote\/wp-json\/wp\/v2\/pages"}],"about":[{"href":"https:\/\/bautenschutz-keul.de\/angebote\/wp-json\/wp\/v2\/types\/page"}],"author":[{"embeddable":true,"href":"https:\/\/bautenschutz-keul.de\/angebote\/wp-json\/wp\/v2\/users\/1"}],"replies":[{"embeddable":true,"href":"https:\/\/bautenschutz-keul.de\/angebote\/wp-json\/wp\/v2\/comments?post=210"}],"version-history":[{"count":0,"href":"https:\/\/bautenschutz-keul.de\/angebote\/wp-json\/wp\/v2\/pages\/210\/revisions"}],"wp:attachment":[{"href":"https:\/\/bautenschutz-keul.de\/angebote\/wp-json\/wp\/v2\/media?parent=210"}],"curies":[{"name":"wp","href":"https:\/\/api.w.org\/{rel}","templated":true}]}}