{"id":211,"date":"2021-09-13T08:43:43","date_gmt":"2021-09-13T06:43:43","guid":{"rendered":"https:\/\/bautenschutz-keul.de\/angebote\/feuchter-keller-bad-bevensen\/"},"modified":"2021-09-13T08:43:43","modified_gmt":"2021-09-13T06:43:43","slug":"feuchter-keller-bad-bevensen","status":"publish","type":"page","link":"https:\/\/bautenschutz-keul.de\/angebote\/feuchter-keller-bad-bevensen\/","title":{"rendered":"Feuchter Keller &#8211; Bad Bevensen"},"content":{"rendered":"<h3>Feuchter Keller \u2013 wir helfen schnell und unkompliziert!<\/h3>\n<p>Ein feuchter Keller kann allemal ung\u00fcnstige Auswirkungen auf Wohlbefinden und Verfassung der Hausbewohner haben. Schimmelentstehung und Sporenablagerungen sind h\u00e4ufig der Grund f\u00fcr gesundheitliche St\u00f6rungen. Ein zus\u00e4tzlicher Anlass dem feuchten Keller zu Leibe zu gehen. Ein feuchter Keller ist eine Aufgabe f\u00fcr den Spezialisten. Nur ein gut geschulter Fachmann kennt die zweckm\u00e4\u00dfigen Methoden, wie ein feuchter Keller unverz\u00fcglich und erfolgreich saniert werden kann. <\/p>\n<p>Ein feuchter Keller kann unbehandelt zum brisanten Thema werden. Hausbesitzer sind diesbez\u00fcglich bestens beraten, sich umfassend \u00fcber Sanierungsm\u00f6glichkeiten zu informieren, f\u00fcr den Fall das sie nasse Bereiche in Ihrem Keller aufgesp\u00fcrt haben.<br \/>\nFr\u00fchzeitig gesehen, braucht ein feuchter Keller nicht unbedingt umfangreiche und langwierige Sanierungsarbeiten nach sich ziehen. Denkbare Gr\u00fcnde gibt es sehr viele.<\/p>\n<h3>Feuchter Keller: Unser Fachleute behebn den Schaden!<\/h3>\n<p>Oftmals liegt der Grund f\u00fcr einen feuchten Keller in einer nur ungen\u00fcgenden Luftzufuhr. Auch por\u00f6se Leitungen d\u00fcrften die Ursache f\u00fcr einen feuchten Keller sein. Derlei Gr\u00fcnde sind erfahrungsgem\u00e4\u00df schnell behoben. Erkennbar komplizierter wird es, falls festgestellt wird, dass die N\u00e4sse von au\u00dfen in den Keller gelangt. Ein gestiegener Grundwasserspiegel f\u00fchrt zum Beispiel dazu, dass Feuchtigkeit in die Mauer gelangt. Auch Bauwerke mit Hanglage sind gef\u00e4hrdet f\u00fcr durchdringende Feuchtigkeit. Dort kann es schon mal sein, dass h\u00e4rtere Gesch\u00fctze f\u00fcr eine nachhaltige Instandsetzung erwogen werden m\u00fcssen. Doch auch in dem Fall ist ein feuchter Keller kein unvermeidbares \u00dcbel. Fragen Sie folglich am besten erst die Profis unseres Unternehmens, wenn Sie Feuchtigkeit in Ihren R\u00e4umlichkeiten entdeckt haben. Bei einer Begehung unmittelbar bei Ihnen vor Ort nehmen wir den Schaden auf und unterbreiten Ratschl\u00e4ge f\u00fcr eine anhaltende Sanierung.<\/p>\n","protected":false},"excerpt":{"rendered":"<p>Feuchter Keller \u2013 wir helfen schnell und unkompliziert! Ein feuchter Keller kann allemal ung\u00fcnstige Auswirkungen auf Wohlbefinden und Verfassung der Hausbewohner haben. Schimmelentstehung und Sporenablagerungen sind h\u00e4ufig der Grund f\u00fcr gesundheitliche St\u00f6rungen. Ein zus\u00e4tzlicher Anlass dem feuchten Keller zu Leibe zu gehen. Ein feuchter Keller ist eine Aufgabe f\u00fcr den Spezialisten. Nur ein gut geschulter [&hellip;]<\/p>\n","protected":false},"author":1,"featured_media":0,"parent":0,"menu_order":0,"comment_status":"closed","ping_status":"closed","template":"","meta":{"footnotes":""},"class_list":["post-211","page","type-page","status-publish","hentry"],"meta_box":{"popseo_subtitel":"Feuchter Keller: Wir sind Ihr erfahrener Fachbetrieb im Raum Bad Bevensen","popseo_subtitel2":"Feuchter Keller - wir haben die richtige L\u00f6sung f\u00fcr Sie!","popseo_lasttitel":"Feuchter Keller: Unsere Mitarbeiter beantworten gerne Ihre Fragen","popseo_region":"Bad Bevensen","popseo_sachwort":"Feuchter Keller","popseo_noupdate":"","popseo_einleitungstext":"<p>Sie wollen Ihre Immobilie sanieren lassen und m\u00f6chten sich \u00fcber wirksame Sanierungsmethoden informieren? Klasse, dann sind Sie bei uns goldrichtig. Als auf die Objektsanierung spezialisiertes Handwerksunternehmen, \u00fcbernehmen wir sehr gerne Arbeiten im Bereich Abdichtung und Trockenlegung.  <\/p>\n<p>Erfahren sind wir bei der Bauwerksabdichtung und au\u00dferdem bei der Kellersanierung, der Rissverpressung und der Schimmelbek\u00e4mpfung. Wir kennen uns mit der zeitgem\u00e4\u00dfen Sanierung von Neubauten und Bestandsimmobilien bestens aus. Auf unserer Internetseite stellen wir Ihnen unsere Firma und das gesamte Leistungsprogramm n\u00e4her vor. \u00dcber Ihr Interesse freuen wir uns sehr.<\/p>","popseo_schlusstext":"<p>Sehr gerne informieren wir Sie n\u00e4her \u00fcber unser Aufgabenfeld. Wir nennen Ihnen mit Vergn\u00fcgen auch ein paar Referenzen, die Ihnen einen Einblick in unsere Firment\u00e4tigkeit geben.<br \/>\nVertrauen Sie auf das Urteil eines erfahrenen Sannierungsfachbetriebes. Rufen Sie uns doch rasch einmal an oder schreiben Sie uns eine schnelle E-Mail. Wir freuen uns auf den Kontakt zu Ihnen.<\/p>","popseo_stadttext":"<h3>Vor Ort in Bad Bevensen<\/h3>\n<p>Durch unsere Gesch\u00e4ftst\u00e4tigkeit haben wir uns einen ausgezeichneten \u00dcberblick \u00fcber die Stadtarchitektur der Gemeinden und St\u00e4dte unseres Einzugsbereiches erarbeiten k\u00f6nnen. Selbstverst\u00e4ndlich geh\u00f6rt auch Bad Bevensen zu unserem unmittelbaren Vertriebsgebiet. Sie kommen aus der Region und sind hier im World Wide Web auf unsere Website gesto\u00dfen? Das finden wir klasse. Sehr gerne pr\u00e4sentieren wir Ihnen unser gesamtes Leistungsspektrum und beantworten Ihre Fragen. Wir freuen uns darauf, mit Ihnen ins Gespr\u00e4ch zu kommen. <\/p>\n<h3>Interessante Fakten zu Bad Bevensen<\/h3>\n<p>Bad Bevensen hat etwa 9.000 Einwohner und streckt sich \u00fcber eine Gesamtfl\u00e4che von etwa 48 qkm. Hinsichtlich der Verkehrssituation ist die Kleinstadt gut zu erreichen: In unmittelbarer Umgebung des Gemeindegebietes liegt eine Anschlussstelle zur Autobahn B4. Dar\u00fcber hinaus erreicht man Bad Bevensen \u00fcber die L252 und mit der Bahn auf der Strecke Hannover-Hamburg. Bad Bevensee liegt in der L\u00fcneburger Heide und geh\u00f6rt juristisch zum Kreis Uelzen. Die Gemeinde ist Sitz der Samtgemeinde Bevensen-Ebstorf, einer Vereinigung von 13 kleineren Orten. Die Samtgemeinde z\u00e4hlt in Summe knapp 26.000 Einwohner und streckt sich \u00fcber eine Fl\u00e4che von zirka 479 qkm. Bad Bevensen ist ohne Frage ein sch\u00f6ner Platz zum Leben. Die charmante Kleinstadt verf\u00fcgt \u00fcber eine funktionierende Infrastruktur und bestens ausgebaute Wohnviertel.    <\/p>\n<h4>Privat- und Gesch\u00e4ftskunden aus Bad Bevensen sch\u00e4tzen unsere Leistungen!<\/h4>\n<p>Sie leben in Bad Bevensen oder einem anderen Ort der Samtgemeinde und interessieren sich f\u00fcr unser Angebot. Toll, dass Sie uns hier auf dieser Website entdeckt haben. F\u00fcr R\u00fcckfragen sind wir jederzeit f\u00fcr Sie da. Unser engagiertes Team freut sich auf Sie.<\/p>","popseo_zusatztext":"<h3>Sanieren: Wir versprechen Ihnen eine erstklassige Arbeit!<\/h3>\n<p>Sie beabsichtigen eine Wand, einen Keller oder sogar ein gesamtes Haus zu sanieren? Gut, denn da sind Sie bei uns genau an der passenden Stelle. Wir sind Ihr routinierter Partner f\u00fcr s\u00e4mtliche Fragestellungen rund um das Sanieren von Geb\u00e4uden.  Ob nasse Keller, feuchte Mauern oder die Sanierung gr\u00f6\u00dferer N\u00e4ssesch\u00e4den: Als spezialisierter Fachbetrieb geh\u00f6rt das Sanieren zu den allt\u00e4glichen T\u00e4tigkeitsschwerpunkten. Wir gehen der Schadensursache gewissenhaft auf den Grund. Vor der eigentlichen Sanierung muss auf jeden Fall die Ursachenforschung stehen. Erst wenn man den tats\u00e4chlichen Grund f\u00fcr einen eingetretenen Schadensfall kennt, kann man nat\u00fcrlich erst mit dem Sanieren anfangen. Auch erkennt man erst nach einer detaillierten Analyse den Umfang, den das Sanieren eines Bauk\u00f6rpers in Anspruch nehmen wird.<\/p>\n<p>Verabreden Sie doch einfach einmal einen unverbindlichen Besprechungstermin mit einem unserer gut geschulten Fachleute. Telefon beziehungsweise Email reichen aus! Im Rahmen einer Begutachtung direkt am Objekt nehmen wir die Besch\u00e4digung auf und unterbreiten Vorschl\u00e4ge f\u00fcr das passende Sanieren. So viel wie n\u00f6tig, so wenig wie m\u00f6glich: Auch \u00f6konomische Betrachtungen flie\u00dfen in unsere Entscheidungsfindung f\u00fcr das Sanieren Ihres Bauwerkes mit ein. <\/p>\n<h4>Sanieren: Wir helfen verl\u00e4sslich und kompetent!<\/h4>\n<p>Selbstverst\u00e4ndlich f\u00fchren unsere geschulten Angestellten alle erforderlichen Arbeiten, die zum Sanieren geh\u00f6ren schnell und verl\u00e4\u00dflich aus. Unsere Firma ist seit langer Zeit f\u00fcr eine hohe Fachkompetenz beim Sanieren bekannt. Der Instandsetzung von Wohn- und Gesch\u00e4ftsgeb\u00e4uden haben wir uns gewidmet. Vertrauen Sie auf Routine und \u00fcberlassen Sie das Sanieren Ihrer Immobilie unserer Fachfirma. Wir freuen uns darauf, auch Ihnen helfen zu k\u00f6nnen.<\/p>","popseo_links":"<a href=\"https:\/\/bautenschutz-keul.de\/angebote\/kellerabdichtung-buchholz-in-der-nordheide\/\">Kellerabdichtung Buchholz in der Nordheide<\/a>, <a href=\"https:\/\/bautenschutz-keul.de\/angebote\/schimmel-ebstorf\/\">Schimmel Ebstorf<\/a>, <a href=\"https:\/\/bautenschutz-keul.de\/angebote\/feuchter-keller-geesthacht\/\">Feuchter Keller Geesthacht<\/a>, <a href=\"https:\/\/bautenschutz-keul.de\/angebote\/feuchter-keller-bad-bevensen\/\">Feuchter Keller Bad Bevensen<\/a>, <a href=\"https:\/\/bautenschutz-keul.de\/angebote\/feuchter-keller-adendorf\/\">Feuchter Keller Adendorf<\/a>, <a href=\"https:\/\/bautenschutz-keul.de\/angebote\/kellertrockenlegung-hanstedt\/\">Kellertrockenlegung Hanstedt<\/a>, <a href=\"https:\/\/bautenschutz-keul.de\/angebote\/feuchtigkeit-boizenburg\/\">Feuchtigkeit Boizenburg<\/a>, <a href=\"https:\/\/bautenschutz-keul.de\/angebote\/kellersanierung-jesteburg\/\">Kellersanierung Jesteburg<\/a>, <a href=\"https:\/\/bautenschutz-keul.de\/angebote\/kellertrockenlegung-amt-neuhaus\/\">Kellertrockenlegung Amt Neuhaus<\/a>, <a href=\"https:\/\/bautenschutz-keul.de\/angebote\/bauwerksabdichtung-herzogtum-lauenburg\/\">Bauwerksabdichtung Herzogtum Lauenburg<\/a>, <a href=\"https:\/\/bautenschutz-keul.de\/angebote\/zerstoerter-putz-boizenburg\/\">zerst\u00f6rter Putz Boizenburg<\/a>, <a href=\"https:\/\/bautenschutz-keul.de\/angebote\/rissverpressung-bispingen\/\">Rissverpressung Bispingen<\/a>, <a href=\"https:\/\/bautenschutz-keul.de\/angebote\/feuchte-wand-reppenstedt\/\">Feuchte Wand Reppenstedt<\/a>, <a href=\"https:\/\/bautenschutz-keul.de\/angebote\/feuchter-keller-uelzen\/\">Feuchter Keller Uelzen<\/a>, <a href=\"https:\/\/bautenschutz-keul.de\/angebote\/kellertrockenlegung-stelle\/\">Kellertrockenlegung Stelle<\/a>, <a href=\"https:\/\/bautenschutz-keul.de\/angebote\/bauwerksabdichtung-glinde-sachsenwald\/\">Bauwerksabdichtung Glinde Sachsenwald<\/a>, <a href=\"https:\/\/bautenschutz-keul.de\/angebote\/schimmel-bad-bevensen\/\">Schimmel Bad Bevensen<\/a>, <a href=\"https:\/\/bautenschutz-keul.de\/angebote\/feuchtigkeit-schwarzenbek\/\">Feuchtigkeit Schwarzenbek<\/a>, <a href=\"https:\/\/bautenschutz-keul.de\/angebote\/feuchte-mauer-bad-bevensen\/\">Feuchte Mauer Bad Bevensen<\/a>, <a href=\"https:\/\/bautenschutz-keul.de\/angebote\/kellerabdichtung-adendorf\/\">Kellerabdichtung Adendorf<\/a>, <a href=\"https:\/\/bautenschutz-keul.de\/angebote\/horizontalsperre-buchholz-in-der-nordheide\/\">Horizontalsperre Buchholz in der Nordheide<\/a>, <a href=\"https:\/\/bautenschutz-keul.de\/angebote\/aufsteigende-feuchtigkeit-winsen-luhe\/\">aufsteigende Feuchtigkeit Winsen Luhe<\/a>, <a href=\"https:\/\/bautenschutz-keul.de\/angebote\/innenabdichtung-reinbek-aumuehle\/\">Innenabdichtung Reinbek Aum\u00fchle<\/a>, <a href=\"https:\/\/bautenschutz-keul.de\/angebote\/schimmelbeseitigung-buechen\/\">Schimmelbeseitigung B\u00fcchen<\/a>, <a href=\"https:\/\/bautenschutz-keul.de\/angebote\/aufsteigende-feuchtigkeit-boizenburg\/\">aufsteigende Feuchtigkeit Boizenburg<\/a>, <a href=\"https:\/\/bautenschutz-keul.de\/angebote\/kellerabdichtung-buechen\/\">Kellerabdichtung B\u00fcchen<\/a>, <a href=\"https:\/\/bautenschutz-keul.de\/angebote\/kellersanierung-geesthacht\/\">Kellersanierung Geesthacht<\/a>, <a href=\"https:\/\/bautenschutz-keul.de\/angebote\/rissverpressung-glinde-sachsenwald\/\">Rissverpressung Glinde Sachsenwald<\/a>, <a href=\"https:\/\/bautenschutz-keul.de\/angebote\/schimmel-bardowick\/\">Schimmel Bardowick<\/a>, <a href=\"https:\/\/bautenschutz-keul.de\/angebote\/aussenabdichtung-geesthacht\/\">Au\u00dfenabdichtung Geesthacht<\/a>"},"_links":{"self":[{"href":"https:\/\/bautenschutz-keul.de\/angebote\/wp-json\/wp\/v2\/pages\/211","targetHints":{"allow":["GET"]}}],"collection":[{"href":"https:\/\/bautenschutz-keul.de\/angebote\/wp-json\/wp\/v2\/pages"}],"about":[{"href":"https:\/\/bautenschutz-keul.de\/angebote\/wp-json\/wp\/v2\/types\/page"}],"author":[{"embeddable":true,"href":"https:\/\/bautenschutz-keul.de\/angebote\/wp-json\/wp\/v2\/users\/1"}],"replies":[{"embeddable":true,"href":"https:\/\/bautenschutz-keul.de\/angebote\/wp-json\/wp\/v2\/comments?post=211"}],"version-history":[{"count":0,"href":"https:\/\/bautenschutz-keul.de\/angebote\/wp-json\/wp\/v2\/pages\/211\/revisions"}],"wp:attachment":[{"href":"https:\/\/bautenschutz-keul.de\/angebote\/wp-json\/wp\/v2\/media?parent=211"}],"curies":[{"name":"wp","href":"https:\/\/api.w.org\/{rel}","templated":true}]}}