{"id":213,"date":"2021-09-13T08:43:43","date_gmt":"2021-09-13T06:43:43","guid":{"rendered":"https:\/\/bautenschutz-keul.de\/angebote\/feuchter-keller-bergedorf-wentorf\/"},"modified":"2021-09-13T08:43:43","modified_gmt":"2021-09-13T06:43:43","slug":"feuchter-keller-bergedorf-wentorf","status":"publish","type":"page","link":"https:\/\/bautenschutz-keul.de\/angebote\/feuchter-keller-bergedorf-wentorf\/","title":{"rendered":"Feuchter Keller &#8211; Bergedorf Wentorf"},"content":{"rendered":"<h3>Schnell und gr\u00fcndlich: Wir helfen bei der Sanierung Ihres feuchten Kellers<\/h3>\n<p>Ein feuchter Keller kann ggfs. ung\u00fcnstige Effekte auf Befinden und gesundheitliche Verfassung der Geb\u00e4udebewohner haben. Schimmel und Sporen sind nicht selten die Erkl\u00e4rung f\u00fcr gesundheitliche Beeintr\u00e4chtigungen. Ein zus\u00e4tzlicher Anlass dem feuchten Keller zu Leibe zu gehen. Ein feuchter Keller ist eine Aufgabe f\u00fcr den Fachbetrieb. Nur ein hervorragend ausgebildeter Fachmann beherrscht die passenden Methoden, wie ein feuchter Keller sofort und erfolgreich instandgesetzt werden kann. <\/p>\n<p>Ein feuchter Keller k\u00f6nnte unbehandelt zum gravierenden Problem werden. Hauseigent\u00fcmer sind diesbez\u00fcglich sehr gut beraten, sich umfangreich \u00fcber eine Sanierung zu informieren, falls sie nasse Bereiche in Ihrem Keller gefunden haben.<br \/>\nFr\u00fchzeitig gefunden, braucht ein feuchter Keller nicht zwangsl\u00e4ufig aufw\u00e4ndige und andauernde Sanierungsarbeiten nach sich ziehen. Mutma\u00dfliche Gr\u00fcnde gibt es sehr viele.<\/p>\n<h3>Feuchter Keller: Fragen Sie den Sanierungsprofi!<\/h3>\n<p>Oftmals liegt die Ursache f\u00fcr einen feuchten Keller in einer nicht ausreichenden L\u00fcftung. Auch tropfende Abflussleitungen d\u00fcrften der Grund f\u00fcr einen feuchten Keller sein. Solcherlei Ursachen sind normalerweise Ruck Zuck in Ordnung gebracht. Erheblich komplizierter wird es, falls festgestellt wird, dass die Feuchtigkeit von au\u00dfen in den Keller gelangt. Ein gestiegener Grundwasserspiegel f\u00fchrt beispielsweise dazu, dass Feuchtigkeit in die Mauer eindringt. Auch H\u00e4user mit Hanglage sind bedroht f\u00fcr durchdringende N\u00e4sse. Dort kann es absolut sein, dass gr\u00f6\u00dfere Gesch\u00fctze f\u00fcr eine wirksame Instandsetzung ergriffen werden m\u00fcssen. Doch auch dann ist ein feuchter Keller kein unabwendbares Schicksal. Fragen Sie folglich am besten erst die Fachkr\u00e4fte unseres Unternehmens, wenn Sie N\u00e4sse in Ihren R\u00e4umlichkeiten gefunden haben. Bei einer Begehung unmittelbar bei Ihnen vor Ort nehmen wir die Sch\u00e4den auf und unterbreiten Vorschl\u00e4ge f\u00fcr eine anhaltende Sanierung.<\/p>\n","protected":false},"excerpt":{"rendered":"<p>Schnell und gr\u00fcndlich: Wir helfen bei der Sanierung Ihres feuchten Kellers Ein feuchter Keller kann ggfs. ung\u00fcnstige Effekte auf Befinden und gesundheitliche Verfassung der Geb\u00e4udebewohner haben. Schimmel und Sporen sind nicht selten die Erkl\u00e4rung f\u00fcr gesundheitliche Beeintr\u00e4chtigungen. Ein zus\u00e4tzlicher Anlass dem feuchten Keller zu Leibe zu gehen. Ein feuchter Keller ist eine Aufgabe f\u00fcr den [&hellip;]<\/p>\n","protected":false},"author":1,"featured_media":0,"parent":0,"menu_order":0,"comment_status":"closed","ping_status":"closed","template":"","meta":{"footnotes":""},"class_list":["post-213","page","type-page","status-publish","hentry"],"meta_box":{"popseo_subtitel":"Feuchter Keller: Die Firma TK-Geb\u00e4udetechnik Thorsten Keul ist Ihr Partner in Bergedorf Wentorf","popseo_subtitel2":"Feuchter Keller - wir beraten Sie zum Thema Sanierung!","popseo_lasttitel":"Feuchter Keller: Unsere Mitarbeiter beantworten gerne Ihre Fragen","popseo_region":"Bergedorf Wentorf","popseo_sachwort":"Feuchter Keller","popseo_noupdate":"","popseo_einleitungstext":"<p>Sie haben sich mit dem Thema Bauwerksabdichtung auseinandergesetzt, weil Ihr Haus feuchte Geb\u00e4udebereiche aufweist und Sie nach Methoden einer professionellen und vor allem wirksamen Sanierung Ausschau halten. Super, dass sie uns gefunden haben. Auf den folgenden Seiten m\u00f6chten wir Ihnen n\u00e4here Informationen zu unserem Leistungsspektrum geben. Sie lernen auf dieser Internetseite unsere Firma etwas n\u00e4her kennen. <\/p>\n<p>Unser Unternehmen ist ein versierter und erfahrener Handwerksbetrieb mit Gesch\u00e4ftsssitz in Brietlingen bei L\u00fcneburg. Bereits seit vielen Jahren sind wir Ihr Spezialist f\u00fcr alle Fragen rund um Geb\u00e4udeabdichtung. Wir setzen ausschlie\u00dflich effektive und praxisbew\u00e4hrte Sanierungssysteme und -methoden ein. Als Sanierungsfachbetrieb schauen wir auf eine lange Berufserfahrung zur\u00fcck. Unsere gut geschulten Spezialisten informieren Sie mit Vergn\u00fcgen im Detail.<\/p>","popseo_schlusstext":"<p>H\u00f6chste Anspr\u00fcche an unsere eigenen Leistungen sind f\u00fcr uns selbstverst\u00e4ndlich. Know-how, Zuverl\u00e4ssigkeit und Fachkompetenz sorgen f\u00fcr erfolgreiche Trockenlegungs- und Sanierungsprojekte. Unsere Experten freuen sich \u00fcber Ihre Kontaktaufnahme, egal ob per Telefonanruf oder E-Mail.<\/p>","popseo_stadttext":"<h3>Unsere Handwerksleistung f\u00fcr Kunden aus Wentorf und Bergedorf<\/h3>\n<p>Durch unsere Gesch\u00e4ftst\u00e4tigkeit haben wir uns einen guten \u00dcberblick \u00fcber die Architektur der St\u00e4dte und Gemeinden unseres Einzugsbereiches erarbeiten k\u00f6nnen. Selbstverst\u00e4ndlich z\u00e4hlen auch Bergedorf und Wentorf zu unserem unmittelbaren Wirkungskreis. Wir freuen uns darauf, mit Ihnen ins Gespr\u00e4ch zu kommen. <\/p>\n<h3>Einige Informationen \u00fcber Bergedorf und Wentorf:<h3>\n<p>Einstmals eigenst\u00e4ndig geh\u00f6rt Bergedorf heute zur Freien und Hansestadt Hamburg. Der Stadtteil liegt im S\u00fcdosten der Hansestadt und grenzt an die schleswig-holsteinischen Ortschaften Reinbek und Wentorf. In Bergedorf wohnen circa 42.000 B\u00fcrger auf einer Gesamtfl\u00e4che von 11 Quadratkilometern. Auch wenn Bergedorf schon seit dem 01. Januar 1938 keine Selbst\u00e4ndigkeit mehr besitzt, hat sich der Stadtteil trotzdem eine gewisse Originalit\u00e4t bewahrt. Beinahe ist man geneigt zu sagen, Bergedorf w\u00e4re eine Art Stadt in der Stadt. Zum Bezirk Bergedorf z\u00e4hlen addiert 14 Stadtteile. Die gr\u00f6\u00dften Stadtteile sind: Allerm\u00f6he, Billwerder, Lohbr\u00fcgge, Moorfleet, Neuallerm\u00f6he, Curslack, Altengamme, Ochsenwerder, Kirchwerder und Neuengamme. Oftmals hinzu gerechnet wird auch Wentorf. Das ist allerdings nicht ganz korrekt, da Wentorf zum schleswig-holsteinischen Landkreis Herzogtum Lauenburg z\u00e4hlt.  <\/p>\n<p>In Bergedorf zu wohnen hei\u00dft, die Vorz\u00fcge der Gro\u00dfstadt zu genie\u00dfen ohne im gleichen Atemzug auf kleinst\u00e4dtischen Charme zu verzichten. Die Wohnviertel von Bergedorf sind gekennzeichnet von Einzel- oder Mehrfamilienhausbebauung. Gr\u00f6\u00dfere Wohneinheiten findet man in Bergedorf insbesondere in der N\u00e4he des Stadtzentrums. Die Infrastruktur ist \u00fcberzeugend: Im innerst\u00e4dtischen Bereich von Bergedorf finden sich sehr gute Einkaufsm\u00f6glichkeiten. <\/p>\n<h3>Wir kennen uns aus in Bergedorf und Wentorf<\/h3>\n<p>Ob in den Einkaufspassagen oder in der Fu\u00dfg\u00e4ngerzone: In Bergedorf l\u00e4sst es sich wirklich wunderbar bummeln. Und wer sp\u00e4ter Lust auf ein wenig Entspannung hat, macht Station in einem der zahllosen lauschigen Restaurants und Caf\u00e9s. Bergedorf ist an den Hamburger Verkehrsverbund angebunden. Mit der S-Bahnlinie S2 erreicht man den Hauptbahnhof in ungef\u00e4hr 25 Minuten. Auch mit dem Wagen kommt man sehr gut nach Bergedorf: \u00dcber die Bundesstra\u00dfen 207 und 5 gelangt man auf direktem Wege in den Stadtteil. Die Bev\u00f6lkerung von Bergedorf mag besonders den ausgewogenen Mix ihres Stadtteils. Eine kraftvolle Wirtschaft, die nahen Naturgebiete sowie die ausgezeichneten Kultur- und Freizeitangebote machen Bergedorf zu einer Wohnstatt mit extrem  hoher Lebensqualit\u00e4t.<\/p>\n<p>Auch Wentorf grenzt unmittelbar an Bergedorf, die \u00dcberg\u00e4nge sind nahezu flie\u00dfend. Als attraktives Wohnquartier ist Wentorf besonders bei Berufspendlern beliebt. Eine sehr gute Infrastruktur, die N\u00e4he zur Metropole und eine hervorragende Anbindung sprechen f\u00fcr Wentorf. <\/p>\n<h4>Unsere Leistung f\u00fcr qualit\u00e4tsbewusste Kunden aus Bergedorf und Wentorf<\/h4>\n<p>Wir finden es super, dass Sie unsere Website gefunden haben. Ob Bergedorf oder Wentorf: Wir garantieren Ihnen ein sehr gutes Preis-Leistungsverh\u00e4ltnis. Sie m\u00f6chten mehr \u00fcber uns wissen? F\u00fcr R\u00fcckfragen stehen wir Ihnen jederzeit zur Verf\u00fcgung. Auf den Kontakt zu Ihnen freuen wir uns.<\/p>","popseo_zusatztext":"<h3>Sanieren: Wir versprechen Ihnen eine erstklassige Arbeit!<\/h3>\n<p>Sie planen eine Mauer, einen Keller oder gar ein gesamtes Geb\u00e4ude zu sanieren? Klasse, denn dann sind Sie bei uns genau an der richtigen Stelle. Wir sind Ihr kompetenter Partner f\u00fcr s\u00e4mtliche Fragen rund um das Sanieren von H\u00e4usern.  Ob nasse Keller, feuchte Mauern oder die Sanierung umfangreicher Feuchtigkeitssch\u00e4den: Als spezialisierte Fachfirma geh\u00f6rt das Sanieren zu den t\u00e4glichen Aufgaben. Wir gehen dem Schadensfall sorgf\u00e4ltig auf den Grund. Vor der eigentlichen Sanierung muss nat\u00fcrlich die Ursachenforschung stehen. Erst wenn man den realen Grund f\u00fcr einen entstandenen Schaden kennt, kann man sinnvollerweise mit dem Sanieren beginnen. Auch sieht man erst nach einer exakten Begutachtung den Umfang, den das Sanieren eines Bauk\u00f6rpers in Anspruch nehmen wird.<\/p>\n<p>Vereinbaren Sie doch kurzerhand einmal einen unverbindlichen Gespr\u00e4chstermin mit einem unserer sehr gut ausgebildeten Fachkr\u00e4fte. Telefonanruf oder auch Email reichen aus! Im Rahmen einer Begehung direkt am Objekt nehmen wir die Besch\u00e4digung auf und unterbreiten Vorschl\u00e4ge f\u00fcr das zweckgerichtete Sanieren. So viel wie n\u00f6tig, so wenig wie m\u00f6glich: Auch monet\u00e4re Betrachtungen flie\u00dfen in unsere Entscheidungsfindung f\u00fcr das Sanieren Ihres Bauwerkes mit ein. <\/p>\n<h4>Sanieren: Schnelle Hilfe durch den Fachbetrieb!<\/h4>\n<p>Selbstverst\u00e4ndlich f\u00fchren unsere routinierten Spezialisten alle notwendigen Arbeiten, die zum Sanieren geh\u00f6ren in kurzer Zeit und verl\u00e4\u00dflich aus. Unser Unternehmen ist seit vielen Jahren f\u00fcr eine hohe Qualit\u00e4t beim Sanieren bekannt. Der Sanierung von Wohn- und Gesch\u00e4ftsh\u00e4usern haben wir uns verschrieben. Vertrauen Sie auf Routine und \u00fcbertragen Sie das Sanieren Ihres Geb\u00e4udes unserem Fachbetrieb. Wir freuen uns darauf, auch Ihnen helfen zu d\u00fcrfen.<\/p>","popseo_links":"<a href=\"https:\/\/bautenschutz-keul.de\/angebote\/schimmel-buechen\/\">Schimmel B\u00fcchen<\/a>, <a href=\"https:\/\/bautenschutz-keul.de\/angebote\/salpeter-im-keller-brietlingen\/\">Salpeter im Keller Brietlingen<\/a>, <a href=\"https:\/\/bautenschutz-keul.de\/angebote\/aussenabdichtung-salzhausen\/\">Au\u00dfenabdichtung Salzhausen<\/a>, <a href=\"https:\/\/bautenschutz-keul.de\/angebote\/feuchtigkeitsschaden-maschen\/\">Feuchtigkeitsschaden Maschen<\/a>, <a href=\"https:\/\/bautenschutz-keul.de\/angebote\/feuchtigkeit-reinbek-aumuehle\/\">Feuchtigkeit Reinbek Aum\u00fchle<\/a>, <a href=\"https:\/\/bautenschutz-keul.de\/angebote\/schimmelbeseitigung-bienenbuettel\/\">Schimmelbeseitigung Bienenb\u00fcttel<\/a>, <a href=\"https:\/\/bautenschutz-keul.de\/angebote\/bauwerksabdichtung-amt-neuhaus\/\">Bauwerksabdichtung Amt Neuhaus<\/a>, <a href=\"https:\/\/bautenschutz-keul.de\/angebote\/mauertrockenlegung-bardowick\/\">Mauertrockenlegung Bardowick<\/a>, <a href=\"https:\/\/bautenschutz-keul.de\/angebote\/feuchter-keller-hanstedt\/\">Feuchter Keller Hanstedt<\/a>, <a href=\"https:\/\/bautenschutz-keul.de\/angebote\/kellertrockenlegung-ebstorf\/\">Kellertrockenlegung Ebstorf<\/a>, <a href=\"https:\/\/bautenschutz-keul.de\/angebote\/salpeter-im-keller-maschen\/\">Salpeter im Keller Maschen<\/a>, <a href=\"https:\/\/bautenschutz-keul.de\/angebote\/feuchtigkeitsschaden-uelzen\/\">Feuchtigkeitsschaden Uelzen<\/a>, <a href=\"https:\/\/bautenschutz-keul.de\/angebote\/schimmelsanierung-jesteburg\/\">Schimmelsanierung Jesteburg<\/a>, <a href=\"https:\/\/bautenschutz-keul.de\/angebote\/kellerabdichtung-reinbek-aumuehle\/\">Kellerabdichtung Reinbek Aum\u00fchle<\/a>, <a href=\"https:\/\/bautenschutz-keul.de\/angebote\/salpeter-im-keller-tostedt-sittensen\/\">Salpeter im Keller Tostedt Sittensen<\/a>, <a href=\"https:\/\/bautenschutz-keul.de\/angebote\/aussenabdichtung-glinde-sachsenwald\/\">Au\u00dfenabdichtung Glinde Sachsenwald<\/a>, <a href=\"https:\/\/bautenschutz-keul.de\/angebote\/schimmelbeseitigung-uelzen\/\">Schimmelbeseitigung Uelzen<\/a>, <a href=\"https:\/\/bautenschutz-keul.de\/angebote\/schimmelbeseitigung-harburg\/\">Schimmelbeseitigung Harburg<\/a>, <a href=\"https:\/\/bautenschutz-keul.de\/angebote\/kellerabdichtung-buechen\/\">Kellerabdichtung B\u00fcchen<\/a>, <a href=\"https:\/\/bautenschutz-keul.de\/angebote\/aufsteigende-feuchtigkeit-buchholz-in-der-nordheide\/\">aufsteigende Feuchtigkeit Buchholz in der Nordheide<\/a>, <a href=\"https:\/\/bautenschutz-keul.de\/angebote\/horizontalsperre-hanstedt\/\">Horizontalsperre Hanstedt<\/a>, <a href=\"https:\/\/bautenschutz-keul.de\/angebote\/rissverpressung-amt-neuhaus\/\">Rissverpressung Amt Neuhaus<\/a>, <a href=\"https:\/\/bautenschutz-keul.de\/angebote\/feuchtigkeitsschaden-hanstedt\/\">Feuchtigkeitsschaden Hanstedt<\/a>, <a href=\"https:\/\/bautenschutz-keul.de\/angebote\/kellertrockenlegung-hanstedt\/\">Kellertrockenlegung Hanstedt<\/a>, <a href=\"https:\/\/bautenschutz-keul.de\/angebote\/schimmelbeseitigung-buechen\/\">Schimmelbeseitigung B\u00fcchen<\/a>, <a href=\"https:\/\/bautenschutz-keul.de\/angebote\/aufsteigende-feuchtigkeit-bispingen\/\">aufsteigende Feuchtigkeit Bispingen<\/a>, <a href=\"https:\/\/bautenschutz-keul.de\/angebote\/zerstoerter-putz-adendorf\/\">zerst\u00f6rter Putz Adendorf<\/a>, <a href=\"https:\/\/bautenschutz-keul.de\/angebote\/aufsteigende-feuchtigkeit-salzhausen\/\">aufsteigende Feuchtigkeit Salzhausen<\/a>, <a href=\"https:\/\/bautenschutz-keul.de\/angebote\/salpeter-im-keller-schwarzenbek\/\">Salpeter im Keller Schwarzenbek<\/a>, <a href=\"https:\/\/bautenschutz-keul.de\/angebote\/kellerabdichtung-brietlingen\/\">Kellerabdichtung Brietlingen<\/a>"},"_links":{"self":[{"href":"https:\/\/bautenschutz-keul.de\/angebote\/wp-json\/wp\/v2\/pages\/213","targetHints":{"allow":["GET"]}}],"collection":[{"href":"https:\/\/bautenschutz-keul.de\/angebote\/wp-json\/wp\/v2\/pages"}],"about":[{"href":"https:\/\/bautenschutz-keul.de\/angebote\/wp-json\/wp\/v2\/types\/page"}],"author":[{"embeddable":true,"href":"https:\/\/bautenschutz-keul.de\/angebote\/wp-json\/wp\/v2\/users\/1"}],"replies":[{"embeddable":true,"href":"https:\/\/bautenschutz-keul.de\/angebote\/wp-json\/wp\/v2\/comments?post=213"}],"version-history":[{"count":0,"href":"https:\/\/bautenschutz-keul.de\/angebote\/wp-json\/wp\/v2\/pages\/213\/revisions"}],"wp:attachment":[{"href":"https:\/\/bautenschutz-keul.de\/angebote\/wp-json\/wp\/v2\/media?parent=213"}],"curies":[{"name":"wp","href":"https:\/\/api.w.org\/{rel}","templated":true}]}}