{"id":214,"date":"2021-09-13T08:43:43","date_gmt":"2021-09-13T06:43:43","guid":{"rendered":"https:\/\/bautenschutz-keul.de\/angebote\/feuchter-keller-bienenbuettel\/"},"modified":"2021-09-13T08:43:43","modified_gmt":"2021-09-13T06:43:43","slug":"feuchter-keller-bienenbuettel","status":"publish","type":"page","link":"https:\/\/bautenschutz-keul.de\/angebote\/feuchter-keller-bienenbuettel\/","title":{"rendered":"Feuchter Keller &#8211; Bienenb\u00fcttel"},"content":{"rendered":"<h3>Feuchter Keller: Schnelle Hilfe durch den Fachbetrieb!<\/h3>\n<p>Ein feuchter Keller kann gegebenenfalls ung\u00fcnstige Einfl\u00fcsse auf Befinden und Gesundheit der Hausbewohner haben. Schimmelbildung und Sporen sind nicht selten die Ursache f\u00fcr gesundheitliche Beeintr\u00e4chtigungen. Ein zus\u00e4tzlicher Anlass dem feuchten Keller zu Leibe zu r\u00fccken. Ein feuchter Keller ist eine Aufgabe f\u00fcr den Profi. Nur ein perfekt geschulter Fachmann beherrscht die passenden Anwendungen, wie ein feuchter Keller schleunigst und erfolgreich saniert werden kann. <\/p>\n<p>Ein feuchter Keller k\u00f6nnte unbehandelt zu einem schwerwiegenden Problem werden. Immobilienbesitzer sind entsprechend gut beraten, sich umfangreich \u00fcber Sanierungsm\u00f6glichkeiten zu informieren, wenn sie durchn\u00e4sste Stellen in Ihrem Keller lokalisiert haben.<br \/>\nFr\u00fch registriert, muss ein feuchter Keller nicht grunds\u00e4tzlich schwerwiegende und langwierige Instandsetzungsarbeiten zur Folge haben. Denkbare Ausl\u00f6ser gibt es einige.<\/p>\n<h3>Feuchter Keller: Fragen Sie den Sanierungsprofi!<\/h3>\n<p>Regelm\u00e4\u00dfig liegt die Ursache f\u00fcr einen feuchten Keller in einer nur mangelhaften Luftzufuhr. Auch undichte Wasserrohre d\u00fcrften der Grund f\u00fcr einen feuchten Keller sein. Solcherlei Ursachen sind erfahrungsgem\u00e4\u00df umgehend in Ordnung gebracht. Deutlich schwieriger wird es, wenn diagnostiziert wird, dass die Feuchtigkeit von au\u00dfen in den Keller dringt. Ein h\u00f6herer Grundwasserpegel f\u00fchrt z.B. dazu, dass Wasser in das Mauerwerk eindringt. Ebenfalls H\u00e4user mit Hanglage sind gef\u00e4hrdet f\u00fcr durchdringende Feuchtigkeit. Hier kann es schon mal sein, dass gr\u00f6\u00dfere Gesch\u00fctze f\u00fcr eine tiefgreifende Sanierung gew\u00e4hlt werden m\u00fcssen. Doch auch dann ist ein feuchter Keller kein unweigerliches Schicksal. Fragen Sie also am besten erst die Fachkr\u00e4fte unseres Betriebes, wenn Sie Feuchtigkeit in Ihren R\u00e4umlichkeiten gefunden haben. Bei einer Begehung direkt bei Ihnen vor Ort nehmen wir den Schaden auf und machen Ratschl\u00e4ge f\u00fcr eine nachhaltige Sanierung.<\/p>\n","protected":false},"excerpt":{"rendered":"<p>Feuchter Keller: Schnelle Hilfe durch den Fachbetrieb! Ein feuchter Keller kann gegebenenfalls ung\u00fcnstige Einfl\u00fcsse auf Befinden und Gesundheit der Hausbewohner haben. Schimmelbildung und Sporen sind nicht selten die Ursache f\u00fcr gesundheitliche Beeintr\u00e4chtigungen. Ein zus\u00e4tzlicher Anlass dem feuchten Keller zu Leibe zu r\u00fccken. Ein feuchter Keller ist eine Aufgabe f\u00fcr den Profi. Nur ein perfekt geschulter [&hellip;]<\/p>\n","protected":false},"author":1,"featured_media":0,"parent":0,"menu_order":0,"comment_status":"closed","ping_status":"closed","template":"","meta":{"footnotes":""},"class_list":["post-214","page","type-page","status-publish","hentry"],"meta_box":{"popseo_subtitel":"Feuchter Keller: Die Firma TK-Geb\u00e4udetechnik Thorsten Keul ist Ihr Partner in Bienenb\u00fcttel","popseo_subtitel2":"Feuchter Keller - Sanierung f\u00fcr Immobilienbesitzer aus Norddeutschland","popseo_lasttitel":"Feuchter Keller: Gerne beantworten wir Ihre Fragen!","popseo_region":"Bienenb\u00fcttel","popseo_sachwort":"Feuchter Keller","popseo_noupdate":"","popseo_einleitungstext":"<p>Sie haben sich mit der Bauwerksabdichtung besch\u00e4ftigt, weil Ihr Wohn- oder Gesch\u00e4ftshaus feuchte Geb\u00e4udebereiche aufweist und Sie nach M\u00f6glichkeiten einer wirkungsvollen und professionellen Sanierung Ausschau halten. Ausgezeichnet, dass Sie unsere Website entdeckt haben. Nachfolgend d\u00fcrfen wir Ihnen n\u00e4here Informationen zu unserem Leistungsspektrum geben. Sie lernen auf dieser Website unsere Firma etwas n\u00e4her kennen. <\/p>\n<p>Unser Unternehmen ist ein versierter und etablierter Handwerksbetrieb mit Gesch\u00e4ftsssitz in Brietlingen bei L\u00fcneburg. Bereits seit vielen Jahren sind wir Ihr Fachpartner f\u00fcr s\u00e4mtliche Fragen rund um die Bauwerksabdichtung. Wir setzen ausschlie\u00dflich effektive und praxisbew\u00e4hrte Sanierungsmethoden und -systeme ein. Als Fachbetrieb f\u00fcr Abdichtung und Sanierung blicken wir auf eine lange und intensive Berufserfahrung zur\u00fcck. Unsere engagierten Fachleute informieren Sie mit Vergn\u00fcgen im Detail.<\/p>","popseo_schlusstext":"<p>Sehr gerne informieren wir Sie n\u00e4her \u00fcber unser Aufgabengebiet. Wir nennen Ihnen mit Vergn\u00fcgen auch ein paar Referenzprojekte, die Ihnen einen Einblick in unsere Firment\u00e4tigkeit geben.<br \/>\nWir sind f\u00fcr Sie da. Rufen Sie uns doch rasch einmal an oder senden Sie uns eine kurze E-Mail. Wir freuen uns auf Ihre Kontaktaufnahme.<\/p>","popseo_stadttext":"<h3>Wohn- und Gewerbestandorte Bienenb\u00fcttel<\/h3>\n<p>Bienenb\u00fcttel ist eine Einheitsgemeinde am \u00f6stlichen Rand der L\u00fcneburger Heide. Juristisch z\u00e4hlt die Gemeinde zum Landkreis Uelzen. Bienenb\u00fcttel hat etwas weniger als 7.000 gemeldete B\u00fcrger und streckt sich \u00fcber ein Gesamtareal von rund 99 km\u00b2. Man erreicht man den Ort mit der Eisenbahn auf der Strecke Hamburg-Hannover und mit dem Auto \u00fcber die Bundesstra\u00dfe 4.<\/p>\n<p>Durch unsere Vertriebst\u00e4tigkeit haben wir uns einen ausgezeichneten \u00dcberblick \u00fcber die Architektur der St\u00e4dte und Gemeinden unseres Einzugsbereiches machen k\u00f6nnen. Sie kommen aus Bienenb\u00fcttel und sind hier im World Wide Web auf unsere Homepage gesto\u00dfen? Das finden wir toll. Sehr gerne pr\u00e4sentieren wir Ihnen unser komplettes Leistungsspektrum und beantworten Ihre Fragen. Wir freuen uns darauf, mit Ihnen ins Gespr\u00e4ch zu treten. <\/p>\n<h3>Ein paar Fakten \u00fcber Bienenb\u00fcttel<\/h3>\n<p>Bienenb\u00fcttel ist eine Pendlergemeinde. Sehr viele Einwohner arbeiten in der Metropole Hamburg, in L\u00fcneburg oder Uelzen, sch\u00e4tzen allerdings Bienenb\u00fcttel als Wohnstatt und Lebensmittelpunkt. Der ansehnliche nieders\u00e4chsische Ort ist eine im Hier und Heute stehende und dynamische Gemeinde mit einer ansprechenden Baustruktur und attraktiven Wohnquartieren. Naturfreunde m\u00f6gen besonders die umliegenden Naherholungsgebiete der L\u00fcneburger Heide. Die zahlreichen Naturschutzgebiete laden zu l\u00e4ngeren Exkursionen ein.<\/p>\n<h4>Hohe Qualit\u00e4t f\u00fcr Kunden aus Bienenb\u00fcttel<\/h4>\n<p>Sie leben in Bienenb\u00fcttel oder Umgebung und interessieren sich f\u00fcr unser Leistungsangebot. Prima, dass Sie uns hier auf dieser Website entdeckt haben. F\u00fcr R\u00fcckfragen sind wir jederzeit f\u00fcr Sie da. Auf Ihre Anfragen freuen wir uns.<\/p>","popseo_zusatztext":"<h3>Erstklassiges Sanieren ist uns wichtig<\/h3>\n<p>Sie planen eine Wand, einen Keller oder gar ein gesamtes Geb\u00e4ude zu sanieren? Super, denn da sind Sie bei uns exakt an der passenden Stelle. Wir sind Ihr erfahrener Partner f\u00fcr alle Fragen rund um das Sanieren von H\u00e4usern.  Ob nasse Keller, nasse Mauern oder die Sanierung ausgedehnter N\u00e4ssesch\u00e4den: Als spezialisierte Fachfirma z\u00e4hlt das Sanieren zu unseren t\u00e4glichen Aufgaben. Wir gehen der Schadensursache sorgf\u00e4ltig auf den Grund. Vor der eigentlichen Sanierung muss auf jeden Fall die Ursachenfindung stehen. Nur wenn man den richtigen Grund f\u00fcr einen entstandenen Schadensfall kennt, kann man selbstverst\u00e4ndlich erst mit dem Sanieren starten. Auch erkennt man erst nach einer detaillierten Begutachtung das Ausma\u00df, den das Sanieren eines Geb\u00e4udes in Anspruch nehmen wird.<\/p>\n<p>Verabreden Sie doch kurzerhand einmal einen unverbindlichen Termin mit einem unserer gut ausgebildeten Fachleute. Anruf oder e-Mail reichen aus! Bei einer Begutachtung direkt vor Ort nehmen wir die M\u00e4ngel auf und unterbreiten Vorschl\u00e4ge f\u00fcr das passende Sanieren. So viel wie erforderlich, so wenig wie m\u00f6glich: Auch \u00f6konomische Betrachtungen flie\u00dfen in unsere Entscheidungsfindung f\u00fcr das Sanieren Ihres Geb\u00e4udes mit ein. <\/p>\n<h4>Sanieren: Beste Arbeit durch den Fachbetrieb<\/h4>\n<p>Nat\u00fcrlich f\u00fchren unsere routinierten Fachkr\u00e4fte alle notwendigen T\u00e4tigkeiten, die zum Sanieren geh\u00f6ren z\u00fcgig und zuverl\u00e4ssig aus. Unser Betrieb ist seit einigen Jahren f\u00fcr eine hohe Fachkompetenz beim Sanieren bekannt. Der Reparatur von Wohn- und Gesch\u00e4ftsh\u00e4usern haben wir uns gewidmet. Vertrauen Sie auf Erfahrung und \u00fcbertragen Sie das Sanieren Ihrer Immobilie unserem Fachbetrieb. Wir freuen uns darauf, auch Ihnen helfen zu d\u00fcrfen.<\/p>","popseo_links":"<a href=\"https:\/\/bautenschutz-keul.de\/angebote\/kellersanierung-stelle\/\">Kellersanierung Stelle<\/a>, <a href=\"https:\/\/bautenschutz-keul.de\/angebote\/schimmel-amelinghausen\/\">Schimmel Amelinghausen<\/a>, <a href=\"https:\/\/bautenschutz-keul.de\/angebote\/bauwerksabdichtung-tostedt-sittensen\/\">Bauwerksabdichtung Tostedt Sittensen<\/a>, <a href=\"https:\/\/bautenschutz-keul.de\/angebote\/horizontalsperre-winsen-luhe\/\">Horizontalsperre Winsen Luhe<\/a>, <a href=\"https:\/\/bautenschutz-keul.de\/angebote\/schimmelsanierung-buechen\/\">Schimmelsanierung B\u00fcchen<\/a>, <a href=\"https:\/\/bautenschutz-keul.de\/angebote\/feuchtigkeitsschaden-hanstedt\/\">Feuchtigkeitsschaden Hanstedt<\/a>, <a href=\"https:\/\/bautenschutz-keul.de\/angebote\/schimmelsanierung-herzogtum-lauenburg\/\">Schimmelsanierung Herzogtum Lauenburg<\/a>, <a href=\"https:\/\/bautenschutz-keul.de\/angebote\/feuchte-mauer-bispingen\/\">Feuchte Mauer Bispingen<\/a>, <a href=\"https:\/\/bautenschutz-keul.de\/angebote\/bauwerksabdichtung-herzogtum-lauenburg\/\">Bauwerksabdichtung Herzogtum Lauenburg<\/a>, <a href=\"https:\/\/bautenschutz-keul.de\/angebote\/bauwerksabdichtung-bardowick\/\">Bauwerksabdichtung Bardowick<\/a>, <a href=\"https:\/\/bautenschutz-keul.de\/angebote\/aufsteigende-feuchtigkeit-glinde-sachsenwald\/\">aufsteigende Feuchtigkeit Glinde Sachsenwald<\/a>, <a href=\"https:\/\/bautenschutz-keul.de\/angebote\/kellersanierung-brietlingen\/\">Kellersanierung Brietlingen<\/a>, <a href=\"https:\/\/bautenschutz-keul.de\/angebote\/feuchte-wand-schwarzenbek\/\">Feuchte Wand Schwarzenbek<\/a>, <a href=\"https:\/\/bautenschutz-keul.de\/angebote\/kellersanierung-buchholz-in-der-nordheide\/\">Kellersanierung Buchholz in der Nordheide<\/a>, <a href=\"https:\/\/bautenschutz-keul.de\/angebote\/feuchte-wand-ebstorf\/\">Feuchte Wand Ebstorf<\/a>, <a href=\"https:\/\/bautenschutz-keul.de\/angebote\/rissverpressung-bergedorf-wentorf\/\">Rissverpressung Bergedorf Wentorf<\/a>, <a href=\"https:\/\/bautenschutz-keul.de\/angebote\/bauwerksabdichtung-seevetal-rosengarten\/\">Bauwerksabdichtung Seevetal Rosengarten<\/a>, <a href=\"https:\/\/bautenschutz-keul.de\/angebote\/rissverpressung-uelzen\/\">Rissverpressung Uelzen<\/a>, <a href=\"https:\/\/bautenschutz-keul.de\/angebote\/feuchte-mauer-bad-bevensen\/\">Feuchte Mauer Bad Bevensen<\/a>, <a href=\"https:\/\/bautenschutz-keul.de\/angebote\/schimmelsanierung-uelzen\/\">Schimmelsanierung Uelzen<\/a>, <a href=\"https:\/\/bautenschutz-keul.de\/angebote\/rissverpressung-bienenbuettel\/\">Rissverpressung Bienenb\u00fcttel<\/a>, <a href=\"https:\/\/bautenschutz-keul.de\/angebote\/kellertrockenlegung-bad-bevensen\/\">Kellertrockenlegung Bad Bevensen<\/a>, <a href=\"https:\/\/bautenschutz-keul.de\/angebote\/schimmel-amt-neuhaus\/\">Schimmel Amt Neuhaus<\/a>, <a href=\"https:\/\/bautenschutz-keul.de\/angebote\/feuchte-wand-stelle\/\">Feuchte Wand Stelle<\/a>, <a href=\"https:\/\/bautenschutz-keul.de\/angebote\/kellerabdichtung-amelinghausen\/\">Kellerabdichtung Amelinghausen<\/a>, <a href=\"https:\/\/bautenschutz-keul.de\/angebote\/bauwerksabdichtung-geesthacht\/\">Bauwerksabdichtung Geesthacht<\/a>, <a href=\"https:\/\/bautenschutz-keul.de\/angebote\/schimmelsanierung-brietlingen\/\">Schimmelsanierung Brietlingen<\/a>, <a href=\"https:\/\/bautenschutz-keul.de\/angebote\/aussenabdichtung-maschen\/\">Au\u00dfenabdichtung Maschen<\/a>, <a href=\"https:\/\/bautenschutz-keul.de\/angebote\/schimmelsanierung-bardowick\/\">Schimmelsanierung Bardowick<\/a>, <a href=\"https:\/\/bautenschutz-keul.de\/angebote\/schimmel-herzogtum-lauenburg\/\">Schimmel Herzogtum Lauenburg<\/a>"},"_links":{"self":[{"href":"https:\/\/bautenschutz-keul.de\/angebote\/wp-json\/wp\/v2\/pages\/214","targetHints":{"allow":["GET"]}}],"collection":[{"href":"https:\/\/bautenschutz-keul.de\/angebote\/wp-json\/wp\/v2\/pages"}],"about":[{"href":"https:\/\/bautenschutz-keul.de\/angebote\/wp-json\/wp\/v2\/types\/page"}],"author":[{"embeddable":true,"href":"https:\/\/bautenschutz-keul.de\/angebote\/wp-json\/wp\/v2\/users\/1"}],"replies":[{"embeddable":true,"href":"https:\/\/bautenschutz-keul.de\/angebote\/wp-json\/wp\/v2\/comments?post=214"}],"version-history":[{"count":0,"href":"https:\/\/bautenschutz-keul.de\/angebote\/wp-json\/wp\/v2\/pages\/214\/revisions"}],"wp:attachment":[{"href":"https:\/\/bautenschutz-keul.de\/angebote\/wp-json\/wp\/v2\/media?parent=214"}],"curies":[{"name":"wp","href":"https:\/\/api.w.org\/{rel}","templated":true}]}}